{"id":7906,"date":"2024-04-03T09:02:05","date_gmt":"2024-04-03T09:02:05","guid":{"rendered":"https:\/\/riseandwarm.com\/?post_type=product&#038;p=7906"},"modified":"2025-11-29T10:47:21","modified_gmt":"2025-11-29T10:47:21","slug":"sirocco-dress","status":"publish","type":"product","link":"https:\/\/riseandwarm.com\/tr\/urun\/sirocco-dress\/","title":{"rendered":"Sirocco Dress"},"content":{"rendered":"<p>The Sirocco dress embodies an air of nocturnal elegance, perfect for those evenings where a touch of glamour is essential. Crafted from a sumptuous blend of silk and viscose, it falls beautifully on the body, promising both comfort and sophistication. The thoughtful integration of sheer tulle inserts adds a contemporary edge to the timeless black dress, offering fleeting glimpses of skin and creating an aura of mystique. With its flowing lines and discreet charm, the Sirocco is designed to make a statement without saying a word. An ideal choice for an upscale dinner or a sophisticated soir\u00e9e, this dress ensures you will be remembered long after the night ends. Each piece is a testament to Rise and Warm&#8217;s commitment to luxury and contemporary design.<\/p>\n<p>Model : HEIGHT 176 \/ BUST 81 \/ WAIST 64 \/ HIPS 89<\/p>\n<p>-TR<br \/>\nSirocco elbisesi, gece \u015f\u0131kl\u0131\u011f\u0131na zarif bir dokunu\u015f katmak i\u00e7in tasarland\u0131; ipek ve viskon kar\u0131\u015f\u0131m\u0131 l\u00fcks kuma\u015f\u0131 ile bedene m\u00fckemmel uyum sa\u011flayarak hem konfor hem de zarafet vaat ediyor. Zaman\u0131n \u00f6tesinde bir klasik olan siyah elbiseye \u00e7a\u011fda\u015f bir hava katmak i\u00e7in d\u00fc\u015f\u00fcn\u00fclm\u00fc\u015f olan t\u00fcl detaylar, cildin hafif\u00e7e g\u00f6z\u00fckmesini sa\u011flayarak gizemli bir aura yarat\u0131yor. Ak\u0131c\u0131 hatlar\u0131 ve \u00f6l\u00e7\u00fcl\u00fc cazibesiyle Sirocco, kelime sarf etmeden iddias\u0131n\u0131 ortaya koyuyor. \u015e\u0131k bir ak\u015fam yeme\u011fi ya da sofistike bir davet i\u00e7in ideal olan bu elbise, gece bittikten sonra bile haf\u0131zalarda yer etmenizi sa\u011flayacak. Her bir par\u00e7a, Rise and Warm&#8217;\u0131n l\u00fckse ve \u00e7a\u011fda\u015f tasar\u0131ma olan ba\u011fl\u0131l\u0131\u011f\u0131n\u0131n bir ifadesidir.<\/p>\n","protected":false},"excerpt":{"rendered":"<p>The Sirocco dress embodies an air of nocturnal elegance, perfect for those evenings where a touch of glamour is essential.<\/p>\n","protected":false},"featured_media":7919,"template":"","meta":[],"product_brand":[],"product_cat":[106,383,273],"product_tag":[],"class_list":{"0":"post-7906","1":"product","2":"type-product","3":"status-publish","4":"has-post-thumbnail","6":"product_cat-elbise-modelleri","7":"product_cat-gece-elbiseleri","8":"product_cat-ozel-fiyatlar","10":"first","11":"instock","12":"sale","13":"shipping-taxable","14":"purchasable","15":"product-type-simple"},"yoast_head":"<!-- This site is optimized with the Yoast SEO plugin v27.4 - https:\/\/yoast.com\/product\/yoast-seo-wordpress\/ -->\n<title>Sirocco Dress - Rise &amp; Warm<\/title>\n<meta name=\"description\" content=\"Sirocco Dress ve di\u011fer t\u00fcm \u00fcr\u00fcnlerimiz i\u00e7in Rise &amp; Warm adresini hemen ziyaret edin. H\u0131zl\u0131 kargo ve g\u00fcvenli al\u0131\u015fveri\u015f!\" \/>\n<meta name=\"robots\" content=\"index, follow, max-snippet:-1, max-image-preview:large, max-video-preview:-1\" \/>\n<link rel=\"canonical\" href=\"https:\/\/riseandwarm.com\/tr\/urun\/sirocco-dress\/\" \/>\n<meta property=\"og:locale\" content=\"tr_TR\" \/>\n<meta property=\"og:type\" content=\"article\" \/>\n<meta property=\"og:title\" content=\"Sirocco Dress - Rise &amp; Warm\" \/>\n<meta property=\"og:description\" content=\"Sirocco Dress ve di\u011fer t\u00fcm \u00fcr\u00fcnlerimiz i\u00e7in Rise &amp; Warm adresini hemen ziyaret edin. H\u0131zl\u0131 kargo ve g\u00fcvenli al\u0131\u015fveri\u015f!\" \/>\n<meta property=\"og:url\" content=\"https:\/\/riseandwarm.com\/tr\/urun\/sirocco-dress\/\" \/>\n<meta property=\"og:site_name\" content=\"Rise | Warm\" \/>\n<meta property=\"article:modified_time\" content=\"2025-11-29T10:47:21+00:00\" \/>\n<meta property=\"og:image\" content=\"https:\/\/riseandwarm.com\/wp-content\/uploads\/2024\/04\/EleganceRopeKemerKahve-Imaj1.jpg\" \/>\n\t<meta property=\"og:image:width\" content=\"1000\" \/>\n\t<meta property=\"og:image:height\" content=\"1500\" \/>\n\t<meta property=\"og:image:type\" content=\"image\/jpeg\" \/>\n<meta name=\"twitter:card\" content=\"summary_large_image\" \/>\n<meta name=\"twitter:label1\" content=\"Tahmini okuma s\u00fcresi\" \/>\n\t<meta name=\"twitter:data1\" content=\"2 dakika\" \/>\n<script type=\"application\/ld+json\" class=\"yoast-schema-graph\">{\"@context\":\"https:\\\/\\\/schema.org\",\"@graph\":[{\"@type\":\"WebPage\",\"@id\":\"https:\\\/\\\/riseandwarm.com\\\/tr\\\/urun\\\/sirocco-dress\\\/\",\"url\":\"https:\\\/\\\/riseandwarm.com\\\/tr\\\/urun\\\/sirocco-dress\\\/\",\"name\":\"Sirocco Dress - Rise & Warm\",\"isPartOf\":{\"@id\":\"https:\\\/\\\/riseandwarm.com\\\/tr\\\/#website\"},\"primaryImageOfPage\":{\"@id\":\"https:\\\/\\\/riseandwarm.com\\\/tr\\\/urun\\\/sirocco-dress\\\/#primaryimage\"},\"image\":{\"@id\":\"https:\\\/\\\/riseandwarm.com\\\/tr\\\/urun\\\/sirocco-dress\\\/#primaryimage\"},\"thumbnailUrl\":\"https:\\\/\\\/riseandwarm.com\\\/wp-content\\\/uploads\\\/2024\\\/04\\\/EleganceRopeKemerKahve-Imaj1.jpg\",\"datePublished\":\"2024-04-03T09:02:05+00:00\",\"dateModified\":\"2025-11-29T10:47:21+00:00\",\"description\":\"Sirocco Dress ve di\u011fer t\u00fcm \u00fcr\u00fcnlerimiz i\u00e7in Rise & Warm adresini hemen ziyaret edin. H\u0131zl\u0131 kargo ve g\u00fcvenli al\u0131\u015fveri\u015f!\",\"breadcrumb\":{\"@id\":\"https:\\\/\\\/riseandwarm.com\\\/tr\\\/urun\\\/sirocco-dress\\\/#breadcrumb\"},\"inLanguage\":\"tr\",\"potentialAction\":[{\"@type\":\"ReadAction\",\"target\":[\"https:\\\/\\\/riseandwarm.com\\\/tr\\\/urun\\\/sirocco-dress\\\/\"]}]},{\"@type\":\"ImageObject\",\"inLanguage\":\"tr\",\"@id\":\"https:\\\/\\\/riseandwarm.com\\\/tr\\\/urun\\\/sirocco-dress\\\/#primaryimage\",\"url\":\"https:\\\/\\\/riseandwarm.com\\\/wp-content\\\/uploads\\\/2024\\\/04\\\/EleganceRopeKemerKahve-Imaj1.jpg\",\"contentUrl\":\"https:\\\/\\\/riseandwarm.com\\\/wp-content\\\/uploads\\\/2024\\\/04\\\/EleganceRopeKemerKahve-Imaj1.jpg\",\"width\":1000,\"height\":1500},{\"@type\":\"BreadcrumbList\",\"@id\":\"https:\\\/\\\/riseandwarm.com\\\/tr\\\/urun\\\/sirocco-dress\\\/#breadcrumb\",\"itemListElement\":[{\"@type\":\"ListItem\",\"position\":1,\"name\":\"Home\",\"item\":\"https:\\\/\\\/riseandwarm.com\\\/tr\\\/\"},{\"@type\":\"ListItem\",\"position\":2,\"name\":\"Ma\u011faza\",\"item\":\"https:\\\/\\\/riseandwarm.com\\\/tr\\\/magaza\\\/\"},{\"@type\":\"ListItem\",\"position\":3,\"name\":\"Sirocco Dress\"}]},{\"@type\":\"WebSite\",\"@id\":\"https:\\\/\\\/riseandwarm.com\\\/tr\\\/#website\",\"url\":\"https:\\\/\\\/riseandwarm.com\\\/tr\\\/\",\"name\":\"Rise | Warm\",\"description\":\"Free your self\",\"potentialAction\":[{\"@type\":\"SearchAction\",\"target\":{\"@type\":\"EntryPoint\",\"urlTemplate\":\"https:\\\/\\\/riseandwarm.com\\\/tr\\\/?s={search_term_string}\"},\"query-input\":{\"@type\":\"PropertyValueSpecification\",\"valueRequired\":true,\"valueName\":\"search_term_string\"}}],\"inLanguage\":\"tr\"}]}<\/script>\n<!-- \/ Yoast SEO plugin. -->","yoast_head_json":{"title":"Sirocco Dress - Rise & Warm","description":"Sirocco Dress ve di\u011fer t\u00fcm \u00fcr\u00fcnlerimiz i\u00e7in Rise & Warm adresini hemen ziyaret edin. H\u0131zl\u0131 kargo ve g\u00fcvenli al\u0131\u015fveri\u015f!","robots":{"index":"index","follow":"follow","max-snippet":"max-snippet:-1","max-image-preview":"max-image-preview:large","max-video-preview":"max-video-preview:-1"},"canonical":"https:\/\/riseandwarm.com\/tr\/urun\/sirocco-dress\/","og_locale":"tr_TR","og_type":"article","og_title":"Sirocco Dress - Rise & Warm","og_description":"Sirocco Dress ve di\u011fer t\u00fcm \u00fcr\u00fcnlerimiz i\u00e7in Rise & Warm adresini hemen ziyaret edin. H\u0131zl\u0131 kargo ve g\u00fcvenli al\u0131\u015fveri\u015f!","og_url":"https:\/\/riseandwarm.com\/tr\/urun\/sirocco-dress\/","og_site_name":"Rise | Warm","article_modified_time":"2025-11-29T10:47:21+00:00","og_image":[{"width":1000,"height":1500,"url":"https:\/\/riseandwarm.com\/wp-content\/uploads\/2024\/04\/EleganceRopeKemerKahve-Imaj1.jpg","type":"image\/jpeg"}],"twitter_card":"summary_large_image","twitter_misc":{"Tahmini okuma s\u00fcresi":"2 dakika"},"schema":{"@context":"https:\/\/schema.org","@graph":[{"@type":"WebPage","@id":"https:\/\/riseandwarm.com\/tr\/urun\/sirocco-dress\/","url":"https:\/\/riseandwarm.com\/tr\/urun\/sirocco-dress\/","name":"Sirocco Dress - Rise & Warm","isPartOf":{"@id":"https:\/\/riseandwarm.com\/tr\/#website"},"primaryImageOfPage":{"@id":"https:\/\/riseandwarm.com\/tr\/urun\/sirocco-dress\/#primaryimage"},"image":{"@id":"https:\/\/riseandwarm.com\/tr\/urun\/sirocco-dress\/#primaryimage"},"thumbnailUrl":"https:\/\/riseandwarm.com\/wp-content\/uploads\/2024\/04\/EleganceRopeKemerKahve-Imaj1.jpg","datePublished":"2024-04-03T09:02:05+00:00","dateModified":"2025-11-29T10:47:21+00:00","description":"Sirocco Dress ve di\u011fer t\u00fcm \u00fcr\u00fcnlerimiz i\u00e7in Rise & Warm adresini hemen ziyaret edin. H\u0131zl\u0131 kargo ve g\u00fcvenli al\u0131\u015fveri\u015f!","breadcrumb":{"@id":"https:\/\/riseandwarm.com\/tr\/urun\/sirocco-dress\/#breadcrumb"},"inLanguage":"tr","potentialAction":[{"@type":"ReadAction","target":["https:\/\/riseandwarm.com\/tr\/urun\/sirocco-dress\/"]}]},{"@type":"ImageObject","inLanguage":"tr","@id":"https:\/\/riseandwarm.com\/tr\/urun\/sirocco-dress\/#primaryimage","url":"https:\/\/riseandwarm.com\/wp-content\/uploads\/2024\/04\/EleganceRopeKemerKahve-Imaj1.jpg","contentUrl":"https:\/\/riseandwarm.com\/wp-content\/uploads\/2024\/04\/EleganceRopeKemerKahve-Imaj1.jpg","width":1000,"height":1500},{"@type":"BreadcrumbList","@id":"https:\/\/riseandwarm.com\/tr\/urun\/sirocco-dress\/#breadcrumb","itemListElement":[{"@type":"ListItem","position":1,"name":"Home","item":"https:\/\/riseandwarm.com\/tr\/"},{"@type":"ListItem","position":2,"name":"Ma\u011faza","item":"https:\/\/riseandwarm.com\/tr\/magaza\/"},{"@type":"ListItem","position":3,"name":"Sirocco Dress"}]},{"@type":"WebSite","@id":"https:\/\/riseandwarm.com\/tr\/#website","url":"https:\/\/riseandwarm.com\/tr\/","name":"Rise | Warm","description":"Free your self","potentialAction":[{"@type":"SearchAction","target":{"@type":"EntryPoint","urlTemplate":"https:\/\/riseandwarm.com\/tr\/?s={search_term_string}"},"query-input":{"@type":"PropertyValueSpecification","valueRequired":true,"valueName":"search_term_string"}}],"inLanguage":"tr"}]}},"_links":{"self":[{"href":"https:\/\/riseandwarm.com\/tr\/wp-json\/wp\/v2\/product\/7906","targetHints":{"allow":["GET"]}}],"collection":[{"href":"https:\/\/riseandwarm.com\/tr\/wp-json\/wp\/v2\/product"}],"about":[{"href":"https:\/\/riseandwarm.com\/tr\/wp-json\/wp\/v2\/types\/product"}],"version-history":[{"count":3,"href":"https:\/\/riseandwarm.com\/tr\/wp-json\/wp\/v2\/product\/7906\/revisions"}],"predecessor-version":[{"id":23109,"href":"https:\/\/riseandwarm.com\/tr\/wp-json\/wp\/v2\/product\/7906\/revisions\/23109"}],"wp:featuredmedia":[{"embeddable":true,"href":"https:\/\/riseandwarm.com\/tr\/wp-json\/wp\/v2\/media\/7919"}],"wp:attachment":[{"href":"https:\/\/riseandwarm.com\/tr\/wp-json\/wp\/v2\/media?parent=7906"}],"wp:term":[{"taxonomy":"product_brand","embeddable":true,"href":"https:\/\/riseandwarm.com\/tr\/wp-json\/wp\/v2\/product_brand?post=7906"},{"taxonomy":"product_cat","embeddable":true,"href":"https:\/\/riseandwarm.com\/tr\/wp-json\/wp\/v2\/product_cat?post=7906"},{"taxonomy":"product_tag","embeddable":true,"href":"https:\/\/riseandwarm.com\/tr\/wp-json\/wp\/v2\/product_tag?post=7906"}],"curies":[{"name":"wp","href":"https:\/\/api.w.org\/{rel}","templated":true}]}}