{"id":7877,"date":"2024-03-28T16:43:00","date_gmt":"2024-03-28T16:43:00","guid":{"rendered":"https:\/\/riseandwarm.com\/?post_type=product&#038;p=7877"},"modified":"2026-03-12T20:55:58","modified_gmt":"2026-03-12T20:55:58","slug":"serenity-shirt-dress","status":"publish","type":"product","link":"https:\/\/riseandwarm.com\/tr\/urun\/serenity-shirt-dress\/","title":{"rendered":"Serenity Shirt Dress"},"content":{"rendered":"<p>&#8220;Serenity&#8221; Simple and Elegant<br \/>\nThe &#8220;Serenity&#8221; model offers a perfect blend of elegance and comfort. Its long-sleeve design and belt detail at the waist create a feminine silhouette, while the button-down front and adjustable slit detail allow for personalized styling options. The lightweight and comfortable feel of the 100% cotton shirt fabric ensures all-day comfort. Suitable for all body types from XS to L, &#8220;Serenity&#8221; is ideal for both everyday wear and special occasions.<\/p>\n<p>&#8220;Serenity&#8221; is destined to become an indispensable part of your wardrobe with its natural texture and striking design. It&#8217;s crafted to add elegance and comfort to every moment of your day.<\/p>\n<p>Fabric and Care Features:<br \/>\n* Fabric: 100% cotton shirt fabric, notable for its natural feel and lightness.<br \/>\n* Finishing Process: Resistant to wrinkling, provides protection for up to a minimum of 5 washes.<br \/>\n* Care: Dry cleaning is recommended to maintain the dress&#8217;s shape and quality.<\/p>\n<p>Model : HEIGHT 172 \/ BUST 83 \/ WAIST 62 \/ HIPS 91M<\/p>\n<p>Length : 135 cm<\/p>\n<p>-TR<br \/>\n&#8220;Serenity&#8221; Sade ve Zarif<br \/>\n&#8220;Serenity&#8221; modeli, zarafetin ve konforun m\u00fckemmel birle\u015fimini sunuyor. Uzun kollu tasar\u0131m ve beldeki kemer detay\u0131, feminen bir siluet olu\u015ftururken, \u00f6n k\u0131sm\u0131ndaki d\u00fc\u011fmeler ve ayarlanabilir y\u0131rtma\u00e7 detay\u0131, giyenin tercihine g\u00f6re farkl\u0131 bir stil olu\u015fturma imkan\u0131 tan\u0131yor. %100 pamuk g\u00f6mlek kuma\u015f\u0131n\u0131n sundu\u011fu hafiflik ve rahatl\u0131k, g\u00fcn boyu konfor sa\u011flar. XS&#8217;ten L&#8217;ye her bedene uyum sa\u011flayan &#8220;Serenity&#8221;, hem g\u00fcnl\u00fck kullan\u0131m hem de \u00f6zel g\u00fcnler i\u00e7in idealdir.<\/p>\n<p>&#8220;Serenity&#8221;, do\u011fal dokusu ve dikkat \u00e7ekici tasar\u0131m\u0131yla gard\u0131robunuzun vazge\u00e7ilmez bir par\u00e7as\u0131 olacak. Her an\u0131n\u0131za zarafet ve rahatl\u0131k katmak i\u00e7in tasarland\u0131.<\/p>\n<p>Kuma\u015f ve Bak\u0131m \u00d6zellikleri:<br \/>\n* Kuma\u015f: %100 pamuk g\u00f6mlek kuma\u015f\u0131, do\u011fal hissiyat\u0131 ve hafifli\u011fi ile dikkat \u00e7eker.<br \/>\n* Apre \u0130\u015flemi: K\u0131r\u0131\u015f\u0131kl\u0131\u011fa kar\u015f\u0131 diren\u00e7li, minimum 5 y\u0131kamaya kadar koruma sa\u011flar.<br \/>\n* Bak\u0131m: Elbisenin formunu ve kalitesini korumak i\u00e7in kuru temizleme \u00f6nerilir.<\/p>\n","protected":false},"excerpt":{"rendered":"<p>&#8220;Serenity&#8221; Simple and Elegant The &#8220;Serenity&#8221; model offers a perfect blend of elegance and comfort. Its long-sleeve design and belt<\/p>\n","protected":false},"featured_media":7874,"template":"","meta":[],"product_brand":[],"product_cat":[106,382],"product_tag":[],"class_list":{"0":"post-7877","1":"product","2":"type-product","3":"status-publish","4":"has-post-thumbnail","6":"product_cat-elbise-modelleri","7":"product_cat-gomlek-elbiseler","9":"first","10":"instock","11":"sale","12":"shipping-taxable","13":"purchasable","14":"product-type-simple"},"yoast_head":"<!-- This site is optimized with the Yoast SEO plugin v27.4 - https:\/\/yoast.com\/product\/yoast-seo-wordpress\/ -->\n<title>Serenity Shirt Dress - Rise &amp; Warm<\/title>\n<meta name=\"description\" content=\"Serenity Shirt Dress ve di\u011fer t\u00fcm \u00fcr\u00fcnlerimiz i\u00e7in Rise &amp; Warm adresini hemen ziyaret edin. H\u0131zl\u0131 kargo ve g\u00fcvenli al\u0131\u015fveri\u015f!\" \/>\n<meta name=\"robots\" content=\"index, follow, max-snippet:-1, max-image-preview:large, max-video-preview:-1\" \/>\n<link rel=\"canonical\" href=\"https:\/\/riseandwarm.com\/tr\/urun\/serenity-shirt-dress\/\" \/>\n<meta property=\"og:locale\" content=\"tr_TR\" \/>\n<meta property=\"og:type\" content=\"article\" \/>\n<meta property=\"og:title\" content=\"Serenity Shirt Dress - Rise &amp; Warm\" \/>\n<meta property=\"og:description\" content=\"Serenity Shirt Dress ve di\u011fer t\u00fcm \u00fcr\u00fcnlerimiz i\u00e7in Rise &amp; Warm adresini hemen ziyaret edin. H\u0131zl\u0131 kargo ve g\u00fcvenli al\u0131\u015fveri\u015f!\" \/>\n<meta property=\"og:url\" content=\"https:\/\/riseandwarm.com\/tr\/urun\/serenity-shirt-dress\/\" \/>\n<meta property=\"og:site_name\" content=\"Rise | Warm\" \/>\n<meta property=\"article:modified_time\" content=\"2026-03-12T20:55:58+00:00\" \/>\n<meta property=\"og:image\" content=\"https:\/\/riseandwarm.com\/wp-content\/uploads\/2024\/03\/SerenityDress6.jpeg\" \/>\n\t<meta property=\"og:image:width\" content=\"1000\" \/>\n\t<meta property=\"og:image:height\" content=\"1500\" \/>\n\t<meta property=\"og:image:type\" content=\"image\/jpeg\" \/>\n<meta name=\"twitter:card\" content=\"summary_large_image\" \/>\n<meta name=\"twitter:label1\" content=\"Tahmini okuma s\u00fcresi\" \/>\n\t<meta name=\"twitter:data1\" content=\"2 dakika\" \/>\n<script type=\"application\/ld+json\" class=\"yoast-schema-graph\">{\"@context\":\"https:\\\/\\\/schema.org\",\"@graph\":[{\"@type\":\"WebPage\",\"@id\":\"https:\\\/\\\/riseandwarm.com\\\/tr\\\/urun\\\/serenity-shirt-dress\\\/\",\"url\":\"https:\\\/\\\/riseandwarm.com\\\/tr\\\/urun\\\/serenity-shirt-dress\\\/\",\"name\":\"Serenity Shirt Dress - Rise & Warm\",\"isPartOf\":{\"@id\":\"https:\\\/\\\/riseandwarm.com\\\/tr\\\/#website\"},\"primaryImageOfPage\":{\"@id\":\"https:\\\/\\\/riseandwarm.com\\\/tr\\\/urun\\\/serenity-shirt-dress\\\/#primaryimage\"},\"image\":{\"@id\":\"https:\\\/\\\/riseandwarm.com\\\/tr\\\/urun\\\/serenity-shirt-dress\\\/#primaryimage\"},\"thumbnailUrl\":\"https:\\\/\\\/riseandwarm.com\\\/wp-content\\\/uploads\\\/2024\\\/03\\\/SerenityDress6.jpeg\",\"datePublished\":\"2024-03-28T16:43:00+00:00\",\"dateModified\":\"2026-03-12T20:55:58+00:00\",\"description\":\"Serenity Shirt Dress ve di\u011fer t\u00fcm \u00fcr\u00fcnlerimiz i\u00e7in Rise & Warm adresini hemen ziyaret edin. H\u0131zl\u0131 kargo ve g\u00fcvenli al\u0131\u015fveri\u015f!\",\"breadcrumb\":{\"@id\":\"https:\\\/\\\/riseandwarm.com\\\/tr\\\/urun\\\/serenity-shirt-dress\\\/#breadcrumb\"},\"inLanguage\":\"tr\",\"potentialAction\":[{\"@type\":\"ReadAction\",\"target\":[\"https:\\\/\\\/riseandwarm.com\\\/tr\\\/urun\\\/serenity-shirt-dress\\\/\"]}]},{\"@type\":\"ImageObject\",\"inLanguage\":\"tr\",\"@id\":\"https:\\\/\\\/riseandwarm.com\\\/tr\\\/urun\\\/serenity-shirt-dress\\\/#primaryimage\",\"url\":\"https:\\\/\\\/riseandwarm.com\\\/wp-content\\\/uploads\\\/2024\\\/03\\\/SerenityDress6.jpeg\",\"contentUrl\":\"https:\\\/\\\/riseandwarm.com\\\/wp-content\\\/uploads\\\/2024\\\/03\\\/SerenityDress6.jpeg\",\"width\":1000,\"height\":1500},{\"@type\":\"BreadcrumbList\",\"@id\":\"https:\\\/\\\/riseandwarm.com\\\/tr\\\/urun\\\/serenity-shirt-dress\\\/#breadcrumb\",\"itemListElement\":[{\"@type\":\"ListItem\",\"position\":1,\"name\":\"Home\",\"item\":\"https:\\\/\\\/riseandwarm.com\\\/tr\\\/\"},{\"@type\":\"ListItem\",\"position\":2,\"name\":\"Ma\u011faza\",\"item\":\"https:\\\/\\\/riseandwarm.com\\\/tr\\\/magaza\\\/\"},{\"@type\":\"ListItem\",\"position\":3,\"name\":\"Serenity Shirt Dress\"}]},{\"@type\":\"WebSite\",\"@id\":\"https:\\\/\\\/riseandwarm.com\\\/tr\\\/#website\",\"url\":\"https:\\\/\\\/riseandwarm.com\\\/tr\\\/\",\"name\":\"Rise | Warm\",\"description\":\"Free your self\",\"potentialAction\":[{\"@type\":\"SearchAction\",\"target\":{\"@type\":\"EntryPoint\",\"urlTemplate\":\"https:\\\/\\\/riseandwarm.com\\\/tr\\\/?s={search_term_string}\"},\"query-input\":{\"@type\":\"PropertyValueSpecification\",\"valueRequired\":true,\"valueName\":\"search_term_string\"}}],\"inLanguage\":\"tr\"}]}<\/script>\n<!-- \/ Yoast SEO plugin. -->","yoast_head_json":{"title":"Serenity Shirt Dress - Rise & Warm","description":"Serenity Shirt Dress ve di\u011fer t\u00fcm \u00fcr\u00fcnlerimiz i\u00e7in Rise & Warm adresini hemen ziyaret edin. H\u0131zl\u0131 kargo ve g\u00fcvenli al\u0131\u015fveri\u015f!","robots":{"index":"index","follow":"follow","max-snippet":"max-snippet:-1","max-image-preview":"max-image-preview:large","max-video-preview":"max-video-preview:-1"},"canonical":"https:\/\/riseandwarm.com\/tr\/urun\/serenity-shirt-dress\/","og_locale":"tr_TR","og_type":"article","og_title":"Serenity Shirt Dress - Rise & Warm","og_description":"Serenity Shirt Dress ve di\u011fer t\u00fcm \u00fcr\u00fcnlerimiz i\u00e7in Rise & Warm adresini hemen ziyaret edin. H\u0131zl\u0131 kargo ve g\u00fcvenli al\u0131\u015fveri\u015f!","og_url":"https:\/\/riseandwarm.com\/tr\/urun\/serenity-shirt-dress\/","og_site_name":"Rise | Warm","article_modified_time":"2026-03-12T20:55:58+00:00","og_image":[{"width":1000,"height":1500,"url":"https:\/\/riseandwarm.com\/wp-content\/uploads\/2024\/03\/SerenityDress6.jpeg","type":"image\/jpeg"}],"twitter_card":"summary_large_image","twitter_misc":{"Tahmini okuma s\u00fcresi":"2 dakika"},"schema":{"@context":"https:\/\/schema.org","@graph":[{"@type":"WebPage","@id":"https:\/\/riseandwarm.com\/tr\/urun\/serenity-shirt-dress\/","url":"https:\/\/riseandwarm.com\/tr\/urun\/serenity-shirt-dress\/","name":"Serenity Shirt Dress - Rise & Warm","isPartOf":{"@id":"https:\/\/riseandwarm.com\/tr\/#website"},"primaryImageOfPage":{"@id":"https:\/\/riseandwarm.com\/tr\/urun\/serenity-shirt-dress\/#primaryimage"},"image":{"@id":"https:\/\/riseandwarm.com\/tr\/urun\/serenity-shirt-dress\/#primaryimage"},"thumbnailUrl":"https:\/\/riseandwarm.com\/wp-content\/uploads\/2024\/03\/SerenityDress6.jpeg","datePublished":"2024-03-28T16:43:00+00:00","dateModified":"2026-03-12T20:55:58+00:00","description":"Serenity Shirt Dress ve di\u011fer t\u00fcm \u00fcr\u00fcnlerimiz i\u00e7in Rise & Warm adresini hemen ziyaret edin. H\u0131zl\u0131 kargo ve g\u00fcvenli al\u0131\u015fveri\u015f!","breadcrumb":{"@id":"https:\/\/riseandwarm.com\/tr\/urun\/serenity-shirt-dress\/#breadcrumb"},"inLanguage":"tr","potentialAction":[{"@type":"ReadAction","target":["https:\/\/riseandwarm.com\/tr\/urun\/serenity-shirt-dress\/"]}]},{"@type":"ImageObject","inLanguage":"tr","@id":"https:\/\/riseandwarm.com\/tr\/urun\/serenity-shirt-dress\/#primaryimage","url":"https:\/\/riseandwarm.com\/wp-content\/uploads\/2024\/03\/SerenityDress6.jpeg","contentUrl":"https:\/\/riseandwarm.com\/wp-content\/uploads\/2024\/03\/SerenityDress6.jpeg","width":1000,"height":1500},{"@type":"BreadcrumbList","@id":"https:\/\/riseandwarm.com\/tr\/urun\/serenity-shirt-dress\/#breadcrumb","itemListElement":[{"@type":"ListItem","position":1,"name":"Home","item":"https:\/\/riseandwarm.com\/tr\/"},{"@type":"ListItem","position":2,"name":"Ma\u011faza","item":"https:\/\/riseandwarm.com\/tr\/magaza\/"},{"@type":"ListItem","position":3,"name":"Serenity Shirt Dress"}]},{"@type":"WebSite","@id":"https:\/\/riseandwarm.com\/tr\/#website","url":"https:\/\/riseandwarm.com\/tr\/","name":"Rise | Warm","description":"Free your self","potentialAction":[{"@type":"SearchAction","target":{"@type":"EntryPoint","urlTemplate":"https:\/\/riseandwarm.com\/tr\/?s={search_term_string}"},"query-input":{"@type":"PropertyValueSpecification","valueRequired":true,"valueName":"search_term_string"}}],"inLanguage":"tr"}]}},"_links":{"self":[{"href":"https:\/\/riseandwarm.com\/tr\/wp-json\/wp\/v2\/product\/7877","targetHints":{"allow":["GET"]}}],"collection":[{"href":"https:\/\/riseandwarm.com\/tr\/wp-json\/wp\/v2\/product"}],"about":[{"href":"https:\/\/riseandwarm.com\/tr\/wp-json\/wp\/v2\/types\/product"}],"version-history":[{"count":3,"href":"https:\/\/riseandwarm.com\/tr\/wp-json\/wp\/v2\/product\/7877\/revisions"}],"predecessor-version":[{"id":23059,"href":"https:\/\/riseandwarm.com\/tr\/wp-json\/wp\/v2\/product\/7877\/revisions\/23059"}],"wp:featuredmedia":[{"embeddable":true,"href":"https:\/\/riseandwarm.com\/tr\/wp-json\/wp\/v2\/media\/7874"}],"wp:attachment":[{"href":"https:\/\/riseandwarm.com\/tr\/wp-json\/wp\/v2\/media?parent=7877"}],"wp:term":[{"taxonomy":"product_brand","embeddable":true,"href":"https:\/\/riseandwarm.com\/tr\/wp-json\/wp\/v2\/product_brand?post=7877"},{"taxonomy":"product_cat","embeddable":true,"href":"https:\/\/riseandwarm.com\/tr\/wp-json\/wp\/v2\/product_cat?post=7877"},{"taxonomy":"product_tag","embeddable":true,"href":"https:\/\/riseandwarm.com\/tr\/wp-json\/wp\/v2\/product_tag?post=7877"}],"curies":[{"name":"wp","href":"https:\/\/api.w.org\/{rel}","templated":true}]}}