{"id":7876,"date":"2024-03-28T16:39:49","date_gmt":"2024-03-28T16:39:49","guid":{"rendered":"https:\/\/riseandwarm.com\/?post_type=product&#038;p=7876"},"modified":"2026-03-12T20:59:32","modified_gmt":"2026-03-12T20:59:32","slug":"rogue-shirt-dress","status":"publish","type":"product","link":"https:\/\/riseandwarm.com\/tr\/urun\/rogue-shirt-dress\/","title":{"rendered":"Rogue Shirt Dress"},"content":{"rendered":"<p>&#8220;Rogue&#8221; Urban Elegance<br \/>\nThe &#8220;Rogue&#8221; model is reinterpreted with 100% cotton shirt fabric. This rebellious version from Rise and Warm combines a modern and comfortable style with the lightness and natural feel of shirt fabric. The simplified design with minimalist pocket detail brings elegance and comfort to the forefront with every step.<\/p>\n<p>Suitable for all body types from XS to L, &#8220;Rogue&#8221; perfectly matches the dynamism of city life. This dress, ideal for both everyday wear and special moments, will become an indispensable part of your wardrobe.<\/p>\n<p>Fabric and Care Features:<br \/>\n* Fabric: 100% cotton shirt fabric, notable for its natural feel and lightness.<br \/>\n* Finishing Process: Resistant to wrinkling, provides protection for up to a minimum of 5 washes.<br \/>\n* Care: Dry cleaning is recommended to maintain the dress&#8217;s shape and quality.<\/p>\n<p>Model : HEIGHT 172 \/ BUST 83 \/ WAIST 62 \/ HIPS 91M<\/p>\n<p>Length : \u00a0135<\/p>\n<p>-TR<br \/>\n&#8220;Rogue&#8221; \u015eehirli Zarafet<br \/>\n&#8220;Rogue&#8221; modeli, \u015fimdi de %100 pamuk g\u00f6mlek kuma\u015f\u0131yla yeniden yorumlan\u0131yor. Rise and Warm&#8217;\u0131n bu asi versiyonu, modern ve rahat bir stili g\u00f6mlek kuma\u015f\u0131n\u0131n hafifli\u011fi ve do\u011fall\u0131\u011f\u0131 ile birle\u015ftiriyor. Minimalist cep detay\u0131 ile sadele\u015ftirilmi\u015f tasar\u0131m, her ad\u0131mda \u015f\u0131kl\u0131\u011f\u0131 ve konforu \u00f6n plana \u00e7\u0131kar\u0131r.<\/p>\n<p>XS&#8217;ten L&#8217;ye t\u00fcm bedenlere uyum sa\u011flayan &#8220;Rogue&#8221;, \u015fehir hayat\u0131n\u0131n dinamizmine m\u00fckemmel bir \u015fekilde ayak uydurur. Hem g\u00fcnl\u00fck kullan\u0131ma hem de \u00f6zel anlar\u0131n\u0131za e\u015flik edecek bu elbise, gard\u0131robunuzun vazge\u00e7ilmez bir par\u00e7as\u0131 olacak.<\/p>\n<p>Kuma\u015f ve Bak\u0131m \u00d6zellikleri:<br \/>\n* Kuma\u015f: %100 pamuk g\u00f6mlek kuma\u015f\u0131, do\u011fal hissiyat\u0131 ve hafifli\u011fi ile dikkat \u00e7eker.<br \/>\n* Apre \u0130\u015flemi: K\u0131r\u0131\u015f\u0131kl\u0131\u011fa kar\u015f\u0131 diren\u00e7li, minimum 5 y\u0131kamaya kadar koruma sa\u011flar.<br \/>\n* Bak\u0131m: Elbisenin formunu ve kalitesini korumak i\u00e7in kuru temizleme \u00f6nerilir.<\/p>\n","protected":false},"excerpt":{"rendered":"<p>&#8220;Rogue&#8221; Urban Elegance The &#8220;Rogue&#8221; model is reinterpreted with 100% cotton shirt fabric. This rebellious version from Rise and Warm<\/p>\n","protected":false},"featured_media":7858,"template":"","meta":[],"product_brand":[],"product_cat":[106,382],"product_tag":[],"class_list":{"0":"post-7876","1":"product","2":"type-product","3":"status-publish","4":"has-post-thumbnail","6":"product_cat-elbise-modelleri","7":"product_cat-gomlek-elbiseler","9":"first","10":"instock","11":"sale","12":"featured","13":"shipping-taxable","14":"purchasable","15":"product-type-simple"},"yoast_head":"<!-- This site is optimized with the Yoast SEO plugin v27.4 - https:\/\/yoast.com\/product\/yoast-seo-wordpress\/ -->\n<title>Rogue Shirt Dress - Rise &amp; Warm<\/title>\n<meta name=\"description\" content=\"Rogue Shirt Dress ve di\u011fer t\u00fcm \u00fcr\u00fcnlerimiz i\u00e7in Rise &amp; Warm adresini hemen ziyaret edin. H\u0131zl\u0131 kargo ve g\u00fcvenli al\u0131\u015fveri\u015f!\" \/>\n<meta name=\"robots\" content=\"index, follow, max-snippet:-1, max-image-preview:large, max-video-preview:-1\" \/>\n<link rel=\"canonical\" href=\"https:\/\/riseandwarm.com\/tr\/urun\/rogue-shirt-dress\/\" \/>\n<meta property=\"og:locale\" content=\"tr_TR\" \/>\n<meta property=\"og:type\" content=\"article\" \/>\n<meta property=\"og:title\" content=\"Rogue Shirt Dress - Rise &amp; Warm\" \/>\n<meta property=\"og:description\" content=\"Rogue Shirt Dress ve di\u011fer t\u00fcm \u00fcr\u00fcnlerimiz i\u00e7in Rise &amp; Warm adresini hemen ziyaret edin. H\u0131zl\u0131 kargo ve g\u00fcvenli al\u0131\u015fveri\u015f!\" \/>\n<meta property=\"og:url\" content=\"https:\/\/riseandwarm.com\/tr\/urun\/rogue-shirt-dress\/\" \/>\n<meta property=\"og:site_name\" content=\"Rise | Warm\" \/>\n<meta property=\"article:modified_time\" content=\"2026-03-12T20:59:32+00:00\" \/>\n<meta property=\"og:image\" content=\"https:\/\/riseandwarm.com\/wp-content\/uploads\/2024\/03\/RogueDress5.jpeg\" \/>\n\t<meta property=\"og:image:width\" content=\"1000\" \/>\n\t<meta property=\"og:image:height\" content=\"1500\" \/>\n\t<meta property=\"og:image:type\" content=\"image\/jpeg\" \/>\n<meta name=\"twitter:card\" content=\"summary_large_image\" \/>\n<meta name=\"twitter:label1\" content=\"Tahmini okuma s\u00fcresi\" \/>\n\t<meta name=\"twitter:data1\" content=\"2 dakika\" \/>\n<script type=\"application\/ld+json\" class=\"yoast-schema-graph\">{\"@context\":\"https:\\\/\\\/schema.org\",\"@graph\":[{\"@type\":\"WebPage\",\"@id\":\"https:\\\/\\\/riseandwarm.com\\\/tr\\\/urun\\\/rogue-shirt-dress\\\/\",\"url\":\"https:\\\/\\\/riseandwarm.com\\\/tr\\\/urun\\\/rogue-shirt-dress\\\/\",\"name\":\"Rogue Shirt Dress - Rise & Warm\",\"isPartOf\":{\"@id\":\"https:\\\/\\\/riseandwarm.com\\\/tr\\\/#website\"},\"primaryImageOfPage\":{\"@id\":\"https:\\\/\\\/riseandwarm.com\\\/tr\\\/urun\\\/rogue-shirt-dress\\\/#primaryimage\"},\"image\":{\"@id\":\"https:\\\/\\\/riseandwarm.com\\\/tr\\\/urun\\\/rogue-shirt-dress\\\/#primaryimage\"},\"thumbnailUrl\":\"https:\\\/\\\/riseandwarm.com\\\/wp-content\\\/uploads\\\/2024\\\/03\\\/RogueDress5.jpeg\",\"datePublished\":\"2024-03-28T16:39:49+00:00\",\"dateModified\":\"2026-03-12T20:59:32+00:00\",\"description\":\"Rogue Shirt Dress ve di\u011fer t\u00fcm \u00fcr\u00fcnlerimiz i\u00e7in Rise & Warm adresini hemen ziyaret edin. H\u0131zl\u0131 kargo ve g\u00fcvenli al\u0131\u015fveri\u015f!\",\"breadcrumb\":{\"@id\":\"https:\\\/\\\/riseandwarm.com\\\/tr\\\/urun\\\/rogue-shirt-dress\\\/#breadcrumb\"},\"inLanguage\":\"tr\",\"potentialAction\":[{\"@type\":\"ReadAction\",\"target\":[\"https:\\\/\\\/riseandwarm.com\\\/tr\\\/urun\\\/rogue-shirt-dress\\\/\"]}]},{\"@type\":\"ImageObject\",\"inLanguage\":\"tr\",\"@id\":\"https:\\\/\\\/riseandwarm.com\\\/tr\\\/urun\\\/rogue-shirt-dress\\\/#primaryimage\",\"url\":\"https:\\\/\\\/riseandwarm.com\\\/wp-content\\\/uploads\\\/2024\\\/03\\\/RogueDress5.jpeg\",\"contentUrl\":\"https:\\\/\\\/riseandwarm.com\\\/wp-content\\\/uploads\\\/2024\\\/03\\\/RogueDress5.jpeg\",\"width\":1000,\"height\":1500},{\"@type\":\"BreadcrumbList\",\"@id\":\"https:\\\/\\\/riseandwarm.com\\\/tr\\\/urun\\\/rogue-shirt-dress\\\/#breadcrumb\",\"itemListElement\":[{\"@type\":\"ListItem\",\"position\":1,\"name\":\"Home\",\"item\":\"https:\\\/\\\/riseandwarm.com\\\/tr\\\/\"},{\"@type\":\"ListItem\",\"position\":2,\"name\":\"Ma\u011faza\",\"item\":\"https:\\\/\\\/riseandwarm.com\\\/tr\\\/magaza\\\/\"},{\"@type\":\"ListItem\",\"position\":3,\"name\":\"Rogue Shirt Dress\"}]},{\"@type\":\"WebSite\",\"@id\":\"https:\\\/\\\/riseandwarm.com\\\/tr\\\/#website\",\"url\":\"https:\\\/\\\/riseandwarm.com\\\/tr\\\/\",\"name\":\"Rise | Warm\",\"description\":\"Free your self\",\"potentialAction\":[{\"@type\":\"SearchAction\",\"target\":{\"@type\":\"EntryPoint\",\"urlTemplate\":\"https:\\\/\\\/riseandwarm.com\\\/tr\\\/?s={search_term_string}\"},\"query-input\":{\"@type\":\"PropertyValueSpecification\",\"valueRequired\":true,\"valueName\":\"search_term_string\"}}],\"inLanguage\":\"tr\"}]}<\/script>\n<!-- \/ Yoast SEO plugin. -->","yoast_head_json":{"title":"Rogue Shirt Dress - Rise & Warm","description":"Rogue Shirt Dress ve di\u011fer t\u00fcm \u00fcr\u00fcnlerimiz i\u00e7in Rise & Warm adresini hemen ziyaret edin. H\u0131zl\u0131 kargo ve g\u00fcvenli al\u0131\u015fveri\u015f!","robots":{"index":"index","follow":"follow","max-snippet":"max-snippet:-1","max-image-preview":"max-image-preview:large","max-video-preview":"max-video-preview:-1"},"canonical":"https:\/\/riseandwarm.com\/tr\/urun\/rogue-shirt-dress\/","og_locale":"tr_TR","og_type":"article","og_title":"Rogue Shirt Dress - Rise & Warm","og_description":"Rogue Shirt Dress ve di\u011fer t\u00fcm \u00fcr\u00fcnlerimiz i\u00e7in Rise & Warm adresini hemen ziyaret edin. H\u0131zl\u0131 kargo ve g\u00fcvenli al\u0131\u015fveri\u015f!","og_url":"https:\/\/riseandwarm.com\/tr\/urun\/rogue-shirt-dress\/","og_site_name":"Rise | Warm","article_modified_time":"2026-03-12T20:59:32+00:00","og_image":[{"width":1000,"height":1500,"url":"https:\/\/riseandwarm.com\/wp-content\/uploads\/2024\/03\/RogueDress5.jpeg","type":"image\/jpeg"}],"twitter_card":"summary_large_image","twitter_misc":{"Tahmini okuma s\u00fcresi":"2 dakika"},"schema":{"@context":"https:\/\/schema.org","@graph":[{"@type":"WebPage","@id":"https:\/\/riseandwarm.com\/tr\/urun\/rogue-shirt-dress\/","url":"https:\/\/riseandwarm.com\/tr\/urun\/rogue-shirt-dress\/","name":"Rogue Shirt Dress - Rise & Warm","isPartOf":{"@id":"https:\/\/riseandwarm.com\/tr\/#website"},"primaryImageOfPage":{"@id":"https:\/\/riseandwarm.com\/tr\/urun\/rogue-shirt-dress\/#primaryimage"},"image":{"@id":"https:\/\/riseandwarm.com\/tr\/urun\/rogue-shirt-dress\/#primaryimage"},"thumbnailUrl":"https:\/\/riseandwarm.com\/wp-content\/uploads\/2024\/03\/RogueDress5.jpeg","datePublished":"2024-03-28T16:39:49+00:00","dateModified":"2026-03-12T20:59:32+00:00","description":"Rogue Shirt Dress ve di\u011fer t\u00fcm \u00fcr\u00fcnlerimiz i\u00e7in Rise & Warm adresini hemen ziyaret edin. H\u0131zl\u0131 kargo ve g\u00fcvenli al\u0131\u015fveri\u015f!","breadcrumb":{"@id":"https:\/\/riseandwarm.com\/tr\/urun\/rogue-shirt-dress\/#breadcrumb"},"inLanguage":"tr","potentialAction":[{"@type":"ReadAction","target":["https:\/\/riseandwarm.com\/tr\/urun\/rogue-shirt-dress\/"]}]},{"@type":"ImageObject","inLanguage":"tr","@id":"https:\/\/riseandwarm.com\/tr\/urun\/rogue-shirt-dress\/#primaryimage","url":"https:\/\/riseandwarm.com\/wp-content\/uploads\/2024\/03\/RogueDress5.jpeg","contentUrl":"https:\/\/riseandwarm.com\/wp-content\/uploads\/2024\/03\/RogueDress5.jpeg","width":1000,"height":1500},{"@type":"BreadcrumbList","@id":"https:\/\/riseandwarm.com\/tr\/urun\/rogue-shirt-dress\/#breadcrumb","itemListElement":[{"@type":"ListItem","position":1,"name":"Home","item":"https:\/\/riseandwarm.com\/tr\/"},{"@type":"ListItem","position":2,"name":"Ma\u011faza","item":"https:\/\/riseandwarm.com\/tr\/magaza\/"},{"@type":"ListItem","position":3,"name":"Rogue Shirt Dress"}]},{"@type":"WebSite","@id":"https:\/\/riseandwarm.com\/tr\/#website","url":"https:\/\/riseandwarm.com\/tr\/","name":"Rise | Warm","description":"Free your self","potentialAction":[{"@type":"SearchAction","target":{"@type":"EntryPoint","urlTemplate":"https:\/\/riseandwarm.com\/tr\/?s={search_term_string}"},"query-input":{"@type":"PropertyValueSpecification","valueRequired":true,"valueName":"search_term_string"}}],"inLanguage":"tr"}]}},"_links":{"self":[{"href":"https:\/\/riseandwarm.com\/tr\/wp-json\/wp\/v2\/product\/7876","targetHints":{"allow":["GET"]}}],"collection":[{"href":"https:\/\/riseandwarm.com\/tr\/wp-json\/wp\/v2\/product"}],"about":[{"href":"https:\/\/riseandwarm.com\/tr\/wp-json\/wp\/v2\/types\/product"}],"version-history":[{"count":3,"href":"https:\/\/riseandwarm.com\/tr\/wp-json\/wp\/v2\/product\/7876\/revisions"}],"predecessor-version":[{"id":23060,"href":"https:\/\/riseandwarm.com\/tr\/wp-json\/wp\/v2\/product\/7876\/revisions\/23060"}],"wp:featuredmedia":[{"embeddable":true,"href":"https:\/\/riseandwarm.com\/tr\/wp-json\/wp\/v2\/media\/7858"}],"wp:attachment":[{"href":"https:\/\/riseandwarm.com\/tr\/wp-json\/wp\/v2\/media?parent=7876"}],"wp:term":[{"taxonomy":"product_brand","embeddable":true,"href":"https:\/\/riseandwarm.com\/tr\/wp-json\/wp\/v2\/product_brand?post=7876"},{"taxonomy":"product_cat","embeddable":true,"href":"https:\/\/riseandwarm.com\/tr\/wp-json\/wp\/v2\/product_cat?post=7876"},{"taxonomy":"product_tag","embeddable":true,"href":"https:\/\/riseandwarm.com\/tr\/wp-json\/wp\/v2\/product_tag?post=7876"}],"curies":[{"name":"wp","href":"https:\/\/api.w.org\/{rel}","templated":true}]}}