{"id":7849,"date":"2024-03-28T15:06:28","date_gmt":"2024-03-28T15:06:28","guid":{"rendered":"https:\/\/riseandwarm.com\/?post_type=product&#038;p=7849"},"modified":"2026-03-12T21:02:11","modified_gmt":"2026-03-12T21:02:11","slug":"eylsian-dress","status":"publish","type":"product","link":"https:\/\/riseandwarm.com\/tr\/urun\/eylsian-dress\/","title":{"rendered":"Elysian Dress"},"content":{"rendered":"<p>&#8220;Elysian&#8221; Elegance in Cotton<br \/>\nThe &#8220;Elysian&#8221; dress, made from cotton fabric, stands out with its elegant triangular V-neck and thin strap design. The detail of the fixed drawstring beneath the bust, made from the same material as the neck ties, adds a touch of aesthetics, completing the sophisticated look of the dress. The back of the dress features a deep, adjustable decollete, enhancing its allure, while pockets add a practical touch to its elegance. &#8220;Elysian&#8221; combines the peaceful beauty of simplicity and comfort, making it a versatile addition to any wardrobe.<\/p>\n<p>Fabric and Care Features:<br \/>\n* Fabric: 100% cotton, celebrated for its comfort and breathability.<br \/>\n* Detail: The fixed drawstring detail beneath the bust offers an aesthetic touch and harmonizes with the neck ties.<br \/>\n* Back: A deep, adjustable decollete provides both allure and comfort.<br \/>\n* Additional Features: Comes with pockets for added practicality.<br \/>\n* Care: Due to the delicate nature of the fabric and details, dry cleaning is recommended to preserve the dress\u2019s integrity and beauty.<br \/>\n* Finishing Process: Resistant to wrinkling, provides protection for up to a minimum of 5 washes.<\/p>\n<p>Model : HEIGHT 172 \/ BUST 83 \/ WAIST 62 \/ HIPS 91M<\/p>\n<p>Length : 125<\/p>\n<p>-TR<br \/>\n&#8220;Elysian&#8221; Pamukta Zarafet<br \/>\nPamuk kuma\u015ftan \u00fcretilen &#8220;Elysian&#8221; elbise, zarif bir \u00fc\u00e7gen V yaka ve ince ask\u0131l\u0131 tasar\u0131m\u0131yla \u00f6ne \u00e7\u0131k\u0131yor. G\u00f6\u011f\u00fcs alt\u0131ndan ge\u00e7en ve boyun ba\u011f\u0131yla ayn\u0131 malzemeden yap\u0131lan sabit ip detay\u0131, estetik bir dokunu\u015f sa\u011flayarak, elbisenin sofistike g\u00f6r\u00fcn\u00fcm\u00fcn\u00fc tamamlar. Elbisenin arka k\u0131sm\u0131, derin ve ayarlanabilir bir dekolte ile tasarlanm\u0131\u015f olup, cazibesini art\u0131r\u0131rken, cepler de zarafetine pratik bir dokunu\u015f ekler. &#8220;Elysian&#8221; elbise, rahatl\u0131k ile sadeli\u011fin huzurlu g\u00fczelli\u011fini birle\u015ftirerek, her gard\u0131robun \u00e7ok y\u00f6nl\u00fc bir par\u00e7as\u0131 haline gelir.<\/p>\n<p>Kuma\u015f ve Bak\u0131m \u00d6zellikleri:<br \/>\n* Kuma\u015f: %100 pamuk, konforu ve nefes alabilirli\u011fi ile \u00f6ne \u00e7\u0131kar.<br \/>\n* Detay: G\u00f6\u011f\u00fcs alt\u0131ndan ge\u00e7en sabit ip detay\u0131, estetik bir dokunu\u015f sunar ve boyun ba\u011flar\u0131 ile uyumlu.<br \/>\n* S\u0131rt: Derin ve ayarlanabilir dekoltesi ile hem cazibe hem de rahatl\u0131k sunar.<br \/>\n* Ek \u00d6zellikler: Pratiklik katmas\u0131 i\u00e7in ceplere sahiptir.<br \/>\n* Bak\u0131m: Kuma\u015f\u0131n ve detaylar\u0131n hassas yap\u0131s\u0131 nedeniyle, elbisenin b\u00fct\u00fcnl\u00fc\u011f\u00fcn\u00fc ve g\u00fczelli\u011fini korumak i\u00e7in kuru temizleme \u00f6nerilir.<br \/>\n* Apre \u0130\u015flemi: K\u0131r\u0131\u015f\u0131kl\u0131\u011fa kar\u015f\u0131 diren\u00e7li, minimum 5 y\u0131kamaya kadar koruma sa\u011flar.<\/p>\n","protected":false},"excerpt":{"rendered":"<p>&#8220;Elysian&#8221; Elegance in Cotton The &#8220;Elysian&#8221; dress, made from cotton fabric, stands out with its elegant triangular V-neck and thin<\/p>\n","protected":false},"featured_media":7839,"template":"","meta":[],"product_brand":[],"product_cat":[106,382],"product_tag":[],"class_list":{"0":"post-7849","1":"product","2":"type-product","3":"status-publish","4":"has-post-thumbnail","6":"product_cat-elbise-modelleri","7":"product_cat-gomlek-elbiseler","9":"first","10":"instock","11":"sale","12":"shipping-taxable","13":"purchasable","14":"product-type-simple"},"yoast_head":"<!-- This site is optimized with the Yoast SEO plugin v27.4 - https:\/\/yoast.com\/product\/yoast-seo-wordpress\/ -->\n<title>Elysian Dress - Rise &amp; Warm<\/title>\n<meta name=\"description\" content=\"Elysian Dress ve di\u011fer t\u00fcm \u00fcr\u00fcnlerimiz i\u00e7in Rise &amp; Warm adresini hemen ziyaret edin. H\u0131zl\u0131 kargo ve g\u00fcvenli al\u0131\u015fveri\u015f!\" \/>\n<meta name=\"robots\" content=\"index, follow, max-snippet:-1, max-image-preview:large, max-video-preview:-1\" \/>\n<link rel=\"canonical\" href=\"https:\/\/riseandwarm.com\/tr\/urun\/eylsian-dress\/\" \/>\n<meta property=\"og:locale\" content=\"tr_TR\" \/>\n<meta property=\"og:type\" content=\"article\" \/>\n<meta property=\"og:title\" content=\"Elysian Dress - Rise &amp; Warm\" \/>\n<meta property=\"og:description\" content=\"Elysian Dress ve di\u011fer t\u00fcm \u00fcr\u00fcnlerimiz i\u00e7in Rise &amp; Warm adresini hemen ziyaret edin. H\u0131zl\u0131 kargo ve g\u00fcvenli al\u0131\u015fveri\u015f!\" \/>\n<meta property=\"og:url\" content=\"https:\/\/riseandwarm.com\/tr\/urun\/eylsian-dress\/\" \/>\n<meta property=\"og:site_name\" content=\"Rise | Warm\" \/>\n<meta property=\"article:modified_time\" content=\"2026-03-12T21:02:11+00:00\" \/>\n<meta property=\"og:image\" content=\"https:\/\/riseandwarm.com\/wp-content\/uploads\/2024\/03\/ElysianDress3.jpeg\" \/>\n\t<meta property=\"og:image:width\" content=\"1000\" \/>\n\t<meta property=\"og:image:height\" content=\"1500\" \/>\n\t<meta property=\"og:image:type\" content=\"image\/jpeg\" \/>\n<meta name=\"twitter:card\" content=\"summary_large_image\" \/>\n<meta name=\"twitter:label1\" content=\"Tahmini okuma s\u00fcresi\" \/>\n\t<meta name=\"twitter:data1\" content=\"2 dakika\" \/>\n<script type=\"application\/ld+json\" class=\"yoast-schema-graph\">{\"@context\":\"https:\\\/\\\/schema.org\",\"@graph\":[{\"@type\":\"WebPage\",\"@id\":\"https:\\\/\\\/riseandwarm.com\\\/tr\\\/urun\\\/eylsian-dress\\\/\",\"url\":\"https:\\\/\\\/riseandwarm.com\\\/tr\\\/urun\\\/eylsian-dress\\\/\",\"name\":\"Elysian Dress - Rise & Warm\",\"isPartOf\":{\"@id\":\"https:\\\/\\\/riseandwarm.com\\\/tr\\\/#website\"},\"primaryImageOfPage\":{\"@id\":\"https:\\\/\\\/riseandwarm.com\\\/tr\\\/urun\\\/eylsian-dress\\\/#primaryimage\"},\"image\":{\"@id\":\"https:\\\/\\\/riseandwarm.com\\\/tr\\\/urun\\\/eylsian-dress\\\/#primaryimage\"},\"thumbnailUrl\":\"https:\\\/\\\/riseandwarm.com\\\/wp-content\\\/uploads\\\/2024\\\/03\\\/ElysianDress3.jpeg\",\"datePublished\":\"2024-03-28T15:06:28+00:00\",\"dateModified\":\"2026-03-12T21:02:11+00:00\",\"description\":\"Elysian Dress ve di\u011fer t\u00fcm \u00fcr\u00fcnlerimiz i\u00e7in Rise & Warm adresini hemen ziyaret edin. H\u0131zl\u0131 kargo ve g\u00fcvenli al\u0131\u015fveri\u015f!\",\"breadcrumb\":{\"@id\":\"https:\\\/\\\/riseandwarm.com\\\/tr\\\/urun\\\/eylsian-dress\\\/#breadcrumb\"},\"inLanguage\":\"tr\",\"potentialAction\":[{\"@type\":\"ReadAction\",\"target\":[\"https:\\\/\\\/riseandwarm.com\\\/tr\\\/urun\\\/eylsian-dress\\\/\"]}]},{\"@type\":\"ImageObject\",\"inLanguage\":\"tr\",\"@id\":\"https:\\\/\\\/riseandwarm.com\\\/tr\\\/urun\\\/eylsian-dress\\\/#primaryimage\",\"url\":\"https:\\\/\\\/riseandwarm.com\\\/wp-content\\\/uploads\\\/2024\\\/03\\\/ElysianDress3.jpeg\",\"contentUrl\":\"https:\\\/\\\/riseandwarm.com\\\/wp-content\\\/uploads\\\/2024\\\/03\\\/ElysianDress3.jpeg\",\"width\":1000,\"height\":1500},{\"@type\":\"BreadcrumbList\",\"@id\":\"https:\\\/\\\/riseandwarm.com\\\/tr\\\/urun\\\/eylsian-dress\\\/#breadcrumb\",\"itemListElement\":[{\"@type\":\"ListItem\",\"position\":1,\"name\":\"Home\",\"item\":\"https:\\\/\\\/riseandwarm.com\\\/tr\\\/\"},{\"@type\":\"ListItem\",\"position\":2,\"name\":\"Ma\u011faza\",\"item\":\"https:\\\/\\\/riseandwarm.com\\\/tr\\\/magaza\\\/\"},{\"@type\":\"ListItem\",\"position\":3,\"name\":\"Elysian Dress\"}]},{\"@type\":\"WebSite\",\"@id\":\"https:\\\/\\\/riseandwarm.com\\\/tr\\\/#website\",\"url\":\"https:\\\/\\\/riseandwarm.com\\\/tr\\\/\",\"name\":\"Rise | Warm\",\"description\":\"Free your self\",\"potentialAction\":[{\"@type\":\"SearchAction\",\"target\":{\"@type\":\"EntryPoint\",\"urlTemplate\":\"https:\\\/\\\/riseandwarm.com\\\/tr\\\/?s={search_term_string}\"},\"query-input\":{\"@type\":\"PropertyValueSpecification\",\"valueRequired\":true,\"valueName\":\"search_term_string\"}}],\"inLanguage\":\"tr\"}]}<\/script>\n<!-- \/ Yoast SEO plugin. -->","yoast_head_json":{"title":"Elysian Dress - Rise & Warm","description":"Elysian Dress ve di\u011fer t\u00fcm \u00fcr\u00fcnlerimiz i\u00e7in Rise & Warm adresini hemen ziyaret edin. H\u0131zl\u0131 kargo ve g\u00fcvenli al\u0131\u015fveri\u015f!","robots":{"index":"index","follow":"follow","max-snippet":"max-snippet:-1","max-image-preview":"max-image-preview:large","max-video-preview":"max-video-preview:-1"},"canonical":"https:\/\/riseandwarm.com\/tr\/urun\/eylsian-dress\/","og_locale":"tr_TR","og_type":"article","og_title":"Elysian Dress - Rise & Warm","og_description":"Elysian Dress ve di\u011fer t\u00fcm \u00fcr\u00fcnlerimiz i\u00e7in Rise & Warm adresini hemen ziyaret edin. H\u0131zl\u0131 kargo ve g\u00fcvenli al\u0131\u015fveri\u015f!","og_url":"https:\/\/riseandwarm.com\/tr\/urun\/eylsian-dress\/","og_site_name":"Rise | Warm","article_modified_time":"2026-03-12T21:02:11+00:00","og_image":[{"width":1000,"height":1500,"url":"https:\/\/riseandwarm.com\/wp-content\/uploads\/2024\/03\/ElysianDress3.jpeg","type":"image\/jpeg"}],"twitter_card":"summary_large_image","twitter_misc":{"Tahmini okuma s\u00fcresi":"2 dakika"},"schema":{"@context":"https:\/\/schema.org","@graph":[{"@type":"WebPage","@id":"https:\/\/riseandwarm.com\/tr\/urun\/eylsian-dress\/","url":"https:\/\/riseandwarm.com\/tr\/urun\/eylsian-dress\/","name":"Elysian Dress - Rise & Warm","isPartOf":{"@id":"https:\/\/riseandwarm.com\/tr\/#website"},"primaryImageOfPage":{"@id":"https:\/\/riseandwarm.com\/tr\/urun\/eylsian-dress\/#primaryimage"},"image":{"@id":"https:\/\/riseandwarm.com\/tr\/urun\/eylsian-dress\/#primaryimage"},"thumbnailUrl":"https:\/\/riseandwarm.com\/wp-content\/uploads\/2024\/03\/ElysianDress3.jpeg","datePublished":"2024-03-28T15:06:28+00:00","dateModified":"2026-03-12T21:02:11+00:00","description":"Elysian Dress ve di\u011fer t\u00fcm \u00fcr\u00fcnlerimiz i\u00e7in Rise & Warm adresini hemen ziyaret edin. H\u0131zl\u0131 kargo ve g\u00fcvenli al\u0131\u015fveri\u015f!","breadcrumb":{"@id":"https:\/\/riseandwarm.com\/tr\/urun\/eylsian-dress\/#breadcrumb"},"inLanguage":"tr","potentialAction":[{"@type":"ReadAction","target":["https:\/\/riseandwarm.com\/tr\/urun\/eylsian-dress\/"]}]},{"@type":"ImageObject","inLanguage":"tr","@id":"https:\/\/riseandwarm.com\/tr\/urun\/eylsian-dress\/#primaryimage","url":"https:\/\/riseandwarm.com\/wp-content\/uploads\/2024\/03\/ElysianDress3.jpeg","contentUrl":"https:\/\/riseandwarm.com\/wp-content\/uploads\/2024\/03\/ElysianDress3.jpeg","width":1000,"height":1500},{"@type":"BreadcrumbList","@id":"https:\/\/riseandwarm.com\/tr\/urun\/eylsian-dress\/#breadcrumb","itemListElement":[{"@type":"ListItem","position":1,"name":"Home","item":"https:\/\/riseandwarm.com\/tr\/"},{"@type":"ListItem","position":2,"name":"Ma\u011faza","item":"https:\/\/riseandwarm.com\/tr\/magaza\/"},{"@type":"ListItem","position":3,"name":"Elysian Dress"}]},{"@type":"WebSite","@id":"https:\/\/riseandwarm.com\/tr\/#website","url":"https:\/\/riseandwarm.com\/tr\/","name":"Rise | Warm","description":"Free your self","potentialAction":[{"@type":"SearchAction","target":{"@type":"EntryPoint","urlTemplate":"https:\/\/riseandwarm.com\/tr\/?s={search_term_string}"},"query-input":{"@type":"PropertyValueSpecification","valueRequired":true,"valueName":"search_term_string"}}],"inLanguage":"tr"}]}},"_links":{"self":[{"href":"https:\/\/riseandwarm.com\/tr\/wp-json\/wp\/v2\/product\/7849","targetHints":{"allow":["GET"]}}],"collection":[{"href":"https:\/\/riseandwarm.com\/tr\/wp-json\/wp\/v2\/product"}],"about":[{"href":"https:\/\/riseandwarm.com\/tr\/wp-json\/wp\/v2\/types\/product"}],"version-history":[{"count":4,"href":"https:\/\/riseandwarm.com\/tr\/wp-json\/wp\/v2\/product\/7849\/revisions"}],"predecessor-version":[{"id":23296,"href":"https:\/\/riseandwarm.com\/tr\/wp-json\/wp\/v2\/product\/7849\/revisions\/23296"}],"wp:featuredmedia":[{"embeddable":true,"href":"https:\/\/riseandwarm.com\/tr\/wp-json\/wp\/v2\/media\/7839"}],"wp:attachment":[{"href":"https:\/\/riseandwarm.com\/tr\/wp-json\/wp\/v2\/media?parent=7849"}],"wp:term":[{"taxonomy":"product_brand","embeddable":true,"href":"https:\/\/riseandwarm.com\/tr\/wp-json\/wp\/v2\/product_brand?post=7849"},{"taxonomy":"product_cat","embeddable":true,"href":"https:\/\/riseandwarm.com\/tr\/wp-json\/wp\/v2\/product_cat?post=7849"},{"taxonomy":"product_tag","embeddable":true,"href":"https:\/\/riseandwarm.com\/tr\/wp-json\/wp\/v2\/product_tag?post=7849"}],"curies":[{"name":"wp","href":"https:\/\/api.w.org\/{rel}","templated":true}]}}