{"id":7834,"date":"2024-03-28T14:39:12","date_gmt":"2024-03-28T14:39:12","guid":{"rendered":"https:\/\/riseandwarm.com\/?post_type=product&#038;p=7834"},"modified":"2025-11-29T10:55:54","modified_gmt":"2025-11-29T10:55:54","slug":"mirage-linen-dress-white","status":"publish","type":"product","link":"https:\/\/riseandwarm.com\/tr\/urun\/mirage-linen-dress-white\/","title":{"rendered":"Mirage Linen Dress White"},"content":{"rendered":"<p>The Mirage dress is a seamless blend of functionality and style, making it a versatile addition to any wardrobe. Crafted from breathable linen and adorned with ethereal tulle, it strikes a perfect balance between comfort and elegance. Designed for the summer, it can effortlessly transition from a sophisticated cover-up over swimwear to an evening ensemble with the simple addition of a jacket. Whether you&#8217;re lounging by the poolside or sipping cocktails under the stars, the Mirage dress ensures you do so with effortless poise and understated glamour. Rise and Warm&#8217;s commitment to versatile fashion is exemplified in this piece, catering to the chic, modern woman on the go.<\/p>\n<p>Model : HEIGHT 172 \/ BUST 83 \/ WAIST 62 \/ HIPS 91M<\/p>\n<p>Length : 130<\/p>\n<p>-TR<br \/>\nMirage elbisesi, her gard\u0131ropta yer almas\u0131 gereken i\u015flevsel ve \u015f\u0131k bir k\u0131yafet. Nefes alabilen keten kuma\u015f\u0131 ve eteryal t\u00fcl detaylar\u0131yla hem rahatl\u0131\u011f\u0131 hem de zarafeti bir arada sunuyor. Yaz aylar\u0131 i\u00e7in tasarlanm\u0131\u015f bu elbise, \u00fczerine al\u0131nacak bir ceketle kolayca \u015f\u0131k bir ak\u015fam k\u0131yafetine d\u00f6n\u00fc\u015febilir. Havuz ba\u015f\u0131nda dinlenirken ya da y\u0131ld\u0131zlar alt\u0131nda kokteyller yudumlarken, Mirage elbise ile bunu zahmetsiz bir zarafet ve al\u00e7akg\u00f6n\u00fcll\u00fc bir ihti\u015famla yapars\u0131n\u0131z. Rise and Warm\u2019\u0131n \u00e7ok y\u00f6nl\u00fc moda anlay\u0131\u015f\u0131, s\u00fcrekli hareket halindeki \u015f\u0131k ve modern kad\u0131n i\u00e7in bu par\u00e7ada kendini g\u00f6steriyor.<\/p>\n","protected":false},"excerpt":{"rendered":"<p>The Mirage dress is a seamless blend of functionality and style, making it a versatile addition to any wardrobe. Crafted<\/p>\n","protected":false},"featured_media":6325,"template":"","meta":[],"product_brand":[],"product_cat":[106,273],"product_tag":[],"class_list":{"0":"post-7834","1":"product","2":"type-product","3":"status-publish","4":"has-post-thumbnail","6":"product_cat-elbise-modelleri","7":"product_cat-ozel-fiyatlar","9":"first","10":"instock","11":"sale","12":"shipping-taxable","13":"purchasable","14":"product-type-simple"},"yoast_head":"<!-- This site is optimized with the Yoast SEO plugin v27.4 - https:\/\/yoast.com\/product\/yoast-seo-wordpress\/ -->\n<title>Mirage Linen Dress White - Rise &amp; Warm<\/title>\n<meta name=\"description\" content=\"Mirage Linen Dress White ve di\u011fer t\u00fcm \u00fcr\u00fcnlerimiz i\u00e7in Rise &amp; Warm adresini hemen ziyaret edin. H\u0131zl\u0131 kargo ve g\u00fcvenli al\u0131\u015fveri\u015f!\" \/>\n<meta name=\"robots\" content=\"index, follow, max-snippet:-1, max-image-preview:large, max-video-preview:-1\" \/>\n<link rel=\"canonical\" href=\"https:\/\/riseandwarm.com\/tr\/urun\/mirage-linen-dress-white\/\" \/>\n<meta property=\"og:locale\" content=\"tr_TR\" \/>\n<meta property=\"og:type\" content=\"article\" \/>\n<meta property=\"og:title\" content=\"Mirage Linen Dress White - Rise &amp; Warm\" \/>\n<meta property=\"og:description\" content=\"Mirage Linen Dress White ve di\u011fer t\u00fcm \u00fcr\u00fcnlerimiz i\u00e7in Rise &amp; Warm adresini hemen ziyaret edin. H\u0131zl\u0131 kargo ve g\u00fcvenli al\u0131\u015fveri\u015f!\" \/>\n<meta property=\"og:url\" content=\"https:\/\/riseandwarm.com\/tr\/urun\/mirage-linen-dress-white\/\" \/>\n<meta property=\"og:site_name\" content=\"Rise | Warm\" \/>\n<meta property=\"article:modified_time\" content=\"2025-11-29T10:55:54+00:00\" \/>\n<meta property=\"og:image\" content=\"https:\/\/riseandwarm.com\/wp-content\/uploads\/2023\/06\/MirageBeyaz-Imaj4.jpg\" \/>\n\t<meta property=\"og:image:width\" content=\"1000\" \/>\n\t<meta property=\"og:image:height\" content=\"1500\" \/>\n\t<meta property=\"og:image:type\" content=\"image\/jpeg\" \/>\n<meta name=\"twitter:card\" content=\"summary_large_image\" \/>\n<meta name=\"twitter:label1\" content=\"Tahmini okuma s\u00fcresi\" \/>\n\t<meta name=\"twitter:data1\" content=\"2 dakika\" \/>\n<script type=\"application\/ld+json\" class=\"yoast-schema-graph\">{\"@context\":\"https:\\\/\\\/schema.org\",\"@graph\":[{\"@type\":\"WebPage\",\"@id\":\"https:\\\/\\\/riseandwarm.com\\\/tr\\\/urun\\\/mirage-linen-dress-white\\\/\",\"url\":\"https:\\\/\\\/riseandwarm.com\\\/tr\\\/urun\\\/mirage-linen-dress-white\\\/\",\"name\":\"Mirage Linen Dress White - Rise & Warm\",\"isPartOf\":{\"@id\":\"https:\\\/\\\/riseandwarm.com\\\/tr\\\/#website\"},\"primaryImageOfPage\":{\"@id\":\"https:\\\/\\\/riseandwarm.com\\\/tr\\\/urun\\\/mirage-linen-dress-white\\\/#primaryimage\"},\"image\":{\"@id\":\"https:\\\/\\\/riseandwarm.com\\\/tr\\\/urun\\\/mirage-linen-dress-white\\\/#primaryimage\"},\"thumbnailUrl\":\"https:\\\/\\\/riseandwarm.com\\\/wp-content\\\/uploads\\\/2023\\\/06\\\/MirageBeyaz-Imaj4.jpg\",\"datePublished\":\"2024-03-28T14:39:12+00:00\",\"dateModified\":\"2025-11-29T10:55:54+00:00\",\"description\":\"Mirage Linen Dress White ve di\u011fer t\u00fcm \u00fcr\u00fcnlerimiz i\u00e7in Rise & Warm adresini hemen ziyaret edin. H\u0131zl\u0131 kargo ve g\u00fcvenli al\u0131\u015fveri\u015f!\",\"breadcrumb\":{\"@id\":\"https:\\\/\\\/riseandwarm.com\\\/tr\\\/urun\\\/mirage-linen-dress-white\\\/#breadcrumb\"},\"inLanguage\":\"tr\",\"potentialAction\":[{\"@type\":\"ReadAction\",\"target\":[\"https:\\\/\\\/riseandwarm.com\\\/tr\\\/urun\\\/mirage-linen-dress-white\\\/\"]}]},{\"@type\":\"ImageObject\",\"inLanguage\":\"tr\",\"@id\":\"https:\\\/\\\/riseandwarm.com\\\/tr\\\/urun\\\/mirage-linen-dress-white\\\/#primaryimage\",\"url\":\"https:\\\/\\\/riseandwarm.com\\\/wp-content\\\/uploads\\\/2023\\\/06\\\/MirageBeyaz-Imaj4.jpg\",\"contentUrl\":\"https:\\\/\\\/riseandwarm.com\\\/wp-content\\\/uploads\\\/2023\\\/06\\\/MirageBeyaz-Imaj4.jpg\",\"width\":1000,\"height\":1500},{\"@type\":\"BreadcrumbList\",\"@id\":\"https:\\\/\\\/riseandwarm.com\\\/tr\\\/urun\\\/mirage-linen-dress-white\\\/#breadcrumb\",\"itemListElement\":[{\"@type\":\"ListItem\",\"position\":1,\"name\":\"Home\",\"item\":\"https:\\\/\\\/riseandwarm.com\\\/tr\\\/\"},{\"@type\":\"ListItem\",\"position\":2,\"name\":\"Ma\u011faza\",\"item\":\"https:\\\/\\\/riseandwarm.com\\\/tr\\\/magaza\\\/\"},{\"@type\":\"ListItem\",\"position\":3,\"name\":\"Mirage Linen Dress White\"}]},{\"@type\":\"WebSite\",\"@id\":\"https:\\\/\\\/riseandwarm.com\\\/tr\\\/#website\",\"url\":\"https:\\\/\\\/riseandwarm.com\\\/tr\\\/\",\"name\":\"Rise | Warm\",\"description\":\"Free your self\",\"potentialAction\":[{\"@type\":\"SearchAction\",\"target\":{\"@type\":\"EntryPoint\",\"urlTemplate\":\"https:\\\/\\\/riseandwarm.com\\\/tr\\\/?s={search_term_string}\"},\"query-input\":{\"@type\":\"PropertyValueSpecification\",\"valueRequired\":true,\"valueName\":\"search_term_string\"}}],\"inLanguage\":\"tr\"}]}<\/script>\n<!-- \/ Yoast SEO plugin. -->","yoast_head_json":{"title":"Mirage Linen Dress White - Rise & Warm","description":"Mirage Linen Dress White ve di\u011fer t\u00fcm \u00fcr\u00fcnlerimiz i\u00e7in Rise & Warm adresini hemen ziyaret edin. H\u0131zl\u0131 kargo ve g\u00fcvenli al\u0131\u015fveri\u015f!","robots":{"index":"index","follow":"follow","max-snippet":"max-snippet:-1","max-image-preview":"max-image-preview:large","max-video-preview":"max-video-preview:-1"},"canonical":"https:\/\/riseandwarm.com\/tr\/urun\/mirage-linen-dress-white\/","og_locale":"tr_TR","og_type":"article","og_title":"Mirage Linen Dress White - Rise & Warm","og_description":"Mirage Linen Dress White ve di\u011fer t\u00fcm \u00fcr\u00fcnlerimiz i\u00e7in Rise & Warm adresini hemen ziyaret edin. H\u0131zl\u0131 kargo ve g\u00fcvenli al\u0131\u015fveri\u015f!","og_url":"https:\/\/riseandwarm.com\/tr\/urun\/mirage-linen-dress-white\/","og_site_name":"Rise | Warm","article_modified_time":"2025-11-29T10:55:54+00:00","og_image":[{"width":1000,"height":1500,"url":"https:\/\/riseandwarm.com\/wp-content\/uploads\/2023\/06\/MirageBeyaz-Imaj4.jpg","type":"image\/jpeg"}],"twitter_card":"summary_large_image","twitter_misc":{"Tahmini okuma s\u00fcresi":"2 dakika"},"schema":{"@context":"https:\/\/schema.org","@graph":[{"@type":"WebPage","@id":"https:\/\/riseandwarm.com\/tr\/urun\/mirage-linen-dress-white\/","url":"https:\/\/riseandwarm.com\/tr\/urun\/mirage-linen-dress-white\/","name":"Mirage Linen Dress White - Rise & Warm","isPartOf":{"@id":"https:\/\/riseandwarm.com\/tr\/#website"},"primaryImageOfPage":{"@id":"https:\/\/riseandwarm.com\/tr\/urun\/mirage-linen-dress-white\/#primaryimage"},"image":{"@id":"https:\/\/riseandwarm.com\/tr\/urun\/mirage-linen-dress-white\/#primaryimage"},"thumbnailUrl":"https:\/\/riseandwarm.com\/wp-content\/uploads\/2023\/06\/MirageBeyaz-Imaj4.jpg","datePublished":"2024-03-28T14:39:12+00:00","dateModified":"2025-11-29T10:55:54+00:00","description":"Mirage Linen Dress White ve di\u011fer t\u00fcm \u00fcr\u00fcnlerimiz i\u00e7in Rise & Warm adresini hemen ziyaret edin. H\u0131zl\u0131 kargo ve g\u00fcvenli al\u0131\u015fveri\u015f!","breadcrumb":{"@id":"https:\/\/riseandwarm.com\/tr\/urun\/mirage-linen-dress-white\/#breadcrumb"},"inLanguage":"tr","potentialAction":[{"@type":"ReadAction","target":["https:\/\/riseandwarm.com\/tr\/urun\/mirage-linen-dress-white\/"]}]},{"@type":"ImageObject","inLanguage":"tr","@id":"https:\/\/riseandwarm.com\/tr\/urun\/mirage-linen-dress-white\/#primaryimage","url":"https:\/\/riseandwarm.com\/wp-content\/uploads\/2023\/06\/MirageBeyaz-Imaj4.jpg","contentUrl":"https:\/\/riseandwarm.com\/wp-content\/uploads\/2023\/06\/MirageBeyaz-Imaj4.jpg","width":1000,"height":1500},{"@type":"BreadcrumbList","@id":"https:\/\/riseandwarm.com\/tr\/urun\/mirage-linen-dress-white\/#breadcrumb","itemListElement":[{"@type":"ListItem","position":1,"name":"Home","item":"https:\/\/riseandwarm.com\/tr\/"},{"@type":"ListItem","position":2,"name":"Ma\u011faza","item":"https:\/\/riseandwarm.com\/tr\/magaza\/"},{"@type":"ListItem","position":3,"name":"Mirage Linen Dress White"}]},{"@type":"WebSite","@id":"https:\/\/riseandwarm.com\/tr\/#website","url":"https:\/\/riseandwarm.com\/tr\/","name":"Rise | Warm","description":"Free your self","potentialAction":[{"@type":"SearchAction","target":{"@type":"EntryPoint","urlTemplate":"https:\/\/riseandwarm.com\/tr\/?s={search_term_string}"},"query-input":{"@type":"PropertyValueSpecification","valueRequired":true,"valueName":"search_term_string"}}],"inLanguage":"tr"}]}},"_links":{"self":[{"href":"https:\/\/riseandwarm.com\/tr\/wp-json\/wp\/v2\/product\/7834","targetHints":{"allow":["GET"]}}],"collection":[{"href":"https:\/\/riseandwarm.com\/tr\/wp-json\/wp\/v2\/product"}],"about":[{"href":"https:\/\/riseandwarm.com\/tr\/wp-json\/wp\/v2\/types\/product"}],"version-history":[{"count":2,"href":"https:\/\/riseandwarm.com\/tr\/wp-json\/wp\/v2\/product\/7834\/revisions"}],"predecessor-version":[{"id":23064,"href":"https:\/\/riseandwarm.com\/tr\/wp-json\/wp\/v2\/product\/7834\/revisions\/23064"}],"wp:featuredmedia":[{"embeddable":true,"href":"https:\/\/riseandwarm.com\/tr\/wp-json\/wp\/v2\/media\/6325"}],"wp:attachment":[{"href":"https:\/\/riseandwarm.com\/tr\/wp-json\/wp\/v2\/media?parent=7834"}],"wp:term":[{"taxonomy":"product_brand","embeddable":true,"href":"https:\/\/riseandwarm.com\/tr\/wp-json\/wp\/v2\/product_brand?post=7834"},{"taxonomy":"product_cat","embeddable":true,"href":"https:\/\/riseandwarm.com\/tr\/wp-json\/wp\/v2\/product_cat?post=7834"},{"taxonomy":"product_tag","embeddable":true,"href":"https:\/\/riseandwarm.com\/tr\/wp-json\/wp\/v2\/product_tag?post=7834"}],"curies":[{"name":"wp","href":"https:\/\/api.w.org\/{rel}","templated":true}]}}