{"id":7802,"date":"2024-03-28T13:27:27","date_gmt":"2024-03-28T13:27:27","guid":{"rendered":"https:\/\/riseandwarm.com\/?post_type=product&#038;p=7802"},"modified":"2026-03-12T20:46:34","modified_gmt":"2026-03-12T20:46:34","slug":"noir-cape","status":"publish","type":"product","link":"https:\/\/riseandwarm.com\/tr\/urun\/noir-cape\/","title":{"rendered":"Noir Cape"},"content":{"rendered":"<p>This exquisite Noir cape reinterprets a classic garment with a modern and sophisticated touch. Its one-size-fits-all design offers a wide and comfortable structure that not only adapts to any body type but also creates a striking silhouette. The generous hood adds a stylish element of mystery, while practical pockets provide functionality for everyday use. Ideal for those with a fine taste and an eye for dramatic flair, this cape is the perfect addition for both special evenings and daily chic. As a signature piece from Rise and Warm, it will imbue your outfit with timeless elegance.<\/p>\n<p>Fabric and Care Features:<br \/>\n* Fabric: High-quality, eco-friendly synthetic fur, offering a close resemblance to the texture and appearance of real fur, but as an ethical alternative.<br \/>\n* Care:<br \/>\n* Cleaning: Requires special care; gentle cleaner should be used for stains and dirt. Professional dry cleaning is recommended.<br \/>\n* Storage: To maintain the fur&#8217;s shape, hang without creating pressure on the garment. For long-term storage, it is advised to keep it in a breathable cover to allow the fur to breathe.<br \/>\n* Moisture Protection: Although synthetic fur is more resistant to moisture, care should be taken in extremely wet conditions like rain and snow.<\/p>\n<p>Model : HEIGHT 172 \/ BUST 83 \/ WAIST 62 \/ HIPS 91M<\/p>\n<p>-TR<br \/>\nBu zarif Noir pelerinin her ayr\u0131nt\u0131s\u0131, modern ve sofistike bir dokunu\u015fla klasik bir k\u0131yafeti yeniden yorumlamay\u0131 ba\u015far\u0131yor. Bedensiz tasar\u0131m\u0131, geni\u015f ve rahat bir yap\u0131 sunarak her bedene uyum sa\u011flamakla kalm\u0131yor, ayn\u0131 zamanda dikkat \u00e7ekici bir siluet yarat\u0131yor. C\u00f6mert kap\u00fc\u015fonu, stil sahibi bir gizem katarken, pratik cepler g\u00fcnl\u00fck kullan\u0131m i\u00e7in fonksiyonellik sunuyor. Bu pelerin, ince zevkler ve \u00e7arp\u0131c\u0131 g\u00f6r\u00fcn\u00fcmler i\u00e7in ideal bir se\u00e7im. Gerek \u00f6zel gecelerde gerekse g\u00fcndelik \u015f\u0131kl\u0131kta, Noir sizin en etkileyici tamamlay\u0131c\u0131n\u0131z olacak. Rise and Warm markas\u0131n\u0131n imzas\u0131n\u0131 ta\u015f\u0131yan bu par\u00e7a, k\u0131yafetinize zamans\u0131z bir elegans katacak.<\/p>\n<p>Kuma\u015f ve Bak\u0131m \u00d6zellikleri:<br \/>\n* Kuma\u015f: Y\u00fcksek kaliteli, \u00e7evre dostu sentetik k\u00fcrk. Ger\u00e7e\u011finin dokusuna ve g\u00f6r\u00fcn\u00fcm\u00fcne yak\u0131n, ancak etik bir alternatif sunar.<br \/>\n* Bak\u0131m:<br \/>\n* Temizlik: \u00d6zel bak\u0131m gerektirir; leke ve kirler i\u00e7in nazik bir temizleyici kullan\u0131lmal\u0131d\u0131r. Profesyonel kuru temizleme \u00f6nerilir.<br \/>\n* Saklama: K\u00fcrk\u00fcn formunu korumak i\u00e7in, giysi \u00fczerinde bask\u0131 olu\u015fturmayacak \u015fekilde asarak saklay\u0131n. Uzun s\u00fcreli saklama i\u00e7in k\u00fcrk\u00fcn nefes alabilmesi ad\u0131na, hava ge\u00e7irgen bir k\u0131l\u0131f i\u00e7inde muhafaza edilmesi tavsiye edilir.<br \/>\n* Nemden Koruma: Sentetik k\u00fcrk, neme kar\u015f\u0131 daha dayan\u0131kl\u0131 olsa da, ya\u011fmur ve kar gibi a\u015f\u0131r\u0131 nemli ko\u015fullarda dikkatli kullan\u0131lmal\u0131d\u0131r.<\/p>\n","protected":false},"excerpt":{"rendered":"<p>This exquisite Noir cape reinterprets a classic garment with a modern and sophisticated touch. Its one-size-fits-all design offers a wide<\/p>\n","protected":false},"featured_media":7796,"template":"","meta":[],"product_brand":[],"product_cat":[374],"product_tag":[],"class_list":{"0":"post-7802","1":"product","2":"type-product","3":"status-publish","4":"has-post-thumbnail","6":"product_cat-dis-giyim","8":"first","9":"outofstock","10":"sale","11":"shipping-taxable","12":"purchasable","13":"product-type-simple"},"yoast_head":"<!-- This site is optimized with the Yoast SEO plugin v27.4 - https:\/\/yoast.com\/product\/yoast-seo-wordpress\/ -->\n<title>Noir Cape - Rise &amp; Warm<\/title>\n<meta name=\"description\" content=\"Noir Cape ve di\u011fer t\u00fcm \u00fcr\u00fcnlerimiz i\u00e7in Rise &amp; Warm adresini hemen ziyaret edin. H\u0131zl\u0131 kargo ve g\u00fcvenli al\u0131\u015fveri\u015f!\" \/>\n<meta name=\"robots\" content=\"index, follow, max-snippet:-1, max-image-preview:large, max-video-preview:-1\" \/>\n<link rel=\"canonical\" href=\"https:\/\/riseandwarm.com\/tr\/urun\/noir-cape\/\" \/>\n<meta property=\"og:locale\" content=\"tr_TR\" \/>\n<meta property=\"og:type\" content=\"article\" \/>\n<meta property=\"og:title\" content=\"Noir Cape - Rise &amp; Warm\" \/>\n<meta property=\"og:description\" content=\"Noir Cape ve di\u011fer t\u00fcm \u00fcr\u00fcnlerimiz i\u00e7in Rise &amp; Warm adresini hemen ziyaret edin. H\u0131zl\u0131 kargo ve g\u00fcvenli al\u0131\u015fveri\u015f!\" \/>\n<meta property=\"og:url\" content=\"https:\/\/riseandwarm.com\/tr\/urun\/noir-cape\/\" \/>\n<meta property=\"og:site_name\" content=\"Rise | Warm\" \/>\n<meta property=\"article:modified_time\" content=\"2026-03-12T20:46:34+00:00\" \/>\n<meta property=\"og:image\" content=\"https:\/\/riseandwarm.com\/wp-content\/uploads\/2024\/03\/NoirPancho.5.jpeg\" \/>\n\t<meta property=\"og:image:width\" content=\"1000\" \/>\n\t<meta property=\"og:image:height\" content=\"1500\" \/>\n\t<meta property=\"og:image:type\" content=\"image\/jpeg\" \/>\n<meta name=\"twitter:card\" content=\"summary_large_image\" \/>\n<meta name=\"twitter:label1\" content=\"Tahmini okuma s\u00fcresi\" \/>\n\t<meta name=\"twitter:data1\" content=\"2 dakika\" \/>\n<script type=\"application\/ld+json\" class=\"yoast-schema-graph\">{\"@context\":\"https:\\\/\\\/schema.org\",\"@graph\":[{\"@type\":\"WebPage\",\"@id\":\"https:\\\/\\\/riseandwarm.com\\\/tr\\\/urun\\\/noir-cape\\\/\",\"url\":\"https:\\\/\\\/riseandwarm.com\\\/tr\\\/urun\\\/noir-cape\\\/\",\"name\":\"Noir Cape - Rise & Warm\",\"isPartOf\":{\"@id\":\"https:\\\/\\\/riseandwarm.com\\\/tr\\\/#website\"},\"primaryImageOfPage\":{\"@id\":\"https:\\\/\\\/riseandwarm.com\\\/tr\\\/urun\\\/noir-cape\\\/#primaryimage\"},\"image\":{\"@id\":\"https:\\\/\\\/riseandwarm.com\\\/tr\\\/urun\\\/noir-cape\\\/#primaryimage\"},\"thumbnailUrl\":\"https:\\\/\\\/riseandwarm.com\\\/wp-content\\\/uploads\\\/2024\\\/03\\\/NoirPancho.5.jpeg\",\"datePublished\":\"2024-03-28T13:27:27+00:00\",\"dateModified\":\"2026-03-12T20:46:34+00:00\",\"description\":\"Noir Cape ve di\u011fer t\u00fcm \u00fcr\u00fcnlerimiz i\u00e7in Rise & Warm adresini hemen ziyaret edin. H\u0131zl\u0131 kargo ve g\u00fcvenli al\u0131\u015fveri\u015f!\",\"breadcrumb\":{\"@id\":\"https:\\\/\\\/riseandwarm.com\\\/tr\\\/urun\\\/noir-cape\\\/#breadcrumb\"},\"inLanguage\":\"tr\",\"potentialAction\":[{\"@type\":\"ReadAction\",\"target\":[\"https:\\\/\\\/riseandwarm.com\\\/tr\\\/urun\\\/noir-cape\\\/\"]}]},{\"@type\":\"ImageObject\",\"inLanguage\":\"tr\",\"@id\":\"https:\\\/\\\/riseandwarm.com\\\/tr\\\/urun\\\/noir-cape\\\/#primaryimage\",\"url\":\"https:\\\/\\\/riseandwarm.com\\\/wp-content\\\/uploads\\\/2024\\\/03\\\/NoirPancho.5.jpeg\",\"contentUrl\":\"https:\\\/\\\/riseandwarm.com\\\/wp-content\\\/uploads\\\/2024\\\/03\\\/NoirPancho.5.jpeg\",\"width\":1000,\"height\":1500},{\"@type\":\"BreadcrumbList\",\"@id\":\"https:\\\/\\\/riseandwarm.com\\\/tr\\\/urun\\\/noir-cape\\\/#breadcrumb\",\"itemListElement\":[{\"@type\":\"ListItem\",\"position\":1,\"name\":\"Home\",\"item\":\"https:\\\/\\\/riseandwarm.com\\\/tr\\\/\"},{\"@type\":\"ListItem\",\"position\":2,\"name\":\"Ma\u011faza\",\"item\":\"https:\\\/\\\/riseandwarm.com\\\/tr\\\/magaza\\\/\"},{\"@type\":\"ListItem\",\"position\":3,\"name\":\"Noir Cape\"}]},{\"@type\":\"WebSite\",\"@id\":\"https:\\\/\\\/riseandwarm.com\\\/tr\\\/#website\",\"url\":\"https:\\\/\\\/riseandwarm.com\\\/tr\\\/\",\"name\":\"Rise | Warm\",\"description\":\"Free your self\",\"potentialAction\":[{\"@type\":\"SearchAction\",\"target\":{\"@type\":\"EntryPoint\",\"urlTemplate\":\"https:\\\/\\\/riseandwarm.com\\\/tr\\\/?s={search_term_string}\"},\"query-input\":{\"@type\":\"PropertyValueSpecification\",\"valueRequired\":true,\"valueName\":\"search_term_string\"}}],\"inLanguage\":\"tr\"}]}<\/script>\n<!-- \/ Yoast SEO plugin. -->","yoast_head_json":{"title":"Noir Cape - Rise & Warm","description":"Noir Cape ve di\u011fer t\u00fcm \u00fcr\u00fcnlerimiz i\u00e7in Rise & Warm adresini hemen ziyaret edin. H\u0131zl\u0131 kargo ve g\u00fcvenli al\u0131\u015fveri\u015f!","robots":{"index":"index","follow":"follow","max-snippet":"max-snippet:-1","max-image-preview":"max-image-preview:large","max-video-preview":"max-video-preview:-1"},"canonical":"https:\/\/riseandwarm.com\/tr\/urun\/noir-cape\/","og_locale":"tr_TR","og_type":"article","og_title":"Noir Cape - Rise & Warm","og_description":"Noir Cape ve di\u011fer t\u00fcm \u00fcr\u00fcnlerimiz i\u00e7in Rise & Warm adresini hemen ziyaret edin. H\u0131zl\u0131 kargo ve g\u00fcvenli al\u0131\u015fveri\u015f!","og_url":"https:\/\/riseandwarm.com\/tr\/urun\/noir-cape\/","og_site_name":"Rise | Warm","article_modified_time":"2026-03-12T20:46:34+00:00","og_image":[{"width":1000,"height":1500,"url":"https:\/\/riseandwarm.com\/wp-content\/uploads\/2024\/03\/NoirPancho.5.jpeg","type":"image\/jpeg"}],"twitter_card":"summary_large_image","twitter_misc":{"Tahmini okuma s\u00fcresi":"2 dakika"},"schema":{"@context":"https:\/\/schema.org","@graph":[{"@type":"WebPage","@id":"https:\/\/riseandwarm.com\/tr\/urun\/noir-cape\/","url":"https:\/\/riseandwarm.com\/tr\/urun\/noir-cape\/","name":"Noir Cape - Rise & Warm","isPartOf":{"@id":"https:\/\/riseandwarm.com\/tr\/#website"},"primaryImageOfPage":{"@id":"https:\/\/riseandwarm.com\/tr\/urun\/noir-cape\/#primaryimage"},"image":{"@id":"https:\/\/riseandwarm.com\/tr\/urun\/noir-cape\/#primaryimage"},"thumbnailUrl":"https:\/\/riseandwarm.com\/wp-content\/uploads\/2024\/03\/NoirPancho.5.jpeg","datePublished":"2024-03-28T13:27:27+00:00","dateModified":"2026-03-12T20:46:34+00:00","description":"Noir Cape ve di\u011fer t\u00fcm \u00fcr\u00fcnlerimiz i\u00e7in Rise & Warm adresini hemen ziyaret edin. H\u0131zl\u0131 kargo ve g\u00fcvenli al\u0131\u015fveri\u015f!","breadcrumb":{"@id":"https:\/\/riseandwarm.com\/tr\/urun\/noir-cape\/#breadcrumb"},"inLanguage":"tr","potentialAction":[{"@type":"ReadAction","target":["https:\/\/riseandwarm.com\/tr\/urun\/noir-cape\/"]}]},{"@type":"ImageObject","inLanguage":"tr","@id":"https:\/\/riseandwarm.com\/tr\/urun\/noir-cape\/#primaryimage","url":"https:\/\/riseandwarm.com\/wp-content\/uploads\/2024\/03\/NoirPancho.5.jpeg","contentUrl":"https:\/\/riseandwarm.com\/wp-content\/uploads\/2024\/03\/NoirPancho.5.jpeg","width":1000,"height":1500},{"@type":"BreadcrumbList","@id":"https:\/\/riseandwarm.com\/tr\/urun\/noir-cape\/#breadcrumb","itemListElement":[{"@type":"ListItem","position":1,"name":"Home","item":"https:\/\/riseandwarm.com\/tr\/"},{"@type":"ListItem","position":2,"name":"Ma\u011faza","item":"https:\/\/riseandwarm.com\/tr\/magaza\/"},{"@type":"ListItem","position":3,"name":"Noir Cape"}]},{"@type":"WebSite","@id":"https:\/\/riseandwarm.com\/tr\/#website","url":"https:\/\/riseandwarm.com\/tr\/","name":"Rise | Warm","description":"Free your self","potentialAction":[{"@type":"SearchAction","target":{"@type":"EntryPoint","urlTemplate":"https:\/\/riseandwarm.com\/tr\/?s={search_term_string}"},"query-input":{"@type":"PropertyValueSpecification","valueRequired":true,"valueName":"search_term_string"}}],"inLanguage":"tr"}]}},"_links":{"self":[{"href":"https:\/\/riseandwarm.com\/tr\/wp-json\/wp\/v2\/product\/7802","targetHints":{"allow":["GET"]}}],"collection":[{"href":"https:\/\/riseandwarm.com\/tr\/wp-json\/wp\/v2\/product"}],"about":[{"href":"https:\/\/riseandwarm.com\/tr\/wp-json\/wp\/v2\/types\/product"}],"version-history":[{"count":3,"href":"https:\/\/riseandwarm.com\/tr\/wp-json\/wp\/v2\/product\/7802\/revisions"}],"predecessor-version":[{"id":23068,"href":"https:\/\/riseandwarm.com\/tr\/wp-json\/wp\/v2\/product\/7802\/revisions\/23068"}],"wp:featuredmedia":[{"embeddable":true,"href":"https:\/\/riseandwarm.com\/tr\/wp-json\/wp\/v2\/media\/7796"}],"wp:attachment":[{"href":"https:\/\/riseandwarm.com\/tr\/wp-json\/wp\/v2\/media?parent=7802"}],"wp:term":[{"taxonomy":"product_brand","embeddable":true,"href":"https:\/\/riseandwarm.com\/tr\/wp-json\/wp\/v2\/product_brand?post=7802"},{"taxonomy":"product_cat","embeddable":true,"href":"https:\/\/riseandwarm.com\/tr\/wp-json\/wp\/v2\/product_cat?post=7802"},{"taxonomy":"product_tag","embeddable":true,"href":"https:\/\/riseandwarm.com\/tr\/wp-json\/wp\/v2\/product_tag?post=7802"}],"curies":[{"name":"wp","href":"https:\/\/api.w.org\/{rel}","templated":true}]}}