{"id":7789,"date":"2024-03-28T13:11:54","date_gmt":"2024-03-28T13:11:54","guid":{"rendered":"https:\/\/riseandwarm.com\/?post_type=product&#038;p=7789"},"modified":"2026-03-24T18:46:52","modified_gmt":"2026-03-24T18:46:52","slug":"phoenix-coat","status":"publish","type":"product","link":"https:\/\/riseandwarm.com\/tr\/urun\/phoenix-coat\/","title":{"rendered":"Phoenix Coat"},"content":{"rendered":"<p>&#8220;Phoenix&#8221; Fur: The Awakening of Colors<br \/>\nThe &#8220;Phoenix&#8221; fur from Rise and Warm is a perfect addition to rejuvenate your winter wardrobe. This hooded, pocketed, belted, and fully lined model keeps you warm in cold weather while allowing you to express your style freedom. In every detail, you will find a bold harmony of colors and the limitless expression of elegance.<\/p>\n<p>At Rise and Warm, we place great importance on sustainability and ethical fashion. That&#8217;s why, for our &#8220;Phoenix&#8221; model, we use high-quality, environmentally friendly materials instead of real fur, offering a look and feel close to the real thing. With its colorful and dynamic design, &#8220;Phoenix&#8221; challenges the gray and cold days of winter.<\/p>\n<p>Fabric and Care Features:<br \/>\n* Fabric: High-quality, eco-friendly synthetic fur, offering a close resemblance to the texture and appearance of real fur, but as an ethical alternative.<br \/>\n* Care:<br \/>\n* Cleaning: Requires special care; gentle cleaner should be used for stains and dirt. Professional dry cleaning is recommended.<br \/>\n* Storage: To maintain the fur&#8217;s shape, hang without creating pressure on the garment. For long-term storage, it is advised to keep it in a breathable cover to allow the fur to breathe.<br \/>\n* Moisture Protection: Although synthetic fur is more resistant to moisture, care should be taken in extremely wet conditions like rain and snow.<\/p>\n<p>Model : HEIGHT 172 \/ BUST 83 \/ WAIST 62 \/ HIPS 91M<\/p>\n<p>Length : 130<\/p>\n<p>-TR<br \/>\n&#8220;Phoenix&#8221; K\u00fcrk: Renklerin Uyan\u0131\u015f\u0131<br \/>\nRise and Warm&#8217;\u0131n &#8220;Phoenix&#8221; k\u00fcrk\u00fc, k\u0131\u015f gard\u0131robunuzun canlanmas\u0131 i\u00e7in m\u00fckemmel bir se\u00e7enektir. Kap\u00fc\u015fonlu, cepli, kemerli ve tamamen astarl\u0131 bu model, so\u011fuk havalarda sizi s\u0131cak tutarken, stilinizle de \u00f6zg\u00fcrl\u00fc\u011f\u00fcn\u00fcz\u00fc ifade etmenize olanak tan\u0131r. Her bir detayda, renklerin cesur uyumunu ve zarafetin s\u0131n\u0131rs\u0131z ifadesini bulacaks\u0131n\u0131z.<\/p>\n<p>Biz Rise and Warm olarak, s\u00fcrd\u00fcr\u00fclebilirli\u011fe ve etik moda anlay\u0131\u015f\u0131na b\u00fcy\u00fck \u00f6nem veriyoruz. Bu sebeple &#8220;Phoenix&#8221; modelimizde, ger\u00e7ek k\u00fcrk yerine y\u00fcksek kaliteli ve \u00e7evre dostu malzemeler kullan\u0131larak, ger\u00e7e\u011fine yak\u0131n bir g\u00f6r\u00fcn\u00fcm ve his sunulmaktad\u0131r. Rengarenk ve dinamik tasar\u0131m\u0131yla &#8220;Phoenix&#8221;, k\u0131\u015f mevsiminin gri ve so\u011fuk g\u00fcnlerine meydan okuyor.<\/p>\n<p>Kuma\u015f ve Bak\u0131m \u00d6zellikleri:<br \/>\n* Kuma\u015f: Y\u00fcksek kaliteli, \u00e7evre dostu sentetik k\u00fcrk. Ger\u00e7e\u011finin dokusuna ve g\u00f6r\u00fcn\u00fcm\u00fcne yak\u0131n, ancak etik bir alternatif sunar.<br \/>\n* Bak\u0131m:<br \/>\n* Temizlik: \u00d6zel bak\u0131m gerektirir; leke ve kirler i\u00e7in nazik bir temizleyici kullan\u0131lmal\u0131d\u0131r. Profesyonel kuru temizleme \u00f6nerilir.<br \/>\n* Saklama: K\u00fcrk\u00fcn formunu korumak i\u00e7in, giysi \u00fczerinde bask\u0131 olu\u015fturmayacak \u015fekilde asarak saklay\u0131n. Uzun s\u00fcreli saklama i\u00e7in k\u00fcrk\u00fcn nefes alabilmesi ad\u0131na, hava ge\u00e7irgen bir k\u0131l\u0131f i\u00e7inde muhafaza edilmesi tavsiye edilir.<br \/>\n* Nemden Koruma: Sentetik k\u00fcrk, neme kar\u015f\u0131 daha dayan\u0131kl\u0131 olsa da, ya\u011fmur ve kar gibi a\u015f\u0131r\u0131 nemli ko\u015fullarda dikkatli kullan\u0131lmal\u0131d\u0131r.<\/p>\n","protected":false},"excerpt":{"rendered":"<p>&#8220;Phoenix&#8221; Fur: The Awakening of Colors The &#8220;Phoenix&#8221; fur from Rise and Warm is a perfect addition to rejuvenate your<\/p>\n","protected":false},"featured_media":7781,"template":"","meta":[],"product_brand":[],"product_cat":[374,273],"product_tag":[],"class_list":{"0":"post-7789","1":"product","2":"type-product","3":"status-publish","4":"has-post-thumbnail","6":"product_cat-dis-giyim","7":"product_cat-ozel-fiyatlar","9":"first","10":"instock","11":"sale","12":"shipping-taxable","13":"purchasable","14":"product-type-simple"},"yoast_head":"<!-- This site is optimized with the Yoast SEO plugin v27.4 - https:\/\/yoast.com\/product\/yoast-seo-wordpress\/ -->\n<title>Phoenix Coat - Rise &amp; Warm<\/title>\n<meta name=\"description\" content=\"Phoenix Coat ve di\u011fer t\u00fcm \u00fcr\u00fcnlerimiz i\u00e7in Rise &amp; Warm adresini hemen ziyaret edin. H\u0131zl\u0131 kargo ve g\u00fcvenli al\u0131\u015fveri\u015f!\" \/>\n<meta name=\"robots\" content=\"index, follow, max-snippet:-1, max-image-preview:large, max-video-preview:-1\" \/>\n<link rel=\"canonical\" href=\"https:\/\/riseandwarm.com\/tr\/urun\/phoenix-coat\/\" \/>\n<meta property=\"og:locale\" content=\"tr_TR\" \/>\n<meta property=\"og:type\" content=\"article\" \/>\n<meta property=\"og:title\" content=\"Phoenix Coat - Rise &amp; Warm\" \/>\n<meta property=\"og:description\" content=\"Phoenix Coat ve di\u011fer t\u00fcm \u00fcr\u00fcnlerimiz i\u00e7in Rise &amp; Warm adresini hemen ziyaret edin. H\u0131zl\u0131 kargo ve g\u00fcvenli al\u0131\u015fveri\u015f!\" \/>\n<meta property=\"og:url\" content=\"https:\/\/riseandwarm.com\/tr\/urun\/phoenix-coat\/\" \/>\n<meta property=\"og:site_name\" content=\"Rise | Warm\" \/>\n<meta property=\"article:modified_time\" content=\"2026-03-24T18:46:52+00:00\" \/>\n<meta property=\"og:image\" content=\"https:\/\/riseandwarm.com\/wp-content\/uploads\/2024\/03\/PhoenixCoat5.jpeg\" \/>\n\t<meta property=\"og:image:width\" content=\"1000\" \/>\n\t<meta property=\"og:image:height\" content=\"1500\" \/>\n\t<meta property=\"og:image:type\" content=\"image\/jpeg\" \/>\n<meta name=\"twitter:card\" content=\"summary_large_image\" \/>\n<meta name=\"twitter:label1\" content=\"Tahmini okuma s\u00fcresi\" \/>\n\t<meta name=\"twitter:data1\" content=\"3 dakika\" \/>\n<script type=\"application\/ld+json\" class=\"yoast-schema-graph\">{\"@context\":\"https:\\\/\\\/schema.org\",\"@graph\":[{\"@type\":\"WebPage\",\"@id\":\"https:\\\/\\\/riseandwarm.com\\\/tr\\\/urun\\\/phoenix-coat\\\/\",\"url\":\"https:\\\/\\\/riseandwarm.com\\\/tr\\\/urun\\\/phoenix-coat\\\/\",\"name\":\"Phoenix Coat - Rise & Warm\",\"isPartOf\":{\"@id\":\"https:\\\/\\\/riseandwarm.com\\\/tr\\\/#website\"},\"primaryImageOfPage\":{\"@id\":\"https:\\\/\\\/riseandwarm.com\\\/tr\\\/urun\\\/phoenix-coat\\\/#primaryimage\"},\"image\":{\"@id\":\"https:\\\/\\\/riseandwarm.com\\\/tr\\\/urun\\\/phoenix-coat\\\/#primaryimage\"},\"thumbnailUrl\":\"https:\\\/\\\/riseandwarm.com\\\/wp-content\\\/uploads\\\/2024\\\/03\\\/PhoenixCoat5.jpeg\",\"datePublished\":\"2024-03-28T13:11:54+00:00\",\"dateModified\":\"2026-03-24T18:46:52+00:00\",\"description\":\"Phoenix Coat ve di\u011fer t\u00fcm \u00fcr\u00fcnlerimiz i\u00e7in Rise & Warm adresini hemen ziyaret edin. H\u0131zl\u0131 kargo ve g\u00fcvenli al\u0131\u015fveri\u015f!\",\"breadcrumb\":{\"@id\":\"https:\\\/\\\/riseandwarm.com\\\/tr\\\/urun\\\/phoenix-coat\\\/#breadcrumb\"},\"inLanguage\":\"tr\",\"potentialAction\":[{\"@type\":\"ReadAction\",\"target\":[\"https:\\\/\\\/riseandwarm.com\\\/tr\\\/urun\\\/phoenix-coat\\\/\"]}]},{\"@type\":\"ImageObject\",\"inLanguage\":\"tr\",\"@id\":\"https:\\\/\\\/riseandwarm.com\\\/tr\\\/urun\\\/phoenix-coat\\\/#primaryimage\",\"url\":\"https:\\\/\\\/riseandwarm.com\\\/wp-content\\\/uploads\\\/2024\\\/03\\\/PhoenixCoat5.jpeg\",\"contentUrl\":\"https:\\\/\\\/riseandwarm.com\\\/wp-content\\\/uploads\\\/2024\\\/03\\\/PhoenixCoat5.jpeg\",\"width\":1000,\"height\":1500},{\"@type\":\"BreadcrumbList\",\"@id\":\"https:\\\/\\\/riseandwarm.com\\\/tr\\\/urun\\\/phoenix-coat\\\/#breadcrumb\",\"itemListElement\":[{\"@type\":\"ListItem\",\"position\":1,\"name\":\"Home\",\"item\":\"https:\\\/\\\/riseandwarm.com\\\/tr\\\/\"},{\"@type\":\"ListItem\",\"position\":2,\"name\":\"Ma\u011faza\",\"item\":\"https:\\\/\\\/riseandwarm.com\\\/tr\\\/magaza\\\/\"},{\"@type\":\"ListItem\",\"position\":3,\"name\":\"Phoenix Coat\"}]},{\"@type\":\"WebSite\",\"@id\":\"https:\\\/\\\/riseandwarm.com\\\/tr\\\/#website\",\"url\":\"https:\\\/\\\/riseandwarm.com\\\/tr\\\/\",\"name\":\"Rise | Warm\",\"description\":\"Free your self\",\"potentialAction\":[{\"@type\":\"SearchAction\",\"target\":{\"@type\":\"EntryPoint\",\"urlTemplate\":\"https:\\\/\\\/riseandwarm.com\\\/tr\\\/?s={search_term_string}\"},\"query-input\":{\"@type\":\"PropertyValueSpecification\",\"valueRequired\":true,\"valueName\":\"search_term_string\"}}],\"inLanguage\":\"tr\"}]}<\/script>\n<!-- \/ Yoast SEO plugin. -->","yoast_head_json":{"title":"Phoenix Coat - Rise & Warm","description":"Phoenix Coat ve di\u011fer t\u00fcm \u00fcr\u00fcnlerimiz i\u00e7in Rise & Warm adresini hemen ziyaret edin. H\u0131zl\u0131 kargo ve g\u00fcvenli al\u0131\u015fveri\u015f!","robots":{"index":"index","follow":"follow","max-snippet":"max-snippet:-1","max-image-preview":"max-image-preview:large","max-video-preview":"max-video-preview:-1"},"canonical":"https:\/\/riseandwarm.com\/tr\/urun\/phoenix-coat\/","og_locale":"tr_TR","og_type":"article","og_title":"Phoenix Coat - Rise & Warm","og_description":"Phoenix Coat ve di\u011fer t\u00fcm \u00fcr\u00fcnlerimiz i\u00e7in Rise & Warm adresini hemen ziyaret edin. H\u0131zl\u0131 kargo ve g\u00fcvenli al\u0131\u015fveri\u015f!","og_url":"https:\/\/riseandwarm.com\/tr\/urun\/phoenix-coat\/","og_site_name":"Rise | Warm","article_modified_time":"2026-03-24T18:46:52+00:00","og_image":[{"width":1000,"height":1500,"url":"https:\/\/riseandwarm.com\/wp-content\/uploads\/2024\/03\/PhoenixCoat5.jpeg","type":"image\/jpeg"}],"twitter_card":"summary_large_image","twitter_misc":{"Tahmini okuma s\u00fcresi":"3 dakika"},"schema":{"@context":"https:\/\/schema.org","@graph":[{"@type":"WebPage","@id":"https:\/\/riseandwarm.com\/tr\/urun\/phoenix-coat\/","url":"https:\/\/riseandwarm.com\/tr\/urun\/phoenix-coat\/","name":"Phoenix Coat - Rise & Warm","isPartOf":{"@id":"https:\/\/riseandwarm.com\/tr\/#website"},"primaryImageOfPage":{"@id":"https:\/\/riseandwarm.com\/tr\/urun\/phoenix-coat\/#primaryimage"},"image":{"@id":"https:\/\/riseandwarm.com\/tr\/urun\/phoenix-coat\/#primaryimage"},"thumbnailUrl":"https:\/\/riseandwarm.com\/wp-content\/uploads\/2024\/03\/PhoenixCoat5.jpeg","datePublished":"2024-03-28T13:11:54+00:00","dateModified":"2026-03-24T18:46:52+00:00","description":"Phoenix Coat ve di\u011fer t\u00fcm \u00fcr\u00fcnlerimiz i\u00e7in Rise & Warm adresini hemen ziyaret edin. H\u0131zl\u0131 kargo ve g\u00fcvenli al\u0131\u015fveri\u015f!","breadcrumb":{"@id":"https:\/\/riseandwarm.com\/tr\/urun\/phoenix-coat\/#breadcrumb"},"inLanguage":"tr","potentialAction":[{"@type":"ReadAction","target":["https:\/\/riseandwarm.com\/tr\/urun\/phoenix-coat\/"]}]},{"@type":"ImageObject","inLanguage":"tr","@id":"https:\/\/riseandwarm.com\/tr\/urun\/phoenix-coat\/#primaryimage","url":"https:\/\/riseandwarm.com\/wp-content\/uploads\/2024\/03\/PhoenixCoat5.jpeg","contentUrl":"https:\/\/riseandwarm.com\/wp-content\/uploads\/2024\/03\/PhoenixCoat5.jpeg","width":1000,"height":1500},{"@type":"BreadcrumbList","@id":"https:\/\/riseandwarm.com\/tr\/urun\/phoenix-coat\/#breadcrumb","itemListElement":[{"@type":"ListItem","position":1,"name":"Home","item":"https:\/\/riseandwarm.com\/tr\/"},{"@type":"ListItem","position":2,"name":"Ma\u011faza","item":"https:\/\/riseandwarm.com\/tr\/magaza\/"},{"@type":"ListItem","position":3,"name":"Phoenix Coat"}]},{"@type":"WebSite","@id":"https:\/\/riseandwarm.com\/tr\/#website","url":"https:\/\/riseandwarm.com\/tr\/","name":"Rise | Warm","description":"Free your self","potentialAction":[{"@type":"SearchAction","target":{"@type":"EntryPoint","urlTemplate":"https:\/\/riseandwarm.com\/tr\/?s={search_term_string}"},"query-input":{"@type":"PropertyValueSpecification","valueRequired":true,"valueName":"search_term_string"}}],"inLanguage":"tr"}]}},"_links":{"self":[{"href":"https:\/\/riseandwarm.com\/tr\/wp-json\/wp\/v2\/product\/7789","targetHints":{"allow":["GET"]}}],"collection":[{"href":"https:\/\/riseandwarm.com\/tr\/wp-json\/wp\/v2\/product"}],"about":[{"href":"https:\/\/riseandwarm.com\/tr\/wp-json\/wp\/v2\/types\/product"}],"version-history":[{"count":3,"href":"https:\/\/riseandwarm.com\/tr\/wp-json\/wp\/v2\/product\/7789\/revisions"}],"predecessor-version":[{"id":23070,"href":"https:\/\/riseandwarm.com\/tr\/wp-json\/wp\/v2\/product\/7789\/revisions\/23070"}],"wp:featuredmedia":[{"embeddable":true,"href":"https:\/\/riseandwarm.com\/tr\/wp-json\/wp\/v2\/media\/7781"}],"wp:attachment":[{"href":"https:\/\/riseandwarm.com\/tr\/wp-json\/wp\/v2\/media?parent=7789"}],"wp:term":[{"taxonomy":"product_brand","embeddable":true,"href":"https:\/\/riseandwarm.com\/tr\/wp-json\/wp\/v2\/product_brand?post=7789"},{"taxonomy":"product_cat","embeddable":true,"href":"https:\/\/riseandwarm.com\/tr\/wp-json\/wp\/v2\/product_cat?post=7789"},{"taxonomy":"product_tag","embeddable":true,"href":"https:\/\/riseandwarm.com\/tr\/wp-json\/wp\/v2\/product_tag?post=7789"}],"curies":[{"name":"wp","href":"https:\/\/api.w.org\/{rel}","templated":true}]}}