{"id":7716,"date":"2024-03-28T11:24:53","date_gmt":"2024-03-28T11:24:53","guid":{"rendered":"https:\/\/riseandwarm.com\/?post_type=product&#038;p=7716"},"modified":"2025-11-29T11:03:28","modified_gmt":"2025-11-29T11:03:28","slug":"empress-dress-black","status":"publish","type":"product","link":"https:\/\/riseandwarm.com\/tr\/urun\/empress-dress-black\/","title":{"rendered":"Empress Dress Black"},"content":{"rendered":"<p>&#8220;Empress&#8221; Urban Elegance<br \/>\nThe &#8220;Empress&#8221; model is a signature piece from Rise and Warm. It offers a modern and comfortable style with its shirt collar and adjustable back neckline. The lightness and fluidity provided by the silk-viscose blend fabric are felt with every step. Designed to fit all body types perfectly from XS to L, this design adapts seamlessly to every silhouette.<\/p>\n<p>Thanks to the buttons along the front and sides, it can be tailored to the wearer&#8217;s preference. &#8220;Empress,&#8221; suitable for both everyday wear and special occasions, is destined to become an indispensable part of your wardrobe.<\/p>\n<p>Fabric and Care Features:<br \/>\n* Fabric: Silk-viscose blend, stands out with its luxurious touch and flowing silhouette.<br \/>\n* Care: Dry clean only to preserve the delicate fabric structure.<\/p>\n<p>Model : HEIGHT 172 \/ BUST 83 \/ WAIST 62 \/ HIPS 91M<\/p>\n<p>Length : 135<\/p>\n<p>-TR<br \/>\n&#8220;Empress&#8221; \u015eehirli Zarafet<br \/>\n&#8220;Empress&#8221; modeli, Rise and Warm&#8217;\u0131n imzas\u0131 niteli\u011finde. G\u00f6mlek yaka ve arkadan ayarlanabilir s\u0131rt dekoltesi ile modern ve rahat bir stil sunuyor. \u0130pek-viskon kar\u0131\u015f\u0131m\u0131 kuma\u015f\u0131n sundu\u011fu hafiflik ve ak\u0131c\u0131l\u0131k, her ad\u0131mda hissedilir. XS&#8217;ten L&#8217;ye kadar t\u00fcm bedenlere uyum sa\u011flayan bu tasar\u0131m, her v\u00fccut tipine m\u00fckemmel bir \u015fekilde oturur.<\/p>\n<p>\u00d6n\u00fc ve yanlar\u0131ndaki d\u00fc\u011fmeler sayesinde, giyenin tercihine g\u00f6re \u015fekillenebilir. Hem g\u00fcnl\u00fck kullan\u0131ma hem de \u00f6zel g\u00fcnlerinize uyum sa\u011flayacak &#8220;Empress&#8221;, gard\u0131robunuzun vazge\u00e7ilmez bir par\u00e7as\u0131 olmaya aday.<\/p>\n<p>Kuma\u015f ve Bak\u0131m \u00d6zellikleri:<br \/>\n* Kuma\u015f: \u0130pek-viscon kar\u0131\u015f\u0131m\u0131, l\u00fcks dokunu\u015fu ve ak\u0131c\u0131 silueti ile \u00f6ne \u00e7\u0131kar.<br \/>\n* Bak\u0131m: Hassas kuma\u015f yap\u0131s\u0131n\u0131 korumak i\u00e7in yaln\u0131zca kuru temizleme \u00f6nerilir.<\/p>\n","protected":false},"excerpt":{"rendered":"<p>&#8220;Empress&#8221; Urban Elegance The &#8220;Empress&#8221; model is a signature piece from Rise and Warm. It offers a modern and comfortable<\/p>\n","protected":false},"featured_media":7536,"template":"","meta":[],"product_brand":[],"product_cat":[106,383,382,273],"product_tag":[],"class_list":{"0":"post-7716","1":"product","2":"type-product","3":"status-publish","4":"has-post-thumbnail","6":"product_cat-elbise-modelleri","7":"product_cat-gece-elbiseleri","8":"product_cat-gomlek-elbiseler","9":"product_cat-ozel-fiyatlar","11":"first","12":"instock","13":"sale","14":"shipping-taxable","15":"purchasable","16":"product-type-simple"},"yoast_head":"<!-- This site is optimized with the Yoast SEO plugin v27.4 - https:\/\/yoast.com\/product\/yoast-seo-wordpress\/ -->\n<title>Empress Dress Black - Rise &amp; Warm<\/title>\n<meta name=\"description\" content=\"Empress Dress Black ve di\u011fer t\u00fcm \u00fcr\u00fcnlerimiz i\u00e7in Rise &amp; Warm adresini hemen ziyaret edin. H\u0131zl\u0131 kargo ve g\u00fcvenli al\u0131\u015fveri\u015f!\" \/>\n<meta name=\"robots\" content=\"index, follow, max-snippet:-1, max-image-preview:large, max-video-preview:-1\" \/>\n<link rel=\"canonical\" href=\"https:\/\/riseandwarm.com\/tr\/urun\/empress-dress-black\/\" \/>\n<meta property=\"og:locale\" content=\"tr_TR\" \/>\n<meta property=\"og:type\" content=\"article\" \/>\n<meta property=\"og:title\" content=\"Empress Dress Black - Rise &amp; Warm\" \/>\n<meta property=\"og:description\" content=\"Empress Dress Black ve di\u011fer t\u00fcm \u00fcr\u00fcnlerimiz i\u00e7in Rise &amp; Warm adresini hemen ziyaret edin. H\u0131zl\u0131 kargo ve g\u00fcvenli al\u0131\u015fveri\u015f!\" \/>\n<meta property=\"og:url\" content=\"https:\/\/riseandwarm.com\/tr\/urun\/empress-dress-black\/\" \/>\n<meta property=\"og:site_name\" content=\"Rise | Warm\" \/>\n<meta property=\"article:modified_time\" content=\"2025-11-29T11:03:28+00:00\" \/>\n<meta property=\"og:image\" content=\"https:\/\/riseandwarm.com\/wp-content\/uploads\/2024\/03\/EmpressDressBlack6.jpg\" \/>\n\t<meta property=\"og:image:width\" content=\"1000\" \/>\n\t<meta property=\"og:image:height\" content=\"1500\" \/>\n\t<meta property=\"og:image:type\" content=\"image\/jpeg\" \/>\n<meta name=\"twitter:card\" content=\"summary_large_image\" \/>\n<meta name=\"twitter:label1\" content=\"Tahmini okuma s\u00fcresi\" \/>\n\t<meta name=\"twitter:data1\" content=\"2 dakika\" \/>\n<script type=\"application\/ld+json\" class=\"yoast-schema-graph\">{\"@context\":\"https:\\\/\\\/schema.org\",\"@graph\":[{\"@type\":\"WebPage\",\"@id\":\"https:\\\/\\\/riseandwarm.com\\\/tr\\\/urun\\\/empress-dress-black\\\/\",\"url\":\"https:\\\/\\\/riseandwarm.com\\\/tr\\\/urun\\\/empress-dress-black\\\/\",\"name\":\"Empress Dress Black - Rise & Warm\",\"isPartOf\":{\"@id\":\"https:\\\/\\\/riseandwarm.com\\\/tr\\\/#website\"},\"primaryImageOfPage\":{\"@id\":\"https:\\\/\\\/riseandwarm.com\\\/tr\\\/urun\\\/empress-dress-black\\\/#primaryimage\"},\"image\":{\"@id\":\"https:\\\/\\\/riseandwarm.com\\\/tr\\\/urun\\\/empress-dress-black\\\/#primaryimage\"},\"thumbnailUrl\":\"https:\\\/\\\/riseandwarm.com\\\/wp-content\\\/uploads\\\/2024\\\/03\\\/EmpressDressBlack6.jpg\",\"datePublished\":\"2024-03-28T11:24:53+00:00\",\"dateModified\":\"2025-11-29T11:03:28+00:00\",\"description\":\"Empress Dress Black ve di\u011fer t\u00fcm \u00fcr\u00fcnlerimiz i\u00e7in Rise & Warm adresini hemen ziyaret edin. H\u0131zl\u0131 kargo ve g\u00fcvenli al\u0131\u015fveri\u015f!\",\"breadcrumb\":{\"@id\":\"https:\\\/\\\/riseandwarm.com\\\/tr\\\/urun\\\/empress-dress-black\\\/#breadcrumb\"},\"inLanguage\":\"tr\",\"potentialAction\":[{\"@type\":\"ReadAction\",\"target\":[\"https:\\\/\\\/riseandwarm.com\\\/tr\\\/urun\\\/empress-dress-black\\\/\"]}]},{\"@type\":\"ImageObject\",\"inLanguage\":\"tr\",\"@id\":\"https:\\\/\\\/riseandwarm.com\\\/tr\\\/urun\\\/empress-dress-black\\\/#primaryimage\",\"url\":\"https:\\\/\\\/riseandwarm.com\\\/wp-content\\\/uploads\\\/2024\\\/03\\\/EmpressDressBlack6.jpg\",\"contentUrl\":\"https:\\\/\\\/riseandwarm.com\\\/wp-content\\\/uploads\\\/2024\\\/03\\\/EmpressDressBlack6.jpg\",\"width\":1000,\"height\":1500},{\"@type\":\"BreadcrumbList\",\"@id\":\"https:\\\/\\\/riseandwarm.com\\\/tr\\\/urun\\\/empress-dress-black\\\/#breadcrumb\",\"itemListElement\":[{\"@type\":\"ListItem\",\"position\":1,\"name\":\"Home\",\"item\":\"https:\\\/\\\/riseandwarm.com\\\/tr\\\/\"},{\"@type\":\"ListItem\",\"position\":2,\"name\":\"Ma\u011faza\",\"item\":\"https:\\\/\\\/riseandwarm.com\\\/tr\\\/magaza\\\/\"},{\"@type\":\"ListItem\",\"position\":3,\"name\":\"Empress Dress Black\"}]},{\"@type\":\"WebSite\",\"@id\":\"https:\\\/\\\/riseandwarm.com\\\/tr\\\/#website\",\"url\":\"https:\\\/\\\/riseandwarm.com\\\/tr\\\/\",\"name\":\"Rise | Warm\",\"description\":\"Free your self\",\"potentialAction\":[{\"@type\":\"SearchAction\",\"target\":{\"@type\":\"EntryPoint\",\"urlTemplate\":\"https:\\\/\\\/riseandwarm.com\\\/tr\\\/?s={search_term_string}\"},\"query-input\":{\"@type\":\"PropertyValueSpecification\",\"valueRequired\":true,\"valueName\":\"search_term_string\"}}],\"inLanguage\":\"tr\"}]}<\/script>\n<!-- \/ Yoast SEO plugin. -->","yoast_head_json":{"title":"Empress Dress Black - Rise & Warm","description":"Empress Dress Black ve di\u011fer t\u00fcm \u00fcr\u00fcnlerimiz i\u00e7in Rise & Warm adresini hemen ziyaret edin. H\u0131zl\u0131 kargo ve g\u00fcvenli al\u0131\u015fveri\u015f!","robots":{"index":"index","follow":"follow","max-snippet":"max-snippet:-1","max-image-preview":"max-image-preview:large","max-video-preview":"max-video-preview:-1"},"canonical":"https:\/\/riseandwarm.com\/tr\/urun\/empress-dress-black\/","og_locale":"tr_TR","og_type":"article","og_title":"Empress Dress Black - Rise & Warm","og_description":"Empress Dress Black ve di\u011fer t\u00fcm \u00fcr\u00fcnlerimiz i\u00e7in Rise & Warm adresini hemen ziyaret edin. H\u0131zl\u0131 kargo ve g\u00fcvenli al\u0131\u015fveri\u015f!","og_url":"https:\/\/riseandwarm.com\/tr\/urun\/empress-dress-black\/","og_site_name":"Rise | Warm","article_modified_time":"2025-11-29T11:03:28+00:00","og_image":[{"width":1000,"height":1500,"url":"https:\/\/riseandwarm.com\/wp-content\/uploads\/2024\/03\/EmpressDressBlack6.jpg","type":"image\/jpeg"}],"twitter_card":"summary_large_image","twitter_misc":{"Tahmini okuma s\u00fcresi":"2 dakika"},"schema":{"@context":"https:\/\/schema.org","@graph":[{"@type":"WebPage","@id":"https:\/\/riseandwarm.com\/tr\/urun\/empress-dress-black\/","url":"https:\/\/riseandwarm.com\/tr\/urun\/empress-dress-black\/","name":"Empress Dress Black - Rise & Warm","isPartOf":{"@id":"https:\/\/riseandwarm.com\/tr\/#website"},"primaryImageOfPage":{"@id":"https:\/\/riseandwarm.com\/tr\/urun\/empress-dress-black\/#primaryimage"},"image":{"@id":"https:\/\/riseandwarm.com\/tr\/urun\/empress-dress-black\/#primaryimage"},"thumbnailUrl":"https:\/\/riseandwarm.com\/wp-content\/uploads\/2024\/03\/EmpressDressBlack6.jpg","datePublished":"2024-03-28T11:24:53+00:00","dateModified":"2025-11-29T11:03:28+00:00","description":"Empress Dress Black ve di\u011fer t\u00fcm \u00fcr\u00fcnlerimiz i\u00e7in Rise & Warm adresini hemen ziyaret edin. H\u0131zl\u0131 kargo ve g\u00fcvenli al\u0131\u015fveri\u015f!","breadcrumb":{"@id":"https:\/\/riseandwarm.com\/tr\/urun\/empress-dress-black\/#breadcrumb"},"inLanguage":"tr","potentialAction":[{"@type":"ReadAction","target":["https:\/\/riseandwarm.com\/tr\/urun\/empress-dress-black\/"]}]},{"@type":"ImageObject","inLanguage":"tr","@id":"https:\/\/riseandwarm.com\/tr\/urun\/empress-dress-black\/#primaryimage","url":"https:\/\/riseandwarm.com\/wp-content\/uploads\/2024\/03\/EmpressDressBlack6.jpg","contentUrl":"https:\/\/riseandwarm.com\/wp-content\/uploads\/2024\/03\/EmpressDressBlack6.jpg","width":1000,"height":1500},{"@type":"BreadcrumbList","@id":"https:\/\/riseandwarm.com\/tr\/urun\/empress-dress-black\/#breadcrumb","itemListElement":[{"@type":"ListItem","position":1,"name":"Home","item":"https:\/\/riseandwarm.com\/tr\/"},{"@type":"ListItem","position":2,"name":"Ma\u011faza","item":"https:\/\/riseandwarm.com\/tr\/magaza\/"},{"@type":"ListItem","position":3,"name":"Empress Dress Black"}]},{"@type":"WebSite","@id":"https:\/\/riseandwarm.com\/tr\/#website","url":"https:\/\/riseandwarm.com\/tr\/","name":"Rise | Warm","description":"Free your self","potentialAction":[{"@type":"SearchAction","target":{"@type":"EntryPoint","urlTemplate":"https:\/\/riseandwarm.com\/tr\/?s={search_term_string}"},"query-input":{"@type":"PropertyValueSpecification","valueRequired":true,"valueName":"search_term_string"}}],"inLanguage":"tr"}]}},"_links":{"self":[{"href":"https:\/\/riseandwarm.com\/tr\/wp-json\/wp\/v2\/product\/7716","targetHints":{"allow":["GET"]}}],"collection":[{"href":"https:\/\/riseandwarm.com\/tr\/wp-json\/wp\/v2\/product"}],"about":[{"href":"https:\/\/riseandwarm.com\/tr\/wp-json\/wp\/v2\/types\/product"}],"version-history":[{"count":3,"href":"https:\/\/riseandwarm.com\/tr\/wp-json\/wp\/v2\/product\/7716\/revisions"}],"predecessor-version":[{"id":23082,"href":"https:\/\/riseandwarm.com\/tr\/wp-json\/wp\/v2\/product\/7716\/revisions\/23082"}],"wp:featuredmedia":[{"embeddable":true,"href":"https:\/\/riseandwarm.com\/tr\/wp-json\/wp\/v2\/media\/7536"}],"wp:attachment":[{"href":"https:\/\/riseandwarm.com\/tr\/wp-json\/wp\/v2\/media?parent=7716"}],"wp:term":[{"taxonomy":"product_brand","embeddable":true,"href":"https:\/\/riseandwarm.com\/tr\/wp-json\/wp\/v2\/product_brand?post=7716"},{"taxonomy":"product_cat","embeddable":true,"href":"https:\/\/riseandwarm.com\/tr\/wp-json\/wp\/v2\/product_cat?post=7716"},{"taxonomy":"product_tag","embeddable":true,"href":"https:\/\/riseandwarm.com\/tr\/wp-json\/wp\/v2\/product_tag?post=7716"}],"curies":[{"name":"wp","href":"https:\/\/api.w.org\/{rel}","templated":true}]}}