{"id":7715,"date":"2024-03-28T11:10:54","date_gmt":"2024-03-28T11:10:54","guid":{"rendered":"https:\/\/riseandwarm.com\/?post_type=product&#038;p=7715"},"modified":"2025-11-29T11:05:48","modified_gmt":"2025-11-29T11:05:48","slug":"ravish-dress-white","status":"publish","type":"product","link":"https:\/\/riseandwarm.com\/tr\/urun\/ravish-dress-white\/","title":{"rendered":"Ravish Dress White"},"content":{"rendered":"<p>Ravish: Enchanting Elegance<br \/>\nThe soft texture and flowing silhouette of the silk-viscose fabric are felt in every detail of this dress, from its draped front to the deep back neckline. Its original neck-tied design has been crafted to fit every size from XS to L, offering customizable neckline styles that adapt to any occasion and style. The timeless design of &#8220;Ravish&#8221; will become an indispensable part of your wardrobe.<\/p>\n<p>This dress underscores the design philosophy of the Rise and Warm brand, which aims to highlight the wearer&#8217;s confidence and style while supporting their uniqueness and comfort. With &#8220;Ravish,&#8221; complete every day with an original style.<\/p>\n<p>Fabric and Care Features:<br \/>\n* Fabric: Silk-viscose blend, stands out with its luxurious touch and flowing silhouette.<br \/>\n* Care: Dry clean only to preserve the delicate fabric structure.<\/p>\n<p>Model : HEIGHT 172 \/ BUST 83 \/ WAIST 62 \/ HIPS 91M<\/p>\n<p>Length : 170<\/p>\n<p>-TR<br \/>\nRavish: B\u00fcy\u00fcleyici Zarafet,<br \/>\n\u0130pek &#8211; viscon kuma\u015f\u0131n yumu\u015fak dokusu ve ak\u0131c\u0131 silueti, \u00f6n\u00fc d\u00f6k\u00fcml\u00fc ve s\u0131rt\u0131 derin dekolteli bu elbisenin her detay\u0131nda hissedilir. \u00d6zg\u00fcn boyundan ba\u011fl\u0131 yap\u0131s\u0131, XS&#8217;ten L&#8217;ye kadar her bedene uyum sa\u011flayacak \u015fekilde tasarlanm\u0131\u015ft\u0131r ve farkl\u0131 yaka stilleriyle ki\u015fiselle\u015ftirilebilir bir g\u00f6r\u00fcn\u00fcm sunar, b\u00f6ylece her ortama ve tarza uyum sa\u011flar. Zamans\u0131z bir tasar\u0131m olan &#8220;Ravish&#8221;, gard\u0131robunuzun vazge\u00e7ilmez bir par\u00e7as\u0131 olacak.<\/p>\n<p>Bu elbise, Rise and Warm markas\u0131n\u0131n, giyenin kendine g\u00fcvenini ve stilini \u00f6ne \u00e7\u0131karan, ayn\u0131 zamanda onlar\u0131n \u00f6zg\u00fcnl\u00fc\u011f\u00fcn\u00fc ve rahatl\u0131\u011f\u0131n\u0131 destekleyen bir tasar\u0131m anlay\u0131\u015f\u0131 sundu\u011funun alt\u0131n\u0131 \u00e7izer. &#8220;Ravish&#8221; ile her g\u00fcn\u00fcn\u00fcz\u00fc \u00f6zg\u00fcn bir stil ile tamamlay\u0131n.<\/p>\n<p>Kuma\u015f ve Bak\u0131m \u00d6zellikleri:<br \/>\n* Kuma\u015f: \u0130pek-viscon kar\u0131\u015f\u0131m\u0131, l\u00fcks dokunu\u015fu ve ak\u0131c\u0131 silueti ile \u00f6ne \u00e7\u0131kar.<br \/>\n* Bak\u0131m: Hassas kuma\u015f yap\u0131s\u0131n\u0131 korumak i\u00e7in yaln\u0131zca kuru temizleme \u00f6nerilir.<\/p>\n","protected":false},"excerpt":{"rendered":"<p>Ravish: Enchanting Elegance The soft texture and flowing silhouette of the silk-viscose fabric are felt in every detail of this<\/p>\n","protected":false},"featured_media":7652,"template":"","meta":[],"product_brand":[],"product_cat":[106,383,273],"product_tag":[],"class_list":{"0":"post-7715","1":"product","2":"type-product","3":"status-publish","4":"has-post-thumbnail","6":"product_cat-elbise-modelleri","7":"product_cat-gece-elbiseleri","8":"product_cat-ozel-fiyatlar","10":"first","11":"instock","12":"sale","13":"shipping-taxable","14":"purchasable","15":"product-type-simple"},"yoast_head":"<!-- This site is optimized with the Yoast SEO plugin v27.4 - https:\/\/yoast.com\/product\/yoast-seo-wordpress\/ -->\n<title>Ravish Dress White - Rise &amp; Warm<\/title>\n<meta name=\"description\" content=\"Ravish Dress White ve di\u011fer t\u00fcm \u00fcr\u00fcnlerimiz i\u00e7in Rise &amp; Warm adresini hemen ziyaret edin. H\u0131zl\u0131 kargo ve g\u00fcvenli al\u0131\u015fveri\u015f!\" \/>\n<meta name=\"robots\" content=\"index, follow, max-snippet:-1, max-image-preview:large, max-video-preview:-1\" \/>\n<link rel=\"canonical\" href=\"https:\/\/riseandwarm.com\/tr\/urun\/ravish-dress-white\/\" \/>\n<meta property=\"og:locale\" content=\"tr_TR\" \/>\n<meta property=\"og:type\" content=\"article\" \/>\n<meta property=\"og:title\" content=\"Ravish Dress White - Rise &amp; Warm\" \/>\n<meta property=\"og:description\" content=\"Ravish Dress White ve di\u011fer t\u00fcm \u00fcr\u00fcnlerimiz i\u00e7in Rise &amp; Warm adresini hemen ziyaret edin. H\u0131zl\u0131 kargo ve g\u00fcvenli al\u0131\u015fveri\u015f!\" \/>\n<meta property=\"og:url\" content=\"https:\/\/riseandwarm.com\/tr\/urun\/ravish-dress-white\/\" \/>\n<meta property=\"og:site_name\" content=\"Rise | Warm\" \/>\n<meta property=\"article:modified_time\" content=\"2025-11-29T11:05:48+00:00\" \/>\n<meta property=\"og:image\" content=\"https:\/\/riseandwarm.com\/wp-content\/uploads\/2024\/03\/RavishDressWhite3.jpg\" \/>\n\t<meta property=\"og:image:width\" content=\"1000\" \/>\n\t<meta property=\"og:image:height\" content=\"1500\" \/>\n\t<meta property=\"og:image:type\" content=\"image\/jpeg\" \/>\n<meta name=\"twitter:card\" content=\"summary_large_image\" \/>\n<meta name=\"twitter:label1\" content=\"Tahmini okuma s\u00fcresi\" \/>\n\t<meta name=\"twitter:data1\" content=\"2 dakika\" \/>\n<script type=\"application\/ld+json\" class=\"yoast-schema-graph\">{\"@context\":\"https:\\\/\\\/schema.org\",\"@graph\":[{\"@type\":\"WebPage\",\"@id\":\"https:\\\/\\\/riseandwarm.com\\\/tr\\\/urun\\\/ravish-dress-white\\\/\",\"url\":\"https:\\\/\\\/riseandwarm.com\\\/tr\\\/urun\\\/ravish-dress-white\\\/\",\"name\":\"Ravish Dress White - Rise & Warm\",\"isPartOf\":{\"@id\":\"https:\\\/\\\/riseandwarm.com\\\/tr\\\/#website\"},\"primaryImageOfPage\":{\"@id\":\"https:\\\/\\\/riseandwarm.com\\\/tr\\\/urun\\\/ravish-dress-white\\\/#primaryimage\"},\"image\":{\"@id\":\"https:\\\/\\\/riseandwarm.com\\\/tr\\\/urun\\\/ravish-dress-white\\\/#primaryimage\"},\"thumbnailUrl\":\"https:\\\/\\\/riseandwarm.com\\\/wp-content\\\/uploads\\\/2024\\\/03\\\/RavishDressWhite3.jpg\",\"datePublished\":\"2024-03-28T11:10:54+00:00\",\"dateModified\":\"2025-11-29T11:05:48+00:00\",\"description\":\"Ravish Dress White ve di\u011fer t\u00fcm \u00fcr\u00fcnlerimiz i\u00e7in Rise & Warm adresini hemen ziyaret edin. H\u0131zl\u0131 kargo ve g\u00fcvenli al\u0131\u015fveri\u015f!\",\"breadcrumb\":{\"@id\":\"https:\\\/\\\/riseandwarm.com\\\/tr\\\/urun\\\/ravish-dress-white\\\/#breadcrumb\"},\"inLanguage\":\"tr\",\"potentialAction\":[{\"@type\":\"ReadAction\",\"target\":[\"https:\\\/\\\/riseandwarm.com\\\/tr\\\/urun\\\/ravish-dress-white\\\/\"]}]},{\"@type\":\"ImageObject\",\"inLanguage\":\"tr\",\"@id\":\"https:\\\/\\\/riseandwarm.com\\\/tr\\\/urun\\\/ravish-dress-white\\\/#primaryimage\",\"url\":\"https:\\\/\\\/riseandwarm.com\\\/wp-content\\\/uploads\\\/2024\\\/03\\\/RavishDressWhite3.jpg\",\"contentUrl\":\"https:\\\/\\\/riseandwarm.com\\\/wp-content\\\/uploads\\\/2024\\\/03\\\/RavishDressWhite3.jpg\",\"width\":1000,\"height\":1500},{\"@type\":\"BreadcrumbList\",\"@id\":\"https:\\\/\\\/riseandwarm.com\\\/tr\\\/urun\\\/ravish-dress-white\\\/#breadcrumb\",\"itemListElement\":[{\"@type\":\"ListItem\",\"position\":1,\"name\":\"Home\",\"item\":\"https:\\\/\\\/riseandwarm.com\\\/tr\\\/\"},{\"@type\":\"ListItem\",\"position\":2,\"name\":\"Ma\u011faza\",\"item\":\"https:\\\/\\\/riseandwarm.com\\\/tr\\\/magaza\\\/\"},{\"@type\":\"ListItem\",\"position\":3,\"name\":\"Ravish Dress White\"}]},{\"@type\":\"WebSite\",\"@id\":\"https:\\\/\\\/riseandwarm.com\\\/tr\\\/#website\",\"url\":\"https:\\\/\\\/riseandwarm.com\\\/tr\\\/\",\"name\":\"Rise | Warm\",\"description\":\"Free your self\",\"potentialAction\":[{\"@type\":\"SearchAction\",\"target\":{\"@type\":\"EntryPoint\",\"urlTemplate\":\"https:\\\/\\\/riseandwarm.com\\\/tr\\\/?s={search_term_string}\"},\"query-input\":{\"@type\":\"PropertyValueSpecification\",\"valueRequired\":true,\"valueName\":\"search_term_string\"}}],\"inLanguage\":\"tr\"}]}<\/script>\n<!-- \/ Yoast SEO plugin. -->","yoast_head_json":{"title":"Ravish Dress White - Rise & Warm","description":"Ravish Dress White ve di\u011fer t\u00fcm \u00fcr\u00fcnlerimiz i\u00e7in Rise & Warm adresini hemen ziyaret edin. H\u0131zl\u0131 kargo ve g\u00fcvenli al\u0131\u015fveri\u015f!","robots":{"index":"index","follow":"follow","max-snippet":"max-snippet:-1","max-image-preview":"max-image-preview:large","max-video-preview":"max-video-preview:-1"},"canonical":"https:\/\/riseandwarm.com\/tr\/urun\/ravish-dress-white\/","og_locale":"tr_TR","og_type":"article","og_title":"Ravish Dress White - Rise & Warm","og_description":"Ravish Dress White ve di\u011fer t\u00fcm \u00fcr\u00fcnlerimiz i\u00e7in Rise & Warm adresini hemen ziyaret edin. H\u0131zl\u0131 kargo ve g\u00fcvenli al\u0131\u015fveri\u015f!","og_url":"https:\/\/riseandwarm.com\/tr\/urun\/ravish-dress-white\/","og_site_name":"Rise | Warm","article_modified_time":"2025-11-29T11:05:48+00:00","og_image":[{"width":1000,"height":1500,"url":"https:\/\/riseandwarm.com\/wp-content\/uploads\/2024\/03\/RavishDressWhite3.jpg","type":"image\/jpeg"}],"twitter_card":"summary_large_image","twitter_misc":{"Tahmini okuma s\u00fcresi":"2 dakika"},"schema":{"@context":"https:\/\/schema.org","@graph":[{"@type":"WebPage","@id":"https:\/\/riseandwarm.com\/tr\/urun\/ravish-dress-white\/","url":"https:\/\/riseandwarm.com\/tr\/urun\/ravish-dress-white\/","name":"Ravish Dress White - Rise & Warm","isPartOf":{"@id":"https:\/\/riseandwarm.com\/tr\/#website"},"primaryImageOfPage":{"@id":"https:\/\/riseandwarm.com\/tr\/urun\/ravish-dress-white\/#primaryimage"},"image":{"@id":"https:\/\/riseandwarm.com\/tr\/urun\/ravish-dress-white\/#primaryimage"},"thumbnailUrl":"https:\/\/riseandwarm.com\/wp-content\/uploads\/2024\/03\/RavishDressWhite3.jpg","datePublished":"2024-03-28T11:10:54+00:00","dateModified":"2025-11-29T11:05:48+00:00","description":"Ravish Dress White ve di\u011fer t\u00fcm \u00fcr\u00fcnlerimiz i\u00e7in Rise & Warm adresini hemen ziyaret edin. H\u0131zl\u0131 kargo ve g\u00fcvenli al\u0131\u015fveri\u015f!","breadcrumb":{"@id":"https:\/\/riseandwarm.com\/tr\/urun\/ravish-dress-white\/#breadcrumb"},"inLanguage":"tr","potentialAction":[{"@type":"ReadAction","target":["https:\/\/riseandwarm.com\/tr\/urun\/ravish-dress-white\/"]}]},{"@type":"ImageObject","inLanguage":"tr","@id":"https:\/\/riseandwarm.com\/tr\/urun\/ravish-dress-white\/#primaryimage","url":"https:\/\/riseandwarm.com\/wp-content\/uploads\/2024\/03\/RavishDressWhite3.jpg","contentUrl":"https:\/\/riseandwarm.com\/wp-content\/uploads\/2024\/03\/RavishDressWhite3.jpg","width":1000,"height":1500},{"@type":"BreadcrumbList","@id":"https:\/\/riseandwarm.com\/tr\/urun\/ravish-dress-white\/#breadcrumb","itemListElement":[{"@type":"ListItem","position":1,"name":"Home","item":"https:\/\/riseandwarm.com\/tr\/"},{"@type":"ListItem","position":2,"name":"Ma\u011faza","item":"https:\/\/riseandwarm.com\/tr\/magaza\/"},{"@type":"ListItem","position":3,"name":"Ravish Dress White"}]},{"@type":"WebSite","@id":"https:\/\/riseandwarm.com\/tr\/#website","url":"https:\/\/riseandwarm.com\/tr\/","name":"Rise | Warm","description":"Free your self","potentialAction":[{"@type":"SearchAction","target":{"@type":"EntryPoint","urlTemplate":"https:\/\/riseandwarm.com\/tr\/?s={search_term_string}"},"query-input":{"@type":"PropertyValueSpecification","valueRequired":true,"valueName":"search_term_string"}}],"inLanguage":"tr"}]}},"_links":{"self":[{"href":"https:\/\/riseandwarm.com\/tr\/wp-json\/wp\/v2\/product\/7715","targetHints":{"allow":["GET"]}}],"collection":[{"href":"https:\/\/riseandwarm.com\/tr\/wp-json\/wp\/v2\/product"}],"about":[{"href":"https:\/\/riseandwarm.com\/tr\/wp-json\/wp\/v2\/types\/product"}],"version-history":[{"count":3,"href":"https:\/\/riseandwarm.com\/tr\/wp-json\/wp\/v2\/product\/7715\/revisions"}],"predecessor-version":[{"id":23084,"href":"https:\/\/riseandwarm.com\/tr\/wp-json\/wp\/v2\/product\/7715\/revisions\/23084"}],"wp:featuredmedia":[{"embeddable":true,"href":"https:\/\/riseandwarm.com\/tr\/wp-json\/wp\/v2\/media\/7652"}],"wp:attachment":[{"href":"https:\/\/riseandwarm.com\/tr\/wp-json\/wp\/v2\/media?parent=7715"}],"wp:term":[{"taxonomy":"product_brand","embeddable":true,"href":"https:\/\/riseandwarm.com\/tr\/wp-json\/wp\/v2\/product_brand?post=7715"},{"taxonomy":"product_cat","embeddable":true,"href":"https:\/\/riseandwarm.com\/tr\/wp-json\/wp\/v2\/product_cat?post=7715"},{"taxonomy":"product_tag","embeddable":true,"href":"https:\/\/riseandwarm.com\/tr\/wp-json\/wp\/v2\/product_tag?post=7715"}],"curies":[{"name":"wp","href":"https:\/\/api.w.org\/{rel}","templated":true}]}}