{"id":7705,"date":"2024-03-28T09:07:04","date_gmt":"2024-03-28T09:07:04","guid":{"rendered":"https:\/\/riseandwarm.com\/?post_type=product&#038;p=7705"},"modified":"2025-09-17T13:08:58","modified_gmt":"2025-09-17T13:08:58","slug":"tempest-trench-coat","status":"publish","type":"product","link":"https:\/\/riseandwarm.com\/tr\/urun\/tempest-trench-coat\/","title":{"rendered":"Tempest Trench Coat"},"content":{"rendered":"<p>A Strong Character, A Rich Touch<br \/>\nThe &#8220;Tempest&#8221; trench coat from the Rise and Warm collection combines a strong character with the rich texture of plush suede. Featuring quality and style in every detail, this trench coat seamlessly adapts to the ever-changing rhythm of city life with its bold and dynamic design.<\/p>\n<p>The plush suede fabric offers both protection and unparalleled comfort during seasonal transitions, while the coat&#8217;s unique design details accentuate your distinct style. &#8220;Tempest&#8221; becomes not just a statement of style but also a personal signature for every season and every moment.<\/p>\n<p>Fabric and Care Features:<br \/>\n* Fabric: High-quality suede stands out for its rich texture and durability.<br \/>\n* Care Instructions:<br \/>\n* Cleaning: Due to the delicate nature of suede, professional dry cleaning is recommended. For home cleaning, use specialized cleaning products designed for suede.<br \/>\n* Storage: Keep the trench coat in a well-ventilated closet, away from direct sunlight. Ensure other garments do not pile on top of it to allow the suede to breathe.<br \/>\n* Moisture Protection: Suede is sensitive to moisture. Use with caution in rainy or snowy conditions and gently brush with a special suede brush if it gets damp.<br \/>\n* Wrinkles: If the trench coat becomes wrinkled, gently steam at a low temperature to smooth out. Avoid direct ironing.<br \/>\n* Stains: Use a suede eraser or a special suede brush for surface dirt and stains. Deep stains may require professional care.<\/p>\n<p>Model : HEIGHT 172 \/ BUST 83 \/ WAIST 62 \/ HIPS 91M<\/p>\n<p>Length : 137<\/p>\n<p>-TR<br \/>\n&#8220;Tempest&#8221; Tren\u00e7kot: G\u00fc\u00e7l\u00fc Bir Karakter, Tok Bir Dokunu\u015f<br \/>\nRise and Warm koleksiyonunun &#8220;Tempest&#8221; tren\u00e7kotu, g\u00fc\u00e7l\u00fc karakterini tok s\u00fcet kuma\u015f\u0131n zengin dokusuyla birle\u015ftiriyor. Kalite ve stilin her detayda hissedildi\u011fi bu tren\u00e7kot, cesur ve dinamik tasar\u0131m\u0131yla \u015fehir hayat\u0131n\u0131n de\u011fi\u015fken ritmine m\u00fckemmel uyum sa\u011flar.<\/p>\n<p>Tok s\u00fcet kuma\u015f, mevsim ge\u00e7i\u015flerinde hem koruma hem de e\u015fsiz konfor sunar; tren\u00e7kotun \u00f6zg\u00fcn tasar\u0131m detaylar\u0131 ise sizin benzersiz stilinizi vurgular. &#8220;Tempest&#8221;, her mevsimde ve her an\u0131n\u0131zda, sadece bir stil beyan\u0131 de\u011fil, ayn\u0131 zamanda ki\u015fisel bir imza haline gelir.<\/p>\n<p>Kuma\u015f ve Bak\u0131m \u00d6zellikleri:<br \/>\n* Kuma\u015f: Y\u00fcksek kaliteli s\u00fcet, zengin dokusu ve dayan\u0131kl\u0131l\u0131\u011f\u0131 ile \u00f6ne \u00e7\u0131kar.<br \/>\n* Bak\u0131m Talimatlar\u0131:<br \/>\n* Temizlik: S\u00fcetin hassas yap\u0131s\u0131 nedeniyle, profesyonel kuru temizleme \u00f6nerilir. Evde temizlik yaparken s\u00fcet i\u00e7in \u00f6zel temizlik \u00fcr\u00fcnleri kullan\u0131lmal\u0131d\u0131r.<br \/>\n* Saklama: Tren\u00e7kotunuzu havadar bir dolapta, do\u011frudan g\u00fcne\u015f \u0131\u015f\u0131\u011f\u0131ndan uzak tutun. S\u00fcetin nefes alabilmesi i\u00e7in \u00fczerine ba\u015fka giysiler y\u0131\u011f\u0131lmamal\u0131d\u0131r.<br \/>\n* Nemden Koruma: S\u00fcet, neme kar\u015f\u0131 hassast\u0131r. Ya\u011fmurlu ve karl\u0131 havalarda dikkatli kullan\u0131lmal\u0131, nem ald\u0131\u011f\u0131nda \u00f6zel s\u00fcet f\u0131r\u00e7as\u0131 ile hafif\u00e7e f\u0131r\u00e7alanmal\u0131d\u0131r.<br \/>\n* K\u0131r\u0131\u015f\u0131kl\u0131klar: E\u011fer tren\u00e7kot k\u0131r\u0131\u015f\u0131rsa, d\u00fc\u015f\u00fck \u0131s\u0131da buhar kullanarak hafif\u00e7e buharla d\u00fczeltilmelidir. Do\u011frudan \u00fct\u00fc kullan\u0131m\u0131ndan ka\u00e7\u0131n\u0131n.<br \/>\n* Lekeler: Y\u00fczeye yap\u0131\u015fm\u0131\u015f kir ve lekeler i\u00e7in s\u00fcet silgi veya \u00f6zel bir s\u00fcet f\u0131r\u00e7as\u0131 kullan\u0131labilir. Derin lekeler profesyonel yard\u0131m gerektirebilir.<\/p>\n","protected":false},"excerpt":{"rendered":"<p>A Strong Character, A Rich Touch The &#8220;Tempest&#8221; trench coat from the Rise and Warm collection combines a strong character<\/p>\n","protected":false},"featured_media":7660,"template":"","meta":[],"product_brand":[],"product_cat":[374],"product_tag":[],"class_list":{"0":"post-7705","1":"product","2":"type-product","3":"status-publish","4":"has-post-thumbnail","6":"product_cat-dis-giyim","8":"first","9":"instock","10":"shipping-taxable","11":"purchasable","12":"product-type-simple"},"yoast_head":"<!-- This site is optimized with the Yoast SEO plugin v27.5 - https:\/\/yoast.com\/product\/yoast-seo-wordpress\/ -->\n<title>Tempest Trench Coat - Rise &amp; Warm<\/title>\n<meta name=\"description\" content=\"Tempest Trench Coat ve di\u011fer t\u00fcm \u00fcr\u00fcnlerimiz i\u00e7in Rise &amp; Warm adresini hemen ziyaret edin. H\u0131zl\u0131 kargo ve g\u00fcvenli al\u0131\u015fveri\u015f!\" \/>\n<meta name=\"robots\" content=\"index, follow, max-snippet:-1, max-image-preview:large, max-video-preview:-1\" \/>\n<link rel=\"canonical\" href=\"https:\/\/riseandwarm.com\/tr\/urun\/tempest-trench-coat\/\" \/>\n<meta property=\"og:locale\" content=\"tr_TR\" \/>\n<meta property=\"og:type\" content=\"article\" \/>\n<meta property=\"og:title\" content=\"Tempest Trench Coat - Rise &amp; Warm\" \/>\n<meta property=\"og:description\" content=\"Tempest Trench Coat ve di\u011fer t\u00fcm \u00fcr\u00fcnlerimiz i\u00e7in Rise &amp; Warm adresini hemen ziyaret edin. H\u0131zl\u0131 kargo ve g\u00fcvenli al\u0131\u015fveri\u015f!\" \/>\n<meta property=\"og:url\" content=\"https:\/\/riseandwarm.com\/tr\/urun\/tempest-trench-coat\/\" \/>\n<meta property=\"og:site_name\" content=\"Rise | Warm\" \/>\n<meta property=\"article:modified_time\" content=\"2025-09-17T13:08:58+00:00\" \/>\n<meta property=\"og:image\" content=\"https:\/\/riseandwarm.com\/wp-content\/uploads\/2024\/03\/TempestCoat1.jpg\" \/>\n\t<meta property=\"og:image:width\" content=\"1000\" \/>\n\t<meta property=\"og:image:height\" content=\"1500\" \/>\n\t<meta property=\"og:image:type\" content=\"image\/jpeg\" \/>\n<meta name=\"twitter:card\" content=\"summary_large_image\" \/>\n<meta name=\"twitter:label1\" content=\"Tahmini okuma s\u00fcresi\" \/>\n\t<meta name=\"twitter:data1\" content=\"3 dakika\" \/>\n<script type=\"application\/ld+json\" class=\"yoast-schema-graph\">{\"@context\":\"https:\\\/\\\/schema.org\",\"@graph\":[{\"@type\":\"WebPage\",\"@id\":\"https:\\\/\\\/riseandwarm.com\\\/tr\\\/urun\\\/tempest-trench-coat\\\/\",\"url\":\"https:\\\/\\\/riseandwarm.com\\\/tr\\\/urun\\\/tempest-trench-coat\\\/\",\"name\":\"Tempest Trench Coat - Rise & Warm\",\"isPartOf\":{\"@id\":\"https:\\\/\\\/riseandwarm.com\\\/tr\\\/#website\"},\"primaryImageOfPage\":{\"@id\":\"https:\\\/\\\/riseandwarm.com\\\/tr\\\/urun\\\/tempest-trench-coat\\\/#primaryimage\"},\"image\":{\"@id\":\"https:\\\/\\\/riseandwarm.com\\\/tr\\\/urun\\\/tempest-trench-coat\\\/#primaryimage\"},\"thumbnailUrl\":\"https:\\\/\\\/riseandwarm.com\\\/wp-content\\\/uploads\\\/2024\\\/03\\\/TempestCoat1.jpg\",\"datePublished\":\"2024-03-28T09:07:04+00:00\",\"dateModified\":\"2025-09-17T13:08:58+00:00\",\"description\":\"Tempest Trench Coat ve di\u011fer t\u00fcm \u00fcr\u00fcnlerimiz i\u00e7in Rise & Warm adresini hemen ziyaret edin. H\u0131zl\u0131 kargo ve g\u00fcvenli al\u0131\u015fveri\u015f!\",\"breadcrumb\":{\"@id\":\"https:\\\/\\\/riseandwarm.com\\\/tr\\\/urun\\\/tempest-trench-coat\\\/#breadcrumb\"},\"inLanguage\":\"tr\",\"potentialAction\":[{\"@type\":\"ReadAction\",\"target\":[\"https:\\\/\\\/riseandwarm.com\\\/tr\\\/urun\\\/tempest-trench-coat\\\/\"]}]},{\"@type\":\"ImageObject\",\"inLanguage\":\"tr\",\"@id\":\"https:\\\/\\\/riseandwarm.com\\\/tr\\\/urun\\\/tempest-trench-coat\\\/#primaryimage\",\"url\":\"https:\\\/\\\/riseandwarm.com\\\/wp-content\\\/uploads\\\/2024\\\/03\\\/TempestCoat1.jpg\",\"contentUrl\":\"https:\\\/\\\/riseandwarm.com\\\/wp-content\\\/uploads\\\/2024\\\/03\\\/TempestCoat1.jpg\",\"width\":1000,\"height\":1500},{\"@type\":\"BreadcrumbList\",\"@id\":\"https:\\\/\\\/riseandwarm.com\\\/tr\\\/urun\\\/tempest-trench-coat\\\/#breadcrumb\",\"itemListElement\":[{\"@type\":\"ListItem\",\"position\":1,\"name\":\"Home\",\"item\":\"https:\\\/\\\/riseandwarm.com\\\/tr\\\/\"},{\"@type\":\"ListItem\",\"position\":2,\"name\":\"Shop\",\"item\":\"https:\\\/\\\/riseandwarm.com\\\/shop\\\/\"},{\"@type\":\"ListItem\",\"position\":3,\"name\":\"Tempest Trench Coat\"}]},{\"@type\":\"WebSite\",\"@id\":\"https:\\\/\\\/riseandwarm.com\\\/tr\\\/#website\",\"url\":\"https:\\\/\\\/riseandwarm.com\\\/tr\\\/\",\"name\":\"Rise | Warm\",\"description\":\"Free your self\",\"potentialAction\":[{\"@type\":\"SearchAction\",\"target\":{\"@type\":\"EntryPoint\",\"urlTemplate\":\"https:\\\/\\\/riseandwarm.com\\\/tr\\\/?s={search_term_string}\"},\"query-input\":{\"@type\":\"PropertyValueSpecification\",\"valueRequired\":true,\"valueName\":\"search_term_string\"}}],\"inLanguage\":\"tr\"}]}<\/script>\n<!-- \/ Yoast SEO plugin. -->","yoast_head_json":{"title":"Tempest Trench Coat - Rise & Warm","description":"Tempest Trench Coat ve di\u011fer t\u00fcm \u00fcr\u00fcnlerimiz i\u00e7in Rise & Warm adresini hemen ziyaret edin. H\u0131zl\u0131 kargo ve g\u00fcvenli al\u0131\u015fveri\u015f!","robots":{"index":"index","follow":"follow","max-snippet":"max-snippet:-1","max-image-preview":"max-image-preview:large","max-video-preview":"max-video-preview:-1"},"canonical":"https:\/\/riseandwarm.com\/tr\/urun\/tempest-trench-coat\/","og_locale":"tr_TR","og_type":"article","og_title":"Tempest Trench Coat - Rise & Warm","og_description":"Tempest Trench Coat ve di\u011fer t\u00fcm \u00fcr\u00fcnlerimiz i\u00e7in Rise & Warm adresini hemen ziyaret edin. H\u0131zl\u0131 kargo ve g\u00fcvenli al\u0131\u015fveri\u015f!","og_url":"https:\/\/riseandwarm.com\/tr\/urun\/tempest-trench-coat\/","og_site_name":"Rise | Warm","article_modified_time":"2025-09-17T13:08:58+00:00","og_image":[{"width":1000,"height":1500,"url":"https:\/\/riseandwarm.com\/wp-content\/uploads\/2024\/03\/TempestCoat1.jpg","type":"image\/jpeg"}],"twitter_card":"summary_large_image","twitter_misc":{"Tahmini okuma s\u00fcresi":"3 dakika"},"schema":{"@context":"https:\/\/schema.org","@graph":[{"@type":"WebPage","@id":"https:\/\/riseandwarm.com\/tr\/urun\/tempest-trench-coat\/","url":"https:\/\/riseandwarm.com\/tr\/urun\/tempest-trench-coat\/","name":"Tempest Trench Coat - Rise & Warm","isPartOf":{"@id":"https:\/\/riseandwarm.com\/tr\/#website"},"primaryImageOfPage":{"@id":"https:\/\/riseandwarm.com\/tr\/urun\/tempest-trench-coat\/#primaryimage"},"image":{"@id":"https:\/\/riseandwarm.com\/tr\/urun\/tempest-trench-coat\/#primaryimage"},"thumbnailUrl":"https:\/\/riseandwarm.com\/wp-content\/uploads\/2024\/03\/TempestCoat1.jpg","datePublished":"2024-03-28T09:07:04+00:00","dateModified":"2025-09-17T13:08:58+00:00","description":"Tempest Trench Coat ve di\u011fer t\u00fcm \u00fcr\u00fcnlerimiz i\u00e7in Rise & Warm adresini hemen ziyaret edin. H\u0131zl\u0131 kargo ve g\u00fcvenli al\u0131\u015fveri\u015f!","breadcrumb":{"@id":"https:\/\/riseandwarm.com\/tr\/urun\/tempest-trench-coat\/#breadcrumb"},"inLanguage":"tr","potentialAction":[{"@type":"ReadAction","target":["https:\/\/riseandwarm.com\/tr\/urun\/tempest-trench-coat\/"]}]},{"@type":"ImageObject","inLanguage":"tr","@id":"https:\/\/riseandwarm.com\/tr\/urun\/tempest-trench-coat\/#primaryimage","url":"https:\/\/riseandwarm.com\/wp-content\/uploads\/2024\/03\/TempestCoat1.jpg","contentUrl":"https:\/\/riseandwarm.com\/wp-content\/uploads\/2024\/03\/TempestCoat1.jpg","width":1000,"height":1500},{"@type":"BreadcrumbList","@id":"https:\/\/riseandwarm.com\/tr\/urun\/tempest-trench-coat\/#breadcrumb","itemListElement":[{"@type":"ListItem","position":1,"name":"Home","item":"https:\/\/riseandwarm.com\/tr\/"},{"@type":"ListItem","position":2,"name":"Shop","item":"https:\/\/riseandwarm.com\/shop\/"},{"@type":"ListItem","position":3,"name":"Tempest Trench Coat"}]},{"@type":"WebSite","@id":"https:\/\/riseandwarm.com\/tr\/#website","url":"https:\/\/riseandwarm.com\/tr\/","name":"Rise | Warm","description":"Free your self","potentialAction":[{"@type":"SearchAction","target":{"@type":"EntryPoint","urlTemplate":"https:\/\/riseandwarm.com\/tr\/?s={search_term_string}"},"query-input":{"@type":"PropertyValueSpecification","valueRequired":true,"valueName":"search_term_string"}}],"inLanguage":"tr"}]}},"_links":{"self":[{"href":"https:\/\/riseandwarm.com\/tr\/wp-json\/wp\/v2\/product\/7705","targetHints":{"allow":["GET"]}}],"collection":[{"href":"https:\/\/riseandwarm.com\/tr\/wp-json\/wp\/v2\/product"}],"about":[{"href":"https:\/\/riseandwarm.com\/tr\/wp-json\/wp\/v2\/types\/product"}],"version-history":[{"count":3,"href":"https:\/\/riseandwarm.com\/tr\/wp-json\/wp\/v2\/product\/7705\/revisions"}],"predecessor-version":[{"id":23076,"href":"https:\/\/riseandwarm.com\/tr\/wp-json\/wp\/v2\/product\/7705\/revisions\/23076"}],"wp:featuredmedia":[{"embeddable":true,"href":"https:\/\/riseandwarm.com\/tr\/wp-json\/wp\/v2\/media\/7660"}],"wp:attachment":[{"href":"https:\/\/riseandwarm.com\/tr\/wp-json\/wp\/v2\/media?parent=7705"}],"wp:term":[{"taxonomy":"product_brand","embeddable":true,"href":"https:\/\/riseandwarm.com\/tr\/wp-json\/wp\/v2\/product_brand?post=7705"},{"taxonomy":"product_cat","embeddable":true,"href":"https:\/\/riseandwarm.com\/tr\/wp-json\/wp\/v2\/product_cat?post=7705"},{"taxonomy":"product_tag","embeddable":true,"href":"https:\/\/riseandwarm.com\/tr\/wp-json\/wp\/v2\/product_tag?post=7705"}],"curies":[{"name":"wp","href":"https:\/\/api.w.org\/{rel}","templated":true}]}}