{"id":7704,"date":"2024-03-28T09:00:04","date_gmt":"2024-03-28T09:00:04","guid":{"rendered":"https:\/\/riseandwarm.com\/?post_type=product&#038;p=7704"},"modified":"2025-11-29T11:14:23","modified_gmt":"2025-11-29T11:14:23","slug":"nebula-coat","status":"publish","type":"product","link":"https:\/\/riseandwarm.com\/tr\/urun\/nebula-coat\/","title":{"rendered":"Nebula Coat"},"content":{"rendered":"<p>Beneath the Stars<br \/>\nOne of the most striking pieces in the Rise and Warm collection, the &#8220;Nebula&#8221; fur draws inspiration from the mesmerizing beauty of the night sky. This unique design, with its modern silhouette and captivating color transitions, adds an unparalleled touch to your winter wardrobe. &#8220;Nebula,&#8221; true to its name, radiates light around like a dazzling nebula.<\/p>\n<p>While its fully lined structure keeps you warm, details like a hood, pockets, and a belt offer both functionality and style. &#8220;Nebula&#8221; is produced in accordance with sustainability principles, using high-quality, environmentally friendly materials. This synthetic fur, developed as an alternative to real fur, allows you to reflect your ethical fashion stance.<\/p>\n<p>Fabric and Care Features:<br \/>\n* Fabric: Eco-friendly and high-quality synthetic fur, providing a close resemblance to the real thing in touch and appearance.<br \/>\n* Care: Requires special care; professional dry cleaning is recommended. To preserve the fur&#8217;s shape, keep it away from direct sunlight and store in a breathable cover.<\/p>\n<p>Model : HEIGHT 172 \/ BUST 83 \/ WAIST 62 \/ HIPS 91M<\/p>\n<p>Length : 130<\/p>\n<p>-TR<br \/>\n&#8220;Nebula&#8221; K\u00fcrk: Y\u0131ld\u0131zlar\u0131n Alt\u0131nda<br \/>\nRise and Warm koleksiyonunun en dikkat \u00e7ekici par\u00e7alar\u0131ndan biri olan &#8220;Nebula&#8221; k\u00fcrk, g\u00f6ky\u00fcz\u00fcn\u00fcn b\u00fcy\u00fcleyici g\u00fczelli\u011finden ilham al\u0131yor. Bu \u00f6zel tasar\u0131m, modern silueti ve g\u00f6z al\u0131c\u0131 renk ge\u00e7i\u015fleriyle, k\u0131\u015f gard\u0131robunuza benzersiz bir dokunu\u015f kat\u0131yor. &#8220;Nebula&#8221;, ad\u0131 gibi, g\u00f6z kama\u015ft\u0131r\u0131c\u0131 bir y\u0131ld\u0131z bulutsusu gibi etraf\u0131na \u0131\u015f\u0131k sa\u00e7ar.<\/p>\n<p>Tamamen astarl\u0131 yap\u0131s\u0131yla s\u0131cak tutarken, kap\u00fc\u015fon, cep ve kemer detaylar\u0131 ile hem fonksiyonel hem de \u015f\u0131k bir kullan\u0131m sunar. &#8220;Nebula&#8221;, s\u00fcrd\u00fcr\u00fclebilirlik prensiplerine uygun olarak, y\u00fcksek kaliteli ve \u00e7evre dostu malzemeler kullan\u0131larak \u00fcretilmi\u015ftir. Ger\u00e7ek k\u00fcrk\u00fcn alternatifi olarak geli\u015ftirilen bu sentetik k\u00fcrk, etik moda anlay\u0131\u015f\u0131n\u0131z\u0131 yans\u0131tman\u0131za olanak tan\u0131r.<\/p>\n<p>Kuma\u015f ve Bak\u0131m \u00d6zellikleri:<br \/>\n* Kuma\u015f: \u00c7evre dostu ve y\u00fcksek kaliteli sentetik k\u00fcrk, ger\u00e7e\u011fine yak\u0131n bir dokunu\u015f ve g\u00f6r\u00fcn\u00fcm sunar.<br \/>\n* Bak\u0131m: \u00d6zel bak\u0131m gerektirir; profesyonel kuru temizleme \u00f6nerilir. K\u00fcrk\u00fcn formunu korumak i\u00e7in, do\u011frudan g\u00fcne\u015f \u0131\u015f\u0131\u011f\u0131ndan uzak tutun ve hava ge\u00e7irgen bir k\u0131l\u0131f i\u00e7inde saklay\u0131n.<\/p>\n","protected":false},"excerpt":{"rendered":"<p>Beneath the Stars One of the most striking pieces in the Rise and Warm collection, the &#8220;Nebula&#8221; fur draws inspiration<\/p>\n","protected":false},"featured_media":7574,"template":"","meta":[],"product_brand":[],"product_cat":[374,273],"product_tag":[],"class_list":{"0":"post-7704","1":"product","2":"type-product","3":"status-publish","4":"has-post-thumbnail","6":"product_cat-dis-giyim","7":"product_cat-ozel-fiyatlar","9":"first","10":"instock","11":"sale","12":"shipping-taxable","13":"purchasable","14":"product-type-simple"},"yoast_head":"<!-- This site is optimized with the Yoast SEO plugin v27.4 - https:\/\/yoast.com\/product\/yoast-seo-wordpress\/ -->\n<title>Nebula Coat - Rise &amp; Warm<\/title>\n<meta name=\"description\" content=\"Nebula Coat ve di\u011fer t\u00fcm \u00fcr\u00fcnlerimiz i\u00e7in Rise &amp; Warm adresini hemen ziyaret edin. H\u0131zl\u0131 kargo ve g\u00fcvenli al\u0131\u015fveri\u015f!\" \/>\n<meta name=\"robots\" content=\"index, follow, max-snippet:-1, max-image-preview:large, max-video-preview:-1\" \/>\n<link rel=\"canonical\" href=\"https:\/\/riseandwarm.com\/tr\/urun\/nebula-coat\/\" \/>\n<meta property=\"og:locale\" content=\"tr_TR\" \/>\n<meta property=\"og:type\" content=\"article\" \/>\n<meta property=\"og:title\" content=\"Nebula Coat - Rise &amp; Warm\" \/>\n<meta property=\"og:description\" content=\"Nebula Coat ve di\u011fer t\u00fcm \u00fcr\u00fcnlerimiz i\u00e7in Rise &amp; Warm adresini hemen ziyaret edin. H\u0131zl\u0131 kargo ve g\u00fcvenli al\u0131\u015fveri\u015f!\" \/>\n<meta property=\"og:url\" content=\"https:\/\/riseandwarm.com\/tr\/urun\/nebula-coat\/\" \/>\n<meta property=\"og:site_name\" content=\"Rise | Warm\" \/>\n<meta property=\"article:modified_time\" content=\"2025-11-29T11:14:23+00:00\" \/>\n<meta property=\"og:image\" content=\"https:\/\/riseandwarm.com\/wp-content\/uploads\/2024\/03\/NebulaNebula1.jpg\" \/>\n\t<meta property=\"og:image:width\" content=\"1000\" \/>\n\t<meta property=\"og:image:height\" content=\"1500\" \/>\n\t<meta property=\"og:image:type\" content=\"image\/jpeg\" \/>\n<meta name=\"twitter:card\" content=\"summary_large_image\" \/>\n<meta name=\"twitter:label1\" content=\"Tahmini okuma s\u00fcresi\" \/>\n\t<meta name=\"twitter:data1\" content=\"2 dakika\" \/>\n<script type=\"application\/ld+json\" class=\"yoast-schema-graph\">{\"@context\":\"https:\\\/\\\/schema.org\",\"@graph\":[{\"@type\":\"WebPage\",\"@id\":\"https:\\\/\\\/riseandwarm.com\\\/tr\\\/urun\\\/nebula-coat\\\/\",\"url\":\"https:\\\/\\\/riseandwarm.com\\\/tr\\\/urun\\\/nebula-coat\\\/\",\"name\":\"Nebula Coat - Rise & Warm\",\"isPartOf\":{\"@id\":\"https:\\\/\\\/riseandwarm.com\\\/tr\\\/#website\"},\"primaryImageOfPage\":{\"@id\":\"https:\\\/\\\/riseandwarm.com\\\/tr\\\/urun\\\/nebula-coat\\\/#primaryimage\"},\"image\":{\"@id\":\"https:\\\/\\\/riseandwarm.com\\\/tr\\\/urun\\\/nebula-coat\\\/#primaryimage\"},\"thumbnailUrl\":\"https:\\\/\\\/riseandwarm.com\\\/wp-content\\\/uploads\\\/2024\\\/03\\\/NebulaNebula1.jpg\",\"datePublished\":\"2024-03-28T09:00:04+00:00\",\"dateModified\":\"2025-11-29T11:14:23+00:00\",\"description\":\"Nebula Coat ve di\u011fer t\u00fcm \u00fcr\u00fcnlerimiz i\u00e7in Rise & Warm adresini hemen ziyaret edin. H\u0131zl\u0131 kargo ve g\u00fcvenli al\u0131\u015fveri\u015f!\",\"breadcrumb\":{\"@id\":\"https:\\\/\\\/riseandwarm.com\\\/tr\\\/urun\\\/nebula-coat\\\/#breadcrumb\"},\"inLanguage\":\"tr\",\"potentialAction\":[{\"@type\":\"ReadAction\",\"target\":[\"https:\\\/\\\/riseandwarm.com\\\/tr\\\/urun\\\/nebula-coat\\\/\"]}]},{\"@type\":\"ImageObject\",\"inLanguage\":\"tr\",\"@id\":\"https:\\\/\\\/riseandwarm.com\\\/tr\\\/urun\\\/nebula-coat\\\/#primaryimage\",\"url\":\"https:\\\/\\\/riseandwarm.com\\\/wp-content\\\/uploads\\\/2024\\\/03\\\/NebulaNebula1.jpg\",\"contentUrl\":\"https:\\\/\\\/riseandwarm.com\\\/wp-content\\\/uploads\\\/2024\\\/03\\\/NebulaNebula1.jpg\",\"width\":1000,\"height\":1500},{\"@type\":\"BreadcrumbList\",\"@id\":\"https:\\\/\\\/riseandwarm.com\\\/tr\\\/urun\\\/nebula-coat\\\/#breadcrumb\",\"itemListElement\":[{\"@type\":\"ListItem\",\"position\":1,\"name\":\"Home\",\"item\":\"https:\\\/\\\/riseandwarm.com\\\/tr\\\/\"},{\"@type\":\"ListItem\",\"position\":2,\"name\":\"Ma\u011faza\",\"item\":\"https:\\\/\\\/riseandwarm.com\\\/tr\\\/magaza\\\/\"},{\"@type\":\"ListItem\",\"position\":3,\"name\":\"Nebula Coat\"}]},{\"@type\":\"WebSite\",\"@id\":\"https:\\\/\\\/riseandwarm.com\\\/tr\\\/#website\",\"url\":\"https:\\\/\\\/riseandwarm.com\\\/tr\\\/\",\"name\":\"Rise | Warm\",\"description\":\"Free your self\",\"potentialAction\":[{\"@type\":\"SearchAction\",\"target\":{\"@type\":\"EntryPoint\",\"urlTemplate\":\"https:\\\/\\\/riseandwarm.com\\\/tr\\\/?s={search_term_string}\"},\"query-input\":{\"@type\":\"PropertyValueSpecification\",\"valueRequired\":true,\"valueName\":\"search_term_string\"}}],\"inLanguage\":\"tr\"}]}<\/script>\n<!-- \/ Yoast SEO plugin. -->","yoast_head_json":{"title":"Nebula Coat - Rise & Warm","description":"Nebula Coat ve di\u011fer t\u00fcm \u00fcr\u00fcnlerimiz i\u00e7in Rise & Warm adresini hemen ziyaret edin. H\u0131zl\u0131 kargo ve g\u00fcvenli al\u0131\u015fveri\u015f!","robots":{"index":"index","follow":"follow","max-snippet":"max-snippet:-1","max-image-preview":"max-image-preview:large","max-video-preview":"max-video-preview:-1"},"canonical":"https:\/\/riseandwarm.com\/tr\/urun\/nebula-coat\/","og_locale":"tr_TR","og_type":"article","og_title":"Nebula Coat - Rise & Warm","og_description":"Nebula Coat ve di\u011fer t\u00fcm \u00fcr\u00fcnlerimiz i\u00e7in Rise & Warm adresini hemen ziyaret edin. H\u0131zl\u0131 kargo ve g\u00fcvenli al\u0131\u015fveri\u015f!","og_url":"https:\/\/riseandwarm.com\/tr\/urun\/nebula-coat\/","og_site_name":"Rise | Warm","article_modified_time":"2025-11-29T11:14:23+00:00","og_image":[{"width":1000,"height":1500,"url":"https:\/\/riseandwarm.com\/wp-content\/uploads\/2024\/03\/NebulaNebula1.jpg","type":"image\/jpeg"}],"twitter_card":"summary_large_image","twitter_misc":{"Tahmini okuma s\u00fcresi":"2 dakika"},"schema":{"@context":"https:\/\/schema.org","@graph":[{"@type":"WebPage","@id":"https:\/\/riseandwarm.com\/tr\/urun\/nebula-coat\/","url":"https:\/\/riseandwarm.com\/tr\/urun\/nebula-coat\/","name":"Nebula Coat - Rise & Warm","isPartOf":{"@id":"https:\/\/riseandwarm.com\/tr\/#website"},"primaryImageOfPage":{"@id":"https:\/\/riseandwarm.com\/tr\/urun\/nebula-coat\/#primaryimage"},"image":{"@id":"https:\/\/riseandwarm.com\/tr\/urun\/nebula-coat\/#primaryimage"},"thumbnailUrl":"https:\/\/riseandwarm.com\/wp-content\/uploads\/2024\/03\/NebulaNebula1.jpg","datePublished":"2024-03-28T09:00:04+00:00","dateModified":"2025-11-29T11:14:23+00:00","description":"Nebula Coat ve di\u011fer t\u00fcm \u00fcr\u00fcnlerimiz i\u00e7in Rise & Warm adresini hemen ziyaret edin. H\u0131zl\u0131 kargo ve g\u00fcvenli al\u0131\u015fveri\u015f!","breadcrumb":{"@id":"https:\/\/riseandwarm.com\/tr\/urun\/nebula-coat\/#breadcrumb"},"inLanguage":"tr","potentialAction":[{"@type":"ReadAction","target":["https:\/\/riseandwarm.com\/tr\/urun\/nebula-coat\/"]}]},{"@type":"ImageObject","inLanguage":"tr","@id":"https:\/\/riseandwarm.com\/tr\/urun\/nebula-coat\/#primaryimage","url":"https:\/\/riseandwarm.com\/wp-content\/uploads\/2024\/03\/NebulaNebula1.jpg","contentUrl":"https:\/\/riseandwarm.com\/wp-content\/uploads\/2024\/03\/NebulaNebula1.jpg","width":1000,"height":1500},{"@type":"BreadcrumbList","@id":"https:\/\/riseandwarm.com\/tr\/urun\/nebula-coat\/#breadcrumb","itemListElement":[{"@type":"ListItem","position":1,"name":"Home","item":"https:\/\/riseandwarm.com\/tr\/"},{"@type":"ListItem","position":2,"name":"Ma\u011faza","item":"https:\/\/riseandwarm.com\/tr\/magaza\/"},{"@type":"ListItem","position":3,"name":"Nebula Coat"}]},{"@type":"WebSite","@id":"https:\/\/riseandwarm.com\/tr\/#website","url":"https:\/\/riseandwarm.com\/tr\/","name":"Rise | Warm","description":"Free your self","potentialAction":[{"@type":"SearchAction","target":{"@type":"EntryPoint","urlTemplate":"https:\/\/riseandwarm.com\/tr\/?s={search_term_string}"},"query-input":{"@type":"PropertyValueSpecification","valueRequired":true,"valueName":"search_term_string"}}],"inLanguage":"tr"}]}},"_links":{"self":[{"href":"https:\/\/riseandwarm.com\/tr\/wp-json\/wp\/v2\/product\/7704","targetHints":{"allow":["GET"]}}],"collection":[{"href":"https:\/\/riseandwarm.com\/tr\/wp-json\/wp\/v2\/product"}],"about":[{"href":"https:\/\/riseandwarm.com\/tr\/wp-json\/wp\/v2\/types\/product"}],"version-history":[{"count":3,"href":"https:\/\/riseandwarm.com\/tr\/wp-json\/wp\/v2\/product\/7704\/revisions"}],"predecessor-version":[{"id":24527,"href":"https:\/\/riseandwarm.com\/tr\/wp-json\/wp\/v2\/product\/7704\/revisions\/24527"}],"wp:featuredmedia":[{"embeddable":true,"href":"https:\/\/riseandwarm.com\/tr\/wp-json\/wp\/v2\/media\/7574"}],"wp:attachment":[{"href":"https:\/\/riseandwarm.com\/tr\/wp-json\/wp\/v2\/media?parent=7704"}],"wp:term":[{"taxonomy":"product_brand","embeddable":true,"href":"https:\/\/riseandwarm.com\/tr\/wp-json\/wp\/v2\/product_brand?post=7704"},{"taxonomy":"product_cat","embeddable":true,"href":"https:\/\/riseandwarm.com\/tr\/wp-json\/wp\/v2\/product_cat?post=7704"},{"taxonomy":"product_tag","embeddable":true,"href":"https:\/\/riseandwarm.com\/tr\/wp-json\/wp\/v2\/product_tag?post=7704"}],"curies":[{"name":"wp","href":"https:\/\/api.w.org\/{rel}","templated":true}]}}