{"id":7054,"date":"2023-06-27T17:28:52","date_gmt":"2023-06-27T17:28:52","guid":{"rendered":"https:\/\/riseandwarm.com\/?post_type=product&#038;p=7054"},"modified":"2025-11-29T11:15:56","modified_gmt":"2025-11-29T11:15:56","slug":"zinrw-jellyfish-mayo-bordo","status":"publish","type":"product","link":"https:\/\/riseandwarm.com\/tr\/urun\/zinrw-jellyfish-mayo-bordo\/","title":{"rendered":"Zin&#038;RW Jellyfish Swimsuit Burgundy"},"content":{"rendered":"<p>Bordo renkli Jellyfish Mayo, s\u0131rt k\u0131sm\u0131nda koltuk alt\u0131ndan bele kadar derin bir a\u00e7\u0131kl\u0131kla dikkat \u00e7ekiyor. Bu detay, mayo \u00fczerinde zarif ve etkileyici bir dokunu\u015f sunarken, kad\u0131n\u0131n g\u00fcc\u00fcn\u00fc ve \u00f6zg\u00fcvenini vurgular.<\/p>\n<p>Bordo renginin derin tonlar\u0131, tutkuyu ve \u00f6zg\u00fcveni simgeler. Jellyfish Mayo&#8217;nun bordo rengi, plajlarda kendine g\u00fcvenen ve cesur kad\u0131nlar\u0131 hedeflerken, s\u0131rttaki derin a\u00e7\u0131kl\u0131k detay\u0131, kad\u0131n\u0131n stilini ve \u00e7arp\u0131c\u0131l\u0131\u011f\u0131n\u0131 vurgular.<\/p>\n<p>Bu mayo, %80 PA (poliamid) ve %20 EA (elastan) kar\u0131\u015f\u0131m\u0131ndan \u00fcretilen \u00f6zel bir kuma\u015fla tasarland\u0131.Bu se\u00e7ilen kuma\u015f, mayo \u00fczerinde rahatl\u0131k ve esneklik sunarken, v\u00fccuda m\u00fckemmel bir \u015fekilde oturur.<\/p>\n<p>Burgundy-colored Jellyfish Swimsuit draws attention with a deep cutout from under the arms to the waistline on the back. This detail offers an elegant and captivating touch to the swimsuit, accentuating a woman&#8217;s power and confidence.<\/p>\n<p>The deep tones of burgundy symbolize passion and self-assurance. Jellyfish Swimsuit in burgundy targets confident and bold women on the beaches, while the deep cutout detail on the back highlights a woman&#8217;s style and allure.<\/p>\n<p>This swimsuit is crafted from a special fabric blend of 80% PA (polyamide) and 20% EA (elastane). The chosen fabric provides comfort and flexibility, ensuring a perfect fit on the body.<\/p>\n","protected":false},"excerpt":{"rendered":"<p>Bordo renkli Jellyfish Mayo, s\u0131rt k\u0131sm\u0131nda koltuk alt\u0131ndan bele kadar derin bir a\u00e7\u0131kl\u0131kla dikkat \u00e7ekiyor. Bu detay, mayo \u00fczerinde zarif<\/p>\n","protected":false},"featured_media":6813,"template":"","meta":[],"product_brand":[],"product_cat":[117,273],"product_tag":[],"class_list":{"0":"post-7054","1":"product","2":"type-product","3":"status-publish","4":"has-post-thumbnail","6":"product_cat-mayo-bikini","7":"product_cat-ozel-fiyatlar","9":"first","10":"instock","11":"sale","12":"shipping-taxable","13":"purchasable","14":"product-type-variable"},"yoast_head":"<!-- This site is optimized with the Yoast SEO plugin v27.4 - https:\/\/yoast.com\/product\/yoast-seo-wordpress\/ -->\n<title>Zin&amp;RW Jellyfish Swimsuit Burgundy - Rise &amp; Warm<\/title>\n<meta name=\"description\" content=\"Zin&amp;RW Jellyfish Swimsuit Burgundy ve di\u011fer t\u00fcm \u00fcr\u00fcnlerimiz i\u00e7in Rise &amp; Warm adresini hemen ziyaret edin. H\u0131zl\u0131 kargo ve g\u00fcvenli al\u0131\u015fveri\u015f!\" \/>\n<meta name=\"robots\" content=\"index, follow, max-snippet:-1, max-image-preview:large, max-video-preview:-1\" \/>\n<link rel=\"canonical\" href=\"https:\/\/riseandwarm.com\/tr\/urun\/zinrw-jellyfish-mayo-bordo\/\" \/>\n<meta property=\"og:locale\" content=\"tr_TR\" \/>\n<meta property=\"og:type\" content=\"article\" \/>\n<meta property=\"og:title\" content=\"Zin&amp;RW Jellyfish Swimsuit Burgundy - Rise &amp; Warm\" \/>\n<meta property=\"og:description\" content=\"Zin&amp;RW Jellyfish Swimsuit Burgundy ve di\u011fer t\u00fcm \u00fcr\u00fcnlerimiz i\u00e7in Rise &amp; Warm adresini hemen ziyaret edin. H\u0131zl\u0131 kargo ve g\u00fcvenli al\u0131\u015fveri\u015f!\" \/>\n<meta property=\"og:url\" content=\"https:\/\/riseandwarm.com\/tr\/urun\/zinrw-jellyfish-mayo-bordo\/\" \/>\n<meta property=\"og:site_name\" content=\"Rise | Warm\" \/>\n<meta property=\"article:modified_time\" content=\"2025-11-29T11:15:56+00:00\" \/>\n<meta property=\"og:image\" content=\"https:\/\/riseandwarm.com\/wp-content\/uploads\/2023\/06\/JellyfishMayoBordo-Dekupe1.jpg\" \/>\n\t<meta property=\"og:image:width\" content=\"1000\" \/>\n\t<meta property=\"og:image:height\" content=\"1500\" \/>\n\t<meta property=\"og:image:type\" content=\"image\/jpeg\" \/>\n<meta name=\"twitter:card\" content=\"summary_large_image\" \/>\n<meta name=\"twitter:label1\" content=\"Tahmini okuma s\u00fcresi\" \/>\n\t<meta name=\"twitter:data1\" content=\"2 dakika\" \/>\n<script type=\"application\/ld+json\" class=\"yoast-schema-graph\">{\"@context\":\"https:\\\/\\\/schema.org\",\"@graph\":[{\"@type\":\"WebPage\",\"@id\":\"https:\\\/\\\/riseandwarm.com\\\/tr\\\/urun\\\/zinrw-jellyfish-mayo-bordo\\\/\",\"url\":\"https:\\\/\\\/riseandwarm.com\\\/tr\\\/urun\\\/zinrw-jellyfish-mayo-bordo\\\/\",\"name\":\"Zin&RW Jellyfish Swimsuit Burgundy - Rise & Warm\",\"isPartOf\":{\"@id\":\"https:\\\/\\\/riseandwarm.com\\\/tr\\\/#website\"},\"primaryImageOfPage\":{\"@id\":\"https:\\\/\\\/riseandwarm.com\\\/tr\\\/urun\\\/zinrw-jellyfish-mayo-bordo\\\/#primaryimage\"},\"image\":{\"@id\":\"https:\\\/\\\/riseandwarm.com\\\/tr\\\/urun\\\/zinrw-jellyfish-mayo-bordo\\\/#primaryimage\"},\"thumbnailUrl\":\"https:\\\/\\\/riseandwarm.com\\\/wp-content\\\/uploads\\\/2023\\\/06\\\/JellyfishMayoBordo-Dekupe1.jpg\",\"datePublished\":\"2023-06-27T17:28:52+00:00\",\"dateModified\":\"2025-11-29T11:15:56+00:00\",\"description\":\"Zin&RW Jellyfish Swimsuit Burgundy ve di\u011fer t\u00fcm \u00fcr\u00fcnlerimiz i\u00e7in Rise & Warm adresini hemen ziyaret edin. H\u0131zl\u0131 kargo ve g\u00fcvenli al\u0131\u015fveri\u015f!\",\"breadcrumb\":{\"@id\":\"https:\\\/\\\/riseandwarm.com\\\/tr\\\/urun\\\/zinrw-jellyfish-mayo-bordo\\\/#breadcrumb\"},\"inLanguage\":\"tr\",\"potentialAction\":[{\"@type\":\"ReadAction\",\"target\":[\"https:\\\/\\\/riseandwarm.com\\\/tr\\\/urun\\\/zinrw-jellyfish-mayo-bordo\\\/\"]}]},{\"@type\":\"ImageObject\",\"inLanguage\":\"tr\",\"@id\":\"https:\\\/\\\/riseandwarm.com\\\/tr\\\/urun\\\/zinrw-jellyfish-mayo-bordo\\\/#primaryimage\",\"url\":\"https:\\\/\\\/riseandwarm.com\\\/wp-content\\\/uploads\\\/2023\\\/06\\\/JellyfishMayoBordo-Dekupe1.jpg\",\"contentUrl\":\"https:\\\/\\\/riseandwarm.com\\\/wp-content\\\/uploads\\\/2023\\\/06\\\/JellyfishMayoBordo-Dekupe1.jpg\",\"width\":1000,\"height\":1500},{\"@type\":\"BreadcrumbList\",\"@id\":\"https:\\\/\\\/riseandwarm.com\\\/tr\\\/urun\\\/zinrw-jellyfish-mayo-bordo\\\/#breadcrumb\",\"itemListElement\":[{\"@type\":\"ListItem\",\"position\":1,\"name\":\"Home\",\"item\":\"https:\\\/\\\/riseandwarm.com\\\/tr\\\/\"},{\"@type\":\"ListItem\",\"position\":2,\"name\":\"Ma\u011faza\",\"item\":\"https:\\\/\\\/riseandwarm.com\\\/tr\\\/magaza\\\/\"},{\"@type\":\"ListItem\",\"position\":3,\"name\":\"Zin&#038;RW Jellyfish Swimsuit Burgundy\"}]},{\"@type\":\"WebSite\",\"@id\":\"https:\\\/\\\/riseandwarm.com\\\/tr\\\/#website\",\"url\":\"https:\\\/\\\/riseandwarm.com\\\/tr\\\/\",\"name\":\"Rise | Warm\",\"description\":\"Free your self\",\"potentialAction\":[{\"@type\":\"SearchAction\",\"target\":{\"@type\":\"EntryPoint\",\"urlTemplate\":\"https:\\\/\\\/riseandwarm.com\\\/tr\\\/?s={search_term_string}\"},\"query-input\":{\"@type\":\"PropertyValueSpecification\",\"valueRequired\":true,\"valueName\":\"search_term_string\"}}],\"inLanguage\":\"tr\"}]}<\/script>\n<!-- \/ Yoast SEO plugin. -->","yoast_head_json":{"title":"Zin&RW Jellyfish Swimsuit Burgundy - Rise & Warm","description":"Zin&RW Jellyfish Swimsuit Burgundy ve di\u011fer t\u00fcm \u00fcr\u00fcnlerimiz i\u00e7in Rise & Warm adresini hemen ziyaret edin. H\u0131zl\u0131 kargo ve g\u00fcvenli al\u0131\u015fveri\u015f!","robots":{"index":"index","follow":"follow","max-snippet":"max-snippet:-1","max-image-preview":"max-image-preview:large","max-video-preview":"max-video-preview:-1"},"canonical":"https:\/\/riseandwarm.com\/tr\/urun\/zinrw-jellyfish-mayo-bordo\/","og_locale":"tr_TR","og_type":"article","og_title":"Zin&RW Jellyfish Swimsuit Burgundy - Rise & Warm","og_description":"Zin&RW Jellyfish Swimsuit Burgundy ve di\u011fer t\u00fcm \u00fcr\u00fcnlerimiz i\u00e7in Rise & Warm adresini hemen ziyaret edin. H\u0131zl\u0131 kargo ve g\u00fcvenli al\u0131\u015fveri\u015f!","og_url":"https:\/\/riseandwarm.com\/tr\/urun\/zinrw-jellyfish-mayo-bordo\/","og_site_name":"Rise | Warm","article_modified_time":"2025-11-29T11:15:56+00:00","og_image":[{"width":1000,"height":1500,"url":"https:\/\/riseandwarm.com\/wp-content\/uploads\/2023\/06\/JellyfishMayoBordo-Dekupe1.jpg","type":"image\/jpeg"}],"twitter_card":"summary_large_image","twitter_misc":{"Tahmini okuma s\u00fcresi":"2 dakika"},"schema":{"@context":"https:\/\/schema.org","@graph":[{"@type":"WebPage","@id":"https:\/\/riseandwarm.com\/tr\/urun\/zinrw-jellyfish-mayo-bordo\/","url":"https:\/\/riseandwarm.com\/tr\/urun\/zinrw-jellyfish-mayo-bordo\/","name":"Zin&RW Jellyfish Swimsuit Burgundy - Rise & Warm","isPartOf":{"@id":"https:\/\/riseandwarm.com\/tr\/#website"},"primaryImageOfPage":{"@id":"https:\/\/riseandwarm.com\/tr\/urun\/zinrw-jellyfish-mayo-bordo\/#primaryimage"},"image":{"@id":"https:\/\/riseandwarm.com\/tr\/urun\/zinrw-jellyfish-mayo-bordo\/#primaryimage"},"thumbnailUrl":"https:\/\/riseandwarm.com\/wp-content\/uploads\/2023\/06\/JellyfishMayoBordo-Dekupe1.jpg","datePublished":"2023-06-27T17:28:52+00:00","dateModified":"2025-11-29T11:15:56+00:00","description":"Zin&RW Jellyfish Swimsuit Burgundy ve di\u011fer t\u00fcm \u00fcr\u00fcnlerimiz i\u00e7in Rise & Warm adresini hemen ziyaret edin. H\u0131zl\u0131 kargo ve g\u00fcvenli al\u0131\u015fveri\u015f!","breadcrumb":{"@id":"https:\/\/riseandwarm.com\/tr\/urun\/zinrw-jellyfish-mayo-bordo\/#breadcrumb"},"inLanguage":"tr","potentialAction":[{"@type":"ReadAction","target":["https:\/\/riseandwarm.com\/tr\/urun\/zinrw-jellyfish-mayo-bordo\/"]}]},{"@type":"ImageObject","inLanguage":"tr","@id":"https:\/\/riseandwarm.com\/tr\/urun\/zinrw-jellyfish-mayo-bordo\/#primaryimage","url":"https:\/\/riseandwarm.com\/wp-content\/uploads\/2023\/06\/JellyfishMayoBordo-Dekupe1.jpg","contentUrl":"https:\/\/riseandwarm.com\/wp-content\/uploads\/2023\/06\/JellyfishMayoBordo-Dekupe1.jpg","width":1000,"height":1500},{"@type":"BreadcrumbList","@id":"https:\/\/riseandwarm.com\/tr\/urun\/zinrw-jellyfish-mayo-bordo\/#breadcrumb","itemListElement":[{"@type":"ListItem","position":1,"name":"Home","item":"https:\/\/riseandwarm.com\/tr\/"},{"@type":"ListItem","position":2,"name":"Ma\u011faza","item":"https:\/\/riseandwarm.com\/tr\/magaza\/"},{"@type":"ListItem","position":3,"name":"Zin&#038;RW Jellyfish Swimsuit Burgundy"}]},{"@type":"WebSite","@id":"https:\/\/riseandwarm.com\/tr\/#website","url":"https:\/\/riseandwarm.com\/tr\/","name":"Rise | Warm","description":"Free your self","potentialAction":[{"@type":"SearchAction","target":{"@type":"EntryPoint","urlTemplate":"https:\/\/riseandwarm.com\/tr\/?s={search_term_string}"},"query-input":{"@type":"PropertyValueSpecification","valueRequired":true,"valueName":"search_term_string"}}],"inLanguage":"tr"}]}},"_links":{"self":[{"href":"https:\/\/riseandwarm.com\/tr\/wp-json\/wp\/v2\/product\/7054","targetHints":{"allow":["GET"]}}],"collection":[{"href":"https:\/\/riseandwarm.com\/tr\/wp-json\/wp\/v2\/product"}],"about":[{"href":"https:\/\/riseandwarm.com\/tr\/wp-json\/wp\/v2\/types\/product"}],"version-history":[{"count":1,"href":"https:\/\/riseandwarm.com\/tr\/wp-json\/wp\/v2\/product\/7054\/revisions"}],"predecessor-version":[{"id":22905,"href":"https:\/\/riseandwarm.com\/tr\/wp-json\/wp\/v2\/product\/7054\/revisions\/22905"}],"wp:featuredmedia":[{"embeddable":true,"href":"https:\/\/riseandwarm.com\/tr\/wp-json\/wp\/v2\/media\/6813"}],"wp:attachment":[{"href":"https:\/\/riseandwarm.com\/tr\/wp-json\/wp\/v2\/media?parent=7054"}],"wp:term":[{"taxonomy":"product_brand","embeddable":true,"href":"https:\/\/riseandwarm.com\/tr\/wp-json\/wp\/v2\/product_brand?post=7054"},{"taxonomy":"product_cat","embeddable":true,"href":"https:\/\/riseandwarm.com\/tr\/wp-json\/wp\/v2\/product_cat?post=7054"},{"taxonomy":"product_tag","embeddable":true,"href":"https:\/\/riseandwarm.com\/tr\/wp-json\/wp\/v2\/product_tag?post=7054"}],"curies":[{"name":"wp","href":"https:\/\/api.w.org\/{rel}","templated":true}]}}