{"id":7047,"date":"2023-06-27T17:19:00","date_gmt":"2023-06-27T17:19:00","guid":{"rendered":"https:\/\/riseandwarm.com\/?post_type=product&#038;p=7047"},"modified":"2025-11-29T11:16:53","modified_gmt":"2025-11-29T11:16:53","slug":"zinrw-jellyfish-mayo-mavi","status":"publish","type":"product","link":"https:\/\/riseandwarm.com\/tr\/urun\/zinrw-jellyfish-mayo-mavi\/","title":{"rendered":"Zin&#038;RW Jellyfish Swimsuit Blue"},"content":{"rendered":"<p>Mavinin sakinli\u011fini yans\u0131tan Jellyfish Mayo, s\u0131rt k\u0131sm\u0131nda koltuk alt\u0131ndan bele kadar derin bir a\u00e7\u0131kl\u0131kla \u00f6ne \u00e7\u0131k\u0131yor. Bu detay, mayo \u00fczerinde zarif bir dokunu\u015f sa\u011fl\u0131yor ve kad\u0131nlara sofistike bir g\u00f6r\u00fcn\u00fcm sunuyor.<\/p>\n<p>Mavinin b\u00fcy\u00fcleyici tonlar\u0131, denizin derinliklerindeki huzuru ve dinginli\u011fi hat\u0131rlat\u0131r. Jellyfish Mayo&#8217;nun mavi rengi, plajlarda \u00f6zg\u00fcrl\u00fc\u011f\u00fc ve dinginli\u011fi simgelerken, s\u0131rttaki derin a\u00e7\u0131kl\u0131k detay\u0131, kad\u0131n\u0131n zarafetini ve \u00e7ekicili\u011fini vurgular.<\/p>\n<p>Bu mayo, %80 PA (poliamid) ve %20 EA (elastan) kar\u0131\u015f\u0131m\u0131ndan \u00fcretilen \u00f6zel bir kuma\u015fla tasarland\u0131. Bu se\u00e7ilen kuma\u015f, mayo \u00fczerinde rahat bir kullan\u0131m sa\u011flarken, v\u00fccuda m\u00fckemmel bir uyum sa\u011flar.<\/p>\n<p>Jellyfish Swimsuit, reflecting the calmness of blue, stands out with a deep cutout from under the arms to the waistline on the back. This detail provides an elegant touch to the swimsuit, offering women a sophisticated look.<\/p>\n<p>The captivating shades of blue remind us of the tranquility and serenity of the depths of the ocean. The blue color of Jellyfish Swimsuit symbolizes freedom and serenity on the beaches, while the deep cutout detail on the back highlights the grace and allure of a woman.<\/p>\n<p>This swimsuit is crafted from a special fabric blend of 80% PA (polyamide) and 20% EA (elastane). The chosen fabric ensures a comfortable fit and perfect elasticity, allowing for effortless movement.<\/p>\n","protected":false},"excerpt":{"rendered":"<p>Mavinin sakinli\u011fini yans\u0131tan Jellyfish Mayo, s\u0131rt k\u0131sm\u0131nda koltuk alt\u0131ndan bele kadar derin bir a\u00e7\u0131kl\u0131kla \u00f6ne \u00e7\u0131k\u0131yor. Bu detay, mayo \u00fczerinde<\/p>\n","protected":false},"featured_media":6845,"template":"","meta":[],"product_brand":[],"product_cat":[117,273],"product_tag":[],"class_list":{"0":"post-7047","1":"product","2":"type-product","3":"status-publish","4":"has-post-thumbnail","6":"product_cat-mayo-bikini","7":"product_cat-ozel-fiyatlar","9":"first","10":"instock","11":"sale","12":"shipping-taxable","13":"purchasable","14":"product-type-variable"},"yoast_head":"<!-- This site is optimized with the Yoast SEO plugin v27.4 - https:\/\/yoast.com\/product\/yoast-seo-wordpress\/ -->\n<title>Zin&amp;RW Jellyfish Swimsuit Blue - Rise &amp; Warm<\/title>\n<meta name=\"description\" content=\"Zin&amp;RW Jellyfish Swimsuit Blue ve di\u011fer t\u00fcm \u00fcr\u00fcnlerimiz i\u00e7in Rise &amp; Warm adresini hemen ziyaret edin. H\u0131zl\u0131 kargo ve g\u00fcvenli al\u0131\u015fveri\u015f!\" \/>\n<meta name=\"robots\" content=\"index, follow, max-snippet:-1, max-image-preview:large, max-video-preview:-1\" \/>\n<link rel=\"canonical\" href=\"https:\/\/riseandwarm.com\/tr\/urun\/zinrw-jellyfish-mayo-mavi\/\" \/>\n<meta property=\"og:locale\" content=\"tr_TR\" \/>\n<meta property=\"og:type\" content=\"article\" \/>\n<meta property=\"og:title\" content=\"Zin&amp;RW Jellyfish Swimsuit Blue - Rise &amp; Warm\" \/>\n<meta property=\"og:description\" content=\"Zin&amp;RW Jellyfish Swimsuit Blue ve di\u011fer t\u00fcm \u00fcr\u00fcnlerimiz i\u00e7in Rise &amp; Warm adresini hemen ziyaret edin. H\u0131zl\u0131 kargo ve g\u00fcvenli al\u0131\u015fveri\u015f!\" \/>\n<meta property=\"og:url\" content=\"https:\/\/riseandwarm.com\/tr\/urun\/zinrw-jellyfish-mayo-mavi\/\" \/>\n<meta property=\"og:site_name\" content=\"Rise | Warm\" \/>\n<meta property=\"article:modified_time\" content=\"2025-11-29T11:16:53+00:00\" \/>\n<meta property=\"og:image\" content=\"https:\/\/riseandwarm.com\/wp-content\/uploads\/2023\/06\/JellyfishMayoMavi-Dekupe1.jpg\" \/>\n\t<meta property=\"og:image:width\" content=\"1000\" \/>\n\t<meta property=\"og:image:height\" content=\"1500\" \/>\n\t<meta property=\"og:image:type\" content=\"image\/jpeg\" \/>\n<meta name=\"twitter:card\" content=\"summary_large_image\" \/>\n<meta name=\"twitter:label1\" content=\"Tahmini okuma s\u00fcresi\" \/>\n\t<meta name=\"twitter:data1\" content=\"2 dakika\" \/>\n<script type=\"application\/ld+json\" class=\"yoast-schema-graph\">{\"@context\":\"https:\\\/\\\/schema.org\",\"@graph\":[{\"@type\":\"WebPage\",\"@id\":\"https:\\\/\\\/riseandwarm.com\\\/tr\\\/urun\\\/zinrw-jellyfish-mayo-mavi\\\/\",\"url\":\"https:\\\/\\\/riseandwarm.com\\\/tr\\\/urun\\\/zinrw-jellyfish-mayo-mavi\\\/\",\"name\":\"Zin&RW Jellyfish Swimsuit Blue - Rise & Warm\",\"isPartOf\":{\"@id\":\"https:\\\/\\\/riseandwarm.com\\\/tr\\\/#website\"},\"primaryImageOfPage\":{\"@id\":\"https:\\\/\\\/riseandwarm.com\\\/tr\\\/urun\\\/zinrw-jellyfish-mayo-mavi\\\/#primaryimage\"},\"image\":{\"@id\":\"https:\\\/\\\/riseandwarm.com\\\/tr\\\/urun\\\/zinrw-jellyfish-mayo-mavi\\\/#primaryimage\"},\"thumbnailUrl\":\"https:\\\/\\\/riseandwarm.com\\\/wp-content\\\/uploads\\\/2023\\\/06\\\/JellyfishMayoMavi-Dekupe1.jpg\",\"datePublished\":\"2023-06-27T17:19:00+00:00\",\"dateModified\":\"2025-11-29T11:16:53+00:00\",\"description\":\"Zin&RW Jellyfish Swimsuit Blue ve di\u011fer t\u00fcm \u00fcr\u00fcnlerimiz i\u00e7in Rise & Warm adresini hemen ziyaret edin. H\u0131zl\u0131 kargo ve g\u00fcvenli al\u0131\u015fveri\u015f!\",\"breadcrumb\":{\"@id\":\"https:\\\/\\\/riseandwarm.com\\\/tr\\\/urun\\\/zinrw-jellyfish-mayo-mavi\\\/#breadcrumb\"},\"inLanguage\":\"tr\",\"potentialAction\":[{\"@type\":\"ReadAction\",\"target\":[\"https:\\\/\\\/riseandwarm.com\\\/tr\\\/urun\\\/zinrw-jellyfish-mayo-mavi\\\/\"]}]},{\"@type\":\"ImageObject\",\"inLanguage\":\"tr\",\"@id\":\"https:\\\/\\\/riseandwarm.com\\\/tr\\\/urun\\\/zinrw-jellyfish-mayo-mavi\\\/#primaryimage\",\"url\":\"https:\\\/\\\/riseandwarm.com\\\/wp-content\\\/uploads\\\/2023\\\/06\\\/JellyfishMayoMavi-Dekupe1.jpg\",\"contentUrl\":\"https:\\\/\\\/riseandwarm.com\\\/wp-content\\\/uploads\\\/2023\\\/06\\\/JellyfishMayoMavi-Dekupe1.jpg\",\"width\":1000,\"height\":1500},{\"@type\":\"BreadcrumbList\",\"@id\":\"https:\\\/\\\/riseandwarm.com\\\/tr\\\/urun\\\/zinrw-jellyfish-mayo-mavi\\\/#breadcrumb\",\"itemListElement\":[{\"@type\":\"ListItem\",\"position\":1,\"name\":\"Home\",\"item\":\"https:\\\/\\\/riseandwarm.com\\\/tr\\\/\"},{\"@type\":\"ListItem\",\"position\":2,\"name\":\"Ma\u011faza\",\"item\":\"https:\\\/\\\/riseandwarm.com\\\/tr\\\/magaza\\\/\"},{\"@type\":\"ListItem\",\"position\":3,\"name\":\"Zin&#038;RW Jellyfish Swimsuit Blue\"}]},{\"@type\":\"WebSite\",\"@id\":\"https:\\\/\\\/riseandwarm.com\\\/tr\\\/#website\",\"url\":\"https:\\\/\\\/riseandwarm.com\\\/tr\\\/\",\"name\":\"Rise | Warm\",\"description\":\"Free your self\",\"potentialAction\":[{\"@type\":\"SearchAction\",\"target\":{\"@type\":\"EntryPoint\",\"urlTemplate\":\"https:\\\/\\\/riseandwarm.com\\\/tr\\\/?s={search_term_string}\"},\"query-input\":{\"@type\":\"PropertyValueSpecification\",\"valueRequired\":true,\"valueName\":\"search_term_string\"}}],\"inLanguage\":\"tr\"}]}<\/script>\n<!-- \/ Yoast SEO plugin. -->","yoast_head_json":{"title":"Zin&RW Jellyfish Swimsuit Blue - Rise & Warm","description":"Zin&RW Jellyfish Swimsuit Blue ve di\u011fer t\u00fcm \u00fcr\u00fcnlerimiz i\u00e7in Rise & Warm adresini hemen ziyaret edin. H\u0131zl\u0131 kargo ve g\u00fcvenli al\u0131\u015fveri\u015f!","robots":{"index":"index","follow":"follow","max-snippet":"max-snippet:-1","max-image-preview":"max-image-preview:large","max-video-preview":"max-video-preview:-1"},"canonical":"https:\/\/riseandwarm.com\/tr\/urun\/zinrw-jellyfish-mayo-mavi\/","og_locale":"tr_TR","og_type":"article","og_title":"Zin&RW Jellyfish Swimsuit Blue - Rise & Warm","og_description":"Zin&RW Jellyfish Swimsuit Blue ve di\u011fer t\u00fcm \u00fcr\u00fcnlerimiz i\u00e7in Rise & Warm adresini hemen ziyaret edin. H\u0131zl\u0131 kargo ve g\u00fcvenli al\u0131\u015fveri\u015f!","og_url":"https:\/\/riseandwarm.com\/tr\/urun\/zinrw-jellyfish-mayo-mavi\/","og_site_name":"Rise | Warm","article_modified_time":"2025-11-29T11:16:53+00:00","og_image":[{"width":1000,"height":1500,"url":"https:\/\/riseandwarm.com\/wp-content\/uploads\/2023\/06\/JellyfishMayoMavi-Dekupe1.jpg","type":"image\/jpeg"}],"twitter_card":"summary_large_image","twitter_misc":{"Tahmini okuma s\u00fcresi":"2 dakika"},"schema":{"@context":"https:\/\/schema.org","@graph":[{"@type":"WebPage","@id":"https:\/\/riseandwarm.com\/tr\/urun\/zinrw-jellyfish-mayo-mavi\/","url":"https:\/\/riseandwarm.com\/tr\/urun\/zinrw-jellyfish-mayo-mavi\/","name":"Zin&RW Jellyfish Swimsuit Blue - Rise & Warm","isPartOf":{"@id":"https:\/\/riseandwarm.com\/tr\/#website"},"primaryImageOfPage":{"@id":"https:\/\/riseandwarm.com\/tr\/urun\/zinrw-jellyfish-mayo-mavi\/#primaryimage"},"image":{"@id":"https:\/\/riseandwarm.com\/tr\/urun\/zinrw-jellyfish-mayo-mavi\/#primaryimage"},"thumbnailUrl":"https:\/\/riseandwarm.com\/wp-content\/uploads\/2023\/06\/JellyfishMayoMavi-Dekupe1.jpg","datePublished":"2023-06-27T17:19:00+00:00","dateModified":"2025-11-29T11:16:53+00:00","description":"Zin&RW Jellyfish Swimsuit Blue ve di\u011fer t\u00fcm \u00fcr\u00fcnlerimiz i\u00e7in Rise & Warm adresini hemen ziyaret edin. H\u0131zl\u0131 kargo ve g\u00fcvenli al\u0131\u015fveri\u015f!","breadcrumb":{"@id":"https:\/\/riseandwarm.com\/tr\/urun\/zinrw-jellyfish-mayo-mavi\/#breadcrumb"},"inLanguage":"tr","potentialAction":[{"@type":"ReadAction","target":["https:\/\/riseandwarm.com\/tr\/urun\/zinrw-jellyfish-mayo-mavi\/"]}]},{"@type":"ImageObject","inLanguage":"tr","@id":"https:\/\/riseandwarm.com\/tr\/urun\/zinrw-jellyfish-mayo-mavi\/#primaryimage","url":"https:\/\/riseandwarm.com\/wp-content\/uploads\/2023\/06\/JellyfishMayoMavi-Dekupe1.jpg","contentUrl":"https:\/\/riseandwarm.com\/wp-content\/uploads\/2023\/06\/JellyfishMayoMavi-Dekupe1.jpg","width":1000,"height":1500},{"@type":"BreadcrumbList","@id":"https:\/\/riseandwarm.com\/tr\/urun\/zinrw-jellyfish-mayo-mavi\/#breadcrumb","itemListElement":[{"@type":"ListItem","position":1,"name":"Home","item":"https:\/\/riseandwarm.com\/tr\/"},{"@type":"ListItem","position":2,"name":"Ma\u011faza","item":"https:\/\/riseandwarm.com\/tr\/magaza\/"},{"@type":"ListItem","position":3,"name":"Zin&#038;RW Jellyfish Swimsuit Blue"}]},{"@type":"WebSite","@id":"https:\/\/riseandwarm.com\/tr\/#website","url":"https:\/\/riseandwarm.com\/tr\/","name":"Rise | Warm","description":"Free your self","potentialAction":[{"@type":"SearchAction","target":{"@type":"EntryPoint","urlTemplate":"https:\/\/riseandwarm.com\/tr\/?s={search_term_string}"},"query-input":{"@type":"PropertyValueSpecification","valueRequired":true,"valueName":"search_term_string"}}],"inLanguage":"tr"}]}},"_links":{"self":[{"href":"https:\/\/riseandwarm.com\/tr\/wp-json\/wp\/v2\/product\/7047","targetHints":{"allow":["GET"]}}],"collection":[{"href":"https:\/\/riseandwarm.com\/tr\/wp-json\/wp\/v2\/product"}],"about":[{"href":"https:\/\/riseandwarm.com\/tr\/wp-json\/wp\/v2\/types\/product"}],"version-history":[{"count":1,"href":"https:\/\/riseandwarm.com\/tr\/wp-json\/wp\/v2\/product\/7047\/revisions"}],"predecessor-version":[{"id":23111,"href":"https:\/\/riseandwarm.com\/tr\/wp-json\/wp\/v2\/product\/7047\/revisions\/23111"}],"wp:featuredmedia":[{"embeddable":true,"href":"https:\/\/riseandwarm.com\/tr\/wp-json\/wp\/v2\/media\/6845"}],"wp:attachment":[{"href":"https:\/\/riseandwarm.com\/tr\/wp-json\/wp\/v2\/media?parent=7047"}],"wp:term":[{"taxonomy":"product_brand","embeddable":true,"href":"https:\/\/riseandwarm.com\/tr\/wp-json\/wp\/v2\/product_brand?post=7047"},{"taxonomy":"product_cat","embeddable":true,"href":"https:\/\/riseandwarm.com\/tr\/wp-json\/wp\/v2\/product_cat?post=7047"},{"taxonomy":"product_tag","embeddable":true,"href":"https:\/\/riseandwarm.com\/tr\/wp-json\/wp\/v2\/product_tag?post=7047"}],"curies":[{"name":"wp","href":"https:\/\/api.w.org\/{rel}","templated":true}]}}