{"id":7019,"date":"2023-06-27T16:45:11","date_gmt":"2023-06-27T16:45:11","guid":{"rendered":"https:\/\/riseandwarm.com\/?post_type=product&#038;p=7019"},"modified":"2025-11-29T11:19:44","modified_gmt":"2025-11-29T11:19:44","slug":"zinrw-coral-mayo-kremit","status":"publish","type":"product","link":"https:\/\/riseandwarm.com\/tr\/urun\/zinrw-coral-mayo-kremit\/","title":{"rendered":"Zin&#038;RW Coral Swimsuit Terracotta"},"content":{"rendered":"<p>Carol Mayo, \u00f6n\u00fcnde v kesimli t\u00fcl par\u00e7as\u0131 ve derin s\u0131rt dekoltesi ile dikkat \u00e7ekiyor. Bu detaylar, mayo \u00fczerinde s\u0131cak ve etkileyici bir g\u00f6r\u00fcn\u00fcm yarat\u0131yor.<\/p>\n<p>Carol Mayo&#8217;nun kiremit rengi, s\u0131cak tonlar\u0131yla g\u00fcne\u015fin bat\u0131\u015f\u0131nda denizin \u00fczerinde dans eden \u0131\u015f\u0131klar\u0131 hat\u0131rlat\u0131r. T\u00fcl par\u00e7as\u0131n\u0131n \u00f6zg\u00fcn kesimi ve derin s\u0131rt dekoltesi, kad\u0131n\u0131n kendine g\u00fcvenini ve \u00e7ekicili\u011fini vurgularken, plajlarda g\u00f6z kama\u015ft\u0131rman\u0131z\u0131 sa\u011flar.<\/p>\n<p>Bu mayo, %80 PA (poliamid) ve %20 EA (elastan) kar\u0131\u015f\u0131m\u0131ndan \u00fcretilen \u00f6zel bir kuma\u015fla tasarland\u0131. Se\u00e7ilen kuma\u015f, mayo \u00fczerinde rahat bir kullan\u0131m sa\u011flarken, v\u00fccuda m\u00fckemmel bir \u015fekilde oturur.<\/p>\n<p>Carol Swimsuit stands out with its V-cut mesh panel at the front and deep back neckline. These details create a warm and captivating appearance on the swimsuit.<\/p>\n<p>The terracotta color of Carol Swimsuit reminds us of the dancing lights on the ocean&#8217;s surface during sunset. The unique cut of the mesh panel and the deep back neckline highlight a woman&#8217;s confidence and allure, allowing you to shine on the beaches.<\/p>\n<p>This swimsuit is crafted from a special fabric blend of 80% PA (polyamide) and 20% EA (elastane). The chosen fabric ensures a comfortable fit on the swimsuit, hugging the body perfectly.<\/p>\n","protected":false},"excerpt":{"rendered":"<p>Carol Mayo, \u00f6n\u00fcnde v kesimli t\u00fcl par\u00e7as\u0131 ve derin s\u0131rt dekoltesi ile dikkat \u00e7ekiyor. Bu detaylar, mayo \u00fczerinde s\u0131cak ve<\/p>\n","protected":false},"featured_media":6757,"template":"","meta":[],"product_brand":[],"product_cat":[117,273],"product_tag":[],"class_list":{"0":"post-7019","1":"product","2":"type-product","3":"status-publish","4":"has-post-thumbnail","6":"product_cat-mayo-bikini","7":"product_cat-ozel-fiyatlar","9":"first","10":"instock","11":"sale","12":"shipping-taxable","13":"purchasable","14":"product-type-variable"},"yoast_head":"<!-- This site is optimized with the Yoast SEO plugin v27.4 - https:\/\/yoast.com\/product\/yoast-seo-wordpress\/ -->\n<title>Zin&amp;RW Coral Swimsuit Terracotta - Rise &amp; Warm<\/title>\n<meta name=\"description\" content=\"Zin&amp;RW Coral Swimsuit Terracotta ve di\u011fer t\u00fcm \u00fcr\u00fcnlerimiz i\u00e7in Rise &amp; Warm adresini hemen ziyaret edin. H\u0131zl\u0131 kargo ve g\u00fcvenli al\u0131\u015fveri\u015f!\" \/>\n<meta name=\"robots\" content=\"index, follow, max-snippet:-1, max-image-preview:large, max-video-preview:-1\" \/>\n<link rel=\"canonical\" href=\"https:\/\/riseandwarm.com\/tr\/urun\/zinrw-coral-mayo-kremit\/\" \/>\n<meta property=\"og:locale\" content=\"tr_TR\" \/>\n<meta property=\"og:type\" content=\"article\" \/>\n<meta property=\"og:title\" content=\"Zin&amp;RW Coral Swimsuit Terracotta - Rise &amp; Warm\" \/>\n<meta property=\"og:description\" content=\"Zin&amp;RW Coral Swimsuit Terracotta ve di\u011fer t\u00fcm \u00fcr\u00fcnlerimiz i\u00e7in Rise &amp; Warm adresini hemen ziyaret edin. H\u0131zl\u0131 kargo ve g\u00fcvenli al\u0131\u015fveri\u015f!\" \/>\n<meta property=\"og:url\" content=\"https:\/\/riseandwarm.com\/tr\/urun\/zinrw-coral-mayo-kremit\/\" \/>\n<meta property=\"og:site_name\" content=\"Rise | Warm\" \/>\n<meta property=\"article:modified_time\" content=\"2025-11-29T11:19:44+00:00\" \/>\n<meta property=\"og:image\" content=\"https:\/\/riseandwarm.com\/wp-content\/uploads\/2023\/06\/CoralMayoKremit-Dekupe1.jpg\" \/>\n\t<meta property=\"og:image:width\" content=\"1000\" \/>\n\t<meta property=\"og:image:height\" content=\"1500\" \/>\n\t<meta property=\"og:image:type\" content=\"image\/jpeg\" \/>\n<meta name=\"twitter:card\" content=\"summary_large_image\" \/>\n<meta name=\"twitter:label1\" content=\"Tahmini okuma s\u00fcresi\" \/>\n\t<meta name=\"twitter:data1\" content=\"2 dakika\" \/>\n<script type=\"application\/ld+json\" class=\"yoast-schema-graph\">{\"@context\":\"https:\\\/\\\/schema.org\",\"@graph\":[{\"@type\":\"WebPage\",\"@id\":\"https:\\\/\\\/riseandwarm.com\\\/tr\\\/urun\\\/zinrw-coral-mayo-kremit\\\/\",\"url\":\"https:\\\/\\\/riseandwarm.com\\\/tr\\\/urun\\\/zinrw-coral-mayo-kremit\\\/\",\"name\":\"Zin&RW Coral Swimsuit Terracotta - Rise & Warm\",\"isPartOf\":{\"@id\":\"https:\\\/\\\/riseandwarm.com\\\/tr\\\/#website\"},\"primaryImageOfPage\":{\"@id\":\"https:\\\/\\\/riseandwarm.com\\\/tr\\\/urun\\\/zinrw-coral-mayo-kremit\\\/#primaryimage\"},\"image\":{\"@id\":\"https:\\\/\\\/riseandwarm.com\\\/tr\\\/urun\\\/zinrw-coral-mayo-kremit\\\/#primaryimage\"},\"thumbnailUrl\":\"https:\\\/\\\/riseandwarm.com\\\/wp-content\\\/uploads\\\/2023\\\/06\\\/CoralMayoKremit-Dekupe1.jpg\",\"datePublished\":\"2023-06-27T16:45:11+00:00\",\"dateModified\":\"2025-11-29T11:19:44+00:00\",\"description\":\"Zin&RW Coral Swimsuit Terracotta ve di\u011fer t\u00fcm \u00fcr\u00fcnlerimiz i\u00e7in Rise & Warm adresini hemen ziyaret edin. H\u0131zl\u0131 kargo ve g\u00fcvenli al\u0131\u015fveri\u015f!\",\"breadcrumb\":{\"@id\":\"https:\\\/\\\/riseandwarm.com\\\/tr\\\/urun\\\/zinrw-coral-mayo-kremit\\\/#breadcrumb\"},\"inLanguage\":\"tr\",\"potentialAction\":[{\"@type\":\"ReadAction\",\"target\":[\"https:\\\/\\\/riseandwarm.com\\\/tr\\\/urun\\\/zinrw-coral-mayo-kremit\\\/\"]}]},{\"@type\":\"ImageObject\",\"inLanguage\":\"tr\",\"@id\":\"https:\\\/\\\/riseandwarm.com\\\/tr\\\/urun\\\/zinrw-coral-mayo-kremit\\\/#primaryimage\",\"url\":\"https:\\\/\\\/riseandwarm.com\\\/wp-content\\\/uploads\\\/2023\\\/06\\\/CoralMayoKremit-Dekupe1.jpg\",\"contentUrl\":\"https:\\\/\\\/riseandwarm.com\\\/wp-content\\\/uploads\\\/2023\\\/06\\\/CoralMayoKremit-Dekupe1.jpg\",\"width\":1000,\"height\":1500},{\"@type\":\"BreadcrumbList\",\"@id\":\"https:\\\/\\\/riseandwarm.com\\\/tr\\\/urun\\\/zinrw-coral-mayo-kremit\\\/#breadcrumb\",\"itemListElement\":[{\"@type\":\"ListItem\",\"position\":1,\"name\":\"Home\",\"item\":\"https:\\\/\\\/riseandwarm.com\\\/tr\\\/\"},{\"@type\":\"ListItem\",\"position\":2,\"name\":\"Ma\u011faza\",\"item\":\"https:\\\/\\\/riseandwarm.com\\\/tr\\\/magaza\\\/\"},{\"@type\":\"ListItem\",\"position\":3,\"name\":\"Zin&#038;RW Coral Swimsuit Terracotta\"}]},{\"@type\":\"WebSite\",\"@id\":\"https:\\\/\\\/riseandwarm.com\\\/tr\\\/#website\",\"url\":\"https:\\\/\\\/riseandwarm.com\\\/tr\\\/\",\"name\":\"Rise | Warm\",\"description\":\"Free your self\",\"potentialAction\":[{\"@type\":\"SearchAction\",\"target\":{\"@type\":\"EntryPoint\",\"urlTemplate\":\"https:\\\/\\\/riseandwarm.com\\\/tr\\\/?s={search_term_string}\"},\"query-input\":{\"@type\":\"PropertyValueSpecification\",\"valueRequired\":true,\"valueName\":\"search_term_string\"}}],\"inLanguage\":\"tr\"}]}<\/script>\n<!-- \/ Yoast SEO plugin. -->","yoast_head_json":{"title":"Zin&RW Coral Swimsuit Terracotta - Rise & Warm","description":"Zin&RW Coral Swimsuit Terracotta ve di\u011fer t\u00fcm \u00fcr\u00fcnlerimiz i\u00e7in Rise & Warm adresini hemen ziyaret edin. H\u0131zl\u0131 kargo ve g\u00fcvenli al\u0131\u015fveri\u015f!","robots":{"index":"index","follow":"follow","max-snippet":"max-snippet:-1","max-image-preview":"max-image-preview:large","max-video-preview":"max-video-preview:-1"},"canonical":"https:\/\/riseandwarm.com\/tr\/urun\/zinrw-coral-mayo-kremit\/","og_locale":"tr_TR","og_type":"article","og_title":"Zin&RW Coral Swimsuit Terracotta - Rise & Warm","og_description":"Zin&RW Coral Swimsuit Terracotta ve di\u011fer t\u00fcm \u00fcr\u00fcnlerimiz i\u00e7in Rise & Warm adresini hemen ziyaret edin. H\u0131zl\u0131 kargo ve g\u00fcvenli al\u0131\u015fveri\u015f!","og_url":"https:\/\/riseandwarm.com\/tr\/urun\/zinrw-coral-mayo-kremit\/","og_site_name":"Rise | Warm","article_modified_time":"2025-11-29T11:19:44+00:00","og_image":[{"width":1000,"height":1500,"url":"https:\/\/riseandwarm.com\/wp-content\/uploads\/2023\/06\/CoralMayoKremit-Dekupe1.jpg","type":"image\/jpeg"}],"twitter_card":"summary_large_image","twitter_misc":{"Tahmini okuma s\u00fcresi":"2 dakika"},"schema":{"@context":"https:\/\/schema.org","@graph":[{"@type":"WebPage","@id":"https:\/\/riseandwarm.com\/tr\/urun\/zinrw-coral-mayo-kremit\/","url":"https:\/\/riseandwarm.com\/tr\/urun\/zinrw-coral-mayo-kremit\/","name":"Zin&RW Coral Swimsuit Terracotta - Rise & Warm","isPartOf":{"@id":"https:\/\/riseandwarm.com\/tr\/#website"},"primaryImageOfPage":{"@id":"https:\/\/riseandwarm.com\/tr\/urun\/zinrw-coral-mayo-kremit\/#primaryimage"},"image":{"@id":"https:\/\/riseandwarm.com\/tr\/urun\/zinrw-coral-mayo-kremit\/#primaryimage"},"thumbnailUrl":"https:\/\/riseandwarm.com\/wp-content\/uploads\/2023\/06\/CoralMayoKremit-Dekupe1.jpg","datePublished":"2023-06-27T16:45:11+00:00","dateModified":"2025-11-29T11:19:44+00:00","description":"Zin&RW Coral Swimsuit Terracotta ve di\u011fer t\u00fcm \u00fcr\u00fcnlerimiz i\u00e7in Rise & Warm adresini hemen ziyaret edin. H\u0131zl\u0131 kargo ve g\u00fcvenli al\u0131\u015fveri\u015f!","breadcrumb":{"@id":"https:\/\/riseandwarm.com\/tr\/urun\/zinrw-coral-mayo-kremit\/#breadcrumb"},"inLanguage":"tr","potentialAction":[{"@type":"ReadAction","target":["https:\/\/riseandwarm.com\/tr\/urun\/zinrw-coral-mayo-kremit\/"]}]},{"@type":"ImageObject","inLanguage":"tr","@id":"https:\/\/riseandwarm.com\/tr\/urun\/zinrw-coral-mayo-kremit\/#primaryimage","url":"https:\/\/riseandwarm.com\/wp-content\/uploads\/2023\/06\/CoralMayoKremit-Dekupe1.jpg","contentUrl":"https:\/\/riseandwarm.com\/wp-content\/uploads\/2023\/06\/CoralMayoKremit-Dekupe1.jpg","width":1000,"height":1500},{"@type":"BreadcrumbList","@id":"https:\/\/riseandwarm.com\/tr\/urun\/zinrw-coral-mayo-kremit\/#breadcrumb","itemListElement":[{"@type":"ListItem","position":1,"name":"Home","item":"https:\/\/riseandwarm.com\/tr\/"},{"@type":"ListItem","position":2,"name":"Ma\u011faza","item":"https:\/\/riseandwarm.com\/tr\/magaza\/"},{"@type":"ListItem","position":3,"name":"Zin&#038;RW Coral Swimsuit Terracotta"}]},{"@type":"WebSite","@id":"https:\/\/riseandwarm.com\/tr\/#website","url":"https:\/\/riseandwarm.com\/tr\/","name":"Rise | Warm","description":"Free your self","potentialAction":[{"@type":"SearchAction","target":{"@type":"EntryPoint","urlTemplate":"https:\/\/riseandwarm.com\/tr\/?s={search_term_string}"},"query-input":{"@type":"PropertyValueSpecification","valueRequired":true,"valueName":"search_term_string"}}],"inLanguage":"tr"}]}},"_links":{"self":[{"href":"https:\/\/riseandwarm.com\/tr\/wp-json\/wp\/v2\/product\/7019","targetHints":{"allow":["GET"]}}],"collection":[{"href":"https:\/\/riseandwarm.com\/tr\/wp-json\/wp\/v2\/product"}],"about":[{"href":"https:\/\/riseandwarm.com\/tr\/wp-json\/wp\/v2\/types\/product"}],"version-history":[{"count":1,"href":"https:\/\/riseandwarm.com\/tr\/wp-json\/wp\/v2\/product\/7019\/revisions"}],"predecessor-version":[{"id":23115,"href":"https:\/\/riseandwarm.com\/tr\/wp-json\/wp\/v2\/product\/7019\/revisions\/23115"}],"wp:featuredmedia":[{"embeddable":true,"href":"https:\/\/riseandwarm.com\/tr\/wp-json\/wp\/v2\/media\/6757"}],"wp:attachment":[{"href":"https:\/\/riseandwarm.com\/tr\/wp-json\/wp\/v2\/media?parent=7019"}],"wp:term":[{"taxonomy":"product_brand","embeddable":true,"href":"https:\/\/riseandwarm.com\/tr\/wp-json\/wp\/v2\/product_brand?post=7019"},{"taxonomy":"product_cat","embeddable":true,"href":"https:\/\/riseandwarm.com\/tr\/wp-json\/wp\/v2\/product_cat?post=7019"},{"taxonomy":"product_tag","embeddable":true,"href":"https:\/\/riseandwarm.com\/tr\/wp-json\/wp\/v2\/product_tag?post=7019"}],"curies":[{"name":"wp","href":"https:\/\/api.w.org\/{rel}","templated":true}]}}