{"id":7012,"date":"2023-06-27T16:33:16","date_gmt":"2023-06-27T16:33:16","guid":{"rendered":"https:\/\/riseandwarm.com\/?post_type=product&#038;p=7012"},"modified":"2025-11-29T11:21:34","modified_gmt":"2025-11-29T11:21:34","slug":"zinrw-sole-bikini-ustu-bordo","status":"publish","type":"product","link":"https:\/\/riseandwarm.com\/tr\/urun\/zinrw-sole-bikini-ustu-bordo\/","title":{"rendered":"Zin&#038;RW Sole Bikini Top Burgundy"},"content":{"rendered":"<p>Sole Bikini \u00dcst\u00fc, ask\u0131l\u0131 \u00fc\u00e7gen kesimi ve t\u00fcl detaylar\u0131yla dikkat \u00e7eken seksi bir tasar\u0131ma sahiptir. Bu \u00fcst, plajlarda zarafet ve \u00f6zg\u00fcveni yans\u0131tman\u0131za olanak sa\u011flar.<\/p>\n<p>Sole Bikini \u00dcst\u00fc&#8217;n\u00fcn bordo rengi, g\u00fc\u00e7l\u00fc ve iddial\u0131 bir duru\u015f sergilemek isteyen kad\u0131nlara hitap eder. Bordo, \u00e7ekicili\u011finizi vurgulayan bir se\u00e7imdir.<\/p>\n<p>Bu bikini \u00fcst\u00fc, %80 PA (poliamid) ve %20 EA (elastan) kar\u0131\u015f\u0131m\u0131ndan \u00fcretilen \u00f6zel bir kuma\u015fla tasarlanm\u0131\u015ft\u0131r. Esneklik ve rahatl\u0131k sunan bu kuma\u015f, ask\u0131l\u0131 \u00fc\u00e7gen kesimi ve t\u00fcl detaylar\u0131yla v\u00fccudunuza m\u00fckemmel bir \u015fekilde oturur.<\/p>\n<p>Sole Bikini Top stands out with its spaghetti strap triangle cut and mesh details, creating a sexy design. This top allows you to showcase elegance and confidence on the beaches.<\/p>\n<p>The burgundy color of Sole Bikini Top appeals to women who want to exude strength and make a bold statement. Burgundy is a choice that highlights your allure.<\/p>\n<p>This bikini top is crafted from a special fabric blend of 80% PA (polyamide) and 20% EA (elastane). The fabric offers flexibility and comfort, perfectly fitting your body with the spaghetti strap triangle cut and mesh details.<\/p>\n","protected":false},"excerpt":{"rendered":"<p>Sole Bikini \u00dcst\u00fc, ask\u0131l\u0131 \u00fc\u00e7gen kesimi ve t\u00fcl detaylar\u0131yla dikkat \u00e7eken seksi bir tasar\u0131ma sahiptir. Bu \u00fcst, plajlarda zarafet ve<\/p>\n","protected":false},"featured_media":6897,"template":"","meta":[],"product_brand":[],"product_cat":[117,273],"product_tag":[],"class_list":{"0":"post-7012","1":"product","2":"type-product","3":"status-publish","4":"has-post-thumbnail","6":"product_cat-mayo-bikini","7":"product_cat-ozel-fiyatlar","9":"first","10":"instock","11":"sale","12":"shipping-taxable","13":"purchasable","14":"product-type-variable"},"yoast_head":"<!-- This site is optimized with the Yoast SEO plugin v27.4 - https:\/\/yoast.com\/product\/yoast-seo-wordpress\/ -->\n<title>Zin&amp;RW Sole Bikini Top Burgundy - Rise &amp; Warm<\/title>\n<meta name=\"description\" content=\"Zin&amp;RW Sole Bikini Top Burgundy ve di\u011fer t\u00fcm \u00fcr\u00fcnlerimiz i\u00e7in Rise &amp; Warm adresini hemen ziyaret edin. H\u0131zl\u0131 kargo ve g\u00fcvenli al\u0131\u015fveri\u015f!\" \/>\n<meta name=\"robots\" content=\"index, follow, max-snippet:-1, max-image-preview:large, max-video-preview:-1\" \/>\n<link rel=\"canonical\" href=\"https:\/\/riseandwarm.com\/tr\/urun\/zinrw-sole-bikini-ustu-bordo\/\" \/>\n<meta property=\"og:locale\" content=\"tr_TR\" \/>\n<meta property=\"og:type\" content=\"article\" \/>\n<meta property=\"og:title\" content=\"Zin&amp;RW Sole Bikini Top Burgundy - Rise &amp; Warm\" \/>\n<meta property=\"og:description\" content=\"Zin&amp;RW Sole Bikini Top Burgundy ve di\u011fer t\u00fcm \u00fcr\u00fcnlerimiz i\u00e7in Rise &amp; Warm adresini hemen ziyaret edin. H\u0131zl\u0131 kargo ve g\u00fcvenli al\u0131\u015fveri\u015f!\" \/>\n<meta property=\"og:url\" content=\"https:\/\/riseandwarm.com\/tr\/urun\/zinrw-sole-bikini-ustu-bordo\/\" \/>\n<meta property=\"og:site_name\" content=\"Rise | Warm\" \/>\n<meta property=\"article:modified_time\" content=\"2025-11-29T11:21:34+00:00\" \/>\n<meta property=\"og:image\" content=\"https:\/\/riseandwarm.com\/wp-content\/uploads\/2023\/06\/SoleBikiniUstuBordo-Dekupe1.jpg\" \/>\n\t<meta property=\"og:image:width\" content=\"1000\" \/>\n\t<meta property=\"og:image:height\" content=\"1500\" \/>\n\t<meta property=\"og:image:type\" content=\"image\/jpeg\" \/>\n<meta name=\"twitter:card\" content=\"summary_large_image\" \/>\n<meta name=\"twitter:label1\" content=\"Tahmini okuma s\u00fcresi\" \/>\n\t<meta name=\"twitter:data1\" content=\"1 dakika\" \/>\n<script type=\"application\/ld+json\" class=\"yoast-schema-graph\">{\"@context\":\"https:\\\/\\\/schema.org\",\"@graph\":[{\"@type\":\"WebPage\",\"@id\":\"https:\\\/\\\/riseandwarm.com\\\/tr\\\/urun\\\/zinrw-sole-bikini-ustu-bordo\\\/\",\"url\":\"https:\\\/\\\/riseandwarm.com\\\/tr\\\/urun\\\/zinrw-sole-bikini-ustu-bordo\\\/\",\"name\":\"Zin&RW Sole Bikini Top Burgundy - Rise & Warm\",\"isPartOf\":{\"@id\":\"https:\\\/\\\/riseandwarm.com\\\/tr\\\/#website\"},\"primaryImageOfPage\":{\"@id\":\"https:\\\/\\\/riseandwarm.com\\\/tr\\\/urun\\\/zinrw-sole-bikini-ustu-bordo\\\/#primaryimage\"},\"image\":{\"@id\":\"https:\\\/\\\/riseandwarm.com\\\/tr\\\/urun\\\/zinrw-sole-bikini-ustu-bordo\\\/#primaryimage\"},\"thumbnailUrl\":\"https:\\\/\\\/riseandwarm.com\\\/wp-content\\\/uploads\\\/2023\\\/06\\\/SoleBikiniUstuBordo-Dekupe1.jpg\",\"datePublished\":\"2023-06-27T16:33:16+00:00\",\"dateModified\":\"2025-11-29T11:21:34+00:00\",\"description\":\"Zin&RW Sole Bikini Top Burgundy ve di\u011fer t\u00fcm \u00fcr\u00fcnlerimiz i\u00e7in Rise & Warm adresini hemen ziyaret edin. H\u0131zl\u0131 kargo ve g\u00fcvenli al\u0131\u015fveri\u015f!\",\"breadcrumb\":{\"@id\":\"https:\\\/\\\/riseandwarm.com\\\/tr\\\/urun\\\/zinrw-sole-bikini-ustu-bordo\\\/#breadcrumb\"},\"inLanguage\":\"tr\",\"potentialAction\":[{\"@type\":\"ReadAction\",\"target\":[\"https:\\\/\\\/riseandwarm.com\\\/tr\\\/urun\\\/zinrw-sole-bikini-ustu-bordo\\\/\"]}]},{\"@type\":\"ImageObject\",\"inLanguage\":\"tr\",\"@id\":\"https:\\\/\\\/riseandwarm.com\\\/tr\\\/urun\\\/zinrw-sole-bikini-ustu-bordo\\\/#primaryimage\",\"url\":\"https:\\\/\\\/riseandwarm.com\\\/wp-content\\\/uploads\\\/2023\\\/06\\\/SoleBikiniUstuBordo-Dekupe1.jpg\",\"contentUrl\":\"https:\\\/\\\/riseandwarm.com\\\/wp-content\\\/uploads\\\/2023\\\/06\\\/SoleBikiniUstuBordo-Dekupe1.jpg\",\"width\":1000,\"height\":1500},{\"@type\":\"BreadcrumbList\",\"@id\":\"https:\\\/\\\/riseandwarm.com\\\/tr\\\/urun\\\/zinrw-sole-bikini-ustu-bordo\\\/#breadcrumb\",\"itemListElement\":[{\"@type\":\"ListItem\",\"position\":1,\"name\":\"Home\",\"item\":\"https:\\\/\\\/riseandwarm.com\\\/tr\\\/\"},{\"@type\":\"ListItem\",\"position\":2,\"name\":\"Ma\u011faza\",\"item\":\"https:\\\/\\\/riseandwarm.com\\\/tr\\\/magaza\\\/\"},{\"@type\":\"ListItem\",\"position\":3,\"name\":\"Zin&#038;RW Sole Bikini Top Burgundy\"}]},{\"@type\":\"WebSite\",\"@id\":\"https:\\\/\\\/riseandwarm.com\\\/tr\\\/#website\",\"url\":\"https:\\\/\\\/riseandwarm.com\\\/tr\\\/\",\"name\":\"Rise | Warm\",\"description\":\"Free your self\",\"potentialAction\":[{\"@type\":\"SearchAction\",\"target\":{\"@type\":\"EntryPoint\",\"urlTemplate\":\"https:\\\/\\\/riseandwarm.com\\\/tr\\\/?s={search_term_string}\"},\"query-input\":{\"@type\":\"PropertyValueSpecification\",\"valueRequired\":true,\"valueName\":\"search_term_string\"}}],\"inLanguage\":\"tr\"}]}<\/script>\n<!-- \/ Yoast SEO plugin. -->","yoast_head_json":{"title":"Zin&RW Sole Bikini Top Burgundy - Rise & Warm","description":"Zin&RW Sole Bikini Top Burgundy ve di\u011fer t\u00fcm \u00fcr\u00fcnlerimiz i\u00e7in Rise & Warm adresini hemen ziyaret edin. H\u0131zl\u0131 kargo ve g\u00fcvenli al\u0131\u015fveri\u015f!","robots":{"index":"index","follow":"follow","max-snippet":"max-snippet:-1","max-image-preview":"max-image-preview:large","max-video-preview":"max-video-preview:-1"},"canonical":"https:\/\/riseandwarm.com\/tr\/urun\/zinrw-sole-bikini-ustu-bordo\/","og_locale":"tr_TR","og_type":"article","og_title":"Zin&RW Sole Bikini Top Burgundy - Rise & Warm","og_description":"Zin&RW Sole Bikini Top Burgundy ve di\u011fer t\u00fcm \u00fcr\u00fcnlerimiz i\u00e7in Rise & Warm adresini hemen ziyaret edin. H\u0131zl\u0131 kargo ve g\u00fcvenli al\u0131\u015fveri\u015f!","og_url":"https:\/\/riseandwarm.com\/tr\/urun\/zinrw-sole-bikini-ustu-bordo\/","og_site_name":"Rise | Warm","article_modified_time":"2025-11-29T11:21:34+00:00","og_image":[{"width":1000,"height":1500,"url":"https:\/\/riseandwarm.com\/wp-content\/uploads\/2023\/06\/SoleBikiniUstuBordo-Dekupe1.jpg","type":"image\/jpeg"}],"twitter_card":"summary_large_image","twitter_misc":{"Tahmini okuma s\u00fcresi":"1 dakika"},"schema":{"@context":"https:\/\/schema.org","@graph":[{"@type":"WebPage","@id":"https:\/\/riseandwarm.com\/tr\/urun\/zinrw-sole-bikini-ustu-bordo\/","url":"https:\/\/riseandwarm.com\/tr\/urun\/zinrw-sole-bikini-ustu-bordo\/","name":"Zin&RW Sole Bikini Top Burgundy - Rise & Warm","isPartOf":{"@id":"https:\/\/riseandwarm.com\/tr\/#website"},"primaryImageOfPage":{"@id":"https:\/\/riseandwarm.com\/tr\/urun\/zinrw-sole-bikini-ustu-bordo\/#primaryimage"},"image":{"@id":"https:\/\/riseandwarm.com\/tr\/urun\/zinrw-sole-bikini-ustu-bordo\/#primaryimage"},"thumbnailUrl":"https:\/\/riseandwarm.com\/wp-content\/uploads\/2023\/06\/SoleBikiniUstuBordo-Dekupe1.jpg","datePublished":"2023-06-27T16:33:16+00:00","dateModified":"2025-11-29T11:21:34+00:00","description":"Zin&RW Sole Bikini Top Burgundy ve di\u011fer t\u00fcm \u00fcr\u00fcnlerimiz i\u00e7in Rise & Warm adresini hemen ziyaret edin. H\u0131zl\u0131 kargo ve g\u00fcvenli al\u0131\u015fveri\u015f!","breadcrumb":{"@id":"https:\/\/riseandwarm.com\/tr\/urun\/zinrw-sole-bikini-ustu-bordo\/#breadcrumb"},"inLanguage":"tr","potentialAction":[{"@type":"ReadAction","target":["https:\/\/riseandwarm.com\/tr\/urun\/zinrw-sole-bikini-ustu-bordo\/"]}]},{"@type":"ImageObject","inLanguage":"tr","@id":"https:\/\/riseandwarm.com\/tr\/urun\/zinrw-sole-bikini-ustu-bordo\/#primaryimage","url":"https:\/\/riseandwarm.com\/wp-content\/uploads\/2023\/06\/SoleBikiniUstuBordo-Dekupe1.jpg","contentUrl":"https:\/\/riseandwarm.com\/wp-content\/uploads\/2023\/06\/SoleBikiniUstuBordo-Dekupe1.jpg","width":1000,"height":1500},{"@type":"BreadcrumbList","@id":"https:\/\/riseandwarm.com\/tr\/urun\/zinrw-sole-bikini-ustu-bordo\/#breadcrumb","itemListElement":[{"@type":"ListItem","position":1,"name":"Home","item":"https:\/\/riseandwarm.com\/tr\/"},{"@type":"ListItem","position":2,"name":"Ma\u011faza","item":"https:\/\/riseandwarm.com\/tr\/magaza\/"},{"@type":"ListItem","position":3,"name":"Zin&#038;RW Sole Bikini Top Burgundy"}]},{"@type":"WebSite","@id":"https:\/\/riseandwarm.com\/tr\/#website","url":"https:\/\/riseandwarm.com\/tr\/","name":"Rise | Warm","description":"Free your self","potentialAction":[{"@type":"SearchAction","target":{"@type":"EntryPoint","urlTemplate":"https:\/\/riseandwarm.com\/tr\/?s={search_term_string}"},"query-input":{"@type":"PropertyValueSpecification","valueRequired":true,"valueName":"search_term_string"}}],"inLanguage":"tr"}]}},"_links":{"self":[{"href":"https:\/\/riseandwarm.com\/tr\/wp-json\/wp\/v2\/product\/7012","targetHints":{"allow":["GET"]}}],"collection":[{"href":"https:\/\/riseandwarm.com\/tr\/wp-json\/wp\/v2\/product"}],"about":[{"href":"https:\/\/riseandwarm.com\/tr\/wp-json\/wp\/v2\/types\/product"}],"version-history":[{"count":1,"href":"https:\/\/riseandwarm.com\/tr\/wp-json\/wp\/v2\/product\/7012\/revisions"}],"predecessor-version":[{"id":23116,"href":"https:\/\/riseandwarm.com\/tr\/wp-json\/wp\/v2\/product\/7012\/revisions\/23116"}],"wp:featuredmedia":[{"embeddable":true,"href":"https:\/\/riseandwarm.com\/tr\/wp-json\/wp\/v2\/media\/6897"}],"wp:attachment":[{"href":"https:\/\/riseandwarm.com\/tr\/wp-json\/wp\/v2\/media?parent=7012"}],"wp:term":[{"taxonomy":"product_brand","embeddable":true,"href":"https:\/\/riseandwarm.com\/tr\/wp-json\/wp\/v2\/product_brand?post=7012"},{"taxonomy":"product_cat","embeddable":true,"href":"https:\/\/riseandwarm.com\/tr\/wp-json\/wp\/v2\/product_cat?post=7012"},{"taxonomy":"product_tag","embeddable":true,"href":"https:\/\/riseandwarm.com\/tr\/wp-json\/wp\/v2\/product_tag?post=7012"}],"curies":[{"name":"wp","href":"https:\/\/api.w.org\/{rel}","templated":true}]}}