{"id":6984,"date":"2023-06-27T15:50:37","date_gmt":"2023-06-27T15:50:37","guid":{"rendered":"https:\/\/riseandwarm.com\/?post_type=product&#038;p=6984"},"modified":"2025-11-29T11:24:26","modified_gmt":"2025-11-29T11:24:26","slug":"zinrw-grouper-bikini-ustu-mavi","status":"publish","type":"product","link":"https:\/\/riseandwarm.com\/tr\/urun\/zinrw-grouper-bikini-ustu-mavi\/","title":{"rendered":"Zin&#038;RW Grouper Bikini Top Blue"},"content":{"rendered":"<p>Grouper Bikini \u00dcst\u00fc, \u00fc\u00e7gen kesimi ve derin V yakal\u0131 tasar\u0131m\u0131yla \u00f6ne \u00e7\u0131kan bir bikinidir. Bu \u00fcst, plajlarda \u015f\u0131kl\u0131\u011f\u0131 ve \u00f6zg\u00fcveni bir arada sunar.<\/p>\n<p>Grouper Bikini \u00dcst\u00fc&#8217;n\u00fcn mavi rengi, denizin sakinli\u011fini ve dinginli\u011fini yans\u0131t\u0131r. Mavinin serin tonlar\u0131yla donat\u0131lm\u0131\u015f bu bikini \u00fcst\u00fc, plajda zarif bir stil ve rahatl\u0131k sunar.<\/p>\n<p>Bu bikini \u00fcst\u00fc, %80 PA (poliamid) ve %20 EA (elastan) kar\u0131\u015f\u0131m\u0131ndan \u00fcretilmi\u015f \u00f6zel bir kuma\u015fla tasarlanm\u0131\u015ft\u0131r. Esnek ve konforlu yap\u0131s\u0131yla v\u00fccudunuza m\u00fckemmel bir \u015fekilde oturur. Ayr\u0131ca, g\u00f6\u011f\u00fcs kab\u0131 \u00e7\u0131kar\u0131labilir \u00f6zelli\u011fiyle ki\u015fiselle\u015ftirilebilir bir kullan\u0131m sunar.<\/p>\n<p>Grouper Bikini Top stands out with its triangle cut and deep V-neck design, offering a stylish and confident look on the beaches.<\/p>\n<p>The blue color of Grouper Bikini Top reflects the calmness and serenity of the sea. With its cool shades of blue, this bikini top provides an elegant style and comfort at the beach.<\/p>\n<p>This bikini top is crafted from a special fabric blend of 80% PA (polyamide) and 20% EA (elastane), ensuring a perfect fit and exceptional comfort. Additionally, it features a removable cup for personalized use.<\/p>\n","protected":false},"excerpt":{"rendered":"<p>Grouper Bikini \u00dcst\u00fc, \u00fc\u00e7gen kesimi ve derin V yakal\u0131 tasar\u0131m\u0131yla \u00f6ne \u00e7\u0131kan bir bikinidir. Bu \u00fcst, plajlarda \u015f\u0131kl\u0131\u011f\u0131 ve \u00f6zg\u00fcveni<\/p>\n","protected":false},"featured_media":6811,"template":"","meta":[],"product_brand":[],"product_cat":[117,273],"product_tag":[],"class_list":{"0":"post-6984","1":"product","2":"type-product","3":"status-publish","4":"has-post-thumbnail","6":"product_cat-mayo-bikini","7":"product_cat-ozel-fiyatlar","9":"first","10":"instock","11":"sale","12":"shipping-taxable","13":"purchasable","14":"product-type-variable"},"yoast_head":"<!-- This site is optimized with the Yoast SEO plugin v27.4 - https:\/\/yoast.com\/product\/yoast-seo-wordpress\/ -->\n<title>Zin&amp;RW Grouper Bikini Top Blue - Rise &amp; Warm<\/title>\n<meta name=\"description\" content=\"Zin&amp;RW Grouper Bikini Top Blue ve di\u011fer t\u00fcm \u00fcr\u00fcnlerimiz i\u00e7in Rise &amp; Warm adresini hemen ziyaret edin. H\u0131zl\u0131 kargo ve g\u00fcvenli al\u0131\u015fveri\u015f!\" \/>\n<meta name=\"robots\" content=\"index, follow, max-snippet:-1, max-image-preview:large, max-video-preview:-1\" \/>\n<link rel=\"canonical\" href=\"https:\/\/riseandwarm.com\/tr\/urun\/zinrw-grouper-bikini-ustu-mavi\/\" \/>\n<meta property=\"og:locale\" content=\"tr_TR\" \/>\n<meta property=\"og:type\" content=\"article\" \/>\n<meta property=\"og:title\" content=\"Zin&amp;RW Grouper Bikini Top Blue - Rise &amp; Warm\" \/>\n<meta property=\"og:description\" content=\"Zin&amp;RW Grouper Bikini Top Blue ve di\u011fer t\u00fcm \u00fcr\u00fcnlerimiz i\u00e7in Rise &amp; Warm adresini hemen ziyaret edin. H\u0131zl\u0131 kargo ve g\u00fcvenli al\u0131\u015fveri\u015f!\" \/>\n<meta property=\"og:url\" content=\"https:\/\/riseandwarm.com\/tr\/urun\/zinrw-grouper-bikini-ustu-mavi\/\" \/>\n<meta property=\"og:site_name\" content=\"Rise | Warm\" \/>\n<meta property=\"article:modified_time\" content=\"2025-11-29T11:24:26+00:00\" \/>\n<meta property=\"og:image\" content=\"https:\/\/riseandwarm.com\/wp-content\/uploads\/2023\/06\/GrouperBikiniUstuMavi-Dekupe1.jpg\" \/>\n\t<meta property=\"og:image:width\" content=\"1000\" \/>\n\t<meta property=\"og:image:height\" content=\"1500\" \/>\n\t<meta property=\"og:image:type\" content=\"image\/jpeg\" \/>\n<meta name=\"twitter:card\" content=\"summary_large_image\" \/>\n<meta name=\"twitter:label1\" content=\"Tahmini okuma s\u00fcresi\" \/>\n\t<meta name=\"twitter:data1\" content=\"1 dakika\" \/>\n<script type=\"application\/ld+json\" class=\"yoast-schema-graph\">{\"@context\":\"https:\\\/\\\/schema.org\",\"@graph\":[{\"@type\":\"WebPage\",\"@id\":\"https:\\\/\\\/riseandwarm.com\\\/tr\\\/urun\\\/zinrw-grouper-bikini-ustu-mavi\\\/\",\"url\":\"https:\\\/\\\/riseandwarm.com\\\/tr\\\/urun\\\/zinrw-grouper-bikini-ustu-mavi\\\/\",\"name\":\"Zin&RW Grouper Bikini Top Blue - Rise & Warm\",\"isPartOf\":{\"@id\":\"https:\\\/\\\/riseandwarm.com\\\/tr\\\/#website\"},\"primaryImageOfPage\":{\"@id\":\"https:\\\/\\\/riseandwarm.com\\\/tr\\\/urun\\\/zinrw-grouper-bikini-ustu-mavi\\\/#primaryimage\"},\"image\":{\"@id\":\"https:\\\/\\\/riseandwarm.com\\\/tr\\\/urun\\\/zinrw-grouper-bikini-ustu-mavi\\\/#primaryimage\"},\"thumbnailUrl\":\"https:\\\/\\\/riseandwarm.com\\\/wp-content\\\/uploads\\\/2023\\\/06\\\/GrouperBikiniUstuMavi-Dekupe1.jpg\",\"datePublished\":\"2023-06-27T15:50:37+00:00\",\"dateModified\":\"2025-11-29T11:24:26+00:00\",\"description\":\"Zin&RW Grouper Bikini Top Blue ve di\u011fer t\u00fcm \u00fcr\u00fcnlerimiz i\u00e7in Rise & Warm adresini hemen ziyaret edin. H\u0131zl\u0131 kargo ve g\u00fcvenli al\u0131\u015fveri\u015f!\",\"breadcrumb\":{\"@id\":\"https:\\\/\\\/riseandwarm.com\\\/tr\\\/urun\\\/zinrw-grouper-bikini-ustu-mavi\\\/#breadcrumb\"},\"inLanguage\":\"tr\",\"potentialAction\":[{\"@type\":\"ReadAction\",\"target\":[\"https:\\\/\\\/riseandwarm.com\\\/tr\\\/urun\\\/zinrw-grouper-bikini-ustu-mavi\\\/\"]}]},{\"@type\":\"ImageObject\",\"inLanguage\":\"tr\",\"@id\":\"https:\\\/\\\/riseandwarm.com\\\/tr\\\/urun\\\/zinrw-grouper-bikini-ustu-mavi\\\/#primaryimage\",\"url\":\"https:\\\/\\\/riseandwarm.com\\\/wp-content\\\/uploads\\\/2023\\\/06\\\/GrouperBikiniUstuMavi-Dekupe1.jpg\",\"contentUrl\":\"https:\\\/\\\/riseandwarm.com\\\/wp-content\\\/uploads\\\/2023\\\/06\\\/GrouperBikiniUstuMavi-Dekupe1.jpg\",\"width\":1000,\"height\":1500},{\"@type\":\"BreadcrumbList\",\"@id\":\"https:\\\/\\\/riseandwarm.com\\\/tr\\\/urun\\\/zinrw-grouper-bikini-ustu-mavi\\\/#breadcrumb\",\"itemListElement\":[{\"@type\":\"ListItem\",\"position\":1,\"name\":\"Home\",\"item\":\"https:\\\/\\\/riseandwarm.com\\\/tr\\\/\"},{\"@type\":\"ListItem\",\"position\":2,\"name\":\"Ma\u011faza\",\"item\":\"https:\\\/\\\/riseandwarm.com\\\/tr\\\/magaza\\\/\"},{\"@type\":\"ListItem\",\"position\":3,\"name\":\"Zin&#038;RW Grouper Bikini Top Blue\"}]},{\"@type\":\"WebSite\",\"@id\":\"https:\\\/\\\/riseandwarm.com\\\/tr\\\/#website\",\"url\":\"https:\\\/\\\/riseandwarm.com\\\/tr\\\/\",\"name\":\"Rise | Warm\",\"description\":\"Free your self\",\"potentialAction\":[{\"@type\":\"SearchAction\",\"target\":{\"@type\":\"EntryPoint\",\"urlTemplate\":\"https:\\\/\\\/riseandwarm.com\\\/tr\\\/?s={search_term_string}\"},\"query-input\":{\"@type\":\"PropertyValueSpecification\",\"valueRequired\":true,\"valueName\":\"search_term_string\"}}],\"inLanguage\":\"tr\"}]}<\/script>\n<!-- \/ Yoast SEO plugin. -->","yoast_head_json":{"title":"Zin&RW Grouper Bikini Top Blue - Rise & Warm","description":"Zin&RW Grouper Bikini Top Blue ve di\u011fer t\u00fcm \u00fcr\u00fcnlerimiz i\u00e7in Rise & Warm adresini hemen ziyaret edin. H\u0131zl\u0131 kargo ve g\u00fcvenli al\u0131\u015fveri\u015f!","robots":{"index":"index","follow":"follow","max-snippet":"max-snippet:-1","max-image-preview":"max-image-preview:large","max-video-preview":"max-video-preview:-1"},"canonical":"https:\/\/riseandwarm.com\/tr\/urun\/zinrw-grouper-bikini-ustu-mavi\/","og_locale":"tr_TR","og_type":"article","og_title":"Zin&RW Grouper Bikini Top Blue - Rise & Warm","og_description":"Zin&RW Grouper Bikini Top Blue ve di\u011fer t\u00fcm \u00fcr\u00fcnlerimiz i\u00e7in Rise & Warm adresini hemen ziyaret edin. H\u0131zl\u0131 kargo ve g\u00fcvenli al\u0131\u015fveri\u015f!","og_url":"https:\/\/riseandwarm.com\/tr\/urun\/zinrw-grouper-bikini-ustu-mavi\/","og_site_name":"Rise | Warm","article_modified_time":"2025-11-29T11:24:26+00:00","og_image":[{"width":1000,"height":1500,"url":"https:\/\/riseandwarm.com\/wp-content\/uploads\/2023\/06\/GrouperBikiniUstuMavi-Dekupe1.jpg","type":"image\/jpeg"}],"twitter_card":"summary_large_image","twitter_misc":{"Tahmini okuma s\u00fcresi":"1 dakika"},"schema":{"@context":"https:\/\/schema.org","@graph":[{"@type":"WebPage","@id":"https:\/\/riseandwarm.com\/tr\/urun\/zinrw-grouper-bikini-ustu-mavi\/","url":"https:\/\/riseandwarm.com\/tr\/urun\/zinrw-grouper-bikini-ustu-mavi\/","name":"Zin&RW Grouper Bikini Top Blue - Rise & Warm","isPartOf":{"@id":"https:\/\/riseandwarm.com\/tr\/#website"},"primaryImageOfPage":{"@id":"https:\/\/riseandwarm.com\/tr\/urun\/zinrw-grouper-bikini-ustu-mavi\/#primaryimage"},"image":{"@id":"https:\/\/riseandwarm.com\/tr\/urun\/zinrw-grouper-bikini-ustu-mavi\/#primaryimage"},"thumbnailUrl":"https:\/\/riseandwarm.com\/wp-content\/uploads\/2023\/06\/GrouperBikiniUstuMavi-Dekupe1.jpg","datePublished":"2023-06-27T15:50:37+00:00","dateModified":"2025-11-29T11:24:26+00:00","description":"Zin&RW Grouper Bikini Top Blue ve di\u011fer t\u00fcm \u00fcr\u00fcnlerimiz i\u00e7in Rise & Warm adresini hemen ziyaret edin. H\u0131zl\u0131 kargo ve g\u00fcvenli al\u0131\u015fveri\u015f!","breadcrumb":{"@id":"https:\/\/riseandwarm.com\/tr\/urun\/zinrw-grouper-bikini-ustu-mavi\/#breadcrumb"},"inLanguage":"tr","potentialAction":[{"@type":"ReadAction","target":["https:\/\/riseandwarm.com\/tr\/urun\/zinrw-grouper-bikini-ustu-mavi\/"]}]},{"@type":"ImageObject","inLanguage":"tr","@id":"https:\/\/riseandwarm.com\/tr\/urun\/zinrw-grouper-bikini-ustu-mavi\/#primaryimage","url":"https:\/\/riseandwarm.com\/wp-content\/uploads\/2023\/06\/GrouperBikiniUstuMavi-Dekupe1.jpg","contentUrl":"https:\/\/riseandwarm.com\/wp-content\/uploads\/2023\/06\/GrouperBikiniUstuMavi-Dekupe1.jpg","width":1000,"height":1500},{"@type":"BreadcrumbList","@id":"https:\/\/riseandwarm.com\/tr\/urun\/zinrw-grouper-bikini-ustu-mavi\/#breadcrumb","itemListElement":[{"@type":"ListItem","position":1,"name":"Home","item":"https:\/\/riseandwarm.com\/tr\/"},{"@type":"ListItem","position":2,"name":"Ma\u011faza","item":"https:\/\/riseandwarm.com\/tr\/magaza\/"},{"@type":"ListItem","position":3,"name":"Zin&#038;RW Grouper Bikini Top Blue"}]},{"@type":"WebSite","@id":"https:\/\/riseandwarm.com\/tr\/#website","url":"https:\/\/riseandwarm.com\/tr\/","name":"Rise | Warm","description":"Free your self","potentialAction":[{"@type":"SearchAction","target":{"@type":"EntryPoint","urlTemplate":"https:\/\/riseandwarm.com\/tr\/?s={search_term_string}"},"query-input":{"@type":"PropertyValueSpecification","valueRequired":true,"valueName":"search_term_string"}}],"inLanguage":"tr"}]}},"_links":{"self":[{"href":"https:\/\/riseandwarm.com\/tr\/wp-json\/wp\/v2\/product\/6984","targetHints":{"allow":["GET"]}}],"collection":[{"href":"https:\/\/riseandwarm.com\/tr\/wp-json\/wp\/v2\/product"}],"about":[{"href":"https:\/\/riseandwarm.com\/tr\/wp-json\/wp\/v2\/types\/product"}],"version-history":[{"count":1,"href":"https:\/\/riseandwarm.com\/tr\/wp-json\/wp\/v2\/product\/6984\/revisions"}],"predecessor-version":[{"id":23120,"href":"https:\/\/riseandwarm.com\/tr\/wp-json\/wp\/v2\/product\/6984\/revisions\/23120"}],"wp:featuredmedia":[{"embeddable":true,"href":"https:\/\/riseandwarm.com\/tr\/wp-json\/wp\/v2\/media\/6811"}],"wp:attachment":[{"href":"https:\/\/riseandwarm.com\/tr\/wp-json\/wp\/v2\/media?parent=6984"}],"wp:term":[{"taxonomy":"product_brand","embeddable":true,"href":"https:\/\/riseandwarm.com\/tr\/wp-json\/wp\/v2\/product_brand?post=6984"},{"taxonomy":"product_cat","embeddable":true,"href":"https:\/\/riseandwarm.com\/tr\/wp-json\/wp\/v2\/product_cat?post=6984"},{"taxonomy":"product_tag","embeddable":true,"href":"https:\/\/riseandwarm.com\/tr\/wp-json\/wp\/v2\/product_tag?post=6984"}],"curies":[{"name":"wp","href":"https:\/\/api.w.org\/{rel}","templated":true}]}}