{"id":6962,"date":"2023-06-27T14:14:24","date_gmt":"2023-06-27T14:14:24","guid":{"rendered":"https:\/\/riseandwarm.com\/?post_type=product&#038;p=6962"},"modified":"2025-11-29T11:27:30","modified_gmt":"2025-11-29T11:27:30","slug":"zinrw-octopus-bikini-alti-mavi","status":"publish","type":"product","link":"https:\/\/riseandwarm.com\/tr\/urun\/zinrw-octopus-bikini-alti-mavi\/","title":{"rendered":"Zin&#038;RW Octopus Bikini Bottom Blue"},"content":{"rendered":"<p>Octopus Bikini Alt\u0131, iki ipli seksi tasar\u0131m\u0131yla dikkat \u00e7ekiyor. Bu alt, plajlarda \u015f\u0131kl\u0131\u011f\u0131 ve \u00f6zg\u00fcveni yans\u0131tman\u0131z\u0131 sa\u011fl\u0131yor.<\/p>\n<p>Octopus Bikini Alt\u0131&#8217;n\u0131n mavi rengi, denizin derinliklerinden ilham al\u0131yor. Mavinin dinginli\u011fi ve sakinli\u011fi, bu bikini alt\u0131n\u0131n havuzlarda ve plajlarda sergileyece\u011fi zarafeti vurguluyor.<\/p>\n<p>Bu bikini alt\u0131, %80 PA (poliamid) ve %20 EA (elastan) kar\u0131\u015f\u0131m\u0131ndan \u00fcretilen \u00f6zel bir kuma\u015fla tasarland\u0131. Esneklik ve rahatl\u0131k sunan kuma\u015f, m\u00fckemmel bir \u015fekilde oturarak v\u00fccudunuzu saran bir stil sunuyor.<\/p>\n<p>Octopus Bikini Bottom stands out with its two-string sexy design. This bottom allows you to showcase style and confidence on the beaches.<\/p>\n<p>The blue color of Octopus Bikini Bottom is inspired by the depths of the ocean. The calmness and serenity of blue accentuate the elegance that this bikini bottom will exhibit at poolsides and beaches.<\/p>\n<p>This bikini bottom is crafted from a special fabric blend of 80% PA (polyamide) and 20% EA (elastane). The fabric offers flexibility and comfort, providing a snug fit that hugs your body in style.<\/p>\n","protected":false},"excerpt":{"rendered":"<p>Octopus Bikini Alt\u0131, iki ipli seksi tasar\u0131m\u0131yla dikkat \u00e7ekiyor. Bu alt, plajlarda \u015f\u0131kl\u0131\u011f\u0131 ve \u00f6zg\u00fcveni yans\u0131tman\u0131z\u0131 sa\u011fl\u0131yor. Octopus Bikini Alt\u0131&#8217;n\u0131n<\/p>\n","protected":false},"featured_media":6885,"template":"","meta":[],"product_brand":[],"product_cat":[117],"product_tag":[],"class_list":{"0":"post-6962","1":"product","2":"type-product","3":"status-publish","4":"has-post-thumbnail","6":"product_cat-mayo-bikini","8":"first","9":"instock","10":"sale","11":"shipping-taxable","12":"purchasable","13":"product-type-variable"},"yoast_head":"<!-- This site is optimized with the Yoast SEO plugin v27.4 - https:\/\/yoast.com\/product\/yoast-seo-wordpress\/ -->\n<title>Zin&amp;RW Octopus Bikini Bottom Blue - Rise &amp; Warm<\/title>\n<meta name=\"description\" content=\"Zin&amp;RW Octopus Bikini Bottom Blue ve di\u011fer t\u00fcm \u00fcr\u00fcnlerimiz i\u00e7in Rise &amp; Warm adresini hemen ziyaret edin. H\u0131zl\u0131 kargo ve g\u00fcvenli al\u0131\u015fveri\u015f!\" \/>\n<meta name=\"robots\" content=\"index, follow, max-snippet:-1, max-image-preview:large, max-video-preview:-1\" \/>\n<link rel=\"canonical\" href=\"https:\/\/riseandwarm.com\/tr\/urun\/zinrw-octopus-bikini-alti-mavi\/\" \/>\n<meta property=\"og:locale\" content=\"tr_TR\" \/>\n<meta property=\"og:type\" content=\"article\" \/>\n<meta property=\"og:title\" content=\"Zin&amp;RW Octopus Bikini Bottom Blue - Rise &amp; Warm\" \/>\n<meta property=\"og:description\" content=\"Zin&amp;RW Octopus Bikini Bottom Blue ve di\u011fer t\u00fcm \u00fcr\u00fcnlerimiz i\u00e7in Rise &amp; Warm adresini hemen ziyaret edin. H\u0131zl\u0131 kargo ve g\u00fcvenli al\u0131\u015fveri\u015f!\" \/>\n<meta property=\"og:url\" content=\"https:\/\/riseandwarm.com\/tr\/urun\/zinrw-octopus-bikini-alti-mavi\/\" \/>\n<meta property=\"og:site_name\" content=\"Rise | Warm\" \/>\n<meta property=\"article:modified_time\" content=\"2025-11-29T11:27:30+00:00\" \/>\n<meta property=\"og:image\" content=\"https:\/\/riseandwarm.com\/wp-content\/uploads\/2023\/06\/OctopusBikiniAltiMavi-Dekupe1.jpg\" \/>\n\t<meta property=\"og:image:width\" content=\"1000\" \/>\n\t<meta property=\"og:image:height\" content=\"1500\" \/>\n\t<meta property=\"og:image:type\" content=\"image\/jpeg\" \/>\n<meta name=\"twitter:card\" content=\"summary_large_image\" \/>\n<meta name=\"twitter:label1\" content=\"Tahmini okuma s\u00fcresi\" \/>\n\t<meta name=\"twitter:data1\" content=\"1 dakika\" \/>\n<script type=\"application\/ld+json\" class=\"yoast-schema-graph\">{\"@context\":\"https:\\\/\\\/schema.org\",\"@graph\":[{\"@type\":\"WebPage\",\"@id\":\"https:\\\/\\\/riseandwarm.com\\\/tr\\\/urun\\\/zinrw-octopus-bikini-alti-mavi\\\/\",\"url\":\"https:\\\/\\\/riseandwarm.com\\\/tr\\\/urun\\\/zinrw-octopus-bikini-alti-mavi\\\/\",\"name\":\"Zin&RW Octopus Bikini Bottom Blue - Rise & Warm\",\"isPartOf\":{\"@id\":\"https:\\\/\\\/riseandwarm.com\\\/tr\\\/#website\"},\"primaryImageOfPage\":{\"@id\":\"https:\\\/\\\/riseandwarm.com\\\/tr\\\/urun\\\/zinrw-octopus-bikini-alti-mavi\\\/#primaryimage\"},\"image\":{\"@id\":\"https:\\\/\\\/riseandwarm.com\\\/tr\\\/urun\\\/zinrw-octopus-bikini-alti-mavi\\\/#primaryimage\"},\"thumbnailUrl\":\"https:\\\/\\\/riseandwarm.com\\\/wp-content\\\/uploads\\\/2023\\\/06\\\/OctopusBikiniAltiMavi-Dekupe1.jpg\",\"datePublished\":\"2023-06-27T14:14:24+00:00\",\"dateModified\":\"2025-11-29T11:27:30+00:00\",\"description\":\"Zin&RW Octopus Bikini Bottom Blue ve di\u011fer t\u00fcm \u00fcr\u00fcnlerimiz i\u00e7in Rise & Warm adresini hemen ziyaret edin. H\u0131zl\u0131 kargo ve g\u00fcvenli al\u0131\u015fveri\u015f!\",\"breadcrumb\":{\"@id\":\"https:\\\/\\\/riseandwarm.com\\\/tr\\\/urun\\\/zinrw-octopus-bikini-alti-mavi\\\/#breadcrumb\"},\"inLanguage\":\"tr\",\"potentialAction\":[{\"@type\":\"ReadAction\",\"target\":[\"https:\\\/\\\/riseandwarm.com\\\/tr\\\/urun\\\/zinrw-octopus-bikini-alti-mavi\\\/\"]}]},{\"@type\":\"ImageObject\",\"inLanguage\":\"tr\",\"@id\":\"https:\\\/\\\/riseandwarm.com\\\/tr\\\/urun\\\/zinrw-octopus-bikini-alti-mavi\\\/#primaryimage\",\"url\":\"https:\\\/\\\/riseandwarm.com\\\/wp-content\\\/uploads\\\/2023\\\/06\\\/OctopusBikiniAltiMavi-Dekupe1.jpg\",\"contentUrl\":\"https:\\\/\\\/riseandwarm.com\\\/wp-content\\\/uploads\\\/2023\\\/06\\\/OctopusBikiniAltiMavi-Dekupe1.jpg\",\"width\":1000,\"height\":1500},{\"@type\":\"BreadcrumbList\",\"@id\":\"https:\\\/\\\/riseandwarm.com\\\/tr\\\/urun\\\/zinrw-octopus-bikini-alti-mavi\\\/#breadcrumb\",\"itemListElement\":[{\"@type\":\"ListItem\",\"position\":1,\"name\":\"Home\",\"item\":\"https:\\\/\\\/riseandwarm.com\\\/tr\\\/\"},{\"@type\":\"ListItem\",\"position\":2,\"name\":\"Ma\u011faza\",\"item\":\"https:\\\/\\\/riseandwarm.com\\\/tr\\\/magaza\\\/\"},{\"@type\":\"ListItem\",\"position\":3,\"name\":\"Zin&#038;RW Octopus Bikini Bottom Blue\"}]},{\"@type\":\"WebSite\",\"@id\":\"https:\\\/\\\/riseandwarm.com\\\/tr\\\/#website\",\"url\":\"https:\\\/\\\/riseandwarm.com\\\/tr\\\/\",\"name\":\"Rise | Warm\",\"description\":\"Free your self\",\"potentialAction\":[{\"@type\":\"SearchAction\",\"target\":{\"@type\":\"EntryPoint\",\"urlTemplate\":\"https:\\\/\\\/riseandwarm.com\\\/tr\\\/?s={search_term_string}\"},\"query-input\":{\"@type\":\"PropertyValueSpecification\",\"valueRequired\":true,\"valueName\":\"search_term_string\"}}],\"inLanguage\":\"tr\"}]}<\/script>\n<!-- \/ Yoast SEO plugin. -->","yoast_head_json":{"title":"Zin&RW Octopus Bikini Bottom Blue - Rise & Warm","description":"Zin&RW Octopus Bikini Bottom Blue ve di\u011fer t\u00fcm \u00fcr\u00fcnlerimiz i\u00e7in Rise & Warm adresini hemen ziyaret edin. H\u0131zl\u0131 kargo ve g\u00fcvenli al\u0131\u015fveri\u015f!","robots":{"index":"index","follow":"follow","max-snippet":"max-snippet:-1","max-image-preview":"max-image-preview:large","max-video-preview":"max-video-preview:-1"},"canonical":"https:\/\/riseandwarm.com\/tr\/urun\/zinrw-octopus-bikini-alti-mavi\/","og_locale":"tr_TR","og_type":"article","og_title":"Zin&RW Octopus Bikini Bottom Blue - Rise & Warm","og_description":"Zin&RW Octopus Bikini Bottom Blue ve di\u011fer t\u00fcm \u00fcr\u00fcnlerimiz i\u00e7in Rise & Warm adresini hemen ziyaret edin. H\u0131zl\u0131 kargo ve g\u00fcvenli al\u0131\u015fveri\u015f!","og_url":"https:\/\/riseandwarm.com\/tr\/urun\/zinrw-octopus-bikini-alti-mavi\/","og_site_name":"Rise | Warm","article_modified_time":"2025-11-29T11:27:30+00:00","og_image":[{"width":1000,"height":1500,"url":"https:\/\/riseandwarm.com\/wp-content\/uploads\/2023\/06\/OctopusBikiniAltiMavi-Dekupe1.jpg","type":"image\/jpeg"}],"twitter_card":"summary_large_image","twitter_misc":{"Tahmini okuma s\u00fcresi":"1 dakika"},"schema":{"@context":"https:\/\/schema.org","@graph":[{"@type":"WebPage","@id":"https:\/\/riseandwarm.com\/tr\/urun\/zinrw-octopus-bikini-alti-mavi\/","url":"https:\/\/riseandwarm.com\/tr\/urun\/zinrw-octopus-bikini-alti-mavi\/","name":"Zin&RW Octopus Bikini Bottom Blue - Rise & Warm","isPartOf":{"@id":"https:\/\/riseandwarm.com\/tr\/#website"},"primaryImageOfPage":{"@id":"https:\/\/riseandwarm.com\/tr\/urun\/zinrw-octopus-bikini-alti-mavi\/#primaryimage"},"image":{"@id":"https:\/\/riseandwarm.com\/tr\/urun\/zinrw-octopus-bikini-alti-mavi\/#primaryimage"},"thumbnailUrl":"https:\/\/riseandwarm.com\/wp-content\/uploads\/2023\/06\/OctopusBikiniAltiMavi-Dekupe1.jpg","datePublished":"2023-06-27T14:14:24+00:00","dateModified":"2025-11-29T11:27:30+00:00","description":"Zin&RW Octopus Bikini Bottom Blue ve di\u011fer t\u00fcm \u00fcr\u00fcnlerimiz i\u00e7in Rise & Warm adresini hemen ziyaret edin. H\u0131zl\u0131 kargo ve g\u00fcvenli al\u0131\u015fveri\u015f!","breadcrumb":{"@id":"https:\/\/riseandwarm.com\/tr\/urun\/zinrw-octopus-bikini-alti-mavi\/#breadcrumb"},"inLanguage":"tr","potentialAction":[{"@type":"ReadAction","target":["https:\/\/riseandwarm.com\/tr\/urun\/zinrw-octopus-bikini-alti-mavi\/"]}]},{"@type":"ImageObject","inLanguage":"tr","@id":"https:\/\/riseandwarm.com\/tr\/urun\/zinrw-octopus-bikini-alti-mavi\/#primaryimage","url":"https:\/\/riseandwarm.com\/wp-content\/uploads\/2023\/06\/OctopusBikiniAltiMavi-Dekupe1.jpg","contentUrl":"https:\/\/riseandwarm.com\/wp-content\/uploads\/2023\/06\/OctopusBikiniAltiMavi-Dekupe1.jpg","width":1000,"height":1500},{"@type":"BreadcrumbList","@id":"https:\/\/riseandwarm.com\/tr\/urun\/zinrw-octopus-bikini-alti-mavi\/#breadcrumb","itemListElement":[{"@type":"ListItem","position":1,"name":"Home","item":"https:\/\/riseandwarm.com\/tr\/"},{"@type":"ListItem","position":2,"name":"Ma\u011faza","item":"https:\/\/riseandwarm.com\/tr\/magaza\/"},{"@type":"ListItem","position":3,"name":"Zin&#038;RW Octopus Bikini Bottom Blue"}]},{"@type":"WebSite","@id":"https:\/\/riseandwarm.com\/tr\/#website","url":"https:\/\/riseandwarm.com\/tr\/","name":"Rise | Warm","description":"Free your self","potentialAction":[{"@type":"SearchAction","target":{"@type":"EntryPoint","urlTemplate":"https:\/\/riseandwarm.com\/tr\/?s={search_term_string}"},"query-input":{"@type":"PropertyValueSpecification","valueRequired":true,"valueName":"search_term_string"}}],"inLanguage":"tr"}]}},"_links":{"self":[{"href":"https:\/\/riseandwarm.com\/tr\/wp-json\/wp\/v2\/product\/6962","targetHints":{"allow":["GET"]}}],"collection":[{"href":"https:\/\/riseandwarm.com\/tr\/wp-json\/wp\/v2\/product"}],"about":[{"href":"https:\/\/riseandwarm.com\/tr\/wp-json\/wp\/v2\/types\/product"}],"version-history":[{"count":1,"href":"https:\/\/riseandwarm.com\/tr\/wp-json\/wp\/v2\/product\/6962\/revisions"}],"predecessor-version":[{"id":23123,"href":"https:\/\/riseandwarm.com\/tr\/wp-json\/wp\/v2\/product\/6962\/revisions\/23123"}],"wp:featuredmedia":[{"embeddable":true,"href":"https:\/\/riseandwarm.com\/tr\/wp-json\/wp\/v2\/media\/6885"}],"wp:attachment":[{"href":"https:\/\/riseandwarm.com\/tr\/wp-json\/wp\/v2\/media?parent=6962"}],"wp:term":[{"taxonomy":"product_brand","embeddable":true,"href":"https:\/\/riseandwarm.com\/tr\/wp-json\/wp\/v2\/product_brand?post=6962"},{"taxonomy":"product_cat","embeddable":true,"href":"https:\/\/riseandwarm.com\/tr\/wp-json\/wp\/v2\/product_cat?post=6962"},{"taxonomy":"product_tag","embeddable":true,"href":"https:\/\/riseandwarm.com\/tr\/wp-json\/wp\/v2\/product_tag?post=6962"}],"curies":[{"name":"wp","href":"https:\/\/api.w.org\/{rel}","templated":true}]}}