{"id":6954,"date":"2023-06-27T14:05:43","date_gmt":"2023-06-27T14:05:43","guid":{"rendered":"https:\/\/riseandwarm.com\/?post_type=product&#038;p=6954"},"modified":"2025-11-29T11:28:29","modified_gmt":"2025-11-29T11:28:29","slug":"zinrw-octopus-bikini-alti-kremin","status":"publish","type":"product","link":"https:\/\/riseandwarm.com\/tr\/urun\/zinrw-octopus-bikini-alti-kremin\/","title":{"rendered":"Zin&#038;RW Octopus Bikini Bottom Terracotta"},"content":{"rendered":"<p>Octopus Bikini Alt\u0131, iki ipli seksi tasar\u0131m\u0131yla dikkat \u00e7ekiyor. Bu alt, plajlarda \u015f\u0131kl\u0131\u011f\u0131 ve \u00f6zg\u00fcveni yans\u0131tman\u0131z\u0131 sa\u011fl\u0131yor.<\/p>\n<p>Octopus Bikini Alt\u0131&#8217;n\u0131n kiremit rengi, g\u00fcne\u015fin bat\u0131\u015f\u0131nda denizin \u00fczerinde dans eden \u0131\u015f\u0131klar\u0131 an\u0131msat\u0131yor. Kiremit rengi, s\u0131cakl\u0131\u011f\u0131 ve tutkuyu temsil ederken, bu bikini alt\u0131n\u0131n \u00e7ekicili\u011finizi ortaya \u00e7\u0131karman\u0131za yard\u0131mc\u0131 oluyor.<\/p>\n<p>Bu bikini alt\u0131, %80 PA (poliamid) ve %20 EA (elastan) kar\u0131\u015f\u0131m\u0131ndan \u00fcretilen \u00f6zel bir kuma\u015fla tasarland\u0131. Esneklik ve rahatl\u0131k sunan kuma\u015f, m\u00fckemmel bir \u015fekilde oturarak v\u00fccudunuzu saran bir stil sunuyor.<\/p>\n<p>Octopus Bikini Bottom stands out with its two-string sexy design. This bottom allows you to showcase style and confidence on the beaches.<\/p>\n<p>The terracotta color of Octopus Bikini Bottom reminds us of the dancing lights on the ocean&#8217;s surface during sunset. Representing warmth and passion, the terracotta color enhances your allure with this bikini bottom.<\/p>\n<p>This bikini bottom is crafted from a special fabric blend of 80% PA (polyamide) and 20% EA (elastane). The fabric offers flexibility and comfort, providing a snug fit that hugs your body in style.<\/p>\n","protected":false},"excerpt":{"rendered":"<p>Octopus Bikini Alt\u0131, iki ipli seksi tasar\u0131m\u0131yla dikkat \u00e7ekiyor. Bu alt, plajlarda \u015f\u0131kl\u0131\u011f\u0131 ve \u00f6zg\u00fcveni yans\u0131tman\u0131z\u0131 sa\u011fl\u0131yor. Octopus Bikini Alt\u0131&#8217;n\u0131n<\/p>\n","protected":false},"featured_media":6873,"template":"","meta":[],"product_brand":[],"product_cat":[117,273],"product_tag":[],"class_list":{"0":"post-6954","1":"product","2":"type-product","3":"status-publish","4":"has-post-thumbnail","6":"product_cat-mayo-bikini","7":"product_cat-ozel-fiyatlar","9":"first","10":"instock","11":"sale","12":"shipping-taxable","13":"purchasable","14":"product-type-variable"},"yoast_head":"<!-- This site is optimized with the Yoast SEO plugin v27.4 - https:\/\/yoast.com\/product\/yoast-seo-wordpress\/ -->\n<title>Zin&amp;RW Octopus Bikini Bottom Terracotta - Rise &amp; Warm<\/title>\n<meta name=\"description\" content=\"Zin&amp;RW Octopus Bikini Bottom Terracotta ve di\u011fer t\u00fcm \u00fcr\u00fcnlerimiz i\u00e7in Rise &amp; Warm adresini hemen ziyaret edin. H\u0131zl\u0131 kargo ve g\u00fcvenli al\u0131\u015fveri\u015f!\" \/>\n<meta name=\"robots\" content=\"index, follow, max-snippet:-1, max-image-preview:large, max-video-preview:-1\" \/>\n<link rel=\"canonical\" href=\"https:\/\/riseandwarm.com\/tr\/urun\/zinrw-octopus-bikini-alti-kremin\/\" \/>\n<meta property=\"og:locale\" content=\"tr_TR\" \/>\n<meta property=\"og:type\" content=\"article\" \/>\n<meta property=\"og:title\" content=\"Zin&amp;RW Octopus Bikini Bottom Terracotta - Rise &amp; Warm\" \/>\n<meta property=\"og:description\" content=\"Zin&amp;RW Octopus Bikini Bottom Terracotta ve di\u011fer t\u00fcm \u00fcr\u00fcnlerimiz i\u00e7in Rise &amp; Warm adresini hemen ziyaret edin. H\u0131zl\u0131 kargo ve g\u00fcvenli al\u0131\u015fveri\u015f!\" \/>\n<meta property=\"og:url\" content=\"https:\/\/riseandwarm.com\/tr\/urun\/zinrw-octopus-bikini-alti-kremin\/\" \/>\n<meta property=\"og:site_name\" content=\"Rise | Warm\" \/>\n<meta property=\"article:modified_time\" content=\"2025-11-29T11:28:29+00:00\" \/>\n<meta property=\"og:image\" content=\"https:\/\/riseandwarm.com\/wp-content\/uploads\/2023\/06\/OctopusBikiniAltiKremit-Dekupe1.jpg\" \/>\n\t<meta property=\"og:image:width\" content=\"1000\" \/>\n\t<meta property=\"og:image:height\" content=\"1500\" \/>\n\t<meta property=\"og:image:type\" content=\"image\/jpeg\" \/>\n<meta name=\"twitter:card\" content=\"summary_large_image\" \/>\n<meta name=\"twitter:label1\" content=\"Tahmini okuma s\u00fcresi\" \/>\n\t<meta name=\"twitter:data1\" content=\"1 dakika\" \/>\n<script type=\"application\/ld+json\" class=\"yoast-schema-graph\">{\"@context\":\"https:\\\/\\\/schema.org\",\"@graph\":[{\"@type\":\"WebPage\",\"@id\":\"https:\\\/\\\/riseandwarm.com\\\/tr\\\/urun\\\/zinrw-octopus-bikini-alti-kremin\\\/\",\"url\":\"https:\\\/\\\/riseandwarm.com\\\/tr\\\/urun\\\/zinrw-octopus-bikini-alti-kremin\\\/\",\"name\":\"Zin&RW Octopus Bikini Bottom Terracotta - Rise & Warm\",\"isPartOf\":{\"@id\":\"https:\\\/\\\/riseandwarm.com\\\/tr\\\/#website\"},\"primaryImageOfPage\":{\"@id\":\"https:\\\/\\\/riseandwarm.com\\\/tr\\\/urun\\\/zinrw-octopus-bikini-alti-kremin\\\/#primaryimage\"},\"image\":{\"@id\":\"https:\\\/\\\/riseandwarm.com\\\/tr\\\/urun\\\/zinrw-octopus-bikini-alti-kremin\\\/#primaryimage\"},\"thumbnailUrl\":\"https:\\\/\\\/riseandwarm.com\\\/wp-content\\\/uploads\\\/2023\\\/06\\\/OctopusBikiniAltiKremit-Dekupe1.jpg\",\"datePublished\":\"2023-06-27T14:05:43+00:00\",\"dateModified\":\"2025-11-29T11:28:29+00:00\",\"description\":\"Zin&RW Octopus Bikini Bottom Terracotta ve di\u011fer t\u00fcm \u00fcr\u00fcnlerimiz i\u00e7in Rise & Warm adresini hemen ziyaret edin. H\u0131zl\u0131 kargo ve g\u00fcvenli al\u0131\u015fveri\u015f!\",\"breadcrumb\":{\"@id\":\"https:\\\/\\\/riseandwarm.com\\\/tr\\\/urun\\\/zinrw-octopus-bikini-alti-kremin\\\/#breadcrumb\"},\"inLanguage\":\"tr\",\"potentialAction\":[{\"@type\":\"ReadAction\",\"target\":[\"https:\\\/\\\/riseandwarm.com\\\/tr\\\/urun\\\/zinrw-octopus-bikini-alti-kremin\\\/\"]}]},{\"@type\":\"ImageObject\",\"inLanguage\":\"tr\",\"@id\":\"https:\\\/\\\/riseandwarm.com\\\/tr\\\/urun\\\/zinrw-octopus-bikini-alti-kremin\\\/#primaryimage\",\"url\":\"https:\\\/\\\/riseandwarm.com\\\/wp-content\\\/uploads\\\/2023\\\/06\\\/OctopusBikiniAltiKremit-Dekupe1.jpg\",\"contentUrl\":\"https:\\\/\\\/riseandwarm.com\\\/wp-content\\\/uploads\\\/2023\\\/06\\\/OctopusBikiniAltiKremit-Dekupe1.jpg\",\"width\":1000,\"height\":1500},{\"@type\":\"BreadcrumbList\",\"@id\":\"https:\\\/\\\/riseandwarm.com\\\/tr\\\/urun\\\/zinrw-octopus-bikini-alti-kremin\\\/#breadcrumb\",\"itemListElement\":[{\"@type\":\"ListItem\",\"position\":1,\"name\":\"Home\",\"item\":\"https:\\\/\\\/riseandwarm.com\\\/tr\\\/\"},{\"@type\":\"ListItem\",\"position\":2,\"name\":\"Ma\u011faza\",\"item\":\"https:\\\/\\\/riseandwarm.com\\\/tr\\\/magaza\\\/\"},{\"@type\":\"ListItem\",\"position\":3,\"name\":\"Zin&#038;RW Octopus Bikini Bottom Terracotta\"}]},{\"@type\":\"WebSite\",\"@id\":\"https:\\\/\\\/riseandwarm.com\\\/tr\\\/#website\",\"url\":\"https:\\\/\\\/riseandwarm.com\\\/tr\\\/\",\"name\":\"Rise | Warm\",\"description\":\"Free your self\",\"potentialAction\":[{\"@type\":\"SearchAction\",\"target\":{\"@type\":\"EntryPoint\",\"urlTemplate\":\"https:\\\/\\\/riseandwarm.com\\\/tr\\\/?s={search_term_string}\"},\"query-input\":{\"@type\":\"PropertyValueSpecification\",\"valueRequired\":true,\"valueName\":\"search_term_string\"}}],\"inLanguage\":\"tr\"}]}<\/script>\n<!-- \/ Yoast SEO plugin. -->","yoast_head_json":{"title":"Zin&RW Octopus Bikini Bottom Terracotta - Rise & Warm","description":"Zin&RW Octopus Bikini Bottom Terracotta ve di\u011fer t\u00fcm \u00fcr\u00fcnlerimiz i\u00e7in Rise & Warm adresini hemen ziyaret edin. H\u0131zl\u0131 kargo ve g\u00fcvenli al\u0131\u015fveri\u015f!","robots":{"index":"index","follow":"follow","max-snippet":"max-snippet:-1","max-image-preview":"max-image-preview:large","max-video-preview":"max-video-preview:-1"},"canonical":"https:\/\/riseandwarm.com\/tr\/urun\/zinrw-octopus-bikini-alti-kremin\/","og_locale":"tr_TR","og_type":"article","og_title":"Zin&RW Octopus Bikini Bottom Terracotta - Rise & Warm","og_description":"Zin&RW Octopus Bikini Bottom Terracotta ve di\u011fer t\u00fcm \u00fcr\u00fcnlerimiz i\u00e7in Rise & Warm adresini hemen ziyaret edin. H\u0131zl\u0131 kargo ve g\u00fcvenli al\u0131\u015fveri\u015f!","og_url":"https:\/\/riseandwarm.com\/tr\/urun\/zinrw-octopus-bikini-alti-kremin\/","og_site_name":"Rise | Warm","article_modified_time":"2025-11-29T11:28:29+00:00","og_image":[{"width":1000,"height":1500,"url":"https:\/\/riseandwarm.com\/wp-content\/uploads\/2023\/06\/OctopusBikiniAltiKremit-Dekupe1.jpg","type":"image\/jpeg"}],"twitter_card":"summary_large_image","twitter_misc":{"Tahmini okuma s\u00fcresi":"1 dakika"},"schema":{"@context":"https:\/\/schema.org","@graph":[{"@type":"WebPage","@id":"https:\/\/riseandwarm.com\/tr\/urun\/zinrw-octopus-bikini-alti-kremin\/","url":"https:\/\/riseandwarm.com\/tr\/urun\/zinrw-octopus-bikini-alti-kremin\/","name":"Zin&RW Octopus Bikini Bottom Terracotta - Rise & Warm","isPartOf":{"@id":"https:\/\/riseandwarm.com\/tr\/#website"},"primaryImageOfPage":{"@id":"https:\/\/riseandwarm.com\/tr\/urun\/zinrw-octopus-bikini-alti-kremin\/#primaryimage"},"image":{"@id":"https:\/\/riseandwarm.com\/tr\/urun\/zinrw-octopus-bikini-alti-kremin\/#primaryimage"},"thumbnailUrl":"https:\/\/riseandwarm.com\/wp-content\/uploads\/2023\/06\/OctopusBikiniAltiKremit-Dekupe1.jpg","datePublished":"2023-06-27T14:05:43+00:00","dateModified":"2025-11-29T11:28:29+00:00","description":"Zin&RW Octopus Bikini Bottom Terracotta ve di\u011fer t\u00fcm \u00fcr\u00fcnlerimiz i\u00e7in Rise & Warm adresini hemen ziyaret edin. H\u0131zl\u0131 kargo ve g\u00fcvenli al\u0131\u015fveri\u015f!","breadcrumb":{"@id":"https:\/\/riseandwarm.com\/tr\/urun\/zinrw-octopus-bikini-alti-kremin\/#breadcrumb"},"inLanguage":"tr","potentialAction":[{"@type":"ReadAction","target":["https:\/\/riseandwarm.com\/tr\/urun\/zinrw-octopus-bikini-alti-kremin\/"]}]},{"@type":"ImageObject","inLanguage":"tr","@id":"https:\/\/riseandwarm.com\/tr\/urun\/zinrw-octopus-bikini-alti-kremin\/#primaryimage","url":"https:\/\/riseandwarm.com\/wp-content\/uploads\/2023\/06\/OctopusBikiniAltiKremit-Dekupe1.jpg","contentUrl":"https:\/\/riseandwarm.com\/wp-content\/uploads\/2023\/06\/OctopusBikiniAltiKremit-Dekupe1.jpg","width":1000,"height":1500},{"@type":"BreadcrumbList","@id":"https:\/\/riseandwarm.com\/tr\/urun\/zinrw-octopus-bikini-alti-kremin\/#breadcrumb","itemListElement":[{"@type":"ListItem","position":1,"name":"Home","item":"https:\/\/riseandwarm.com\/tr\/"},{"@type":"ListItem","position":2,"name":"Ma\u011faza","item":"https:\/\/riseandwarm.com\/tr\/magaza\/"},{"@type":"ListItem","position":3,"name":"Zin&#038;RW Octopus Bikini Bottom Terracotta"}]},{"@type":"WebSite","@id":"https:\/\/riseandwarm.com\/tr\/#website","url":"https:\/\/riseandwarm.com\/tr\/","name":"Rise | Warm","description":"Free your self","potentialAction":[{"@type":"SearchAction","target":{"@type":"EntryPoint","urlTemplate":"https:\/\/riseandwarm.com\/tr\/?s={search_term_string}"},"query-input":{"@type":"PropertyValueSpecification","valueRequired":true,"valueName":"search_term_string"}}],"inLanguage":"tr"}]}},"_links":{"self":[{"href":"https:\/\/riseandwarm.com\/tr\/wp-json\/wp\/v2\/product\/6954","targetHints":{"allow":["GET"]}}],"collection":[{"href":"https:\/\/riseandwarm.com\/tr\/wp-json\/wp\/v2\/product"}],"about":[{"href":"https:\/\/riseandwarm.com\/tr\/wp-json\/wp\/v2\/types\/product"}],"version-history":[{"count":1,"href":"https:\/\/riseandwarm.com\/tr\/wp-json\/wp\/v2\/product\/6954\/revisions"}],"predecessor-version":[{"id":23124,"href":"https:\/\/riseandwarm.com\/tr\/wp-json\/wp\/v2\/product\/6954\/revisions\/23124"}],"wp:featuredmedia":[{"embeddable":true,"href":"https:\/\/riseandwarm.com\/tr\/wp-json\/wp\/v2\/media\/6873"}],"wp:attachment":[{"href":"https:\/\/riseandwarm.com\/tr\/wp-json\/wp\/v2\/media?parent=6954"}],"wp:term":[{"taxonomy":"product_brand","embeddable":true,"href":"https:\/\/riseandwarm.com\/tr\/wp-json\/wp\/v2\/product_brand?post=6954"},{"taxonomy":"product_cat","embeddable":true,"href":"https:\/\/riseandwarm.com\/tr\/wp-json\/wp\/v2\/product_cat?post=6954"},{"taxonomy":"product_tag","embeddable":true,"href":"https:\/\/riseandwarm.com\/tr\/wp-json\/wp\/v2\/product_tag?post=6954"}],"curies":[{"name":"wp","href":"https:\/\/api.w.org\/{rel}","templated":true}]}}