{"id":6940,"date":"2023-06-27T13:22:03","date_gmt":"2023-06-27T13:22:03","guid":{"rendered":"https:\/\/riseandwarm.com\/?post_type=product&#038;p=6940"},"modified":"2025-11-29T11:30:14","modified_gmt":"2025-11-29T11:30:14","slug":"zinrw-bonito-bikini-alti-mavi","status":"publish","type":"product","link":"https:\/\/riseandwarm.com\/tr\/urun\/zinrw-bonito-bikini-alti-mavi\/","title":{"rendered":"Zin&#038;RW Bonito Bikini Bottom Blue"},"content":{"rendered":"<p>Bonito Bikini Alt\u0131, tanga kesimli seksi tasar\u0131m\u0131yla \u00f6ne \u00e7\u0131k\u0131yor. Bu alt, plajlarda \u00e7ekicili\u011finizi ve \u00f6zg\u00fcveninizi sergilemenize olanak sa\u011fl\u0131yor.<\/p>\n<p>Bonito Bikini Alt\u0131&#8217;n\u0131n mavi rengi, okyanusun derinliklerini simgeliyor. Mavinin serin ve huzurlu tonlar\u0131, bu bikini alt\u0131n\u0131n sizi plajlarda rahatl\u0131kla ifade etmenizi sa\u011fl\u0131yor.<\/p>\n<p>Bu bikini alt\u0131, %80 PA (poliamid) ve %20 EA (elastan) kar\u0131\u015f\u0131m\u0131ndan \u00fcretilen \u00f6zel bir kuma\u015fla tasarland\u0131. Esnek ve yumu\u015fak dokusu sayesinde, v\u00fccudunuza tam uyum sa\u011flar ve rahat bir deneyim sunar.<\/p>\n<p>Bonito Bikini Bottom stands out with its tanga cut, providing a sexy design. This bottom allows you to showcase your allure and confidence on the beaches.<\/p>\n<p>The blue color of Bonito Bikini Bottom represents the depths of the ocean. The cool and tranquil shades of blue enable you to express yourself effortlessly on the shores.<\/p>\n<p>This bikini bottom is crafted from a special fabric blend of 80% PA (polyamide) and 20% EA (elastane). With its flexible and soft texture, it perfectly molds to your body, offering a comfortable experience.<\/p>\n","protected":false},"excerpt":{"rendered":"<p>Bonito Bikini Alt\u0131, tanga kesimli seksi tasar\u0131m\u0131yla \u00f6ne \u00e7\u0131k\u0131yor. Bu alt, plajlarda \u00e7ekicili\u011finizi ve \u00f6zg\u00fcveninizi sergilemenize olanak sa\u011fl\u0131yor. Bonito Bikini<\/p>\n","protected":false},"featured_media":6733,"template":"","meta":[],"product_brand":[],"product_cat":[117,273],"product_tag":[],"class_list":{"0":"post-6940","1":"product","2":"type-product","3":"status-publish","4":"has-post-thumbnail","6":"product_cat-mayo-bikini","7":"product_cat-ozel-fiyatlar","9":"first","10":"instock","11":"sale","12":"shipping-taxable","13":"purchasable","14":"product-type-variable"},"yoast_head":"<!-- This site is optimized with the Yoast SEO plugin v27.4 - https:\/\/yoast.com\/product\/yoast-seo-wordpress\/ -->\n<title>Zin&amp;RW Bonito Bikini Bottom Blue - Rise &amp; Warm<\/title>\n<meta name=\"description\" content=\"Zin&amp;RW Bonito Bikini Bottom Blue ve di\u011fer t\u00fcm \u00fcr\u00fcnlerimiz i\u00e7in Rise &amp; Warm adresini hemen ziyaret edin. H\u0131zl\u0131 kargo ve g\u00fcvenli al\u0131\u015fveri\u015f!\" \/>\n<meta name=\"robots\" content=\"index, follow, max-snippet:-1, max-image-preview:large, max-video-preview:-1\" \/>\n<link rel=\"canonical\" href=\"https:\/\/riseandwarm.com\/tr\/urun\/zinrw-bonito-bikini-alti-mavi\/\" \/>\n<meta property=\"og:locale\" content=\"tr_TR\" \/>\n<meta property=\"og:type\" content=\"article\" \/>\n<meta property=\"og:title\" content=\"Zin&amp;RW Bonito Bikini Bottom Blue - Rise &amp; Warm\" \/>\n<meta property=\"og:description\" content=\"Zin&amp;RW Bonito Bikini Bottom Blue ve di\u011fer t\u00fcm \u00fcr\u00fcnlerimiz i\u00e7in Rise &amp; Warm adresini hemen ziyaret edin. H\u0131zl\u0131 kargo ve g\u00fcvenli al\u0131\u015fveri\u015f!\" \/>\n<meta property=\"og:url\" content=\"https:\/\/riseandwarm.com\/tr\/urun\/zinrw-bonito-bikini-alti-mavi\/\" \/>\n<meta property=\"og:site_name\" content=\"Rise | Warm\" \/>\n<meta property=\"article:modified_time\" content=\"2025-11-29T11:30:14+00:00\" \/>\n<meta property=\"og:image\" content=\"https:\/\/riseandwarm.com\/wp-content\/uploads\/2023\/06\/BonitoBikiniAltiMavi-Dekupe1.jpg\" \/>\n\t<meta property=\"og:image:width\" content=\"1000\" \/>\n\t<meta property=\"og:image:height\" content=\"1500\" \/>\n\t<meta property=\"og:image:type\" content=\"image\/jpeg\" \/>\n<meta name=\"twitter:card\" content=\"summary_large_image\" \/>\n<meta name=\"twitter:label1\" content=\"Tahmini okuma s\u00fcresi\" \/>\n\t<meta name=\"twitter:data1\" content=\"1 dakika\" \/>\n<script type=\"application\/ld+json\" class=\"yoast-schema-graph\">{\"@context\":\"https:\\\/\\\/schema.org\",\"@graph\":[{\"@type\":\"WebPage\",\"@id\":\"https:\\\/\\\/riseandwarm.com\\\/tr\\\/urun\\\/zinrw-bonito-bikini-alti-mavi\\\/\",\"url\":\"https:\\\/\\\/riseandwarm.com\\\/tr\\\/urun\\\/zinrw-bonito-bikini-alti-mavi\\\/\",\"name\":\"Zin&RW Bonito Bikini Bottom Blue - Rise & Warm\",\"isPartOf\":{\"@id\":\"https:\\\/\\\/riseandwarm.com\\\/tr\\\/#website\"},\"primaryImageOfPage\":{\"@id\":\"https:\\\/\\\/riseandwarm.com\\\/tr\\\/urun\\\/zinrw-bonito-bikini-alti-mavi\\\/#primaryimage\"},\"image\":{\"@id\":\"https:\\\/\\\/riseandwarm.com\\\/tr\\\/urun\\\/zinrw-bonito-bikini-alti-mavi\\\/#primaryimage\"},\"thumbnailUrl\":\"https:\\\/\\\/riseandwarm.com\\\/wp-content\\\/uploads\\\/2023\\\/06\\\/BonitoBikiniAltiMavi-Dekupe1.jpg\",\"datePublished\":\"2023-06-27T13:22:03+00:00\",\"dateModified\":\"2025-11-29T11:30:14+00:00\",\"description\":\"Zin&RW Bonito Bikini Bottom Blue ve di\u011fer t\u00fcm \u00fcr\u00fcnlerimiz i\u00e7in Rise & Warm adresini hemen ziyaret edin. H\u0131zl\u0131 kargo ve g\u00fcvenli al\u0131\u015fveri\u015f!\",\"breadcrumb\":{\"@id\":\"https:\\\/\\\/riseandwarm.com\\\/tr\\\/urun\\\/zinrw-bonito-bikini-alti-mavi\\\/#breadcrumb\"},\"inLanguage\":\"tr\",\"potentialAction\":[{\"@type\":\"ReadAction\",\"target\":[\"https:\\\/\\\/riseandwarm.com\\\/tr\\\/urun\\\/zinrw-bonito-bikini-alti-mavi\\\/\"]}]},{\"@type\":\"ImageObject\",\"inLanguage\":\"tr\",\"@id\":\"https:\\\/\\\/riseandwarm.com\\\/tr\\\/urun\\\/zinrw-bonito-bikini-alti-mavi\\\/#primaryimage\",\"url\":\"https:\\\/\\\/riseandwarm.com\\\/wp-content\\\/uploads\\\/2023\\\/06\\\/BonitoBikiniAltiMavi-Dekupe1.jpg\",\"contentUrl\":\"https:\\\/\\\/riseandwarm.com\\\/wp-content\\\/uploads\\\/2023\\\/06\\\/BonitoBikiniAltiMavi-Dekupe1.jpg\",\"width\":1000,\"height\":1500},{\"@type\":\"BreadcrumbList\",\"@id\":\"https:\\\/\\\/riseandwarm.com\\\/tr\\\/urun\\\/zinrw-bonito-bikini-alti-mavi\\\/#breadcrumb\",\"itemListElement\":[{\"@type\":\"ListItem\",\"position\":1,\"name\":\"Home\",\"item\":\"https:\\\/\\\/riseandwarm.com\\\/tr\\\/\"},{\"@type\":\"ListItem\",\"position\":2,\"name\":\"Ma\u011faza\",\"item\":\"https:\\\/\\\/riseandwarm.com\\\/tr\\\/magaza\\\/\"},{\"@type\":\"ListItem\",\"position\":3,\"name\":\"Zin&#038;RW Bonito Bikini Bottom Blue\"}]},{\"@type\":\"WebSite\",\"@id\":\"https:\\\/\\\/riseandwarm.com\\\/tr\\\/#website\",\"url\":\"https:\\\/\\\/riseandwarm.com\\\/tr\\\/\",\"name\":\"Rise | Warm\",\"description\":\"Free your self\",\"potentialAction\":[{\"@type\":\"SearchAction\",\"target\":{\"@type\":\"EntryPoint\",\"urlTemplate\":\"https:\\\/\\\/riseandwarm.com\\\/tr\\\/?s={search_term_string}\"},\"query-input\":{\"@type\":\"PropertyValueSpecification\",\"valueRequired\":true,\"valueName\":\"search_term_string\"}}],\"inLanguage\":\"tr\"}]}<\/script>\n<!-- \/ Yoast SEO plugin. -->","yoast_head_json":{"title":"Zin&RW Bonito Bikini Bottom Blue - Rise & Warm","description":"Zin&RW Bonito Bikini Bottom Blue ve di\u011fer t\u00fcm \u00fcr\u00fcnlerimiz i\u00e7in Rise & Warm adresini hemen ziyaret edin. H\u0131zl\u0131 kargo ve g\u00fcvenli al\u0131\u015fveri\u015f!","robots":{"index":"index","follow":"follow","max-snippet":"max-snippet:-1","max-image-preview":"max-image-preview:large","max-video-preview":"max-video-preview:-1"},"canonical":"https:\/\/riseandwarm.com\/tr\/urun\/zinrw-bonito-bikini-alti-mavi\/","og_locale":"tr_TR","og_type":"article","og_title":"Zin&RW Bonito Bikini Bottom Blue - Rise & Warm","og_description":"Zin&RW Bonito Bikini Bottom Blue ve di\u011fer t\u00fcm \u00fcr\u00fcnlerimiz i\u00e7in Rise & Warm adresini hemen ziyaret edin. H\u0131zl\u0131 kargo ve g\u00fcvenli al\u0131\u015fveri\u015f!","og_url":"https:\/\/riseandwarm.com\/tr\/urun\/zinrw-bonito-bikini-alti-mavi\/","og_site_name":"Rise | Warm","article_modified_time":"2025-11-29T11:30:14+00:00","og_image":[{"width":1000,"height":1500,"url":"https:\/\/riseandwarm.com\/wp-content\/uploads\/2023\/06\/BonitoBikiniAltiMavi-Dekupe1.jpg","type":"image\/jpeg"}],"twitter_card":"summary_large_image","twitter_misc":{"Tahmini okuma s\u00fcresi":"1 dakika"},"schema":{"@context":"https:\/\/schema.org","@graph":[{"@type":"WebPage","@id":"https:\/\/riseandwarm.com\/tr\/urun\/zinrw-bonito-bikini-alti-mavi\/","url":"https:\/\/riseandwarm.com\/tr\/urun\/zinrw-bonito-bikini-alti-mavi\/","name":"Zin&RW Bonito Bikini Bottom Blue - Rise & Warm","isPartOf":{"@id":"https:\/\/riseandwarm.com\/tr\/#website"},"primaryImageOfPage":{"@id":"https:\/\/riseandwarm.com\/tr\/urun\/zinrw-bonito-bikini-alti-mavi\/#primaryimage"},"image":{"@id":"https:\/\/riseandwarm.com\/tr\/urun\/zinrw-bonito-bikini-alti-mavi\/#primaryimage"},"thumbnailUrl":"https:\/\/riseandwarm.com\/wp-content\/uploads\/2023\/06\/BonitoBikiniAltiMavi-Dekupe1.jpg","datePublished":"2023-06-27T13:22:03+00:00","dateModified":"2025-11-29T11:30:14+00:00","description":"Zin&RW Bonito Bikini Bottom Blue ve di\u011fer t\u00fcm \u00fcr\u00fcnlerimiz i\u00e7in Rise & Warm adresini hemen ziyaret edin. H\u0131zl\u0131 kargo ve g\u00fcvenli al\u0131\u015fveri\u015f!","breadcrumb":{"@id":"https:\/\/riseandwarm.com\/tr\/urun\/zinrw-bonito-bikini-alti-mavi\/#breadcrumb"},"inLanguage":"tr","potentialAction":[{"@type":"ReadAction","target":["https:\/\/riseandwarm.com\/tr\/urun\/zinrw-bonito-bikini-alti-mavi\/"]}]},{"@type":"ImageObject","inLanguage":"tr","@id":"https:\/\/riseandwarm.com\/tr\/urun\/zinrw-bonito-bikini-alti-mavi\/#primaryimage","url":"https:\/\/riseandwarm.com\/wp-content\/uploads\/2023\/06\/BonitoBikiniAltiMavi-Dekupe1.jpg","contentUrl":"https:\/\/riseandwarm.com\/wp-content\/uploads\/2023\/06\/BonitoBikiniAltiMavi-Dekupe1.jpg","width":1000,"height":1500},{"@type":"BreadcrumbList","@id":"https:\/\/riseandwarm.com\/tr\/urun\/zinrw-bonito-bikini-alti-mavi\/#breadcrumb","itemListElement":[{"@type":"ListItem","position":1,"name":"Home","item":"https:\/\/riseandwarm.com\/tr\/"},{"@type":"ListItem","position":2,"name":"Ma\u011faza","item":"https:\/\/riseandwarm.com\/tr\/magaza\/"},{"@type":"ListItem","position":3,"name":"Zin&#038;RW Bonito Bikini Bottom Blue"}]},{"@type":"WebSite","@id":"https:\/\/riseandwarm.com\/tr\/#website","url":"https:\/\/riseandwarm.com\/tr\/","name":"Rise | Warm","description":"Free your self","potentialAction":[{"@type":"SearchAction","target":{"@type":"EntryPoint","urlTemplate":"https:\/\/riseandwarm.com\/tr\/?s={search_term_string}"},"query-input":{"@type":"PropertyValueSpecification","valueRequired":true,"valueName":"search_term_string"}}],"inLanguage":"tr"}]}},"_links":{"self":[{"href":"https:\/\/riseandwarm.com\/tr\/wp-json\/wp\/v2\/product\/6940","targetHints":{"allow":["GET"]}}],"collection":[{"href":"https:\/\/riseandwarm.com\/tr\/wp-json\/wp\/v2\/product"}],"about":[{"href":"https:\/\/riseandwarm.com\/tr\/wp-json\/wp\/v2\/types\/product"}],"version-history":[{"count":1,"href":"https:\/\/riseandwarm.com\/tr\/wp-json\/wp\/v2\/product\/6940\/revisions"}],"predecessor-version":[{"id":23126,"href":"https:\/\/riseandwarm.com\/tr\/wp-json\/wp\/v2\/product\/6940\/revisions\/23126"}],"wp:featuredmedia":[{"embeddable":true,"href":"https:\/\/riseandwarm.com\/tr\/wp-json\/wp\/v2\/media\/6733"}],"wp:attachment":[{"href":"https:\/\/riseandwarm.com\/tr\/wp-json\/wp\/v2\/media?parent=6940"}],"wp:term":[{"taxonomy":"product_brand","embeddable":true,"href":"https:\/\/riseandwarm.com\/tr\/wp-json\/wp\/v2\/product_brand?post=6940"},{"taxonomy":"product_cat","embeddable":true,"href":"https:\/\/riseandwarm.com\/tr\/wp-json\/wp\/v2\/product_cat?post=6940"},{"taxonomy":"product_tag","embeddable":true,"href":"https:\/\/riseandwarm.com\/tr\/wp-json\/wp\/v2\/product_tag?post=6940"}],"curies":[{"name":"wp","href":"https:\/\/api.w.org\/{rel}","templated":true}]}}