{"id":6537,"date":"2023-06-23T14:47:02","date_gmt":"2023-06-23T14:47:02","guid":{"rendered":"https:\/\/riseandwarm.com\/?post_type=product&#038;p=6537"},"modified":"2025-11-29T11:34:25","modified_gmt":"2025-11-29T11:34:25","slug":"surikata-keten-ceket-beyaz","status":"publish","type":"product","link":"https:\/\/riseandwarm.com\/tr\/urun\/surikata-keten-ceket-beyaz\/","title":{"rendered":"Surikata Linen Jacket"},"content":{"rendered":"<p>The Surikata Jacket is a stylish piece with a cape-like cut. It is crafted from elegant linen fabric and comes with a lining. The Surikata Jacket is a perfect choice for those seeking both comfort and style. With its unique design and high-quality fabric, the Surikata Jacket complements your overall look and can be worn throughout the seasons.<\/p>\n<p>Model : HEIGHT 176 \/ BUST 81 \/ WAIST 64 \/ HIPS 89<\/p>\n<p>Surikata Ceket, pelerin tarz\u0131 kesimiyle dikkat \u00e7eken \u015f\u0131k bir par\u00e7ad\u0131r. Keten kuma\u015f\u0131n zarif dokusuyla tasarlanan bu ceket, astarl\u0131 olarak sunulmaktad\u0131r. Surikata Ceket, hem rahatl\u0131k hem de \u015f\u0131kl\u0131k arayanlar i\u00e7in m\u00fckemmel bir se\u00e7imdir. \u00d6zg\u00fcn tasar\u0131m\u0131 ve kaliteli kuma\u015f\u0131yla tarz\u0131n\u0131z\u0131 tamamlayan bir par\u00e7a olan Surikata, her mevsimde kullanabilece\u011finiz bir se\u00e7enektir.<\/p>\n","protected":false},"excerpt":{"rendered":"<p>The Surikata Jacket is a stylish piece with a cape-like cut. It is crafted from elegant linen fabric and comes<\/p>\n","protected":false},"featured_media":6447,"template":"","meta":[],"product_brand":[],"product_cat":[273],"product_tag":[],"class_list":{"0":"post-6537","1":"product","2":"type-product","3":"status-publish","4":"has-post-thumbnail","6":"product_cat-ozel-fiyatlar","8":"first","9":"instock","10":"sale","11":"shipping-taxable","12":"purchasable","13":"product-type-variable"},"yoast_head":"<!-- This site is optimized with the Yoast SEO plugin v27.4 - https:\/\/yoast.com\/product\/yoast-seo-wordpress\/ -->\n<title>Surikata Linen Jacket - Rise &amp; Warm<\/title>\n<meta name=\"description\" content=\"Surikata Linen Jacket ve di\u011fer t\u00fcm \u00fcr\u00fcnlerimiz i\u00e7in Rise &amp; Warm adresini hemen ziyaret edin. H\u0131zl\u0131 kargo ve g\u00fcvenli al\u0131\u015fveri\u015f!\" \/>\n<meta name=\"robots\" content=\"index, follow, max-snippet:-1, max-image-preview:large, max-video-preview:-1\" \/>\n<link rel=\"canonical\" href=\"https:\/\/riseandwarm.com\/tr\/urun\/surikata-keten-ceket-beyaz\/\" \/>\n<meta property=\"og:locale\" content=\"tr_TR\" \/>\n<meta property=\"og:type\" content=\"article\" \/>\n<meta property=\"og:title\" content=\"Surikata Linen Jacket - Rise &amp; Warm\" \/>\n<meta property=\"og:description\" content=\"Surikata Linen Jacket ve di\u011fer t\u00fcm \u00fcr\u00fcnlerimiz i\u00e7in Rise &amp; Warm adresini hemen ziyaret edin. H\u0131zl\u0131 kargo ve g\u00fcvenli al\u0131\u015fveri\u015f!\" \/>\n<meta property=\"og:url\" content=\"https:\/\/riseandwarm.com\/tr\/urun\/surikata-keten-ceket-beyaz\/\" \/>\n<meta property=\"og:site_name\" content=\"Rise | Warm\" \/>\n<meta property=\"article:modified_time\" content=\"2025-11-29T11:34:25+00:00\" \/>\n<meta property=\"og:image\" content=\"https:\/\/riseandwarm.com\/wp-content\/uploads\/2023\/06\/SurikataCeketBeyaz-Imaj1.jpg\" \/>\n\t<meta property=\"og:image:width\" content=\"1000\" \/>\n\t<meta property=\"og:image:height\" content=\"1500\" \/>\n\t<meta property=\"og:image:type\" content=\"image\/jpeg\" \/>\n<meta name=\"twitter:card\" content=\"summary_large_image\" \/>\n<meta name=\"twitter:label1\" content=\"Tahmini okuma s\u00fcresi\" \/>\n\t<meta name=\"twitter:data1\" content=\"1 dakika\" \/>\n<script type=\"application\/ld+json\" class=\"yoast-schema-graph\">{\"@context\":\"https:\\\/\\\/schema.org\",\"@graph\":[{\"@type\":\"WebPage\",\"@id\":\"https:\\\/\\\/riseandwarm.com\\\/tr\\\/urun\\\/surikata-keten-ceket-beyaz\\\/\",\"url\":\"https:\\\/\\\/riseandwarm.com\\\/tr\\\/urun\\\/surikata-keten-ceket-beyaz\\\/\",\"name\":\"Surikata Linen Jacket - Rise & Warm\",\"isPartOf\":{\"@id\":\"https:\\\/\\\/riseandwarm.com\\\/tr\\\/#website\"},\"primaryImageOfPage\":{\"@id\":\"https:\\\/\\\/riseandwarm.com\\\/tr\\\/urun\\\/surikata-keten-ceket-beyaz\\\/#primaryimage\"},\"image\":{\"@id\":\"https:\\\/\\\/riseandwarm.com\\\/tr\\\/urun\\\/surikata-keten-ceket-beyaz\\\/#primaryimage\"},\"thumbnailUrl\":\"https:\\\/\\\/riseandwarm.com\\\/wp-content\\\/uploads\\\/2023\\\/06\\\/SurikataCeketBeyaz-Imaj1.jpg\",\"datePublished\":\"2023-06-23T14:47:02+00:00\",\"dateModified\":\"2025-11-29T11:34:25+00:00\",\"description\":\"Surikata Linen Jacket ve di\u011fer t\u00fcm \u00fcr\u00fcnlerimiz i\u00e7in Rise & Warm adresini hemen ziyaret edin. H\u0131zl\u0131 kargo ve g\u00fcvenli al\u0131\u015fveri\u015f!\",\"breadcrumb\":{\"@id\":\"https:\\\/\\\/riseandwarm.com\\\/tr\\\/urun\\\/surikata-keten-ceket-beyaz\\\/#breadcrumb\"},\"inLanguage\":\"tr\",\"potentialAction\":[{\"@type\":\"ReadAction\",\"target\":[\"https:\\\/\\\/riseandwarm.com\\\/tr\\\/urun\\\/surikata-keten-ceket-beyaz\\\/\"]}]},{\"@type\":\"ImageObject\",\"inLanguage\":\"tr\",\"@id\":\"https:\\\/\\\/riseandwarm.com\\\/tr\\\/urun\\\/surikata-keten-ceket-beyaz\\\/#primaryimage\",\"url\":\"https:\\\/\\\/riseandwarm.com\\\/wp-content\\\/uploads\\\/2023\\\/06\\\/SurikataCeketBeyaz-Imaj1.jpg\",\"contentUrl\":\"https:\\\/\\\/riseandwarm.com\\\/wp-content\\\/uploads\\\/2023\\\/06\\\/SurikataCeketBeyaz-Imaj1.jpg\",\"width\":1000,\"height\":1500},{\"@type\":\"BreadcrumbList\",\"@id\":\"https:\\\/\\\/riseandwarm.com\\\/tr\\\/urun\\\/surikata-keten-ceket-beyaz\\\/#breadcrumb\",\"itemListElement\":[{\"@type\":\"ListItem\",\"position\":1,\"name\":\"Home\",\"item\":\"https:\\\/\\\/riseandwarm.com\\\/tr\\\/\"},{\"@type\":\"ListItem\",\"position\":2,\"name\":\"Ma\u011faza\",\"item\":\"https:\\\/\\\/riseandwarm.com\\\/tr\\\/magaza\\\/\"},{\"@type\":\"ListItem\",\"position\":3,\"name\":\"Surikata Linen Jacket\"}]},{\"@type\":\"WebSite\",\"@id\":\"https:\\\/\\\/riseandwarm.com\\\/tr\\\/#website\",\"url\":\"https:\\\/\\\/riseandwarm.com\\\/tr\\\/\",\"name\":\"Rise | Warm\",\"description\":\"Free your self\",\"potentialAction\":[{\"@type\":\"SearchAction\",\"target\":{\"@type\":\"EntryPoint\",\"urlTemplate\":\"https:\\\/\\\/riseandwarm.com\\\/tr\\\/?s={search_term_string}\"},\"query-input\":{\"@type\":\"PropertyValueSpecification\",\"valueRequired\":true,\"valueName\":\"search_term_string\"}}],\"inLanguage\":\"tr\"}]}<\/script>\n<!-- \/ Yoast SEO plugin. -->","yoast_head_json":{"title":"Surikata Linen Jacket - Rise & Warm","description":"Surikata Linen Jacket ve di\u011fer t\u00fcm \u00fcr\u00fcnlerimiz i\u00e7in Rise & Warm adresini hemen ziyaret edin. H\u0131zl\u0131 kargo ve g\u00fcvenli al\u0131\u015fveri\u015f!","robots":{"index":"index","follow":"follow","max-snippet":"max-snippet:-1","max-image-preview":"max-image-preview:large","max-video-preview":"max-video-preview:-1"},"canonical":"https:\/\/riseandwarm.com\/tr\/urun\/surikata-keten-ceket-beyaz\/","og_locale":"tr_TR","og_type":"article","og_title":"Surikata Linen Jacket - Rise & Warm","og_description":"Surikata Linen Jacket ve di\u011fer t\u00fcm \u00fcr\u00fcnlerimiz i\u00e7in Rise & Warm adresini hemen ziyaret edin. H\u0131zl\u0131 kargo ve g\u00fcvenli al\u0131\u015fveri\u015f!","og_url":"https:\/\/riseandwarm.com\/tr\/urun\/surikata-keten-ceket-beyaz\/","og_site_name":"Rise | Warm","article_modified_time":"2025-11-29T11:34:25+00:00","og_image":[{"width":1000,"height":1500,"url":"https:\/\/riseandwarm.com\/wp-content\/uploads\/2023\/06\/SurikataCeketBeyaz-Imaj1.jpg","type":"image\/jpeg"}],"twitter_card":"summary_large_image","twitter_misc":{"Tahmini okuma s\u00fcresi":"1 dakika"},"schema":{"@context":"https:\/\/schema.org","@graph":[{"@type":"WebPage","@id":"https:\/\/riseandwarm.com\/tr\/urun\/surikata-keten-ceket-beyaz\/","url":"https:\/\/riseandwarm.com\/tr\/urun\/surikata-keten-ceket-beyaz\/","name":"Surikata Linen Jacket - Rise & Warm","isPartOf":{"@id":"https:\/\/riseandwarm.com\/tr\/#website"},"primaryImageOfPage":{"@id":"https:\/\/riseandwarm.com\/tr\/urun\/surikata-keten-ceket-beyaz\/#primaryimage"},"image":{"@id":"https:\/\/riseandwarm.com\/tr\/urun\/surikata-keten-ceket-beyaz\/#primaryimage"},"thumbnailUrl":"https:\/\/riseandwarm.com\/wp-content\/uploads\/2023\/06\/SurikataCeketBeyaz-Imaj1.jpg","datePublished":"2023-06-23T14:47:02+00:00","dateModified":"2025-11-29T11:34:25+00:00","description":"Surikata Linen Jacket ve di\u011fer t\u00fcm \u00fcr\u00fcnlerimiz i\u00e7in Rise & Warm adresini hemen ziyaret edin. H\u0131zl\u0131 kargo ve g\u00fcvenli al\u0131\u015fveri\u015f!","breadcrumb":{"@id":"https:\/\/riseandwarm.com\/tr\/urun\/surikata-keten-ceket-beyaz\/#breadcrumb"},"inLanguage":"tr","potentialAction":[{"@type":"ReadAction","target":["https:\/\/riseandwarm.com\/tr\/urun\/surikata-keten-ceket-beyaz\/"]}]},{"@type":"ImageObject","inLanguage":"tr","@id":"https:\/\/riseandwarm.com\/tr\/urun\/surikata-keten-ceket-beyaz\/#primaryimage","url":"https:\/\/riseandwarm.com\/wp-content\/uploads\/2023\/06\/SurikataCeketBeyaz-Imaj1.jpg","contentUrl":"https:\/\/riseandwarm.com\/wp-content\/uploads\/2023\/06\/SurikataCeketBeyaz-Imaj1.jpg","width":1000,"height":1500},{"@type":"BreadcrumbList","@id":"https:\/\/riseandwarm.com\/tr\/urun\/surikata-keten-ceket-beyaz\/#breadcrumb","itemListElement":[{"@type":"ListItem","position":1,"name":"Home","item":"https:\/\/riseandwarm.com\/tr\/"},{"@type":"ListItem","position":2,"name":"Ma\u011faza","item":"https:\/\/riseandwarm.com\/tr\/magaza\/"},{"@type":"ListItem","position":3,"name":"Surikata Linen Jacket"}]},{"@type":"WebSite","@id":"https:\/\/riseandwarm.com\/tr\/#website","url":"https:\/\/riseandwarm.com\/tr\/","name":"Rise | Warm","description":"Free your self","potentialAction":[{"@type":"SearchAction","target":{"@type":"EntryPoint","urlTemplate":"https:\/\/riseandwarm.com\/tr\/?s={search_term_string}"},"query-input":{"@type":"PropertyValueSpecification","valueRequired":true,"valueName":"search_term_string"}}],"inLanguage":"tr"}]}},"_links":{"self":[{"href":"https:\/\/riseandwarm.com\/tr\/wp-json\/wp\/v2\/product\/6537","targetHints":{"allow":["GET"]}}],"collection":[{"href":"https:\/\/riseandwarm.com\/tr\/wp-json\/wp\/v2\/product"}],"about":[{"href":"https:\/\/riseandwarm.com\/tr\/wp-json\/wp\/v2\/types\/product"}],"version-history":[{"count":3,"href":"https:\/\/riseandwarm.com\/tr\/wp-json\/wp\/v2\/product\/6537\/revisions"}],"predecessor-version":[{"id":24402,"href":"https:\/\/riseandwarm.com\/tr\/wp-json\/wp\/v2\/product\/6537\/revisions\/24402"}],"wp:featuredmedia":[{"embeddable":true,"href":"https:\/\/riseandwarm.com\/tr\/wp-json\/wp\/v2\/media\/6447"}],"wp:attachment":[{"href":"https:\/\/riseandwarm.com\/tr\/wp-json\/wp\/v2\/media?parent=6537"}],"wp:term":[{"taxonomy":"product_brand","embeddable":true,"href":"https:\/\/riseandwarm.com\/tr\/wp-json\/wp\/v2\/product_brand?post=6537"},{"taxonomy":"product_cat","embeddable":true,"href":"https:\/\/riseandwarm.com\/tr\/wp-json\/wp\/v2\/product_cat?post=6537"},{"taxonomy":"product_tag","embeddable":true,"href":"https:\/\/riseandwarm.com\/tr\/wp-json\/wp\/v2\/product_tag?post=6537"}],"curies":[{"name":"wp","href":"https:\/\/api.w.org\/{rel}","templated":true}]}}