{"id":6173,"date":"2023-06-22T15:13:37","date_gmt":"2023-06-22T15:13:37","guid":{"rendered":"https:\/\/riseandwarm.com\/?post_type=product&#038;p=6173"},"modified":"2025-11-29T11:49:49","modified_gmt":"2025-11-29T11:49:49","slug":"oasis-elbise","status":"publish","type":"product","link":"https:\/\/riseandwarm.com\/tr\/urun\/oasis-elbise\/","title":{"rendered":"Oasis Dress"},"content":{"rendered":"<p>The Oasis (Vaha) dress, crafted from brown silk viscose, is a stunning piece that exudes elegance. With its deep back and neckline, it offers a touch of allure. The dress is designed to be long, creating a graceful silhouette.<\/p>\n<p>Featuring adjustable ties at the waist and neckline, the Oasis dress offers versatile styling options, allowing you to customize your look. Whether you&#8217;re dressing it up for a night out or keeping it casual for daytime wear, this dress effortlessly transitions from day to night.<\/p>\n<p>The Oasis dress is a versatile and timeless piece that can be worn for various occasions. Its exquisite design and luxurious fabric make it a standout choice, reflecting both sophistication and a sense of comfort. Embrace the oasis and let this dress become a staple in your wardrobe.<\/p>\n<p>Model : HEIGHT 176 \/ BUST 81 \/ WAIST 64 \/ HIPS 89<\/p>\n<p>Kahverengi ipek viskon kuma\u015ftan tasarlad\u0131\u011f\u0131m\u0131z Oasis (Vaha) elbisesi, zarafetiyle \u00f6n plana \u00e7\u0131kan etkileyici bir par\u00e7ad\u0131r. Derin s\u0131rt ve g\u00f6\u011f\u00fcs dekolteleriyle cazibeli bir g\u00f6r\u00fcn\u00fcm sunar. Elbisenin uzun boyu, zarif bir sil\u00fcet olu\u015fturur.<\/p>\n<p>Oasis elbisesi, bel ve boyun k\u0131s\u0131mlar\u0131nda ba\u011flama detaylar\u0131na sahiptir, b\u00f6ylece farkl\u0131 stiller yaratman\u0131z\u0131 sa\u011flar. G\u00fcnd\u00fcz \u015f\u0131kl\u0131\u011f\u0131ndan geceye uygun bir tarza kadar \u00e7e\u015fitli kombinasyonlarla kullanabilirsiniz.<\/p>\n<p>Oasis elbisesi, \u00e7e\u015fitli etkinlikler i\u00e7in uygun ve zamans\u0131z bir par\u00e7ad\u0131r. \u0130hti\u015faml\u0131 tasar\u0131m\u0131 ve l\u00fcks kuma\u015f\u0131yla dikkat \u00e7eker, hem sofistike bir tarz\u0131 yans\u0131t\u0131r hem de rahatl\u0131k hissi verir. Vaha&#8217;n\u0131n b\u00fcy\u00fcs\u00fcne kap\u0131l\u0131n ve bu elbiseyi gard\u0131robunuzun vazge\u00e7ilmez bir par\u00e7as\u0131 haline getirin.<\/p>\n","protected":false},"excerpt":{"rendered":"<p>The Oasis (Vaha) dress, crafted from brown silk viscose, is a stunning piece that exudes elegance. With its deep back<\/p>\n","protected":false},"featured_media":6031,"template":"","meta":[],"product_brand":[],"product_cat":[106,383,273],"product_tag":[],"class_list":{"0":"post-6173","1":"product","2":"type-product","3":"status-publish","4":"has-post-thumbnail","6":"product_cat-elbise-modelleri","7":"product_cat-gece-elbiseleri","8":"product_cat-ozel-fiyatlar","10":"first","11":"instock","12":"sale","13":"shipping-taxable","14":"purchasable","15":"product-type-simple"},"yoast_head":"<!-- This site is optimized with the Yoast SEO plugin v27.4 - https:\/\/yoast.com\/product\/yoast-seo-wordpress\/ -->\n<title>Oasis Dress - Rise &amp; Warm<\/title>\n<meta name=\"description\" content=\"Oasis Dress ve di\u011fer t\u00fcm \u00fcr\u00fcnlerimiz i\u00e7in Rise &amp; Warm adresini hemen ziyaret edin. H\u0131zl\u0131 kargo ve g\u00fcvenli al\u0131\u015fveri\u015f!\" \/>\n<meta name=\"robots\" content=\"index, follow, max-snippet:-1, max-image-preview:large, max-video-preview:-1\" \/>\n<link rel=\"canonical\" href=\"https:\/\/riseandwarm.com\/tr\/urun\/oasis-elbise\/\" \/>\n<meta property=\"og:locale\" content=\"tr_TR\" \/>\n<meta property=\"og:type\" content=\"article\" \/>\n<meta property=\"og:title\" content=\"Oasis Dress - Rise &amp; Warm\" \/>\n<meta property=\"og:description\" content=\"Oasis Dress ve di\u011fer t\u00fcm \u00fcr\u00fcnlerimiz i\u00e7in Rise &amp; Warm adresini hemen ziyaret edin. H\u0131zl\u0131 kargo ve g\u00fcvenli al\u0131\u015fveri\u015f!\" \/>\n<meta property=\"og:url\" content=\"https:\/\/riseandwarm.com\/tr\/urun\/oasis-elbise\/\" \/>\n<meta property=\"og:site_name\" content=\"Rise | Warm\" \/>\n<meta property=\"article:modified_time\" content=\"2025-11-29T11:49:49+00:00\" \/>\n<meta property=\"og:image\" content=\"https:\/\/riseandwarm.com\/wp-content\/uploads\/2023\/06\/OasisElbise-Imaj4.jpg\" \/>\n\t<meta property=\"og:image:width\" content=\"1000\" \/>\n\t<meta property=\"og:image:height\" content=\"1500\" \/>\n\t<meta property=\"og:image:type\" content=\"image\/jpeg\" \/>\n<meta name=\"twitter:card\" content=\"summary_large_image\" \/>\n<meta name=\"twitter:label1\" content=\"Tahmini okuma s\u00fcresi\" \/>\n\t<meta name=\"twitter:data1\" content=\"2 dakika\" \/>\n<script type=\"application\/ld+json\" class=\"yoast-schema-graph\">{\"@context\":\"https:\\\/\\\/schema.org\",\"@graph\":[{\"@type\":\"WebPage\",\"@id\":\"https:\\\/\\\/riseandwarm.com\\\/tr\\\/urun\\\/oasis-elbise\\\/\",\"url\":\"https:\\\/\\\/riseandwarm.com\\\/tr\\\/urun\\\/oasis-elbise\\\/\",\"name\":\"Oasis Dress - Rise & Warm\",\"isPartOf\":{\"@id\":\"https:\\\/\\\/riseandwarm.com\\\/tr\\\/#website\"},\"primaryImageOfPage\":{\"@id\":\"https:\\\/\\\/riseandwarm.com\\\/tr\\\/urun\\\/oasis-elbise\\\/#primaryimage\"},\"image\":{\"@id\":\"https:\\\/\\\/riseandwarm.com\\\/tr\\\/urun\\\/oasis-elbise\\\/#primaryimage\"},\"thumbnailUrl\":\"https:\\\/\\\/riseandwarm.com\\\/wp-content\\\/uploads\\\/2023\\\/06\\\/OasisElbise-Imaj4.jpg\",\"datePublished\":\"2023-06-22T15:13:37+00:00\",\"dateModified\":\"2025-11-29T11:49:49+00:00\",\"description\":\"Oasis Dress ve di\u011fer t\u00fcm \u00fcr\u00fcnlerimiz i\u00e7in Rise & Warm adresini hemen ziyaret edin. H\u0131zl\u0131 kargo ve g\u00fcvenli al\u0131\u015fveri\u015f!\",\"breadcrumb\":{\"@id\":\"https:\\\/\\\/riseandwarm.com\\\/tr\\\/urun\\\/oasis-elbise\\\/#breadcrumb\"},\"inLanguage\":\"tr\",\"potentialAction\":[{\"@type\":\"ReadAction\",\"target\":[\"https:\\\/\\\/riseandwarm.com\\\/tr\\\/urun\\\/oasis-elbise\\\/\"]}]},{\"@type\":\"ImageObject\",\"inLanguage\":\"tr\",\"@id\":\"https:\\\/\\\/riseandwarm.com\\\/tr\\\/urun\\\/oasis-elbise\\\/#primaryimage\",\"url\":\"https:\\\/\\\/riseandwarm.com\\\/wp-content\\\/uploads\\\/2023\\\/06\\\/OasisElbise-Imaj4.jpg\",\"contentUrl\":\"https:\\\/\\\/riseandwarm.com\\\/wp-content\\\/uploads\\\/2023\\\/06\\\/OasisElbise-Imaj4.jpg\",\"width\":1000,\"height\":1500},{\"@type\":\"BreadcrumbList\",\"@id\":\"https:\\\/\\\/riseandwarm.com\\\/tr\\\/urun\\\/oasis-elbise\\\/#breadcrumb\",\"itemListElement\":[{\"@type\":\"ListItem\",\"position\":1,\"name\":\"Home\",\"item\":\"https:\\\/\\\/riseandwarm.com\\\/tr\\\/\"},{\"@type\":\"ListItem\",\"position\":2,\"name\":\"Ma\u011faza\",\"item\":\"https:\\\/\\\/riseandwarm.com\\\/tr\\\/magaza\\\/\"},{\"@type\":\"ListItem\",\"position\":3,\"name\":\"Oasis Dress\"}]},{\"@type\":\"WebSite\",\"@id\":\"https:\\\/\\\/riseandwarm.com\\\/tr\\\/#website\",\"url\":\"https:\\\/\\\/riseandwarm.com\\\/tr\\\/\",\"name\":\"Rise | Warm\",\"description\":\"Free your self\",\"potentialAction\":[{\"@type\":\"SearchAction\",\"target\":{\"@type\":\"EntryPoint\",\"urlTemplate\":\"https:\\\/\\\/riseandwarm.com\\\/tr\\\/?s={search_term_string}\"},\"query-input\":{\"@type\":\"PropertyValueSpecification\",\"valueRequired\":true,\"valueName\":\"search_term_string\"}}],\"inLanguage\":\"tr\"}]}<\/script>\n<!-- \/ Yoast SEO plugin. -->","yoast_head_json":{"title":"Oasis Dress - Rise & Warm","description":"Oasis Dress ve di\u011fer t\u00fcm \u00fcr\u00fcnlerimiz i\u00e7in Rise & Warm adresini hemen ziyaret edin. H\u0131zl\u0131 kargo ve g\u00fcvenli al\u0131\u015fveri\u015f!","robots":{"index":"index","follow":"follow","max-snippet":"max-snippet:-1","max-image-preview":"max-image-preview:large","max-video-preview":"max-video-preview:-1"},"canonical":"https:\/\/riseandwarm.com\/tr\/urun\/oasis-elbise\/","og_locale":"tr_TR","og_type":"article","og_title":"Oasis Dress - Rise & Warm","og_description":"Oasis Dress ve di\u011fer t\u00fcm \u00fcr\u00fcnlerimiz i\u00e7in Rise & Warm adresini hemen ziyaret edin. H\u0131zl\u0131 kargo ve g\u00fcvenli al\u0131\u015fveri\u015f!","og_url":"https:\/\/riseandwarm.com\/tr\/urun\/oasis-elbise\/","og_site_name":"Rise | Warm","article_modified_time":"2025-11-29T11:49:49+00:00","og_image":[{"width":1000,"height":1500,"url":"https:\/\/riseandwarm.com\/wp-content\/uploads\/2023\/06\/OasisElbise-Imaj4.jpg","type":"image\/jpeg"}],"twitter_card":"summary_large_image","twitter_misc":{"Tahmini okuma s\u00fcresi":"2 dakika"},"schema":{"@context":"https:\/\/schema.org","@graph":[{"@type":"WebPage","@id":"https:\/\/riseandwarm.com\/tr\/urun\/oasis-elbise\/","url":"https:\/\/riseandwarm.com\/tr\/urun\/oasis-elbise\/","name":"Oasis Dress - Rise & Warm","isPartOf":{"@id":"https:\/\/riseandwarm.com\/tr\/#website"},"primaryImageOfPage":{"@id":"https:\/\/riseandwarm.com\/tr\/urun\/oasis-elbise\/#primaryimage"},"image":{"@id":"https:\/\/riseandwarm.com\/tr\/urun\/oasis-elbise\/#primaryimage"},"thumbnailUrl":"https:\/\/riseandwarm.com\/wp-content\/uploads\/2023\/06\/OasisElbise-Imaj4.jpg","datePublished":"2023-06-22T15:13:37+00:00","dateModified":"2025-11-29T11:49:49+00:00","description":"Oasis Dress ve di\u011fer t\u00fcm \u00fcr\u00fcnlerimiz i\u00e7in Rise & Warm adresini hemen ziyaret edin. H\u0131zl\u0131 kargo ve g\u00fcvenli al\u0131\u015fveri\u015f!","breadcrumb":{"@id":"https:\/\/riseandwarm.com\/tr\/urun\/oasis-elbise\/#breadcrumb"},"inLanguage":"tr","potentialAction":[{"@type":"ReadAction","target":["https:\/\/riseandwarm.com\/tr\/urun\/oasis-elbise\/"]}]},{"@type":"ImageObject","inLanguage":"tr","@id":"https:\/\/riseandwarm.com\/tr\/urun\/oasis-elbise\/#primaryimage","url":"https:\/\/riseandwarm.com\/wp-content\/uploads\/2023\/06\/OasisElbise-Imaj4.jpg","contentUrl":"https:\/\/riseandwarm.com\/wp-content\/uploads\/2023\/06\/OasisElbise-Imaj4.jpg","width":1000,"height":1500},{"@type":"BreadcrumbList","@id":"https:\/\/riseandwarm.com\/tr\/urun\/oasis-elbise\/#breadcrumb","itemListElement":[{"@type":"ListItem","position":1,"name":"Home","item":"https:\/\/riseandwarm.com\/tr\/"},{"@type":"ListItem","position":2,"name":"Ma\u011faza","item":"https:\/\/riseandwarm.com\/tr\/magaza\/"},{"@type":"ListItem","position":3,"name":"Oasis Dress"}]},{"@type":"WebSite","@id":"https:\/\/riseandwarm.com\/tr\/#website","url":"https:\/\/riseandwarm.com\/tr\/","name":"Rise | Warm","description":"Free your self","potentialAction":[{"@type":"SearchAction","target":{"@type":"EntryPoint","urlTemplate":"https:\/\/riseandwarm.com\/tr\/?s={search_term_string}"},"query-input":{"@type":"PropertyValueSpecification","valueRequired":true,"valueName":"search_term_string"}}],"inLanguage":"tr"}]}},"_links":{"self":[{"href":"https:\/\/riseandwarm.com\/tr\/wp-json\/wp\/v2\/product\/6173","targetHints":{"allow":["GET"]}}],"collection":[{"href":"https:\/\/riseandwarm.com\/tr\/wp-json\/wp\/v2\/product"}],"about":[{"href":"https:\/\/riseandwarm.com\/tr\/wp-json\/wp\/v2\/types\/product"}],"version-history":[{"count":4,"href":"https:\/\/riseandwarm.com\/tr\/wp-json\/wp\/v2\/product\/6173\/revisions"}],"predecessor-version":[{"id":24469,"href":"https:\/\/riseandwarm.com\/tr\/wp-json\/wp\/v2\/product\/6173\/revisions\/24469"}],"wp:featuredmedia":[{"embeddable":true,"href":"https:\/\/riseandwarm.com\/tr\/wp-json\/wp\/v2\/media\/6031"}],"wp:attachment":[{"href":"https:\/\/riseandwarm.com\/tr\/wp-json\/wp\/v2\/media?parent=6173"}],"wp:term":[{"taxonomy":"product_brand","embeddable":true,"href":"https:\/\/riseandwarm.com\/tr\/wp-json\/wp\/v2\/product_brand?post=6173"},{"taxonomy":"product_cat","embeddable":true,"href":"https:\/\/riseandwarm.com\/tr\/wp-json\/wp\/v2\/product_cat?post=6173"},{"taxonomy":"product_tag","embeddable":true,"href":"https:\/\/riseandwarm.com\/tr\/wp-json\/wp\/v2\/product_tag?post=6173"}],"curies":[{"name":"wp","href":"https:\/\/api.w.org\/{rel}","templated":true}]}}