{"id":6171,"date":"2023-06-22T15:01:54","date_gmt":"2023-06-22T15:01:54","guid":{"rendered":"https:\/\/riseandwarm.com\/?post_type=product&#038;p=6171"},"modified":"2025-11-29T11:50:56","modified_gmt":"2025-11-29T11:50:56","slug":"sand-serpent-kalem-etek-bustiyer-takim","status":"publish","type":"product","link":"https:\/\/riseandwarm.com\/tr\/urun\/sand-serpent-kalem-etek-bustiyer-takim\/","title":{"rendered":"Sand Serpent Skirt Bustier Set"},"content":{"rendered":"<p>Introducing our proudly presented Sand Serpent ensemble, consisting of a high-waisted pencil skirt and a one-shoulder tied bustier. Crafted from a delicate embroidered fabric that reveals a hint of allure. The lined version offers versatile styling options for various combinations.<\/p>\n<p>Sand Serpent ensemble aims to make a statement, showcasing a bold and daring aesthetic with its distinctive combination of revealing embroidered fabric and a captivating silhouette. It is perfect for those who embrace individuality and are unafraid of being noticed.<\/p>\n<p>For those seeking versatility, the Sand Serpent ensemble provides an additional lining option, allowing you to personalize your look and explore various styling possibilities.<\/p>\n<p>Step into the Sand Serpent ensemble and unleash your inner confidence and charm with its captivating design and impeccable craftsmanship.<\/p>\n<p>Model : HEIGHT 172 \/ BUST 83 \/ WAIST 62 \/ HIPS 91M<\/p>\n<p>Tan\u0131t\u0131m\u0131m\u0131z\u0131 yapmaktan gurur duydu\u011fumuz Sand Serpent (Kum Y\u0131lan\u0131) tak\u0131m\u0131, y\u00fcksek bel kalem etek ve tek kollu ba\u011flamal\u0131 b\u00fcstiyerden olu\u015fuyor. \u0130\u00e7 g\u00f6steren i\u015flemeli hafif bir kuma\u015f kullan\u0131lm\u0131\u015ft\u0131r. Astarl\u0131 versiyonuyla kombinlere a\u00e7\u0131k bir model.<\/p>\n<p>Sand Serpent tak\u0131m\u0131, dikkat \u00e7ekici bir ifade yaratmay\u0131 hedefliyor. \u0130\u00e7 g\u00f6steren i\u015flemeli kuma\u015f\u0131n benzersiz sil\u00fcetle birle\u015fimi, cesur ve iddial\u0131 bir esteti\u011fi sergiliyor. Kendine \u00f6zg\u00fcnl\u00fc\u011f\u00fcn\u00fc benimseyen ve fark edilmekten \u00e7ekinmeyenler i\u00e7in idealdir.<\/p>\n<p>\u00c7e\u015fitlilik arayanlar i\u00e7in, Sand Serpent tak\u0131m\u0131 ek bir astar se\u00e7ene\u011fi sunuyor. Bu sayede g\u00f6r\u00fcn\u00fcm\u00fcn\u00fcz\u00fc ki\u015fiselle\u015ftirip \u00e7e\u015fitli tarz olanaklar\u0131n\u0131 ke\u015ffedebilirsiniz.<\/p>\n<p>Sand Serpent tak\u0131m\u0131na ad\u0131m at\u0131n ve etkileyici tasar\u0131m\u0131 ve kusursuz i\u015f\u00e7ili\u011fiyle i\u00e7sel \u00f6zg\u00fcveninizi ve cazibenizi ortaya \u00e7\u0131kar\u0131n.<\/p>\n<p>&nbsp;<\/p>\n<p>&nbsp;<\/p>\n","protected":false},"excerpt":{"rendered":"<p>Introducing our proudly presented Sand Serpent ensemble, consisting of a high-waisted pencil skirt and a one-shoulder tied bustier. Crafted from<\/p>\n","protected":false},"featured_media":7803,"template":"","meta":[],"product_brand":[],"product_cat":[106,273],"product_tag":[],"class_list":{"0":"post-6171","1":"product","2":"type-product","3":"status-publish","4":"has-post-thumbnail","6":"product_cat-elbise-modelleri","7":"product_cat-ozel-fiyatlar","9":"first","10":"instock","11":"sale","12":"shipping-taxable","13":"purchasable","14":"product-type-simple"},"yoast_head":"<!-- This site is optimized with the Yoast SEO plugin v27.4 - https:\/\/yoast.com\/product\/yoast-seo-wordpress\/ -->\n<title>Sand Serpent Skirt Bustier Set - Rise &amp; Warm<\/title>\n<meta name=\"description\" content=\"Sand Serpent Skirt Bustier Set ve di\u011fer t\u00fcm \u00fcr\u00fcnlerimiz i\u00e7in Rise &amp; Warm adresini hemen ziyaret edin. H\u0131zl\u0131 kargo ve g\u00fcvenli al\u0131\u015fveri\u015f!\" \/>\n<meta name=\"robots\" content=\"index, follow, max-snippet:-1, max-image-preview:large, max-video-preview:-1\" \/>\n<link rel=\"canonical\" href=\"https:\/\/riseandwarm.com\/tr\/urun\/sand-serpent-kalem-etek-bustiyer-takim\/\" \/>\n<meta property=\"og:locale\" content=\"tr_TR\" \/>\n<meta property=\"og:type\" content=\"article\" \/>\n<meta property=\"og:title\" content=\"Sand Serpent Skirt Bustier Set - Rise &amp; Warm\" \/>\n<meta property=\"og:description\" content=\"Sand Serpent Skirt Bustier Set ve di\u011fer t\u00fcm \u00fcr\u00fcnlerimiz i\u00e7in Rise &amp; Warm adresini hemen ziyaret edin. H\u0131zl\u0131 kargo ve g\u00fcvenli al\u0131\u015fveri\u015f!\" \/>\n<meta property=\"og:url\" content=\"https:\/\/riseandwarm.com\/tr\/urun\/sand-serpent-kalem-etek-bustiyer-takim\/\" \/>\n<meta property=\"og:site_name\" content=\"Rise | Warm\" \/>\n<meta property=\"article:modified_time\" content=\"2025-11-29T11:50:56+00:00\" \/>\n<meta property=\"og:image\" content=\"https:\/\/riseandwarm.com\/wp-content\/uploads\/2024\/03\/SandSerpent1.jpeg\" \/>\n\t<meta property=\"og:image:width\" content=\"1000\" \/>\n\t<meta property=\"og:image:height\" content=\"1500\" \/>\n\t<meta property=\"og:image:type\" content=\"image\/jpeg\" \/>\n<meta name=\"twitter:card\" content=\"summary_large_image\" \/>\n<meta name=\"twitter:label1\" content=\"Tahmini okuma s\u00fcresi\" \/>\n\t<meta name=\"twitter:data1\" content=\"2 dakika\" \/>\n<script type=\"application\/ld+json\" class=\"yoast-schema-graph\">{\"@context\":\"https:\\\/\\\/schema.org\",\"@graph\":[{\"@type\":\"WebPage\",\"@id\":\"https:\\\/\\\/riseandwarm.com\\\/tr\\\/urun\\\/sand-serpent-kalem-etek-bustiyer-takim\\\/\",\"url\":\"https:\\\/\\\/riseandwarm.com\\\/tr\\\/urun\\\/sand-serpent-kalem-etek-bustiyer-takim\\\/\",\"name\":\"Sand Serpent Skirt Bustier Set - Rise & Warm\",\"isPartOf\":{\"@id\":\"https:\\\/\\\/riseandwarm.com\\\/tr\\\/#website\"},\"primaryImageOfPage\":{\"@id\":\"https:\\\/\\\/riseandwarm.com\\\/tr\\\/urun\\\/sand-serpent-kalem-etek-bustiyer-takim\\\/#primaryimage\"},\"image\":{\"@id\":\"https:\\\/\\\/riseandwarm.com\\\/tr\\\/urun\\\/sand-serpent-kalem-etek-bustiyer-takim\\\/#primaryimage\"},\"thumbnailUrl\":\"https:\\\/\\\/riseandwarm.com\\\/wp-content\\\/uploads\\\/2024\\\/03\\\/SandSerpent1.jpeg\",\"datePublished\":\"2023-06-22T15:01:54+00:00\",\"dateModified\":\"2025-11-29T11:50:56+00:00\",\"description\":\"Sand Serpent Skirt Bustier Set ve di\u011fer t\u00fcm \u00fcr\u00fcnlerimiz i\u00e7in Rise & Warm adresini hemen ziyaret edin. H\u0131zl\u0131 kargo ve g\u00fcvenli al\u0131\u015fveri\u015f!\",\"breadcrumb\":{\"@id\":\"https:\\\/\\\/riseandwarm.com\\\/tr\\\/urun\\\/sand-serpent-kalem-etek-bustiyer-takim\\\/#breadcrumb\"},\"inLanguage\":\"tr\",\"potentialAction\":[{\"@type\":\"ReadAction\",\"target\":[\"https:\\\/\\\/riseandwarm.com\\\/tr\\\/urun\\\/sand-serpent-kalem-etek-bustiyer-takim\\\/\"]}]},{\"@type\":\"ImageObject\",\"inLanguage\":\"tr\",\"@id\":\"https:\\\/\\\/riseandwarm.com\\\/tr\\\/urun\\\/sand-serpent-kalem-etek-bustiyer-takim\\\/#primaryimage\",\"url\":\"https:\\\/\\\/riseandwarm.com\\\/wp-content\\\/uploads\\\/2024\\\/03\\\/SandSerpent1.jpeg\",\"contentUrl\":\"https:\\\/\\\/riseandwarm.com\\\/wp-content\\\/uploads\\\/2024\\\/03\\\/SandSerpent1.jpeg\",\"width\":1000,\"height\":1500},{\"@type\":\"BreadcrumbList\",\"@id\":\"https:\\\/\\\/riseandwarm.com\\\/tr\\\/urun\\\/sand-serpent-kalem-etek-bustiyer-takim\\\/#breadcrumb\",\"itemListElement\":[{\"@type\":\"ListItem\",\"position\":1,\"name\":\"Home\",\"item\":\"https:\\\/\\\/riseandwarm.com\\\/tr\\\/\"},{\"@type\":\"ListItem\",\"position\":2,\"name\":\"Ma\u011faza\",\"item\":\"https:\\\/\\\/riseandwarm.com\\\/tr\\\/magaza\\\/\"},{\"@type\":\"ListItem\",\"position\":3,\"name\":\"Sand Serpent Skirt Bustier Set\"}]},{\"@type\":\"WebSite\",\"@id\":\"https:\\\/\\\/riseandwarm.com\\\/tr\\\/#website\",\"url\":\"https:\\\/\\\/riseandwarm.com\\\/tr\\\/\",\"name\":\"Rise | Warm\",\"description\":\"Free your self\",\"potentialAction\":[{\"@type\":\"SearchAction\",\"target\":{\"@type\":\"EntryPoint\",\"urlTemplate\":\"https:\\\/\\\/riseandwarm.com\\\/tr\\\/?s={search_term_string}\"},\"query-input\":{\"@type\":\"PropertyValueSpecification\",\"valueRequired\":true,\"valueName\":\"search_term_string\"}}],\"inLanguage\":\"tr\"}]}<\/script>\n<!-- \/ Yoast SEO plugin. -->","yoast_head_json":{"title":"Sand Serpent Skirt Bustier Set - Rise & Warm","description":"Sand Serpent Skirt Bustier Set ve di\u011fer t\u00fcm \u00fcr\u00fcnlerimiz i\u00e7in Rise & Warm adresini hemen ziyaret edin. H\u0131zl\u0131 kargo ve g\u00fcvenli al\u0131\u015fveri\u015f!","robots":{"index":"index","follow":"follow","max-snippet":"max-snippet:-1","max-image-preview":"max-image-preview:large","max-video-preview":"max-video-preview:-1"},"canonical":"https:\/\/riseandwarm.com\/tr\/urun\/sand-serpent-kalem-etek-bustiyer-takim\/","og_locale":"tr_TR","og_type":"article","og_title":"Sand Serpent Skirt Bustier Set - Rise & Warm","og_description":"Sand Serpent Skirt Bustier Set ve di\u011fer t\u00fcm \u00fcr\u00fcnlerimiz i\u00e7in Rise & Warm adresini hemen ziyaret edin. H\u0131zl\u0131 kargo ve g\u00fcvenli al\u0131\u015fveri\u015f!","og_url":"https:\/\/riseandwarm.com\/tr\/urun\/sand-serpent-kalem-etek-bustiyer-takim\/","og_site_name":"Rise | Warm","article_modified_time":"2025-11-29T11:50:56+00:00","og_image":[{"width":1000,"height":1500,"url":"https:\/\/riseandwarm.com\/wp-content\/uploads\/2024\/03\/SandSerpent1.jpeg","type":"image\/jpeg"}],"twitter_card":"summary_large_image","twitter_misc":{"Tahmini okuma s\u00fcresi":"2 dakika"},"schema":{"@context":"https:\/\/schema.org","@graph":[{"@type":"WebPage","@id":"https:\/\/riseandwarm.com\/tr\/urun\/sand-serpent-kalem-etek-bustiyer-takim\/","url":"https:\/\/riseandwarm.com\/tr\/urun\/sand-serpent-kalem-etek-bustiyer-takim\/","name":"Sand Serpent Skirt Bustier Set - Rise & Warm","isPartOf":{"@id":"https:\/\/riseandwarm.com\/tr\/#website"},"primaryImageOfPage":{"@id":"https:\/\/riseandwarm.com\/tr\/urun\/sand-serpent-kalem-etek-bustiyer-takim\/#primaryimage"},"image":{"@id":"https:\/\/riseandwarm.com\/tr\/urun\/sand-serpent-kalem-etek-bustiyer-takim\/#primaryimage"},"thumbnailUrl":"https:\/\/riseandwarm.com\/wp-content\/uploads\/2024\/03\/SandSerpent1.jpeg","datePublished":"2023-06-22T15:01:54+00:00","dateModified":"2025-11-29T11:50:56+00:00","description":"Sand Serpent Skirt Bustier Set ve di\u011fer t\u00fcm \u00fcr\u00fcnlerimiz i\u00e7in Rise & Warm adresini hemen ziyaret edin. H\u0131zl\u0131 kargo ve g\u00fcvenli al\u0131\u015fveri\u015f!","breadcrumb":{"@id":"https:\/\/riseandwarm.com\/tr\/urun\/sand-serpent-kalem-etek-bustiyer-takim\/#breadcrumb"},"inLanguage":"tr","potentialAction":[{"@type":"ReadAction","target":["https:\/\/riseandwarm.com\/tr\/urun\/sand-serpent-kalem-etek-bustiyer-takim\/"]}]},{"@type":"ImageObject","inLanguage":"tr","@id":"https:\/\/riseandwarm.com\/tr\/urun\/sand-serpent-kalem-etek-bustiyer-takim\/#primaryimage","url":"https:\/\/riseandwarm.com\/wp-content\/uploads\/2024\/03\/SandSerpent1.jpeg","contentUrl":"https:\/\/riseandwarm.com\/wp-content\/uploads\/2024\/03\/SandSerpent1.jpeg","width":1000,"height":1500},{"@type":"BreadcrumbList","@id":"https:\/\/riseandwarm.com\/tr\/urun\/sand-serpent-kalem-etek-bustiyer-takim\/#breadcrumb","itemListElement":[{"@type":"ListItem","position":1,"name":"Home","item":"https:\/\/riseandwarm.com\/tr\/"},{"@type":"ListItem","position":2,"name":"Ma\u011faza","item":"https:\/\/riseandwarm.com\/tr\/magaza\/"},{"@type":"ListItem","position":3,"name":"Sand Serpent Skirt Bustier Set"}]},{"@type":"WebSite","@id":"https:\/\/riseandwarm.com\/tr\/#website","url":"https:\/\/riseandwarm.com\/tr\/","name":"Rise | Warm","description":"Free your self","potentialAction":[{"@type":"SearchAction","target":{"@type":"EntryPoint","urlTemplate":"https:\/\/riseandwarm.com\/tr\/?s={search_term_string}"},"query-input":{"@type":"PropertyValueSpecification","valueRequired":true,"valueName":"search_term_string"}}],"inLanguage":"tr"}]}},"_links":{"self":[{"href":"https:\/\/riseandwarm.com\/tr\/wp-json\/wp\/v2\/product\/6171","targetHints":{"allow":["GET"]}}],"collection":[{"href":"https:\/\/riseandwarm.com\/tr\/wp-json\/wp\/v2\/product"}],"about":[{"href":"https:\/\/riseandwarm.com\/tr\/wp-json\/wp\/v2\/types\/product"}],"version-history":[{"count":2,"href":"https:\/\/riseandwarm.com\/tr\/wp-json\/wp\/v2\/product\/6171\/revisions"}],"predecessor-version":[{"id":23102,"href":"https:\/\/riseandwarm.com\/tr\/wp-json\/wp\/v2\/product\/6171\/revisions\/23102"}],"wp:featuredmedia":[{"embeddable":true,"href":"https:\/\/riseandwarm.com\/tr\/wp-json\/wp\/v2\/media\/7803"}],"wp:attachment":[{"href":"https:\/\/riseandwarm.com\/tr\/wp-json\/wp\/v2\/media?parent=6171"}],"wp:term":[{"taxonomy":"product_brand","embeddable":true,"href":"https:\/\/riseandwarm.com\/tr\/wp-json\/wp\/v2\/product_brand?post=6171"},{"taxonomy":"product_cat","embeddable":true,"href":"https:\/\/riseandwarm.com\/tr\/wp-json\/wp\/v2\/product_cat?post=6171"},{"taxonomy":"product_tag","embeddable":true,"href":"https:\/\/riseandwarm.com\/tr\/wp-json\/wp\/v2\/product_tag?post=6171"}],"curies":[{"name":"wp","href":"https:\/\/api.w.org\/{rel}","templated":true}]}}