{"id":6170,"date":"2023-06-22T14:31:52","date_gmt":"2023-06-22T14:31:52","guid":{"rendered":"https:\/\/riseandwarm.com\/?post_type=product&#038;p=6170"},"modified":"2025-11-29T11:51:44","modified_gmt":"2025-11-29T11:51:44","slug":"solstice-kalem-etek-bustiyer-takim","status":"publish","type":"product","link":"https:\/\/riseandwarm.com\/tr\/urun\/solstice-kalem-etek-bustiyer-takim\/","title":{"rendered":"Solstice Skirt Bustier Set"},"content":{"rendered":"<p>Introducing Solstice, our high-waisted pencil skirt and minimalistic bustier set. Crafted from matte sequin leather-textured fabric, this set showcases a sleek black color and features a sheer lining that adds an alluring touch. An additional lining option is available upon request. The bustier is adorned with tulle shoulder details and a back tie, adding a delicate touch to the design.<\/p>\n<p>Solstice set draws inspiration from the natural beauty of Kalahari, as reflected in the carefully chosen names for our collection. With its high-waisted pencil skirt and minimalistic bustier combination, it effortlessly combines elegance and sophistication. This set is a perfect choice for special occasions and events, allowing you to showcase your unique style with confidence.<\/p>\n<p>Model : HEIGHT 176 \/ BUST 81 \/ WAIST 64 \/ HIPS 89<\/p>\n<p>Solstice ismini verdi\u011fimiz y\u00fcksek bel kalem etek ve minimal b\u00fcstiyer tak\u0131m\u0131. Bu tak\u0131m\u0131 tasarlarken mat payet deri dokulu kuma\u015f kullan\u0131yoruz. Tak\u0131m siyah renkte olup i\u00e7 g\u00f6steren bir t\u00fcl astarla tamamlanm\u0131\u015ft\u0131r. \u0130steyen m\u00fc\u015fterilerimize ilave astar se\u00e7ene\u011fi sunuyoruz.<br \/>\nB\u00fcstiyerin omuz detaylar\u0131 ve s\u0131rt ba\u011flama detay\u0131 ise t\u00fcl kuma\u015ftan yap\u0131lm\u0131\u015ft\u0131r.<\/p>\n<p>Solstice tak\u0131m\u0131, Kalahari&#8217;nin do\u011fas\u0131ndan ilham alarak se\u00e7ti\u011fimiz isimlerle koleksiyonumuza benzersiz bir dokunu\u015f kat\u0131yoruz. Y\u00fcksek bel kalem etek ve minimal b\u00fcstiyer kombinasyonuyla, \u015f\u0131kl\u0131\u011f\u0131 ve zarafeti bir araya getiriyoruz. Bu tak\u0131m, \u00f6zel etkinliklerde ve davetlerde stilinizi \u00f6n plana \u00e7\u0131karmak i\u00e7in m\u00fckemmel bir se\u00e7enek.<\/p>\n","protected":false},"excerpt":{"rendered":"<p>Introducing Solstice, our high-waisted pencil skirt and minimalistic bustier set. Crafted from matte sequin leather-textured fabric, this set showcases a<\/p>\n","protected":false},"featured_media":6079,"template":"","meta":[],"product_brand":[],"product_cat":[106,383,273],"product_tag":[],"class_list":{"0":"post-6170","1":"product","2":"type-product","3":"status-publish","4":"has-post-thumbnail","6":"product_cat-elbise-modelleri","7":"product_cat-gece-elbiseleri","8":"product_cat-ozel-fiyatlar","10":"first","11":"instock","12":"sale","13":"shipping-taxable","14":"purchasable","15":"product-type-simple"},"yoast_head":"<!-- This site is optimized with the Yoast SEO plugin v27.4 - https:\/\/yoast.com\/product\/yoast-seo-wordpress\/ -->\n<title>Solstice Skirt Bustier Set - Rise &amp; Warm<\/title>\n<meta name=\"description\" content=\"Solstice Skirt Bustier Set ve di\u011fer t\u00fcm \u00fcr\u00fcnlerimiz i\u00e7in Rise &amp; Warm adresini hemen ziyaret edin. H\u0131zl\u0131 kargo ve g\u00fcvenli al\u0131\u015fveri\u015f!\" \/>\n<meta name=\"robots\" content=\"index, follow, max-snippet:-1, max-image-preview:large, max-video-preview:-1\" \/>\n<link rel=\"canonical\" href=\"https:\/\/riseandwarm.com\/tr\/urun\/solstice-kalem-etek-bustiyer-takim\/\" \/>\n<meta property=\"og:locale\" content=\"tr_TR\" \/>\n<meta property=\"og:type\" content=\"article\" \/>\n<meta property=\"og:title\" content=\"Solstice Skirt Bustier Set - Rise &amp; Warm\" \/>\n<meta property=\"og:description\" content=\"Solstice Skirt Bustier Set ve di\u011fer t\u00fcm \u00fcr\u00fcnlerimiz i\u00e7in Rise &amp; Warm adresini hemen ziyaret edin. H\u0131zl\u0131 kargo ve g\u00fcvenli al\u0131\u015fveri\u015f!\" \/>\n<meta property=\"og:url\" content=\"https:\/\/riseandwarm.com\/tr\/urun\/solstice-kalem-etek-bustiyer-takim\/\" \/>\n<meta property=\"og:site_name\" content=\"Rise | Warm\" \/>\n<meta property=\"article:modified_time\" content=\"2025-11-29T11:51:44+00:00\" \/>\n<meta property=\"og:image\" content=\"https:\/\/riseandwarm.com\/wp-content\/uploads\/2023\/06\/SolsticaTakim-Imaj1.jpg\" \/>\n\t<meta property=\"og:image:width\" content=\"1000\" \/>\n\t<meta property=\"og:image:height\" content=\"1500\" \/>\n\t<meta property=\"og:image:type\" content=\"image\/jpeg\" \/>\n<meta name=\"twitter:card\" content=\"summary_large_image\" \/>\n<meta name=\"twitter:label1\" content=\"Tahmini okuma s\u00fcresi\" \/>\n\t<meta name=\"twitter:data1\" content=\"2 dakika\" \/>\n<script type=\"application\/ld+json\" class=\"yoast-schema-graph\">{\"@context\":\"https:\\\/\\\/schema.org\",\"@graph\":[{\"@type\":\"WebPage\",\"@id\":\"https:\\\/\\\/riseandwarm.com\\\/tr\\\/urun\\\/solstice-kalem-etek-bustiyer-takim\\\/\",\"url\":\"https:\\\/\\\/riseandwarm.com\\\/tr\\\/urun\\\/solstice-kalem-etek-bustiyer-takim\\\/\",\"name\":\"Solstice Skirt Bustier Set - Rise & Warm\",\"isPartOf\":{\"@id\":\"https:\\\/\\\/riseandwarm.com\\\/tr\\\/#website\"},\"primaryImageOfPage\":{\"@id\":\"https:\\\/\\\/riseandwarm.com\\\/tr\\\/urun\\\/solstice-kalem-etek-bustiyer-takim\\\/#primaryimage\"},\"image\":{\"@id\":\"https:\\\/\\\/riseandwarm.com\\\/tr\\\/urun\\\/solstice-kalem-etek-bustiyer-takim\\\/#primaryimage\"},\"thumbnailUrl\":\"https:\\\/\\\/riseandwarm.com\\\/wp-content\\\/uploads\\\/2023\\\/06\\\/SolsticaTakim-Imaj1.jpg\",\"datePublished\":\"2023-06-22T14:31:52+00:00\",\"dateModified\":\"2025-11-29T11:51:44+00:00\",\"description\":\"Solstice Skirt Bustier Set ve di\u011fer t\u00fcm \u00fcr\u00fcnlerimiz i\u00e7in Rise & Warm adresini hemen ziyaret edin. H\u0131zl\u0131 kargo ve g\u00fcvenli al\u0131\u015fveri\u015f!\",\"breadcrumb\":{\"@id\":\"https:\\\/\\\/riseandwarm.com\\\/tr\\\/urun\\\/solstice-kalem-etek-bustiyer-takim\\\/#breadcrumb\"},\"inLanguage\":\"tr\",\"potentialAction\":[{\"@type\":\"ReadAction\",\"target\":[\"https:\\\/\\\/riseandwarm.com\\\/tr\\\/urun\\\/solstice-kalem-etek-bustiyer-takim\\\/\"]}]},{\"@type\":\"ImageObject\",\"inLanguage\":\"tr\",\"@id\":\"https:\\\/\\\/riseandwarm.com\\\/tr\\\/urun\\\/solstice-kalem-etek-bustiyer-takim\\\/#primaryimage\",\"url\":\"https:\\\/\\\/riseandwarm.com\\\/wp-content\\\/uploads\\\/2023\\\/06\\\/SolsticaTakim-Imaj1.jpg\",\"contentUrl\":\"https:\\\/\\\/riseandwarm.com\\\/wp-content\\\/uploads\\\/2023\\\/06\\\/SolsticaTakim-Imaj1.jpg\",\"width\":1000,\"height\":1500},{\"@type\":\"BreadcrumbList\",\"@id\":\"https:\\\/\\\/riseandwarm.com\\\/tr\\\/urun\\\/solstice-kalem-etek-bustiyer-takim\\\/#breadcrumb\",\"itemListElement\":[{\"@type\":\"ListItem\",\"position\":1,\"name\":\"Home\",\"item\":\"https:\\\/\\\/riseandwarm.com\\\/tr\\\/\"},{\"@type\":\"ListItem\",\"position\":2,\"name\":\"Ma\u011faza\",\"item\":\"https:\\\/\\\/riseandwarm.com\\\/tr\\\/magaza\\\/\"},{\"@type\":\"ListItem\",\"position\":3,\"name\":\"Solstice Skirt Bustier Set\"}]},{\"@type\":\"WebSite\",\"@id\":\"https:\\\/\\\/riseandwarm.com\\\/tr\\\/#website\",\"url\":\"https:\\\/\\\/riseandwarm.com\\\/tr\\\/\",\"name\":\"Rise | Warm\",\"description\":\"Free your self\",\"potentialAction\":[{\"@type\":\"SearchAction\",\"target\":{\"@type\":\"EntryPoint\",\"urlTemplate\":\"https:\\\/\\\/riseandwarm.com\\\/tr\\\/?s={search_term_string}\"},\"query-input\":{\"@type\":\"PropertyValueSpecification\",\"valueRequired\":true,\"valueName\":\"search_term_string\"}}],\"inLanguage\":\"tr\"}]}<\/script>\n<!-- \/ Yoast SEO plugin. -->","yoast_head_json":{"title":"Solstice Skirt Bustier Set - Rise & Warm","description":"Solstice Skirt Bustier Set ve di\u011fer t\u00fcm \u00fcr\u00fcnlerimiz i\u00e7in Rise & Warm adresini hemen ziyaret edin. H\u0131zl\u0131 kargo ve g\u00fcvenli al\u0131\u015fveri\u015f!","robots":{"index":"index","follow":"follow","max-snippet":"max-snippet:-1","max-image-preview":"max-image-preview:large","max-video-preview":"max-video-preview:-1"},"canonical":"https:\/\/riseandwarm.com\/tr\/urun\/solstice-kalem-etek-bustiyer-takim\/","og_locale":"tr_TR","og_type":"article","og_title":"Solstice Skirt Bustier Set - Rise & Warm","og_description":"Solstice Skirt Bustier Set ve di\u011fer t\u00fcm \u00fcr\u00fcnlerimiz i\u00e7in Rise & Warm adresini hemen ziyaret edin. H\u0131zl\u0131 kargo ve g\u00fcvenli al\u0131\u015fveri\u015f!","og_url":"https:\/\/riseandwarm.com\/tr\/urun\/solstice-kalem-etek-bustiyer-takim\/","og_site_name":"Rise | Warm","article_modified_time":"2025-11-29T11:51:44+00:00","og_image":[{"width":1000,"height":1500,"url":"https:\/\/riseandwarm.com\/wp-content\/uploads\/2023\/06\/SolsticaTakim-Imaj1.jpg","type":"image\/jpeg"}],"twitter_card":"summary_large_image","twitter_misc":{"Tahmini okuma s\u00fcresi":"2 dakika"},"schema":{"@context":"https:\/\/schema.org","@graph":[{"@type":"WebPage","@id":"https:\/\/riseandwarm.com\/tr\/urun\/solstice-kalem-etek-bustiyer-takim\/","url":"https:\/\/riseandwarm.com\/tr\/urun\/solstice-kalem-etek-bustiyer-takim\/","name":"Solstice Skirt Bustier Set - Rise & Warm","isPartOf":{"@id":"https:\/\/riseandwarm.com\/tr\/#website"},"primaryImageOfPage":{"@id":"https:\/\/riseandwarm.com\/tr\/urun\/solstice-kalem-etek-bustiyer-takim\/#primaryimage"},"image":{"@id":"https:\/\/riseandwarm.com\/tr\/urun\/solstice-kalem-etek-bustiyer-takim\/#primaryimage"},"thumbnailUrl":"https:\/\/riseandwarm.com\/wp-content\/uploads\/2023\/06\/SolsticaTakim-Imaj1.jpg","datePublished":"2023-06-22T14:31:52+00:00","dateModified":"2025-11-29T11:51:44+00:00","description":"Solstice Skirt Bustier Set ve di\u011fer t\u00fcm \u00fcr\u00fcnlerimiz i\u00e7in Rise & Warm adresini hemen ziyaret edin. H\u0131zl\u0131 kargo ve g\u00fcvenli al\u0131\u015fveri\u015f!","breadcrumb":{"@id":"https:\/\/riseandwarm.com\/tr\/urun\/solstice-kalem-etek-bustiyer-takim\/#breadcrumb"},"inLanguage":"tr","potentialAction":[{"@type":"ReadAction","target":["https:\/\/riseandwarm.com\/tr\/urun\/solstice-kalem-etek-bustiyer-takim\/"]}]},{"@type":"ImageObject","inLanguage":"tr","@id":"https:\/\/riseandwarm.com\/tr\/urun\/solstice-kalem-etek-bustiyer-takim\/#primaryimage","url":"https:\/\/riseandwarm.com\/wp-content\/uploads\/2023\/06\/SolsticaTakim-Imaj1.jpg","contentUrl":"https:\/\/riseandwarm.com\/wp-content\/uploads\/2023\/06\/SolsticaTakim-Imaj1.jpg","width":1000,"height":1500},{"@type":"BreadcrumbList","@id":"https:\/\/riseandwarm.com\/tr\/urun\/solstice-kalem-etek-bustiyer-takim\/#breadcrumb","itemListElement":[{"@type":"ListItem","position":1,"name":"Home","item":"https:\/\/riseandwarm.com\/tr\/"},{"@type":"ListItem","position":2,"name":"Ma\u011faza","item":"https:\/\/riseandwarm.com\/tr\/magaza\/"},{"@type":"ListItem","position":3,"name":"Solstice Skirt Bustier Set"}]},{"@type":"WebSite","@id":"https:\/\/riseandwarm.com\/tr\/#website","url":"https:\/\/riseandwarm.com\/tr\/","name":"Rise | Warm","description":"Free your self","potentialAction":[{"@type":"SearchAction","target":{"@type":"EntryPoint","urlTemplate":"https:\/\/riseandwarm.com\/tr\/?s={search_term_string}"},"query-input":{"@type":"PropertyValueSpecification","valueRequired":true,"valueName":"search_term_string"}}],"inLanguage":"tr"}]}},"_links":{"self":[{"href":"https:\/\/riseandwarm.com\/tr\/wp-json\/wp\/v2\/product\/6170","targetHints":{"allow":["GET"]}}],"collection":[{"href":"https:\/\/riseandwarm.com\/tr\/wp-json\/wp\/v2\/product"}],"about":[{"href":"https:\/\/riseandwarm.com\/tr\/wp-json\/wp\/v2\/types\/product"}],"version-history":[{"count":2,"href":"https:\/\/riseandwarm.com\/tr\/wp-json\/wp\/v2\/product\/6170\/revisions"}],"predecessor-version":[{"id":23153,"href":"https:\/\/riseandwarm.com\/tr\/wp-json\/wp\/v2\/product\/6170\/revisions\/23153"}],"wp:featuredmedia":[{"embeddable":true,"href":"https:\/\/riseandwarm.com\/tr\/wp-json\/wp\/v2\/media\/6079"}],"wp:attachment":[{"href":"https:\/\/riseandwarm.com\/tr\/wp-json\/wp\/v2\/media?parent=6170"}],"wp:term":[{"taxonomy":"product_brand","embeddable":true,"href":"https:\/\/riseandwarm.com\/tr\/wp-json\/wp\/v2\/product_brand?post=6170"},{"taxonomy":"product_cat","embeddable":true,"href":"https:\/\/riseandwarm.com\/tr\/wp-json\/wp\/v2\/product_cat?post=6170"},{"taxonomy":"product_tag","embeddable":true,"href":"https:\/\/riseandwarm.com\/tr\/wp-json\/wp\/v2\/product_tag?post=6170"}],"curies":[{"name":"wp","href":"https:\/\/api.w.org\/{rel}","templated":true}]}}