{"id":6169,"date":"2023-06-22T14:26:08","date_gmt":"2023-06-22T14:26:08","guid":{"rendered":"https:\/\/riseandwarm.com\/?post_type=product&#038;p=6169"},"modified":"2025-11-29T11:53:28","modified_gmt":"2025-11-29T11:53:28","slug":"tumbleweed-kalem-etek-bustiyer-takim","status":"publish","type":"product","link":"https:\/\/riseandwarm.com\/tr\/urun\/tumbleweed-kalem-etek-bustiyer-takim\/","title":{"rendered":"Tumbleweed Skirt Bustier Set"},"content":{"rendered":"<p>Introducing Tumbleweed, a harmonious set featuring intricate black embroidery on sheer black tulle. This set follows the same elegant silhouette as the high-waisted pencil skirt and minimalist bustier, enriched with detailed black embroidery on the fabric. The name Tumbleweed takes inspiration from resilient plants that gracefully dance in the desert winds.<\/p>\n<p>The Tumbleweed set is completed with a transparent tulle lining. This additional lining can be chosen to prevent transparency and provide added comfort. The details on the embroidered fabric become even more prominent against the elegant backdrop of the lining.<\/p>\n<p>The delicate embellishments within the fabric add an extra touch of sophistication and elegance to this set. The sheer tulle details create a captivating element in the overall look. Tumbleweed is a perfect choice for those seeking a unique and captivating appearance for special occasions and glamorous events.<\/p>\n<p>Model : HEIGHT 176 \/ BUST 81 \/ WAIST 64 \/ HIPS 89<\/p>\n<p>Tumbleweed ile tan\u0131\u015f\u0131n, siyah i\u015flemeli kuma\u015f\u0131n siyah t\u00fcl \u00fczerinde yer ald\u0131\u011f\u0131 uyumlu bir tak\u0131m. Bu tak\u0131m, y\u00fcksek bel kalem etek ve minimalist b\u00fcstiyer ile ayn\u0131 \u015f\u0131k kesime sahip olup, kuma\u015f\u0131n \u00fczerindeki detayl\u0131 siyah i\u015flemeler ile zenginle\u015ftirilmi\u015ftir. Tumbleweed ismi, \u00e7\u00f6llerde zarif\u00e7e r\u00fczgarda dans eden dayan\u0131kl\u0131 bitkilere ilham vermektedir.<\/p>\n<p>Tumbleweed tak\u0131m\u0131, \u015feffaf t\u00fcl astar ile tamamlanmaktad\u0131r. Bu ilave astar, i\u00e7 g\u00f6stermeyi engellemek ve daha fazla konfor sa\u011flamak i\u00e7in tercih edilebilir. \u0130\u015flemeli kuma\u015f\u0131n \u00fczerindeki detaylar astar\u0131n zarif bir zemininde daha da belirginle\u015fir.<\/p>\n<p>Kuma\u015f\u0131n i\u00e7inde yer alan zarif i\u015flemeler, bu tak\u0131ma ek bir sofistike ve \u015f\u0131k dokunu\u015f katmaktad\u0131r. \u015eeffaf t\u00fcl detaylar\u0131 ise g\u00f6r\u00fcn\u00fcmde bir cazibe unsuru yaratmaktad\u0131r. Tumbleweed, \u00f6zel g\u00fcnlerde ve g\u00f6z al\u0131c\u0131 etkinliklerde benzersiz ve etkileyici bir g\u00f6r\u00fcn\u00fcm arayanlar i\u00e7in m\u00fckemmel bir se\u00e7enektir.<\/p>\n<p>&nbsp;<\/p>\n","protected":false},"excerpt":{"rendered":"<p>Introducing Tumbleweed, a harmonious set featuring intricate black embroidery on sheer black tulle. This set follows the same elegant silhouette<\/p>\n","protected":false},"featured_media":5947,"template":"","meta":[],"product_brand":[],"product_cat":[106,273],"product_tag":[],"class_list":{"0":"post-6169","1":"product","2":"type-product","3":"status-publish","4":"has-post-thumbnail","6":"product_cat-elbise-modelleri","7":"product_cat-ozel-fiyatlar","9":"first","10":"instock","11":"sale","12":"shipping-taxable","13":"purchasable","14":"product-type-simple"},"yoast_head":"<!-- This site is optimized with the Yoast SEO plugin v27.4 - https:\/\/yoast.com\/product\/yoast-seo-wordpress\/ -->\n<title>Tumbleweed Skirt Bustier Set - Rise &amp; Warm<\/title>\n<meta name=\"description\" content=\"Tumbleweed Skirt Bustier Set ve di\u011fer t\u00fcm \u00fcr\u00fcnlerimiz i\u00e7in Rise &amp; Warm adresini hemen ziyaret edin. H\u0131zl\u0131 kargo ve g\u00fcvenli al\u0131\u015fveri\u015f!\" \/>\n<meta name=\"robots\" content=\"index, follow, max-snippet:-1, max-image-preview:large, max-video-preview:-1\" \/>\n<link rel=\"canonical\" href=\"https:\/\/riseandwarm.com\/tr\/urun\/tumbleweed-kalem-etek-bustiyer-takim\/\" \/>\n<meta property=\"og:locale\" content=\"tr_TR\" \/>\n<meta property=\"og:type\" content=\"article\" \/>\n<meta property=\"og:title\" content=\"Tumbleweed Skirt Bustier Set - Rise &amp; Warm\" \/>\n<meta property=\"og:description\" content=\"Tumbleweed Skirt Bustier Set ve di\u011fer t\u00fcm \u00fcr\u00fcnlerimiz i\u00e7in Rise &amp; Warm adresini hemen ziyaret edin. H\u0131zl\u0131 kargo ve g\u00fcvenli al\u0131\u015fveri\u015f!\" \/>\n<meta property=\"og:url\" content=\"https:\/\/riseandwarm.com\/tr\/urun\/tumbleweed-kalem-etek-bustiyer-takim\/\" \/>\n<meta property=\"og:site_name\" content=\"Rise | Warm\" \/>\n<meta property=\"article:modified_time\" content=\"2025-11-29T11:53:28+00:00\" \/>\n<meta property=\"og:image\" content=\"https:\/\/riseandwarm.com\/wp-content\/uploads\/2023\/06\/TumbleweedTakim-Imaj2.jpg\" \/>\n\t<meta property=\"og:image:width\" content=\"1000\" \/>\n\t<meta property=\"og:image:height\" content=\"1500\" \/>\n\t<meta property=\"og:image:type\" content=\"image\/jpeg\" \/>\n<meta name=\"twitter:card\" content=\"summary_large_image\" \/>\n<meta name=\"twitter:label1\" content=\"Tahmini okuma s\u00fcresi\" \/>\n\t<meta name=\"twitter:data1\" content=\"2 dakika\" \/>\n<script type=\"application\/ld+json\" class=\"yoast-schema-graph\">{\"@context\":\"https:\\\/\\\/schema.org\",\"@graph\":[{\"@type\":\"WebPage\",\"@id\":\"https:\\\/\\\/riseandwarm.com\\\/tr\\\/urun\\\/tumbleweed-kalem-etek-bustiyer-takim\\\/\",\"url\":\"https:\\\/\\\/riseandwarm.com\\\/tr\\\/urun\\\/tumbleweed-kalem-etek-bustiyer-takim\\\/\",\"name\":\"Tumbleweed Skirt Bustier Set - Rise & Warm\",\"isPartOf\":{\"@id\":\"https:\\\/\\\/riseandwarm.com\\\/tr\\\/#website\"},\"primaryImageOfPage\":{\"@id\":\"https:\\\/\\\/riseandwarm.com\\\/tr\\\/urun\\\/tumbleweed-kalem-etek-bustiyer-takim\\\/#primaryimage\"},\"image\":{\"@id\":\"https:\\\/\\\/riseandwarm.com\\\/tr\\\/urun\\\/tumbleweed-kalem-etek-bustiyer-takim\\\/#primaryimage\"},\"thumbnailUrl\":\"https:\\\/\\\/riseandwarm.com\\\/wp-content\\\/uploads\\\/2023\\\/06\\\/TumbleweedTakim-Imaj2.jpg\",\"datePublished\":\"2023-06-22T14:26:08+00:00\",\"dateModified\":\"2025-11-29T11:53:28+00:00\",\"description\":\"Tumbleweed Skirt Bustier Set ve di\u011fer t\u00fcm \u00fcr\u00fcnlerimiz i\u00e7in Rise & Warm adresini hemen ziyaret edin. H\u0131zl\u0131 kargo ve g\u00fcvenli al\u0131\u015fveri\u015f!\",\"breadcrumb\":{\"@id\":\"https:\\\/\\\/riseandwarm.com\\\/tr\\\/urun\\\/tumbleweed-kalem-etek-bustiyer-takim\\\/#breadcrumb\"},\"inLanguage\":\"tr\",\"potentialAction\":[{\"@type\":\"ReadAction\",\"target\":[\"https:\\\/\\\/riseandwarm.com\\\/tr\\\/urun\\\/tumbleweed-kalem-etek-bustiyer-takim\\\/\"]}]},{\"@type\":\"ImageObject\",\"inLanguage\":\"tr\",\"@id\":\"https:\\\/\\\/riseandwarm.com\\\/tr\\\/urun\\\/tumbleweed-kalem-etek-bustiyer-takim\\\/#primaryimage\",\"url\":\"https:\\\/\\\/riseandwarm.com\\\/wp-content\\\/uploads\\\/2023\\\/06\\\/TumbleweedTakim-Imaj2.jpg\",\"contentUrl\":\"https:\\\/\\\/riseandwarm.com\\\/wp-content\\\/uploads\\\/2023\\\/06\\\/TumbleweedTakim-Imaj2.jpg\",\"width\":1000,\"height\":1500},{\"@type\":\"BreadcrumbList\",\"@id\":\"https:\\\/\\\/riseandwarm.com\\\/tr\\\/urun\\\/tumbleweed-kalem-etek-bustiyer-takim\\\/#breadcrumb\",\"itemListElement\":[{\"@type\":\"ListItem\",\"position\":1,\"name\":\"Home\",\"item\":\"https:\\\/\\\/riseandwarm.com\\\/tr\\\/\"},{\"@type\":\"ListItem\",\"position\":2,\"name\":\"Ma\u011faza\",\"item\":\"https:\\\/\\\/riseandwarm.com\\\/tr\\\/magaza\\\/\"},{\"@type\":\"ListItem\",\"position\":3,\"name\":\"Tumbleweed Skirt Bustier Set\"}]},{\"@type\":\"WebSite\",\"@id\":\"https:\\\/\\\/riseandwarm.com\\\/tr\\\/#website\",\"url\":\"https:\\\/\\\/riseandwarm.com\\\/tr\\\/\",\"name\":\"Rise | Warm\",\"description\":\"Free your self\",\"potentialAction\":[{\"@type\":\"SearchAction\",\"target\":{\"@type\":\"EntryPoint\",\"urlTemplate\":\"https:\\\/\\\/riseandwarm.com\\\/tr\\\/?s={search_term_string}\"},\"query-input\":{\"@type\":\"PropertyValueSpecification\",\"valueRequired\":true,\"valueName\":\"search_term_string\"}}],\"inLanguage\":\"tr\"}]}<\/script>\n<!-- \/ Yoast SEO plugin. -->","yoast_head_json":{"title":"Tumbleweed Skirt Bustier Set - Rise & Warm","description":"Tumbleweed Skirt Bustier Set ve di\u011fer t\u00fcm \u00fcr\u00fcnlerimiz i\u00e7in Rise & Warm adresini hemen ziyaret edin. H\u0131zl\u0131 kargo ve g\u00fcvenli al\u0131\u015fveri\u015f!","robots":{"index":"index","follow":"follow","max-snippet":"max-snippet:-1","max-image-preview":"max-image-preview:large","max-video-preview":"max-video-preview:-1"},"canonical":"https:\/\/riseandwarm.com\/tr\/urun\/tumbleweed-kalem-etek-bustiyer-takim\/","og_locale":"tr_TR","og_type":"article","og_title":"Tumbleweed Skirt Bustier Set - Rise & Warm","og_description":"Tumbleweed Skirt Bustier Set ve di\u011fer t\u00fcm \u00fcr\u00fcnlerimiz i\u00e7in Rise & Warm adresini hemen ziyaret edin. H\u0131zl\u0131 kargo ve g\u00fcvenli al\u0131\u015fveri\u015f!","og_url":"https:\/\/riseandwarm.com\/tr\/urun\/tumbleweed-kalem-etek-bustiyer-takim\/","og_site_name":"Rise | Warm","article_modified_time":"2025-11-29T11:53:28+00:00","og_image":[{"width":1000,"height":1500,"url":"https:\/\/riseandwarm.com\/wp-content\/uploads\/2023\/06\/TumbleweedTakim-Imaj2.jpg","type":"image\/jpeg"}],"twitter_card":"summary_large_image","twitter_misc":{"Tahmini okuma s\u00fcresi":"2 dakika"},"schema":{"@context":"https:\/\/schema.org","@graph":[{"@type":"WebPage","@id":"https:\/\/riseandwarm.com\/tr\/urun\/tumbleweed-kalem-etek-bustiyer-takim\/","url":"https:\/\/riseandwarm.com\/tr\/urun\/tumbleweed-kalem-etek-bustiyer-takim\/","name":"Tumbleweed Skirt Bustier Set - Rise & Warm","isPartOf":{"@id":"https:\/\/riseandwarm.com\/tr\/#website"},"primaryImageOfPage":{"@id":"https:\/\/riseandwarm.com\/tr\/urun\/tumbleweed-kalem-etek-bustiyer-takim\/#primaryimage"},"image":{"@id":"https:\/\/riseandwarm.com\/tr\/urun\/tumbleweed-kalem-etek-bustiyer-takim\/#primaryimage"},"thumbnailUrl":"https:\/\/riseandwarm.com\/wp-content\/uploads\/2023\/06\/TumbleweedTakim-Imaj2.jpg","datePublished":"2023-06-22T14:26:08+00:00","dateModified":"2025-11-29T11:53:28+00:00","description":"Tumbleweed Skirt Bustier Set ve di\u011fer t\u00fcm \u00fcr\u00fcnlerimiz i\u00e7in Rise & Warm adresini hemen ziyaret edin. H\u0131zl\u0131 kargo ve g\u00fcvenli al\u0131\u015fveri\u015f!","breadcrumb":{"@id":"https:\/\/riseandwarm.com\/tr\/urun\/tumbleweed-kalem-etek-bustiyer-takim\/#breadcrumb"},"inLanguage":"tr","potentialAction":[{"@type":"ReadAction","target":["https:\/\/riseandwarm.com\/tr\/urun\/tumbleweed-kalem-etek-bustiyer-takim\/"]}]},{"@type":"ImageObject","inLanguage":"tr","@id":"https:\/\/riseandwarm.com\/tr\/urun\/tumbleweed-kalem-etek-bustiyer-takim\/#primaryimage","url":"https:\/\/riseandwarm.com\/wp-content\/uploads\/2023\/06\/TumbleweedTakim-Imaj2.jpg","contentUrl":"https:\/\/riseandwarm.com\/wp-content\/uploads\/2023\/06\/TumbleweedTakim-Imaj2.jpg","width":1000,"height":1500},{"@type":"BreadcrumbList","@id":"https:\/\/riseandwarm.com\/tr\/urun\/tumbleweed-kalem-etek-bustiyer-takim\/#breadcrumb","itemListElement":[{"@type":"ListItem","position":1,"name":"Home","item":"https:\/\/riseandwarm.com\/tr\/"},{"@type":"ListItem","position":2,"name":"Ma\u011faza","item":"https:\/\/riseandwarm.com\/tr\/magaza\/"},{"@type":"ListItem","position":3,"name":"Tumbleweed Skirt Bustier Set"}]},{"@type":"WebSite","@id":"https:\/\/riseandwarm.com\/tr\/#website","url":"https:\/\/riseandwarm.com\/tr\/","name":"Rise | Warm","description":"Free your self","potentialAction":[{"@type":"SearchAction","target":{"@type":"EntryPoint","urlTemplate":"https:\/\/riseandwarm.com\/tr\/?s={search_term_string}"},"query-input":{"@type":"PropertyValueSpecification","valueRequired":true,"valueName":"search_term_string"}}],"inLanguage":"tr"}]}},"_links":{"self":[{"href":"https:\/\/riseandwarm.com\/tr\/wp-json\/wp\/v2\/product\/6169","targetHints":{"allow":["GET"]}}],"collection":[{"href":"https:\/\/riseandwarm.com\/tr\/wp-json\/wp\/v2\/product"}],"about":[{"href":"https:\/\/riseandwarm.com\/tr\/wp-json\/wp\/v2\/types\/product"}],"version-history":[{"count":2,"href":"https:\/\/riseandwarm.com\/tr\/wp-json\/wp\/v2\/product\/6169\/revisions"}],"predecessor-version":[{"id":23155,"href":"https:\/\/riseandwarm.com\/tr\/wp-json\/wp\/v2\/product\/6169\/revisions\/23155"}],"wp:featuredmedia":[{"embeddable":true,"href":"https:\/\/riseandwarm.com\/tr\/wp-json\/wp\/v2\/media\/5947"}],"wp:attachment":[{"href":"https:\/\/riseandwarm.com\/tr\/wp-json\/wp\/v2\/media?parent=6169"}],"wp:term":[{"taxonomy":"product_brand","embeddable":true,"href":"https:\/\/riseandwarm.com\/tr\/wp-json\/wp\/v2\/product_brand?post=6169"},{"taxonomy":"product_cat","embeddable":true,"href":"https:\/\/riseandwarm.com\/tr\/wp-json\/wp\/v2\/product_cat?post=6169"},{"taxonomy":"product_tag","embeddable":true,"href":"https:\/\/riseandwarm.com\/tr\/wp-json\/wp\/v2\/product_tag?post=6169"}],"curies":[{"name":"wp","href":"https:\/\/api.w.org\/{rel}","templated":true}]}}