{"id":6168,"date":"2023-06-22T14:15:52","date_gmt":"2023-06-22T14:15:52","guid":{"rendered":"https:\/\/riseandwarm.com\/?post_type=product&#038;p=6168"},"modified":"2025-11-29T11:54:28","modified_gmt":"2025-11-29T11:54:28","slug":"sunfire-kalem-etek-bustiyer-takim","status":"publish","type":"product","link":"https:\/\/riseandwarm.com\/tr\/urun\/sunfire-kalem-etek-bustiyer-takim\/","title":{"rendered":"Sunfire Skirt Bustier Set"},"content":{"rendered":"<p>Introducing Sunfire, a high-waisted pencil skirt and minimal bustier set. This set features a rich brown lace fabric adorned with a layer of dark purple tulle. The combination of the deep purple and brown creates a harmonious and captivating look.<\/p>\n<p>The high-waisted pencil skirt and bustier showcase intricate lace embroidery, adding a touch of elegance and allure. The skirt falls gracefully, accentuating the curves, while the minimal bustier highlights the silhouette.<\/p>\n<p>Sunfire is perfect for those seeking a striking and glamorous look for special occasions and events. The set exudes confidence and sophistication, capturing the essence of a radiant sun&#8217;s fiery glow.<\/p>\n<p>Model : HEIGHT 176 \/ BUST 81 \/ WAIST 64 \/ HIPS 89<\/p>\n<p>Sunfire ile tan\u0131\u015f\u0131n, y\u00fcksek bel kalem etek ve minimal b\u00fcstiyer tak\u0131m\u0131. Bu tak\u0131m, koyu kahverengi dantel i\u015flemeli kuma\u015f\u0131n \u00fczerine m\u00fcrd\u00fcm renginde bir t\u00fcl ile kaplanm\u0131\u015ft\u0131r. Derin mor ve kahverenginin uyumu, g\u00f6z al\u0131c\u0131 ve etkileyici bir g\u00f6r\u00fcn\u00fcm yarat\u0131r.<\/p>\n<p>Y\u00fcksek bel kalem etek ve b\u00fcstiyer, incelikli dantel i\u015flemeleriyle zarafet ve cazibeyi vurgular. Etek zarif\u00e7e a\u015fa\u011f\u0131ya do\u011fru inerken k\u0131vr\u0131mlar\u0131 \u00f6n plana \u00e7\u0131kar\u0131rken, minimal b\u00fcstiyer silueti vurgular.<\/p>\n<p>Sunfire, \u00f6zel g\u00fcnler ve etkinlikler i\u00e7in \u00e7arp\u0131c\u0131 ve g\u00f6z al\u0131c\u0131 bir g\u00f6r\u00fcn\u00fcm arayanlar i\u00e7in m\u00fckemmeldir. Tak\u0131m, \u00f6zg\u00fcven ve sofistike bir tarz\u0131 yans\u0131tarak, parlayan g\u00fcne\u015fin ate\u015fli \u0131\u015f\u0131lt\u0131s\u0131n\u0131 yakalar.<\/p>\n","protected":false},"excerpt":{"rendered":"<p>Introducing Sunfire, a high-waisted pencil skirt and minimal bustier set. This set features a rich brown lace fabric adorned with<\/p>\n","protected":false},"featured_media":6127,"template":"","meta":[],"product_brand":[],"product_cat":[106,383,273],"product_tag":[],"class_list":{"0":"post-6168","1":"product","2":"type-product","3":"status-publish","4":"has-post-thumbnail","6":"product_cat-elbise-modelleri","7":"product_cat-gece-elbiseleri","8":"product_cat-ozel-fiyatlar","10":"first","11":"instock","12":"sale","13":"shipping-taxable","14":"purchasable","15":"product-type-simple"},"yoast_head":"<!-- This site is optimized with the Yoast SEO plugin v27.4 - https:\/\/yoast.com\/product\/yoast-seo-wordpress\/ -->\n<title>Sunfire Skirt Bustier Set - Rise &amp; Warm<\/title>\n<meta name=\"description\" content=\"Sunfire Skirt Bustier Set ve di\u011fer t\u00fcm \u00fcr\u00fcnlerimiz i\u00e7in Rise &amp; Warm adresini hemen ziyaret edin. H\u0131zl\u0131 kargo ve g\u00fcvenli al\u0131\u015fveri\u015f!\" \/>\n<meta name=\"robots\" content=\"index, follow, max-snippet:-1, max-image-preview:large, max-video-preview:-1\" \/>\n<link rel=\"canonical\" href=\"https:\/\/riseandwarm.com\/tr\/urun\/sunfire-kalem-etek-bustiyer-takim\/\" \/>\n<meta property=\"og:locale\" content=\"tr_TR\" \/>\n<meta property=\"og:type\" content=\"article\" \/>\n<meta property=\"og:title\" content=\"Sunfire Skirt Bustier Set - Rise &amp; Warm\" \/>\n<meta property=\"og:description\" content=\"Sunfire Skirt Bustier Set ve di\u011fer t\u00fcm \u00fcr\u00fcnlerimiz i\u00e7in Rise &amp; Warm adresini hemen ziyaret edin. H\u0131zl\u0131 kargo ve g\u00fcvenli al\u0131\u015fveri\u015f!\" \/>\n<meta property=\"og:url\" content=\"https:\/\/riseandwarm.com\/tr\/urun\/sunfire-kalem-etek-bustiyer-takim\/\" \/>\n<meta property=\"og:site_name\" content=\"Rise | Warm\" \/>\n<meta property=\"article:modified_time\" content=\"2025-11-29T11:54:28+00:00\" \/>\n<meta property=\"og:image\" content=\"https:\/\/riseandwarm.com\/wp-content\/uploads\/2023\/06\/SunfireTakim-Imaj1.jpg\" \/>\n\t<meta property=\"og:image:width\" content=\"1000\" \/>\n\t<meta property=\"og:image:height\" content=\"1500\" \/>\n\t<meta property=\"og:image:type\" content=\"image\/jpeg\" \/>\n<meta name=\"twitter:card\" content=\"summary_large_image\" \/>\n<meta name=\"twitter:label1\" content=\"Tahmini okuma s\u00fcresi\" \/>\n\t<meta name=\"twitter:data1\" content=\"2 dakika\" \/>\n<script type=\"application\/ld+json\" class=\"yoast-schema-graph\">{\"@context\":\"https:\\\/\\\/schema.org\",\"@graph\":[{\"@type\":\"WebPage\",\"@id\":\"https:\\\/\\\/riseandwarm.com\\\/tr\\\/urun\\\/sunfire-kalem-etek-bustiyer-takim\\\/\",\"url\":\"https:\\\/\\\/riseandwarm.com\\\/tr\\\/urun\\\/sunfire-kalem-etek-bustiyer-takim\\\/\",\"name\":\"Sunfire Skirt Bustier Set - Rise & Warm\",\"isPartOf\":{\"@id\":\"https:\\\/\\\/riseandwarm.com\\\/tr\\\/#website\"},\"primaryImageOfPage\":{\"@id\":\"https:\\\/\\\/riseandwarm.com\\\/tr\\\/urun\\\/sunfire-kalem-etek-bustiyer-takim\\\/#primaryimage\"},\"image\":{\"@id\":\"https:\\\/\\\/riseandwarm.com\\\/tr\\\/urun\\\/sunfire-kalem-etek-bustiyer-takim\\\/#primaryimage\"},\"thumbnailUrl\":\"https:\\\/\\\/riseandwarm.com\\\/wp-content\\\/uploads\\\/2023\\\/06\\\/SunfireTakim-Imaj1.jpg\",\"datePublished\":\"2023-06-22T14:15:52+00:00\",\"dateModified\":\"2025-11-29T11:54:28+00:00\",\"description\":\"Sunfire Skirt Bustier Set ve di\u011fer t\u00fcm \u00fcr\u00fcnlerimiz i\u00e7in Rise & Warm adresini hemen ziyaret edin. H\u0131zl\u0131 kargo ve g\u00fcvenli al\u0131\u015fveri\u015f!\",\"breadcrumb\":{\"@id\":\"https:\\\/\\\/riseandwarm.com\\\/tr\\\/urun\\\/sunfire-kalem-etek-bustiyer-takim\\\/#breadcrumb\"},\"inLanguage\":\"tr\",\"potentialAction\":[{\"@type\":\"ReadAction\",\"target\":[\"https:\\\/\\\/riseandwarm.com\\\/tr\\\/urun\\\/sunfire-kalem-etek-bustiyer-takim\\\/\"]}]},{\"@type\":\"ImageObject\",\"inLanguage\":\"tr\",\"@id\":\"https:\\\/\\\/riseandwarm.com\\\/tr\\\/urun\\\/sunfire-kalem-etek-bustiyer-takim\\\/#primaryimage\",\"url\":\"https:\\\/\\\/riseandwarm.com\\\/wp-content\\\/uploads\\\/2023\\\/06\\\/SunfireTakim-Imaj1.jpg\",\"contentUrl\":\"https:\\\/\\\/riseandwarm.com\\\/wp-content\\\/uploads\\\/2023\\\/06\\\/SunfireTakim-Imaj1.jpg\",\"width\":1000,\"height\":1500},{\"@type\":\"BreadcrumbList\",\"@id\":\"https:\\\/\\\/riseandwarm.com\\\/tr\\\/urun\\\/sunfire-kalem-etek-bustiyer-takim\\\/#breadcrumb\",\"itemListElement\":[{\"@type\":\"ListItem\",\"position\":1,\"name\":\"Home\",\"item\":\"https:\\\/\\\/riseandwarm.com\\\/tr\\\/\"},{\"@type\":\"ListItem\",\"position\":2,\"name\":\"Ma\u011faza\",\"item\":\"https:\\\/\\\/riseandwarm.com\\\/tr\\\/magaza\\\/\"},{\"@type\":\"ListItem\",\"position\":3,\"name\":\"Sunfire Skirt Bustier Set\"}]},{\"@type\":\"WebSite\",\"@id\":\"https:\\\/\\\/riseandwarm.com\\\/tr\\\/#website\",\"url\":\"https:\\\/\\\/riseandwarm.com\\\/tr\\\/\",\"name\":\"Rise | Warm\",\"description\":\"Free your self\",\"potentialAction\":[{\"@type\":\"SearchAction\",\"target\":{\"@type\":\"EntryPoint\",\"urlTemplate\":\"https:\\\/\\\/riseandwarm.com\\\/tr\\\/?s={search_term_string}\"},\"query-input\":{\"@type\":\"PropertyValueSpecification\",\"valueRequired\":true,\"valueName\":\"search_term_string\"}}],\"inLanguage\":\"tr\"}]}<\/script>\n<!-- \/ Yoast SEO plugin. -->","yoast_head_json":{"title":"Sunfire Skirt Bustier Set - Rise & Warm","description":"Sunfire Skirt Bustier Set ve di\u011fer t\u00fcm \u00fcr\u00fcnlerimiz i\u00e7in Rise & Warm adresini hemen ziyaret edin. H\u0131zl\u0131 kargo ve g\u00fcvenli al\u0131\u015fveri\u015f!","robots":{"index":"index","follow":"follow","max-snippet":"max-snippet:-1","max-image-preview":"max-image-preview:large","max-video-preview":"max-video-preview:-1"},"canonical":"https:\/\/riseandwarm.com\/tr\/urun\/sunfire-kalem-etek-bustiyer-takim\/","og_locale":"tr_TR","og_type":"article","og_title":"Sunfire Skirt Bustier Set - Rise & Warm","og_description":"Sunfire Skirt Bustier Set ve di\u011fer t\u00fcm \u00fcr\u00fcnlerimiz i\u00e7in Rise & Warm adresini hemen ziyaret edin. H\u0131zl\u0131 kargo ve g\u00fcvenli al\u0131\u015fveri\u015f!","og_url":"https:\/\/riseandwarm.com\/tr\/urun\/sunfire-kalem-etek-bustiyer-takim\/","og_site_name":"Rise | Warm","article_modified_time":"2025-11-29T11:54:28+00:00","og_image":[{"width":1000,"height":1500,"url":"https:\/\/riseandwarm.com\/wp-content\/uploads\/2023\/06\/SunfireTakim-Imaj1.jpg","type":"image\/jpeg"}],"twitter_card":"summary_large_image","twitter_misc":{"Tahmini okuma s\u00fcresi":"2 dakika"},"schema":{"@context":"https:\/\/schema.org","@graph":[{"@type":"WebPage","@id":"https:\/\/riseandwarm.com\/tr\/urun\/sunfire-kalem-etek-bustiyer-takim\/","url":"https:\/\/riseandwarm.com\/tr\/urun\/sunfire-kalem-etek-bustiyer-takim\/","name":"Sunfire Skirt Bustier Set - Rise & Warm","isPartOf":{"@id":"https:\/\/riseandwarm.com\/tr\/#website"},"primaryImageOfPage":{"@id":"https:\/\/riseandwarm.com\/tr\/urun\/sunfire-kalem-etek-bustiyer-takim\/#primaryimage"},"image":{"@id":"https:\/\/riseandwarm.com\/tr\/urun\/sunfire-kalem-etek-bustiyer-takim\/#primaryimage"},"thumbnailUrl":"https:\/\/riseandwarm.com\/wp-content\/uploads\/2023\/06\/SunfireTakim-Imaj1.jpg","datePublished":"2023-06-22T14:15:52+00:00","dateModified":"2025-11-29T11:54:28+00:00","description":"Sunfire Skirt Bustier Set ve di\u011fer t\u00fcm \u00fcr\u00fcnlerimiz i\u00e7in Rise & Warm adresini hemen ziyaret edin. H\u0131zl\u0131 kargo ve g\u00fcvenli al\u0131\u015fveri\u015f!","breadcrumb":{"@id":"https:\/\/riseandwarm.com\/tr\/urun\/sunfire-kalem-etek-bustiyer-takim\/#breadcrumb"},"inLanguage":"tr","potentialAction":[{"@type":"ReadAction","target":["https:\/\/riseandwarm.com\/tr\/urun\/sunfire-kalem-etek-bustiyer-takim\/"]}]},{"@type":"ImageObject","inLanguage":"tr","@id":"https:\/\/riseandwarm.com\/tr\/urun\/sunfire-kalem-etek-bustiyer-takim\/#primaryimage","url":"https:\/\/riseandwarm.com\/wp-content\/uploads\/2023\/06\/SunfireTakim-Imaj1.jpg","contentUrl":"https:\/\/riseandwarm.com\/wp-content\/uploads\/2023\/06\/SunfireTakim-Imaj1.jpg","width":1000,"height":1500},{"@type":"BreadcrumbList","@id":"https:\/\/riseandwarm.com\/tr\/urun\/sunfire-kalem-etek-bustiyer-takim\/#breadcrumb","itemListElement":[{"@type":"ListItem","position":1,"name":"Home","item":"https:\/\/riseandwarm.com\/tr\/"},{"@type":"ListItem","position":2,"name":"Ma\u011faza","item":"https:\/\/riseandwarm.com\/tr\/magaza\/"},{"@type":"ListItem","position":3,"name":"Sunfire Skirt Bustier Set"}]},{"@type":"WebSite","@id":"https:\/\/riseandwarm.com\/tr\/#website","url":"https:\/\/riseandwarm.com\/tr\/","name":"Rise | Warm","description":"Free your self","potentialAction":[{"@type":"SearchAction","target":{"@type":"EntryPoint","urlTemplate":"https:\/\/riseandwarm.com\/tr\/?s={search_term_string}"},"query-input":{"@type":"PropertyValueSpecification","valueRequired":true,"valueName":"search_term_string"}}],"inLanguage":"tr"}]}},"_links":{"self":[{"href":"https:\/\/riseandwarm.com\/tr\/wp-json\/wp\/v2\/product\/6168","targetHints":{"allow":["GET"]}}],"collection":[{"href":"https:\/\/riseandwarm.com\/tr\/wp-json\/wp\/v2\/product"}],"about":[{"href":"https:\/\/riseandwarm.com\/tr\/wp-json\/wp\/v2\/types\/product"}],"version-history":[{"count":2,"href":"https:\/\/riseandwarm.com\/tr\/wp-json\/wp\/v2\/product\/6168\/revisions"}],"predecessor-version":[{"id":23157,"href":"https:\/\/riseandwarm.com\/tr\/wp-json\/wp\/v2\/product\/6168\/revisions\/23157"}],"wp:featuredmedia":[{"embeddable":true,"href":"https:\/\/riseandwarm.com\/tr\/wp-json\/wp\/v2\/media\/6127"}],"wp:attachment":[{"href":"https:\/\/riseandwarm.com\/tr\/wp-json\/wp\/v2\/media?parent=6168"}],"wp:term":[{"taxonomy":"product_brand","embeddable":true,"href":"https:\/\/riseandwarm.com\/tr\/wp-json\/wp\/v2\/product_brand?post=6168"},{"taxonomy":"product_cat","embeddable":true,"href":"https:\/\/riseandwarm.com\/tr\/wp-json\/wp\/v2\/product_cat?post=6168"},{"taxonomy":"product_tag","embeddable":true,"href":"https:\/\/riseandwarm.com\/tr\/wp-json\/wp\/v2\/product_tag?post=6168"}],"curies":[{"name":"wp","href":"https:\/\/api.w.org\/{rel}","templated":true}]}}