{"id":6167,"date":"2023-06-22T14:04:49","date_gmt":"2023-06-22T14:04:49","guid":{"rendered":"https:\/\/riseandwarm.com\/?post_type=product&#038;p=6167"},"modified":"2025-11-29T11:55:06","modified_gmt":"2025-11-29T11:55:06","slug":"moonlit-kalem-etek-bustiyer-takim","status":"publish","type":"product","link":"https:\/\/riseandwarm.com\/tr\/urun\/moonlit-kalem-etek-bustiyer-takim\/","title":{"rendered":"Moonlit Skirt Bustier Set"},"content":{"rendered":"<p>Introducing our Moonlit high-waisted pencil skirt and minimalistic bustier set. This ensemble features a stone-colored lace fabric layered over a nude tulle, creating a harmonious blend of hues.<\/p>\n<p>The high-waisted pencil skirt and minimalistic bustier highlight elegance and sophistication with delicate lace details. The skirt gracefully follows the contours of the body, while the minimalistic bustier offers a sleek and refined look.<\/p>\n<p>The nude tulle layer adds an element of grace and lightness to the ensemble, perfectly complementing the stone-colored lace. This combination creates a captivating style reminiscent of the enchanting glow of moonlight.<\/p>\n<p>Moonlit is an excellent choice for special occasions and evening events. It effortlessly combines elegance and chicness, drawing inspiration from the mesmerizing radiance of moonlight.<\/p>\n<p>Note: The skirt offers the option of an additional lining for enhanced comfort and full coverage.<\/p>\n<p>Model : HEIGHT 176 \/ BUST 81 \/ WAIST 64 \/ HIPS 89<\/p>\n<p>Moonlit ismini verdi\u011fimiz y\u00fcksek bel kalem etek ve minimal b\u00fcstiyer tak\u0131m\u0131 ile tan\u0131\u015f\u0131n. Bu tak\u0131m, ten rengi t\u00fcl \u00fczerine ta\u015f rengi dantel kuma\u015f ile tasarlanm\u0131\u015ft\u0131r. Ten rengi t\u00fcl\u00fcn ve ta\u015f rengi dantelin m\u00fckemmel uyumuyla birlikte, zarif bir g\u00f6r\u00fcn\u00fcm elde edersiniz.<\/p>\n<p>Y\u00fcksek bel kalem etek ve minimal b\u00fcstiyer, incelikli dantel detaylar\u0131yla birlikte \u015f\u0131kl\u0131k ve zarafeti vurgular. Etek, bedene m\u00fckemmel uyum sa\u011flayan kesimiyle silueti kusursuz bir \u015fekilde takip ederken, minimal b\u00fcstiyer ise sade ve sofistike bir g\u00f6r\u00fcn\u00fcm sunar.<\/p>\n<p>Ten rengi t\u00fcl katman\u0131, tak\u0131ma zarafet ve hafiflik katarak, ta\u015f rengi dantel ile m\u00fckemmel bir uyum olu\u015fturur. Bu kombinasyon, ay \u0131\u015f\u0131\u011f\u0131n\u0131n b\u00fcy\u00fcleyici \u0131\u015f\u0131lt\u0131s\u0131n\u0131 yans\u0131tan bir stil yarat\u0131r.<\/p>\n<p>Moonlit, \u00f6zel etkinlikler ve gece davetleri i\u00e7in m\u00fckemmel bir se\u00e7imdir. Tak\u0131m, zarafeti ve \u015f\u0131kl\u0131\u011f\u0131 bir araya getirirken, adeta ay \u0131\u015f\u0131\u011f\u0131ndan ilham alarak mistik bir atmosfer yarat\u0131r.<\/p>\n<p>Not: Etek i\u00e7in astar se\u00e7ene\u011fi bulunmaktad\u0131r ve ekstra rahatl\u0131k ve tam kapsama sa\u011flar.<\/p>\n","protected":false},"excerpt":{"rendered":"<p>Introducing our Moonlit high-waisted pencil skirt and minimalistic bustier set. This ensemble features a stone-colored lace fabric layered over a<\/p>\n","protected":false},"featured_media":6001,"template":"","meta":[],"product_brand":[],"product_cat":[106,273],"product_tag":[],"class_list":{"0":"post-6167","1":"product","2":"type-product","3":"status-publish","4":"has-post-thumbnail","6":"product_cat-elbise-modelleri","7":"product_cat-ozel-fiyatlar","9":"first","10":"instock","11":"sale","12":"shipping-taxable","13":"purchasable","14":"product-type-simple"},"yoast_head":"<!-- This site is optimized with the Yoast SEO plugin v27.4 - https:\/\/yoast.com\/product\/yoast-seo-wordpress\/ -->\n<title>Moonlit Skirt Bustier Set - Rise &amp; Warm<\/title>\n<meta name=\"description\" content=\"Moonlit Skirt Bustier Set ve di\u011fer t\u00fcm \u00fcr\u00fcnlerimiz i\u00e7in Rise &amp; Warm adresini hemen ziyaret edin. H\u0131zl\u0131 kargo ve g\u00fcvenli al\u0131\u015fveri\u015f!\" \/>\n<meta name=\"robots\" content=\"index, follow, max-snippet:-1, max-image-preview:large, max-video-preview:-1\" \/>\n<link rel=\"canonical\" href=\"https:\/\/riseandwarm.com\/tr\/urun\/moonlit-kalem-etek-bustiyer-takim\/\" \/>\n<meta property=\"og:locale\" content=\"tr_TR\" \/>\n<meta property=\"og:type\" content=\"article\" \/>\n<meta property=\"og:title\" content=\"Moonlit Skirt Bustier Set - Rise &amp; Warm\" \/>\n<meta property=\"og:description\" content=\"Moonlit Skirt Bustier Set ve di\u011fer t\u00fcm \u00fcr\u00fcnlerimiz i\u00e7in Rise &amp; Warm adresini hemen ziyaret edin. H\u0131zl\u0131 kargo ve g\u00fcvenli al\u0131\u015fveri\u015f!\" \/>\n<meta property=\"og:url\" content=\"https:\/\/riseandwarm.com\/tr\/urun\/moonlit-kalem-etek-bustiyer-takim\/\" \/>\n<meta property=\"og:site_name\" content=\"Rise | Warm\" \/>\n<meta property=\"article:modified_time\" content=\"2025-11-29T11:55:06+00:00\" \/>\n<meta property=\"og:image\" content=\"https:\/\/riseandwarm.com\/wp-content\/uploads\/2023\/06\/MoonlitTakim-Imaj1.jpg\" \/>\n\t<meta property=\"og:image:width\" content=\"1000\" \/>\n\t<meta property=\"og:image:height\" content=\"1500\" \/>\n\t<meta property=\"og:image:type\" content=\"image\/jpeg\" \/>\n<meta name=\"twitter:card\" content=\"summary_large_image\" \/>\n<meta name=\"twitter:label1\" content=\"Tahmini okuma s\u00fcresi\" \/>\n\t<meta name=\"twitter:data1\" content=\"2 dakika\" \/>\n<script type=\"application\/ld+json\" class=\"yoast-schema-graph\">{\"@context\":\"https:\\\/\\\/schema.org\",\"@graph\":[{\"@type\":\"WebPage\",\"@id\":\"https:\\\/\\\/riseandwarm.com\\\/tr\\\/urun\\\/moonlit-kalem-etek-bustiyer-takim\\\/\",\"url\":\"https:\\\/\\\/riseandwarm.com\\\/tr\\\/urun\\\/moonlit-kalem-etek-bustiyer-takim\\\/\",\"name\":\"Moonlit Skirt Bustier Set - Rise & Warm\",\"isPartOf\":{\"@id\":\"https:\\\/\\\/riseandwarm.com\\\/tr\\\/#website\"},\"primaryImageOfPage\":{\"@id\":\"https:\\\/\\\/riseandwarm.com\\\/tr\\\/urun\\\/moonlit-kalem-etek-bustiyer-takim\\\/#primaryimage\"},\"image\":{\"@id\":\"https:\\\/\\\/riseandwarm.com\\\/tr\\\/urun\\\/moonlit-kalem-etek-bustiyer-takim\\\/#primaryimage\"},\"thumbnailUrl\":\"https:\\\/\\\/riseandwarm.com\\\/wp-content\\\/uploads\\\/2023\\\/06\\\/MoonlitTakim-Imaj1.jpg\",\"datePublished\":\"2023-06-22T14:04:49+00:00\",\"dateModified\":\"2025-11-29T11:55:06+00:00\",\"description\":\"Moonlit Skirt Bustier Set ve di\u011fer t\u00fcm \u00fcr\u00fcnlerimiz i\u00e7in Rise & Warm adresini hemen ziyaret edin. H\u0131zl\u0131 kargo ve g\u00fcvenli al\u0131\u015fveri\u015f!\",\"breadcrumb\":{\"@id\":\"https:\\\/\\\/riseandwarm.com\\\/tr\\\/urun\\\/moonlit-kalem-etek-bustiyer-takim\\\/#breadcrumb\"},\"inLanguage\":\"tr\",\"potentialAction\":[{\"@type\":\"ReadAction\",\"target\":[\"https:\\\/\\\/riseandwarm.com\\\/tr\\\/urun\\\/moonlit-kalem-etek-bustiyer-takim\\\/\"]}]},{\"@type\":\"ImageObject\",\"inLanguage\":\"tr\",\"@id\":\"https:\\\/\\\/riseandwarm.com\\\/tr\\\/urun\\\/moonlit-kalem-etek-bustiyer-takim\\\/#primaryimage\",\"url\":\"https:\\\/\\\/riseandwarm.com\\\/wp-content\\\/uploads\\\/2023\\\/06\\\/MoonlitTakim-Imaj1.jpg\",\"contentUrl\":\"https:\\\/\\\/riseandwarm.com\\\/wp-content\\\/uploads\\\/2023\\\/06\\\/MoonlitTakim-Imaj1.jpg\",\"width\":1000,\"height\":1500},{\"@type\":\"BreadcrumbList\",\"@id\":\"https:\\\/\\\/riseandwarm.com\\\/tr\\\/urun\\\/moonlit-kalem-etek-bustiyer-takim\\\/#breadcrumb\",\"itemListElement\":[{\"@type\":\"ListItem\",\"position\":1,\"name\":\"Home\",\"item\":\"https:\\\/\\\/riseandwarm.com\\\/tr\\\/\"},{\"@type\":\"ListItem\",\"position\":2,\"name\":\"Ma\u011faza\",\"item\":\"https:\\\/\\\/riseandwarm.com\\\/tr\\\/magaza\\\/\"},{\"@type\":\"ListItem\",\"position\":3,\"name\":\"Moonlit Skirt Bustier Set\"}]},{\"@type\":\"WebSite\",\"@id\":\"https:\\\/\\\/riseandwarm.com\\\/tr\\\/#website\",\"url\":\"https:\\\/\\\/riseandwarm.com\\\/tr\\\/\",\"name\":\"Rise | Warm\",\"description\":\"Free your self\",\"potentialAction\":[{\"@type\":\"SearchAction\",\"target\":{\"@type\":\"EntryPoint\",\"urlTemplate\":\"https:\\\/\\\/riseandwarm.com\\\/tr\\\/?s={search_term_string}\"},\"query-input\":{\"@type\":\"PropertyValueSpecification\",\"valueRequired\":true,\"valueName\":\"search_term_string\"}}],\"inLanguage\":\"tr\"}]}<\/script>\n<!-- \/ Yoast SEO plugin. -->","yoast_head_json":{"title":"Moonlit Skirt Bustier Set - Rise & Warm","description":"Moonlit Skirt Bustier Set ve di\u011fer t\u00fcm \u00fcr\u00fcnlerimiz i\u00e7in Rise & Warm adresini hemen ziyaret edin. H\u0131zl\u0131 kargo ve g\u00fcvenli al\u0131\u015fveri\u015f!","robots":{"index":"index","follow":"follow","max-snippet":"max-snippet:-1","max-image-preview":"max-image-preview:large","max-video-preview":"max-video-preview:-1"},"canonical":"https:\/\/riseandwarm.com\/tr\/urun\/moonlit-kalem-etek-bustiyer-takim\/","og_locale":"tr_TR","og_type":"article","og_title":"Moonlit Skirt Bustier Set - Rise & Warm","og_description":"Moonlit Skirt Bustier Set ve di\u011fer t\u00fcm \u00fcr\u00fcnlerimiz i\u00e7in Rise & Warm adresini hemen ziyaret edin. H\u0131zl\u0131 kargo ve g\u00fcvenli al\u0131\u015fveri\u015f!","og_url":"https:\/\/riseandwarm.com\/tr\/urun\/moonlit-kalem-etek-bustiyer-takim\/","og_site_name":"Rise | Warm","article_modified_time":"2025-11-29T11:55:06+00:00","og_image":[{"width":1000,"height":1500,"url":"https:\/\/riseandwarm.com\/wp-content\/uploads\/2023\/06\/MoonlitTakim-Imaj1.jpg","type":"image\/jpeg"}],"twitter_card":"summary_large_image","twitter_misc":{"Tahmini okuma s\u00fcresi":"2 dakika"},"schema":{"@context":"https:\/\/schema.org","@graph":[{"@type":"WebPage","@id":"https:\/\/riseandwarm.com\/tr\/urun\/moonlit-kalem-etek-bustiyer-takim\/","url":"https:\/\/riseandwarm.com\/tr\/urun\/moonlit-kalem-etek-bustiyer-takim\/","name":"Moonlit Skirt Bustier Set - Rise & Warm","isPartOf":{"@id":"https:\/\/riseandwarm.com\/tr\/#website"},"primaryImageOfPage":{"@id":"https:\/\/riseandwarm.com\/tr\/urun\/moonlit-kalem-etek-bustiyer-takim\/#primaryimage"},"image":{"@id":"https:\/\/riseandwarm.com\/tr\/urun\/moonlit-kalem-etek-bustiyer-takim\/#primaryimage"},"thumbnailUrl":"https:\/\/riseandwarm.com\/wp-content\/uploads\/2023\/06\/MoonlitTakim-Imaj1.jpg","datePublished":"2023-06-22T14:04:49+00:00","dateModified":"2025-11-29T11:55:06+00:00","description":"Moonlit Skirt Bustier Set ve di\u011fer t\u00fcm \u00fcr\u00fcnlerimiz i\u00e7in Rise & Warm adresini hemen ziyaret edin. H\u0131zl\u0131 kargo ve g\u00fcvenli al\u0131\u015fveri\u015f!","breadcrumb":{"@id":"https:\/\/riseandwarm.com\/tr\/urun\/moonlit-kalem-etek-bustiyer-takim\/#breadcrumb"},"inLanguage":"tr","potentialAction":[{"@type":"ReadAction","target":["https:\/\/riseandwarm.com\/tr\/urun\/moonlit-kalem-etek-bustiyer-takim\/"]}]},{"@type":"ImageObject","inLanguage":"tr","@id":"https:\/\/riseandwarm.com\/tr\/urun\/moonlit-kalem-etek-bustiyer-takim\/#primaryimage","url":"https:\/\/riseandwarm.com\/wp-content\/uploads\/2023\/06\/MoonlitTakim-Imaj1.jpg","contentUrl":"https:\/\/riseandwarm.com\/wp-content\/uploads\/2023\/06\/MoonlitTakim-Imaj1.jpg","width":1000,"height":1500},{"@type":"BreadcrumbList","@id":"https:\/\/riseandwarm.com\/tr\/urun\/moonlit-kalem-etek-bustiyer-takim\/#breadcrumb","itemListElement":[{"@type":"ListItem","position":1,"name":"Home","item":"https:\/\/riseandwarm.com\/tr\/"},{"@type":"ListItem","position":2,"name":"Ma\u011faza","item":"https:\/\/riseandwarm.com\/tr\/magaza\/"},{"@type":"ListItem","position":3,"name":"Moonlit Skirt Bustier Set"}]},{"@type":"WebSite","@id":"https:\/\/riseandwarm.com\/tr\/#website","url":"https:\/\/riseandwarm.com\/tr\/","name":"Rise | Warm","description":"Free your self","potentialAction":[{"@type":"SearchAction","target":{"@type":"EntryPoint","urlTemplate":"https:\/\/riseandwarm.com\/tr\/?s={search_term_string}"},"query-input":{"@type":"PropertyValueSpecification","valueRequired":true,"valueName":"search_term_string"}}],"inLanguage":"tr"}]}},"_links":{"self":[{"href":"https:\/\/riseandwarm.com\/tr\/wp-json\/wp\/v2\/product\/6167","targetHints":{"allow":["GET"]}}],"collection":[{"href":"https:\/\/riseandwarm.com\/tr\/wp-json\/wp\/v2\/product"}],"about":[{"href":"https:\/\/riseandwarm.com\/tr\/wp-json\/wp\/v2\/types\/product"}],"version-history":[{"count":1,"href":"https:\/\/riseandwarm.com\/tr\/wp-json\/wp\/v2\/product\/6167\/revisions"}],"predecessor-version":[{"id":23158,"href":"https:\/\/riseandwarm.com\/tr\/wp-json\/wp\/v2\/product\/6167\/revisions\/23158"}],"wp:featuredmedia":[{"embeddable":true,"href":"https:\/\/riseandwarm.com\/tr\/wp-json\/wp\/v2\/media\/6001"}],"wp:attachment":[{"href":"https:\/\/riseandwarm.com\/tr\/wp-json\/wp\/v2\/media?parent=6167"}],"wp:term":[{"taxonomy":"product_brand","embeddable":true,"href":"https:\/\/riseandwarm.com\/tr\/wp-json\/wp\/v2\/product_brand?post=6167"},{"taxonomy":"product_cat","embeddable":true,"href":"https:\/\/riseandwarm.com\/tr\/wp-json\/wp\/v2\/product_cat?post=6167"},{"taxonomy":"product_tag","embeddable":true,"href":"https:\/\/riseandwarm.com\/tr\/wp-json\/wp\/v2\/product_tag?post=6167"}],"curies":[{"name":"wp","href":"https:\/\/api.w.org\/{rel}","templated":true}]}}