{"id":5652,"date":"2022-10-05T18:36:39","date_gmt":"2022-10-05T18:36:39","guid":{"rendered":"https:\/\/riseandwarm.com\/?post_type=product&#038;p=5652"},"modified":"2025-11-29T11:59:11","modified_gmt":"2025-11-29T11:59:11","slug":"kukulkan-fur-coat","status":"publish","type":"product","link":"https:\/\/riseandwarm.com\/tr\/urun\/kukulkan-fur-coat\/","title":{"rendered":"Kukulkan Coat"},"content":{"rendered":"<p>Leather-Trimmed Plush Coat<\/p>\n<p>Embrace the chill of winter in style with &#8216;Kukulkan&#8217;, wrapping you in its rich texture and luxurious design. Engineered to fit sizes XS to L in a one-size-fits-all approach, this oversized coat offers a generous comfort zone for all body types. Enhanced with leather belt and sleeve details for a contemporary edge, this plush coat will elevate your fashion game to the next level. Versatile enough for everyday wear and special evenings out, this piece is set to become an indispensable element of your wardrobe.<\/p>\n<p>HEIGHT 172 \/ BUST 83 \/ WAIST 62 \/ HIPS 91<\/p>\n<p>Kukulkan: Deri Detayl\u0131 Pelu\u015f Kaban<\/p>\n<p>K\u0131\u015f so\u011fuklar\u0131nda stilinizi koruman\u0131z\u0131 sa\u011flayacak &#8216;Kukulkan&#8217;, zengin dokusu ve l\u00fcks tasar\u0131m\u0131yla sizi sarmal\u0131yor. XS&#8217;den L&#8217;ye her bedene uyum sa\u011flayacak \u015fekilde tasarlanm\u0131\u015f bu tek beden oversize kaban, her v\u00fccut tipine geni\u015f bir rahatl\u0131k alan\u0131 sunuyor. Deri kemer ve kol detaylar\u0131yla modern bir dokunu\u015f kazanan bu pelu\u015f kaban, \u015f\u0131kl\u0131\u011f\u0131n\u0131z\u0131 bir \u00fcst seviyeye ta\u015f\u0131yacak. Hem g\u00fcnl\u00fck kullan\u0131ma hem de \u00f6zel gecelere uyum sa\u011flayan bu \u00e7ok y\u00f6nl\u00fc par\u00e7a, gard\u0131robunuzun vazge\u00e7ilmez bir eleman\u0131 olmaya aday.<\/p>\n","protected":false},"excerpt":{"rendered":"<p>Leather-Trimmed Plush Coat Embrace the chill of winter in style with &#8216;Kukulkan&#8217;, wrapping you in its rich texture and luxurious<\/p>\n","protected":false},"featured_media":7514,"template":"","meta":[],"product_brand":[],"product_cat":[374,273],"product_tag":[],"class_list":{"0":"post-5652","1":"product","2":"type-product","3":"status-publish","4":"has-post-thumbnail","6":"product_cat-dis-giyim","7":"product_cat-ozel-fiyatlar","9":"first","10":"instock","11":"sale","12":"featured","13":"shipping-taxable","14":"purchasable","15":"product-type-simple"},"yoast_head":"<!-- This site is optimized with the Yoast SEO plugin v27.4 - https:\/\/yoast.com\/product\/yoast-seo-wordpress\/ -->\n<title>Kukulkan Coat - Rise &amp; Warm<\/title>\n<meta name=\"description\" content=\"Kukulkan Coat ve di\u011fer t\u00fcm \u00fcr\u00fcnlerimiz i\u00e7in Rise &amp; Warm adresini hemen ziyaret edin. H\u0131zl\u0131 kargo ve g\u00fcvenli al\u0131\u015fveri\u015f!\" \/>\n<meta name=\"robots\" content=\"index, follow, max-snippet:-1, max-image-preview:large, max-video-preview:-1\" \/>\n<link rel=\"canonical\" href=\"https:\/\/riseandwarm.com\/tr\/urun\/kukulkan-fur-coat\/\" \/>\n<meta property=\"og:locale\" content=\"tr_TR\" \/>\n<meta property=\"og:type\" content=\"article\" \/>\n<meta property=\"og:title\" content=\"Kukulkan Coat - Rise &amp; Warm\" \/>\n<meta property=\"og:description\" content=\"Kukulkan Coat ve di\u011fer t\u00fcm \u00fcr\u00fcnlerimiz i\u00e7in Rise &amp; Warm adresini hemen ziyaret edin. H\u0131zl\u0131 kargo ve g\u00fcvenli al\u0131\u015fveri\u015f!\" \/>\n<meta property=\"og:url\" content=\"https:\/\/riseandwarm.com\/tr\/urun\/kukulkan-fur-coat\/\" \/>\n<meta property=\"og:site_name\" content=\"Rise | Warm\" \/>\n<meta property=\"article:modified_time\" content=\"2025-11-29T11:59:11+00:00\" \/>\n<meta property=\"og:image\" content=\"https:\/\/riseandwarm.com\/wp-content\/uploads\/2022\/10\/KukulkanCoat3.jpeg\" \/>\n\t<meta property=\"og:image:width\" content=\"1000\" \/>\n\t<meta property=\"og:image:height\" content=\"1500\" \/>\n\t<meta property=\"og:image:type\" content=\"image\/jpeg\" \/>\n<meta name=\"twitter:card\" content=\"summary_large_image\" \/>\n<meta name=\"twitter:label1\" content=\"Tahmini okuma s\u00fcresi\" \/>\n\t<meta name=\"twitter:data1\" content=\"1 dakika\" \/>\n<script type=\"application\/ld+json\" class=\"yoast-schema-graph\">{\"@context\":\"https:\\\/\\\/schema.org\",\"@graph\":[{\"@type\":\"WebPage\",\"@id\":\"https:\\\/\\\/riseandwarm.com\\\/tr\\\/urun\\\/kukulkan-fur-coat\\\/\",\"url\":\"https:\\\/\\\/riseandwarm.com\\\/tr\\\/urun\\\/kukulkan-fur-coat\\\/\",\"name\":\"Kukulkan Coat - Rise & Warm\",\"isPartOf\":{\"@id\":\"https:\\\/\\\/riseandwarm.com\\\/tr\\\/#website\"},\"primaryImageOfPage\":{\"@id\":\"https:\\\/\\\/riseandwarm.com\\\/tr\\\/urun\\\/kukulkan-fur-coat\\\/#primaryimage\"},\"image\":{\"@id\":\"https:\\\/\\\/riseandwarm.com\\\/tr\\\/urun\\\/kukulkan-fur-coat\\\/#primaryimage\"},\"thumbnailUrl\":\"https:\\\/\\\/riseandwarm.com\\\/wp-content\\\/uploads\\\/2022\\\/10\\\/KukulkanCoat3.jpeg\",\"datePublished\":\"2022-10-05T18:36:39+00:00\",\"dateModified\":\"2025-11-29T11:59:11+00:00\",\"description\":\"Kukulkan Coat ve di\u011fer t\u00fcm \u00fcr\u00fcnlerimiz i\u00e7in Rise & Warm adresini hemen ziyaret edin. H\u0131zl\u0131 kargo ve g\u00fcvenli al\u0131\u015fveri\u015f!\",\"breadcrumb\":{\"@id\":\"https:\\\/\\\/riseandwarm.com\\\/tr\\\/urun\\\/kukulkan-fur-coat\\\/#breadcrumb\"},\"inLanguage\":\"tr\",\"potentialAction\":[{\"@type\":\"ReadAction\",\"target\":[\"https:\\\/\\\/riseandwarm.com\\\/tr\\\/urun\\\/kukulkan-fur-coat\\\/\"]}]},{\"@type\":\"ImageObject\",\"inLanguage\":\"tr\",\"@id\":\"https:\\\/\\\/riseandwarm.com\\\/tr\\\/urun\\\/kukulkan-fur-coat\\\/#primaryimage\",\"url\":\"https:\\\/\\\/riseandwarm.com\\\/wp-content\\\/uploads\\\/2022\\\/10\\\/KukulkanCoat3.jpeg\",\"contentUrl\":\"https:\\\/\\\/riseandwarm.com\\\/wp-content\\\/uploads\\\/2022\\\/10\\\/KukulkanCoat3.jpeg\",\"width\":1000,\"height\":1500},{\"@type\":\"BreadcrumbList\",\"@id\":\"https:\\\/\\\/riseandwarm.com\\\/tr\\\/urun\\\/kukulkan-fur-coat\\\/#breadcrumb\",\"itemListElement\":[{\"@type\":\"ListItem\",\"position\":1,\"name\":\"Home\",\"item\":\"https:\\\/\\\/riseandwarm.com\\\/tr\\\/\"},{\"@type\":\"ListItem\",\"position\":2,\"name\":\"Ma\u011faza\",\"item\":\"https:\\\/\\\/riseandwarm.com\\\/tr\\\/magaza\\\/\"},{\"@type\":\"ListItem\",\"position\":3,\"name\":\"Kukulkan Coat\"}]},{\"@type\":\"WebSite\",\"@id\":\"https:\\\/\\\/riseandwarm.com\\\/tr\\\/#website\",\"url\":\"https:\\\/\\\/riseandwarm.com\\\/tr\\\/\",\"name\":\"Rise | Warm\",\"description\":\"Free your self\",\"potentialAction\":[{\"@type\":\"SearchAction\",\"target\":{\"@type\":\"EntryPoint\",\"urlTemplate\":\"https:\\\/\\\/riseandwarm.com\\\/tr\\\/?s={search_term_string}\"},\"query-input\":{\"@type\":\"PropertyValueSpecification\",\"valueRequired\":true,\"valueName\":\"search_term_string\"}}],\"inLanguage\":\"tr\"}]}<\/script>\n<!-- \/ Yoast SEO plugin. -->","yoast_head_json":{"title":"Kukulkan Coat - Rise & Warm","description":"Kukulkan Coat ve di\u011fer t\u00fcm \u00fcr\u00fcnlerimiz i\u00e7in Rise & Warm adresini hemen ziyaret edin. H\u0131zl\u0131 kargo ve g\u00fcvenli al\u0131\u015fveri\u015f!","robots":{"index":"index","follow":"follow","max-snippet":"max-snippet:-1","max-image-preview":"max-image-preview:large","max-video-preview":"max-video-preview:-1"},"canonical":"https:\/\/riseandwarm.com\/tr\/urun\/kukulkan-fur-coat\/","og_locale":"tr_TR","og_type":"article","og_title":"Kukulkan Coat - Rise & Warm","og_description":"Kukulkan Coat ve di\u011fer t\u00fcm \u00fcr\u00fcnlerimiz i\u00e7in Rise & Warm adresini hemen ziyaret edin. H\u0131zl\u0131 kargo ve g\u00fcvenli al\u0131\u015fveri\u015f!","og_url":"https:\/\/riseandwarm.com\/tr\/urun\/kukulkan-fur-coat\/","og_site_name":"Rise | Warm","article_modified_time":"2025-11-29T11:59:11+00:00","og_image":[{"width":1000,"height":1500,"url":"https:\/\/riseandwarm.com\/wp-content\/uploads\/2022\/10\/KukulkanCoat3.jpeg","type":"image\/jpeg"}],"twitter_card":"summary_large_image","twitter_misc":{"Tahmini okuma s\u00fcresi":"1 dakika"},"schema":{"@context":"https:\/\/schema.org","@graph":[{"@type":"WebPage","@id":"https:\/\/riseandwarm.com\/tr\/urun\/kukulkan-fur-coat\/","url":"https:\/\/riseandwarm.com\/tr\/urun\/kukulkan-fur-coat\/","name":"Kukulkan Coat - Rise & Warm","isPartOf":{"@id":"https:\/\/riseandwarm.com\/tr\/#website"},"primaryImageOfPage":{"@id":"https:\/\/riseandwarm.com\/tr\/urun\/kukulkan-fur-coat\/#primaryimage"},"image":{"@id":"https:\/\/riseandwarm.com\/tr\/urun\/kukulkan-fur-coat\/#primaryimage"},"thumbnailUrl":"https:\/\/riseandwarm.com\/wp-content\/uploads\/2022\/10\/KukulkanCoat3.jpeg","datePublished":"2022-10-05T18:36:39+00:00","dateModified":"2025-11-29T11:59:11+00:00","description":"Kukulkan Coat ve di\u011fer t\u00fcm \u00fcr\u00fcnlerimiz i\u00e7in Rise & Warm adresini hemen ziyaret edin. H\u0131zl\u0131 kargo ve g\u00fcvenli al\u0131\u015fveri\u015f!","breadcrumb":{"@id":"https:\/\/riseandwarm.com\/tr\/urun\/kukulkan-fur-coat\/#breadcrumb"},"inLanguage":"tr","potentialAction":[{"@type":"ReadAction","target":["https:\/\/riseandwarm.com\/tr\/urun\/kukulkan-fur-coat\/"]}]},{"@type":"ImageObject","inLanguage":"tr","@id":"https:\/\/riseandwarm.com\/tr\/urun\/kukulkan-fur-coat\/#primaryimage","url":"https:\/\/riseandwarm.com\/wp-content\/uploads\/2022\/10\/KukulkanCoat3.jpeg","contentUrl":"https:\/\/riseandwarm.com\/wp-content\/uploads\/2022\/10\/KukulkanCoat3.jpeg","width":1000,"height":1500},{"@type":"BreadcrumbList","@id":"https:\/\/riseandwarm.com\/tr\/urun\/kukulkan-fur-coat\/#breadcrumb","itemListElement":[{"@type":"ListItem","position":1,"name":"Home","item":"https:\/\/riseandwarm.com\/tr\/"},{"@type":"ListItem","position":2,"name":"Ma\u011faza","item":"https:\/\/riseandwarm.com\/tr\/magaza\/"},{"@type":"ListItem","position":3,"name":"Kukulkan Coat"}]},{"@type":"WebSite","@id":"https:\/\/riseandwarm.com\/tr\/#website","url":"https:\/\/riseandwarm.com\/tr\/","name":"Rise | Warm","description":"Free your self","potentialAction":[{"@type":"SearchAction","target":{"@type":"EntryPoint","urlTemplate":"https:\/\/riseandwarm.com\/tr\/?s={search_term_string}"},"query-input":{"@type":"PropertyValueSpecification","valueRequired":true,"valueName":"search_term_string"}}],"inLanguage":"tr"}]}},"_links":{"self":[{"href":"https:\/\/riseandwarm.com\/tr\/wp-json\/wp\/v2\/product\/5652","targetHints":{"allow":["GET"]}}],"collection":[{"href":"https:\/\/riseandwarm.com\/tr\/wp-json\/wp\/v2\/product"}],"about":[{"href":"https:\/\/riseandwarm.com\/tr\/wp-json\/wp\/v2\/types\/product"}],"version-history":[{"count":3,"href":"https:\/\/riseandwarm.com\/tr\/wp-json\/wp\/v2\/product\/5652\/revisions"}],"predecessor-version":[{"id":23106,"href":"https:\/\/riseandwarm.com\/tr\/wp-json\/wp\/v2\/product\/5652\/revisions\/23106"}],"wp:featuredmedia":[{"embeddable":true,"href":"https:\/\/riseandwarm.com\/tr\/wp-json\/wp\/v2\/media\/7514"}],"wp:attachment":[{"href":"https:\/\/riseandwarm.com\/tr\/wp-json\/wp\/v2\/media?parent=5652"}],"wp:term":[{"taxonomy":"product_brand","embeddable":true,"href":"https:\/\/riseandwarm.com\/tr\/wp-json\/wp\/v2\/product_brand?post=5652"},{"taxonomy":"product_cat","embeddable":true,"href":"https:\/\/riseandwarm.com\/tr\/wp-json\/wp\/v2\/product_cat?post=5652"},{"taxonomy":"product_tag","embeddable":true,"href":"https:\/\/riseandwarm.com\/tr\/wp-json\/wp\/v2\/product_tag?post=5652"}],"curies":[{"name":"wp","href":"https:\/\/api.w.org\/{rel}","templated":true}]}}