{"id":5646,"date":"2022-10-05T18:03:33","date_gmt":"2022-10-05T18:03:33","guid":{"rendered":"https:\/\/riseandwarm.com\/?post_type=product&#038;p=5646"},"modified":"2025-11-29T12:02:19","modified_gmt":"2025-11-29T12:02:19","slug":"acan-elbise","status":"publish","type":"product","link":"https:\/\/riseandwarm.com\/tr\/urun\/acan-elbise\/","title":{"rendered":"Acan Dress"},"content":{"rendered":"<p><strong>Timeless Allure: Halter Neck Backless Dress<\/strong><\/p>\n<p>Destined to be a star piece in any wardrobe, this original design commands attention with its striking presence and elegant details. Crafted to fit XS and S sizes perfectly as a one-size-fits-all garment, this dress presents a contemporary and stylish look with its halter neck tie feature. The deep backless cut creates an eye-catching feminine allure, enhanced by the meticulously patterned lace that invites admiration. The blend of linen and acrylic fabric promises both elegance and comfort. With this dress, you will carry a sophisticated air with you in every step, whether it&#8217;s a refined dinner or the dynamism of daylight.<\/p>\n<p>HEIGHT 172 \/ BUST 83 \/ WAIST 62 \/ HIPS 91<\/p>\n<p><strong>Zamans\u0131z \u00c7ekicilik: Boyundan Ba\u011flamal\u0131 S\u0131rt Dekolteli Elbise<\/strong><\/p>\n<p>Bu \u00f6zg\u00fcn tasar\u0131m, etkileyici duru\u015fu ve zarif detaylar\u0131yla gard\u0131roplar\u0131n y\u0131ld\u0131z\u0131 olmaya aday. XS ve S beden sahiplerinin \u00fczerinde kusursuz duracak \u015fekilde tasarlanan bu tek beden elbise, boyundan ba\u011flamal\u0131 yap\u0131s\u0131 ile modern ve \u015f\u0131k bir g\u00f6r\u00fcn\u00fcm sunuyor. Derin s\u0131rt dekoltesi, feminen \u00e7izgileriyle g\u00f6z al\u0131c\u0131 bir etki yarat\u0131rken, \u00f6zenle i\u015flenmi\u015f dantel desenleriyle dikkatleri \u00fczerinize \u00e7ekecek. Keten ve akrilik kar\u0131\u015f\u0131m\u0131 kuma\u015f\u0131 sayesinde hem \u015f\u0131kl\u0131k hem de rahatl\u0131k vadediyor. Bu elbise ile her ad\u0131m\u0131n\u0131zda, ister zarif bir ak\u015fam yeme\u011finde isterse g\u00fcnd\u00fcz\u00fcn dinamizminde, sofistike bir hava ta\u015f\u0131yacaks\u0131n\u0131z.<\/p>\n","protected":false},"excerpt":{"rendered":"<p>Timeless Allure: Halter Neck Backless Dress Destined to be a star piece in any wardrobe, this original design commands attention<\/p>\n","protected":false},"featured_media":7729,"template":"","meta":[],"product_brand":[],"product_cat":[106,273],"product_tag":[],"class_list":{"0":"post-5646","1":"product","2":"type-product","3":"status-publish","4":"has-post-thumbnail","6":"product_cat-elbise-modelleri","7":"product_cat-ozel-fiyatlar","9":"first","10":"instock","11":"sale","12":"featured","13":"shipping-taxable","14":"purchasable","15":"product-type-simple"},"yoast_head":"<!-- This site is optimized with the Yoast SEO plugin v27.4 - https:\/\/yoast.com\/product\/yoast-seo-wordpress\/ -->\n<title>Acan Dress - Rise &amp; Warm<\/title>\n<meta name=\"description\" content=\"Acan Dress ve di\u011fer t\u00fcm \u00fcr\u00fcnlerimiz i\u00e7in Rise &amp; Warm adresini hemen ziyaret edin. H\u0131zl\u0131 kargo ve g\u00fcvenli al\u0131\u015fveri\u015f!\" \/>\n<meta name=\"robots\" content=\"index, follow, max-snippet:-1, max-image-preview:large, max-video-preview:-1\" \/>\n<link rel=\"canonical\" href=\"https:\/\/riseandwarm.com\/tr\/urun\/acan-elbise\/\" \/>\n<meta property=\"og:locale\" content=\"tr_TR\" \/>\n<meta property=\"og:type\" content=\"article\" \/>\n<meta property=\"og:title\" content=\"Acan Dress - Rise &amp; Warm\" \/>\n<meta property=\"og:description\" content=\"Acan Dress ve di\u011fer t\u00fcm \u00fcr\u00fcnlerimiz i\u00e7in Rise &amp; Warm adresini hemen ziyaret edin. H\u0131zl\u0131 kargo ve g\u00fcvenli al\u0131\u015fveri\u015f!\" \/>\n<meta property=\"og:url\" content=\"https:\/\/riseandwarm.com\/tr\/urun\/acan-elbise\/\" \/>\n<meta property=\"og:site_name\" content=\"Rise | Warm\" \/>\n<meta property=\"article:modified_time\" content=\"2025-11-29T12:02:19+00:00\" \/>\n<meta property=\"og:image\" content=\"https:\/\/riseandwarm.com\/wp-content\/uploads\/2024\/03\/AcanDress4.jpg\" \/>\n\t<meta property=\"og:image:width\" content=\"1000\" \/>\n\t<meta property=\"og:image:height\" content=\"1500\" \/>\n\t<meta property=\"og:image:type\" content=\"image\/jpeg\" \/>\n<meta name=\"twitter:card\" content=\"summary_large_image\" \/>\n<meta name=\"twitter:label1\" content=\"Tahmini okuma s\u00fcresi\" \/>\n\t<meta name=\"twitter:data1\" content=\"2 dakika\" \/>\n<script type=\"application\/ld+json\" class=\"yoast-schema-graph\">{\"@context\":\"https:\\\/\\\/schema.org\",\"@graph\":[{\"@type\":\"WebPage\",\"@id\":\"https:\\\/\\\/riseandwarm.com\\\/tr\\\/urun\\\/acan-elbise\\\/\",\"url\":\"https:\\\/\\\/riseandwarm.com\\\/tr\\\/urun\\\/acan-elbise\\\/\",\"name\":\"Acan Dress - Rise & Warm\",\"isPartOf\":{\"@id\":\"https:\\\/\\\/riseandwarm.com\\\/tr\\\/#website\"},\"primaryImageOfPage\":{\"@id\":\"https:\\\/\\\/riseandwarm.com\\\/tr\\\/urun\\\/acan-elbise\\\/#primaryimage\"},\"image\":{\"@id\":\"https:\\\/\\\/riseandwarm.com\\\/tr\\\/urun\\\/acan-elbise\\\/#primaryimage\"},\"thumbnailUrl\":\"https:\\\/\\\/riseandwarm.com\\\/wp-content\\\/uploads\\\/2024\\\/03\\\/AcanDress4.jpg\",\"datePublished\":\"2022-10-05T18:03:33+00:00\",\"dateModified\":\"2025-11-29T12:02:19+00:00\",\"description\":\"Acan Dress ve di\u011fer t\u00fcm \u00fcr\u00fcnlerimiz i\u00e7in Rise & Warm adresini hemen ziyaret edin. H\u0131zl\u0131 kargo ve g\u00fcvenli al\u0131\u015fveri\u015f!\",\"breadcrumb\":{\"@id\":\"https:\\\/\\\/riseandwarm.com\\\/tr\\\/urun\\\/acan-elbise\\\/#breadcrumb\"},\"inLanguage\":\"tr\",\"potentialAction\":[{\"@type\":\"ReadAction\",\"target\":[\"https:\\\/\\\/riseandwarm.com\\\/tr\\\/urun\\\/acan-elbise\\\/\"]}]},{\"@type\":\"ImageObject\",\"inLanguage\":\"tr\",\"@id\":\"https:\\\/\\\/riseandwarm.com\\\/tr\\\/urun\\\/acan-elbise\\\/#primaryimage\",\"url\":\"https:\\\/\\\/riseandwarm.com\\\/wp-content\\\/uploads\\\/2024\\\/03\\\/AcanDress4.jpg\",\"contentUrl\":\"https:\\\/\\\/riseandwarm.com\\\/wp-content\\\/uploads\\\/2024\\\/03\\\/AcanDress4.jpg\",\"width\":1000,\"height\":1500},{\"@type\":\"BreadcrumbList\",\"@id\":\"https:\\\/\\\/riseandwarm.com\\\/tr\\\/urun\\\/acan-elbise\\\/#breadcrumb\",\"itemListElement\":[{\"@type\":\"ListItem\",\"position\":1,\"name\":\"Home\",\"item\":\"https:\\\/\\\/riseandwarm.com\\\/tr\\\/\"},{\"@type\":\"ListItem\",\"position\":2,\"name\":\"Ma\u011faza\",\"item\":\"https:\\\/\\\/riseandwarm.com\\\/tr\\\/magaza\\\/\"},{\"@type\":\"ListItem\",\"position\":3,\"name\":\"Acan Dress\"}]},{\"@type\":\"WebSite\",\"@id\":\"https:\\\/\\\/riseandwarm.com\\\/tr\\\/#website\",\"url\":\"https:\\\/\\\/riseandwarm.com\\\/tr\\\/\",\"name\":\"Rise | Warm\",\"description\":\"Free your self\",\"potentialAction\":[{\"@type\":\"SearchAction\",\"target\":{\"@type\":\"EntryPoint\",\"urlTemplate\":\"https:\\\/\\\/riseandwarm.com\\\/tr\\\/?s={search_term_string}\"},\"query-input\":{\"@type\":\"PropertyValueSpecification\",\"valueRequired\":true,\"valueName\":\"search_term_string\"}}],\"inLanguage\":\"tr\"}]}<\/script>\n<!-- \/ Yoast SEO plugin. -->","yoast_head_json":{"title":"Acan Dress - Rise & Warm","description":"Acan Dress ve di\u011fer t\u00fcm \u00fcr\u00fcnlerimiz i\u00e7in Rise & Warm adresini hemen ziyaret edin. H\u0131zl\u0131 kargo ve g\u00fcvenli al\u0131\u015fveri\u015f!","robots":{"index":"index","follow":"follow","max-snippet":"max-snippet:-1","max-image-preview":"max-image-preview:large","max-video-preview":"max-video-preview:-1"},"canonical":"https:\/\/riseandwarm.com\/tr\/urun\/acan-elbise\/","og_locale":"tr_TR","og_type":"article","og_title":"Acan Dress - Rise & Warm","og_description":"Acan Dress ve di\u011fer t\u00fcm \u00fcr\u00fcnlerimiz i\u00e7in Rise & Warm adresini hemen ziyaret edin. H\u0131zl\u0131 kargo ve g\u00fcvenli al\u0131\u015fveri\u015f!","og_url":"https:\/\/riseandwarm.com\/tr\/urun\/acan-elbise\/","og_site_name":"Rise | Warm","article_modified_time":"2025-11-29T12:02:19+00:00","og_image":[{"width":1000,"height":1500,"url":"https:\/\/riseandwarm.com\/wp-content\/uploads\/2024\/03\/AcanDress4.jpg","type":"image\/jpeg"}],"twitter_card":"summary_large_image","twitter_misc":{"Tahmini okuma s\u00fcresi":"2 dakika"},"schema":{"@context":"https:\/\/schema.org","@graph":[{"@type":"WebPage","@id":"https:\/\/riseandwarm.com\/tr\/urun\/acan-elbise\/","url":"https:\/\/riseandwarm.com\/tr\/urun\/acan-elbise\/","name":"Acan Dress - Rise & Warm","isPartOf":{"@id":"https:\/\/riseandwarm.com\/tr\/#website"},"primaryImageOfPage":{"@id":"https:\/\/riseandwarm.com\/tr\/urun\/acan-elbise\/#primaryimage"},"image":{"@id":"https:\/\/riseandwarm.com\/tr\/urun\/acan-elbise\/#primaryimage"},"thumbnailUrl":"https:\/\/riseandwarm.com\/wp-content\/uploads\/2024\/03\/AcanDress4.jpg","datePublished":"2022-10-05T18:03:33+00:00","dateModified":"2025-11-29T12:02:19+00:00","description":"Acan Dress ve di\u011fer t\u00fcm \u00fcr\u00fcnlerimiz i\u00e7in Rise & Warm adresini hemen ziyaret edin. H\u0131zl\u0131 kargo ve g\u00fcvenli al\u0131\u015fveri\u015f!","breadcrumb":{"@id":"https:\/\/riseandwarm.com\/tr\/urun\/acan-elbise\/#breadcrumb"},"inLanguage":"tr","potentialAction":[{"@type":"ReadAction","target":["https:\/\/riseandwarm.com\/tr\/urun\/acan-elbise\/"]}]},{"@type":"ImageObject","inLanguage":"tr","@id":"https:\/\/riseandwarm.com\/tr\/urun\/acan-elbise\/#primaryimage","url":"https:\/\/riseandwarm.com\/wp-content\/uploads\/2024\/03\/AcanDress4.jpg","contentUrl":"https:\/\/riseandwarm.com\/wp-content\/uploads\/2024\/03\/AcanDress4.jpg","width":1000,"height":1500},{"@type":"BreadcrumbList","@id":"https:\/\/riseandwarm.com\/tr\/urun\/acan-elbise\/#breadcrumb","itemListElement":[{"@type":"ListItem","position":1,"name":"Home","item":"https:\/\/riseandwarm.com\/tr\/"},{"@type":"ListItem","position":2,"name":"Ma\u011faza","item":"https:\/\/riseandwarm.com\/tr\/magaza\/"},{"@type":"ListItem","position":3,"name":"Acan Dress"}]},{"@type":"WebSite","@id":"https:\/\/riseandwarm.com\/tr\/#website","url":"https:\/\/riseandwarm.com\/tr\/","name":"Rise | Warm","description":"Free your self","potentialAction":[{"@type":"SearchAction","target":{"@type":"EntryPoint","urlTemplate":"https:\/\/riseandwarm.com\/tr\/?s={search_term_string}"},"query-input":{"@type":"PropertyValueSpecification","valueRequired":true,"valueName":"search_term_string"}}],"inLanguage":"tr"}]}},"_links":{"self":[{"href":"https:\/\/riseandwarm.com\/tr\/wp-json\/wp\/v2\/product\/5646","targetHints":{"allow":["GET"]}}],"collection":[{"href":"https:\/\/riseandwarm.com\/tr\/wp-json\/wp\/v2\/product"}],"about":[{"href":"https:\/\/riseandwarm.com\/tr\/wp-json\/wp\/v2\/types\/product"}],"version-history":[{"count":2,"href":"https:\/\/riseandwarm.com\/tr\/wp-json\/wp\/v2\/product\/5646\/revisions"}],"predecessor-version":[{"id":23104,"href":"https:\/\/riseandwarm.com\/tr\/wp-json\/wp\/v2\/product\/5646\/revisions\/23104"}],"wp:featuredmedia":[{"embeddable":true,"href":"https:\/\/riseandwarm.com\/tr\/wp-json\/wp\/v2\/media\/7729"}],"wp:attachment":[{"href":"https:\/\/riseandwarm.com\/tr\/wp-json\/wp\/v2\/media?parent=5646"}],"wp:term":[{"taxonomy":"product_brand","embeddable":true,"href":"https:\/\/riseandwarm.com\/tr\/wp-json\/wp\/v2\/product_brand?post=5646"},{"taxonomy":"product_cat","embeddable":true,"href":"https:\/\/riseandwarm.com\/tr\/wp-json\/wp\/v2\/product_cat?post=5646"},{"taxonomy":"product_tag","embeddable":true,"href":"https:\/\/riseandwarm.com\/tr\/wp-json\/wp\/v2\/product_tag?post=5646"}],"curies":[{"name":"wp","href":"https:\/\/api.w.org\/{rel}","templated":true}]}}