{"id":25071,"date":"2026-04-27T19:09:41","date_gmt":"2026-04-27T19:09:41","guid":{"rendered":"https:\/\/riseandwarm.com\/urun\/siyah-kuru-keten-sortlar\/"},"modified":"2026-04-27T19:20:35","modified_gmt":"2026-04-27T19:20:35","slug":"siyah-kuru-keten-sortlar","status":"publish","type":"product","link":"https:\/\/riseandwarm.com\/tr\/urun\/siyah-kuru-keten-sortlar\/","title":{"rendered":"Arid Keten \u015eort Siyah"},"content":{"rendered":"<p data-path-to-node=\"4\">Rise &amp; Warm\u2019un \u00f6zg\u00fcr ruhlu tasar\u0131m anlay\u0131\u015f\u0131n\u0131 yans\u0131tan Arid \u015eort, ketenin ham dokusunu iddial\u0131 detaylarla bulu\u015fturuyor. Y\u00fcksek belli ve konforlu lastikli tasar\u0131m\u0131, yan k\u0131s\u0131mlarda yer alan <b data-path-to-node=\"4\" data-index-in-node=\"188\">metal ku\u015fg\u00f6z\u00fc ve \u00e7apraz ba\u011flama detaylar\u0131yla<\/b>birle\u015ferek boydan boya \u00e7arp\u0131c\u0131 bir bacak dekoltesi sunar. Hem kumsal rotalar\u0131nda hem de festival stilinde fark yaratan Arid, do\u011fal \u015f\u0131kl\u0131\u011f\u0131 cesur bir tav\u0131rla m\u00fch\u00fcrler.<\/p>\n<ul data-path-to-node=\"5\">\n<li>\n<p data-path-to-node=\"5,0,0\"><b data-path-to-node=\"5,0,0\" data-index-in-node=\"0\">Materyal:<\/b> Y\u00fcksek kaliteli <b data-path-to-node=\"5,0,0\" data-index-in-node=\"26\">Keten ve Viskoz<\/b> kar\u0131\u015f\u0131ml\u0131, nefes alan ve formu koruyan \u00f6zel doku.<\/p>\n<\/li>\n<li>\n<p data-path-to-node=\"5,1,0\"><b data-path-to-node=\"5,1,0\" data-index-in-node=\"0\">\u00d6ne \u00c7\u0131kan \u00d6zellikler:<\/b> Beli lastikli y\u00fcksek bel kesimi, yanlarda ku\u015fg\u00f6z\u00fc ve kordonlu \u00e7apraz ba\u011flama (lace-up) detay\u0131, boydan boya bacak dekoltesi.<\/p>\n<\/li>\n<li>\n<p data-path-to-node=\"5,2,0\"><b data-path-to-node=\"5,2,0\" data-index-in-node=\"0\">Beden:<\/b> Tasar\u0131m\u0131m\u0131z <b data-path-to-node=\"5,2,0\" data-index-in-node=\"19\">STANDART<\/b> bedendir. <b data-path-to-node=\"5,2,0\" data-index-in-node=\"121\">XS,S \u00a0bedene kadar<\/b> kusursuz uyum sa\u011flar.<\/p>\n<\/li>\n<li>\n<p data-path-to-node=\"5,3,0\"><b data-path-to-node=\"5,3,0\" data-index-in-node=\"0\">Stil \u00d6nerisi:<\/b> \u015eortun iddial\u0131 dekoltesini ayn\u0131 tonlarda bir keten g\u00f6mlek veya b\u00fcstiyerle tamamlayabilirsiniz.<\/p>\n<\/li>\n<li>\n<p data-path-to-node=\"5,4,0\"><b data-path-to-node=\"5,4,0\" data-index-in-node=\"0\">Bak\u0131m:<\/b> Metal detaylar\u0131n ve keten dokusunun formunu korumak i\u00e7in hassas y\u0131kama veya kuru temizleme \u00f6nerilir.<\/p>\n<\/li>\n<\/ul>\n<p>Model : HEIGHT 176 \/ BUST 81 \/ WAIST 64 \/ HIPS 89<\/p>\n","protected":false},"excerpt":{"rendered":"<p>Rise &amp; Warm\u2019un \u00f6zg\u00fcr ruhlu tasar\u0131m anlay\u0131\u015f\u0131n\u0131 yans\u0131tan Arid \u015eort, ketenin ham dokusunu iddial\u0131 detaylarla bulu\u015fturuyor. Y\u00fcksek belli ve konforlu<\/p>\n","protected":false},"featured_media":6229,"template":"","meta":[],"product_brand":[],"product_cat":[424,419],"product_tag":[],"class_list":{"0":"post-25071","1":"product","2":"type-product","3":"status-publish","4":"has-post-thumbnail","6":"product_cat-archive","7":"product_cat-arsiv","9":"first","10":"instock","11":"sale","12":"shipping-taxable","13":"purchasable","14":"product-type-simple"},"yoast_head":"<!-- This site is optimized with the Yoast SEO plugin v27.5 - https:\/\/yoast.com\/product\/yoast-seo-wordpress\/ -->\n<title>Arid Keten \u015eort Siyah - Rise &amp; Warm<\/title>\n<meta name=\"description\" content=\"Arid Keten \u015eort Siyah ve di\u011fer t\u00fcm \u00fcr\u00fcnlerimiz i\u00e7in Rise &amp; Warm adresini hemen ziyaret edin. H\u0131zl\u0131 kargo ve g\u00fcvenli al\u0131\u015fveri\u015f!\" \/>\n<meta name=\"robots\" content=\"index, follow, max-snippet:-1, max-image-preview:large, max-video-preview:-1\" \/>\n<link rel=\"canonical\" href=\"https:\/\/riseandwarm.com\/tr\/urun\/siyah-kuru-keten-sortlar\/\" \/>\n<meta property=\"og:locale\" content=\"tr_TR\" \/>\n<meta property=\"og:type\" content=\"article\" \/>\n<meta property=\"og:title\" content=\"Arid Keten \u015eort Siyah - Rise &amp; Warm\" \/>\n<meta property=\"og:description\" content=\"Arid Keten \u015eort Siyah ve di\u011fer t\u00fcm \u00fcr\u00fcnlerimiz i\u00e7in Rise &amp; Warm adresini hemen ziyaret edin. H\u0131zl\u0131 kargo ve g\u00fcvenli al\u0131\u015fveri\u015f!\" \/>\n<meta property=\"og:url\" content=\"https:\/\/riseandwarm.com\/tr\/urun\/siyah-kuru-keten-sortlar\/\" \/>\n<meta property=\"og:site_name\" content=\"Rise | Warm\" \/>\n<meta property=\"article:modified_time\" content=\"2026-04-27T19:20:35+00:00\" \/>\n<meta property=\"og:image\" content=\"https:\/\/riseandwarm.com\/wp-content\/uploads\/2023\/06\/AridSortSiyah-Imaj3.jpg\" \/>\n\t<meta property=\"og:image:width\" content=\"1000\" \/>\n\t<meta property=\"og:image:height\" content=\"1500\" \/>\n\t<meta property=\"og:image:type\" content=\"image\/jpeg\" \/>\n<meta name=\"twitter:card\" content=\"summary_large_image\" \/>\n<meta name=\"twitter:label1\" content=\"Tahmini okuma s\u00fcresi\" \/>\n\t<meta name=\"twitter:data1\" content=\"1 dakika\" \/>\n<script type=\"application\/ld+json\" class=\"yoast-schema-graph\">{\"@context\":\"https:\\\/\\\/schema.org\",\"@graph\":[{\"@type\":\"WebPage\",\"@id\":\"https:\\\/\\\/riseandwarm.com\\\/tr\\\/urun\\\/siyah-kuru-keten-sortlar\\\/\",\"url\":\"https:\\\/\\\/riseandwarm.com\\\/tr\\\/urun\\\/siyah-kuru-keten-sortlar\\\/\",\"name\":\"Arid Keten \u015eort Siyah - Rise & Warm\",\"isPartOf\":{\"@id\":\"https:\\\/\\\/riseandwarm.com\\\/tr\\\/#website\"},\"primaryImageOfPage\":{\"@id\":\"https:\\\/\\\/riseandwarm.com\\\/tr\\\/urun\\\/siyah-kuru-keten-sortlar\\\/#primaryimage\"},\"image\":{\"@id\":\"https:\\\/\\\/riseandwarm.com\\\/tr\\\/urun\\\/siyah-kuru-keten-sortlar\\\/#primaryimage\"},\"thumbnailUrl\":\"https:\\\/\\\/riseandwarm.com\\\/wp-content\\\/uploads\\\/2023\\\/06\\\/AridSortSiyah-Imaj3.jpg\",\"datePublished\":\"2026-04-27T19:09:41+00:00\",\"dateModified\":\"2026-04-27T19:20:35+00:00\",\"description\":\"Arid Keten \u015eort Siyah ve di\u011fer t\u00fcm \u00fcr\u00fcnlerimiz i\u00e7in Rise & Warm adresini hemen ziyaret edin. H\u0131zl\u0131 kargo ve g\u00fcvenli al\u0131\u015fveri\u015f!\",\"breadcrumb\":{\"@id\":\"https:\\\/\\\/riseandwarm.com\\\/tr\\\/urun\\\/siyah-kuru-keten-sortlar\\\/#breadcrumb\"},\"inLanguage\":\"tr\",\"potentialAction\":[{\"@type\":\"ReadAction\",\"target\":[\"https:\\\/\\\/riseandwarm.com\\\/tr\\\/urun\\\/siyah-kuru-keten-sortlar\\\/\"]}]},{\"@type\":\"ImageObject\",\"inLanguage\":\"tr\",\"@id\":\"https:\\\/\\\/riseandwarm.com\\\/tr\\\/urun\\\/siyah-kuru-keten-sortlar\\\/#primaryimage\",\"url\":\"https:\\\/\\\/riseandwarm.com\\\/wp-content\\\/uploads\\\/2023\\\/06\\\/AridSortSiyah-Imaj3.jpg\",\"contentUrl\":\"https:\\\/\\\/riseandwarm.com\\\/wp-content\\\/uploads\\\/2023\\\/06\\\/AridSortSiyah-Imaj3.jpg\",\"width\":1000,\"height\":1500},{\"@type\":\"BreadcrumbList\",\"@id\":\"https:\\\/\\\/riseandwarm.com\\\/tr\\\/urun\\\/siyah-kuru-keten-sortlar\\\/#breadcrumb\",\"itemListElement\":[{\"@type\":\"ListItem\",\"position\":1,\"name\":\"Home\",\"item\":\"https:\\\/\\\/riseandwarm.com\\\/tr\\\/\"},{\"@type\":\"ListItem\",\"position\":2,\"name\":\"Ma\u011faza\",\"item\":\"https:\\\/\\\/riseandwarm.com\\\/tr\\\/magaza\\\/\"},{\"@type\":\"ListItem\",\"position\":3,\"name\":\"Arid Keten \u015eort Siyah\"}]},{\"@type\":\"WebSite\",\"@id\":\"https:\\\/\\\/riseandwarm.com\\\/tr\\\/#website\",\"url\":\"https:\\\/\\\/riseandwarm.com\\\/tr\\\/\",\"name\":\"Rise | Warm\",\"description\":\"Free your self\",\"potentialAction\":[{\"@type\":\"SearchAction\",\"target\":{\"@type\":\"EntryPoint\",\"urlTemplate\":\"https:\\\/\\\/riseandwarm.com\\\/tr\\\/?s={search_term_string}\"},\"query-input\":{\"@type\":\"PropertyValueSpecification\",\"valueRequired\":true,\"valueName\":\"search_term_string\"}}],\"inLanguage\":\"tr\"}]}<\/script>\n<!-- \/ Yoast SEO plugin. -->","yoast_head_json":{"title":"Arid Keten \u015eort Siyah - Rise & Warm","description":"Arid Keten \u015eort Siyah ve di\u011fer t\u00fcm \u00fcr\u00fcnlerimiz i\u00e7in Rise & Warm adresini hemen ziyaret edin. H\u0131zl\u0131 kargo ve g\u00fcvenli al\u0131\u015fveri\u015f!","robots":{"index":"index","follow":"follow","max-snippet":"max-snippet:-1","max-image-preview":"max-image-preview:large","max-video-preview":"max-video-preview:-1"},"canonical":"https:\/\/riseandwarm.com\/tr\/urun\/siyah-kuru-keten-sortlar\/","og_locale":"tr_TR","og_type":"article","og_title":"Arid Keten \u015eort Siyah - Rise & Warm","og_description":"Arid Keten \u015eort Siyah ve di\u011fer t\u00fcm \u00fcr\u00fcnlerimiz i\u00e7in Rise & Warm adresini hemen ziyaret edin. H\u0131zl\u0131 kargo ve g\u00fcvenli al\u0131\u015fveri\u015f!","og_url":"https:\/\/riseandwarm.com\/tr\/urun\/siyah-kuru-keten-sortlar\/","og_site_name":"Rise | Warm","article_modified_time":"2026-04-27T19:20:35+00:00","og_image":[{"width":1000,"height":1500,"url":"https:\/\/riseandwarm.com\/wp-content\/uploads\/2023\/06\/AridSortSiyah-Imaj3.jpg","type":"image\/jpeg"}],"twitter_card":"summary_large_image","twitter_misc":{"Tahmini okuma s\u00fcresi":"1 dakika"},"schema":{"@context":"https:\/\/schema.org","@graph":[{"@type":"WebPage","@id":"https:\/\/riseandwarm.com\/tr\/urun\/siyah-kuru-keten-sortlar\/","url":"https:\/\/riseandwarm.com\/tr\/urun\/siyah-kuru-keten-sortlar\/","name":"Arid Keten \u015eort Siyah - Rise & Warm","isPartOf":{"@id":"https:\/\/riseandwarm.com\/tr\/#website"},"primaryImageOfPage":{"@id":"https:\/\/riseandwarm.com\/tr\/urun\/siyah-kuru-keten-sortlar\/#primaryimage"},"image":{"@id":"https:\/\/riseandwarm.com\/tr\/urun\/siyah-kuru-keten-sortlar\/#primaryimage"},"thumbnailUrl":"https:\/\/riseandwarm.com\/wp-content\/uploads\/2023\/06\/AridSortSiyah-Imaj3.jpg","datePublished":"2026-04-27T19:09:41+00:00","dateModified":"2026-04-27T19:20:35+00:00","description":"Arid Keten \u015eort Siyah ve di\u011fer t\u00fcm \u00fcr\u00fcnlerimiz i\u00e7in Rise & Warm adresini hemen ziyaret edin. H\u0131zl\u0131 kargo ve g\u00fcvenli al\u0131\u015fveri\u015f!","breadcrumb":{"@id":"https:\/\/riseandwarm.com\/tr\/urun\/siyah-kuru-keten-sortlar\/#breadcrumb"},"inLanguage":"tr","potentialAction":[{"@type":"ReadAction","target":["https:\/\/riseandwarm.com\/tr\/urun\/siyah-kuru-keten-sortlar\/"]}]},{"@type":"ImageObject","inLanguage":"tr","@id":"https:\/\/riseandwarm.com\/tr\/urun\/siyah-kuru-keten-sortlar\/#primaryimage","url":"https:\/\/riseandwarm.com\/wp-content\/uploads\/2023\/06\/AridSortSiyah-Imaj3.jpg","contentUrl":"https:\/\/riseandwarm.com\/wp-content\/uploads\/2023\/06\/AridSortSiyah-Imaj3.jpg","width":1000,"height":1500},{"@type":"BreadcrumbList","@id":"https:\/\/riseandwarm.com\/tr\/urun\/siyah-kuru-keten-sortlar\/#breadcrumb","itemListElement":[{"@type":"ListItem","position":1,"name":"Home","item":"https:\/\/riseandwarm.com\/tr\/"},{"@type":"ListItem","position":2,"name":"Ma\u011faza","item":"https:\/\/riseandwarm.com\/tr\/magaza\/"},{"@type":"ListItem","position":3,"name":"Arid Keten \u015eort Siyah"}]},{"@type":"WebSite","@id":"https:\/\/riseandwarm.com\/tr\/#website","url":"https:\/\/riseandwarm.com\/tr\/","name":"Rise | Warm","description":"Free your self","potentialAction":[{"@type":"SearchAction","target":{"@type":"EntryPoint","urlTemplate":"https:\/\/riseandwarm.com\/tr\/?s={search_term_string}"},"query-input":{"@type":"PropertyValueSpecification","valueRequired":true,"valueName":"search_term_string"}}],"inLanguage":"tr"}]}},"_links":{"self":[{"href":"https:\/\/riseandwarm.com\/tr\/wp-json\/wp\/v2\/product\/25071","targetHints":{"allow":["GET"]}}],"collection":[{"href":"https:\/\/riseandwarm.com\/tr\/wp-json\/wp\/v2\/product"}],"about":[{"href":"https:\/\/riseandwarm.com\/tr\/wp-json\/wp\/v2\/types\/product"}],"version-history":[{"count":2,"href":"https:\/\/riseandwarm.com\/tr\/wp-json\/wp\/v2\/product\/25071\/revisions"}],"predecessor-version":[{"id":25075,"href":"https:\/\/riseandwarm.com\/tr\/wp-json\/wp\/v2\/product\/25071\/revisions\/25075"}],"wp:featuredmedia":[{"embeddable":true,"href":"https:\/\/riseandwarm.com\/tr\/wp-json\/wp\/v2\/media\/6229"}],"wp:attachment":[{"href":"https:\/\/riseandwarm.com\/tr\/wp-json\/wp\/v2\/media?parent=25071"}],"wp:term":[{"taxonomy":"product_brand","embeddable":true,"href":"https:\/\/riseandwarm.com\/tr\/wp-json\/wp\/v2\/product_brand?post=25071"},{"taxonomy":"product_cat","embeddable":true,"href":"https:\/\/riseandwarm.com\/tr\/wp-json\/wp\/v2\/product_cat?post=25071"},{"taxonomy":"product_tag","embeddable":true,"href":"https:\/\/riseandwarm.com\/tr\/wp-json\/wp\/v2\/product_tag?post=25071"}],"curies":[{"name":"wp","href":"https:\/\/api.w.org\/{rel}","templated":true}]}}