{"id":24853,"date":"2026-04-26T12:09:35","date_gmt":"2026-04-26T12:09:35","guid":{"rendered":"https:\/\/riseandwarm.com\/?post_type=product&#038;p=24853"},"modified":"2026-04-26T20:11:30","modified_gmt":"2026-04-26T20:11:30","slug":"yopaat-pijama-takim","status":"publish","type":"product","link":"https:\/\/riseandwarm.com\/tr\/urun\/yopaat-pijama-takim\/","title":{"rendered":"Yopaat Pijama Tak\u0131m Bej"},"content":{"rendered":"<p data-path-to-node=\"4\">Konforu minimal bir estetikle bulu\u015fturan Yopaat Set, uyku ve ev giyiminde zarafeti \u00f6n plana \u00e7\u0131kar\u0131yor. Pamuk ve viskozun nefes alan, yumu\u015fak dokusundan \u00fcretilen bu ikili; ince ask\u0131l\u0131 atleti ve beli lastikli mini \u015fortuyla g\u00fcn boyu eforsuz bir \u015f\u0131kl\u0131k sunar.<\/p>\n<ul data-path-to-node=\"5\">\n<li>\n<p data-path-to-node=\"5,0,0\"><b data-path-to-node=\"5,0,0\" data-index-in-node=\"0\">Materyal:<\/b> Y\u00fcksek kaliteli <b data-path-to-node=\"5,0,0\" data-index-in-node=\"26\">Pamuk ve Viskoz<\/b> kar\u0131\u015f\u0131ml\u0131, nefes alan ve yumu\u015fak doku.<\/p>\n<\/li>\n<li>\n<p data-path-to-node=\"5,1,0\"><b data-path-to-node=\"5,1,0\" data-index-in-node=\"0\">\u00d6ne \u00c7\u0131kan \u00d6zellikler:<\/b> \u0130ki par\u00e7al\u0131 set (\u0130nce ask\u0131l\u0131 atlet &amp; Mini \u015fort), beli lastikli ve konforlu \u015fort kal\u0131bu, hafif ve esnek yap\u0131.<\/p>\n<\/li>\n<li>\n<p data-path-to-node=\"5,2,0\"><b data-path-to-node=\"5,2,0\" data-index-in-node=\"0\">Beden:<\/b> Tasar\u0131m\u0131m\u0131z <b data-path-to-node=\"5,2,0\" data-index-in-node=\"19\">STANDART<\/b> bedendir. Kuma\u015f\u0131n esnek dokusu ve rahat kesimi sayesinde <b data-path-to-node=\"5,2,0\" data-index-in-node=\"85\">XS bedenden M bedene kadar<\/b> kusursuz uyum sa\u011flar.<\/p>\n<\/li>\n<li>\n<p data-path-to-node=\"5,4,0\"><b data-path-to-node=\"5,4,0\" data-index-in-node=\"0\">Bak\u0131m:<\/b> Pamuk-viskoz kar\u0131\u015f\u0131m\u0131n\u0131n yumu\u015fakl\u0131\u011f\u0131n\u0131 korumak i\u00e7in hassas y\u0131kama \u00f6nerilir.<\/p>\n<\/li>\n<\/ul>\n","protected":false},"excerpt":{"rendered":"<p>Konforu minimal bir estetikle bulu\u015fturan Yopaat Set, uyku ve ev giyiminde zarafeti \u00f6n plana \u00e7\u0131kar\u0131yor. Pamuk ve viskozun nefes alan,<\/p>\n","protected":false},"featured_media":5597,"template":"","meta":[],"product_brand":[],"product_cat":[424,419],"product_tag":[],"class_list":{"0":"post-24853","1":"product","2":"type-product","3":"status-publish","4":"has-post-thumbnail","6":"product_cat-archive","7":"product_cat-arsiv","9":"first","10":"instock","11":"sale","12":"shipping-taxable","13":"purchasable","14":"product-type-simple"},"yoast_head":"<!-- This site is optimized with the Yoast SEO plugin v27.5 - https:\/\/yoast.com\/product\/yoast-seo-wordpress\/ -->\n<title>Yopaat Pijama Tak\u0131m Bej - Rise &amp; Warm<\/title>\n<meta name=\"description\" content=\"Yopaat Pijama Tak\u0131m Bej ve di\u011fer t\u00fcm \u00fcr\u00fcnlerimiz i\u00e7in Rise &amp; Warm adresini hemen ziyaret edin. H\u0131zl\u0131 kargo ve g\u00fcvenli al\u0131\u015fveri\u015f!\" \/>\n<meta name=\"robots\" content=\"index, follow, max-snippet:-1, max-image-preview:large, max-video-preview:-1\" \/>\n<link rel=\"canonical\" href=\"https:\/\/riseandwarm.com\/tr\/urun\/yopaat-pijama-takim\/\" \/>\n<meta property=\"og:locale\" content=\"tr_TR\" \/>\n<meta property=\"og:type\" content=\"article\" \/>\n<meta property=\"og:title\" content=\"Yopaat Pijama Tak\u0131m Bej - Rise &amp; Warm\" \/>\n<meta property=\"og:description\" content=\"Yopaat Pijama Tak\u0131m Bej ve di\u011fer t\u00fcm \u00fcr\u00fcnlerimiz i\u00e7in Rise &amp; Warm adresini hemen ziyaret edin. H\u0131zl\u0131 kargo ve g\u00fcvenli al\u0131\u015fveri\u015f!\" \/>\n<meta property=\"og:url\" content=\"https:\/\/riseandwarm.com\/tr\/urun\/yopaat-pijama-takim\/\" \/>\n<meta property=\"og:site_name\" content=\"Rise | Warm\" \/>\n<meta property=\"article:modified_time\" content=\"2026-04-26T20:11:30+00:00\" \/>\n<meta property=\"og:image\" content=\"https:\/\/riseandwarm.com\/wp-content\/uploads\/2022\/05\/Yopaat-Takim-Bej-Dekupe1.jpg\" \/>\n\t<meta property=\"og:image:width\" content=\"1000\" \/>\n\t<meta property=\"og:image:height\" content=\"1500\" \/>\n\t<meta property=\"og:image:type\" content=\"image\/jpeg\" \/>\n<meta name=\"twitter:card\" content=\"summary_large_image\" \/>\n<meta name=\"twitter:label1\" content=\"Tahmini okuma s\u00fcresi\" \/>\n\t<meta name=\"twitter:data1\" content=\"1 dakika\" \/>\n<script type=\"application\/ld+json\" class=\"yoast-schema-graph\">{\"@context\":\"https:\\\/\\\/schema.org\",\"@graph\":[{\"@type\":\"WebPage\",\"@id\":\"https:\\\/\\\/riseandwarm.com\\\/tr\\\/urun\\\/yopaat-pijama-takim\\\/\",\"url\":\"https:\\\/\\\/riseandwarm.com\\\/tr\\\/urun\\\/yopaat-pijama-takim\\\/\",\"name\":\"Yopaat Pijama Tak\u0131m Bej - Rise & Warm\",\"isPartOf\":{\"@id\":\"https:\\\/\\\/riseandwarm.com\\\/tr\\\/#website\"},\"primaryImageOfPage\":{\"@id\":\"https:\\\/\\\/riseandwarm.com\\\/tr\\\/urun\\\/yopaat-pijama-takim\\\/#primaryimage\"},\"image\":{\"@id\":\"https:\\\/\\\/riseandwarm.com\\\/tr\\\/urun\\\/yopaat-pijama-takim\\\/#primaryimage\"},\"thumbnailUrl\":\"https:\\\/\\\/riseandwarm.com\\\/wp-content\\\/uploads\\\/2022\\\/05\\\/Yopaat-Takim-Bej-Dekupe1.jpg\",\"datePublished\":\"2026-04-26T12:09:35+00:00\",\"dateModified\":\"2026-04-26T20:11:30+00:00\",\"description\":\"Yopaat Pijama Tak\u0131m Bej ve di\u011fer t\u00fcm \u00fcr\u00fcnlerimiz i\u00e7in Rise & Warm adresini hemen ziyaret edin. H\u0131zl\u0131 kargo ve g\u00fcvenli al\u0131\u015fveri\u015f!\",\"breadcrumb\":{\"@id\":\"https:\\\/\\\/riseandwarm.com\\\/tr\\\/urun\\\/yopaat-pijama-takim\\\/#breadcrumb\"},\"inLanguage\":\"tr\",\"potentialAction\":[{\"@type\":\"ReadAction\",\"target\":[\"https:\\\/\\\/riseandwarm.com\\\/tr\\\/urun\\\/yopaat-pijama-takim\\\/\"]}]},{\"@type\":\"ImageObject\",\"inLanguage\":\"tr\",\"@id\":\"https:\\\/\\\/riseandwarm.com\\\/tr\\\/urun\\\/yopaat-pijama-takim\\\/#primaryimage\",\"url\":\"https:\\\/\\\/riseandwarm.com\\\/wp-content\\\/uploads\\\/2022\\\/05\\\/Yopaat-Takim-Bej-Dekupe1.jpg\",\"contentUrl\":\"https:\\\/\\\/riseandwarm.com\\\/wp-content\\\/uploads\\\/2022\\\/05\\\/Yopaat-Takim-Bej-Dekupe1.jpg\",\"width\":1000,\"height\":1500},{\"@type\":\"BreadcrumbList\",\"@id\":\"https:\\\/\\\/riseandwarm.com\\\/tr\\\/urun\\\/yopaat-pijama-takim\\\/#breadcrumb\",\"itemListElement\":[{\"@type\":\"ListItem\",\"position\":1,\"name\":\"Home\",\"item\":\"https:\\\/\\\/riseandwarm.com\\\/tr\\\/\"},{\"@type\":\"ListItem\",\"position\":2,\"name\":\"Ma\u011faza\",\"item\":\"https:\\\/\\\/riseandwarm.com\\\/tr\\\/magaza\\\/\"},{\"@type\":\"ListItem\",\"position\":3,\"name\":\"Yopaat Pijama Tak\u0131m Bej\"}]},{\"@type\":\"WebSite\",\"@id\":\"https:\\\/\\\/riseandwarm.com\\\/tr\\\/#website\",\"url\":\"https:\\\/\\\/riseandwarm.com\\\/tr\\\/\",\"name\":\"Rise | Warm\",\"description\":\"Free your self\",\"potentialAction\":[{\"@type\":\"SearchAction\",\"target\":{\"@type\":\"EntryPoint\",\"urlTemplate\":\"https:\\\/\\\/riseandwarm.com\\\/tr\\\/?s={search_term_string}\"},\"query-input\":{\"@type\":\"PropertyValueSpecification\",\"valueRequired\":true,\"valueName\":\"search_term_string\"}}],\"inLanguage\":\"tr\"}]}<\/script>\n<!-- \/ Yoast SEO plugin. -->","yoast_head_json":{"title":"Yopaat Pijama Tak\u0131m Bej - Rise & Warm","description":"Yopaat Pijama Tak\u0131m Bej ve di\u011fer t\u00fcm \u00fcr\u00fcnlerimiz i\u00e7in Rise & Warm adresini hemen ziyaret edin. H\u0131zl\u0131 kargo ve g\u00fcvenli al\u0131\u015fveri\u015f!","robots":{"index":"index","follow":"follow","max-snippet":"max-snippet:-1","max-image-preview":"max-image-preview:large","max-video-preview":"max-video-preview:-1"},"canonical":"https:\/\/riseandwarm.com\/tr\/urun\/yopaat-pijama-takim\/","og_locale":"tr_TR","og_type":"article","og_title":"Yopaat Pijama Tak\u0131m Bej - Rise & Warm","og_description":"Yopaat Pijama Tak\u0131m Bej ve di\u011fer t\u00fcm \u00fcr\u00fcnlerimiz i\u00e7in Rise & Warm adresini hemen ziyaret edin. H\u0131zl\u0131 kargo ve g\u00fcvenli al\u0131\u015fveri\u015f!","og_url":"https:\/\/riseandwarm.com\/tr\/urun\/yopaat-pijama-takim\/","og_site_name":"Rise | Warm","article_modified_time":"2026-04-26T20:11:30+00:00","og_image":[{"width":1000,"height":1500,"url":"https:\/\/riseandwarm.com\/wp-content\/uploads\/2022\/05\/Yopaat-Takim-Bej-Dekupe1.jpg","type":"image\/jpeg"}],"twitter_card":"summary_large_image","twitter_misc":{"Tahmini okuma s\u00fcresi":"1 dakika"},"schema":{"@context":"https:\/\/schema.org","@graph":[{"@type":"WebPage","@id":"https:\/\/riseandwarm.com\/tr\/urun\/yopaat-pijama-takim\/","url":"https:\/\/riseandwarm.com\/tr\/urun\/yopaat-pijama-takim\/","name":"Yopaat Pijama Tak\u0131m Bej - Rise & Warm","isPartOf":{"@id":"https:\/\/riseandwarm.com\/tr\/#website"},"primaryImageOfPage":{"@id":"https:\/\/riseandwarm.com\/tr\/urun\/yopaat-pijama-takim\/#primaryimage"},"image":{"@id":"https:\/\/riseandwarm.com\/tr\/urun\/yopaat-pijama-takim\/#primaryimage"},"thumbnailUrl":"https:\/\/riseandwarm.com\/wp-content\/uploads\/2022\/05\/Yopaat-Takim-Bej-Dekupe1.jpg","datePublished":"2026-04-26T12:09:35+00:00","dateModified":"2026-04-26T20:11:30+00:00","description":"Yopaat Pijama Tak\u0131m Bej ve di\u011fer t\u00fcm \u00fcr\u00fcnlerimiz i\u00e7in Rise & Warm adresini hemen ziyaret edin. H\u0131zl\u0131 kargo ve g\u00fcvenli al\u0131\u015fveri\u015f!","breadcrumb":{"@id":"https:\/\/riseandwarm.com\/tr\/urun\/yopaat-pijama-takim\/#breadcrumb"},"inLanguage":"tr","potentialAction":[{"@type":"ReadAction","target":["https:\/\/riseandwarm.com\/tr\/urun\/yopaat-pijama-takim\/"]}]},{"@type":"ImageObject","inLanguage":"tr","@id":"https:\/\/riseandwarm.com\/tr\/urun\/yopaat-pijama-takim\/#primaryimage","url":"https:\/\/riseandwarm.com\/wp-content\/uploads\/2022\/05\/Yopaat-Takim-Bej-Dekupe1.jpg","contentUrl":"https:\/\/riseandwarm.com\/wp-content\/uploads\/2022\/05\/Yopaat-Takim-Bej-Dekupe1.jpg","width":1000,"height":1500},{"@type":"BreadcrumbList","@id":"https:\/\/riseandwarm.com\/tr\/urun\/yopaat-pijama-takim\/#breadcrumb","itemListElement":[{"@type":"ListItem","position":1,"name":"Home","item":"https:\/\/riseandwarm.com\/tr\/"},{"@type":"ListItem","position":2,"name":"Ma\u011faza","item":"https:\/\/riseandwarm.com\/tr\/magaza\/"},{"@type":"ListItem","position":3,"name":"Yopaat Pijama Tak\u0131m Bej"}]},{"@type":"WebSite","@id":"https:\/\/riseandwarm.com\/tr\/#website","url":"https:\/\/riseandwarm.com\/tr\/","name":"Rise | Warm","description":"Free your self","potentialAction":[{"@type":"SearchAction","target":{"@type":"EntryPoint","urlTemplate":"https:\/\/riseandwarm.com\/tr\/?s={search_term_string}"},"query-input":{"@type":"PropertyValueSpecification","valueRequired":true,"valueName":"search_term_string"}}],"inLanguage":"tr"}]}},"_links":{"self":[{"href":"https:\/\/riseandwarm.com\/tr\/wp-json\/wp\/v2\/product\/24853","targetHints":{"allow":["GET"]}}],"collection":[{"href":"https:\/\/riseandwarm.com\/tr\/wp-json\/wp\/v2\/product"}],"about":[{"href":"https:\/\/riseandwarm.com\/tr\/wp-json\/wp\/v2\/types\/product"}],"version-history":[{"count":2,"href":"https:\/\/riseandwarm.com\/tr\/wp-json\/wp\/v2\/product\/24853\/revisions"}],"predecessor-version":[{"id":24942,"href":"https:\/\/riseandwarm.com\/tr\/wp-json\/wp\/v2\/product\/24853\/revisions\/24942"}],"wp:featuredmedia":[{"embeddable":true,"href":"https:\/\/riseandwarm.com\/tr\/wp-json\/wp\/v2\/media\/5597"}],"wp:attachment":[{"href":"https:\/\/riseandwarm.com\/tr\/wp-json\/wp\/v2\/media?parent=24853"}],"wp:term":[{"taxonomy":"product_brand","embeddable":true,"href":"https:\/\/riseandwarm.com\/tr\/wp-json\/wp\/v2\/product_brand?post=24853"},{"taxonomy":"product_cat","embeddable":true,"href":"https:\/\/riseandwarm.com\/tr\/wp-json\/wp\/v2\/product_cat?post=24853"},{"taxonomy":"product_tag","embeddable":true,"href":"https:\/\/riseandwarm.com\/tr\/wp-json\/wp\/v2\/product_tag?post=24853"}],"curies":[{"name":"wp","href":"https:\/\/api.w.org\/{rel}","templated":true}]}}