{"id":24822,"date":"2026-04-26T08:56:15","date_gmt":"2026-04-26T08:56:15","guid":{"rendered":"https:\/\/riseandwarm.com\/urun\/anjra-salwar\/"},"modified":"2026-04-26T20:16:16","modified_gmt":"2026-04-26T20:16:16","slug":"anjra-salwar","status":"publish","type":"product","link":"https:\/\/riseandwarm.com\/tr\/urun\/anjra-salwar\/","title":{"rendered":"Anjra \u015ealvar Haki"},"content":{"rendered":"<p data-path-to-node=\"8\">Geleneksel \u00e7izgileri modern bir esteti\u011fe d\u00f6n\u00fc\u015ft\u00fcren Anjra Salwar, Rise &amp; Warm&#8217;\u0131n &#8220;\u00f6zg\u00fcr ve ak\u0131c\u0131&#8221; tasar\u0131m dilini yans\u0131t\u0131yor. \u0130pek ve Viskozun l\u00fcks bir kar\u0131\u015f\u0131m\u0131ndan \u00fcretilen kuma\u015f\u0131, cilde serin ve yumu\u015fak bir his sa\u011flarken her ad\u0131mda zahmetsiz hareketi destekler. Hem \u015fehir ya\u015fam\u0131 hem de seyahat gard\u0131roplar\u0131 i\u00e7in kilit bir par\u00e7a olan Anjra, sofistike tarz\u0131 nihai konforla kusursuz bir \u015fekilde harmanl\u0131yor.<\/p>\n<ul data-path-to-node=\"9\">\n<li>\n<p data-path-to-node=\"9,0,0\"><b data-path-to-node=\"9,0,0\" data-index-in-node=\"0\">Kuma\u015f:<\/b> Nefes alan ve ipeksi bir biti\u015f i\u00e7in \u0130pek ve Viskozun premium bir kar\u0131\u015f\u0131m\u0131.<\/p>\n<\/li>\n<li>\n<p data-path-to-node=\"9,1,0\"><b data-path-to-node=\"9,1,0\" data-index-in-node=\"0\">Ana Detaylar:<\/b> \u00c7a\u011fda\u015f salwar kesimi, y\u00fcksek konforlu ak\u0131\u015fkan yap\u0131 ve bel detaylar\u0131yla vurgulanan zarif bir perde.<\/p>\n<\/li>\n<li>\n<p data-path-to-node=\"9,2,0\"><b data-path-to-node=\"9,2,0\" data-index-in-node=\"0\">Boyut:<\/b> Bu tasar\u0131m <b data-path-to-node=\"9,2,0\" data-index-in-node=\"21\">ONE SIZE (STANDART)<\/b> olarak tasarlanm\u0131\u015ft\u0131r. Ak\u0131\u015fkan yap\u0131s\u0131, <b data-path-to-node=\"9,2,0\" data-index-in-node=\"128\">XS&#8217;den L&#8217;ye<\/b> kadar de\u011fi\u015fen boyutlar i\u00e7in uygun bir uyum sunacak \u015fekilde tasarlanm\u0131\u015ft\u0131r.<\/p>\n<\/li>\n<li>\n<p data-path-to-node=\"9,3,0\"><b data-path-to-node=\"9,3,0\" data-index-in-node=\"0\">Stil \u0130pucu:<\/b> Modern bir siluet i\u00e7in minimalist bir bustier ile veya g\u00fcnd\u00fcz g\u00f6r\u00fcn\u00fcm\u00fc i\u00e7in keten g\u00f6mlek ile kombinleyin.<\/p>\n<\/li>\n<li>\n<p data-path-to-node=\"9,4,0\"><b data-path-to-node=\"9,4,0\" data-index-in-node=\"0\">Bak\u0131m:<\/b> Hassas ipek liflerini ve giysinin siluetini korumak i\u00e7in sadece kuru temizleme yap\u0131n.<\/p>\n<\/li>\n<\/ul>\n","protected":false},"excerpt":{"rendered":"<p>Geleneksel \u00e7izgileri modern bir esteti\u011fe d\u00f6n\u00fc\u015ft\u00fcren Anjra Salwar, Rise &amp; Warm&#8217;\u0131n &#8220;\u00f6zg\u00fcr ve ak\u0131c\u0131&#8221; tasar\u0131m dilini yans\u0131t\u0131yor. \u0130pek ve Viskozun<\/p>\n","protected":false},"featured_media":4892,"template":"","meta":[],"product_brand":[],"product_cat":[424,419],"product_tag":[],"class_list":{"0":"post-24822","1":"product","2":"type-product","3":"status-publish","4":"has-post-thumbnail","6":"product_cat-archive","7":"product_cat-arsiv","9":"first","10":"instock","11":"sale","12":"shipping-taxable","13":"purchasable","14":"product-type-simple"},"yoast_head":"<!-- This site is optimized with the Yoast SEO plugin v27.5 - https:\/\/yoast.com\/product\/yoast-seo-wordpress\/ -->\n<title>Anjra \u015ealvar Haki - Rise &amp; Warm<\/title>\n<meta name=\"description\" content=\"Anjra \u015ealvar Haki ve di\u011fer t\u00fcm \u00fcr\u00fcnlerimiz i\u00e7in Rise &amp; Warm adresini hemen ziyaret edin. H\u0131zl\u0131 kargo ve g\u00fcvenli al\u0131\u015fveri\u015f!\" \/>\n<meta name=\"robots\" content=\"index, follow, max-snippet:-1, max-image-preview:large, max-video-preview:-1\" \/>\n<link rel=\"canonical\" href=\"https:\/\/riseandwarm.com\/tr\/urun\/anjra-salwar\/\" \/>\n<meta property=\"og:locale\" content=\"tr_TR\" \/>\n<meta property=\"og:type\" content=\"article\" \/>\n<meta property=\"og:title\" content=\"Anjra \u015ealvar Haki - Rise &amp; Warm\" \/>\n<meta property=\"og:description\" content=\"Anjra \u015ealvar Haki ve di\u011fer t\u00fcm \u00fcr\u00fcnlerimiz i\u00e7in Rise &amp; Warm adresini hemen ziyaret edin. H\u0131zl\u0131 kargo ve g\u00fcvenli al\u0131\u015fveri\u015f!\" \/>\n<meta property=\"og:url\" content=\"https:\/\/riseandwarm.com\/tr\/urun\/anjra-salwar\/\" \/>\n<meta property=\"og:site_name\" content=\"Rise | Warm\" \/>\n<meta property=\"article:modified_time\" content=\"2026-04-26T20:16:16+00:00\" \/>\n<meta property=\"og:image\" content=\"https:\/\/riseandwarm.com\/wp-content\/uploads\/2021\/12\/2021-12-01-16_1.jpg\" \/>\n\t<meta property=\"og:image:width\" content=\"1000\" \/>\n\t<meta property=\"og:image:height\" content=\"1500\" \/>\n\t<meta property=\"og:image:type\" content=\"image\/jpeg\" \/>\n<meta name=\"twitter:card\" content=\"summary_large_image\" \/>\n<meta name=\"twitter:label1\" content=\"Tahmini okuma s\u00fcresi\" \/>\n\t<meta name=\"twitter:data1\" content=\"1 dakika\" \/>\n<script type=\"application\/ld+json\" class=\"yoast-schema-graph\">{\"@context\":\"https:\\\/\\\/schema.org\",\"@graph\":[{\"@type\":\"WebPage\",\"@id\":\"https:\\\/\\\/riseandwarm.com\\\/tr\\\/urun\\\/anjra-salwar\\\/\",\"url\":\"https:\\\/\\\/riseandwarm.com\\\/tr\\\/urun\\\/anjra-salwar\\\/\",\"name\":\"Anjra \u015ealvar Haki - Rise & Warm\",\"isPartOf\":{\"@id\":\"https:\\\/\\\/riseandwarm.com\\\/tr\\\/#website\"},\"primaryImageOfPage\":{\"@id\":\"https:\\\/\\\/riseandwarm.com\\\/tr\\\/urun\\\/anjra-salwar\\\/#primaryimage\"},\"image\":{\"@id\":\"https:\\\/\\\/riseandwarm.com\\\/tr\\\/urun\\\/anjra-salwar\\\/#primaryimage\"},\"thumbnailUrl\":\"https:\\\/\\\/riseandwarm.com\\\/wp-content\\\/uploads\\\/2021\\\/12\\\/2021-12-01-16_1.jpg\",\"datePublished\":\"2026-04-26T08:56:15+00:00\",\"dateModified\":\"2026-04-26T20:16:16+00:00\",\"description\":\"Anjra \u015ealvar Haki ve di\u011fer t\u00fcm \u00fcr\u00fcnlerimiz i\u00e7in Rise & Warm adresini hemen ziyaret edin. H\u0131zl\u0131 kargo ve g\u00fcvenli al\u0131\u015fveri\u015f!\",\"breadcrumb\":{\"@id\":\"https:\\\/\\\/riseandwarm.com\\\/tr\\\/urun\\\/anjra-salwar\\\/#breadcrumb\"},\"inLanguage\":\"tr\",\"potentialAction\":[{\"@type\":\"ReadAction\",\"target\":[\"https:\\\/\\\/riseandwarm.com\\\/tr\\\/urun\\\/anjra-salwar\\\/\"]}]},{\"@type\":\"ImageObject\",\"inLanguage\":\"tr\",\"@id\":\"https:\\\/\\\/riseandwarm.com\\\/tr\\\/urun\\\/anjra-salwar\\\/#primaryimage\",\"url\":\"https:\\\/\\\/riseandwarm.com\\\/wp-content\\\/uploads\\\/2021\\\/12\\\/2021-12-01-16_1.jpg\",\"contentUrl\":\"https:\\\/\\\/riseandwarm.com\\\/wp-content\\\/uploads\\\/2021\\\/12\\\/2021-12-01-16_1.jpg\",\"width\":1000,\"height\":1500},{\"@type\":\"BreadcrumbList\",\"@id\":\"https:\\\/\\\/riseandwarm.com\\\/tr\\\/urun\\\/anjra-salwar\\\/#breadcrumb\",\"itemListElement\":[{\"@type\":\"ListItem\",\"position\":1,\"name\":\"Home\",\"item\":\"https:\\\/\\\/riseandwarm.com\\\/tr\\\/\"},{\"@type\":\"ListItem\",\"position\":2,\"name\":\"Ma\u011faza\",\"item\":\"https:\\\/\\\/riseandwarm.com\\\/tr\\\/magaza\\\/\"},{\"@type\":\"ListItem\",\"position\":3,\"name\":\"Anjra \u015ealvar Haki\"}]},{\"@type\":\"WebSite\",\"@id\":\"https:\\\/\\\/riseandwarm.com\\\/tr\\\/#website\",\"url\":\"https:\\\/\\\/riseandwarm.com\\\/tr\\\/\",\"name\":\"Rise | Warm\",\"description\":\"Free your self\",\"potentialAction\":[{\"@type\":\"SearchAction\",\"target\":{\"@type\":\"EntryPoint\",\"urlTemplate\":\"https:\\\/\\\/riseandwarm.com\\\/tr\\\/?s={search_term_string}\"},\"query-input\":{\"@type\":\"PropertyValueSpecification\",\"valueRequired\":true,\"valueName\":\"search_term_string\"}}],\"inLanguage\":\"tr\"}]}<\/script>\n<!-- \/ Yoast SEO plugin. -->","yoast_head_json":{"title":"Anjra \u015ealvar Haki - Rise & Warm","description":"Anjra \u015ealvar Haki ve di\u011fer t\u00fcm \u00fcr\u00fcnlerimiz i\u00e7in Rise & Warm adresini hemen ziyaret edin. H\u0131zl\u0131 kargo ve g\u00fcvenli al\u0131\u015fveri\u015f!","robots":{"index":"index","follow":"follow","max-snippet":"max-snippet:-1","max-image-preview":"max-image-preview:large","max-video-preview":"max-video-preview:-1"},"canonical":"https:\/\/riseandwarm.com\/tr\/urun\/anjra-salwar\/","og_locale":"tr_TR","og_type":"article","og_title":"Anjra \u015ealvar Haki - Rise & Warm","og_description":"Anjra \u015ealvar Haki ve di\u011fer t\u00fcm \u00fcr\u00fcnlerimiz i\u00e7in Rise & Warm adresini hemen ziyaret edin. H\u0131zl\u0131 kargo ve g\u00fcvenli al\u0131\u015fveri\u015f!","og_url":"https:\/\/riseandwarm.com\/tr\/urun\/anjra-salwar\/","og_site_name":"Rise | Warm","article_modified_time":"2026-04-26T20:16:16+00:00","og_image":[{"width":1000,"height":1500,"url":"https:\/\/riseandwarm.com\/wp-content\/uploads\/2021\/12\/2021-12-01-16_1.jpg","type":"image\/jpeg"}],"twitter_card":"summary_large_image","twitter_misc":{"Tahmini okuma s\u00fcresi":"1 dakika"},"schema":{"@context":"https:\/\/schema.org","@graph":[{"@type":"WebPage","@id":"https:\/\/riseandwarm.com\/tr\/urun\/anjra-salwar\/","url":"https:\/\/riseandwarm.com\/tr\/urun\/anjra-salwar\/","name":"Anjra \u015ealvar Haki - Rise & Warm","isPartOf":{"@id":"https:\/\/riseandwarm.com\/tr\/#website"},"primaryImageOfPage":{"@id":"https:\/\/riseandwarm.com\/tr\/urun\/anjra-salwar\/#primaryimage"},"image":{"@id":"https:\/\/riseandwarm.com\/tr\/urun\/anjra-salwar\/#primaryimage"},"thumbnailUrl":"https:\/\/riseandwarm.com\/wp-content\/uploads\/2021\/12\/2021-12-01-16_1.jpg","datePublished":"2026-04-26T08:56:15+00:00","dateModified":"2026-04-26T20:16:16+00:00","description":"Anjra \u015ealvar Haki ve di\u011fer t\u00fcm \u00fcr\u00fcnlerimiz i\u00e7in Rise & Warm adresini hemen ziyaret edin. H\u0131zl\u0131 kargo ve g\u00fcvenli al\u0131\u015fveri\u015f!","breadcrumb":{"@id":"https:\/\/riseandwarm.com\/tr\/urun\/anjra-salwar\/#breadcrumb"},"inLanguage":"tr","potentialAction":[{"@type":"ReadAction","target":["https:\/\/riseandwarm.com\/tr\/urun\/anjra-salwar\/"]}]},{"@type":"ImageObject","inLanguage":"tr","@id":"https:\/\/riseandwarm.com\/tr\/urun\/anjra-salwar\/#primaryimage","url":"https:\/\/riseandwarm.com\/wp-content\/uploads\/2021\/12\/2021-12-01-16_1.jpg","contentUrl":"https:\/\/riseandwarm.com\/wp-content\/uploads\/2021\/12\/2021-12-01-16_1.jpg","width":1000,"height":1500},{"@type":"BreadcrumbList","@id":"https:\/\/riseandwarm.com\/tr\/urun\/anjra-salwar\/#breadcrumb","itemListElement":[{"@type":"ListItem","position":1,"name":"Home","item":"https:\/\/riseandwarm.com\/tr\/"},{"@type":"ListItem","position":2,"name":"Ma\u011faza","item":"https:\/\/riseandwarm.com\/tr\/magaza\/"},{"@type":"ListItem","position":3,"name":"Anjra \u015ealvar Haki"}]},{"@type":"WebSite","@id":"https:\/\/riseandwarm.com\/tr\/#website","url":"https:\/\/riseandwarm.com\/tr\/","name":"Rise | Warm","description":"Free your self","potentialAction":[{"@type":"SearchAction","target":{"@type":"EntryPoint","urlTemplate":"https:\/\/riseandwarm.com\/tr\/?s={search_term_string}"},"query-input":{"@type":"PropertyValueSpecification","valueRequired":true,"valueName":"search_term_string"}}],"inLanguage":"tr"}]}},"_links":{"self":[{"href":"https:\/\/riseandwarm.com\/tr\/wp-json\/wp\/v2\/product\/24822","targetHints":{"allow":["GET"]}}],"collection":[{"href":"https:\/\/riseandwarm.com\/tr\/wp-json\/wp\/v2\/product"}],"about":[{"href":"https:\/\/riseandwarm.com\/tr\/wp-json\/wp\/v2\/types\/product"}],"version-history":[{"count":4,"href":"https:\/\/riseandwarm.com\/tr\/wp-json\/wp\/v2\/product\/24822\/revisions"}],"predecessor-version":[{"id":24950,"href":"https:\/\/riseandwarm.com\/tr\/wp-json\/wp\/v2\/product\/24822\/revisions\/24950"}],"wp:featuredmedia":[{"embeddable":true,"href":"https:\/\/riseandwarm.com\/tr\/wp-json\/wp\/v2\/media\/4892"}],"wp:attachment":[{"href":"https:\/\/riseandwarm.com\/tr\/wp-json\/wp\/v2\/media?parent=24822"}],"wp:term":[{"taxonomy":"product_brand","embeddable":true,"href":"https:\/\/riseandwarm.com\/tr\/wp-json\/wp\/v2\/product_brand?post=24822"},{"taxonomy":"product_cat","embeddable":true,"href":"https:\/\/riseandwarm.com\/tr\/wp-json\/wp\/v2\/product_cat?post=24822"},{"taxonomy":"product_tag","embeddable":true,"href":"https:\/\/riseandwarm.com\/tr\/wp-json\/wp\/v2\/product_tag?post=24822"}],"curies":[{"name":"wp","href":"https:\/\/api.w.org\/{rel}","templated":true}]}}