{"id":24797,"date":"2026-04-26T02:08:39","date_gmt":"2026-04-26T02:08:39","guid":{"rendered":"https:\/\/riseandwarm.com\/?post_type=product&#038;p=24797"},"modified":"2026-04-26T20:22:26","modified_gmt":"2026-04-26T20:22:26","slug":"biham-dress","status":"publish","type":"product","link":"https:\/\/riseandwarm.com\/tr\/urun\/biham-dress\/","title":{"rendered":"Biham Elbise Siyah"},"content":{"rendered":"<p data-path-to-node=\"4\">Rise &amp; Warm\u2019un zamans\u0131z koleksiyonunda yer alan Biham Dress, sadeli\u011fi heykelimsi bir formla bulu\u015fturuyor. Viskon ve Tencel a\u011f\u0131rl\u0131kl\u0131 \u00f6zel kuma\u015f\u0131, cilde nefes ald\u0131ran do\u011fal yap\u0131s\u0131n\u0131 polyesterin form koruyucu g\u00fcc\u00fcyle birle\u015ftirir. Ak\u0131\u015fkan kesimi ve modern detaylar\u0131yla hem sahil \u015f\u0131kl\u0131\u011f\u0131nda hem de \u00f6zel ak\u015fam davetlerinde eforsuz bir zarafet sunar. Tasar\u0131m hikayesinin merkezinde yer alan \u201csaf ve duru\u201d g\u00f6r\u00fcn\u00fcm, Biham ile her ad\u0131mda hayat buluyor.<\/p>\n<ul data-path-to-node=\"5\">\n<li>\n<p data-path-to-node=\"5,0,0\"><b data-path-to-node=\"5,0,0\" data-index-in-node=\"0\">Materyal:<\/b> Viskon ve Tencel a\u011f\u0131rl\u0131kl\u0131, dayan\u0131kl\u0131l\u0131\u011f\u0131 art\u0131ran polyester kar\u0131\u015f\u0131ml\u0131 premium doku.<\/p>\n<\/li>\n<li>\n<p data-path-to-node=\"5,1,0\"><b data-path-to-node=\"5,1,0\" data-index-in-node=\"0\">\u00d6ne \u00c7\u0131kan \u00d6zellikler:<\/b> Ak\u0131c\u0131 sil\u00fcet, nefes alan ve hafif yap\u0131, formunu koruyan \u00f6zel d\u00f6k\u00fcm.<\/p>\n<\/li>\n<li>\n<p data-path-to-node=\"5,2,0\"><b data-path-to-node=\"5,2,0\" data-index-in-node=\"0\">Beden:<\/b> Tasar\u0131m\u0131m\u0131z <b data-path-to-node=\"5,2,0\" data-index-in-node=\"19\">STANDART<\/b> bedendir. Kal\u0131p yap\u0131s\u0131 <b data-path-to-node=\"5,2,0\" data-index-in-node=\"51\">XS bedenden L bedene kadar<\/b> t\u00fcm v\u00fccut tiplerine m\u00fckemmel uyum sa\u011flayacak \u015fekilde optimize edilmi\u015ftir.<\/p>\n<\/li>\n<li>\n<p data-path-to-node=\"5,4,0\"><b data-path-to-node=\"5,4,0\" data-index-in-node=\"0\">Bak\u0131m:<\/b> \u00dcr\u00fcn\u00fcn dokusunu ve beyaz rengin parlakl\u0131\u011f\u0131n\u0131 korumak i\u00e7in kuru temizleme \u00f6nerilir.<\/p>\n<\/li>\n<\/ul>\n","protected":false},"excerpt":{"rendered":"<p>Rise &amp; Warm\u2019un zamans\u0131z koleksiyonunda yer alan Biham Dress, sadeli\u011fi heykelimsi bir formla bulu\u015fturuyor. Viskon ve Tencel a\u011f\u0131rl\u0131kl\u0131 \u00f6zel kuma\u015f\u0131,<\/p>\n","protected":false},"featured_media":4071,"template":"","meta":[],"product_brand":[],"product_cat":[424,419],"product_tag":[],"class_list":{"0":"post-24797","1":"product","2":"type-product","3":"status-publish","4":"has-post-thumbnail","6":"product_cat-archive","7":"product_cat-arsiv","9":"first","10":"instock","11":"sale","12":"shipping-taxable","13":"purchasable","14":"product-type-simple"},"yoast_head":"<!-- This site is optimized with the Yoast SEO plugin v27.5 - https:\/\/yoast.com\/product\/yoast-seo-wordpress\/ -->\n<title>Biham Elbise Siyah - Rise &amp; Warm<\/title>\n<meta name=\"description\" content=\"Biham Elbise Siyah ve di\u011fer t\u00fcm \u00fcr\u00fcnlerimiz i\u00e7in Rise &amp; Warm adresini hemen ziyaret edin. H\u0131zl\u0131 kargo ve g\u00fcvenli al\u0131\u015fveri\u015f!\" \/>\n<meta name=\"robots\" content=\"index, follow, max-snippet:-1, max-image-preview:large, max-video-preview:-1\" \/>\n<link rel=\"canonical\" href=\"https:\/\/riseandwarm.com\/tr\/urun\/biham-dress\/\" \/>\n<meta property=\"og:locale\" content=\"tr_TR\" \/>\n<meta property=\"og:type\" content=\"article\" \/>\n<meta property=\"og:title\" content=\"Biham Elbise Siyah - Rise &amp; Warm\" \/>\n<meta property=\"og:description\" content=\"Biham Elbise Siyah ve di\u011fer t\u00fcm \u00fcr\u00fcnlerimiz i\u00e7in Rise &amp; Warm adresini hemen ziyaret edin. H\u0131zl\u0131 kargo ve g\u00fcvenli al\u0131\u015fveri\u015f!\" \/>\n<meta property=\"og:url\" content=\"https:\/\/riseandwarm.com\/tr\/urun\/biham-dress\/\" \/>\n<meta property=\"og:site_name\" content=\"Rise | Warm\" \/>\n<meta property=\"article:modified_time\" content=\"2026-04-26T20:22:26+00:00\" \/>\n<meta property=\"og:image\" content=\"https:\/\/riseandwarm.com\/wp-content\/uploads\/2021\/04\/BihamSiyah3-scaled.jpg\" \/>\n\t<meta property=\"og:image:width\" content=\"1707\" \/>\n\t<meta property=\"og:image:height\" content=\"2560\" \/>\n\t<meta property=\"og:image:type\" content=\"image\/jpeg\" \/>\n<meta name=\"twitter:card\" content=\"summary_large_image\" \/>\n<meta name=\"twitter:label1\" content=\"Tahmini okuma s\u00fcresi\" \/>\n\t<meta name=\"twitter:data1\" content=\"1 dakika\" \/>\n<script type=\"application\/ld+json\" class=\"yoast-schema-graph\">{\"@context\":\"https:\\\/\\\/schema.org\",\"@graph\":[{\"@type\":\"WebPage\",\"@id\":\"https:\\\/\\\/riseandwarm.com\\\/tr\\\/urun\\\/biham-dress\\\/\",\"url\":\"https:\\\/\\\/riseandwarm.com\\\/tr\\\/urun\\\/biham-dress\\\/\",\"name\":\"Biham Elbise Siyah - Rise & Warm\",\"isPartOf\":{\"@id\":\"https:\\\/\\\/riseandwarm.com\\\/tr\\\/#website\"},\"primaryImageOfPage\":{\"@id\":\"https:\\\/\\\/riseandwarm.com\\\/tr\\\/urun\\\/biham-dress\\\/#primaryimage\"},\"image\":{\"@id\":\"https:\\\/\\\/riseandwarm.com\\\/tr\\\/urun\\\/biham-dress\\\/#primaryimage\"},\"thumbnailUrl\":\"https:\\\/\\\/riseandwarm.com\\\/wp-content\\\/uploads\\\/2021\\\/04\\\/BihamSiyah3-scaled.jpg\",\"datePublished\":\"2026-04-26T02:08:39+00:00\",\"dateModified\":\"2026-04-26T20:22:26+00:00\",\"description\":\"Biham Elbise Siyah ve di\u011fer t\u00fcm \u00fcr\u00fcnlerimiz i\u00e7in Rise & Warm adresini hemen ziyaret edin. H\u0131zl\u0131 kargo ve g\u00fcvenli al\u0131\u015fveri\u015f!\",\"breadcrumb\":{\"@id\":\"https:\\\/\\\/riseandwarm.com\\\/tr\\\/urun\\\/biham-dress\\\/#breadcrumb\"},\"inLanguage\":\"tr\",\"potentialAction\":[{\"@type\":\"ReadAction\",\"target\":[\"https:\\\/\\\/riseandwarm.com\\\/tr\\\/urun\\\/biham-dress\\\/\"]}]},{\"@type\":\"ImageObject\",\"inLanguage\":\"tr\",\"@id\":\"https:\\\/\\\/riseandwarm.com\\\/tr\\\/urun\\\/biham-dress\\\/#primaryimage\",\"url\":\"https:\\\/\\\/riseandwarm.com\\\/wp-content\\\/uploads\\\/2021\\\/04\\\/BihamSiyah3-scaled.jpg\",\"contentUrl\":\"https:\\\/\\\/riseandwarm.com\\\/wp-content\\\/uploads\\\/2021\\\/04\\\/BihamSiyah3-scaled.jpg\",\"width\":1707,\"height\":2560},{\"@type\":\"BreadcrumbList\",\"@id\":\"https:\\\/\\\/riseandwarm.com\\\/tr\\\/urun\\\/biham-dress\\\/#breadcrumb\",\"itemListElement\":[{\"@type\":\"ListItem\",\"position\":1,\"name\":\"Home\",\"item\":\"https:\\\/\\\/riseandwarm.com\\\/tr\\\/\"},{\"@type\":\"ListItem\",\"position\":2,\"name\":\"Ma\u011faza\",\"item\":\"https:\\\/\\\/riseandwarm.com\\\/tr\\\/magaza\\\/\"},{\"@type\":\"ListItem\",\"position\":3,\"name\":\"Biham Elbise Siyah\"}]},{\"@type\":\"WebSite\",\"@id\":\"https:\\\/\\\/riseandwarm.com\\\/tr\\\/#website\",\"url\":\"https:\\\/\\\/riseandwarm.com\\\/tr\\\/\",\"name\":\"Rise | Warm\",\"description\":\"Free your self\",\"potentialAction\":[{\"@type\":\"SearchAction\",\"target\":{\"@type\":\"EntryPoint\",\"urlTemplate\":\"https:\\\/\\\/riseandwarm.com\\\/tr\\\/?s={search_term_string}\"},\"query-input\":{\"@type\":\"PropertyValueSpecification\",\"valueRequired\":true,\"valueName\":\"search_term_string\"}}],\"inLanguage\":\"tr\"}]}<\/script>\n<!-- \/ Yoast SEO plugin. -->","yoast_head_json":{"title":"Biham Elbise Siyah - Rise & Warm","description":"Biham Elbise Siyah ve di\u011fer t\u00fcm \u00fcr\u00fcnlerimiz i\u00e7in Rise & Warm adresini hemen ziyaret edin. H\u0131zl\u0131 kargo ve g\u00fcvenli al\u0131\u015fveri\u015f!","robots":{"index":"index","follow":"follow","max-snippet":"max-snippet:-1","max-image-preview":"max-image-preview:large","max-video-preview":"max-video-preview:-1"},"canonical":"https:\/\/riseandwarm.com\/tr\/urun\/biham-dress\/","og_locale":"tr_TR","og_type":"article","og_title":"Biham Elbise Siyah - Rise & Warm","og_description":"Biham Elbise Siyah ve di\u011fer t\u00fcm \u00fcr\u00fcnlerimiz i\u00e7in Rise & Warm adresini hemen ziyaret edin. H\u0131zl\u0131 kargo ve g\u00fcvenli al\u0131\u015fveri\u015f!","og_url":"https:\/\/riseandwarm.com\/tr\/urun\/biham-dress\/","og_site_name":"Rise | Warm","article_modified_time":"2026-04-26T20:22:26+00:00","og_image":[{"width":1707,"height":2560,"url":"https:\/\/riseandwarm.com\/wp-content\/uploads\/2021\/04\/BihamSiyah3-scaled.jpg","type":"image\/jpeg"}],"twitter_card":"summary_large_image","twitter_misc":{"Tahmini okuma s\u00fcresi":"1 dakika"},"schema":{"@context":"https:\/\/schema.org","@graph":[{"@type":"WebPage","@id":"https:\/\/riseandwarm.com\/tr\/urun\/biham-dress\/","url":"https:\/\/riseandwarm.com\/tr\/urun\/biham-dress\/","name":"Biham Elbise Siyah - Rise & Warm","isPartOf":{"@id":"https:\/\/riseandwarm.com\/tr\/#website"},"primaryImageOfPage":{"@id":"https:\/\/riseandwarm.com\/tr\/urun\/biham-dress\/#primaryimage"},"image":{"@id":"https:\/\/riseandwarm.com\/tr\/urun\/biham-dress\/#primaryimage"},"thumbnailUrl":"https:\/\/riseandwarm.com\/wp-content\/uploads\/2021\/04\/BihamSiyah3-scaled.jpg","datePublished":"2026-04-26T02:08:39+00:00","dateModified":"2026-04-26T20:22:26+00:00","description":"Biham Elbise Siyah ve di\u011fer t\u00fcm \u00fcr\u00fcnlerimiz i\u00e7in Rise & Warm adresini hemen ziyaret edin. H\u0131zl\u0131 kargo ve g\u00fcvenli al\u0131\u015fveri\u015f!","breadcrumb":{"@id":"https:\/\/riseandwarm.com\/tr\/urun\/biham-dress\/#breadcrumb"},"inLanguage":"tr","potentialAction":[{"@type":"ReadAction","target":["https:\/\/riseandwarm.com\/tr\/urun\/biham-dress\/"]}]},{"@type":"ImageObject","inLanguage":"tr","@id":"https:\/\/riseandwarm.com\/tr\/urun\/biham-dress\/#primaryimage","url":"https:\/\/riseandwarm.com\/wp-content\/uploads\/2021\/04\/BihamSiyah3-scaled.jpg","contentUrl":"https:\/\/riseandwarm.com\/wp-content\/uploads\/2021\/04\/BihamSiyah3-scaled.jpg","width":1707,"height":2560},{"@type":"BreadcrumbList","@id":"https:\/\/riseandwarm.com\/tr\/urun\/biham-dress\/#breadcrumb","itemListElement":[{"@type":"ListItem","position":1,"name":"Home","item":"https:\/\/riseandwarm.com\/tr\/"},{"@type":"ListItem","position":2,"name":"Ma\u011faza","item":"https:\/\/riseandwarm.com\/tr\/magaza\/"},{"@type":"ListItem","position":3,"name":"Biham Elbise Siyah"}]},{"@type":"WebSite","@id":"https:\/\/riseandwarm.com\/tr\/#website","url":"https:\/\/riseandwarm.com\/tr\/","name":"Rise | Warm","description":"Free your self","potentialAction":[{"@type":"SearchAction","target":{"@type":"EntryPoint","urlTemplate":"https:\/\/riseandwarm.com\/tr\/?s={search_term_string}"},"query-input":{"@type":"PropertyValueSpecification","valueRequired":true,"valueName":"search_term_string"}}],"inLanguage":"tr"}]}},"_links":{"self":[{"href":"https:\/\/riseandwarm.com\/tr\/wp-json\/wp\/v2\/product\/24797","targetHints":{"allow":["GET"]}}],"collection":[{"href":"https:\/\/riseandwarm.com\/tr\/wp-json\/wp\/v2\/product"}],"about":[{"href":"https:\/\/riseandwarm.com\/tr\/wp-json\/wp\/v2\/types\/product"}],"version-history":[{"count":4,"href":"https:\/\/riseandwarm.com\/tr\/wp-json\/wp\/v2\/product\/24797\/revisions"}],"predecessor-version":[{"id":24956,"href":"https:\/\/riseandwarm.com\/tr\/wp-json\/wp\/v2\/product\/24797\/revisions\/24956"}],"wp:featuredmedia":[{"embeddable":true,"href":"https:\/\/riseandwarm.com\/tr\/wp-json\/wp\/v2\/media\/4071"}],"wp:attachment":[{"href":"https:\/\/riseandwarm.com\/tr\/wp-json\/wp\/v2\/media?parent=24797"}],"wp:term":[{"taxonomy":"product_brand","embeddable":true,"href":"https:\/\/riseandwarm.com\/tr\/wp-json\/wp\/v2\/product_brand?post=24797"},{"taxonomy":"product_cat","embeddable":true,"href":"https:\/\/riseandwarm.com\/tr\/wp-json\/wp\/v2\/product_cat?post=24797"},{"taxonomy":"product_tag","embeddable":true,"href":"https:\/\/riseandwarm.com\/tr\/wp-json\/wp\/v2\/product_tag?post=24797"}],"curies":[{"name":"wp","href":"https:\/\/api.w.org\/{rel}","templated":true}]}}