{"id":24784,"date":"2026-04-26T01:35:11","date_gmt":"2026-04-26T01:35:11","guid":{"rendered":"https:\/\/riseandwarm.com\/?post_type=product&#038;p=24784"},"modified":"2026-04-26T20:24:05","modified_gmt":"2026-04-26T20:24:05","slug":"sirius-dress","status":"publish","type":"product","link":"https:\/\/riseandwarm.com\/tr\/urun\/sirius-dress\/","title":{"rendered":"Sirius Elbise Beyaz"},"content":{"rendered":"<p data-path-to-node=\"3\">G\u00f6ky\u00fcz\u00fcn\u00fcn en parlak y\u0131ld\u0131z\u0131ndan ilham alan Sirius Dress, minimal tasar\u0131m\u0131 g\u00fc\u00e7l\u00fc bir duru\u015fla birle\u015ftiriyor. Viskon ve Tencel\u2019in nefes alan, yumu\u015fak dokusu, i\u00e7eri\u011findeki polyester kar\u0131\u015f\u0131m\u0131yla birle\u015ferek elbiseye hem dayan\u0131kl\u0131l\u0131k hem de k\u0131r\u0131\u015f\u0131kl\u0131\u011fa kar\u015f\u0131 diren\u00e7 kazand\u0131r\u0131r. Yal\u0131n hatlar\u0131 ve v\u00fccudu zarif\u00e7e takip eden ak\u0131\u015fkan sil\u00fcetiyle Sirius, g\u00fcnd\u00fczden geceye zahmetsiz bir ge\u00e7i\u015f sa\u011flar.<\/p>\n<ul data-path-to-node=\"4\">\n<li>\n<p data-path-to-node=\"4,0,0\"><b data-path-to-node=\"4,0,0\" data-index-in-node=\"0\">Materyal:<\/b> Viskon ve Tencel a\u011f\u0131rl\u0131kl\u0131, form koruyucu polyester kar\u0131\u015f\u0131ml\u0131 \u00f6zel kuma\u015f.<\/p>\n<\/li>\n<li>\n<p data-path-to-node=\"4,1,0\"><b data-path-to-node=\"4,1,0\" data-index-in-node=\"0\">\u00d6ne \u00c7\u0131kan \u00d6zellikler:<\/b> Modern ve minimal hatlar, nefes alan doku, hareket \u00f6zg\u00fcrl\u00fc\u011f\u00fc sunan ak\u0131\u015fkan kesim.<\/p>\n<\/li>\n<li>\n<p data-path-to-node=\"4,2,0\"><b data-path-to-node=\"4,2,0\" data-index-in-node=\"0\">Beden:<\/b> Tasar\u0131m\u0131m\u0131z <b data-path-to-node=\"4,2,0\" data-index-in-node=\"19\">STANDART<\/b> bedendir. \u00d6zel kesimi sayesinde <b data-path-to-node=\"4,2,0\" data-index-in-node=\"60\">XS bedenden L bedene kadar<\/b> t\u00fcm v\u00fccut tiplerine uyum sa\u011flar ve konforlu bir \u015f\u0131kl\u0131k sunar.<\/p>\n<\/li>\n<li>\n<p data-path-to-node=\"4,3,0\"><b data-path-to-node=\"4,3,0\" data-index-in-node=\"0\">Stil \u00d6nerisi:<\/b> Sirius\u2019un zamans\u0131z \u015f\u0131kl\u0131\u011f\u0131n\u0131 iddial\u0131 bir kolye veya \u015f\u0131k bir el \u00e7antas\u0131yla tamamlayarak stilinizi ki\u015fiselle\u015ftirebilirsiniz.<\/p>\n<\/li>\n<li>\n<p data-path-to-node=\"4,4,0\"><b data-path-to-node=\"4,4,0\" data-index-in-node=\"0\">Bak\u0131m:<\/b> \u00dcr\u00fcn\u00fcn formunu ve kuma\u015f kalitesini en iyi \u015fekilde korumak i\u00e7in sadece kuru temizleme \u00f6nerilir.<\/p>\n<\/li>\n<\/ul>\n","protected":false},"excerpt":{"rendered":"<p>G\u00f6ky\u00fcz\u00fcn\u00fcn en parlak y\u0131ld\u0131z\u0131ndan ilham alan Sirius Dress, minimal tasar\u0131m\u0131 g\u00fc\u00e7l\u00fc bir duru\u015fla birle\u015ftiriyor. Viskon ve Tencel\u2019in nefes alan, yumu\u015fak<\/p>\n","protected":false},"featured_media":4125,"template":"","meta":[],"product_brand":[],"product_cat":[424,419],"product_tag":[],"class_list":{"0":"post-24784","1":"product","2":"type-product","3":"status-publish","4":"has-post-thumbnail","6":"product_cat-archive","7":"product_cat-arsiv","9":"first","10":"instock","11":"sale","12":"shipping-taxable","13":"purchasable","14":"product-type-simple"},"yoast_head":"<!-- This site is optimized with the Yoast SEO plugin v27.5 - https:\/\/yoast.com\/product\/yoast-seo-wordpress\/ -->\n<title>Sirius Elbise Beyaz - Rise &amp; Warm<\/title>\n<meta name=\"description\" content=\"Sirius Elbise Beyaz ve di\u011fer t\u00fcm \u00fcr\u00fcnlerimiz i\u00e7in Rise &amp; Warm adresini hemen ziyaret edin. H\u0131zl\u0131 kargo ve g\u00fcvenli al\u0131\u015fveri\u015f!\" \/>\n<meta name=\"robots\" content=\"index, follow, max-snippet:-1, max-image-preview:large, max-video-preview:-1\" \/>\n<link rel=\"canonical\" href=\"https:\/\/riseandwarm.com\/tr\/urun\/sirius-dress\/\" \/>\n<meta property=\"og:locale\" content=\"tr_TR\" \/>\n<meta property=\"og:type\" content=\"article\" \/>\n<meta property=\"og:title\" content=\"Sirius Elbise Beyaz - Rise &amp; Warm\" \/>\n<meta property=\"og:description\" content=\"Sirius Elbise Beyaz ve di\u011fer t\u00fcm \u00fcr\u00fcnlerimiz i\u00e7in Rise &amp; Warm adresini hemen ziyaret edin. H\u0131zl\u0131 kargo ve g\u00fcvenli al\u0131\u015fveri\u015f!\" \/>\n<meta property=\"og:url\" content=\"https:\/\/riseandwarm.com\/tr\/urun\/sirius-dress\/\" \/>\n<meta property=\"og:site_name\" content=\"Rise | Warm\" \/>\n<meta property=\"article:modified_time\" content=\"2026-04-26T20:24:05+00:00\" \/>\n<meta property=\"og:image\" content=\"https:\/\/riseandwarm.com\/wp-content\/uploads\/2021\/04\/SiriusBeyaz3-scaled.jpg\" \/>\n\t<meta property=\"og:image:width\" content=\"1707\" \/>\n\t<meta property=\"og:image:height\" content=\"2560\" \/>\n\t<meta property=\"og:image:type\" content=\"image\/jpeg\" \/>\n<meta name=\"twitter:card\" content=\"summary_large_image\" \/>\n<meta name=\"twitter:label1\" content=\"Tahmini okuma s\u00fcresi\" \/>\n\t<meta name=\"twitter:data1\" content=\"1 dakika\" \/>\n<script type=\"application\/ld+json\" class=\"yoast-schema-graph\">{\"@context\":\"https:\\\/\\\/schema.org\",\"@graph\":[{\"@type\":\"WebPage\",\"@id\":\"https:\\\/\\\/riseandwarm.com\\\/tr\\\/urun\\\/sirius-dress\\\/\",\"url\":\"https:\\\/\\\/riseandwarm.com\\\/tr\\\/urun\\\/sirius-dress\\\/\",\"name\":\"Sirius Elbise Beyaz - Rise & Warm\",\"isPartOf\":{\"@id\":\"https:\\\/\\\/riseandwarm.com\\\/tr\\\/#website\"},\"primaryImageOfPage\":{\"@id\":\"https:\\\/\\\/riseandwarm.com\\\/tr\\\/urun\\\/sirius-dress\\\/#primaryimage\"},\"image\":{\"@id\":\"https:\\\/\\\/riseandwarm.com\\\/tr\\\/urun\\\/sirius-dress\\\/#primaryimage\"},\"thumbnailUrl\":\"https:\\\/\\\/riseandwarm.com\\\/wp-content\\\/uploads\\\/2021\\\/04\\\/SiriusBeyaz3-scaled.jpg\",\"datePublished\":\"2026-04-26T01:35:11+00:00\",\"dateModified\":\"2026-04-26T20:24:05+00:00\",\"description\":\"Sirius Elbise Beyaz ve di\u011fer t\u00fcm \u00fcr\u00fcnlerimiz i\u00e7in Rise & Warm adresini hemen ziyaret edin. H\u0131zl\u0131 kargo ve g\u00fcvenli al\u0131\u015fveri\u015f!\",\"breadcrumb\":{\"@id\":\"https:\\\/\\\/riseandwarm.com\\\/tr\\\/urun\\\/sirius-dress\\\/#breadcrumb\"},\"inLanguage\":\"tr\",\"potentialAction\":[{\"@type\":\"ReadAction\",\"target\":[\"https:\\\/\\\/riseandwarm.com\\\/tr\\\/urun\\\/sirius-dress\\\/\"]}]},{\"@type\":\"ImageObject\",\"inLanguage\":\"tr\",\"@id\":\"https:\\\/\\\/riseandwarm.com\\\/tr\\\/urun\\\/sirius-dress\\\/#primaryimage\",\"url\":\"https:\\\/\\\/riseandwarm.com\\\/wp-content\\\/uploads\\\/2021\\\/04\\\/SiriusBeyaz3-scaled.jpg\",\"contentUrl\":\"https:\\\/\\\/riseandwarm.com\\\/wp-content\\\/uploads\\\/2021\\\/04\\\/SiriusBeyaz3-scaled.jpg\",\"width\":1707,\"height\":2560},{\"@type\":\"BreadcrumbList\",\"@id\":\"https:\\\/\\\/riseandwarm.com\\\/tr\\\/urun\\\/sirius-dress\\\/#breadcrumb\",\"itemListElement\":[{\"@type\":\"ListItem\",\"position\":1,\"name\":\"Home\",\"item\":\"https:\\\/\\\/riseandwarm.com\\\/tr\\\/\"},{\"@type\":\"ListItem\",\"position\":2,\"name\":\"Ma\u011faza\",\"item\":\"https:\\\/\\\/riseandwarm.com\\\/tr\\\/magaza\\\/\"},{\"@type\":\"ListItem\",\"position\":3,\"name\":\"Sirius Elbise Beyaz\"}]},{\"@type\":\"WebSite\",\"@id\":\"https:\\\/\\\/riseandwarm.com\\\/tr\\\/#website\",\"url\":\"https:\\\/\\\/riseandwarm.com\\\/tr\\\/\",\"name\":\"Rise | Warm\",\"description\":\"Free your self\",\"potentialAction\":[{\"@type\":\"SearchAction\",\"target\":{\"@type\":\"EntryPoint\",\"urlTemplate\":\"https:\\\/\\\/riseandwarm.com\\\/tr\\\/?s={search_term_string}\"},\"query-input\":{\"@type\":\"PropertyValueSpecification\",\"valueRequired\":true,\"valueName\":\"search_term_string\"}}],\"inLanguage\":\"tr\"}]}<\/script>\n<!-- \/ Yoast SEO plugin. -->","yoast_head_json":{"title":"Sirius Elbise Beyaz - Rise & Warm","description":"Sirius Elbise Beyaz ve di\u011fer t\u00fcm \u00fcr\u00fcnlerimiz i\u00e7in Rise & Warm adresini hemen ziyaret edin. H\u0131zl\u0131 kargo ve g\u00fcvenli al\u0131\u015fveri\u015f!","robots":{"index":"index","follow":"follow","max-snippet":"max-snippet:-1","max-image-preview":"max-image-preview:large","max-video-preview":"max-video-preview:-1"},"canonical":"https:\/\/riseandwarm.com\/tr\/urun\/sirius-dress\/","og_locale":"tr_TR","og_type":"article","og_title":"Sirius Elbise Beyaz - Rise & Warm","og_description":"Sirius Elbise Beyaz ve di\u011fer t\u00fcm \u00fcr\u00fcnlerimiz i\u00e7in Rise & Warm adresini hemen ziyaret edin. H\u0131zl\u0131 kargo ve g\u00fcvenli al\u0131\u015fveri\u015f!","og_url":"https:\/\/riseandwarm.com\/tr\/urun\/sirius-dress\/","og_site_name":"Rise | Warm","article_modified_time":"2026-04-26T20:24:05+00:00","og_image":[{"width":1707,"height":2560,"url":"https:\/\/riseandwarm.com\/wp-content\/uploads\/2021\/04\/SiriusBeyaz3-scaled.jpg","type":"image\/jpeg"}],"twitter_card":"summary_large_image","twitter_misc":{"Tahmini okuma s\u00fcresi":"1 dakika"},"schema":{"@context":"https:\/\/schema.org","@graph":[{"@type":"WebPage","@id":"https:\/\/riseandwarm.com\/tr\/urun\/sirius-dress\/","url":"https:\/\/riseandwarm.com\/tr\/urun\/sirius-dress\/","name":"Sirius Elbise Beyaz - Rise & Warm","isPartOf":{"@id":"https:\/\/riseandwarm.com\/tr\/#website"},"primaryImageOfPage":{"@id":"https:\/\/riseandwarm.com\/tr\/urun\/sirius-dress\/#primaryimage"},"image":{"@id":"https:\/\/riseandwarm.com\/tr\/urun\/sirius-dress\/#primaryimage"},"thumbnailUrl":"https:\/\/riseandwarm.com\/wp-content\/uploads\/2021\/04\/SiriusBeyaz3-scaled.jpg","datePublished":"2026-04-26T01:35:11+00:00","dateModified":"2026-04-26T20:24:05+00:00","description":"Sirius Elbise Beyaz ve di\u011fer t\u00fcm \u00fcr\u00fcnlerimiz i\u00e7in Rise & Warm adresini hemen ziyaret edin. H\u0131zl\u0131 kargo ve g\u00fcvenli al\u0131\u015fveri\u015f!","breadcrumb":{"@id":"https:\/\/riseandwarm.com\/tr\/urun\/sirius-dress\/#breadcrumb"},"inLanguage":"tr","potentialAction":[{"@type":"ReadAction","target":["https:\/\/riseandwarm.com\/tr\/urun\/sirius-dress\/"]}]},{"@type":"ImageObject","inLanguage":"tr","@id":"https:\/\/riseandwarm.com\/tr\/urun\/sirius-dress\/#primaryimage","url":"https:\/\/riseandwarm.com\/wp-content\/uploads\/2021\/04\/SiriusBeyaz3-scaled.jpg","contentUrl":"https:\/\/riseandwarm.com\/wp-content\/uploads\/2021\/04\/SiriusBeyaz3-scaled.jpg","width":1707,"height":2560},{"@type":"BreadcrumbList","@id":"https:\/\/riseandwarm.com\/tr\/urun\/sirius-dress\/#breadcrumb","itemListElement":[{"@type":"ListItem","position":1,"name":"Home","item":"https:\/\/riseandwarm.com\/tr\/"},{"@type":"ListItem","position":2,"name":"Ma\u011faza","item":"https:\/\/riseandwarm.com\/tr\/magaza\/"},{"@type":"ListItem","position":3,"name":"Sirius Elbise Beyaz"}]},{"@type":"WebSite","@id":"https:\/\/riseandwarm.com\/tr\/#website","url":"https:\/\/riseandwarm.com\/tr\/","name":"Rise | Warm","description":"Free your self","potentialAction":[{"@type":"SearchAction","target":{"@type":"EntryPoint","urlTemplate":"https:\/\/riseandwarm.com\/tr\/?s={search_term_string}"},"query-input":{"@type":"PropertyValueSpecification","valueRequired":true,"valueName":"search_term_string"}}],"inLanguage":"tr"}]}},"_links":{"self":[{"href":"https:\/\/riseandwarm.com\/tr\/wp-json\/wp\/v2\/product\/24784","targetHints":{"allow":["GET"]}}],"collection":[{"href":"https:\/\/riseandwarm.com\/tr\/wp-json\/wp\/v2\/product"}],"about":[{"href":"https:\/\/riseandwarm.com\/tr\/wp-json\/wp\/v2\/types\/product"}],"version-history":[{"count":4,"href":"https:\/\/riseandwarm.com\/tr\/wp-json\/wp\/v2\/product\/24784\/revisions"}],"predecessor-version":[{"id":24958,"href":"https:\/\/riseandwarm.com\/tr\/wp-json\/wp\/v2\/product\/24784\/revisions\/24958"}],"wp:featuredmedia":[{"embeddable":true,"href":"https:\/\/riseandwarm.com\/tr\/wp-json\/wp\/v2\/media\/4125"}],"wp:attachment":[{"href":"https:\/\/riseandwarm.com\/tr\/wp-json\/wp\/v2\/media?parent=24784"}],"wp:term":[{"taxonomy":"product_brand","embeddable":true,"href":"https:\/\/riseandwarm.com\/tr\/wp-json\/wp\/v2\/product_brand?post=24784"},{"taxonomy":"product_cat","embeddable":true,"href":"https:\/\/riseandwarm.com\/tr\/wp-json\/wp\/v2\/product_cat?post=24784"},{"taxonomy":"product_tag","embeddable":true,"href":"https:\/\/riseandwarm.com\/tr\/wp-json\/wp\/v2\/product_tag?post=24784"}],"curies":[{"name":"wp","href":"https:\/\/api.w.org\/{rel}","templated":true}]}}