{"id":24339,"date":"2025-06-18T14:24:00","date_gmt":"2025-06-18T14:24:00","guid":{"rendered":"https:\/\/riseandwarm.com\/urun\/rogue-gomlek-elbise-mini\/"},"modified":"2025-06-20T13:45:57","modified_gmt":"2025-06-20T13:45:57","slug":"rogue-gomlek-elbise-mini","status":"publish","type":"product","link":"https:\/\/riseandwarm.com\/tr\/urun\/rogue-gomlek-elbise-mini\/","title":{"rendered":"Rogue G\u00f6mlek Elbise Mini"},"content":{"rendered":"<p>&#8220;Rogue&#8221; modeli %100 pamuk g\u00f6mlek kuma\u015f\u0131 ile yeniden yorumlan\u0131yor. Rise and Warm&#8217;\u0131n bu asi versiyonu, modern ve rahat bir stili g\u00f6mlek kuma\u015f\u0131n\u0131n hafifli\u011fi ve do\u011fal hissiyle birle\u015ftiriyor. Minimalist cep detay\u0131 ile sadele\u015ftirilmi\u015f tasar\u0131m, her ad\u0131mda \u015f\u0131kl\u0131\u011f\u0131 ve konforu \u00f6n plana \u00e7\u0131kar\u0131yor.  <\/p>\n<p>XS \u201cten L\u201d ye t\u00fcm v\u00fccut tiplerine uygun olan \u201cRogue\u201d, \u015fehir hayat\u0131n\u0131n dinamizmine m\u00fckemmel uyum sa\u011fl\u0131yor. Hem g\u00fcnl\u00fck giyim hem de \u00f6zel anlar i\u00e7in ideal olan bu elbise, gard\u0131robunuzun vazge\u00e7ilmez bir par\u00e7as\u0131 haline gelecek. <\/p>\n<p>Kuma\u015f ve Bak\u0131m \u00d6zellikleri:<br \/>\n* Kuma\u015f: %100 pamuklu g\u00f6mlek kuma\u015f\u0131, do\u011fal hissi ve hafifli\u011fi ile dikkat \u00e7ekiyor.<br \/>\n* Bitirme \u0130\u015flemi: K\u0131r\u0131\u015fmaya kar\u015f\u0131 dayan\u0131kl\u0131d\u0131r, minimum 5 y\u0131kamaya kadar koruma sa\u011flar.<br \/>\n* Bak\u0131m: Elbisenin \u015feklini ve kalitesini korumak i\u00e7in kuru temizleme \u00f6nerilir.<\/p>\n","protected":false},"excerpt":{"rendered":"<p>&#8220;Rogue&#8221; modeli %100 pamuk g\u00f6mlek kuma\u015f\u0131 ile yeniden yorumlan\u0131yor. Rise and Warm&#8217;\u0131n bu asi versiyonu, modern ve rahat bir stili<\/p>\n","protected":false},"featured_media":24282,"template":"","meta":[],"product_brand":[],"product_cat":[106,382],"product_tag":[],"class_list":{"0":"post-24339","1":"product","2":"type-product","3":"status-publish","4":"has-post-thumbnail","6":"product_cat-elbise-modelleri","7":"product_cat-gomlek-elbiseler","9":"first","10":"instock","11":"sale","12":"shipping-taxable","13":"purchasable","14":"product-type-simple"},"yoast_head":"<!-- This site is optimized with the Yoast SEO plugin v27.4 - https:\/\/yoast.com\/product\/yoast-seo-wordpress\/ -->\n<title>Rogue G\u00f6mlek Elbise Mini - Rise &amp; Warm<\/title>\n<meta name=\"description\" content=\"Rogue G\u00f6mlek Elbise Mini ve di\u011fer t\u00fcm \u00fcr\u00fcnlerimiz i\u00e7in Rise &amp; Warm adresini hemen ziyaret edin. H\u0131zl\u0131 kargo ve g\u00fcvenli al\u0131\u015fveri\u015f!\" \/>\n<meta name=\"robots\" content=\"index, follow, max-snippet:-1, max-image-preview:large, max-video-preview:-1\" \/>\n<link rel=\"canonical\" href=\"https:\/\/riseandwarm.com\/tr\/urun\/rogue-gomlek-elbise-mini\/\" \/>\n<meta property=\"og:locale\" content=\"tr_TR\" \/>\n<meta property=\"og:type\" content=\"article\" \/>\n<meta property=\"og:title\" content=\"Rogue G\u00f6mlek Elbise Mini - Rise &amp; Warm\" \/>\n<meta property=\"og:description\" content=\"Rogue G\u00f6mlek Elbise Mini ve di\u011fer t\u00fcm \u00fcr\u00fcnlerimiz i\u00e7in Rise &amp; Warm adresini hemen ziyaret edin. H\u0131zl\u0131 kargo ve g\u00fcvenli al\u0131\u015fveri\u015f!\" \/>\n<meta property=\"og:url\" content=\"https:\/\/riseandwarm.com\/tr\/urun\/rogue-gomlek-elbise-mini\/\" \/>\n<meta property=\"og:site_name\" content=\"Rise | Warm\" \/>\n<meta property=\"article:modified_time\" content=\"2025-06-20T13:45:57+00:00\" \/>\n<meta property=\"og:image\" content=\"https:\/\/riseandwarm.com\/wp-content\/uploads\/2025\/06\/3.jpg\" \/>\n\t<meta property=\"og:image:width\" content=\"1000\" \/>\n\t<meta property=\"og:image:height\" content=\"1500\" \/>\n\t<meta property=\"og:image:type\" content=\"image\/jpeg\" \/>\n<meta name=\"twitter:card\" content=\"summary_large_image\" \/>\n<meta name=\"twitter:label1\" content=\"Tahmini okuma s\u00fcresi\" \/>\n\t<meta name=\"twitter:data1\" content=\"1 dakika\" \/>\n<script type=\"application\/ld+json\" class=\"yoast-schema-graph\">{\"@context\":\"https:\\\/\\\/schema.org\",\"@graph\":[{\"@type\":\"WebPage\",\"@id\":\"https:\\\/\\\/riseandwarm.com\\\/tr\\\/urun\\\/rogue-gomlek-elbise-mini\\\/\",\"url\":\"https:\\\/\\\/riseandwarm.com\\\/tr\\\/urun\\\/rogue-gomlek-elbise-mini\\\/\",\"name\":\"Rogue G\u00f6mlek Elbise Mini - Rise & Warm\",\"isPartOf\":{\"@id\":\"https:\\\/\\\/riseandwarm.com\\\/tr\\\/#website\"},\"primaryImageOfPage\":{\"@id\":\"https:\\\/\\\/riseandwarm.com\\\/tr\\\/urun\\\/rogue-gomlek-elbise-mini\\\/#primaryimage\"},\"image\":{\"@id\":\"https:\\\/\\\/riseandwarm.com\\\/tr\\\/urun\\\/rogue-gomlek-elbise-mini\\\/#primaryimage\"},\"thumbnailUrl\":\"https:\\\/\\\/riseandwarm.com\\\/wp-content\\\/uploads\\\/2025\\\/06\\\/3.jpg\",\"datePublished\":\"2025-06-18T14:24:00+00:00\",\"dateModified\":\"2025-06-20T13:45:57+00:00\",\"description\":\"Rogue G\u00f6mlek Elbise Mini ve di\u011fer t\u00fcm \u00fcr\u00fcnlerimiz i\u00e7in Rise & Warm adresini hemen ziyaret edin. H\u0131zl\u0131 kargo ve g\u00fcvenli al\u0131\u015fveri\u015f!\",\"breadcrumb\":{\"@id\":\"https:\\\/\\\/riseandwarm.com\\\/tr\\\/urun\\\/rogue-gomlek-elbise-mini\\\/#breadcrumb\"},\"inLanguage\":\"tr\",\"potentialAction\":[{\"@type\":\"ReadAction\",\"target\":[\"https:\\\/\\\/riseandwarm.com\\\/tr\\\/urun\\\/rogue-gomlek-elbise-mini\\\/\"]}]},{\"@type\":\"ImageObject\",\"inLanguage\":\"tr\",\"@id\":\"https:\\\/\\\/riseandwarm.com\\\/tr\\\/urun\\\/rogue-gomlek-elbise-mini\\\/#primaryimage\",\"url\":\"https:\\\/\\\/riseandwarm.com\\\/wp-content\\\/uploads\\\/2025\\\/06\\\/3.jpg\",\"contentUrl\":\"https:\\\/\\\/riseandwarm.com\\\/wp-content\\\/uploads\\\/2025\\\/06\\\/3.jpg\",\"width\":1000,\"height\":1500},{\"@type\":\"BreadcrumbList\",\"@id\":\"https:\\\/\\\/riseandwarm.com\\\/tr\\\/urun\\\/rogue-gomlek-elbise-mini\\\/#breadcrumb\",\"itemListElement\":[{\"@type\":\"ListItem\",\"position\":1,\"name\":\"Home\",\"item\":\"https:\\\/\\\/riseandwarm.com\\\/tr\\\/\"},{\"@type\":\"ListItem\",\"position\":2,\"name\":\"Ma\u011faza\",\"item\":\"https:\\\/\\\/riseandwarm.com\\\/tr\\\/magaza\\\/\"},{\"@type\":\"ListItem\",\"position\":3,\"name\":\"Rogue G\u00f6mlek Elbise Mini\"}]},{\"@type\":\"WebSite\",\"@id\":\"https:\\\/\\\/riseandwarm.com\\\/tr\\\/#website\",\"url\":\"https:\\\/\\\/riseandwarm.com\\\/tr\\\/\",\"name\":\"Rise | Warm\",\"description\":\"Free your self\",\"potentialAction\":[{\"@type\":\"SearchAction\",\"target\":{\"@type\":\"EntryPoint\",\"urlTemplate\":\"https:\\\/\\\/riseandwarm.com\\\/tr\\\/?s={search_term_string}\"},\"query-input\":{\"@type\":\"PropertyValueSpecification\",\"valueRequired\":true,\"valueName\":\"search_term_string\"}}],\"inLanguage\":\"tr\"}]}<\/script>\n<!-- \/ Yoast SEO plugin. -->","yoast_head_json":{"title":"Rogue G\u00f6mlek Elbise Mini - Rise & Warm","description":"Rogue G\u00f6mlek Elbise Mini ve di\u011fer t\u00fcm \u00fcr\u00fcnlerimiz i\u00e7in Rise & Warm adresini hemen ziyaret edin. H\u0131zl\u0131 kargo ve g\u00fcvenli al\u0131\u015fveri\u015f!","robots":{"index":"index","follow":"follow","max-snippet":"max-snippet:-1","max-image-preview":"max-image-preview:large","max-video-preview":"max-video-preview:-1"},"canonical":"https:\/\/riseandwarm.com\/tr\/urun\/rogue-gomlek-elbise-mini\/","og_locale":"tr_TR","og_type":"article","og_title":"Rogue G\u00f6mlek Elbise Mini - Rise & Warm","og_description":"Rogue G\u00f6mlek Elbise Mini ve di\u011fer t\u00fcm \u00fcr\u00fcnlerimiz i\u00e7in Rise & Warm adresini hemen ziyaret edin. H\u0131zl\u0131 kargo ve g\u00fcvenli al\u0131\u015fveri\u015f!","og_url":"https:\/\/riseandwarm.com\/tr\/urun\/rogue-gomlek-elbise-mini\/","og_site_name":"Rise | Warm","article_modified_time":"2025-06-20T13:45:57+00:00","og_image":[{"width":1000,"height":1500,"url":"https:\/\/riseandwarm.com\/wp-content\/uploads\/2025\/06\/3.jpg","type":"image\/jpeg"}],"twitter_card":"summary_large_image","twitter_misc":{"Tahmini okuma s\u00fcresi":"1 dakika"},"schema":{"@context":"https:\/\/schema.org","@graph":[{"@type":"WebPage","@id":"https:\/\/riseandwarm.com\/tr\/urun\/rogue-gomlek-elbise-mini\/","url":"https:\/\/riseandwarm.com\/tr\/urun\/rogue-gomlek-elbise-mini\/","name":"Rogue G\u00f6mlek Elbise Mini - Rise & Warm","isPartOf":{"@id":"https:\/\/riseandwarm.com\/tr\/#website"},"primaryImageOfPage":{"@id":"https:\/\/riseandwarm.com\/tr\/urun\/rogue-gomlek-elbise-mini\/#primaryimage"},"image":{"@id":"https:\/\/riseandwarm.com\/tr\/urun\/rogue-gomlek-elbise-mini\/#primaryimage"},"thumbnailUrl":"https:\/\/riseandwarm.com\/wp-content\/uploads\/2025\/06\/3.jpg","datePublished":"2025-06-18T14:24:00+00:00","dateModified":"2025-06-20T13:45:57+00:00","description":"Rogue G\u00f6mlek Elbise Mini ve di\u011fer t\u00fcm \u00fcr\u00fcnlerimiz i\u00e7in Rise & Warm adresini hemen ziyaret edin. H\u0131zl\u0131 kargo ve g\u00fcvenli al\u0131\u015fveri\u015f!","breadcrumb":{"@id":"https:\/\/riseandwarm.com\/tr\/urun\/rogue-gomlek-elbise-mini\/#breadcrumb"},"inLanguage":"tr","potentialAction":[{"@type":"ReadAction","target":["https:\/\/riseandwarm.com\/tr\/urun\/rogue-gomlek-elbise-mini\/"]}]},{"@type":"ImageObject","inLanguage":"tr","@id":"https:\/\/riseandwarm.com\/tr\/urun\/rogue-gomlek-elbise-mini\/#primaryimage","url":"https:\/\/riseandwarm.com\/wp-content\/uploads\/2025\/06\/3.jpg","contentUrl":"https:\/\/riseandwarm.com\/wp-content\/uploads\/2025\/06\/3.jpg","width":1000,"height":1500},{"@type":"BreadcrumbList","@id":"https:\/\/riseandwarm.com\/tr\/urun\/rogue-gomlek-elbise-mini\/#breadcrumb","itemListElement":[{"@type":"ListItem","position":1,"name":"Home","item":"https:\/\/riseandwarm.com\/tr\/"},{"@type":"ListItem","position":2,"name":"Ma\u011faza","item":"https:\/\/riseandwarm.com\/tr\/magaza\/"},{"@type":"ListItem","position":3,"name":"Rogue G\u00f6mlek Elbise Mini"}]},{"@type":"WebSite","@id":"https:\/\/riseandwarm.com\/tr\/#website","url":"https:\/\/riseandwarm.com\/tr\/","name":"Rise | Warm","description":"Free your self","potentialAction":[{"@type":"SearchAction","target":{"@type":"EntryPoint","urlTemplate":"https:\/\/riseandwarm.com\/tr\/?s={search_term_string}"},"query-input":{"@type":"PropertyValueSpecification","valueRequired":true,"valueName":"search_term_string"}}],"inLanguage":"tr"}]}},"_links":{"self":[{"href":"https:\/\/riseandwarm.com\/tr\/wp-json\/wp\/v2\/product\/24339","targetHints":{"allow":["GET"]}}],"collection":[{"href":"https:\/\/riseandwarm.com\/tr\/wp-json\/wp\/v2\/product"}],"about":[{"href":"https:\/\/riseandwarm.com\/tr\/wp-json\/wp\/v2\/types\/product"}],"version-history":[{"count":0,"href":"https:\/\/riseandwarm.com\/tr\/wp-json\/wp\/v2\/product\/24339\/revisions"}],"wp:featuredmedia":[{"embeddable":true,"href":"https:\/\/riseandwarm.com\/tr\/wp-json\/wp\/v2\/media\/24282"}],"wp:attachment":[{"href":"https:\/\/riseandwarm.com\/tr\/wp-json\/wp\/v2\/media?parent=24339"}],"wp:term":[{"taxonomy":"product_brand","embeddable":true,"href":"https:\/\/riseandwarm.com\/tr\/wp-json\/wp\/v2\/product_brand?post=24339"},{"taxonomy":"product_cat","embeddable":true,"href":"https:\/\/riseandwarm.com\/tr\/wp-json\/wp\/v2\/product_cat?post=24339"},{"taxonomy":"product_tag","embeddable":true,"href":"https:\/\/riseandwarm.com\/tr\/wp-json\/wp\/v2\/product_tag?post=24339"}],"curies":[{"name":"wp","href":"https:\/\/api.w.org\/{rel}","templated":true}]}}