{"id":24337,"date":"2025-06-18T14:37:30","date_gmt":"2025-06-18T14:37:30","guid":{"rendered":"https:\/\/riseandwarm.com\/urun\/eylsian-elbise-mini\/"},"modified":"2025-06-20T13:44:50","modified_gmt":"2025-06-20T13:44:50","slug":"eylsian-elbise-mini","status":"publish","type":"product","link":"https:\/\/riseandwarm.com\/tr\/urun\/eylsian-elbise-mini\/","title":{"rendered":"Eylsian Elbise Mini"},"content":{"rendered":"<p>Pamuklu kuma\u015ftan \u00fcretilen \u201cElysian\u201d elbise, zarif \u00fc\u00e7gen V yaka ve ince ask\u0131 tasar\u0131m\u0131yla \u00f6ne \u00e7\u0131k\u0131yor. Boyun ba\u011flar\u0131yla ayn\u0131 malzemeden yap\u0131lan g\u00f6\u011fs\u00fcn alt\u0131ndaki sabit b\u00fczme ipinin detay\u0131, elbisenin sofistike g\u00f6r\u00fcn\u00fcm\u00fcn\u00fc tamamlayarak estetik bir dokunu\u015f kat\u0131yor. Elbisenin arkas\u0131, cazibesini art\u0131ran derin, ayarlanabilir bir dekolte i\u00e7erirken, cepler zarafetine pratik bir dokunu\u015f kat\u0131yor. \u201cElysian\u201d, sadelik ve konforun huzurlu g\u00fczelli\u011fini bir araya getirerek onu her gard\u0131roba \u00e7ok y\u00f6nl\u00fc bir katk\u0131 haline getiriyor.   <\/p>\n<p>Kuma\u015f ve Bak\u0131m \u00d6zellikleri:<br \/>\n* Kuma\u015f: %100 pamuk, rahatl\u0131\u011f\u0131 ve nefes alabilirli\u011fi ile \u00fcnl\u00fcd\u00fcr.<br \/>\n* Detay: G\u00f6\u011f\u00fcs alt\u0131nda yer alan sabit b\u00fczg\u00fc detay\u0131 estetik bir dokunu\u015f sunarken boyun ba\u011flar\u0131 ile uyum sa\u011flar.<\/p>\n<p>* S\u0131rt: Derin, ayarlanabilir bir dekolte hem cazibe hem de rahatl\u0131k sa\u011flar.<br \/>\n* Ek \u00d6zellikler: Daha fazla pratiklik i\u00e7in ceplerle birlikte gelir.<br \/>\n* Bak\u0131m: Kuma\u015f\u0131n ve detaylar\u0131n hassas do\u011fas\u0131 nedeniyle, elbisenin b\u00fct\u00fcnl\u00fc\u011f\u00fcn\u00fc ve g\u00fczelli\u011fini korumak i\u00e7in kuru temizleme \u00f6nerilir.<br \/>\n* Bitirme \u0130\u015flemi: K\u0131r\u0131\u015fmaya kar\u015f\u0131 dayan\u0131kl\u0131d\u0131r, minimum 5 y\u0131kamaya kadar koruma sa\u011flar.<\/p>\n","protected":false},"excerpt":{"rendered":"<p>Pamuklu kuma\u015ftan \u00fcretilen \u201cElysian\u201d elbise, zarif \u00fc\u00e7gen V yaka ve ince ask\u0131 tasar\u0131m\u0131yla \u00f6ne \u00e7\u0131k\u0131yor. Boyun ba\u011flar\u0131yla ayn\u0131 malzemeden yap\u0131lan<\/p>\n","protected":false},"featured_media":24286,"template":"","meta":[],"product_brand":[],"product_cat":[106,382],"product_tag":[],"class_list":{"0":"post-24337","1":"product","2":"type-product","3":"status-publish","4":"has-post-thumbnail","6":"product_cat-elbise-modelleri","7":"product_cat-gomlek-elbiseler","9":"first","10":"instock","11":"sale","12":"shipping-taxable","13":"purchasable","14":"product-type-simple"},"yoast_head":"<!-- This site is optimized with the Yoast SEO plugin v27.4 - https:\/\/yoast.com\/product\/yoast-seo-wordpress\/ -->\n<title>Eylsian Elbise Mini - Rise &amp; Warm<\/title>\n<meta name=\"description\" content=\"Eylsian Elbise Mini ve di\u011fer t\u00fcm \u00fcr\u00fcnlerimiz i\u00e7in Rise &amp; Warm adresini hemen ziyaret edin. H\u0131zl\u0131 kargo ve g\u00fcvenli al\u0131\u015fveri\u015f!\" \/>\n<meta name=\"robots\" content=\"index, follow, max-snippet:-1, max-image-preview:large, max-video-preview:-1\" \/>\n<link rel=\"canonical\" href=\"https:\/\/riseandwarm.com\/tr\/urun\/eylsian-elbise-mini\/\" \/>\n<meta property=\"og:locale\" content=\"tr_TR\" \/>\n<meta property=\"og:type\" content=\"article\" \/>\n<meta property=\"og:title\" content=\"Eylsian Elbise Mini - Rise &amp; Warm\" \/>\n<meta property=\"og:description\" content=\"Eylsian Elbise Mini ve di\u011fer t\u00fcm \u00fcr\u00fcnlerimiz i\u00e7in Rise &amp; Warm adresini hemen ziyaret edin. H\u0131zl\u0131 kargo ve g\u00fcvenli al\u0131\u015fveri\u015f!\" \/>\n<meta property=\"og:url\" content=\"https:\/\/riseandwarm.com\/tr\/urun\/eylsian-elbise-mini\/\" \/>\n<meta property=\"og:site_name\" content=\"Rise | Warm\" \/>\n<meta property=\"article:modified_time\" content=\"2025-06-20T13:44:50+00:00\" \/>\n<meta property=\"og:image\" content=\"https:\/\/riseandwarm.com\/wp-content\/uploads\/2025\/06\/5.jpg\" \/>\n\t<meta property=\"og:image:width\" content=\"1000\" \/>\n\t<meta property=\"og:image:height\" content=\"1500\" \/>\n\t<meta property=\"og:image:type\" content=\"image\/jpeg\" \/>\n<meta name=\"twitter:card\" content=\"summary_large_image\" \/>\n<meta name=\"twitter:label1\" content=\"Tahmini okuma s\u00fcresi\" \/>\n\t<meta name=\"twitter:data1\" content=\"1 dakika\" \/>\n<script type=\"application\/ld+json\" class=\"yoast-schema-graph\">{\"@context\":\"https:\\\/\\\/schema.org\",\"@graph\":[{\"@type\":\"WebPage\",\"@id\":\"https:\\\/\\\/riseandwarm.com\\\/tr\\\/urun\\\/eylsian-elbise-mini\\\/\",\"url\":\"https:\\\/\\\/riseandwarm.com\\\/tr\\\/urun\\\/eylsian-elbise-mini\\\/\",\"name\":\"Eylsian Elbise Mini - Rise & Warm\",\"isPartOf\":{\"@id\":\"https:\\\/\\\/riseandwarm.com\\\/tr\\\/#website\"},\"primaryImageOfPage\":{\"@id\":\"https:\\\/\\\/riseandwarm.com\\\/tr\\\/urun\\\/eylsian-elbise-mini\\\/#primaryimage\"},\"image\":{\"@id\":\"https:\\\/\\\/riseandwarm.com\\\/tr\\\/urun\\\/eylsian-elbise-mini\\\/#primaryimage\"},\"thumbnailUrl\":\"https:\\\/\\\/riseandwarm.com\\\/wp-content\\\/uploads\\\/2025\\\/06\\\/5.jpg\",\"datePublished\":\"2025-06-18T14:37:30+00:00\",\"dateModified\":\"2025-06-20T13:44:50+00:00\",\"description\":\"Eylsian Elbise Mini ve di\u011fer t\u00fcm \u00fcr\u00fcnlerimiz i\u00e7in Rise & Warm adresini hemen ziyaret edin. H\u0131zl\u0131 kargo ve g\u00fcvenli al\u0131\u015fveri\u015f!\",\"breadcrumb\":{\"@id\":\"https:\\\/\\\/riseandwarm.com\\\/tr\\\/urun\\\/eylsian-elbise-mini\\\/#breadcrumb\"},\"inLanguage\":\"tr\",\"potentialAction\":[{\"@type\":\"ReadAction\",\"target\":[\"https:\\\/\\\/riseandwarm.com\\\/tr\\\/urun\\\/eylsian-elbise-mini\\\/\"]}]},{\"@type\":\"ImageObject\",\"inLanguage\":\"tr\",\"@id\":\"https:\\\/\\\/riseandwarm.com\\\/tr\\\/urun\\\/eylsian-elbise-mini\\\/#primaryimage\",\"url\":\"https:\\\/\\\/riseandwarm.com\\\/wp-content\\\/uploads\\\/2025\\\/06\\\/5.jpg\",\"contentUrl\":\"https:\\\/\\\/riseandwarm.com\\\/wp-content\\\/uploads\\\/2025\\\/06\\\/5.jpg\",\"width\":1000,\"height\":1500},{\"@type\":\"BreadcrumbList\",\"@id\":\"https:\\\/\\\/riseandwarm.com\\\/tr\\\/urun\\\/eylsian-elbise-mini\\\/#breadcrumb\",\"itemListElement\":[{\"@type\":\"ListItem\",\"position\":1,\"name\":\"Home\",\"item\":\"https:\\\/\\\/riseandwarm.com\\\/tr\\\/\"},{\"@type\":\"ListItem\",\"position\":2,\"name\":\"Ma\u011faza\",\"item\":\"https:\\\/\\\/riseandwarm.com\\\/tr\\\/magaza\\\/\"},{\"@type\":\"ListItem\",\"position\":3,\"name\":\"Eylsian Elbise Mini\"}]},{\"@type\":\"WebSite\",\"@id\":\"https:\\\/\\\/riseandwarm.com\\\/tr\\\/#website\",\"url\":\"https:\\\/\\\/riseandwarm.com\\\/tr\\\/\",\"name\":\"Rise | Warm\",\"description\":\"Free your self\",\"potentialAction\":[{\"@type\":\"SearchAction\",\"target\":{\"@type\":\"EntryPoint\",\"urlTemplate\":\"https:\\\/\\\/riseandwarm.com\\\/tr\\\/?s={search_term_string}\"},\"query-input\":{\"@type\":\"PropertyValueSpecification\",\"valueRequired\":true,\"valueName\":\"search_term_string\"}}],\"inLanguage\":\"tr\"}]}<\/script>\n<!-- \/ Yoast SEO plugin. -->","yoast_head_json":{"title":"Eylsian Elbise Mini - Rise & Warm","description":"Eylsian Elbise Mini ve di\u011fer t\u00fcm \u00fcr\u00fcnlerimiz i\u00e7in Rise & Warm adresini hemen ziyaret edin. H\u0131zl\u0131 kargo ve g\u00fcvenli al\u0131\u015fveri\u015f!","robots":{"index":"index","follow":"follow","max-snippet":"max-snippet:-1","max-image-preview":"max-image-preview:large","max-video-preview":"max-video-preview:-1"},"canonical":"https:\/\/riseandwarm.com\/tr\/urun\/eylsian-elbise-mini\/","og_locale":"tr_TR","og_type":"article","og_title":"Eylsian Elbise Mini - Rise & Warm","og_description":"Eylsian Elbise Mini ve di\u011fer t\u00fcm \u00fcr\u00fcnlerimiz i\u00e7in Rise & Warm adresini hemen ziyaret edin. H\u0131zl\u0131 kargo ve g\u00fcvenli al\u0131\u015fveri\u015f!","og_url":"https:\/\/riseandwarm.com\/tr\/urun\/eylsian-elbise-mini\/","og_site_name":"Rise | Warm","article_modified_time":"2025-06-20T13:44:50+00:00","og_image":[{"width":1000,"height":1500,"url":"https:\/\/riseandwarm.com\/wp-content\/uploads\/2025\/06\/5.jpg","type":"image\/jpeg"}],"twitter_card":"summary_large_image","twitter_misc":{"Tahmini okuma s\u00fcresi":"1 dakika"},"schema":{"@context":"https:\/\/schema.org","@graph":[{"@type":"WebPage","@id":"https:\/\/riseandwarm.com\/tr\/urun\/eylsian-elbise-mini\/","url":"https:\/\/riseandwarm.com\/tr\/urun\/eylsian-elbise-mini\/","name":"Eylsian Elbise Mini - Rise & Warm","isPartOf":{"@id":"https:\/\/riseandwarm.com\/tr\/#website"},"primaryImageOfPage":{"@id":"https:\/\/riseandwarm.com\/tr\/urun\/eylsian-elbise-mini\/#primaryimage"},"image":{"@id":"https:\/\/riseandwarm.com\/tr\/urun\/eylsian-elbise-mini\/#primaryimage"},"thumbnailUrl":"https:\/\/riseandwarm.com\/wp-content\/uploads\/2025\/06\/5.jpg","datePublished":"2025-06-18T14:37:30+00:00","dateModified":"2025-06-20T13:44:50+00:00","description":"Eylsian Elbise Mini ve di\u011fer t\u00fcm \u00fcr\u00fcnlerimiz i\u00e7in Rise & Warm adresini hemen ziyaret edin. H\u0131zl\u0131 kargo ve g\u00fcvenli al\u0131\u015fveri\u015f!","breadcrumb":{"@id":"https:\/\/riseandwarm.com\/tr\/urun\/eylsian-elbise-mini\/#breadcrumb"},"inLanguage":"tr","potentialAction":[{"@type":"ReadAction","target":["https:\/\/riseandwarm.com\/tr\/urun\/eylsian-elbise-mini\/"]}]},{"@type":"ImageObject","inLanguage":"tr","@id":"https:\/\/riseandwarm.com\/tr\/urun\/eylsian-elbise-mini\/#primaryimage","url":"https:\/\/riseandwarm.com\/wp-content\/uploads\/2025\/06\/5.jpg","contentUrl":"https:\/\/riseandwarm.com\/wp-content\/uploads\/2025\/06\/5.jpg","width":1000,"height":1500},{"@type":"BreadcrumbList","@id":"https:\/\/riseandwarm.com\/tr\/urun\/eylsian-elbise-mini\/#breadcrumb","itemListElement":[{"@type":"ListItem","position":1,"name":"Home","item":"https:\/\/riseandwarm.com\/tr\/"},{"@type":"ListItem","position":2,"name":"Ma\u011faza","item":"https:\/\/riseandwarm.com\/tr\/magaza\/"},{"@type":"ListItem","position":3,"name":"Eylsian Elbise Mini"}]},{"@type":"WebSite","@id":"https:\/\/riseandwarm.com\/tr\/#website","url":"https:\/\/riseandwarm.com\/tr\/","name":"Rise | Warm","description":"Free your self","potentialAction":[{"@type":"SearchAction","target":{"@type":"EntryPoint","urlTemplate":"https:\/\/riseandwarm.com\/tr\/?s={search_term_string}"},"query-input":{"@type":"PropertyValueSpecification","valueRequired":true,"valueName":"search_term_string"}}],"inLanguage":"tr"}]}},"_links":{"self":[{"href":"https:\/\/riseandwarm.com\/tr\/wp-json\/wp\/v2\/product\/24337","targetHints":{"allow":["GET"]}}],"collection":[{"href":"https:\/\/riseandwarm.com\/tr\/wp-json\/wp\/v2\/product"}],"about":[{"href":"https:\/\/riseandwarm.com\/tr\/wp-json\/wp\/v2\/types\/product"}],"version-history":[{"count":0,"href":"https:\/\/riseandwarm.com\/tr\/wp-json\/wp\/v2\/product\/24337\/revisions"}],"wp:featuredmedia":[{"embeddable":true,"href":"https:\/\/riseandwarm.com\/tr\/wp-json\/wp\/v2\/media\/24286"}],"wp:attachment":[{"href":"https:\/\/riseandwarm.com\/tr\/wp-json\/wp\/v2\/media?parent=24337"}],"wp:term":[{"taxonomy":"product_brand","embeddable":true,"href":"https:\/\/riseandwarm.com\/tr\/wp-json\/wp\/v2\/product_brand?post=24337"},{"taxonomy":"product_cat","embeddable":true,"href":"https:\/\/riseandwarm.com\/tr\/wp-json\/wp\/v2\/product_cat?post=24337"},{"taxonomy":"product_tag","embeddable":true,"href":"https:\/\/riseandwarm.com\/tr\/wp-json\/wp\/v2\/product_tag?post=24337"}],"curies":[{"name":"wp","href":"https:\/\/api.w.org\/{rel}","templated":true}]}}