{"id":24332,"date":"2025-06-18T13:36:33","date_gmt":"2025-06-18T13:36:33","guid":{"rendered":"https:\/\/riseandwarm.com\/urun\/imparatorice-elbise-mini-kahverengi\/"},"modified":"2025-09-15T14:11:51","modified_gmt":"2025-09-15T14:11:51","slug":"imparatorice-elbise-mini-kahverengi","status":"publish","type":"product","link":"https:\/\/riseandwarm.com\/tr\/urun\/imparatorice-elbise-mini-kahverengi\/","title":{"rendered":"Empress Dress Mini"},"content":{"rendered":"<p>&#8220;\u0130mparatori\u00e7e&#8221; modeli, Rise and Warm&#8217;\u0131n imza par\u00e7as\u0131d\u0131r. G\u00f6mlek yakas\u0131 ve ayarlanabilir s\u0131rt yakas\u0131 ile modern ve rahat bir tarz sunar. \u0130pek-viskon kar\u0131\u015f\u0131m\u0131 kuma\u015f\u0131n sa\u011flad\u0131\u011f\u0131 hafiflik ve ak\u0131\u015fkanl\u0131k her ad\u0131mda hissedilir. XS&#8217;ten L&#8217;ye kadar t\u00fcm v\u00fccut tiplerine m\u00fckemmel uyum sa\u011flayacak \u015fekilde tasarlanan bu tasar\u0131m, her sil\u00fcete sorunsuz bir \u015fekilde uyum sa\u011flar.<\/p>\n<p>\u00d6n ve yan k\u0131s\u0131mlarda yer alan d\u00fc\u011fmeler sayesinde kullan\u0131c\u0131n\u0131n tercihine g\u00f6re uyarlanabilir. Hem g\u00fcnl\u00fck kullan\u0131m hem de \u00f6zel g\u00fcnler i\u00e7in uygun olan \u201c\u0130mparatori\u00e7e\u201d, gard\u0131robunuzun vazge\u00e7ilmez bir par\u00e7as\u0131 olmaya aday.<\/p>\n<p>Kuma\u015f ve Bak\u0131m \u00d6zellikleri:<br \/>\n* Kuma\u015f: \u0130pek-viskon kar\u0131\u015f\u0131m\u0131, l\u00fcks dokunu\u015fu ve ak\u0131c\u0131 silueti ile \u00f6ne \u00e7\u0131k\u0131yor.<br \/>\n* Bak\u0131m: Sadece hassas kuma\u015f yap\u0131s\u0131n\u0131 korumak i\u00e7in kuru temizleme yap\u0131n.<\/p>\n","protected":false},"excerpt":{"rendered":"<p>&#8220;\u0130mparatori\u00e7e&#8221; modeli, Rise and Warm&#8217;\u0131n imza par\u00e7as\u0131d\u0131r. G\u00f6mlek yakas\u0131 ve ayarlanabilir s\u0131rt yakas\u0131 ile modern ve rahat bir tarz sunar.<\/p>\n","protected":false},"featured_media":24290,"template":"","meta":[],"product_brand":[],"product_cat":[106,383,382,273],"product_tag":[],"class_list":{"0":"post-24332","1":"product","2":"type-product","3":"status-publish","4":"has-post-thumbnail","6":"product_cat-elbise-modelleri","7":"product_cat-gece-elbiseleri","8":"product_cat-gomlek-elbiseler","9":"product_cat-ozel-fiyatlar","11":"first","12":"instock","13":"sale","14":"shipping-taxable","15":"purchasable","16":"product-type-variable"},"yoast_head":"<!-- This site is optimized with the Yoast SEO plugin v27.4 - https:\/\/yoast.com\/product\/yoast-seo-wordpress\/ -->\n<title>Empress Dress Mini - Rise &amp; Warm<\/title>\n<meta name=\"description\" content=\"Empress Dress Mini ve di\u011fer t\u00fcm \u00fcr\u00fcnlerimiz i\u00e7in Rise &amp; Warm adresini hemen ziyaret edin. H\u0131zl\u0131 kargo ve g\u00fcvenli al\u0131\u015fveri\u015f!\" \/>\n<meta name=\"robots\" content=\"index, follow, max-snippet:-1, max-image-preview:large, max-video-preview:-1\" \/>\n<link rel=\"canonical\" href=\"https:\/\/riseandwarm.com\/tr\/urun\/imparatorice-elbise-mini-kahverengi\/\" \/>\n<meta property=\"og:locale\" content=\"tr_TR\" \/>\n<meta property=\"og:type\" content=\"article\" \/>\n<meta property=\"og:title\" content=\"Empress Dress Mini - Rise &amp; Warm\" \/>\n<meta property=\"og:description\" content=\"Empress Dress Mini ve di\u011fer t\u00fcm \u00fcr\u00fcnlerimiz i\u00e7in Rise &amp; Warm adresini hemen ziyaret edin. H\u0131zl\u0131 kargo ve g\u00fcvenli al\u0131\u015fveri\u015f!\" \/>\n<meta property=\"og:url\" content=\"https:\/\/riseandwarm.com\/tr\/urun\/imparatorice-elbise-mini-kahverengi\/\" \/>\n<meta property=\"og:site_name\" content=\"Rise | Warm\" \/>\n<meta property=\"article:modified_time\" content=\"2025-09-15T14:11:51+00:00\" \/>\n<meta property=\"og:image\" content=\"https:\/\/riseandwarm.com\/wp-content\/uploads\/2025\/06\/7.jpg\" \/>\n\t<meta property=\"og:image:width\" content=\"1000\" \/>\n\t<meta property=\"og:image:height\" content=\"1500\" \/>\n\t<meta property=\"og:image:type\" content=\"image\/jpeg\" \/>\n<meta name=\"twitter:card\" content=\"summary_large_image\" \/>\n<meta name=\"twitter:label1\" content=\"Tahmini okuma s\u00fcresi\" \/>\n\t<meta name=\"twitter:data1\" content=\"1 dakika\" \/>\n<script type=\"application\/ld+json\" class=\"yoast-schema-graph\">{\"@context\":\"https:\\\/\\\/schema.org\",\"@graph\":[{\"@type\":\"WebPage\",\"@id\":\"https:\\\/\\\/riseandwarm.com\\\/tr\\\/urun\\\/imparatorice-elbise-mini-kahverengi\\\/\",\"url\":\"https:\\\/\\\/riseandwarm.com\\\/tr\\\/urun\\\/imparatorice-elbise-mini-kahverengi\\\/\",\"name\":\"Empress Dress Mini - Rise & Warm\",\"isPartOf\":{\"@id\":\"https:\\\/\\\/riseandwarm.com\\\/tr\\\/#website\"},\"primaryImageOfPage\":{\"@id\":\"https:\\\/\\\/riseandwarm.com\\\/tr\\\/urun\\\/imparatorice-elbise-mini-kahverengi\\\/#primaryimage\"},\"image\":{\"@id\":\"https:\\\/\\\/riseandwarm.com\\\/tr\\\/urun\\\/imparatorice-elbise-mini-kahverengi\\\/#primaryimage\"},\"thumbnailUrl\":\"https:\\\/\\\/riseandwarm.com\\\/wp-content\\\/uploads\\\/2025\\\/06\\\/7.jpg\",\"datePublished\":\"2025-06-18T13:36:33+00:00\",\"dateModified\":\"2025-09-15T14:11:51+00:00\",\"description\":\"Empress Dress Mini ve di\u011fer t\u00fcm \u00fcr\u00fcnlerimiz i\u00e7in Rise & Warm adresini hemen ziyaret edin. H\u0131zl\u0131 kargo ve g\u00fcvenli al\u0131\u015fveri\u015f!\",\"breadcrumb\":{\"@id\":\"https:\\\/\\\/riseandwarm.com\\\/tr\\\/urun\\\/imparatorice-elbise-mini-kahverengi\\\/#breadcrumb\"},\"inLanguage\":\"tr\",\"potentialAction\":[{\"@type\":\"ReadAction\",\"target\":[\"https:\\\/\\\/riseandwarm.com\\\/tr\\\/urun\\\/imparatorice-elbise-mini-kahverengi\\\/\"]}]},{\"@type\":\"ImageObject\",\"inLanguage\":\"tr\",\"@id\":\"https:\\\/\\\/riseandwarm.com\\\/tr\\\/urun\\\/imparatorice-elbise-mini-kahverengi\\\/#primaryimage\",\"url\":\"https:\\\/\\\/riseandwarm.com\\\/wp-content\\\/uploads\\\/2025\\\/06\\\/7.jpg\",\"contentUrl\":\"https:\\\/\\\/riseandwarm.com\\\/wp-content\\\/uploads\\\/2025\\\/06\\\/7.jpg\",\"width\":1000,\"height\":1500},{\"@type\":\"BreadcrumbList\",\"@id\":\"https:\\\/\\\/riseandwarm.com\\\/tr\\\/urun\\\/imparatorice-elbise-mini-kahverengi\\\/#breadcrumb\",\"itemListElement\":[{\"@type\":\"ListItem\",\"position\":1,\"name\":\"Home\",\"item\":\"https:\\\/\\\/riseandwarm.com\\\/tr\\\/\"},{\"@type\":\"ListItem\",\"position\":2,\"name\":\"Ma\u011faza\",\"item\":\"https:\\\/\\\/riseandwarm.com\\\/tr\\\/magaza\\\/\"},{\"@type\":\"ListItem\",\"position\":3,\"name\":\"Empress Dress Mini\"}]},{\"@type\":\"WebSite\",\"@id\":\"https:\\\/\\\/riseandwarm.com\\\/tr\\\/#website\",\"url\":\"https:\\\/\\\/riseandwarm.com\\\/tr\\\/\",\"name\":\"Rise | Warm\",\"description\":\"Free your self\",\"potentialAction\":[{\"@type\":\"SearchAction\",\"target\":{\"@type\":\"EntryPoint\",\"urlTemplate\":\"https:\\\/\\\/riseandwarm.com\\\/tr\\\/?s={search_term_string}\"},\"query-input\":{\"@type\":\"PropertyValueSpecification\",\"valueRequired\":true,\"valueName\":\"search_term_string\"}}],\"inLanguage\":\"tr\"}]}<\/script>\n<!-- \/ Yoast SEO plugin. -->","yoast_head_json":{"title":"Empress Dress Mini - Rise & Warm","description":"Empress Dress Mini ve di\u011fer t\u00fcm \u00fcr\u00fcnlerimiz i\u00e7in Rise & Warm adresini hemen ziyaret edin. H\u0131zl\u0131 kargo ve g\u00fcvenli al\u0131\u015fveri\u015f!","robots":{"index":"index","follow":"follow","max-snippet":"max-snippet:-1","max-image-preview":"max-image-preview:large","max-video-preview":"max-video-preview:-1"},"canonical":"https:\/\/riseandwarm.com\/tr\/urun\/imparatorice-elbise-mini-kahverengi\/","og_locale":"tr_TR","og_type":"article","og_title":"Empress Dress Mini - Rise & Warm","og_description":"Empress Dress Mini ve di\u011fer t\u00fcm \u00fcr\u00fcnlerimiz i\u00e7in Rise & Warm adresini hemen ziyaret edin. H\u0131zl\u0131 kargo ve g\u00fcvenli al\u0131\u015fveri\u015f!","og_url":"https:\/\/riseandwarm.com\/tr\/urun\/imparatorice-elbise-mini-kahverengi\/","og_site_name":"Rise | Warm","article_modified_time":"2025-09-15T14:11:51+00:00","og_image":[{"width":1000,"height":1500,"url":"https:\/\/riseandwarm.com\/wp-content\/uploads\/2025\/06\/7.jpg","type":"image\/jpeg"}],"twitter_card":"summary_large_image","twitter_misc":{"Tahmini okuma s\u00fcresi":"1 dakika"},"schema":{"@context":"https:\/\/schema.org","@graph":[{"@type":"WebPage","@id":"https:\/\/riseandwarm.com\/tr\/urun\/imparatorice-elbise-mini-kahverengi\/","url":"https:\/\/riseandwarm.com\/tr\/urun\/imparatorice-elbise-mini-kahverengi\/","name":"Empress Dress Mini - Rise & Warm","isPartOf":{"@id":"https:\/\/riseandwarm.com\/tr\/#website"},"primaryImageOfPage":{"@id":"https:\/\/riseandwarm.com\/tr\/urun\/imparatorice-elbise-mini-kahverengi\/#primaryimage"},"image":{"@id":"https:\/\/riseandwarm.com\/tr\/urun\/imparatorice-elbise-mini-kahverengi\/#primaryimage"},"thumbnailUrl":"https:\/\/riseandwarm.com\/wp-content\/uploads\/2025\/06\/7.jpg","datePublished":"2025-06-18T13:36:33+00:00","dateModified":"2025-09-15T14:11:51+00:00","description":"Empress Dress Mini ve di\u011fer t\u00fcm \u00fcr\u00fcnlerimiz i\u00e7in Rise & Warm adresini hemen ziyaret edin. H\u0131zl\u0131 kargo ve g\u00fcvenli al\u0131\u015fveri\u015f!","breadcrumb":{"@id":"https:\/\/riseandwarm.com\/tr\/urun\/imparatorice-elbise-mini-kahverengi\/#breadcrumb"},"inLanguage":"tr","potentialAction":[{"@type":"ReadAction","target":["https:\/\/riseandwarm.com\/tr\/urun\/imparatorice-elbise-mini-kahverengi\/"]}]},{"@type":"ImageObject","inLanguage":"tr","@id":"https:\/\/riseandwarm.com\/tr\/urun\/imparatorice-elbise-mini-kahverengi\/#primaryimage","url":"https:\/\/riseandwarm.com\/wp-content\/uploads\/2025\/06\/7.jpg","contentUrl":"https:\/\/riseandwarm.com\/wp-content\/uploads\/2025\/06\/7.jpg","width":1000,"height":1500},{"@type":"BreadcrumbList","@id":"https:\/\/riseandwarm.com\/tr\/urun\/imparatorice-elbise-mini-kahverengi\/#breadcrumb","itemListElement":[{"@type":"ListItem","position":1,"name":"Home","item":"https:\/\/riseandwarm.com\/tr\/"},{"@type":"ListItem","position":2,"name":"Ma\u011faza","item":"https:\/\/riseandwarm.com\/tr\/magaza\/"},{"@type":"ListItem","position":3,"name":"Empress Dress Mini"}]},{"@type":"WebSite","@id":"https:\/\/riseandwarm.com\/tr\/#website","url":"https:\/\/riseandwarm.com\/tr\/","name":"Rise | Warm","description":"Free your self","potentialAction":[{"@type":"SearchAction","target":{"@type":"EntryPoint","urlTemplate":"https:\/\/riseandwarm.com\/tr\/?s={search_term_string}"},"query-input":{"@type":"PropertyValueSpecification","valueRequired":true,"valueName":"search_term_string"}}],"inLanguage":"tr"}]}},"_links":{"self":[{"href":"https:\/\/riseandwarm.com\/tr\/wp-json\/wp\/v2\/product\/24332","targetHints":{"allow":["GET"]}}],"collection":[{"href":"https:\/\/riseandwarm.com\/tr\/wp-json\/wp\/v2\/product"}],"about":[{"href":"https:\/\/riseandwarm.com\/tr\/wp-json\/wp\/v2\/types\/product"}],"version-history":[{"count":1,"href":"https:\/\/riseandwarm.com\/tr\/wp-json\/wp\/v2\/product\/24332\/revisions"}],"predecessor-version":[{"id":24418,"href":"https:\/\/riseandwarm.com\/tr\/wp-json\/wp\/v2\/product\/24332\/revisions\/24418"}],"wp:featuredmedia":[{"embeddable":true,"href":"https:\/\/riseandwarm.com\/tr\/wp-json\/wp\/v2\/media\/24290"}],"wp:attachment":[{"href":"https:\/\/riseandwarm.com\/tr\/wp-json\/wp\/v2\/media?parent=24332"}],"wp:term":[{"taxonomy":"product_brand","embeddable":true,"href":"https:\/\/riseandwarm.com\/tr\/wp-json\/wp\/v2\/product_brand?post=24332"},{"taxonomy":"product_cat","embeddable":true,"href":"https:\/\/riseandwarm.com\/tr\/wp-json\/wp\/v2\/product_cat?post=24332"},{"taxonomy":"product_tag","embeddable":true,"href":"https:\/\/riseandwarm.com\/tr\/wp-json\/wp\/v2\/product_tag?post=24332"}],"curies":[{"name":"wp","href":"https:\/\/api.w.org\/{rel}","templated":true}]}}