{"id":24240,"date":"2025-05-04T08:43:02","date_gmt":"2025-05-10T01:18:41","guid":{"rendered":"https:\/\/riseandwarm.com\/urun\/kozmik-goz-pirlanta-kupe\/"},"modified":"2025-05-10T01:18:41","modified_gmt":"2025-05-10T01:18:41","slug":"kozmik-goz-pirlanta-kupe","status":"publish","type":"product","link":"https:\/\/riseandwarm.com\/tr\/urun\/kozmik-goz-pirlanta-kupe\/","title":{"rendered":"Kozmik G\u00f6z P\u0131rlanta K\u00fcpe"},"content":{"rendered":"<p class=\"\" data-start=\"93\" data-end=\"142\"><strong data-start=\"93\" data-end=\"142\">RW x Merim Signature Selection&#8217;\u0131n bir par\u00e7as\u0131d\u0131r.<\/strong><\/p>\n<p class=\"\" data-start=\"93\" data-end=\"142\">Evrenin kozmik ritminden ilham alan <em data-start=\"207\" data-end=\"241\">Cosmic Eye P\u0131rlanta K\u00fcpeler<\/em>, y\u00f6r\u00fcngedeki galaksilerin zarif hareketini yans\u0131t\u0131yor. Spiral formlar\u0131, canl\u0131 turkuaz, derin lapis lazuli ve par\u0131ldayan elmaslar\u0131n cesur uyumuyla hayat bulan s\u00fcreklili\u011fi ve dengeyi temsil eder. Bu par\u00e7a sizi i\u00e7sel hizalanman\u0131n ve g\u00f6ksel mucizenin sembol\u00fcn\u00fc takmaya davet ediyor.<\/p>\n<p class=\"\" data-start=\"529\" data-end=\"683\"><strong data-start=\"529\" data-end=\"540\">Detaylar:<\/strong><\/p>\n<ul>\n<li data-start=\"529\" data-end=\"683\">18 Ayar Beyaz Alt\u0131n<\/li>\n<li data-start=\"529\" data-end=\"683\">1,02 ct F-VS-SI P\u0131rlanta<\/li>\n<li data-start=\"529\" data-end=\"683\">Elle kesilmi\u015f Lapis Lazuli ve Turkuaz Ta\u015flar.<\/li>\n<\/ul>\n","protected":false},"excerpt":{"rendered":"<p>RW x Merim Signature Selection&#8217;\u0131n bir par\u00e7as\u0131d\u0131r. Evrenin kozmik ritminden ilham alan Cosmic Eye P\u0131rlanta K\u00fcpeler, y\u00f6r\u00fcngedeki galaksilerin zarif hareketini<\/p>\n","protected":false},"featured_media":23935,"template":"","meta":[],"product_brand":[],"product_cat":[118],"product_tag":[],"class_list":{"0":"post-24240","1":"product","2":"type-product","3":"status-publish","4":"has-post-thumbnail","6":"product_cat-mucevher","8":"first","9":"instock","10":"shipping-taxable","11":"purchasable","12":"product-type-simple"},"yoast_head":"<!-- This site is optimized with the Yoast SEO plugin v27.5 - https:\/\/yoast.com\/product\/yoast-seo-wordpress\/ -->\n<title>Kozmik G\u00f6z P\u0131rlanta K\u00fcpe - Rise &amp; Warm<\/title>\n<meta name=\"description\" content=\"Kozmik G\u00f6z P\u0131rlanta K\u00fcpe ve di\u011fer t\u00fcm \u00fcr\u00fcnlerimiz i\u00e7in Rise &amp; Warm adresini hemen ziyaret edin. H\u0131zl\u0131 kargo ve g\u00fcvenli al\u0131\u015fveri\u015f!\" \/>\n<meta name=\"robots\" content=\"index, follow, max-snippet:-1, max-image-preview:large, max-video-preview:-1\" \/>\n<link rel=\"canonical\" href=\"https:\/\/riseandwarm.com\/tr\/urun\/kozmik-goz-pirlanta-kupe\/\" \/>\n<meta property=\"og:locale\" content=\"tr_TR\" \/>\n<meta property=\"og:type\" content=\"article\" \/>\n<meta property=\"og:title\" content=\"Kozmik G\u00f6z P\u0131rlanta K\u00fcpe - Rise &amp; Warm\" \/>\n<meta property=\"og:description\" content=\"Kozmik G\u00f6z P\u0131rlanta K\u00fcpe ve di\u011fer t\u00fcm \u00fcr\u00fcnlerimiz i\u00e7in Rise &amp; Warm adresini hemen ziyaret edin. H\u0131zl\u0131 kargo ve g\u00fcvenli al\u0131\u015fveri\u015f!\" \/>\n<meta property=\"og:url\" content=\"https:\/\/riseandwarm.com\/tr\/urun\/kozmik-goz-pirlanta-kupe\/\" \/>\n<meta property=\"og:site_name\" content=\"Rise | Warm\" \/>\n<meta property=\"og:image\" content=\"https:\/\/riseandwarm.com\/wp-content\/uploads\/2025\/05\/MR28941-1.jpg\" \/>\n\t<meta property=\"og:image:width\" content=\"1000\" \/>\n\t<meta property=\"og:image:height\" content=\"1500\" \/>\n\t<meta property=\"og:image:type\" content=\"image\/jpeg\" \/>\n<meta name=\"twitter:card\" content=\"summary_large_image\" \/>\n<script type=\"application\/ld+json\" class=\"yoast-schema-graph\">{\"@context\":\"https:\\\/\\\/schema.org\",\"@graph\":[{\"@type\":\"WebPage\",\"@id\":\"https:\\\/\\\/riseandwarm.com\\\/tr\\\/urun\\\/kozmik-goz-pirlanta-kupe\\\/\",\"url\":\"https:\\\/\\\/riseandwarm.com\\\/tr\\\/urun\\\/kozmik-goz-pirlanta-kupe\\\/\",\"name\":\"Kozmik G\u00f6z P\u0131rlanta K\u00fcpe - Rise & Warm\",\"isPartOf\":{\"@id\":\"https:\\\/\\\/riseandwarm.com\\\/tr\\\/#website\"},\"primaryImageOfPage\":{\"@id\":\"https:\\\/\\\/riseandwarm.com\\\/tr\\\/urun\\\/kozmik-goz-pirlanta-kupe\\\/#primaryimage\"},\"image\":{\"@id\":\"https:\\\/\\\/riseandwarm.com\\\/tr\\\/urun\\\/kozmik-goz-pirlanta-kupe\\\/#primaryimage\"},\"thumbnailUrl\":\"https:\\\/\\\/riseandwarm.com\\\/wp-content\\\/uploads\\\/2025\\\/05\\\/MR28941-1.jpg\",\"datePublished\":\"2025-05-10T01:18:41+00:00\",\"description\":\"Kozmik G\u00f6z P\u0131rlanta K\u00fcpe ve di\u011fer t\u00fcm \u00fcr\u00fcnlerimiz i\u00e7in Rise & Warm adresini hemen ziyaret edin. H\u0131zl\u0131 kargo ve g\u00fcvenli al\u0131\u015fveri\u015f!\",\"breadcrumb\":{\"@id\":\"https:\\\/\\\/riseandwarm.com\\\/tr\\\/urun\\\/kozmik-goz-pirlanta-kupe\\\/#breadcrumb\"},\"inLanguage\":\"tr\",\"potentialAction\":[{\"@type\":\"ReadAction\",\"target\":[\"https:\\\/\\\/riseandwarm.com\\\/tr\\\/urun\\\/kozmik-goz-pirlanta-kupe\\\/\"]}]},{\"@type\":\"ImageObject\",\"inLanguage\":\"tr\",\"@id\":\"https:\\\/\\\/riseandwarm.com\\\/tr\\\/urun\\\/kozmik-goz-pirlanta-kupe\\\/#primaryimage\",\"url\":\"https:\\\/\\\/riseandwarm.com\\\/wp-content\\\/uploads\\\/2025\\\/05\\\/MR28941-1.jpg\",\"contentUrl\":\"https:\\\/\\\/riseandwarm.com\\\/wp-content\\\/uploads\\\/2025\\\/05\\\/MR28941-1.jpg\",\"width\":1000,\"height\":1500},{\"@type\":\"BreadcrumbList\",\"@id\":\"https:\\\/\\\/riseandwarm.com\\\/tr\\\/urun\\\/kozmik-goz-pirlanta-kupe\\\/#breadcrumb\",\"itemListElement\":[{\"@type\":\"ListItem\",\"position\":1,\"name\":\"Home\",\"item\":\"https:\\\/\\\/riseandwarm.com\\\/tr\\\/\"},{\"@type\":\"ListItem\",\"position\":2,\"name\":\"Shop\",\"item\":\"https:\\\/\\\/riseandwarm.com\\\/shop\\\/\"},{\"@type\":\"ListItem\",\"position\":3,\"name\":\"Kozmik G\u00f6z P\u0131rlanta K\u00fcpe\"}]},{\"@type\":\"WebSite\",\"@id\":\"https:\\\/\\\/riseandwarm.com\\\/tr\\\/#website\",\"url\":\"https:\\\/\\\/riseandwarm.com\\\/tr\\\/\",\"name\":\"Rise | Warm\",\"description\":\"Free your self\",\"potentialAction\":[{\"@type\":\"SearchAction\",\"target\":{\"@type\":\"EntryPoint\",\"urlTemplate\":\"https:\\\/\\\/riseandwarm.com\\\/tr\\\/?s={search_term_string}\"},\"query-input\":{\"@type\":\"PropertyValueSpecification\",\"valueRequired\":true,\"valueName\":\"search_term_string\"}}],\"inLanguage\":\"tr\"}]}<\/script>\n<!-- \/ Yoast SEO plugin. -->","yoast_head_json":{"title":"Kozmik G\u00f6z P\u0131rlanta K\u00fcpe - Rise & Warm","description":"Kozmik G\u00f6z P\u0131rlanta K\u00fcpe ve di\u011fer t\u00fcm \u00fcr\u00fcnlerimiz i\u00e7in Rise & Warm adresini hemen ziyaret edin. H\u0131zl\u0131 kargo ve g\u00fcvenli al\u0131\u015fveri\u015f!","robots":{"index":"index","follow":"follow","max-snippet":"max-snippet:-1","max-image-preview":"max-image-preview:large","max-video-preview":"max-video-preview:-1"},"canonical":"https:\/\/riseandwarm.com\/tr\/urun\/kozmik-goz-pirlanta-kupe\/","og_locale":"tr_TR","og_type":"article","og_title":"Kozmik G\u00f6z P\u0131rlanta K\u00fcpe - Rise & Warm","og_description":"Kozmik G\u00f6z P\u0131rlanta K\u00fcpe ve di\u011fer t\u00fcm \u00fcr\u00fcnlerimiz i\u00e7in Rise & Warm adresini hemen ziyaret edin. H\u0131zl\u0131 kargo ve g\u00fcvenli al\u0131\u015fveri\u015f!","og_url":"https:\/\/riseandwarm.com\/tr\/urun\/kozmik-goz-pirlanta-kupe\/","og_site_name":"Rise | Warm","og_image":[{"width":1000,"height":1500,"url":"https:\/\/riseandwarm.com\/wp-content\/uploads\/2025\/05\/MR28941-1.jpg","type":"image\/jpeg"}],"twitter_card":"summary_large_image","schema":{"@context":"https:\/\/schema.org","@graph":[{"@type":"WebPage","@id":"https:\/\/riseandwarm.com\/tr\/urun\/kozmik-goz-pirlanta-kupe\/","url":"https:\/\/riseandwarm.com\/tr\/urun\/kozmik-goz-pirlanta-kupe\/","name":"Kozmik G\u00f6z P\u0131rlanta K\u00fcpe - Rise & Warm","isPartOf":{"@id":"https:\/\/riseandwarm.com\/tr\/#website"},"primaryImageOfPage":{"@id":"https:\/\/riseandwarm.com\/tr\/urun\/kozmik-goz-pirlanta-kupe\/#primaryimage"},"image":{"@id":"https:\/\/riseandwarm.com\/tr\/urun\/kozmik-goz-pirlanta-kupe\/#primaryimage"},"thumbnailUrl":"https:\/\/riseandwarm.com\/wp-content\/uploads\/2025\/05\/MR28941-1.jpg","datePublished":"2025-05-10T01:18:41+00:00","description":"Kozmik G\u00f6z P\u0131rlanta K\u00fcpe ve di\u011fer t\u00fcm \u00fcr\u00fcnlerimiz i\u00e7in Rise & Warm adresini hemen ziyaret edin. H\u0131zl\u0131 kargo ve g\u00fcvenli al\u0131\u015fveri\u015f!","breadcrumb":{"@id":"https:\/\/riseandwarm.com\/tr\/urun\/kozmik-goz-pirlanta-kupe\/#breadcrumb"},"inLanguage":"tr","potentialAction":[{"@type":"ReadAction","target":["https:\/\/riseandwarm.com\/tr\/urun\/kozmik-goz-pirlanta-kupe\/"]}]},{"@type":"ImageObject","inLanguage":"tr","@id":"https:\/\/riseandwarm.com\/tr\/urun\/kozmik-goz-pirlanta-kupe\/#primaryimage","url":"https:\/\/riseandwarm.com\/wp-content\/uploads\/2025\/05\/MR28941-1.jpg","contentUrl":"https:\/\/riseandwarm.com\/wp-content\/uploads\/2025\/05\/MR28941-1.jpg","width":1000,"height":1500},{"@type":"BreadcrumbList","@id":"https:\/\/riseandwarm.com\/tr\/urun\/kozmik-goz-pirlanta-kupe\/#breadcrumb","itemListElement":[{"@type":"ListItem","position":1,"name":"Home","item":"https:\/\/riseandwarm.com\/tr\/"},{"@type":"ListItem","position":2,"name":"Shop","item":"https:\/\/riseandwarm.com\/shop\/"},{"@type":"ListItem","position":3,"name":"Kozmik G\u00f6z P\u0131rlanta K\u00fcpe"}]},{"@type":"WebSite","@id":"https:\/\/riseandwarm.com\/tr\/#website","url":"https:\/\/riseandwarm.com\/tr\/","name":"Rise | Warm","description":"Free your self","potentialAction":[{"@type":"SearchAction","target":{"@type":"EntryPoint","urlTemplate":"https:\/\/riseandwarm.com\/tr\/?s={search_term_string}"},"query-input":{"@type":"PropertyValueSpecification","valueRequired":true,"valueName":"search_term_string"}}],"inLanguage":"tr"}]}},"_links":{"self":[{"href":"https:\/\/riseandwarm.com\/tr\/wp-json\/wp\/v2\/product\/24240","targetHints":{"allow":["GET"]}}],"collection":[{"href":"https:\/\/riseandwarm.com\/tr\/wp-json\/wp\/v2\/product"}],"about":[{"href":"https:\/\/riseandwarm.com\/tr\/wp-json\/wp\/v2\/types\/product"}],"version-history":[{"count":0,"href":"https:\/\/riseandwarm.com\/tr\/wp-json\/wp\/v2\/product\/24240\/revisions"}],"wp:featuredmedia":[{"embeddable":true,"href":"https:\/\/riseandwarm.com\/tr\/wp-json\/wp\/v2\/media\/23935"}],"wp:attachment":[{"href":"https:\/\/riseandwarm.com\/tr\/wp-json\/wp\/v2\/media?parent=24240"}],"wp:term":[{"taxonomy":"product_brand","embeddable":true,"href":"https:\/\/riseandwarm.com\/tr\/wp-json\/wp\/v2\/product_brand?post=24240"},{"taxonomy":"product_cat","embeddable":true,"href":"https:\/\/riseandwarm.com\/tr\/wp-json\/wp\/v2\/product_cat?post=24240"},{"taxonomy":"product_tag","embeddable":true,"href":"https:\/\/riseandwarm.com\/tr\/wp-json\/wp\/v2\/product_tag?post=24240"}],"curies":[{"name":"wp","href":"https:\/\/api.w.org\/{rel}","templated":true}]}}