{"id":24238,"date":"2025-05-04T08:20:29","date_gmt":"2025-05-10T01:18:35","guid":{"rendered":"https:\/\/riseandwarm.com\/urun\/malakit-yansimali-pirlanta-bileklik\/"},"modified":"2025-05-10T01:18:35","modified_gmt":"2025-05-10T01:18:35","slug":"malakit-yansimali-pirlanta-bileklik","status":"publish","type":"product","link":"https:\/\/riseandwarm.com\/tr\/urun\/malakit-yansimali-pirlanta-bileklik\/","title":{"rendered":"Malakit Yans\u0131mal\u0131 P\u0131rlanta Bileklik"},"content":{"rendered":"<p class=\"\" data-start=\"224\" data-end=\"641\"><strong data-start=\"282\" data-end=\"317\">RW x Merim Signature Selection&#8217;<\/strong>\u0131n bir par\u00e7as\u0131d\u0131r.<\/p>\n<p class=\"\" data-start=\"224\" data-end=\"641\"><br data-start=\"317\" data-end=\"320\">Usta zanaatk\u00e2rlar taraf\u0131ndan el i\u015f\u00e7ili\u011fiyle \u00fcretilen bu bileklik, canl\u0131 malakit kakmalar ve \u0131\u015f\u0131lt\u0131l\u0131 elmaslarla do\u011fan\u0131n geometrik uyumunu kutluyor. Hassas kesimli ye\u015fil malakit par\u00e7alar topra\u011f\u0131n zenginli\u011fini yans\u0131t\u0131rken, p\u0131rlanta vurgular g\u00f6ksel bir \u0131\u015f\u0131lt\u0131 kat\u0131yor &#8211; topraklanm\u0131\u015f zarafet ve \u0131\u015f\u0131lt\u0131l\u0131 \u0131\u015f\u0131\u011f\u0131n bir etkile\u015fimi.<\/p>\n<p class=\"\" data-start=\"643\" data-end=\"732\"><strong data-start=\"643\" data-end=\"655\">Detaylar:<\/strong><\/p>\n<ul>\n<li data-start=\"643\" data-end=\"732\">18 Ayar Alt\u0131n<\/li>\n<li data-start=\"643\" data-end=\"732\">0,76 Ct F-VS-SI P\u0131rlanta<\/li>\n<li data-start=\"643\" data-end=\"732\">Elle yerle\u015ftirilmi\u015f malakit ta\u015fl\u0131.<\/li>\n<\/ul>\n","protected":false},"excerpt":{"rendered":"<p>RW x Merim Signature Selection&#8217;\u0131n bir par\u00e7as\u0131d\u0131r. Usta zanaatk\u00e2rlar taraf\u0131ndan el i\u015f\u00e7ili\u011fiyle \u00fcretilen bu bileklik, canl\u0131 malakit kakmalar ve \u0131\u015f\u0131lt\u0131l\u0131<\/p>\n","protected":false},"featured_media":23923,"template":"","meta":[],"product_brand":[],"product_cat":[118],"product_tag":[],"class_list":{"0":"post-24238","1":"product","2":"type-product","3":"status-publish","4":"has-post-thumbnail","6":"product_cat-mucevher","8":"first","9":"instock","10":"shipping-taxable","11":"purchasable","12":"product-type-simple"},"yoast_head":"<!-- This site is optimized with the Yoast SEO plugin v27.5 - https:\/\/yoast.com\/product\/yoast-seo-wordpress\/ -->\n<title>Malakit Yans\u0131mal\u0131 P\u0131rlanta Bileklik - Rise &amp; Warm<\/title>\n<meta name=\"description\" content=\"Malakit Yans\u0131mal\u0131 P\u0131rlanta Bileklik ve di\u011fer t\u00fcm \u00fcr\u00fcnlerimiz i\u00e7in Rise &amp; Warm adresini hemen ziyaret edin. H\u0131zl\u0131 kargo ve g\u00fcvenli al\u0131\u015fveri\u015f!\" \/>\n<meta name=\"robots\" content=\"index, follow, max-snippet:-1, max-image-preview:large, max-video-preview:-1\" \/>\n<link rel=\"canonical\" href=\"https:\/\/riseandwarm.com\/tr\/urun\/malakit-yansimali-pirlanta-bileklik\/\" \/>\n<meta property=\"og:locale\" content=\"tr_TR\" \/>\n<meta property=\"og:type\" content=\"article\" \/>\n<meta property=\"og:title\" content=\"Malakit Yans\u0131mal\u0131 P\u0131rlanta Bileklik - Rise &amp; Warm\" \/>\n<meta property=\"og:description\" content=\"Malakit Yans\u0131mal\u0131 P\u0131rlanta Bileklik ve di\u011fer t\u00fcm \u00fcr\u00fcnlerimiz i\u00e7in Rise &amp; Warm adresini hemen ziyaret edin. H\u0131zl\u0131 kargo ve g\u00fcvenli al\u0131\u015fveri\u015f!\" \/>\n<meta property=\"og:url\" content=\"https:\/\/riseandwarm.com\/tr\/urun\/malakit-yansimali-pirlanta-bileklik\/\" \/>\n<meta property=\"og:site_name\" content=\"Rise | Warm\" \/>\n<meta property=\"og:image\" content=\"https:\/\/riseandwarm.com\/wp-content\/uploads\/2025\/05\/MR28814-1.jpg\" \/>\n\t<meta property=\"og:image:width\" content=\"1000\" \/>\n\t<meta property=\"og:image:height\" content=\"1500\" \/>\n\t<meta property=\"og:image:type\" content=\"image\/jpeg\" \/>\n<meta name=\"twitter:card\" content=\"summary_large_image\" \/>\n<script type=\"application\/ld+json\" class=\"yoast-schema-graph\">{\"@context\":\"https:\\\/\\\/schema.org\",\"@graph\":[{\"@type\":\"WebPage\",\"@id\":\"https:\\\/\\\/riseandwarm.com\\\/tr\\\/urun\\\/malakit-yansimali-pirlanta-bileklik\\\/\",\"url\":\"https:\\\/\\\/riseandwarm.com\\\/tr\\\/urun\\\/malakit-yansimali-pirlanta-bileklik\\\/\",\"name\":\"Malakit Yans\u0131mal\u0131 P\u0131rlanta Bileklik - Rise & Warm\",\"isPartOf\":{\"@id\":\"https:\\\/\\\/riseandwarm.com\\\/tr\\\/#website\"},\"primaryImageOfPage\":{\"@id\":\"https:\\\/\\\/riseandwarm.com\\\/tr\\\/urun\\\/malakit-yansimali-pirlanta-bileklik\\\/#primaryimage\"},\"image\":{\"@id\":\"https:\\\/\\\/riseandwarm.com\\\/tr\\\/urun\\\/malakit-yansimali-pirlanta-bileklik\\\/#primaryimage\"},\"thumbnailUrl\":\"https:\\\/\\\/riseandwarm.com\\\/wp-content\\\/uploads\\\/2025\\\/05\\\/MR28814-1.jpg\",\"datePublished\":\"2025-05-10T01:18:35+00:00\",\"description\":\"Malakit Yans\u0131mal\u0131 P\u0131rlanta Bileklik ve di\u011fer t\u00fcm \u00fcr\u00fcnlerimiz i\u00e7in Rise & Warm adresini hemen ziyaret edin. H\u0131zl\u0131 kargo ve g\u00fcvenli al\u0131\u015fveri\u015f!\",\"breadcrumb\":{\"@id\":\"https:\\\/\\\/riseandwarm.com\\\/tr\\\/urun\\\/malakit-yansimali-pirlanta-bileklik\\\/#breadcrumb\"},\"inLanguage\":\"tr\",\"potentialAction\":[{\"@type\":\"ReadAction\",\"target\":[\"https:\\\/\\\/riseandwarm.com\\\/tr\\\/urun\\\/malakit-yansimali-pirlanta-bileklik\\\/\"]}]},{\"@type\":\"ImageObject\",\"inLanguage\":\"tr\",\"@id\":\"https:\\\/\\\/riseandwarm.com\\\/tr\\\/urun\\\/malakit-yansimali-pirlanta-bileklik\\\/#primaryimage\",\"url\":\"https:\\\/\\\/riseandwarm.com\\\/wp-content\\\/uploads\\\/2025\\\/05\\\/MR28814-1.jpg\",\"contentUrl\":\"https:\\\/\\\/riseandwarm.com\\\/wp-content\\\/uploads\\\/2025\\\/05\\\/MR28814-1.jpg\",\"width\":1000,\"height\":1500},{\"@type\":\"BreadcrumbList\",\"@id\":\"https:\\\/\\\/riseandwarm.com\\\/tr\\\/urun\\\/malakit-yansimali-pirlanta-bileklik\\\/#breadcrumb\",\"itemListElement\":[{\"@type\":\"ListItem\",\"position\":1,\"name\":\"Home\",\"item\":\"https:\\\/\\\/riseandwarm.com\\\/tr\\\/\"},{\"@type\":\"ListItem\",\"position\":2,\"name\":\"Shop\",\"item\":\"https:\\\/\\\/riseandwarm.com\\\/shop\\\/\"},{\"@type\":\"ListItem\",\"position\":3,\"name\":\"Malakit Yans\u0131mal\u0131 P\u0131rlanta Bileklik\"}]},{\"@type\":\"WebSite\",\"@id\":\"https:\\\/\\\/riseandwarm.com\\\/tr\\\/#website\",\"url\":\"https:\\\/\\\/riseandwarm.com\\\/tr\\\/\",\"name\":\"Rise | Warm\",\"description\":\"Free your self\",\"potentialAction\":[{\"@type\":\"SearchAction\",\"target\":{\"@type\":\"EntryPoint\",\"urlTemplate\":\"https:\\\/\\\/riseandwarm.com\\\/tr\\\/?s={search_term_string}\"},\"query-input\":{\"@type\":\"PropertyValueSpecification\",\"valueRequired\":true,\"valueName\":\"search_term_string\"}}],\"inLanguage\":\"tr\"}]}<\/script>\n<!-- \/ Yoast SEO plugin. -->","yoast_head_json":{"title":"Malakit Yans\u0131mal\u0131 P\u0131rlanta Bileklik - Rise & Warm","description":"Malakit Yans\u0131mal\u0131 P\u0131rlanta Bileklik ve di\u011fer t\u00fcm \u00fcr\u00fcnlerimiz i\u00e7in Rise & Warm adresini hemen ziyaret edin. H\u0131zl\u0131 kargo ve g\u00fcvenli al\u0131\u015fveri\u015f!","robots":{"index":"index","follow":"follow","max-snippet":"max-snippet:-1","max-image-preview":"max-image-preview:large","max-video-preview":"max-video-preview:-1"},"canonical":"https:\/\/riseandwarm.com\/tr\/urun\/malakit-yansimali-pirlanta-bileklik\/","og_locale":"tr_TR","og_type":"article","og_title":"Malakit Yans\u0131mal\u0131 P\u0131rlanta Bileklik - Rise & Warm","og_description":"Malakit Yans\u0131mal\u0131 P\u0131rlanta Bileklik ve di\u011fer t\u00fcm \u00fcr\u00fcnlerimiz i\u00e7in Rise & Warm adresini hemen ziyaret edin. H\u0131zl\u0131 kargo ve g\u00fcvenli al\u0131\u015fveri\u015f!","og_url":"https:\/\/riseandwarm.com\/tr\/urun\/malakit-yansimali-pirlanta-bileklik\/","og_site_name":"Rise | Warm","og_image":[{"width":1000,"height":1500,"url":"https:\/\/riseandwarm.com\/wp-content\/uploads\/2025\/05\/MR28814-1.jpg","type":"image\/jpeg"}],"twitter_card":"summary_large_image","schema":{"@context":"https:\/\/schema.org","@graph":[{"@type":"WebPage","@id":"https:\/\/riseandwarm.com\/tr\/urun\/malakit-yansimali-pirlanta-bileklik\/","url":"https:\/\/riseandwarm.com\/tr\/urun\/malakit-yansimali-pirlanta-bileklik\/","name":"Malakit Yans\u0131mal\u0131 P\u0131rlanta Bileklik - Rise & Warm","isPartOf":{"@id":"https:\/\/riseandwarm.com\/tr\/#website"},"primaryImageOfPage":{"@id":"https:\/\/riseandwarm.com\/tr\/urun\/malakit-yansimali-pirlanta-bileklik\/#primaryimage"},"image":{"@id":"https:\/\/riseandwarm.com\/tr\/urun\/malakit-yansimali-pirlanta-bileklik\/#primaryimage"},"thumbnailUrl":"https:\/\/riseandwarm.com\/wp-content\/uploads\/2025\/05\/MR28814-1.jpg","datePublished":"2025-05-10T01:18:35+00:00","description":"Malakit Yans\u0131mal\u0131 P\u0131rlanta Bileklik ve di\u011fer t\u00fcm \u00fcr\u00fcnlerimiz i\u00e7in Rise & Warm adresini hemen ziyaret edin. H\u0131zl\u0131 kargo ve g\u00fcvenli al\u0131\u015fveri\u015f!","breadcrumb":{"@id":"https:\/\/riseandwarm.com\/tr\/urun\/malakit-yansimali-pirlanta-bileklik\/#breadcrumb"},"inLanguage":"tr","potentialAction":[{"@type":"ReadAction","target":["https:\/\/riseandwarm.com\/tr\/urun\/malakit-yansimali-pirlanta-bileklik\/"]}]},{"@type":"ImageObject","inLanguage":"tr","@id":"https:\/\/riseandwarm.com\/tr\/urun\/malakit-yansimali-pirlanta-bileklik\/#primaryimage","url":"https:\/\/riseandwarm.com\/wp-content\/uploads\/2025\/05\/MR28814-1.jpg","contentUrl":"https:\/\/riseandwarm.com\/wp-content\/uploads\/2025\/05\/MR28814-1.jpg","width":1000,"height":1500},{"@type":"BreadcrumbList","@id":"https:\/\/riseandwarm.com\/tr\/urun\/malakit-yansimali-pirlanta-bileklik\/#breadcrumb","itemListElement":[{"@type":"ListItem","position":1,"name":"Home","item":"https:\/\/riseandwarm.com\/tr\/"},{"@type":"ListItem","position":2,"name":"Shop","item":"https:\/\/riseandwarm.com\/shop\/"},{"@type":"ListItem","position":3,"name":"Malakit Yans\u0131mal\u0131 P\u0131rlanta Bileklik"}]},{"@type":"WebSite","@id":"https:\/\/riseandwarm.com\/tr\/#website","url":"https:\/\/riseandwarm.com\/tr\/","name":"Rise | Warm","description":"Free your self","potentialAction":[{"@type":"SearchAction","target":{"@type":"EntryPoint","urlTemplate":"https:\/\/riseandwarm.com\/tr\/?s={search_term_string}"},"query-input":{"@type":"PropertyValueSpecification","valueRequired":true,"valueName":"search_term_string"}}],"inLanguage":"tr"}]}},"_links":{"self":[{"href":"https:\/\/riseandwarm.com\/tr\/wp-json\/wp\/v2\/product\/24238","targetHints":{"allow":["GET"]}}],"collection":[{"href":"https:\/\/riseandwarm.com\/tr\/wp-json\/wp\/v2\/product"}],"about":[{"href":"https:\/\/riseandwarm.com\/tr\/wp-json\/wp\/v2\/types\/product"}],"version-history":[{"count":0,"href":"https:\/\/riseandwarm.com\/tr\/wp-json\/wp\/v2\/product\/24238\/revisions"}],"wp:featuredmedia":[{"embeddable":true,"href":"https:\/\/riseandwarm.com\/tr\/wp-json\/wp\/v2\/media\/23923"}],"wp:attachment":[{"href":"https:\/\/riseandwarm.com\/tr\/wp-json\/wp\/v2\/media?parent=24238"}],"wp:term":[{"taxonomy":"product_brand","embeddable":true,"href":"https:\/\/riseandwarm.com\/tr\/wp-json\/wp\/v2\/product_brand?post=24238"},{"taxonomy":"product_cat","embeddable":true,"href":"https:\/\/riseandwarm.com\/tr\/wp-json\/wp\/v2\/product_cat?post=24238"},{"taxonomy":"product_tag","embeddable":true,"href":"https:\/\/riseandwarm.com\/tr\/wp-json\/wp\/v2\/product_tag?post=24238"}],"curies":[{"name":"wp","href":"https:\/\/api.w.org\/{rel}","templated":true}]}}