{"id":24237,"date":"2025-05-04T07:56:59","date_gmt":"2025-05-10T01:18:33","guid":{"rendered":"https:\/\/riseandwarm.com\/urun\/sonsuz-gunes-pirlanta-kolye\/"},"modified":"2025-05-10T01:18:33","modified_gmt":"2025-05-10T01:18:33","slug":"sonsuz-gunes-pirlanta-kolye","status":"publish","type":"product","link":"https:\/\/riseandwarm.com\/tr\/urun\/sonsuz-gunes-pirlanta-kolye\/","title":{"rendered":"Sonsuz G\u00fcne\u015f P\u0131rlanta Kolye"},"content":{"rendered":"<p><strong data-start=\"79\" data-end=\"128\">RW x Merim Signature Selection&#8217;\u0131n bir par\u00e7as\u0131d\u0131r.<\/strong><br data-start=\"128\" data-end=\"131\">Sonsuz <em data-start=\"135\" data-end=\"165\">G\u00fcne\u015f P\u0131rlanta Kolye<\/em> s\u0131cakl\u0131k, ya\u015fam ve sonsuz parlakl\u0131\u011f\u0131 \u00e7a\u011fr\u0131\u015ft\u0131r\u0131r. Kalbinde, \u0131\u015f\u0131lt\u0131l\u0131 bir p\u0131rlanta \u00e7er\u00e7eveyle \u00e7evrelenmi\u015f ve zengin ye\u015fil malakitin geometrik par\u00e7alar\u0131yla \u00e7er\u00e7evelenmi\u015f \u0131\u015f\u0131lt\u0131l\u0131 bir akik kaba\u015fonu yat\u0131yor &#8211; her bir unsur cilal\u0131 18 ayar sar\u0131 alt\u0131na titizlikle yerle\u015ftirilmi\u015ftir.<br data-start=\"422\" data-end=\"425\">Usta zanaatkarlar taraf\u0131ndan tek tek \u00fcretilen bu g\u00f6steri\u015fli par\u00e7a, renk, \u0131\u015f\u0131k ve kal\u0131c\u0131 zarafetin cesur bir kutlamas\u0131d\u0131r. <\/p>\n<ul>\n<li>18 Ayar Alt\u0131n<\/li>\n<li>0,73 Ct F-VS-SI P\u0131rlanta<\/li>\n<li>Do\u011fal carnelian ve malakit ta\u015flar\u0131 i\u00e7erir<\/li>\n<\/ul>\n","protected":false},"excerpt":{"rendered":"<p>RW x Merim Signature Selection&#8217;\u0131n bir par\u00e7as\u0131d\u0131r.Sonsuz G\u00fcne\u015f P\u0131rlanta Kolye s\u0131cakl\u0131k, ya\u015fam ve sonsuz parlakl\u0131\u011f\u0131 \u00e7a\u011fr\u0131\u015ft\u0131r\u0131r. Kalbinde, \u0131\u015f\u0131lt\u0131l\u0131 bir p\u0131rlanta<\/p>\n","protected":false},"featured_media":23900,"template":"","meta":[],"product_brand":[],"product_cat":[118],"product_tag":[],"class_list":{"0":"post-24237","1":"product","2":"type-product","3":"status-publish","4":"has-post-thumbnail","6":"product_cat-mucevher","8":"first","9":"instock","10":"shipping-taxable","11":"purchasable","12":"product-type-simple"},"yoast_head":"<!-- This site is optimized with the Yoast SEO plugin v27.5 - https:\/\/yoast.com\/product\/yoast-seo-wordpress\/ -->\n<title>Sonsuz G\u00fcne\u015f P\u0131rlanta Kolye - Rise &amp; Warm<\/title>\n<meta name=\"description\" content=\"Sonsuz G\u00fcne\u015f P\u0131rlanta Kolye ve di\u011fer t\u00fcm \u00fcr\u00fcnlerimiz i\u00e7in Rise &amp; Warm adresini hemen ziyaret edin. H\u0131zl\u0131 kargo ve g\u00fcvenli al\u0131\u015fveri\u015f!\" \/>\n<meta name=\"robots\" content=\"index, follow, max-snippet:-1, max-image-preview:large, max-video-preview:-1\" \/>\n<link rel=\"canonical\" href=\"https:\/\/riseandwarm.com\/tr\/urun\/sonsuz-gunes-pirlanta-kolye\/\" \/>\n<meta property=\"og:locale\" content=\"tr_TR\" \/>\n<meta property=\"og:type\" content=\"article\" \/>\n<meta property=\"og:title\" content=\"Sonsuz G\u00fcne\u015f P\u0131rlanta Kolye - Rise &amp; Warm\" \/>\n<meta property=\"og:description\" content=\"Sonsuz G\u00fcne\u015f P\u0131rlanta Kolye ve di\u011fer t\u00fcm \u00fcr\u00fcnlerimiz i\u00e7in Rise &amp; Warm adresini hemen ziyaret edin. H\u0131zl\u0131 kargo ve g\u00fcvenli al\u0131\u015fveri\u015f!\" \/>\n<meta property=\"og:url\" content=\"https:\/\/riseandwarm.com\/tr\/urun\/sonsuz-gunes-pirlanta-kolye\/\" \/>\n<meta property=\"og:site_name\" content=\"Rise | Warm\" \/>\n<meta property=\"og:image\" content=\"https:\/\/riseandwarm.com\/wp-content\/uploads\/2025\/05\/MR28817-1.jpg\" \/>\n\t<meta property=\"og:image:width\" content=\"1000\" \/>\n\t<meta property=\"og:image:height\" content=\"1500\" \/>\n\t<meta property=\"og:image:type\" content=\"image\/jpeg\" \/>\n<meta name=\"twitter:card\" content=\"summary_large_image\" \/>\n<meta name=\"twitter:label1\" content=\"Tahmini okuma s\u00fcresi\" \/>\n\t<meta name=\"twitter:data1\" content=\"1 dakika\" \/>\n<script type=\"application\/ld+json\" class=\"yoast-schema-graph\">{\"@context\":\"https:\\\/\\\/schema.org\",\"@graph\":[{\"@type\":\"WebPage\",\"@id\":\"https:\\\/\\\/riseandwarm.com\\\/tr\\\/urun\\\/sonsuz-gunes-pirlanta-kolye\\\/\",\"url\":\"https:\\\/\\\/riseandwarm.com\\\/tr\\\/urun\\\/sonsuz-gunes-pirlanta-kolye\\\/\",\"name\":\"Sonsuz G\u00fcne\u015f P\u0131rlanta Kolye - Rise & Warm\",\"isPartOf\":{\"@id\":\"https:\\\/\\\/riseandwarm.com\\\/tr\\\/#website\"},\"primaryImageOfPage\":{\"@id\":\"https:\\\/\\\/riseandwarm.com\\\/tr\\\/urun\\\/sonsuz-gunes-pirlanta-kolye\\\/#primaryimage\"},\"image\":{\"@id\":\"https:\\\/\\\/riseandwarm.com\\\/tr\\\/urun\\\/sonsuz-gunes-pirlanta-kolye\\\/#primaryimage\"},\"thumbnailUrl\":\"https:\\\/\\\/riseandwarm.com\\\/wp-content\\\/uploads\\\/2025\\\/05\\\/MR28817-1.jpg\",\"datePublished\":\"2025-05-10T01:18:33+00:00\",\"description\":\"Sonsuz G\u00fcne\u015f P\u0131rlanta Kolye ve di\u011fer t\u00fcm \u00fcr\u00fcnlerimiz i\u00e7in Rise & Warm adresini hemen ziyaret edin. H\u0131zl\u0131 kargo ve g\u00fcvenli al\u0131\u015fveri\u015f!\",\"breadcrumb\":{\"@id\":\"https:\\\/\\\/riseandwarm.com\\\/tr\\\/urun\\\/sonsuz-gunes-pirlanta-kolye\\\/#breadcrumb\"},\"inLanguage\":\"tr\",\"potentialAction\":[{\"@type\":\"ReadAction\",\"target\":[\"https:\\\/\\\/riseandwarm.com\\\/tr\\\/urun\\\/sonsuz-gunes-pirlanta-kolye\\\/\"]}]},{\"@type\":\"ImageObject\",\"inLanguage\":\"tr\",\"@id\":\"https:\\\/\\\/riseandwarm.com\\\/tr\\\/urun\\\/sonsuz-gunes-pirlanta-kolye\\\/#primaryimage\",\"url\":\"https:\\\/\\\/riseandwarm.com\\\/wp-content\\\/uploads\\\/2025\\\/05\\\/MR28817-1.jpg\",\"contentUrl\":\"https:\\\/\\\/riseandwarm.com\\\/wp-content\\\/uploads\\\/2025\\\/05\\\/MR28817-1.jpg\",\"width\":1000,\"height\":1500},{\"@type\":\"BreadcrumbList\",\"@id\":\"https:\\\/\\\/riseandwarm.com\\\/tr\\\/urun\\\/sonsuz-gunes-pirlanta-kolye\\\/#breadcrumb\",\"itemListElement\":[{\"@type\":\"ListItem\",\"position\":1,\"name\":\"Home\",\"item\":\"https:\\\/\\\/riseandwarm.com\\\/tr\\\/\"},{\"@type\":\"ListItem\",\"position\":2,\"name\":\"Shop\",\"item\":\"https:\\\/\\\/riseandwarm.com\\\/shop\\\/\"},{\"@type\":\"ListItem\",\"position\":3,\"name\":\"Sonsuz G\u00fcne\u015f P\u0131rlanta Kolye\"}]},{\"@type\":\"WebSite\",\"@id\":\"https:\\\/\\\/riseandwarm.com\\\/tr\\\/#website\",\"url\":\"https:\\\/\\\/riseandwarm.com\\\/tr\\\/\",\"name\":\"Rise | Warm\",\"description\":\"Free your self\",\"potentialAction\":[{\"@type\":\"SearchAction\",\"target\":{\"@type\":\"EntryPoint\",\"urlTemplate\":\"https:\\\/\\\/riseandwarm.com\\\/tr\\\/?s={search_term_string}\"},\"query-input\":{\"@type\":\"PropertyValueSpecification\",\"valueRequired\":true,\"valueName\":\"search_term_string\"}}],\"inLanguage\":\"tr\"}]}<\/script>\n<!-- \/ Yoast SEO plugin. -->","yoast_head_json":{"title":"Sonsuz G\u00fcne\u015f P\u0131rlanta Kolye - Rise & Warm","description":"Sonsuz G\u00fcne\u015f P\u0131rlanta Kolye ve di\u011fer t\u00fcm \u00fcr\u00fcnlerimiz i\u00e7in Rise & Warm adresini hemen ziyaret edin. H\u0131zl\u0131 kargo ve g\u00fcvenli al\u0131\u015fveri\u015f!","robots":{"index":"index","follow":"follow","max-snippet":"max-snippet:-1","max-image-preview":"max-image-preview:large","max-video-preview":"max-video-preview:-1"},"canonical":"https:\/\/riseandwarm.com\/tr\/urun\/sonsuz-gunes-pirlanta-kolye\/","og_locale":"tr_TR","og_type":"article","og_title":"Sonsuz G\u00fcne\u015f P\u0131rlanta Kolye - Rise & Warm","og_description":"Sonsuz G\u00fcne\u015f P\u0131rlanta Kolye ve di\u011fer t\u00fcm \u00fcr\u00fcnlerimiz i\u00e7in Rise & Warm adresini hemen ziyaret edin. H\u0131zl\u0131 kargo ve g\u00fcvenli al\u0131\u015fveri\u015f!","og_url":"https:\/\/riseandwarm.com\/tr\/urun\/sonsuz-gunes-pirlanta-kolye\/","og_site_name":"Rise | Warm","og_image":[{"width":1000,"height":1500,"url":"https:\/\/riseandwarm.com\/wp-content\/uploads\/2025\/05\/MR28817-1.jpg","type":"image\/jpeg"}],"twitter_card":"summary_large_image","twitter_misc":{"Tahmini okuma s\u00fcresi":"1 dakika"},"schema":{"@context":"https:\/\/schema.org","@graph":[{"@type":"WebPage","@id":"https:\/\/riseandwarm.com\/tr\/urun\/sonsuz-gunes-pirlanta-kolye\/","url":"https:\/\/riseandwarm.com\/tr\/urun\/sonsuz-gunes-pirlanta-kolye\/","name":"Sonsuz G\u00fcne\u015f P\u0131rlanta Kolye - Rise & Warm","isPartOf":{"@id":"https:\/\/riseandwarm.com\/tr\/#website"},"primaryImageOfPage":{"@id":"https:\/\/riseandwarm.com\/tr\/urun\/sonsuz-gunes-pirlanta-kolye\/#primaryimage"},"image":{"@id":"https:\/\/riseandwarm.com\/tr\/urun\/sonsuz-gunes-pirlanta-kolye\/#primaryimage"},"thumbnailUrl":"https:\/\/riseandwarm.com\/wp-content\/uploads\/2025\/05\/MR28817-1.jpg","datePublished":"2025-05-10T01:18:33+00:00","description":"Sonsuz G\u00fcne\u015f P\u0131rlanta Kolye ve di\u011fer t\u00fcm \u00fcr\u00fcnlerimiz i\u00e7in Rise & Warm adresini hemen ziyaret edin. H\u0131zl\u0131 kargo ve g\u00fcvenli al\u0131\u015fveri\u015f!","breadcrumb":{"@id":"https:\/\/riseandwarm.com\/tr\/urun\/sonsuz-gunes-pirlanta-kolye\/#breadcrumb"},"inLanguage":"tr","potentialAction":[{"@type":"ReadAction","target":["https:\/\/riseandwarm.com\/tr\/urun\/sonsuz-gunes-pirlanta-kolye\/"]}]},{"@type":"ImageObject","inLanguage":"tr","@id":"https:\/\/riseandwarm.com\/tr\/urun\/sonsuz-gunes-pirlanta-kolye\/#primaryimage","url":"https:\/\/riseandwarm.com\/wp-content\/uploads\/2025\/05\/MR28817-1.jpg","contentUrl":"https:\/\/riseandwarm.com\/wp-content\/uploads\/2025\/05\/MR28817-1.jpg","width":1000,"height":1500},{"@type":"BreadcrumbList","@id":"https:\/\/riseandwarm.com\/tr\/urun\/sonsuz-gunes-pirlanta-kolye\/#breadcrumb","itemListElement":[{"@type":"ListItem","position":1,"name":"Home","item":"https:\/\/riseandwarm.com\/tr\/"},{"@type":"ListItem","position":2,"name":"Shop","item":"https:\/\/riseandwarm.com\/shop\/"},{"@type":"ListItem","position":3,"name":"Sonsuz G\u00fcne\u015f P\u0131rlanta Kolye"}]},{"@type":"WebSite","@id":"https:\/\/riseandwarm.com\/tr\/#website","url":"https:\/\/riseandwarm.com\/tr\/","name":"Rise | Warm","description":"Free your self","potentialAction":[{"@type":"SearchAction","target":{"@type":"EntryPoint","urlTemplate":"https:\/\/riseandwarm.com\/tr\/?s={search_term_string}"},"query-input":{"@type":"PropertyValueSpecification","valueRequired":true,"valueName":"search_term_string"}}],"inLanguage":"tr"}]}},"_links":{"self":[{"href":"https:\/\/riseandwarm.com\/tr\/wp-json\/wp\/v2\/product\/24237","targetHints":{"allow":["GET"]}}],"collection":[{"href":"https:\/\/riseandwarm.com\/tr\/wp-json\/wp\/v2\/product"}],"about":[{"href":"https:\/\/riseandwarm.com\/tr\/wp-json\/wp\/v2\/types\/product"}],"version-history":[{"count":0,"href":"https:\/\/riseandwarm.com\/tr\/wp-json\/wp\/v2\/product\/24237\/revisions"}],"wp:featuredmedia":[{"embeddable":true,"href":"https:\/\/riseandwarm.com\/tr\/wp-json\/wp\/v2\/media\/23900"}],"wp:attachment":[{"href":"https:\/\/riseandwarm.com\/tr\/wp-json\/wp\/v2\/media?parent=24237"}],"wp:term":[{"taxonomy":"product_brand","embeddable":true,"href":"https:\/\/riseandwarm.com\/tr\/wp-json\/wp\/v2\/product_brand?post=24237"},{"taxonomy":"product_cat","embeddable":true,"href":"https:\/\/riseandwarm.com\/tr\/wp-json\/wp\/v2\/product_cat?post=24237"},{"taxonomy":"product_tag","embeddable":true,"href":"https:\/\/riseandwarm.com\/tr\/wp-json\/wp\/v2\/product_tag?post=24237"}],"curies":[{"name":"wp","href":"https:\/\/api.w.org\/{rel}","templated":true}]}}