{"id":24234,"date":"2025-05-04T07:49:27","date_gmt":"2025-05-10T01:18:33","guid":{"rendered":"https:\/\/riseandwarm.com\/urun\/midnight-mirage-pirlanta-kolye\/"},"modified":"2025-05-10T01:18:33","modified_gmt":"2025-05-10T01:18:33","slug":"midnight-mirage-pirlanta-kolye","status":"publish","type":"product","link":"https:\/\/riseandwarm.com\/tr\/urun\/midnight-mirage-pirlanta-kolye\/","title":{"rendered":"Midnight Mirage P\u0131rlanta Kolye"},"content":{"rendered":"<p class=\"\" data-start=\"186\" data-end=\"235\"><strong data-start=\"186\" data-end=\"235\">RW x Merim Signature Selection&#8217;\u0131n bir par\u00e7as\u0131d\u0131r.<\/strong><\/p>\n<p class=\"\" data-start=\"237\" data-end=\"554\">Usta zanaatk\u00e2rlar taraf\u0131ndan tek tek i\u015flenen <em data-start=\"282\" data-end=\"316\">Midnight Mirage P\u0131rlanta Kolye<\/em>, bir \u00e7\u00f6l gecesinin sessiz gizemini \u00e7a\u011fr\u0131\u015ft\u0131r\u0131yor. Bu par\u00e7an\u0131n kalbinde yer alan armut kesim safir, elle yerle\u015ftirilmi\u015f turkuaz ve p\u0131rlanta kesim elmaslardan olu\u015fan bir mozaikle \u00e7evrelenerek sessizlik ve kumun aras\u0131ndan k\u0131r\u0131lan ay \u0131\u015f\u0131\u011f\u0131n\u0131 an\u0131msat\u0131yor. <\/p>\n<p class=\"\" data-start=\"556\" data-end=\"614\">Geometrinin \u015fiirle bulu\u015ftu\u011fu cesur ama dingin bir kompozisyon.<\/p>\n<ul>\n<li data-start=\"556\" data-end=\"614\">18 Ayar Beyaz Alt\u0131n<\/li>\n<li data-start=\"556\" data-end=\"614\">0,62 Ct F-VS-SI P\u0131rlanta<\/li>\n<li data-start=\"556\" data-end=\"614\">0,80 Ct Safir<\/li>\n<li data-start=\"556\" data-end=\"614\">Do\u011fal turkuaz<\/li>\n<\/ul>\n","protected":false},"excerpt":{"rendered":"<p>RW x Merim Signature Selection&#8217;\u0131n bir par\u00e7as\u0131d\u0131r. Usta zanaatk\u00e2rlar taraf\u0131ndan tek tek i\u015flenen Midnight Mirage P\u0131rlanta Kolye, bir \u00e7\u00f6l gecesinin<\/p>\n","protected":false},"featured_media":23892,"template":"","meta":[],"product_brand":[],"product_cat":[118],"product_tag":[],"class_list":{"0":"post-24234","1":"product","2":"type-product","3":"status-publish","4":"has-post-thumbnail","6":"product_cat-mucevher","8":"first","9":"instock","10":"shipping-taxable","11":"purchasable","12":"product-type-simple"},"yoast_head":"<!-- This site is optimized with the Yoast SEO plugin v27.5 - https:\/\/yoast.com\/product\/yoast-seo-wordpress\/ -->\n<title>Midnight Mirage P\u0131rlanta Kolye - Rise &amp; Warm<\/title>\n<meta name=\"description\" content=\"Midnight Mirage P\u0131rlanta Kolye ve di\u011fer t\u00fcm \u00fcr\u00fcnlerimiz i\u00e7in Rise &amp; Warm adresini hemen ziyaret edin. H\u0131zl\u0131 kargo ve g\u00fcvenli al\u0131\u015fveri\u015f!\" \/>\n<meta name=\"robots\" content=\"index, follow, max-snippet:-1, max-image-preview:large, max-video-preview:-1\" \/>\n<link rel=\"canonical\" href=\"https:\/\/riseandwarm.com\/tr\/urun\/midnight-mirage-pirlanta-kolye\/\" \/>\n<meta property=\"og:locale\" content=\"tr_TR\" \/>\n<meta property=\"og:type\" content=\"article\" \/>\n<meta property=\"og:title\" content=\"Midnight Mirage P\u0131rlanta Kolye - Rise &amp; Warm\" \/>\n<meta property=\"og:description\" content=\"Midnight Mirage P\u0131rlanta Kolye ve di\u011fer t\u00fcm \u00fcr\u00fcnlerimiz i\u00e7in Rise &amp; Warm adresini hemen ziyaret edin. H\u0131zl\u0131 kargo ve g\u00fcvenli al\u0131\u015fveri\u015f!\" \/>\n<meta property=\"og:url\" content=\"https:\/\/riseandwarm.com\/tr\/urun\/midnight-mirage-pirlanta-kolye\/\" \/>\n<meta property=\"og:site_name\" content=\"Rise | Warm\" \/>\n<meta property=\"og:image\" content=\"https:\/\/riseandwarm.com\/wp-content\/uploads\/2025\/05\/MR28818-1.jpg\" \/>\n\t<meta property=\"og:image:width\" content=\"1000\" \/>\n\t<meta property=\"og:image:height\" content=\"1500\" \/>\n\t<meta property=\"og:image:type\" content=\"image\/jpeg\" \/>\n<meta name=\"twitter:card\" content=\"summary_large_image\" \/>\n<script type=\"application\/ld+json\" class=\"yoast-schema-graph\">{\"@context\":\"https:\\\/\\\/schema.org\",\"@graph\":[{\"@type\":\"WebPage\",\"@id\":\"https:\\\/\\\/riseandwarm.com\\\/tr\\\/urun\\\/midnight-mirage-pirlanta-kolye\\\/\",\"url\":\"https:\\\/\\\/riseandwarm.com\\\/tr\\\/urun\\\/midnight-mirage-pirlanta-kolye\\\/\",\"name\":\"Midnight Mirage P\u0131rlanta Kolye - Rise & Warm\",\"isPartOf\":{\"@id\":\"https:\\\/\\\/riseandwarm.com\\\/tr\\\/#website\"},\"primaryImageOfPage\":{\"@id\":\"https:\\\/\\\/riseandwarm.com\\\/tr\\\/urun\\\/midnight-mirage-pirlanta-kolye\\\/#primaryimage\"},\"image\":{\"@id\":\"https:\\\/\\\/riseandwarm.com\\\/tr\\\/urun\\\/midnight-mirage-pirlanta-kolye\\\/#primaryimage\"},\"thumbnailUrl\":\"https:\\\/\\\/riseandwarm.com\\\/wp-content\\\/uploads\\\/2025\\\/05\\\/MR28818-1.jpg\",\"datePublished\":\"2025-05-10T01:18:33+00:00\",\"description\":\"Midnight Mirage P\u0131rlanta Kolye ve di\u011fer t\u00fcm \u00fcr\u00fcnlerimiz i\u00e7in Rise & Warm adresini hemen ziyaret edin. H\u0131zl\u0131 kargo ve g\u00fcvenli al\u0131\u015fveri\u015f!\",\"breadcrumb\":{\"@id\":\"https:\\\/\\\/riseandwarm.com\\\/tr\\\/urun\\\/midnight-mirage-pirlanta-kolye\\\/#breadcrumb\"},\"inLanguage\":\"tr\",\"potentialAction\":[{\"@type\":\"ReadAction\",\"target\":[\"https:\\\/\\\/riseandwarm.com\\\/tr\\\/urun\\\/midnight-mirage-pirlanta-kolye\\\/\"]}]},{\"@type\":\"ImageObject\",\"inLanguage\":\"tr\",\"@id\":\"https:\\\/\\\/riseandwarm.com\\\/tr\\\/urun\\\/midnight-mirage-pirlanta-kolye\\\/#primaryimage\",\"url\":\"https:\\\/\\\/riseandwarm.com\\\/wp-content\\\/uploads\\\/2025\\\/05\\\/MR28818-1.jpg\",\"contentUrl\":\"https:\\\/\\\/riseandwarm.com\\\/wp-content\\\/uploads\\\/2025\\\/05\\\/MR28818-1.jpg\",\"width\":1000,\"height\":1500},{\"@type\":\"BreadcrumbList\",\"@id\":\"https:\\\/\\\/riseandwarm.com\\\/tr\\\/urun\\\/midnight-mirage-pirlanta-kolye\\\/#breadcrumb\",\"itemListElement\":[{\"@type\":\"ListItem\",\"position\":1,\"name\":\"Home\",\"item\":\"https:\\\/\\\/riseandwarm.com\\\/tr\\\/\"},{\"@type\":\"ListItem\",\"position\":2,\"name\":\"Shop\",\"item\":\"https:\\\/\\\/riseandwarm.com\\\/shop\\\/\"},{\"@type\":\"ListItem\",\"position\":3,\"name\":\"Midnight Mirage P\u0131rlanta Kolye\"}]},{\"@type\":\"WebSite\",\"@id\":\"https:\\\/\\\/riseandwarm.com\\\/tr\\\/#website\",\"url\":\"https:\\\/\\\/riseandwarm.com\\\/tr\\\/\",\"name\":\"Rise | Warm\",\"description\":\"Free your self\",\"potentialAction\":[{\"@type\":\"SearchAction\",\"target\":{\"@type\":\"EntryPoint\",\"urlTemplate\":\"https:\\\/\\\/riseandwarm.com\\\/tr\\\/?s={search_term_string}\"},\"query-input\":{\"@type\":\"PropertyValueSpecification\",\"valueRequired\":true,\"valueName\":\"search_term_string\"}}],\"inLanguage\":\"tr\"}]}<\/script>\n<!-- \/ Yoast SEO plugin. -->","yoast_head_json":{"title":"Midnight Mirage P\u0131rlanta Kolye - Rise & Warm","description":"Midnight Mirage P\u0131rlanta Kolye ve di\u011fer t\u00fcm \u00fcr\u00fcnlerimiz i\u00e7in Rise & Warm adresini hemen ziyaret edin. H\u0131zl\u0131 kargo ve g\u00fcvenli al\u0131\u015fveri\u015f!","robots":{"index":"index","follow":"follow","max-snippet":"max-snippet:-1","max-image-preview":"max-image-preview:large","max-video-preview":"max-video-preview:-1"},"canonical":"https:\/\/riseandwarm.com\/tr\/urun\/midnight-mirage-pirlanta-kolye\/","og_locale":"tr_TR","og_type":"article","og_title":"Midnight Mirage P\u0131rlanta Kolye - Rise & Warm","og_description":"Midnight Mirage P\u0131rlanta Kolye ve di\u011fer t\u00fcm \u00fcr\u00fcnlerimiz i\u00e7in Rise & Warm adresini hemen ziyaret edin. H\u0131zl\u0131 kargo ve g\u00fcvenli al\u0131\u015fveri\u015f!","og_url":"https:\/\/riseandwarm.com\/tr\/urun\/midnight-mirage-pirlanta-kolye\/","og_site_name":"Rise | Warm","og_image":[{"width":1000,"height":1500,"url":"https:\/\/riseandwarm.com\/wp-content\/uploads\/2025\/05\/MR28818-1.jpg","type":"image\/jpeg"}],"twitter_card":"summary_large_image","schema":{"@context":"https:\/\/schema.org","@graph":[{"@type":"WebPage","@id":"https:\/\/riseandwarm.com\/tr\/urun\/midnight-mirage-pirlanta-kolye\/","url":"https:\/\/riseandwarm.com\/tr\/urun\/midnight-mirage-pirlanta-kolye\/","name":"Midnight Mirage P\u0131rlanta Kolye - Rise & Warm","isPartOf":{"@id":"https:\/\/riseandwarm.com\/tr\/#website"},"primaryImageOfPage":{"@id":"https:\/\/riseandwarm.com\/tr\/urun\/midnight-mirage-pirlanta-kolye\/#primaryimage"},"image":{"@id":"https:\/\/riseandwarm.com\/tr\/urun\/midnight-mirage-pirlanta-kolye\/#primaryimage"},"thumbnailUrl":"https:\/\/riseandwarm.com\/wp-content\/uploads\/2025\/05\/MR28818-1.jpg","datePublished":"2025-05-10T01:18:33+00:00","description":"Midnight Mirage P\u0131rlanta Kolye ve di\u011fer t\u00fcm \u00fcr\u00fcnlerimiz i\u00e7in Rise & Warm adresini hemen ziyaret edin. H\u0131zl\u0131 kargo ve g\u00fcvenli al\u0131\u015fveri\u015f!","breadcrumb":{"@id":"https:\/\/riseandwarm.com\/tr\/urun\/midnight-mirage-pirlanta-kolye\/#breadcrumb"},"inLanguage":"tr","potentialAction":[{"@type":"ReadAction","target":["https:\/\/riseandwarm.com\/tr\/urun\/midnight-mirage-pirlanta-kolye\/"]}]},{"@type":"ImageObject","inLanguage":"tr","@id":"https:\/\/riseandwarm.com\/tr\/urun\/midnight-mirage-pirlanta-kolye\/#primaryimage","url":"https:\/\/riseandwarm.com\/wp-content\/uploads\/2025\/05\/MR28818-1.jpg","contentUrl":"https:\/\/riseandwarm.com\/wp-content\/uploads\/2025\/05\/MR28818-1.jpg","width":1000,"height":1500},{"@type":"BreadcrumbList","@id":"https:\/\/riseandwarm.com\/tr\/urun\/midnight-mirage-pirlanta-kolye\/#breadcrumb","itemListElement":[{"@type":"ListItem","position":1,"name":"Home","item":"https:\/\/riseandwarm.com\/tr\/"},{"@type":"ListItem","position":2,"name":"Shop","item":"https:\/\/riseandwarm.com\/shop\/"},{"@type":"ListItem","position":3,"name":"Midnight Mirage P\u0131rlanta Kolye"}]},{"@type":"WebSite","@id":"https:\/\/riseandwarm.com\/tr\/#website","url":"https:\/\/riseandwarm.com\/tr\/","name":"Rise | Warm","description":"Free your self","potentialAction":[{"@type":"SearchAction","target":{"@type":"EntryPoint","urlTemplate":"https:\/\/riseandwarm.com\/tr\/?s={search_term_string}"},"query-input":{"@type":"PropertyValueSpecification","valueRequired":true,"valueName":"search_term_string"}}],"inLanguage":"tr"}]}},"_links":{"self":[{"href":"https:\/\/riseandwarm.com\/tr\/wp-json\/wp\/v2\/product\/24234","targetHints":{"allow":["GET"]}}],"collection":[{"href":"https:\/\/riseandwarm.com\/tr\/wp-json\/wp\/v2\/product"}],"about":[{"href":"https:\/\/riseandwarm.com\/tr\/wp-json\/wp\/v2\/types\/product"}],"version-history":[{"count":0,"href":"https:\/\/riseandwarm.com\/tr\/wp-json\/wp\/v2\/product\/24234\/revisions"}],"wp:featuredmedia":[{"embeddable":true,"href":"https:\/\/riseandwarm.com\/tr\/wp-json\/wp\/v2\/media\/23892"}],"wp:attachment":[{"href":"https:\/\/riseandwarm.com\/tr\/wp-json\/wp\/v2\/media?parent=24234"}],"wp:term":[{"taxonomy":"product_brand","embeddable":true,"href":"https:\/\/riseandwarm.com\/tr\/wp-json\/wp\/v2\/product_brand?post=24234"},{"taxonomy":"product_cat","embeddable":true,"href":"https:\/\/riseandwarm.com\/tr\/wp-json\/wp\/v2\/product_cat?post=24234"},{"taxonomy":"product_tag","embeddable":true,"href":"https:\/\/riseandwarm.com\/tr\/wp-json\/wp\/v2\/product_tag?post=24234"}],"curies":[{"name":"wp","href":"https:\/\/api.w.org\/{rel}","templated":true}]}}