{"id":24232,"date":"2025-05-04T08:06:35","date_gmt":"2025-05-10T01:18:32","guid":{"rendered":"https:\/\/riseandwarm.com\/urun\/malakit-labirent-pirlanta-kolye\/"},"modified":"2025-05-10T01:18:32","modified_gmt":"2025-05-10T01:18:32","slug":"malakit-labirent-pirlanta-kolye","status":"publish","type":"product","link":"https:\/\/riseandwarm.com\/tr\/urun\/malakit-labirent-pirlanta-kolye\/","title":{"rendered":"Malakit Labirent P\u0131rlanta Kolye"},"content":{"rendered":"<p class=\"\" data-start=\"89\" data-end=\"138\"><strong data-start=\"89\" data-end=\"138\">RW x Merim Signature Selection&#8217;\u0131n bir par\u00e7as\u0131d\u0131r.<\/strong><\/p>\n<p class=\"\" data-start=\"140\" data-end=\"399\">Bu cesur ama zarif tasar\u0131m simetri ve parlakl\u0131\u011f\u0131n uyumunu yakalar. Zengin ye\u015fil tonlarda do\u011fal malakit ta\u015flarla \u00e7er\u00e7evelenen ve \u0131\u015f\u0131lt\u0131l\u0131 elmaslarla vurgulanan her bir par\u00e7a, zamans\u0131z sofistikeli\u011fi yans\u0131tmak i\u00e7in usta zanaatk\u00e2rlar taraf\u0131ndan ayr\u0131 ayr\u0131 \u00fcretilmi\u015ftir.<\/p>\n<p class=\"\" data-start=\"401\" data-end=\"424\"><strong data-start=\"401\" data-end=\"422\">Malzeme Detaylar\u0131:<\/strong><\/p>\n<ul data-start=\"425\" data-end=\"508\">\n<li class=\"\" data-start=\"425\" data-end=\"437\">\n<p class=\"\" data-start=\"427\" data-end=\"437\">18 Ayar Alt\u0131n<\/p>\n<\/li>\n<li class=\"\" data-start=\"438\" data-end=\"466\">\n<p class=\"\" data-start=\"440\" data-end=\"466\">1,76 Ct F-VS-SI P\u0131rlanta<\/p>\n<\/li>\n<li class=\"\" data-start=\"467\" data-end=\"508\">\n<p class=\"\" data-start=\"469\" data-end=\"508\">Do\u011fal malakit ta\u015flarla zenginle\u015ftirilmi\u015ftir.<\/p>\n<\/li>\n<\/ul>\n","protected":false},"excerpt":{"rendered":"<p>RW x Merim Signature Selection&#8217;\u0131n bir par\u00e7as\u0131d\u0131r. Bu cesur ama zarif tasar\u0131m simetri ve parlakl\u0131\u011f\u0131n uyumunu yakalar. Zengin ye\u015fil tonlarda<\/p>\n","protected":false},"featured_media":23909,"template":"","meta":[],"product_brand":[],"product_cat":[118],"product_tag":[],"class_list":{"0":"post-24232","1":"product","2":"type-product","3":"status-publish","4":"has-post-thumbnail","6":"product_cat-mucevher","8":"first","9":"instock","10":"shipping-taxable","11":"purchasable","12":"product-type-simple"},"yoast_head":"<!-- This site is optimized with the Yoast SEO plugin v27.5 - https:\/\/yoast.com\/product\/yoast-seo-wordpress\/ -->\n<title>Malakit Labirent P\u0131rlanta Kolye - Rise &amp; Warm<\/title>\n<meta name=\"description\" content=\"Malakit Labirent P\u0131rlanta Kolye ve di\u011fer t\u00fcm \u00fcr\u00fcnlerimiz i\u00e7in Rise &amp; Warm adresini hemen ziyaret edin. H\u0131zl\u0131 kargo ve g\u00fcvenli al\u0131\u015fveri\u015f!\" \/>\n<meta name=\"robots\" content=\"index, follow, max-snippet:-1, max-image-preview:large, max-video-preview:-1\" \/>\n<link rel=\"canonical\" href=\"https:\/\/riseandwarm.com\/tr\/urun\/malakit-labirent-pirlanta-kolye\/\" \/>\n<meta property=\"og:locale\" content=\"tr_TR\" \/>\n<meta property=\"og:type\" content=\"article\" \/>\n<meta property=\"og:title\" content=\"Malakit Labirent P\u0131rlanta Kolye - Rise &amp; Warm\" \/>\n<meta property=\"og:description\" content=\"Malakit Labirent P\u0131rlanta Kolye ve di\u011fer t\u00fcm \u00fcr\u00fcnlerimiz i\u00e7in Rise &amp; Warm adresini hemen ziyaret edin. H\u0131zl\u0131 kargo ve g\u00fcvenli al\u0131\u015fveri\u015f!\" \/>\n<meta property=\"og:url\" content=\"https:\/\/riseandwarm.com\/tr\/urun\/malakit-labirent-pirlanta-kolye\/\" \/>\n<meta property=\"og:site_name\" content=\"Rise | Warm\" \/>\n<meta property=\"og:image\" content=\"https:\/\/riseandwarm.com\/wp-content\/uploads\/2025\/05\/MR28816-1.jpg\" \/>\n\t<meta property=\"og:image:width\" content=\"1000\" \/>\n\t<meta property=\"og:image:height\" content=\"1500\" \/>\n\t<meta property=\"og:image:type\" content=\"image\/jpeg\" \/>\n<meta name=\"twitter:card\" content=\"summary_large_image\" \/>\n<script type=\"application\/ld+json\" class=\"yoast-schema-graph\">{\"@context\":\"https:\\\/\\\/schema.org\",\"@graph\":[{\"@type\":\"WebPage\",\"@id\":\"https:\\\/\\\/riseandwarm.com\\\/tr\\\/urun\\\/malakit-labirent-pirlanta-kolye\\\/\",\"url\":\"https:\\\/\\\/riseandwarm.com\\\/tr\\\/urun\\\/malakit-labirent-pirlanta-kolye\\\/\",\"name\":\"Malakit Labirent P\u0131rlanta Kolye - Rise & Warm\",\"isPartOf\":{\"@id\":\"https:\\\/\\\/riseandwarm.com\\\/tr\\\/#website\"},\"primaryImageOfPage\":{\"@id\":\"https:\\\/\\\/riseandwarm.com\\\/tr\\\/urun\\\/malakit-labirent-pirlanta-kolye\\\/#primaryimage\"},\"image\":{\"@id\":\"https:\\\/\\\/riseandwarm.com\\\/tr\\\/urun\\\/malakit-labirent-pirlanta-kolye\\\/#primaryimage\"},\"thumbnailUrl\":\"https:\\\/\\\/riseandwarm.com\\\/wp-content\\\/uploads\\\/2025\\\/05\\\/MR28816-1.jpg\",\"datePublished\":\"2025-05-10T01:18:32+00:00\",\"description\":\"Malakit Labirent P\u0131rlanta Kolye ve di\u011fer t\u00fcm \u00fcr\u00fcnlerimiz i\u00e7in Rise & Warm adresini hemen ziyaret edin. H\u0131zl\u0131 kargo ve g\u00fcvenli al\u0131\u015fveri\u015f!\",\"breadcrumb\":{\"@id\":\"https:\\\/\\\/riseandwarm.com\\\/tr\\\/urun\\\/malakit-labirent-pirlanta-kolye\\\/#breadcrumb\"},\"inLanguage\":\"tr\",\"potentialAction\":[{\"@type\":\"ReadAction\",\"target\":[\"https:\\\/\\\/riseandwarm.com\\\/tr\\\/urun\\\/malakit-labirent-pirlanta-kolye\\\/\"]}]},{\"@type\":\"ImageObject\",\"inLanguage\":\"tr\",\"@id\":\"https:\\\/\\\/riseandwarm.com\\\/tr\\\/urun\\\/malakit-labirent-pirlanta-kolye\\\/#primaryimage\",\"url\":\"https:\\\/\\\/riseandwarm.com\\\/wp-content\\\/uploads\\\/2025\\\/05\\\/MR28816-1.jpg\",\"contentUrl\":\"https:\\\/\\\/riseandwarm.com\\\/wp-content\\\/uploads\\\/2025\\\/05\\\/MR28816-1.jpg\",\"width\":1000,\"height\":1500},{\"@type\":\"BreadcrumbList\",\"@id\":\"https:\\\/\\\/riseandwarm.com\\\/tr\\\/urun\\\/malakit-labirent-pirlanta-kolye\\\/#breadcrumb\",\"itemListElement\":[{\"@type\":\"ListItem\",\"position\":1,\"name\":\"Home\",\"item\":\"https:\\\/\\\/riseandwarm.com\\\/tr\\\/\"},{\"@type\":\"ListItem\",\"position\":2,\"name\":\"Shop\",\"item\":\"https:\\\/\\\/riseandwarm.com\\\/shop\\\/\"},{\"@type\":\"ListItem\",\"position\":3,\"name\":\"Malakit Labirent P\u0131rlanta Kolye\"}]},{\"@type\":\"WebSite\",\"@id\":\"https:\\\/\\\/riseandwarm.com\\\/tr\\\/#website\",\"url\":\"https:\\\/\\\/riseandwarm.com\\\/tr\\\/\",\"name\":\"Rise | Warm\",\"description\":\"Free your self\",\"potentialAction\":[{\"@type\":\"SearchAction\",\"target\":{\"@type\":\"EntryPoint\",\"urlTemplate\":\"https:\\\/\\\/riseandwarm.com\\\/tr\\\/?s={search_term_string}\"},\"query-input\":{\"@type\":\"PropertyValueSpecification\",\"valueRequired\":true,\"valueName\":\"search_term_string\"}}],\"inLanguage\":\"tr\"}]}<\/script>\n<!-- \/ Yoast SEO plugin. -->","yoast_head_json":{"title":"Malakit Labirent P\u0131rlanta Kolye - Rise & Warm","description":"Malakit Labirent P\u0131rlanta Kolye ve di\u011fer t\u00fcm \u00fcr\u00fcnlerimiz i\u00e7in Rise & Warm adresini hemen ziyaret edin. H\u0131zl\u0131 kargo ve g\u00fcvenli al\u0131\u015fveri\u015f!","robots":{"index":"index","follow":"follow","max-snippet":"max-snippet:-1","max-image-preview":"max-image-preview:large","max-video-preview":"max-video-preview:-1"},"canonical":"https:\/\/riseandwarm.com\/tr\/urun\/malakit-labirent-pirlanta-kolye\/","og_locale":"tr_TR","og_type":"article","og_title":"Malakit Labirent P\u0131rlanta Kolye - Rise & Warm","og_description":"Malakit Labirent P\u0131rlanta Kolye ve di\u011fer t\u00fcm \u00fcr\u00fcnlerimiz i\u00e7in Rise & Warm adresini hemen ziyaret edin. H\u0131zl\u0131 kargo ve g\u00fcvenli al\u0131\u015fveri\u015f!","og_url":"https:\/\/riseandwarm.com\/tr\/urun\/malakit-labirent-pirlanta-kolye\/","og_site_name":"Rise | Warm","og_image":[{"width":1000,"height":1500,"url":"https:\/\/riseandwarm.com\/wp-content\/uploads\/2025\/05\/MR28816-1.jpg","type":"image\/jpeg"}],"twitter_card":"summary_large_image","schema":{"@context":"https:\/\/schema.org","@graph":[{"@type":"WebPage","@id":"https:\/\/riseandwarm.com\/tr\/urun\/malakit-labirent-pirlanta-kolye\/","url":"https:\/\/riseandwarm.com\/tr\/urun\/malakit-labirent-pirlanta-kolye\/","name":"Malakit Labirent P\u0131rlanta Kolye - Rise & Warm","isPartOf":{"@id":"https:\/\/riseandwarm.com\/tr\/#website"},"primaryImageOfPage":{"@id":"https:\/\/riseandwarm.com\/tr\/urun\/malakit-labirent-pirlanta-kolye\/#primaryimage"},"image":{"@id":"https:\/\/riseandwarm.com\/tr\/urun\/malakit-labirent-pirlanta-kolye\/#primaryimage"},"thumbnailUrl":"https:\/\/riseandwarm.com\/wp-content\/uploads\/2025\/05\/MR28816-1.jpg","datePublished":"2025-05-10T01:18:32+00:00","description":"Malakit Labirent P\u0131rlanta Kolye ve di\u011fer t\u00fcm \u00fcr\u00fcnlerimiz i\u00e7in Rise & Warm adresini hemen ziyaret edin. H\u0131zl\u0131 kargo ve g\u00fcvenli al\u0131\u015fveri\u015f!","breadcrumb":{"@id":"https:\/\/riseandwarm.com\/tr\/urun\/malakit-labirent-pirlanta-kolye\/#breadcrumb"},"inLanguage":"tr","potentialAction":[{"@type":"ReadAction","target":["https:\/\/riseandwarm.com\/tr\/urun\/malakit-labirent-pirlanta-kolye\/"]}]},{"@type":"ImageObject","inLanguage":"tr","@id":"https:\/\/riseandwarm.com\/tr\/urun\/malakit-labirent-pirlanta-kolye\/#primaryimage","url":"https:\/\/riseandwarm.com\/wp-content\/uploads\/2025\/05\/MR28816-1.jpg","contentUrl":"https:\/\/riseandwarm.com\/wp-content\/uploads\/2025\/05\/MR28816-1.jpg","width":1000,"height":1500},{"@type":"BreadcrumbList","@id":"https:\/\/riseandwarm.com\/tr\/urun\/malakit-labirent-pirlanta-kolye\/#breadcrumb","itemListElement":[{"@type":"ListItem","position":1,"name":"Home","item":"https:\/\/riseandwarm.com\/tr\/"},{"@type":"ListItem","position":2,"name":"Shop","item":"https:\/\/riseandwarm.com\/shop\/"},{"@type":"ListItem","position":3,"name":"Malakit Labirent P\u0131rlanta Kolye"}]},{"@type":"WebSite","@id":"https:\/\/riseandwarm.com\/tr\/#website","url":"https:\/\/riseandwarm.com\/tr\/","name":"Rise | Warm","description":"Free your self","potentialAction":[{"@type":"SearchAction","target":{"@type":"EntryPoint","urlTemplate":"https:\/\/riseandwarm.com\/tr\/?s={search_term_string}"},"query-input":{"@type":"PropertyValueSpecification","valueRequired":true,"valueName":"search_term_string"}}],"inLanguage":"tr"}]}},"_links":{"self":[{"href":"https:\/\/riseandwarm.com\/tr\/wp-json\/wp\/v2\/product\/24232","targetHints":{"allow":["GET"]}}],"collection":[{"href":"https:\/\/riseandwarm.com\/tr\/wp-json\/wp\/v2\/product"}],"about":[{"href":"https:\/\/riseandwarm.com\/tr\/wp-json\/wp\/v2\/types\/product"}],"version-history":[{"count":0,"href":"https:\/\/riseandwarm.com\/tr\/wp-json\/wp\/v2\/product\/24232\/revisions"}],"wp:featuredmedia":[{"embeddable":true,"href":"https:\/\/riseandwarm.com\/tr\/wp-json\/wp\/v2\/media\/23909"}],"wp:attachment":[{"href":"https:\/\/riseandwarm.com\/tr\/wp-json\/wp\/v2\/media?parent=24232"}],"wp:term":[{"taxonomy":"product_brand","embeddable":true,"href":"https:\/\/riseandwarm.com\/tr\/wp-json\/wp\/v2\/product_brand?post=24232"},{"taxonomy":"product_cat","embeddable":true,"href":"https:\/\/riseandwarm.com\/tr\/wp-json\/wp\/v2\/product_cat?post=24232"},{"taxonomy":"product_tag","embeddable":true,"href":"https:\/\/riseandwarm.com\/tr\/wp-json\/wp\/v2\/product_tag?post=24232"}],"curies":[{"name":"wp","href":"https:\/\/api.w.org\/{rel}","templated":true}]}}