{"id":24228,"date":"2025-05-04T14:50:01","date_gmt":"2025-05-10T01:18:25","guid":{"rendered":"https:\/\/riseandwarm.com\/urun\/lunar-glow-pirlanta-kupe\/"},"modified":"2025-05-10T01:18:25","modified_gmt":"2025-05-10T01:18:25","slug":"lunar-glow-pirlanta-kupe","status":"publish","type":"product","link":"https:\/\/riseandwarm.com\/tr\/urun\/lunar-glow-pirlanta-kupe\/","title":{"rendered":"Lunar Glow P\u0131rlanta K\u00fcpe"},"content":{"rendered":"<p><strong data-start=\"152\" data-end=\"201\">RW x Merim Signature Selection&#8217;\u0131n bir par\u00e7as\u0131d\u0131r.<\/strong><\/p>\n<p>I\u015f\u0131lt\u0131l\u0131 zarafete bir \u00f6vg\u00fc olarak \u00fcretilen bu k\u00fcpeler, mehtapl\u0131 bir gecenin yumu\u015fak \u0131\u015f\u0131lt\u0131s\u0131n\u0131 yakal\u0131yor. Heykelsi k\u0131vr\u0131mlar ve da\u011f\u0131n\u0131k elmaslar, ay yans\u0131malar\u0131n\u0131n nazik \u0131\u015f\u0131lt\u0131s\u0131n\u0131 \u00e7a\u011fr\u0131\u015ft\u0131rarak zarafetin \u00e7a\u011fda\u015f ama zamans\u0131z bir ifadesini sunar.<br data-start=\"451\" data-end=\"454\">Her bir \u00e7ift titizlikle el yap\u0131m\u0131d\u0131r ve sipari\u015f \u00fczerine \u00fcretilir.<\/p>\n<p><strong>Detaylar:<\/strong><\/p>\n<ul>\n<li>18 Ayar Alt\u0131n<\/li>\n<li>1,19 Ct F-VS-SI P\u0131rlanta<\/li>\n<\/ul>\n","protected":false},"excerpt":{"rendered":"<p>RW x Merim Signature Selection&#8217;\u0131n bir par\u00e7as\u0131d\u0131r. I\u015f\u0131lt\u0131l\u0131 zarafete bir \u00f6vg\u00fc olarak \u00fcretilen bu k\u00fcpeler, mehtapl\u0131 bir gecenin yumu\u015fak \u0131\u015f\u0131lt\u0131s\u0131n\u0131<\/p>\n","protected":false},"featured_media":24030,"template":"","meta":[],"product_brand":[],"product_cat":[118],"product_tag":[],"class_list":{"0":"post-24228","1":"product","2":"type-product","3":"status-publish","4":"has-post-thumbnail","6":"product_cat-mucevher","8":"first","9":"onbackorder","10":"shipping-taxable","11":"purchasable","12":"product-type-simple"},"yoast_head":"<!-- This site is optimized with the Yoast SEO plugin v27.5 - https:\/\/yoast.com\/product\/yoast-seo-wordpress\/ -->\n<title>Lunar Glow P\u0131rlanta K\u00fcpe - Rise &amp; Warm<\/title>\n<meta name=\"description\" content=\"Lunar Glow P\u0131rlanta K\u00fcpe ve di\u011fer t\u00fcm \u00fcr\u00fcnlerimiz i\u00e7in Rise &amp; Warm adresini hemen ziyaret edin. H\u0131zl\u0131 kargo ve g\u00fcvenli al\u0131\u015fveri\u015f!\" \/>\n<meta name=\"robots\" content=\"index, follow, max-snippet:-1, max-image-preview:large, max-video-preview:-1\" \/>\n<link rel=\"canonical\" href=\"https:\/\/riseandwarm.com\/tr\/urun\/lunar-glow-pirlanta-kupe\/\" \/>\n<meta property=\"og:locale\" content=\"tr_TR\" \/>\n<meta property=\"og:type\" content=\"article\" \/>\n<meta property=\"og:title\" content=\"Lunar Glow P\u0131rlanta K\u00fcpe - Rise &amp; Warm\" \/>\n<meta property=\"og:description\" content=\"Lunar Glow P\u0131rlanta K\u00fcpe ve di\u011fer t\u00fcm \u00fcr\u00fcnlerimiz i\u00e7in Rise &amp; Warm adresini hemen ziyaret edin. H\u0131zl\u0131 kargo ve g\u00fcvenli al\u0131\u015fveri\u015f!\" \/>\n<meta property=\"og:url\" content=\"https:\/\/riseandwarm.com\/tr\/urun\/lunar-glow-pirlanta-kupe\/\" \/>\n<meta property=\"og:site_name\" content=\"Rise | Warm\" \/>\n<meta property=\"og:image\" content=\"https:\/\/riseandwarm.com\/wp-content\/uploads\/2025\/05\/MR27942-1.jpg\" \/>\n\t<meta property=\"og:image:width\" content=\"1000\" \/>\n\t<meta property=\"og:image:height\" content=\"1500\" \/>\n\t<meta property=\"og:image:type\" content=\"image\/jpeg\" \/>\n<meta name=\"twitter:card\" content=\"summary_large_image\" \/>\n<script type=\"application\/ld+json\" class=\"yoast-schema-graph\">{\"@context\":\"https:\\\/\\\/schema.org\",\"@graph\":[{\"@type\":\"WebPage\",\"@id\":\"https:\\\/\\\/riseandwarm.com\\\/tr\\\/urun\\\/lunar-glow-pirlanta-kupe\\\/\",\"url\":\"https:\\\/\\\/riseandwarm.com\\\/tr\\\/urun\\\/lunar-glow-pirlanta-kupe\\\/\",\"name\":\"Lunar Glow P\u0131rlanta K\u00fcpe - Rise & Warm\",\"isPartOf\":{\"@id\":\"https:\\\/\\\/riseandwarm.com\\\/tr\\\/#website\"},\"primaryImageOfPage\":{\"@id\":\"https:\\\/\\\/riseandwarm.com\\\/tr\\\/urun\\\/lunar-glow-pirlanta-kupe\\\/#primaryimage\"},\"image\":{\"@id\":\"https:\\\/\\\/riseandwarm.com\\\/tr\\\/urun\\\/lunar-glow-pirlanta-kupe\\\/#primaryimage\"},\"thumbnailUrl\":\"https:\\\/\\\/riseandwarm.com\\\/wp-content\\\/uploads\\\/2025\\\/05\\\/MR27942-1.jpg\",\"datePublished\":\"2025-05-10T01:18:25+00:00\",\"description\":\"Lunar Glow P\u0131rlanta K\u00fcpe ve di\u011fer t\u00fcm \u00fcr\u00fcnlerimiz i\u00e7in Rise & Warm adresini hemen ziyaret edin. H\u0131zl\u0131 kargo ve g\u00fcvenli al\u0131\u015fveri\u015f!\",\"breadcrumb\":{\"@id\":\"https:\\\/\\\/riseandwarm.com\\\/tr\\\/urun\\\/lunar-glow-pirlanta-kupe\\\/#breadcrumb\"},\"inLanguage\":\"tr\",\"potentialAction\":[{\"@type\":\"ReadAction\",\"target\":[\"https:\\\/\\\/riseandwarm.com\\\/tr\\\/urun\\\/lunar-glow-pirlanta-kupe\\\/\"]}]},{\"@type\":\"ImageObject\",\"inLanguage\":\"tr\",\"@id\":\"https:\\\/\\\/riseandwarm.com\\\/tr\\\/urun\\\/lunar-glow-pirlanta-kupe\\\/#primaryimage\",\"url\":\"https:\\\/\\\/riseandwarm.com\\\/wp-content\\\/uploads\\\/2025\\\/05\\\/MR27942-1.jpg\",\"contentUrl\":\"https:\\\/\\\/riseandwarm.com\\\/wp-content\\\/uploads\\\/2025\\\/05\\\/MR27942-1.jpg\",\"width\":1000,\"height\":1500},{\"@type\":\"BreadcrumbList\",\"@id\":\"https:\\\/\\\/riseandwarm.com\\\/tr\\\/urun\\\/lunar-glow-pirlanta-kupe\\\/#breadcrumb\",\"itemListElement\":[{\"@type\":\"ListItem\",\"position\":1,\"name\":\"Home\",\"item\":\"https:\\\/\\\/riseandwarm.com\\\/tr\\\/\"},{\"@type\":\"ListItem\",\"position\":2,\"name\":\"Shop\",\"item\":\"https:\\\/\\\/riseandwarm.com\\\/shop\\\/\"},{\"@type\":\"ListItem\",\"position\":3,\"name\":\"Lunar Glow P\u0131rlanta K\u00fcpe\"}]},{\"@type\":\"WebSite\",\"@id\":\"https:\\\/\\\/riseandwarm.com\\\/tr\\\/#website\",\"url\":\"https:\\\/\\\/riseandwarm.com\\\/tr\\\/\",\"name\":\"Rise | Warm\",\"description\":\"Free your self\",\"potentialAction\":[{\"@type\":\"SearchAction\",\"target\":{\"@type\":\"EntryPoint\",\"urlTemplate\":\"https:\\\/\\\/riseandwarm.com\\\/tr\\\/?s={search_term_string}\"},\"query-input\":{\"@type\":\"PropertyValueSpecification\",\"valueRequired\":true,\"valueName\":\"search_term_string\"}}],\"inLanguage\":\"tr\"}]}<\/script>\n<!-- \/ Yoast SEO plugin. -->","yoast_head_json":{"title":"Lunar Glow P\u0131rlanta K\u00fcpe - Rise & Warm","description":"Lunar Glow P\u0131rlanta K\u00fcpe ve di\u011fer t\u00fcm \u00fcr\u00fcnlerimiz i\u00e7in Rise & Warm adresini hemen ziyaret edin. H\u0131zl\u0131 kargo ve g\u00fcvenli al\u0131\u015fveri\u015f!","robots":{"index":"index","follow":"follow","max-snippet":"max-snippet:-1","max-image-preview":"max-image-preview:large","max-video-preview":"max-video-preview:-1"},"canonical":"https:\/\/riseandwarm.com\/tr\/urun\/lunar-glow-pirlanta-kupe\/","og_locale":"tr_TR","og_type":"article","og_title":"Lunar Glow P\u0131rlanta K\u00fcpe - Rise & Warm","og_description":"Lunar Glow P\u0131rlanta K\u00fcpe ve di\u011fer t\u00fcm \u00fcr\u00fcnlerimiz i\u00e7in Rise & Warm adresini hemen ziyaret edin. H\u0131zl\u0131 kargo ve g\u00fcvenli al\u0131\u015fveri\u015f!","og_url":"https:\/\/riseandwarm.com\/tr\/urun\/lunar-glow-pirlanta-kupe\/","og_site_name":"Rise | Warm","og_image":[{"width":1000,"height":1500,"url":"https:\/\/riseandwarm.com\/wp-content\/uploads\/2025\/05\/MR27942-1.jpg","type":"image\/jpeg"}],"twitter_card":"summary_large_image","schema":{"@context":"https:\/\/schema.org","@graph":[{"@type":"WebPage","@id":"https:\/\/riseandwarm.com\/tr\/urun\/lunar-glow-pirlanta-kupe\/","url":"https:\/\/riseandwarm.com\/tr\/urun\/lunar-glow-pirlanta-kupe\/","name":"Lunar Glow P\u0131rlanta K\u00fcpe - Rise & Warm","isPartOf":{"@id":"https:\/\/riseandwarm.com\/tr\/#website"},"primaryImageOfPage":{"@id":"https:\/\/riseandwarm.com\/tr\/urun\/lunar-glow-pirlanta-kupe\/#primaryimage"},"image":{"@id":"https:\/\/riseandwarm.com\/tr\/urun\/lunar-glow-pirlanta-kupe\/#primaryimage"},"thumbnailUrl":"https:\/\/riseandwarm.com\/wp-content\/uploads\/2025\/05\/MR27942-1.jpg","datePublished":"2025-05-10T01:18:25+00:00","description":"Lunar Glow P\u0131rlanta K\u00fcpe ve di\u011fer t\u00fcm \u00fcr\u00fcnlerimiz i\u00e7in Rise & Warm adresini hemen ziyaret edin. H\u0131zl\u0131 kargo ve g\u00fcvenli al\u0131\u015fveri\u015f!","breadcrumb":{"@id":"https:\/\/riseandwarm.com\/tr\/urun\/lunar-glow-pirlanta-kupe\/#breadcrumb"},"inLanguage":"tr","potentialAction":[{"@type":"ReadAction","target":["https:\/\/riseandwarm.com\/tr\/urun\/lunar-glow-pirlanta-kupe\/"]}]},{"@type":"ImageObject","inLanguage":"tr","@id":"https:\/\/riseandwarm.com\/tr\/urun\/lunar-glow-pirlanta-kupe\/#primaryimage","url":"https:\/\/riseandwarm.com\/wp-content\/uploads\/2025\/05\/MR27942-1.jpg","contentUrl":"https:\/\/riseandwarm.com\/wp-content\/uploads\/2025\/05\/MR27942-1.jpg","width":1000,"height":1500},{"@type":"BreadcrumbList","@id":"https:\/\/riseandwarm.com\/tr\/urun\/lunar-glow-pirlanta-kupe\/#breadcrumb","itemListElement":[{"@type":"ListItem","position":1,"name":"Home","item":"https:\/\/riseandwarm.com\/tr\/"},{"@type":"ListItem","position":2,"name":"Shop","item":"https:\/\/riseandwarm.com\/shop\/"},{"@type":"ListItem","position":3,"name":"Lunar Glow P\u0131rlanta K\u00fcpe"}]},{"@type":"WebSite","@id":"https:\/\/riseandwarm.com\/tr\/#website","url":"https:\/\/riseandwarm.com\/tr\/","name":"Rise | Warm","description":"Free your self","potentialAction":[{"@type":"SearchAction","target":{"@type":"EntryPoint","urlTemplate":"https:\/\/riseandwarm.com\/tr\/?s={search_term_string}"},"query-input":{"@type":"PropertyValueSpecification","valueRequired":true,"valueName":"search_term_string"}}],"inLanguage":"tr"}]}},"_links":{"self":[{"href":"https:\/\/riseandwarm.com\/tr\/wp-json\/wp\/v2\/product\/24228","targetHints":{"allow":["GET"]}}],"collection":[{"href":"https:\/\/riseandwarm.com\/tr\/wp-json\/wp\/v2\/product"}],"about":[{"href":"https:\/\/riseandwarm.com\/tr\/wp-json\/wp\/v2\/types\/product"}],"version-history":[{"count":0,"href":"https:\/\/riseandwarm.com\/tr\/wp-json\/wp\/v2\/product\/24228\/revisions"}],"wp:featuredmedia":[{"embeddable":true,"href":"https:\/\/riseandwarm.com\/tr\/wp-json\/wp\/v2\/media\/24030"}],"wp:attachment":[{"href":"https:\/\/riseandwarm.com\/tr\/wp-json\/wp\/v2\/media?parent=24228"}],"wp:term":[{"taxonomy":"product_brand","embeddable":true,"href":"https:\/\/riseandwarm.com\/tr\/wp-json\/wp\/v2\/product_brand?post=24228"},{"taxonomy":"product_cat","embeddable":true,"href":"https:\/\/riseandwarm.com\/tr\/wp-json\/wp\/v2\/product_cat?post=24228"},{"taxonomy":"product_tag","embeddable":true,"href":"https:\/\/riseandwarm.com\/tr\/wp-json\/wp\/v2\/product_tag?post=24228"}],"curies":[{"name":"wp","href":"https:\/\/api.w.org\/{rel}","templated":true}]}}