{"id":24207,"date":"2025-05-04T10:38:18","date_gmt":"2025-05-10T01:18:24","guid":{"rendered":"https:\/\/riseandwarm.com\/urun\/ember-crest-pirlanta-yuzuk\/"},"modified":"2025-05-10T01:18:24","modified_gmt":"2025-05-10T01:18:24","slug":"ember-crest-pirlanta-yuzuk","status":"publish","type":"product","link":"https:\/\/riseandwarm.com\/tr\/urun\/ember-crest-pirlanta-yuzuk\/","title":{"rendered":"Ember Crest P\u0131rlanta Y\u00fcz\u00fck"},"content":{"rendered":"<p class=\"\" data-start=\"109\" data-end=\"158\"><strong data-start=\"109\" data-end=\"158\">RW x Merim Signature Selection&#8217;\u0131n bir par\u00e7as\u0131d\u0131r.<\/strong><\/p>\n<p class=\"\" data-start=\"109\" data-end=\"158\">Cesur simetri, temel renklerle bulu\u015fuyor. <em data-start=\"213\" data-end=\"239\">Ember Crest P\u0131rlanta Y\u00fcz\u00fck<\/em>, parlak mercan ve derin malakitin y\u00fckselen bir \u0131\u015f\u0131k tepesinde bir araya geldi\u011fi g\u00fc\u00e7 ve s\u0131cakl\u0131\u011fa bir \u00f6vg\u00fcd\u00fcr. \u0130\u00e7indeki ate\u015fi \u015f\u0131kl\u0131kla ta\u015f\u0131yanlar i\u00e7in tasarland\u0131.<\/p>\n<p class=\"\" data-start=\"415\" data-end=\"526\"><strong data-start=\"415\" data-end=\"426\">Detaylar:<\/strong><\/p>\n<ul>\n<li data-start=\"415\" data-end=\"526\">14 Ayar Pembe Alt\u0131n<\/li>\n<li data-start=\"415\" data-end=\"526\">0,51 Ct F-VS-SI P\u0131rlanta<\/li>\n<li data-start=\"415\" data-end=\"526\">Do\u011fal Malakit ve Mercan Kakma.<\/li>\n<\/ul>\n","protected":false},"excerpt":{"rendered":"<p>RW x Merim Signature Selection&#8217;\u0131n bir par\u00e7as\u0131d\u0131r. Cesur simetri, temel renklerle bulu\u015fuyor. Ember Crest P\u0131rlanta Y\u00fcz\u00fck, parlak mercan ve derin<\/p>\n","protected":false},"featured_media":23970,"template":"","meta":[],"product_brand":[],"product_cat":[118],"product_tag":[],"class_list":{"0":"post-24207","1":"product","2":"type-product","3":"status-publish","4":"has-post-thumbnail","6":"product_cat-mucevher","8":"first","9":"instock","10":"shipping-taxable","11":"purchasable","12":"product-type-variable"},"yoast_head":"<!-- This site is optimized with the Yoast SEO plugin v27.5 - https:\/\/yoast.com\/product\/yoast-seo-wordpress\/ -->\n<title>Ember Crest P\u0131rlanta Y\u00fcz\u00fck - Rise &amp; Warm<\/title>\n<meta name=\"description\" content=\"Ember Crest P\u0131rlanta Y\u00fcz\u00fck ve di\u011fer t\u00fcm \u00fcr\u00fcnlerimiz i\u00e7in Rise &amp; Warm adresini hemen ziyaret edin. H\u0131zl\u0131 kargo ve g\u00fcvenli al\u0131\u015fveri\u015f!\" \/>\n<meta name=\"robots\" content=\"index, follow, max-snippet:-1, max-image-preview:large, max-video-preview:-1\" \/>\n<link rel=\"canonical\" href=\"https:\/\/riseandwarm.com\/tr\/urun\/ember-crest-pirlanta-yuzuk\/\" \/>\n<meta property=\"og:locale\" content=\"tr_TR\" \/>\n<meta property=\"og:type\" content=\"article\" \/>\n<meta property=\"og:title\" content=\"Ember Crest P\u0131rlanta Y\u00fcz\u00fck - Rise &amp; Warm\" \/>\n<meta property=\"og:description\" content=\"Ember Crest P\u0131rlanta Y\u00fcz\u00fck ve di\u011fer t\u00fcm \u00fcr\u00fcnlerimiz i\u00e7in Rise &amp; Warm adresini hemen ziyaret edin. H\u0131zl\u0131 kargo ve g\u00fcvenli al\u0131\u015fveri\u015f!\" \/>\n<meta property=\"og:url\" content=\"https:\/\/riseandwarm.com\/tr\/urun\/ember-crest-pirlanta-yuzuk\/\" \/>\n<meta property=\"og:site_name\" content=\"Rise | Warm\" \/>\n<meta property=\"og:image\" content=\"https:\/\/riseandwarm.com\/wp-content\/uploads\/2025\/05\/MR28408-1.jpg\" \/>\n\t<meta property=\"og:image:width\" content=\"1000\" \/>\n\t<meta property=\"og:image:height\" content=\"1500\" \/>\n\t<meta property=\"og:image:type\" content=\"image\/jpeg\" \/>\n<meta name=\"twitter:card\" content=\"summary_large_image\" \/>\n<script type=\"application\/ld+json\" class=\"yoast-schema-graph\">{\"@context\":\"https:\\\/\\\/schema.org\",\"@graph\":[{\"@type\":\"WebPage\",\"@id\":\"https:\\\/\\\/riseandwarm.com\\\/tr\\\/urun\\\/ember-crest-pirlanta-yuzuk\\\/\",\"url\":\"https:\\\/\\\/riseandwarm.com\\\/tr\\\/urun\\\/ember-crest-pirlanta-yuzuk\\\/\",\"name\":\"Ember Crest P\u0131rlanta Y\u00fcz\u00fck - Rise & Warm\",\"isPartOf\":{\"@id\":\"https:\\\/\\\/riseandwarm.com\\\/tr\\\/#website\"},\"primaryImageOfPage\":{\"@id\":\"https:\\\/\\\/riseandwarm.com\\\/tr\\\/urun\\\/ember-crest-pirlanta-yuzuk\\\/#primaryimage\"},\"image\":{\"@id\":\"https:\\\/\\\/riseandwarm.com\\\/tr\\\/urun\\\/ember-crest-pirlanta-yuzuk\\\/#primaryimage\"},\"thumbnailUrl\":\"https:\\\/\\\/riseandwarm.com\\\/wp-content\\\/uploads\\\/2025\\\/05\\\/MR28408-1.jpg\",\"datePublished\":\"2025-05-10T01:18:24+00:00\",\"description\":\"Ember Crest P\u0131rlanta Y\u00fcz\u00fck ve di\u011fer t\u00fcm \u00fcr\u00fcnlerimiz i\u00e7in Rise & Warm adresini hemen ziyaret edin. H\u0131zl\u0131 kargo ve g\u00fcvenli al\u0131\u015fveri\u015f!\",\"breadcrumb\":{\"@id\":\"https:\\\/\\\/riseandwarm.com\\\/tr\\\/urun\\\/ember-crest-pirlanta-yuzuk\\\/#breadcrumb\"},\"inLanguage\":\"tr\",\"potentialAction\":[{\"@type\":\"ReadAction\",\"target\":[\"https:\\\/\\\/riseandwarm.com\\\/tr\\\/urun\\\/ember-crest-pirlanta-yuzuk\\\/\"]}]},{\"@type\":\"ImageObject\",\"inLanguage\":\"tr\",\"@id\":\"https:\\\/\\\/riseandwarm.com\\\/tr\\\/urun\\\/ember-crest-pirlanta-yuzuk\\\/#primaryimage\",\"url\":\"https:\\\/\\\/riseandwarm.com\\\/wp-content\\\/uploads\\\/2025\\\/05\\\/MR28408-1.jpg\",\"contentUrl\":\"https:\\\/\\\/riseandwarm.com\\\/wp-content\\\/uploads\\\/2025\\\/05\\\/MR28408-1.jpg\",\"width\":1000,\"height\":1500},{\"@type\":\"BreadcrumbList\",\"@id\":\"https:\\\/\\\/riseandwarm.com\\\/tr\\\/urun\\\/ember-crest-pirlanta-yuzuk\\\/#breadcrumb\",\"itemListElement\":[{\"@type\":\"ListItem\",\"position\":1,\"name\":\"Home\",\"item\":\"https:\\\/\\\/riseandwarm.com\\\/tr\\\/\"},{\"@type\":\"ListItem\",\"position\":2,\"name\":\"Shop\",\"item\":\"https:\\\/\\\/riseandwarm.com\\\/shop\\\/\"},{\"@type\":\"ListItem\",\"position\":3,\"name\":\"Ember Crest P\u0131rlanta Y\u00fcz\u00fck\"}]},{\"@type\":\"WebSite\",\"@id\":\"https:\\\/\\\/riseandwarm.com\\\/tr\\\/#website\",\"url\":\"https:\\\/\\\/riseandwarm.com\\\/tr\\\/\",\"name\":\"Rise | Warm\",\"description\":\"Free your self\",\"potentialAction\":[{\"@type\":\"SearchAction\",\"target\":{\"@type\":\"EntryPoint\",\"urlTemplate\":\"https:\\\/\\\/riseandwarm.com\\\/tr\\\/?s={search_term_string}\"},\"query-input\":{\"@type\":\"PropertyValueSpecification\",\"valueRequired\":true,\"valueName\":\"search_term_string\"}}],\"inLanguage\":\"tr\"}]}<\/script>\n<!-- \/ Yoast SEO plugin. -->","yoast_head_json":{"title":"Ember Crest P\u0131rlanta Y\u00fcz\u00fck - Rise & Warm","description":"Ember Crest P\u0131rlanta Y\u00fcz\u00fck ve di\u011fer t\u00fcm \u00fcr\u00fcnlerimiz i\u00e7in Rise & Warm adresini hemen ziyaret edin. H\u0131zl\u0131 kargo ve g\u00fcvenli al\u0131\u015fveri\u015f!","robots":{"index":"index","follow":"follow","max-snippet":"max-snippet:-1","max-image-preview":"max-image-preview:large","max-video-preview":"max-video-preview:-1"},"canonical":"https:\/\/riseandwarm.com\/tr\/urun\/ember-crest-pirlanta-yuzuk\/","og_locale":"tr_TR","og_type":"article","og_title":"Ember Crest P\u0131rlanta Y\u00fcz\u00fck - Rise & Warm","og_description":"Ember Crest P\u0131rlanta Y\u00fcz\u00fck ve di\u011fer t\u00fcm \u00fcr\u00fcnlerimiz i\u00e7in Rise & Warm adresini hemen ziyaret edin. H\u0131zl\u0131 kargo ve g\u00fcvenli al\u0131\u015fveri\u015f!","og_url":"https:\/\/riseandwarm.com\/tr\/urun\/ember-crest-pirlanta-yuzuk\/","og_site_name":"Rise | Warm","og_image":[{"width":1000,"height":1500,"url":"https:\/\/riseandwarm.com\/wp-content\/uploads\/2025\/05\/MR28408-1.jpg","type":"image\/jpeg"}],"twitter_card":"summary_large_image","schema":{"@context":"https:\/\/schema.org","@graph":[{"@type":"WebPage","@id":"https:\/\/riseandwarm.com\/tr\/urun\/ember-crest-pirlanta-yuzuk\/","url":"https:\/\/riseandwarm.com\/tr\/urun\/ember-crest-pirlanta-yuzuk\/","name":"Ember Crest P\u0131rlanta Y\u00fcz\u00fck - Rise & Warm","isPartOf":{"@id":"https:\/\/riseandwarm.com\/tr\/#website"},"primaryImageOfPage":{"@id":"https:\/\/riseandwarm.com\/tr\/urun\/ember-crest-pirlanta-yuzuk\/#primaryimage"},"image":{"@id":"https:\/\/riseandwarm.com\/tr\/urun\/ember-crest-pirlanta-yuzuk\/#primaryimage"},"thumbnailUrl":"https:\/\/riseandwarm.com\/wp-content\/uploads\/2025\/05\/MR28408-1.jpg","datePublished":"2025-05-10T01:18:24+00:00","description":"Ember Crest P\u0131rlanta Y\u00fcz\u00fck ve di\u011fer t\u00fcm \u00fcr\u00fcnlerimiz i\u00e7in Rise & Warm adresini hemen ziyaret edin. H\u0131zl\u0131 kargo ve g\u00fcvenli al\u0131\u015fveri\u015f!","breadcrumb":{"@id":"https:\/\/riseandwarm.com\/tr\/urun\/ember-crest-pirlanta-yuzuk\/#breadcrumb"},"inLanguage":"tr","potentialAction":[{"@type":"ReadAction","target":["https:\/\/riseandwarm.com\/tr\/urun\/ember-crest-pirlanta-yuzuk\/"]}]},{"@type":"ImageObject","inLanguage":"tr","@id":"https:\/\/riseandwarm.com\/tr\/urun\/ember-crest-pirlanta-yuzuk\/#primaryimage","url":"https:\/\/riseandwarm.com\/wp-content\/uploads\/2025\/05\/MR28408-1.jpg","contentUrl":"https:\/\/riseandwarm.com\/wp-content\/uploads\/2025\/05\/MR28408-1.jpg","width":1000,"height":1500},{"@type":"BreadcrumbList","@id":"https:\/\/riseandwarm.com\/tr\/urun\/ember-crest-pirlanta-yuzuk\/#breadcrumb","itemListElement":[{"@type":"ListItem","position":1,"name":"Home","item":"https:\/\/riseandwarm.com\/tr\/"},{"@type":"ListItem","position":2,"name":"Shop","item":"https:\/\/riseandwarm.com\/shop\/"},{"@type":"ListItem","position":3,"name":"Ember Crest P\u0131rlanta Y\u00fcz\u00fck"}]},{"@type":"WebSite","@id":"https:\/\/riseandwarm.com\/tr\/#website","url":"https:\/\/riseandwarm.com\/tr\/","name":"Rise | Warm","description":"Free your self","potentialAction":[{"@type":"SearchAction","target":{"@type":"EntryPoint","urlTemplate":"https:\/\/riseandwarm.com\/tr\/?s={search_term_string}"},"query-input":{"@type":"PropertyValueSpecification","valueRequired":true,"valueName":"search_term_string"}}],"inLanguage":"tr"}]}},"_links":{"self":[{"href":"https:\/\/riseandwarm.com\/tr\/wp-json\/wp\/v2\/product\/24207","targetHints":{"allow":["GET"]}}],"collection":[{"href":"https:\/\/riseandwarm.com\/tr\/wp-json\/wp\/v2\/product"}],"about":[{"href":"https:\/\/riseandwarm.com\/tr\/wp-json\/wp\/v2\/types\/product"}],"version-history":[{"count":0,"href":"https:\/\/riseandwarm.com\/tr\/wp-json\/wp\/v2\/product\/24207\/revisions"}],"wp:featuredmedia":[{"embeddable":true,"href":"https:\/\/riseandwarm.com\/tr\/wp-json\/wp\/v2\/media\/23970"}],"wp:attachment":[{"href":"https:\/\/riseandwarm.com\/tr\/wp-json\/wp\/v2\/media?parent=24207"}],"wp:term":[{"taxonomy":"product_brand","embeddable":true,"href":"https:\/\/riseandwarm.com\/tr\/wp-json\/wp\/v2\/product_brand?post=24207"},{"taxonomy":"product_cat","embeddable":true,"href":"https:\/\/riseandwarm.com\/tr\/wp-json\/wp\/v2\/product_cat?post=24207"},{"taxonomy":"product_tag","embeddable":true,"href":"https:\/\/riseandwarm.com\/tr\/wp-json\/wp\/v2\/product_tag?post=24207"}],"curies":[{"name":"wp","href":"https:\/\/api.w.org\/{rel}","templated":true}]}}