{"id":24203,"date":"2025-05-04T07:23:42","date_gmt":"2025-05-10T01:18:15","guid":{"rendered":"https:\/\/riseandwarm.com\/urun\/nexus-of-light-pirlanta-kolye\/"},"modified":"2025-05-10T01:18:15","modified_gmt":"2025-05-10T01:18:15","slug":"nexus-of-light-pirlanta-kolye","status":"publish","type":"product","link":"https:\/\/riseandwarm.com\/tr\/urun\/nexus-of-light-pirlanta-kolye\/","title":{"rendered":"Nexus of Light P\u0131rlanta Kolye"},"content":{"rendered":"<p data-start=\"119\" data-end=\"239\">RW x Merim &#8211; I\u015f\u0131\u011f\u0131n Nexus&#8217;u<\/p>\n<p class=\"\" data-start=\"119\" data-end=\"239\">Merim&#8217;in ince i\u015f\u00e7ili\u011finin ustal\u0131\u011f\u0131ndan do\u011fan rafine bir par\u00e7a, Rise &amp; Warm&#8217;un zamans\u0131z esteti\u011fiyle y\u00fckseliyor.<\/p>\n<p class=\"\" data-start=\"241\" data-end=\"514\">Bu alt\u0131gen kolye ucu enerjisini g\u00f6ksel geometriden al\u0131r &#8211; elle yerle\u015ftirilmi\u015f beyaz elmaslar, orman ye\u015fili safirler ve gece mavisi spineller \u0131\u015f\u0131lt\u0131l\u0131 bir tak\u0131my\u0131ld\u0131z\u0131 olu\u015fturur.<br data-start=\"420\" data-end=\"423\">Her ta\u015f elle yerle\u015ftirilmi\u015ftir ve y\u00fcksek m\u00fccevher sanat\u0131n\u0131n ritmini ve hassasiyetini yans\u0131t\u0131r.<\/p>\n<p class=\"\" data-start=\"516\" data-end=\"570\">Merkezinize tak\u0131n &#8211; sakin, g\u00fc\u00e7l\u00fc ve zamans\u0131z.<\/p>\n<ul>\n<li data-start=\"516\" data-end=\"570\">18 Ayar Beyaz Alt\u0131n<\/li>\n<li data-start=\"516\" data-end=\"570\">2,54 Ct F-VS-SI P\u0131rlanta<\/li>\n<li data-start=\"516\" data-end=\"570\">3,31 Ct Renkli De\u011ferli Ta\u015flar<\/li>\n<\/ul>\n","protected":false},"excerpt":{"rendered":"<p>RW x Merim &#8211; I\u015f\u0131\u011f\u0131n Nexus&#8217;u Merim&#8217;in ince i\u015f\u00e7ili\u011finin ustal\u0131\u011f\u0131ndan do\u011fan rafine bir par\u00e7a, Rise &amp; Warm&#8217;un zamans\u0131z esteti\u011fiyle y\u00fckseliyor.<\/p>\n","protected":false},"featured_media":23869,"template":"","meta":[],"product_brand":[],"product_cat":[118],"product_tag":[],"class_list":{"0":"post-24203","1":"product","2":"type-product","3":"status-publish","4":"has-post-thumbnail","6":"product_cat-mucevher","8":"first","9":"instock","10":"shipping-taxable","11":"purchasable","12":"product-type-simple"},"yoast_head":"<!-- This site is optimized with the Yoast SEO plugin v27.5 - https:\/\/yoast.com\/product\/yoast-seo-wordpress\/ -->\n<title>Nexus of Light P\u0131rlanta Kolye - Rise &amp; Warm<\/title>\n<meta name=\"description\" content=\"Nexus of Light P\u0131rlanta Kolye ve di\u011fer t\u00fcm \u00fcr\u00fcnlerimiz i\u00e7in Rise &amp; Warm adresini hemen ziyaret edin. H\u0131zl\u0131 kargo ve g\u00fcvenli al\u0131\u015fveri\u015f!\" \/>\n<meta name=\"robots\" content=\"index, follow, max-snippet:-1, max-image-preview:large, max-video-preview:-1\" \/>\n<link rel=\"canonical\" href=\"https:\/\/riseandwarm.com\/tr\/urun\/nexus-of-light-pirlanta-kolye\/\" \/>\n<meta property=\"og:locale\" content=\"tr_TR\" \/>\n<meta property=\"og:type\" content=\"article\" \/>\n<meta property=\"og:title\" content=\"Nexus of Light P\u0131rlanta Kolye - Rise &amp; Warm\" \/>\n<meta property=\"og:description\" content=\"Nexus of Light P\u0131rlanta Kolye ve di\u011fer t\u00fcm \u00fcr\u00fcnlerimiz i\u00e7in Rise &amp; Warm adresini hemen ziyaret edin. H\u0131zl\u0131 kargo ve g\u00fcvenli al\u0131\u015fveri\u015f!\" \/>\n<meta property=\"og:url\" content=\"https:\/\/riseandwarm.com\/tr\/urun\/nexus-of-light-pirlanta-kolye\/\" \/>\n<meta property=\"og:site_name\" content=\"Rise | Warm\" \/>\n<meta property=\"og:image\" content=\"https:\/\/riseandwarm.com\/wp-content\/uploads\/2025\/05\/MR29462-1-1.jpg\" \/>\n\t<meta property=\"og:image:width\" content=\"1000\" \/>\n\t<meta property=\"og:image:height\" content=\"1500\" \/>\n\t<meta property=\"og:image:type\" content=\"image\/jpeg\" \/>\n<meta name=\"twitter:card\" content=\"summary_large_image\" \/>\n<meta name=\"twitter:label1\" content=\"Tahmini okuma s\u00fcresi\" \/>\n\t<meta name=\"twitter:data1\" content=\"1 dakika\" \/>\n<script type=\"application\/ld+json\" class=\"yoast-schema-graph\">{\"@context\":\"https:\\\/\\\/schema.org\",\"@graph\":[{\"@type\":\"WebPage\",\"@id\":\"https:\\\/\\\/riseandwarm.com\\\/tr\\\/urun\\\/nexus-of-light-pirlanta-kolye\\\/\",\"url\":\"https:\\\/\\\/riseandwarm.com\\\/tr\\\/urun\\\/nexus-of-light-pirlanta-kolye\\\/\",\"name\":\"Nexus of Light P\u0131rlanta Kolye - Rise & Warm\",\"isPartOf\":{\"@id\":\"https:\\\/\\\/riseandwarm.com\\\/tr\\\/#website\"},\"primaryImageOfPage\":{\"@id\":\"https:\\\/\\\/riseandwarm.com\\\/tr\\\/urun\\\/nexus-of-light-pirlanta-kolye\\\/#primaryimage\"},\"image\":{\"@id\":\"https:\\\/\\\/riseandwarm.com\\\/tr\\\/urun\\\/nexus-of-light-pirlanta-kolye\\\/#primaryimage\"},\"thumbnailUrl\":\"https:\\\/\\\/riseandwarm.com\\\/wp-content\\\/uploads\\\/2025\\\/05\\\/MR29462-1-1.jpg\",\"datePublished\":\"2025-05-10T01:18:15+00:00\",\"description\":\"Nexus of Light P\u0131rlanta Kolye ve di\u011fer t\u00fcm \u00fcr\u00fcnlerimiz i\u00e7in Rise & Warm adresini hemen ziyaret edin. H\u0131zl\u0131 kargo ve g\u00fcvenli al\u0131\u015fveri\u015f!\",\"breadcrumb\":{\"@id\":\"https:\\\/\\\/riseandwarm.com\\\/tr\\\/urun\\\/nexus-of-light-pirlanta-kolye\\\/#breadcrumb\"},\"inLanguage\":\"tr\",\"potentialAction\":[{\"@type\":\"ReadAction\",\"target\":[\"https:\\\/\\\/riseandwarm.com\\\/tr\\\/urun\\\/nexus-of-light-pirlanta-kolye\\\/\"]}]},{\"@type\":\"ImageObject\",\"inLanguage\":\"tr\",\"@id\":\"https:\\\/\\\/riseandwarm.com\\\/tr\\\/urun\\\/nexus-of-light-pirlanta-kolye\\\/#primaryimage\",\"url\":\"https:\\\/\\\/riseandwarm.com\\\/wp-content\\\/uploads\\\/2025\\\/05\\\/MR29462-1-1.jpg\",\"contentUrl\":\"https:\\\/\\\/riseandwarm.com\\\/wp-content\\\/uploads\\\/2025\\\/05\\\/MR29462-1-1.jpg\",\"width\":1000,\"height\":1500},{\"@type\":\"BreadcrumbList\",\"@id\":\"https:\\\/\\\/riseandwarm.com\\\/tr\\\/urun\\\/nexus-of-light-pirlanta-kolye\\\/#breadcrumb\",\"itemListElement\":[{\"@type\":\"ListItem\",\"position\":1,\"name\":\"Home\",\"item\":\"https:\\\/\\\/riseandwarm.com\\\/tr\\\/\"},{\"@type\":\"ListItem\",\"position\":2,\"name\":\"Shop\",\"item\":\"https:\\\/\\\/riseandwarm.com\\\/shop\\\/\"},{\"@type\":\"ListItem\",\"position\":3,\"name\":\"Nexus of Light P\u0131rlanta Kolye\"}]},{\"@type\":\"WebSite\",\"@id\":\"https:\\\/\\\/riseandwarm.com\\\/tr\\\/#website\",\"url\":\"https:\\\/\\\/riseandwarm.com\\\/tr\\\/\",\"name\":\"Rise | Warm\",\"description\":\"Free your self\",\"potentialAction\":[{\"@type\":\"SearchAction\",\"target\":{\"@type\":\"EntryPoint\",\"urlTemplate\":\"https:\\\/\\\/riseandwarm.com\\\/tr\\\/?s={search_term_string}\"},\"query-input\":{\"@type\":\"PropertyValueSpecification\",\"valueRequired\":true,\"valueName\":\"search_term_string\"}}],\"inLanguage\":\"tr\"}]}<\/script>\n<!-- \/ Yoast SEO plugin. -->","yoast_head_json":{"title":"Nexus of Light P\u0131rlanta Kolye - Rise & Warm","description":"Nexus of Light P\u0131rlanta Kolye ve di\u011fer t\u00fcm \u00fcr\u00fcnlerimiz i\u00e7in Rise & Warm adresini hemen ziyaret edin. H\u0131zl\u0131 kargo ve g\u00fcvenli al\u0131\u015fveri\u015f!","robots":{"index":"index","follow":"follow","max-snippet":"max-snippet:-1","max-image-preview":"max-image-preview:large","max-video-preview":"max-video-preview:-1"},"canonical":"https:\/\/riseandwarm.com\/tr\/urun\/nexus-of-light-pirlanta-kolye\/","og_locale":"tr_TR","og_type":"article","og_title":"Nexus of Light P\u0131rlanta Kolye - Rise & Warm","og_description":"Nexus of Light P\u0131rlanta Kolye ve di\u011fer t\u00fcm \u00fcr\u00fcnlerimiz i\u00e7in Rise & Warm adresini hemen ziyaret edin. H\u0131zl\u0131 kargo ve g\u00fcvenli al\u0131\u015fveri\u015f!","og_url":"https:\/\/riseandwarm.com\/tr\/urun\/nexus-of-light-pirlanta-kolye\/","og_site_name":"Rise | Warm","og_image":[{"width":1000,"height":1500,"url":"https:\/\/riseandwarm.com\/wp-content\/uploads\/2025\/05\/MR29462-1-1.jpg","type":"image\/jpeg"}],"twitter_card":"summary_large_image","twitter_misc":{"Tahmini okuma s\u00fcresi":"1 dakika"},"schema":{"@context":"https:\/\/schema.org","@graph":[{"@type":"WebPage","@id":"https:\/\/riseandwarm.com\/tr\/urun\/nexus-of-light-pirlanta-kolye\/","url":"https:\/\/riseandwarm.com\/tr\/urun\/nexus-of-light-pirlanta-kolye\/","name":"Nexus of Light P\u0131rlanta Kolye - Rise & Warm","isPartOf":{"@id":"https:\/\/riseandwarm.com\/tr\/#website"},"primaryImageOfPage":{"@id":"https:\/\/riseandwarm.com\/tr\/urun\/nexus-of-light-pirlanta-kolye\/#primaryimage"},"image":{"@id":"https:\/\/riseandwarm.com\/tr\/urun\/nexus-of-light-pirlanta-kolye\/#primaryimage"},"thumbnailUrl":"https:\/\/riseandwarm.com\/wp-content\/uploads\/2025\/05\/MR29462-1-1.jpg","datePublished":"2025-05-10T01:18:15+00:00","description":"Nexus of Light P\u0131rlanta Kolye ve di\u011fer t\u00fcm \u00fcr\u00fcnlerimiz i\u00e7in Rise & Warm adresini hemen ziyaret edin. H\u0131zl\u0131 kargo ve g\u00fcvenli al\u0131\u015fveri\u015f!","breadcrumb":{"@id":"https:\/\/riseandwarm.com\/tr\/urun\/nexus-of-light-pirlanta-kolye\/#breadcrumb"},"inLanguage":"tr","potentialAction":[{"@type":"ReadAction","target":["https:\/\/riseandwarm.com\/tr\/urun\/nexus-of-light-pirlanta-kolye\/"]}]},{"@type":"ImageObject","inLanguage":"tr","@id":"https:\/\/riseandwarm.com\/tr\/urun\/nexus-of-light-pirlanta-kolye\/#primaryimage","url":"https:\/\/riseandwarm.com\/wp-content\/uploads\/2025\/05\/MR29462-1-1.jpg","contentUrl":"https:\/\/riseandwarm.com\/wp-content\/uploads\/2025\/05\/MR29462-1-1.jpg","width":1000,"height":1500},{"@type":"BreadcrumbList","@id":"https:\/\/riseandwarm.com\/tr\/urun\/nexus-of-light-pirlanta-kolye\/#breadcrumb","itemListElement":[{"@type":"ListItem","position":1,"name":"Home","item":"https:\/\/riseandwarm.com\/tr\/"},{"@type":"ListItem","position":2,"name":"Shop","item":"https:\/\/riseandwarm.com\/shop\/"},{"@type":"ListItem","position":3,"name":"Nexus of Light P\u0131rlanta Kolye"}]},{"@type":"WebSite","@id":"https:\/\/riseandwarm.com\/tr\/#website","url":"https:\/\/riseandwarm.com\/tr\/","name":"Rise | Warm","description":"Free your self","potentialAction":[{"@type":"SearchAction","target":{"@type":"EntryPoint","urlTemplate":"https:\/\/riseandwarm.com\/tr\/?s={search_term_string}"},"query-input":{"@type":"PropertyValueSpecification","valueRequired":true,"valueName":"search_term_string"}}],"inLanguage":"tr"}]}},"_links":{"self":[{"href":"https:\/\/riseandwarm.com\/tr\/wp-json\/wp\/v2\/product\/24203","targetHints":{"allow":["GET"]}}],"collection":[{"href":"https:\/\/riseandwarm.com\/tr\/wp-json\/wp\/v2\/product"}],"about":[{"href":"https:\/\/riseandwarm.com\/tr\/wp-json\/wp\/v2\/types\/product"}],"version-history":[{"count":0,"href":"https:\/\/riseandwarm.com\/tr\/wp-json\/wp\/v2\/product\/24203\/revisions"}],"wp:featuredmedia":[{"embeddable":true,"href":"https:\/\/riseandwarm.com\/tr\/wp-json\/wp\/v2\/media\/23869"}],"wp:attachment":[{"href":"https:\/\/riseandwarm.com\/tr\/wp-json\/wp\/v2\/media?parent=24203"}],"wp:term":[{"taxonomy":"product_brand","embeddable":true,"href":"https:\/\/riseandwarm.com\/tr\/wp-json\/wp\/v2\/product_brand?post=24203"},{"taxonomy":"product_cat","embeddable":true,"href":"https:\/\/riseandwarm.com\/tr\/wp-json\/wp\/v2\/product_cat?post=24203"},{"taxonomy":"product_tag","embeddable":true,"href":"https:\/\/riseandwarm.com\/tr\/wp-json\/wp\/v2\/product_tag?post=24203"}],"curies":[{"name":"wp","href":"https:\/\/api.w.org\/{rel}","templated":true}]}}