{"id":23578,"date":"2024-11-25T20:13:55","date_gmt":"2024-11-25T20:13:55","guid":{"rendered":"https:\/\/riseandwarm.com\/?post_type=product&#038;p=23578"},"modified":"2025-06-02T19:32:51","modified_gmt":"2025-06-02T19:32:51","slug":"moonlit-bride-dress","status":"publish","type":"product","link":"https:\/\/riseandwarm.com\/tr\/urun\/moonlit-bride-dress\/","title":{"rendered":"Moonlit Bride Dress"},"content":{"rendered":"<p><em>Celebrate your special day with the Moonlit Bride Dress. Crafted from premium bridal fabric, this elegant design features delicate spaghetti straps, a flowing silhouette, and discreet pockets for added functionality. Combining timeless simplicity with modern practicality, the Moonlit Bride Dress is perfect for brides who embrace effortless elegance.<\/em><\/p>\n<ul>\n<li><em>Fabric: High-quality bridal fabric<\/em><\/li>\n<li><em>Details: Spaghetti straps, V-neckline, flowing fit, discreet pockets<\/em><\/li>\n<li><em>Care Instructions: Dry clean only<\/em><\/li>\n<\/ul>\n<p><em>Style Tip: Pair it with a minimalist veil and pearl accessories for a graceful bridal look.<\/em><\/p>\n<p><em>Note: The design is available in sizes XS to L and offers a flattering fit for various body types.<\/em><\/p>\n<p>&nbsp;<\/p>\n<p><em>\u00d6zel g\u00fcn\u00fcn\u00fczde zarafeti kutlay\u0131n: Moonlit Bride Elbise. Premium gelinlik kuma\u015f\u0131ndan \u00fcretilen bu \u015f\u0131k tasar\u0131m, ince ask\u0131lar\u0131, ak\u0131c\u0131 sil\u00fceti ve gizli cepleriyle hem zamans\u0131z bir sadelik hem de modern bir kullan\u0131m sunuyor. Zahmetsiz bir \u015f\u0131kl\u0131\u011f\u0131 benimseyen gelinler i\u00e7in ideal bir se\u00e7im.<\/em><\/p>\n<ul>\n<li><em>Kuma\u015f: Y\u00fcksek kaliteli gelinlik kuma\u015f\u0131<\/em><\/li>\n<li><em>Detaylar: \u0130nce ask\u0131lar, V yaka, ak\u0131c\u0131 kesim, gizli cepler<\/em><\/li>\n<li><em>Bak\u0131m Talimatlar\u0131: Sadece kuru temizleme<\/em><\/li>\n<\/ul>\n<p><em>Stil \u00d6nerisi: Minimal bir duvak ve inci aksesuarlarla zarif bir gelin g\u00f6r\u00fcn\u00fcm\u00fc elde edin.<\/em><\/p>\n<p><em>Not:Tasar\u0131m XS\u2019den L bedene kadar mevcuttur ve farkl\u0131 v\u00fccut tipleri i\u00e7in \u015f\u0131k bir uyum sunar.<\/em><\/p>\n","protected":false},"excerpt":{"rendered":"<p>Celebrate your special day with the Moonlit Bride Dress. Crafted from premium bridal fabric, this elegant design features delicate spaghetti<\/p>\n","protected":false},"featured_media":23550,"template":"","meta":[],"product_brand":[],"product_cat":[106,383],"product_tag":[],"class_list":{"0":"post-23578","1":"product","2":"type-product","3":"status-publish","4":"has-post-thumbnail","6":"product_cat-elbise-modelleri","7":"product_cat-gece-elbiseleri","9":"first","10":"instock","11":"shipping-taxable","12":"purchasable","13":"product-type-simple"},"yoast_head":"<!-- This site is optimized with the Yoast SEO plugin v27.5 - https:\/\/yoast.com\/product\/yoast-seo-wordpress\/ -->\n<title>Moonlit Bride Dress - Rise &amp; Warm<\/title>\n<meta name=\"description\" content=\"Moonlit Bride Dress ve di\u011fer t\u00fcm \u00fcr\u00fcnlerimiz i\u00e7in Rise &amp; Warm adresini hemen ziyaret edin. H\u0131zl\u0131 kargo ve g\u00fcvenli al\u0131\u015fveri\u015f!\" \/>\n<meta name=\"robots\" content=\"index, follow, max-snippet:-1, max-image-preview:large, max-video-preview:-1\" \/>\n<link rel=\"canonical\" href=\"https:\/\/riseandwarm.com\/tr\/urun\/moonlit-bride-dress\/\" \/>\n<meta property=\"og:locale\" content=\"tr_TR\" \/>\n<meta property=\"og:type\" content=\"article\" \/>\n<meta property=\"og:title\" content=\"Moonlit Bride Dress - Rise &amp; Warm\" \/>\n<meta property=\"og:description\" content=\"Moonlit Bride Dress ve di\u011fer t\u00fcm \u00fcr\u00fcnlerimiz i\u00e7in Rise &amp; Warm adresini hemen ziyaret edin. H\u0131zl\u0131 kargo ve g\u00fcvenli al\u0131\u015fveri\u015f!\" \/>\n<meta property=\"og:url\" content=\"https:\/\/riseandwarm.com\/tr\/urun\/moonlit-bride-dress\/\" \/>\n<meta property=\"og:site_name\" content=\"Rise | Warm\" \/>\n<meta property=\"article:modified_time\" content=\"2025-06-02T19:32:51+00:00\" \/>\n<meta property=\"og:image\" content=\"https:\/\/riseandwarm.com\/wp-content\/uploads\/2024\/11\/23.jpg\" \/>\n\t<meta property=\"og:image:width\" content=\"1000\" \/>\n\t<meta property=\"og:image:height\" content=\"1500\" \/>\n\t<meta property=\"og:image:type\" content=\"image\/jpeg\" \/>\n<meta name=\"twitter:card\" content=\"summary_large_image\" \/>\n<meta name=\"twitter:label1\" content=\"Tahmini okuma s\u00fcresi\" \/>\n\t<meta name=\"twitter:data1\" content=\"2 dakika\" \/>\n<script type=\"application\/ld+json\" class=\"yoast-schema-graph\">{\"@context\":\"https:\\\/\\\/schema.org\",\"@graph\":[{\"@type\":\"WebPage\",\"@id\":\"https:\\\/\\\/riseandwarm.com\\\/tr\\\/urun\\\/moonlit-bride-dress\\\/\",\"url\":\"https:\\\/\\\/riseandwarm.com\\\/tr\\\/urun\\\/moonlit-bride-dress\\\/\",\"name\":\"Moonlit Bride Dress - Rise & Warm\",\"isPartOf\":{\"@id\":\"https:\\\/\\\/riseandwarm.com\\\/tr\\\/#website\"},\"primaryImageOfPage\":{\"@id\":\"https:\\\/\\\/riseandwarm.com\\\/tr\\\/urun\\\/moonlit-bride-dress\\\/#primaryimage\"},\"image\":{\"@id\":\"https:\\\/\\\/riseandwarm.com\\\/tr\\\/urun\\\/moonlit-bride-dress\\\/#primaryimage\"},\"thumbnailUrl\":\"https:\\\/\\\/riseandwarm.com\\\/wp-content\\\/uploads\\\/2024\\\/11\\\/23.jpg\",\"datePublished\":\"2024-11-25T20:13:55+00:00\",\"dateModified\":\"2025-06-02T19:32:51+00:00\",\"description\":\"Moonlit Bride Dress ve di\u011fer t\u00fcm \u00fcr\u00fcnlerimiz i\u00e7in Rise & Warm adresini hemen ziyaret edin. H\u0131zl\u0131 kargo ve g\u00fcvenli al\u0131\u015fveri\u015f!\",\"breadcrumb\":{\"@id\":\"https:\\\/\\\/riseandwarm.com\\\/tr\\\/urun\\\/moonlit-bride-dress\\\/#breadcrumb\"},\"inLanguage\":\"tr\",\"potentialAction\":[{\"@type\":\"ReadAction\",\"target\":[\"https:\\\/\\\/riseandwarm.com\\\/tr\\\/urun\\\/moonlit-bride-dress\\\/\"]}]},{\"@type\":\"ImageObject\",\"inLanguage\":\"tr\",\"@id\":\"https:\\\/\\\/riseandwarm.com\\\/tr\\\/urun\\\/moonlit-bride-dress\\\/#primaryimage\",\"url\":\"https:\\\/\\\/riseandwarm.com\\\/wp-content\\\/uploads\\\/2024\\\/11\\\/23.jpg\",\"contentUrl\":\"https:\\\/\\\/riseandwarm.com\\\/wp-content\\\/uploads\\\/2024\\\/11\\\/23.jpg\",\"width\":1000,\"height\":1500},{\"@type\":\"BreadcrumbList\",\"@id\":\"https:\\\/\\\/riseandwarm.com\\\/tr\\\/urun\\\/moonlit-bride-dress\\\/#breadcrumb\",\"itemListElement\":[{\"@type\":\"ListItem\",\"position\":1,\"name\":\"Home\",\"item\":\"https:\\\/\\\/riseandwarm.com\\\/tr\\\/\"},{\"@type\":\"ListItem\",\"position\":2,\"name\":\"Shop\",\"item\":\"https:\\\/\\\/riseandwarm.com\\\/shop\\\/\"},{\"@type\":\"ListItem\",\"position\":3,\"name\":\"Moonlit Bride Dress\"}]},{\"@type\":\"WebSite\",\"@id\":\"https:\\\/\\\/riseandwarm.com\\\/tr\\\/#website\",\"url\":\"https:\\\/\\\/riseandwarm.com\\\/tr\\\/\",\"name\":\"Rise | Warm\",\"description\":\"Free your self\",\"potentialAction\":[{\"@type\":\"SearchAction\",\"target\":{\"@type\":\"EntryPoint\",\"urlTemplate\":\"https:\\\/\\\/riseandwarm.com\\\/tr\\\/?s={search_term_string}\"},\"query-input\":{\"@type\":\"PropertyValueSpecification\",\"valueRequired\":true,\"valueName\":\"search_term_string\"}}],\"inLanguage\":\"tr\"}]}<\/script>\n<!-- \/ Yoast SEO plugin. -->","yoast_head_json":{"title":"Moonlit Bride Dress - Rise & Warm","description":"Moonlit Bride Dress ve di\u011fer t\u00fcm \u00fcr\u00fcnlerimiz i\u00e7in Rise & Warm adresini hemen ziyaret edin. H\u0131zl\u0131 kargo ve g\u00fcvenli al\u0131\u015fveri\u015f!","robots":{"index":"index","follow":"follow","max-snippet":"max-snippet:-1","max-image-preview":"max-image-preview:large","max-video-preview":"max-video-preview:-1"},"canonical":"https:\/\/riseandwarm.com\/tr\/urun\/moonlit-bride-dress\/","og_locale":"tr_TR","og_type":"article","og_title":"Moonlit Bride Dress - Rise & Warm","og_description":"Moonlit Bride Dress ve di\u011fer t\u00fcm \u00fcr\u00fcnlerimiz i\u00e7in Rise & Warm adresini hemen ziyaret edin. H\u0131zl\u0131 kargo ve g\u00fcvenli al\u0131\u015fveri\u015f!","og_url":"https:\/\/riseandwarm.com\/tr\/urun\/moonlit-bride-dress\/","og_site_name":"Rise | Warm","article_modified_time":"2025-06-02T19:32:51+00:00","og_image":[{"width":1000,"height":1500,"url":"https:\/\/riseandwarm.com\/wp-content\/uploads\/2024\/11\/23.jpg","type":"image\/jpeg"}],"twitter_card":"summary_large_image","twitter_misc":{"Tahmini okuma s\u00fcresi":"2 dakika"},"schema":{"@context":"https:\/\/schema.org","@graph":[{"@type":"WebPage","@id":"https:\/\/riseandwarm.com\/tr\/urun\/moonlit-bride-dress\/","url":"https:\/\/riseandwarm.com\/tr\/urun\/moonlit-bride-dress\/","name":"Moonlit Bride Dress - Rise & Warm","isPartOf":{"@id":"https:\/\/riseandwarm.com\/tr\/#website"},"primaryImageOfPage":{"@id":"https:\/\/riseandwarm.com\/tr\/urun\/moonlit-bride-dress\/#primaryimage"},"image":{"@id":"https:\/\/riseandwarm.com\/tr\/urun\/moonlit-bride-dress\/#primaryimage"},"thumbnailUrl":"https:\/\/riseandwarm.com\/wp-content\/uploads\/2024\/11\/23.jpg","datePublished":"2024-11-25T20:13:55+00:00","dateModified":"2025-06-02T19:32:51+00:00","description":"Moonlit Bride Dress ve di\u011fer t\u00fcm \u00fcr\u00fcnlerimiz i\u00e7in Rise & Warm adresini hemen ziyaret edin. H\u0131zl\u0131 kargo ve g\u00fcvenli al\u0131\u015fveri\u015f!","breadcrumb":{"@id":"https:\/\/riseandwarm.com\/tr\/urun\/moonlit-bride-dress\/#breadcrumb"},"inLanguage":"tr","potentialAction":[{"@type":"ReadAction","target":["https:\/\/riseandwarm.com\/tr\/urun\/moonlit-bride-dress\/"]}]},{"@type":"ImageObject","inLanguage":"tr","@id":"https:\/\/riseandwarm.com\/tr\/urun\/moonlit-bride-dress\/#primaryimage","url":"https:\/\/riseandwarm.com\/wp-content\/uploads\/2024\/11\/23.jpg","contentUrl":"https:\/\/riseandwarm.com\/wp-content\/uploads\/2024\/11\/23.jpg","width":1000,"height":1500},{"@type":"BreadcrumbList","@id":"https:\/\/riseandwarm.com\/tr\/urun\/moonlit-bride-dress\/#breadcrumb","itemListElement":[{"@type":"ListItem","position":1,"name":"Home","item":"https:\/\/riseandwarm.com\/tr\/"},{"@type":"ListItem","position":2,"name":"Shop","item":"https:\/\/riseandwarm.com\/shop\/"},{"@type":"ListItem","position":3,"name":"Moonlit Bride Dress"}]},{"@type":"WebSite","@id":"https:\/\/riseandwarm.com\/tr\/#website","url":"https:\/\/riseandwarm.com\/tr\/","name":"Rise | Warm","description":"Free your self","potentialAction":[{"@type":"SearchAction","target":{"@type":"EntryPoint","urlTemplate":"https:\/\/riseandwarm.com\/tr\/?s={search_term_string}"},"query-input":{"@type":"PropertyValueSpecification","valueRequired":true,"valueName":"search_term_string"}}],"inLanguage":"tr"}]}},"_links":{"self":[{"href":"https:\/\/riseandwarm.com\/tr\/wp-json\/wp\/v2\/product\/23578","targetHints":{"allow":["GET"]}}],"collection":[{"href":"https:\/\/riseandwarm.com\/tr\/wp-json\/wp\/v2\/product"}],"about":[{"href":"https:\/\/riseandwarm.com\/tr\/wp-json\/wp\/v2\/types\/product"}],"version-history":[{"count":1,"href":"https:\/\/riseandwarm.com\/tr\/wp-json\/wp\/v2\/product\/23578\/revisions"}],"predecessor-version":[{"id":23579,"href":"https:\/\/riseandwarm.com\/tr\/wp-json\/wp\/v2\/product\/23578\/revisions\/23579"}],"wp:featuredmedia":[{"embeddable":true,"href":"https:\/\/riseandwarm.com\/tr\/wp-json\/wp\/v2\/media\/23550"}],"wp:attachment":[{"href":"https:\/\/riseandwarm.com\/tr\/wp-json\/wp\/v2\/media?parent=23578"}],"wp:term":[{"taxonomy":"product_brand","embeddable":true,"href":"https:\/\/riseandwarm.com\/tr\/wp-json\/wp\/v2\/product_brand?post=23578"},{"taxonomy":"product_cat","embeddable":true,"href":"https:\/\/riseandwarm.com\/tr\/wp-json\/wp\/v2\/product_cat?post=23578"},{"taxonomy":"product_tag","embeddable":true,"href":"https:\/\/riseandwarm.com\/tr\/wp-json\/wp\/v2\/product_tag?post=23578"}],"curies":[{"name":"wp","href":"https:\/\/api.w.org\/{rel}","templated":true}]}}