{"id":23219,"date":"2024-05-26T05:40:39","date_gmt":"2024-05-26T05:40:39","guid":{"rendered":"https:\/\/riseandwarm.com\/?post_type=product&#038;p=23219"},"modified":"2024-06-22T20:00:21","modified_gmt":"2024-06-22T20:00:21","slug":"essential-hediye-karti","status":"publish","type":"product","link":"https:\/\/riseandwarm.com\/tr\/urun\/essential-hediye-karti\/","title":{"rendered":"Essential Hediye Kart\u0131"},"content":{"rendered":"<p><strong>Stilin \u00d6tesinde Bir Arma\u011fan: Rise &amp; Warm Hediye Kartlar\u0131<\/strong><\/p>\n<p>Modan\u0131n zarafetle bulu\u015ftu\u011fu noktada, bir Rise &amp; Warm hediye kart\u0131yla sevdiklerinize sonsuz se\u00e7eneklerin kap\u0131s\u0131n\u0131 aralay\u0131n. Her bir kart, onlara sadece bir giysi de\u011fil, bir tarz, bir ifade \u00f6zg\u00fcrl\u00fc\u011f\u00fc sunar. Ki\u015fisel zevklerine g\u00f6re se\u00e7im yapma l\u00fcks\u00fc, onlar\u0131 kendi hikayelerini yaratmaya davet eder. Benzersiz bir al\u0131\u015fveri\u015f deneyimi i\u00e7in Rise &amp; Warm hediye kartlar\u0131; bug\u00fcn, yar\u0131n ve her zaman i\u00e7in \u00f6zel anlar yaratman\u0131n en \u015f\u0131k yoludur.<\/p>\n<p><strong>Kullan\u0131m Ko\u015fullar\u0131:<\/strong><\/p>\n<p>\u2022\u2060 \u2060Hediye kartlar\u0131m\u0131z, sat\u0131n alma tarihinden itibaren 1 y\u0131l s\u00fcreyle ge\u00e7erlidir.<br \/>\n\u2022\u2060 \u2060Kartlar, online ma\u011fazam\u0131zda yer alan t\u00fcm \u00fcr\u00fcnler i\u00e7in kullan\u0131labilir.<br \/>\n\u2022\u2060 \u2060Birden fazla al\u0131\u015fveri\u015fte kullan\u0131labilir; bakiye t\u00fckenene kadar de\u011ferlendirilebilir.<br \/>\n\u2022\u2060 \u2060Hediye kart\u0131 bakiyeleri nakit olarak geri al\u0131namaz ve iade edilemez.<br \/>\n\u2022\u2060 \u2060Hediye kart\u0131, ba\u015fka promosyon veya indirimlerle birle\u015ftirilebilir.<br \/>\n\u2022\u2060 \u2060Hediye kart\u0131n\u0131n kaybolmas\u0131 veya \u00e7al\u0131nmas\u0131 durumunda, yenisi i\u00e7in kay\u0131t tarihindeki ge\u00e7erli kimlik bilgilerinin sa\u011flanmas\u0131 gerekmektedir.<\/p>\n","protected":false},"excerpt":{"rendered":"<p>Stilin \u00d6tesinde Bir Arma\u011fan: Rise &amp; Warm Hediye Kartlar\u0131 Modan\u0131n zarafetle bulu\u015ftu\u011fu noktada, bir Rise &amp; Warm hediye kart\u0131yla sevdiklerinize<\/p>\n","protected":false},"featured_media":23208,"template":"","meta":[],"product_brand":[],"product_cat":[379],"product_tag":[],"class_list":{"0":"post-23219","1":"product","2":"type-product","3":"status-publish","4":"has-post-thumbnail","6":"product_cat-hediye-kartlari","8":"first","9":"instock","10":"virtual","11":"purchasable","12":"product-type-simple"},"yoast_head":"<!-- This site is optimized with the Yoast SEO plugin v27.4 - https:\/\/yoast.com\/product\/yoast-seo-wordpress\/ -->\n<title>Essential Hediye Kart\u0131 - Rise &amp; Warm<\/title>\n<meta name=\"description\" content=\"Essential Hediye Kart\u0131 ve di\u011fer t\u00fcm \u00fcr\u00fcnlerimiz i\u00e7in Rise &amp; Warm adresini hemen ziyaret edin. H\u0131zl\u0131 kargo ve g\u00fcvenli al\u0131\u015fveri\u015f!\" \/>\n<meta name=\"robots\" content=\"index, follow, max-snippet:-1, max-image-preview:large, max-video-preview:-1\" \/>\n<link rel=\"canonical\" href=\"https:\/\/riseandwarm.com\/tr\/urun\/essential-hediye-karti\/\" \/>\n<meta property=\"og:locale\" content=\"tr_TR\" \/>\n<meta property=\"og:type\" content=\"article\" \/>\n<meta property=\"og:title\" content=\"Essential Hediye Kart\u0131 - Rise &amp; Warm\" \/>\n<meta property=\"og:description\" content=\"Essential Hediye Kart\u0131 ve di\u011fer t\u00fcm \u00fcr\u00fcnlerimiz i\u00e7in Rise &amp; Warm adresini hemen ziyaret edin. H\u0131zl\u0131 kargo ve g\u00fcvenli al\u0131\u015fveri\u015f!\" \/>\n<meta property=\"og:url\" content=\"https:\/\/riseandwarm.com\/tr\/urun\/essential-hediye-karti\/\" \/>\n<meta property=\"og:site_name\" content=\"Rise | Warm\" \/>\n<meta property=\"article:modified_time\" content=\"2024-06-22T20:00:21+00:00\" \/>\n<meta property=\"og:image\" content=\"https:\/\/riseandwarm.com\/wp-content\/uploads\/2024\/05\/Essential-Card-.jpg\" \/>\n\t<meta property=\"og:image:width\" content=\"1000\" \/>\n\t<meta property=\"og:image:height\" content=\"1500\" \/>\n\t<meta property=\"og:image:type\" content=\"image\/jpeg\" \/>\n<meta name=\"twitter:card\" content=\"summary_large_image\" \/>\n<meta name=\"twitter:label1\" content=\"Tahmini okuma s\u00fcresi\" \/>\n\t<meta name=\"twitter:data1\" content=\"2 dakika\" \/>\n<script type=\"application\/ld+json\" class=\"yoast-schema-graph\">{\"@context\":\"https:\\\/\\\/schema.org\",\"@graph\":[{\"@type\":\"WebPage\",\"@id\":\"https:\\\/\\\/riseandwarm.com\\\/tr\\\/urun\\\/essential-hediye-karti\\\/\",\"url\":\"https:\\\/\\\/riseandwarm.com\\\/tr\\\/urun\\\/essential-hediye-karti\\\/\",\"name\":\"Essential Hediye Kart\u0131 - Rise & Warm\",\"isPartOf\":{\"@id\":\"https:\\\/\\\/riseandwarm.com\\\/tr\\\/#website\"},\"primaryImageOfPage\":{\"@id\":\"https:\\\/\\\/riseandwarm.com\\\/tr\\\/urun\\\/essential-hediye-karti\\\/#primaryimage\"},\"image\":{\"@id\":\"https:\\\/\\\/riseandwarm.com\\\/tr\\\/urun\\\/essential-hediye-karti\\\/#primaryimage\"},\"thumbnailUrl\":\"https:\\\/\\\/riseandwarm.com\\\/wp-content\\\/uploads\\\/2024\\\/05\\\/Essential-Card-.jpg\",\"datePublished\":\"2024-05-26T05:40:39+00:00\",\"dateModified\":\"2024-06-22T20:00:21+00:00\",\"description\":\"Essential Hediye Kart\u0131 ve di\u011fer t\u00fcm \u00fcr\u00fcnlerimiz i\u00e7in Rise & Warm adresini hemen ziyaret edin. H\u0131zl\u0131 kargo ve g\u00fcvenli al\u0131\u015fveri\u015f!\",\"breadcrumb\":{\"@id\":\"https:\\\/\\\/riseandwarm.com\\\/tr\\\/urun\\\/essential-hediye-karti\\\/#breadcrumb\"},\"inLanguage\":\"tr\",\"potentialAction\":[{\"@type\":\"ReadAction\",\"target\":[\"https:\\\/\\\/riseandwarm.com\\\/tr\\\/urun\\\/essential-hediye-karti\\\/\"]}]},{\"@type\":\"ImageObject\",\"inLanguage\":\"tr\",\"@id\":\"https:\\\/\\\/riseandwarm.com\\\/tr\\\/urun\\\/essential-hediye-karti\\\/#primaryimage\",\"url\":\"https:\\\/\\\/riseandwarm.com\\\/wp-content\\\/uploads\\\/2024\\\/05\\\/Essential-Card-.jpg\",\"contentUrl\":\"https:\\\/\\\/riseandwarm.com\\\/wp-content\\\/uploads\\\/2024\\\/05\\\/Essential-Card-.jpg\",\"width\":1000,\"height\":1500,\"caption\":\"Essential\"},{\"@type\":\"BreadcrumbList\",\"@id\":\"https:\\\/\\\/riseandwarm.com\\\/tr\\\/urun\\\/essential-hediye-karti\\\/#breadcrumb\",\"itemListElement\":[{\"@type\":\"ListItem\",\"position\":1,\"name\":\"Home\",\"item\":\"https:\\\/\\\/riseandwarm.com\\\/tr\\\/\"},{\"@type\":\"ListItem\",\"position\":2,\"name\":\"Ma\u011faza\",\"item\":\"https:\\\/\\\/riseandwarm.com\\\/tr\\\/magaza\\\/\"},{\"@type\":\"ListItem\",\"position\":3,\"name\":\"Essential Hediye Kart\u0131\"}]},{\"@type\":\"WebSite\",\"@id\":\"https:\\\/\\\/riseandwarm.com\\\/tr\\\/#website\",\"url\":\"https:\\\/\\\/riseandwarm.com\\\/tr\\\/\",\"name\":\"Rise | Warm\",\"description\":\"Free your self\",\"potentialAction\":[{\"@type\":\"SearchAction\",\"target\":{\"@type\":\"EntryPoint\",\"urlTemplate\":\"https:\\\/\\\/riseandwarm.com\\\/tr\\\/?s={search_term_string}\"},\"query-input\":{\"@type\":\"PropertyValueSpecification\",\"valueRequired\":true,\"valueName\":\"search_term_string\"}}],\"inLanguage\":\"tr\"}]}<\/script>\n<!-- \/ Yoast SEO plugin. -->","yoast_head_json":{"title":"Essential Hediye Kart\u0131 - Rise & Warm","description":"Essential Hediye Kart\u0131 ve di\u011fer t\u00fcm \u00fcr\u00fcnlerimiz i\u00e7in Rise & Warm adresini hemen ziyaret edin. H\u0131zl\u0131 kargo ve g\u00fcvenli al\u0131\u015fveri\u015f!","robots":{"index":"index","follow":"follow","max-snippet":"max-snippet:-1","max-image-preview":"max-image-preview:large","max-video-preview":"max-video-preview:-1"},"canonical":"https:\/\/riseandwarm.com\/tr\/urun\/essential-hediye-karti\/","og_locale":"tr_TR","og_type":"article","og_title":"Essential Hediye Kart\u0131 - Rise & Warm","og_description":"Essential Hediye Kart\u0131 ve di\u011fer t\u00fcm \u00fcr\u00fcnlerimiz i\u00e7in Rise & Warm adresini hemen ziyaret edin. H\u0131zl\u0131 kargo ve g\u00fcvenli al\u0131\u015fveri\u015f!","og_url":"https:\/\/riseandwarm.com\/tr\/urun\/essential-hediye-karti\/","og_site_name":"Rise | Warm","article_modified_time":"2024-06-22T20:00:21+00:00","og_image":[{"width":1000,"height":1500,"url":"https:\/\/riseandwarm.com\/wp-content\/uploads\/2024\/05\/Essential-Card-.jpg","type":"image\/jpeg"}],"twitter_card":"summary_large_image","twitter_misc":{"Tahmini okuma s\u00fcresi":"2 dakika"},"schema":{"@context":"https:\/\/schema.org","@graph":[{"@type":"WebPage","@id":"https:\/\/riseandwarm.com\/tr\/urun\/essential-hediye-karti\/","url":"https:\/\/riseandwarm.com\/tr\/urun\/essential-hediye-karti\/","name":"Essential Hediye Kart\u0131 - Rise & Warm","isPartOf":{"@id":"https:\/\/riseandwarm.com\/tr\/#website"},"primaryImageOfPage":{"@id":"https:\/\/riseandwarm.com\/tr\/urun\/essential-hediye-karti\/#primaryimage"},"image":{"@id":"https:\/\/riseandwarm.com\/tr\/urun\/essential-hediye-karti\/#primaryimage"},"thumbnailUrl":"https:\/\/riseandwarm.com\/wp-content\/uploads\/2024\/05\/Essential-Card-.jpg","datePublished":"2024-05-26T05:40:39+00:00","dateModified":"2024-06-22T20:00:21+00:00","description":"Essential Hediye Kart\u0131 ve di\u011fer t\u00fcm \u00fcr\u00fcnlerimiz i\u00e7in Rise & Warm adresini hemen ziyaret edin. H\u0131zl\u0131 kargo ve g\u00fcvenli al\u0131\u015fveri\u015f!","breadcrumb":{"@id":"https:\/\/riseandwarm.com\/tr\/urun\/essential-hediye-karti\/#breadcrumb"},"inLanguage":"tr","potentialAction":[{"@type":"ReadAction","target":["https:\/\/riseandwarm.com\/tr\/urun\/essential-hediye-karti\/"]}]},{"@type":"ImageObject","inLanguage":"tr","@id":"https:\/\/riseandwarm.com\/tr\/urun\/essential-hediye-karti\/#primaryimage","url":"https:\/\/riseandwarm.com\/wp-content\/uploads\/2024\/05\/Essential-Card-.jpg","contentUrl":"https:\/\/riseandwarm.com\/wp-content\/uploads\/2024\/05\/Essential-Card-.jpg","width":1000,"height":1500,"caption":"Essential"},{"@type":"BreadcrumbList","@id":"https:\/\/riseandwarm.com\/tr\/urun\/essential-hediye-karti\/#breadcrumb","itemListElement":[{"@type":"ListItem","position":1,"name":"Home","item":"https:\/\/riseandwarm.com\/tr\/"},{"@type":"ListItem","position":2,"name":"Ma\u011faza","item":"https:\/\/riseandwarm.com\/tr\/magaza\/"},{"@type":"ListItem","position":3,"name":"Essential Hediye Kart\u0131"}]},{"@type":"WebSite","@id":"https:\/\/riseandwarm.com\/tr\/#website","url":"https:\/\/riseandwarm.com\/tr\/","name":"Rise | Warm","description":"Free your self","potentialAction":[{"@type":"SearchAction","target":{"@type":"EntryPoint","urlTemplate":"https:\/\/riseandwarm.com\/tr\/?s={search_term_string}"},"query-input":{"@type":"PropertyValueSpecification","valueRequired":true,"valueName":"search_term_string"}}],"inLanguage":"tr"}]}},"_links":{"self":[{"href":"https:\/\/riseandwarm.com\/tr\/wp-json\/wp\/v2\/product\/23219","targetHints":{"allow":["GET"]}}],"collection":[{"href":"https:\/\/riseandwarm.com\/tr\/wp-json\/wp\/v2\/product"}],"about":[{"href":"https:\/\/riseandwarm.com\/tr\/wp-json\/wp\/v2\/types\/product"}],"version-history":[{"count":2,"href":"https:\/\/riseandwarm.com\/tr\/wp-json\/wp\/v2\/product\/23219\/revisions"}],"predecessor-version":[{"id":23269,"href":"https:\/\/riseandwarm.com\/tr\/wp-json\/wp\/v2\/product\/23219\/revisions\/23269"}],"wp:featuredmedia":[{"embeddable":true,"href":"https:\/\/riseandwarm.com\/tr\/wp-json\/wp\/v2\/media\/23208"}],"wp:attachment":[{"href":"https:\/\/riseandwarm.com\/tr\/wp-json\/wp\/v2\/media?parent=23219"}],"wp:term":[{"taxonomy":"product_brand","embeddable":true,"href":"https:\/\/riseandwarm.com\/tr\/wp-json\/wp\/v2\/product_brand?post=23219"},{"taxonomy":"product_cat","embeddable":true,"href":"https:\/\/riseandwarm.com\/tr\/wp-json\/wp\/v2\/product_cat?post=23219"},{"taxonomy":"product_tag","embeddable":true,"href":"https:\/\/riseandwarm.com\/tr\/wp-json\/wp\/v2\/product_tag?post=23219"}],"curies":[{"name":"wp","href":"https:\/\/api.w.org\/{rel}","templated":true}]}}