{"id":981,"date":"2018-07-20T13:04:10","date_gmt":"2018-07-20T13:04:10","guid":{"rendered":"http:\/\/spab-rice.com\/wordpress\/kona\/demo\/?page_id=3"},"modified":"2025-05-03T18:21:23","modified_gmt":"2025-05-03T18:21:23","slug":"gizlilik-politikasi","status":"publish","type":"page","link":"https:\/\/riseandwarm.com\/tr\/gizlilik-politikasi\/","title":{"rendered":"Gizlilik Politikas\u0131"},"content":{"rendered":"\n<h1 class=\"wp-block-heading\"><span style=\"font-family: Helvetica Neue; font-size: x-large;\"><b>Gizlilik politikas\u0131<\/b><\/span><\/h1>\n\n\n\n<p>Bu Gizlilik Politikas\u0131,\u00a0<strong>RISE AND WARM LLC<\/strong>\u00a0taraf\u0131ndan veri sorumlusu s\u0131fat\u0131yla, Avrupa Birli\u011fi Genel Veri Koruma T\u00fcz\u00fc\u011f\u00fc (GDPR) ve Kaliforniya T\u00fcketici Gizlili\u011fi Yasas\u0131 (CCPA) da dahil olmak \u00fczere ge\u00e7erli uluslararas\u0131 veri koruma yasalar\u0131na uygun olarak haz\u0131rlanm\u0131\u015ft\u0131r.<\/p>\n\n\n\n<p>Amac\u0131m\u0131z, m\u00fc\u015fterilerimizi, kullan\u0131c\u0131lar\u0131m\u0131z\u0131 ve markam\u0131zla ili\u015fkili t\u00fcm taraflar\u0131; ki\u015fisel verilerinin nas\u0131l topland\u0131\u011f\u0131, kullan\u0131ld\u0131\u011f\u0131, i\u015flendi\u011fi, sakland\u0131\u011f\u0131 ve korundu\u011fu konusunda bilgilendirmektir.<\/p>\n\n\n\n<p>Detayl\u0131 bilgiye\u00a0<a href=\"https:\/\/www.riseandwarm.com\/\">www.riseandwarm.com<\/a>\u00a0adresinden ula\u015fabilirsiniz.<\/p>\n\n\n\n<h3 class=\"wp-block-heading\"><strong>1. Ki\u015fisel Verilerin \u0130\u015flenme Ama\u00e7lar\u0131<\/strong><\/h3>\n\n\n\n<p>Ki\u015fisel verileriniz \u015fu ama\u00e7larla i\u015flenebilir:<\/p>\n\n\n\n<ul class=\"wp-block-list\">\n<li>Talep etti\u011finiz \u00fcr\u00fcn ve hizmetlerin sa\u011flanmas\u0131,<\/li>\n\n\n\n<li>Hesab\u0131n\u0131z\u0131n ve kullan\u0131c\u0131 tercihlerinizi y\u00f6netilmesi,<\/li>\n\n\n\n<li>G\u00fcvenli ve do\u011fru faturalama s\u00fcre\u00e7lerinin y\u00fcr\u00fct\u00fclmesi,<\/li>\n\n\n\n<li>Onay\u0131n\u0131z do\u011frultusunda bilgilendirme ve promosyon i\u00e7eriklerinin g\u00f6nderilmesi,<\/li>\n\n\n\n<li>Soru, \u015fik\u00e2yet ya da iade taleplerinizin yan\u0131tlanmas\u0131,<\/li>\n\n\n\n<li>Deneyiminizin \u00f6nceki al\u0131\u015fveri\u015f ve tercihlerinize g\u00f6re ki\u015fiselle\u015ftirilmesi,<\/li>\n\n\n\n<li>\u0130\u015f geli\u015ftirme ve i\u00e7 analiz s\u00fcre\u00e7lerinin y\u00fcr\u00fct\u00fclmesi,<\/li>\n\n\n\n<li>Vergi ve muhasebe gibi yasal y\u00fck\u00fcml\u00fcl\u00fcklere uyum sa\u011flanmas\u0131,<\/li>\n\n\n\n<li>Web sitemizin ve sistemlerimizin g\u00fcvenli\u011finin korunmas\u0131.<\/li>\n<\/ul>\n\n\n\n<p>T\u00fcm verileriniz, yasalara uygun, adil ve \u015feffaf bi\u00e7imde; yaln\u0131zca yukar\u0131daki ama\u00e7larla s\u0131n\u0131rl\u0131 olarak i\u015flenir.<\/p>\n\n\n\n<h3 class=\"wp-block-heading\"><strong>2. Ki\u015fisel Verilerin Payla\u015f\u0131m\u0131 ve Aktar\u0131m\u0131<\/strong><\/h3>\n\n\n\n<p>Ki\u015fisel verileriniz, me\u015fru ticari ama\u00e7lar do\u011frultusunda \u015fu taraflarla payla\u015f\u0131labilir:<\/p>\n\n\n\n<ul class=\"wp-block-list\">\n<li>\u0130\u015f ortaklar\u0131m\u0131z, hizmet sa\u011flay\u0131c\u0131lar\u0131m\u0131z ve lojistik firmalar\u0131,<\/li>\n\n\n\n<li>Stripe gibi \u00fc\u00e7\u00fcnc\u00fc taraf \u00f6deme altyap\u0131 sa\u011flay\u0131c\u0131lar\u0131,<\/li>\n\n\n\n<li>Yasal zorunluluk durumlar\u0131nda resmi kurumlar,<\/li>\n\n\n\n<li>M\u00fc\u015fteri hizmetleri veya pazarlama faaliyetlerinde bize destek olan i\u015f ortaklar\u0131.<\/li>\n<\/ul>\n\n\n\n<p>Uluslararas\u0131 veri aktar\u0131m\u0131 gereken durumlarda, uygun g\u00fcvenlik \u00f6nlemleri (\u00f6rne\u011fin\u00a0<strong>Standart S\u00f6zle\u015fme Maddeleri &#8211; SCC<\/strong>) uygulan\u0131r.<\/p>\n\n\n\n<h3 class=\"wp-block-heading\"><strong>3. Veri Toplama Y\u00f6ntemleri ve Hukuki Dayanak<\/strong><\/h3>\n\n\n\n<p>Ki\u015fisel verileriniz \u015fu yollarla toplanabilir:<\/p>\n\n\n\n<ul class=\"wp-block-list\">\n<li>Web sitemizdeki formlar,<\/li>\n\n\n\n<li>\u00d6deme sayfalar\u0131,<\/li>\n\n\n\n<li>M\u00fc\u015fteri hizmetleri ile yap\u0131lan yaz\u0131\u015fmalar,<\/li>\n\n\n\n<li>\u00c7erezler ve izleme teknolojileri,<\/li>\n\n\n\n<li>\u0130ste\u011fe ba\u011fl\u0131 olarak ba\u011flad\u0131\u011f\u0131n\u0131z sosyal medya hesaplar\u0131.<\/li>\n<\/ul>\n\n\n\n<p>Veri i\u015fleme hukuki gerek\u00e7eleri: a\u00e7\u0131k r\u0131zan\u0131z, s\u00f6zle\u015fmenin kurulmas\u0131 ve ifas\u0131, yasal y\u00fck\u00fcml\u00fcl\u00fcklere uyum ve me\u015fru menfaatlerimizdir.<\/p>\n\n\n\n<h3 class=\"wp-block-heading\"><strong>4. Veri Sahibi Olarak Haklar\u0131n\u0131z<\/strong><\/h3>\n\n\n\n<p>Konumunuza ve ge\u00e7erli yasalara g\u00f6re a\u015fa\u011f\u0131daki haklara sahipsiniz:<\/p>\n\n\n\n<ul class=\"wp-block-list\">\n<li>Ki\u015fisel verilerinize eri\u015fim sa\u011flamak,<\/li>\n\n\n\n<li>Hatal\u0131 ya da eksik verilerin d\u00fczeltilmesini istemek,<\/li>\n\n\n\n<li>Belirli veri i\u015fleme t\u00fcrlerine itiraz etmek veya s\u0131n\u0131rland\u0131rmak,<\/li>\n\n\n\n<li>Onay verdi\u011finiz durumlarda bu onay\u0131 geri \u00e7ekmek,<\/li>\n\n\n\n<li>Verilerinizi ta\u015f\u0131nabilir formatta talep etmek,<\/li>\n\n\n\n<li>Veri koruma kurumuna \u015fik\u00e2yette bulunmak.<\/li>\n<\/ul>\n\n\n\n<p>Bu haklar\u0131 kullanmak i\u00e7in bize\u00a0<strong><a href=\"mailto:info@riseandwarm.com\">info@riseandwarm.com<\/a><\/strong>\u00a0adresinden ula\u015fabilirsiniz.<\/p>\n\n\n\n<h3 class=\"wp-block-heading\"><strong>5. Veri Saklama S\u00fcresi<\/strong><\/h3>\n\n\n\n<p>Ki\u015fisel verileriniz, bu politikada belirtilen ama\u00e7lar do\u011frultusunda; yasal, muhasebesel veya raporlama y\u00fck\u00fcml\u00fcl\u00fckleri gere\u011fi&nbsp;<strong>gerekli oldu\u011fu s\u00fcrece<\/strong>&nbsp;saklan\u0131r.<\/p>\n\n\n\n<h3 class=\"wp-block-heading\"><strong>6. Veri G\u00fcvenli\u011fi<\/strong><\/h3>\n\n\n\n<p>Verilerinizi korumak i\u00e7in uygulad\u0131\u011f\u0131m\u0131z teknik ve idari \u00f6nlemler \u015funlard\u0131r:<\/p>\n\n\n\n<ul class=\"wp-block-list\">\n<li>SSL \u015fifreleme ile g\u00fcvenli i\u015flem altyap\u0131s\u0131,<\/li>\n\n\n\n<li>G\u00fcvenli veri saklama sistemleri,<\/li>\n\n\n\n<li>Eri\u015fim kontrolleri ve kimlik do\u011frulama mekanizmalar\u0131,<\/li>\n\n\n\n<li>Personelimize d\u00fczenli gizlilik ve g\u00fcvenlik e\u011fitimi verilmesi.<\/li>\n<\/ul>\n\n\n\n<h3 class=\"wp-block-heading\"><strong>7. Politika G\u00fcncellemeleri<\/strong><\/h3>\n\n\n\n<p>Bu Gizlilik Politikas\u0131\u2019n\u0131 zaman zaman g\u00fcncelleme hakk\u0131m\u0131z sakl\u0131d\u0131r. De\u011fi\u015fiklikler bu sayfada yay\u0131nlanacakt\u0131r.<br>G\u00fcncel kalmak ad\u0131na bu sayfay\u0131 d\u00fczenli olarak kontrol etmeniz \u00f6nerilir.<\/p>\n\n\n\n<h3 class=\"wp-block-heading\"><strong>\u0130leti\u015fim<\/strong><\/h3>\n\n\n\n<p>Bu politika hakk\u0131nda sorular\u0131n\u0131z ya da ki\u015fisel verilerinizle ilgili talepleriniz i\u00e7in:<br>\ud83d\udce7\u00a0<strong><a href=\"mailto:info@riseandwarm.com\">info@riseandwarm.com<\/a><\/strong><\/p>\n\n\n\n<p>Bu s\u00fcr\u00fcm y\u00fcr\u00fcrl\u00fck tarihi:\u00a0<strong>May\u0131s 2025<\/strong><\/p>\n","protected":false},"excerpt":{"rendered":"<p>Gizlilik politikas\u0131 Bu Gizlilik Politikas\u0131,\u00a0RISE AND WARM LLC\u00a0taraf\u0131ndan veri sorumlusu s\u0131fat\u0131yla, Avrupa Birli\u011fi Genel Veri Koruma T\u00fcz\u00fc\u011f\u00fc (GDPR) ve Kaliforniya<\/p>\n","protected":false},"author":1,"featured_media":0,"parent":0,"menu_order":0,"comment_status":"closed","ping_status":"closed","template":"elementor_header_footer","meta":{"footnotes":""},"class_list":["post-981","page","type-page","status-publish","hentry"],"yoast_head":"<!-- This site is optimized with the Yoast SEO plugin v27.4 - https:\/\/yoast.com\/product\/yoast-seo-wordpress\/ -->\n<title>Gizlilik Politikas\u0131 - Rise | Warm<\/title>\n<meta name=\"robots\" content=\"index, follow, max-snippet:-1, max-image-preview:large, max-video-preview:-1\" \/>\n<link rel=\"canonical\" href=\"https:\/\/riseandwarm.com\/tr\/gizlilik-politikasi\/\" \/>\n<meta property=\"og:locale\" content=\"tr_TR\" \/>\n<meta property=\"og:type\" content=\"article\" \/>\n<meta property=\"og:title\" content=\"Gizlilik Politikas\u0131 - Rise | Warm\" \/>\n<meta property=\"og:description\" content=\"Gizlilik politikas\u0131 Bu Gizlilik Politikas\u0131,\u00a0RISE AND WARM LLC\u00a0taraf\u0131ndan veri sorumlusu s\u0131fat\u0131yla, Avrupa Birli\u011fi Genel Veri Koruma T\u00fcz\u00fc\u011f\u00fc (GDPR) ve Kaliforniya\" \/>\n<meta property=\"og:url\" content=\"https:\/\/riseandwarm.com\/tr\/gizlilik-politikasi\/\" \/>\n<meta property=\"og:site_name\" content=\"Rise | Warm\" \/>\n<meta property=\"article:modified_time\" content=\"2025-05-03T18:21:23+00:00\" \/>\n<meta name=\"twitter:card\" content=\"summary_large_image\" \/>\n<meta name=\"twitter:label1\" content=\"Tahmini okuma s\u00fcresi\" \/>\n\t<meta name=\"twitter:data1\" content=\"2 dakika\" \/>\n<script type=\"application\/ld+json\" class=\"yoast-schema-graph\">{\"@context\":\"https:\\\/\\\/schema.org\",\"@graph\":[{\"@type\":\"WebPage\",\"@id\":\"https:\\\/\\\/riseandwarm.com\\\/tr\\\/gizlilik-politikasi\\\/\",\"url\":\"https:\\\/\\\/riseandwarm.com\\\/tr\\\/gizlilik-politikasi\\\/\",\"name\":\"Gizlilik Politikas\u0131 - Rise | Warm\",\"isPartOf\":{\"@id\":\"https:\\\/\\\/riseandwarm.com\\\/tr\\\/#website\"},\"datePublished\":\"2018-07-20T13:04:10+00:00\",\"dateModified\":\"2025-05-03T18:21:23+00:00\",\"breadcrumb\":{\"@id\":\"https:\\\/\\\/riseandwarm.com\\\/tr\\\/gizlilik-politikasi\\\/#breadcrumb\"},\"inLanguage\":\"tr\",\"potentialAction\":[{\"@type\":\"ReadAction\",\"target\":[\"https:\\\/\\\/riseandwarm.com\\\/tr\\\/gizlilik-politikasi\\\/\"]}]},{\"@type\":\"BreadcrumbList\",\"@id\":\"https:\\\/\\\/riseandwarm.com\\\/tr\\\/gizlilik-politikasi\\\/#breadcrumb\",\"itemListElement\":[{\"@type\":\"ListItem\",\"position\":1,\"name\":\"Home\",\"item\":\"https:\\\/\\\/riseandwarm.com\\\/tr\\\/\"},{\"@type\":\"ListItem\",\"position\":2,\"name\":\"Gizlilik Politikas\u0131\"}]},{\"@type\":\"WebSite\",\"@id\":\"https:\\\/\\\/riseandwarm.com\\\/tr\\\/#website\",\"url\":\"https:\\\/\\\/riseandwarm.com\\\/tr\\\/\",\"name\":\"Rise | Warm\",\"description\":\"Free your self\",\"potentialAction\":[{\"@type\":\"SearchAction\",\"target\":{\"@type\":\"EntryPoint\",\"urlTemplate\":\"https:\\\/\\\/riseandwarm.com\\\/tr\\\/?s={search_term_string}\"},\"query-input\":{\"@type\":\"PropertyValueSpecification\",\"valueRequired\":true,\"valueName\":\"search_term_string\"}}],\"inLanguage\":\"tr\"}]}<\/script>\n<!-- \/ Yoast SEO plugin. -->","yoast_head_json":{"title":"Gizlilik Politikas\u0131 - Rise | Warm","robots":{"index":"index","follow":"follow","max-snippet":"max-snippet:-1","max-image-preview":"max-image-preview:large","max-video-preview":"max-video-preview:-1"},"canonical":"https:\/\/riseandwarm.com\/tr\/gizlilik-politikasi\/","og_locale":"tr_TR","og_type":"article","og_title":"Gizlilik Politikas\u0131 - Rise | Warm","og_description":"Gizlilik politikas\u0131 Bu Gizlilik Politikas\u0131,\u00a0RISE AND WARM LLC\u00a0taraf\u0131ndan veri sorumlusu s\u0131fat\u0131yla, Avrupa Birli\u011fi Genel Veri Koruma T\u00fcz\u00fc\u011f\u00fc (GDPR) ve Kaliforniya","og_url":"https:\/\/riseandwarm.com\/tr\/gizlilik-politikasi\/","og_site_name":"Rise | Warm","article_modified_time":"2025-05-03T18:21:23+00:00","twitter_card":"summary_large_image","twitter_misc":{"Tahmini okuma s\u00fcresi":"2 dakika"},"schema":{"@context":"https:\/\/schema.org","@graph":[{"@type":"WebPage","@id":"https:\/\/riseandwarm.com\/tr\/gizlilik-politikasi\/","url":"https:\/\/riseandwarm.com\/tr\/gizlilik-politikasi\/","name":"Gizlilik Politikas\u0131 - Rise | Warm","isPartOf":{"@id":"https:\/\/riseandwarm.com\/tr\/#website"},"datePublished":"2018-07-20T13:04:10+00:00","dateModified":"2025-05-03T18:21:23+00:00","breadcrumb":{"@id":"https:\/\/riseandwarm.com\/tr\/gizlilik-politikasi\/#breadcrumb"},"inLanguage":"tr","potentialAction":[{"@type":"ReadAction","target":["https:\/\/riseandwarm.com\/tr\/gizlilik-politikasi\/"]}]},{"@type":"BreadcrumbList","@id":"https:\/\/riseandwarm.com\/tr\/gizlilik-politikasi\/#breadcrumb","itemListElement":[{"@type":"ListItem","position":1,"name":"Home","item":"https:\/\/riseandwarm.com\/tr\/"},{"@type":"ListItem","position":2,"name":"Gizlilik Politikas\u0131"}]},{"@type":"WebSite","@id":"https:\/\/riseandwarm.com\/tr\/#website","url":"https:\/\/riseandwarm.com\/tr\/","name":"Rise | Warm","description":"Free your self","potentialAction":[{"@type":"SearchAction","target":{"@type":"EntryPoint","urlTemplate":"https:\/\/riseandwarm.com\/tr\/?s={search_term_string}"},"query-input":{"@type":"PropertyValueSpecification","valueRequired":true,"valueName":"search_term_string"}}],"inLanguage":"tr"}]}},"_links":{"self":[{"href":"https:\/\/riseandwarm.com\/tr\/wp-json\/wp\/v2\/pages\/981","targetHints":{"allow":["GET"]}}],"collection":[{"href":"https:\/\/riseandwarm.com\/tr\/wp-json\/wp\/v2\/pages"}],"about":[{"href":"https:\/\/riseandwarm.com\/tr\/wp-json\/wp\/v2\/types\/page"}],"author":[{"embeddable":true,"href":"https:\/\/riseandwarm.com\/tr\/wp-json\/wp\/v2\/users\/1"}],"replies":[{"embeddable":true,"href":"https:\/\/riseandwarm.com\/tr\/wp-json\/wp\/v2\/comments?post=981"}],"version-history":[{"count":5,"href":"https:\/\/riseandwarm.com\/tr\/wp-json\/wp\/v2\/pages\/981\/revisions"}],"predecessor-version":[{"id":23854,"href":"https:\/\/riseandwarm.com\/tr\/wp-json\/wp\/v2\/pages\/981\/revisions\/23854"}],"wp:attachment":[{"href":"https:\/\/riseandwarm.com\/tr\/wp-json\/wp\/v2\/media?parent=981"}],"curies":[{"name":"wp","href":"https:\/\/api.w.org\/{rel}","templated":true}]}}