{"id":8008,"date":"2021-10-12T15:51:09","date_gmt":"2021-10-12T15:51:09","guid":{"rendered":"http:\/\/dummy.xtemos.com\/woodmart2\/elementor\/?page_id=4400"},"modified":"2025-04-12T19:26:45","modified_gmt":"2025-04-12T19:26:45","slug":"hakkimizda","status":"publish","type":"page","link":"https:\/\/riseandwarm.com\/tr\/hakkimizda\/","title":{"rendered":"Hakk\u0131m\u0131zda"},"content":{"rendered":"\t\t<div data-elementor-type=\"wp-page\" data-elementor-id=\"8008\" class=\"elementor elementor-8008\">\n\t\t\t\t<div class=\"elementor-element elementor-element-615c8119 e-flex e-con-boxed e-con e-parent\" data-id=\"615c8119\" data-element_type=\"container\" data-e-type=\"container\">\n\t\t\t\t\t<div class=\"e-con-inner\">\n\t\t<div class=\"elementor-element elementor-element-4f6c8bb e-con-full e-flex e-con e-child\" data-id=\"4f6c8bb\" data-element_type=\"container\" data-e-type=\"container\">\n\t\t\t\t<div class=\"elementor-element elementor-element-68cb22be elementor-widget elementor-widget-wd_image_or_svg\" data-id=\"68cb22be\" data-element_type=\"widget\" data-e-type=\"widget\" data-widget_type=\"wd_image_or_svg.default\">\n\t\t\t\t<div class=\"elementor-widget-container\">\n\t\t\t\t\t\n\t\t<div class=\"wd-image text-left\">\n\t\t\t\t\t\t\t\t<img fetchpriority=\"high\" decoding=\"async\" width=\"1000\" height=\"1500\" src=\"https:\/\/riseandwarm.com\/wp-content\/themes\/woodmart\/images\/lazy.png\" class=\"attachment-full size-full wd-lazy-load wd-lazy-fade\" alt=\"\" srcset=\"\" sizes=\"(max-width: 1000px) 100vw, 1000px\" data-wood-src=\"https:\/\/riseandwarm.com\/wp-content\/uploads\/2024\/06\/HakkimizdaGorsel.jpg\" data-srcset=\"https:\/\/riseandwarm.com\/wp-content\/uploads\/2024\/06\/HakkimizdaGorsel.jpg 1000w, https:\/\/riseandwarm.com\/wp-content\/uploads\/2024\/06\/HakkimizdaGorsel-200x300.jpg 200w, https:\/\/riseandwarm.com\/wp-content\/uploads\/2024\/06\/HakkimizdaGorsel-533x800.jpg 533w, https:\/\/riseandwarm.com\/wp-content\/uploads\/2024\/06\/HakkimizdaGorsel-768x1152.jpg 768w, https:\/\/riseandwarm.com\/wp-content\/uploads\/2024\/06\/HakkimizdaGorsel-860x1290.jpg 860w, https:\/\/riseandwarm.com\/wp-content\/uploads\/2024\/06\/HakkimizdaGorsel-430x645.jpg 430w, https:\/\/riseandwarm.com\/wp-content\/uploads\/2024\/06\/HakkimizdaGorsel-700x1050.jpg 700w, https:\/\/riseandwarm.com\/wp-content\/uploads\/2024\/06\/HakkimizdaGorsel-150x225.jpg 150w\" \/>\t\t\t\t\t<\/div>\n\n\t\t\t\t\t\t<\/div>\n\t\t\t\t<\/div>\n\t\t\t\t<\/div>\n\t\t<div class=\"elementor-element elementor-element-5fa5d258 e-con-full e-flex e-con e-child\" data-id=\"5fa5d258\" data-element_type=\"container\" data-e-type=\"container\">\n\t\t\t\t<div class=\"elementor-element elementor-element-74254e4d elementor-widget__width-initial wd-width-100 elementor-widget elementor-widget-wd_title\" data-id=\"74254e4d\" data-element_type=\"widget\" data-e-type=\"widget\" data-widget_type=\"wd_title.default\">\n\t\t\t\t<div class=\"elementor-widget-container\">\n\t\t\t\t\t\t\t<div class=\"title-wrapper set-mb-s reset-last-child wd-title-color-primary wd-title-style-default wd-title-size-large text-left\">\n\n\t\t\t\n\t\t\t<div class=\"liner-continer\">\n\t\t\t\t<h4 class=\"woodmart-title-container title wd-fontsize-xxl\">Rise &amp; Warm<\/h4> \n\t\t\t\t\t\t\t<\/div>\n\n\t\t\t\t\t\t\t<div class=\"title-after_title set-cont-mb-s reset-last-child wd-fontsize-s\">\n\t\t\t\t\t<p><em>Unutulmaz Anlar\u0131n\u0131z \u0130\u00e7in Zarafet ve \u00d6zg\u00fcven<\/em><\/p>\t\t\t\t<\/div>\n\t\t\t\t\t<\/div>\n\t\t\t\t\t\t<\/div>\n\t\t\t\t<\/div>\n\t\t\t\t<div class=\"elementor-element elementor-element-3694db16 elementor-widget elementor-widget-wd_text_block\" data-id=\"3694db16\" data-element_type=\"widget\" data-e-type=\"widget\" data-widget_type=\"wd_text_block.default\">\n\t\t\t\t<div class=\"elementor-widget-container\">\n\t\t\t\t\t\t\t<div class=\"wd-text-block reset-last-child text-left\">\n\t\t\t\n\t\t\t<p data-start=\"275\" data-end=\"566\">2020 y\u0131l\u0131nda kurulan Rise and Warm, moda d\u00fcnyas\u0131nda kendine \u00f6zg\u00fc bir yer edinmi\u015f, g\u00fc\u00e7l\u00fc ve zarif tasar\u0131mlar\u0131yla tan\u0131nan bir markad\u0131r. Zamans\u0131z \u015f\u0131kl\u0131\u011f\u0131 ve modern esteti\u011fi \u00f6n planda tutarak, her kad\u0131n\u0131n unutulmaz anlar\u0131nda kendine g\u00fcvenen ve stil sahibi bir g\u00f6r\u00fcn\u00fcm sergilemesini sa\u011fl\u0131yoruz.<\/p>\n<p data-start=\"568\" data-end=\"923\">Do\u011fan\u0131n g\u00fcc\u00fcnden ve esteti\u011finden ilham alan koleksiyonlar\u0131m\u0131z, kaliteli kuma\u015flar ve \u00fcst\u00fcn el i\u015f\u00e7ili\u011fi ile hayat\u0131n\u0131z\u0131n en \u00f6zel anlar\u0131nda sizinle. Her bir par\u00e7am\u0131z, g\u00fcnl\u00fck ya\u015fam\u0131n yan\u0131 s\u0131ra \u00f6zel g\u00fcnlerde de zarif ve \u015f\u0131k olman\u0131z\u0131 kolayla\u015ft\u0131r\u0131r. Kalite, \u00f6zg\u00fcnl\u00fck ve s\u00fcrd\u00fcr\u00fclebilirlik de\u011ferlerimizle, \u00e7evreye sayg\u0131l\u0131 ve etik bir moda anlay\u0131\u015f\u0131n\u0131 benimsiyoruz.<\/p>\n<p data-start=\"925\" data-end=\"1206\">Rise and Warm olarak, her bir m\u00fc\u015fterimizin kendi tarz\u0131n\u0131 \u00f6zg\u00fcrce ifade etmesine yard\u0131mc\u0131 olmay\u0131 hedefliyoruz. Sizi, unutulmaz anlar\u0131n\u0131z\u0131 \u00f6zg\u00fcvenle ve \u015f\u0131kl\u0131kla kar\u015f\u0131lamak i\u00e7in Rise and Warm ailesine davet ediyoruz. Bizimle birlikte, her \u00f6zel g\u00fcn\u00fcn\u00fcz\u00fc zarif bir dokunu\u015fla tamamlay\u0131n.<\/p>\n\t\t\t\t\t<\/div>\n\t\t\t\t\t\t<\/div>\n\t\t\t\t<\/div>\n\t\t\t\t<\/div>\n\t\t\t\t\t<\/div>\n\t\t\t\t<\/div>\n\t\t<div class=\"elementor-element elementor-element-43e63bbf e-flex e-con-boxed e-con e-parent\" data-id=\"43e63bbf\" data-element_type=\"container\" data-e-type=\"container\">\n\t\t\t\t\t<div class=\"e-con-inner\">\n\t\t<div class=\"elementor-element elementor-element-3dd77e32 e-con-full e-flex e-con e-child\" data-id=\"3dd77e32\" data-element_type=\"container\" data-e-type=\"container\">\n\t\t\t\t<div class=\"elementor-element elementor-element-3f777e24 elementor-widget__width-initial wd-width-100 elementor-widget elementor-widget-wd_title\" data-id=\"3f777e24\" data-element_type=\"widget\" data-e-type=\"widget\" data-widget_type=\"wd_title.default\">\n\t\t\t\t<div class=\"elementor-widget-container\">\n\t\t\t\t\t\t\t<div class=\"title-wrapper set-mb-s reset-last-child wd-title-color-primary wd-title-style-default wd-title-size-large text-left\">\n\n\t\t\t\n\t\t\t<div class=\"liner-continer\">\n\t\t\t\t<h4 class=\"woodmart-title-container title wd-fontsize-xxl\"><\/h4> \n\t\t\t\t\t\t\t<\/div>\n\n\t\t\t\t\t\t\t<div class=\"title-after_title set-cont-mb-s reset-last-child wd-fontsize-s\">\n\t\t\t\t\t<p><em>Misyonumuz<\/em><\/p>\t\t\t\t<\/div>\n\t\t\t\t\t<\/div>\n\t\t\t\t\t\t<\/div>\n\t\t\t\t<\/div>\n\t\t\t\t<div class=\"elementor-element elementor-element-9059d6 elementor-widget elementor-widget-wd_text_block\" data-id=\"9059d6\" data-element_type=\"widget\" data-e-type=\"widget\" data-widget_type=\"wd_text_block.default\">\n\t\t\t\t<div class=\"elementor-widget-container\">\n\t\t\t\t\t\t\t<div class=\"wd-text-block reset-last-child text-left\">\n\t\t\t\n\t\t\t<p data-start=\"1903\" data-end=\"2315\">Misyonumuz, do\u011fadan ilham alan tasar\u0131mlar\u0131m\u0131z\u0131 y\u00fcksek kaliteli kuma\u015flar ve ustal\u0131kla harmanlayarak, her kad\u0131n\u0131n hayat\u0131ndaki \u00f6zel anlara e\u015flik edecek par\u00e7alar \u00fcretmektir. El i\u015f\u00e7ili\u011fi, s\u00fcrd\u00fcr\u00fclebilir \u00fcretim ve sezgisel tasar\u0131m anlay\u0131\u015f\u0131n\u0131 birle\u015ftirerek; kullan\u0131c\u0131y\u0131 sadece bir \u00fcr\u00fcnle de\u011fil, bir deneyimle bulu\u015fturmay\u0131 hedefliyoruz. Rise and Warm, moda arac\u0131l\u0131\u011f\u0131yla zarafeti, konforu ve i\u00e7sel g\u00fcc\u00fc ayn\u0131 potada sunmay\u0131 ama\u00e7lar.<\/p>\n\t\t\t\t\t<\/div>\n\t\t\t\t\t\t<\/div>\n\t\t\t\t<\/div>\n\t\t\t\t<\/div>\n\t\t<div class=\"elementor-element elementor-element-125cdf74 e-con-full e-flex e-con e-child\" data-id=\"125cdf74\" data-element_type=\"container\" data-e-type=\"container\">\n\t\t\t\t<div class=\"elementor-element elementor-element-68c9193a elementor-widget__width-initial wd-width-100 elementor-widget elementor-widget-wd_title\" data-id=\"68c9193a\" data-element_type=\"widget\" data-e-type=\"widget\" data-widget_type=\"wd_title.default\">\n\t\t\t\t<div class=\"elementor-widget-container\">\n\t\t\t\t\t\t\t<div class=\"title-wrapper set-mb-s reset-last-child wd-title-color-primary wd-title-style-default wd-title-size-large text-left\">\n\n\t\t\t\n\t\t\t<div class=\"liner-continer\">\n\t\t\t\t<h4 class=\"woodmart-title-container title wd-fontsize-xxl\"><\/h4> \n\t\t\t\t\t\t\t<\/div>\n\n\t\t\t\t\t\t\t<div class=\"title-after_title set-cont-mb-s reset-last-child wd-fontsize-s\">\n\t\t\t\t\t<p><em>Vizyonumuz<\/em><\/p>\t\t\t\t<\/div>\n\t\t\t\t\t<\/div>\n\t\t\t\t\t\t<\/div>\n\t\t\t\t<\/div>\n\t\t\t\t<div class=\"elementor-element elementor-element-321520aa elementor-widget elementor-widget-wd_text_block\" data-id=\"321520aa\" data-element_type=\"widget\" data-e-type=\"widget\" data-widget_type=\"wd_text_block.default\">\n\t\t\t\t<div class=\"elementor-widget-container\">\n\t\t\t\t\t\t\t<div class=\"wd-text-block reset-last-child text-left\">\n\t\t\t\n\t\t\t<p data-start=\"1734\" data-end=\"1992\">Rise and Warm olarak vizyonumuz; modada zamans\u0131zl\u0131\u011f\u0131, sadeli\u011fi ve zarafeti \u00f6n plana \u00e7\u0131karan, kad\u0131nlar\u0131n kendi \u00f6zg\u00fcn stillerini cesaretle ifade edebilecekleri bir evren yaratmakt\u0131r. Amac\u0131m\u0131z, global \u00f6l\u00e7ekte tan\u0131nan, etik de\u011ferlerle b\u00fcy\u00fcyen, sanat\u0131 \u00fcretimin kalbine yerle\u015ftiren bir moda markas\u0131 olmakt\u0131r. Modern kad\u0131n\u0131n ruhunu yans\u0131tan tasar\u0131mlar\u0131m\u0131zla, sadece giyilen de\u011fil, hissedilen bir estetik in\u015fa ediyoruz.<\/p>\n\t\t\t\t\t<\/div>\n\t\t\t\t\t\t<\/div>\n\t\t\t\t<\/div>\n\t\t\t\t<\/div>\n\t\t\t\t\t<\/div>\n\t\t\t\t<\/div>\n\t\t\t\t<\/div>\n\t\t","protected":false},"excerpt":{"rendered":"<p>Rise &amp; Warm Unutulmaz Anlar\u0131n\u0131z \u0130\u00e7in Zarafet ve \u00d6zg\u00fcven 2020 y\u0131l\u0131nda kurulan Rise and Warm, moda d\u00fcnyas\u0131nda kendine \u00f6zg\u00fc bir<\/p>\n","protected":false},"author":1,"featured_media":0,"parent":0,"menu_order":0,"comment_status":"closed","ping_status":"closed","template":"","meta":{"footnotes":""},"class_list":["post-8008","page","type-page","status-publish","hentry"],"yoast_head":"<!-- This site is optimized with the Yoast SEO plugin v27.4 - https:\/\/yoast.com\/product\/yoast-seo-wordpress\/ -->\n<title>Hakk\u0131m\u0131zda - Rise | Warm<\/title>\n<meta name=\"robots\" content=\"index, follow, max-snippet:-1, max-image-preview:large, max-video-preview:-1\" \/>\n<link rel=\"canonical\" href=\"https:\/\/riseandwarm.com\/tr\/hakkimizda\/\" \/>\n<meta property=\"og:locale\" content=\"tr_TR\" \/>\n<meta property=\"og:type\" content=\"article\" \/>\n<meta property=\"og:title\" content=\"Hakk\u0131m\u0131zda - Rise | Warm\" \/>\n<meta property=\"og:description\" content=\"Rise &amp; Warm Unutulmaz Anlar\u0131n\u0131z \u0130\u00e7in Zarafet ve \u00d6zg\u00fcven 2020 y\u0131l\u0131nda kurulan Rise and Warm, moda d\u00fcnyas\u0131nda kendine \u00f6zg\u00fc bir\" \/>\n<meta property=\"og:url\" content=\"https:\/\/riseandwarm.com\/tr\/hakkimizda\/\" \/>\n<meta property=\"og:site_name\" content=\"Rise | Warm\" \/>\n<meta property=\"article:modified_time\" content=\"2025-04-12T19:26:45+00:00\" \/>\n<meta property=\"og:image\" content=\"https:\/\/riseandwarm.com\/wp-content\/uploads\/2024\/06\/HakkimizdaGorsel.jpg\" \/>\n<meta name=\"twitter:card\" content=\"summary_large_image\" \/>\n<meta name=\"twitter:label1\" content=\"Tahmini okuma s\u00fcresi\" \/>\n\t<meta name=\"twitter:data1\" content=\"2 dakika\" \/>\n<script type=\"application\/ld+json\" class=\"yoast-schema-graph\">{\"@context\":\"https:\\\/\\\/schema.org\",\"@graph\":[{\"@type\":\"WebPage\",\"@id\":\"https:\\\/\\\/riseandwarm.com\\\/tr\\\/hakkimizda\\\/\",\"url\":\"https:\\\/\\\/riseandwarm.com\\\/tr\\\/hakkimizda\\\/\",\"name\":\"Hakk\u0131m\u0131zda - Rise | Warm\",\"isPartOf\":{\"@id\":\"https:\\\/\\\/riseandwarm.com\\\/tr\\\/#website\"},\"primaryImageOfPage\":{\"@id\":\"https:\\\/\\\/riseandwarm.com\\\/tr\\\/hakkimizda\\\/#primaryimage\"},\"image\":{\"@id\":\"https:\\\/\\\/riseandwarm.com\\\/tr\\\/hakkimizda\\\/#primaryimage\"},\"thumbnailUrl\":\"https:\\\/\\\/riseandwarm.com\\\/wp-content\\\/uploads\\\/2024\\\/06\\\/HakkimizdaGorsel.jpg\",\"datePublished\":\"2021-10-12T15:51:09+00:00\",\"dateModified\":\"2025-04-12T19:26:45+00:00\",\"breadcrumb\":{\"@id\":\"https:\\\/\\\/riseandwarm.com\\\/tr\\\/hakkimizda\\\/#breadcrumb\"},\"inLanguage\":\"tr\",\"potentialAction\":[{\"@type\":\"ReadAction\",\"target\":[\"https:\\\/\\\/riseandwarm.com\\\/tr\\\/hakkimizda\\\/\"]}]},{\"@type\":\"ImageObject\",\"inLanguage\":\"tr\",\"@id\":\"https:\\\/\\\/riseandwarm.com\\\/tr\\\/hakkimizda\\\/#primaryimage\",\"url\":\"https:\\\/\\\/riseandwarm.com\\\/wp-content\\\/uploads\\\/2024\\\/06\\\/HakkimizdaGorsel.jpg\",\"contentUrl\":\"https:\\\/\\\/riseandwarm.com\\\/wp-content\\\/uploads\\\/2024\\\/06\\\/HakkimizdaGorsel.jpg\"},{\"@type\":\"BreadcrumbList\",\"@id\":\"https:\\\/\\\/riseandwarm.com\\\/tr\\\/hakkimizda\\\/#breadcrumb\",\"itemListElement\":[{\"@type\":\"ListItem\",\"position\":1,\"name\":\"Home\",\"item\":\"https:\\\/\\\/riseandwarm.com\\\/tr\\\/\"},{\"@type\":\"ListItem\",\"position\":2,\"name\":\"Hakk\u0131m\u0131zda\"}]},{\"@type\":\"WebSite\",\"@id\":\"https:\\\/\\\/riseandwarm.com\\\/tr\\\/#website\",\"url\":\"https:\\\/\\\/riseandwarm.com\\\/tr\\\/\",\"name\":\"Rise | Warm\",\"description\":\"Free your self\",\"potentialAction\":[{\"@type\":\"SearchAction\",\"target\":{\"@type\":\"EntryPoint\",\"urlTemplate\":\"https:\\\/\\\/riseandwarm.com\\\/tr\\\/?s={search_term_string}\"},\"query-input\":{\"@type\":\"PropertyValueSpecification\",\"valueRequired\":true,\"valueName\":\"search_term_string\"}}],\"inLanguage\":\"tr\"}]}<\/script>\n<!-- \/ Yoast SEO plugin. -->","yoast_head_json":{"title":"Hakk\u0131m\u0131zda - Rise | Warm","robots":{"index":"index","follow":"follow","max-snippet":"max-snippet:-1","max-image-preview":"max-image-preview:large","max-video-preview":"max-video-preview:-1"},"canonical":"https:\/\/riseandwarm.com\/tr\/hakkimizda\/","og_locale":"tr_TR","og_type":"article","og_title":"Hakk\u0131m\u0131zda - Rise | Warm","og_description":"Rise &amp; Warm Unutulmaz Anlar\u0131n\u0131z \u0130\u00e7in Zarafet ve \u00d6zg\u00fcven 2020 y\u0131l\u0131nda kurulan Rise and Warm, moda d\u00fcnyas\u0131nda kendine \u00f6zg\u00fc bir","og_url":"https:\/\/riseandwarm.com\/tr\/hakkimizda\/","og_site_name":"Rise | Warm","article_modified_time":"2025-04-12T19:26:45+00:00","og_image":[{"url":"https:\/\/riseandwarm.com\/wp-content\/uploads\/2024\/06\/HakkimizdaGorsel.jpg","type":"","width":"","height":""}],"twitter_card":"summary_large_image","twitter_misc":{"Tahmini okuma s\u00fcresi":"2 dakika"},"schema":{"@context":"https:\/\/schema.org","@graph":[{"@type":"WebPage","@id":"https:\/\/riseandwarm.com\/tr\/hakkimizda\/","url":"https:\/\/riseandwarm.com\/tr\/hakkimizda\/","name":"Hakk\u0131m\u0131zda - Rise | Warm","isPartOf":{"@id":"https:\/\/riseandwarm.com\/tr\/#website"},"primaryImageOfPage":{"@id":"https:\/\/riseandwarm.com\/tr\/hakkimizda\/#primaryimage"},"image":{"@id":"https:\/\/riseandwarm.com\/tr\/hakkimizda\/#primaryimage"},"thumbnailUrl":"https:\/\/riseandwarm.com\/wp-content\/uploads\/2024\/06\/HakkimizdaGorsel.jpg","datePublished":"2021-10-12T15:51:09+00:00","dateModified":"2025-04-12T19:26:45+00:00","breadcrumb":{"@id":"https:\/\/riseandwarm.com\/tr\/hakkimizda\/#breadcrumb"},"inLanguage":"tr","potentialAction":[{"@type":"ReadAction","target":["https:\/\/riseandwarm.com\/tr\/hakkimizda\/"]}]},{"@type":"ImageObject","inLanguage":"tr","@id":"https:\/\/riseandwarm.com\/tr\/hakkimizda\/#primaryimage","url":"https:\/\/riseandwarm.com\/wp-content\/uploads\/2024\/06\/HakkimizdaGorsel.jpg","contentUrl":"https:\/\/riseandwarm.com\/wp-content\/uploads\/2024\/06\/HakkimizdaGorsel.jpg"},{"@type":"BreadcrumbList","@id":"https:\/\/riseandwarm.com\/tr\/hakkimizda\/#breadcrumb","itemListElement":[{"@type":"ListItem","position":1,"name":"Home","item":"https:\/\/riseandwarm.com\/tr\/"},{"@type":"ListItem","position":2,"name":"Hakk\u0131m\u0131zda"}]},{"@type":"WebSite","@id":"https:\/\/riseandwarm.com\/tr\/#website","url":"https:\/\/riseandwarm.com\/tr\/","name":"Rise | Warm","description":"Free your self","potentialAction":[{"@type":"SearchAction","target":{"@type":"EntryPoint","urlTemplate":"https:\/\/riseandwarm.com\/tr\/?s={search_term_string}"},"query-input":{"@type":"PropertyValueSpecification","valueRequired":true,"valueName":"search_term_string"}}],"inLanguage":"tr"}]}},"_links":{"self":[{"href":"https:\/\/riseandwarm.com\/tr\/wp-json\/wp\/v2\/pages\/8008","targetHints":{"allow":["GET"]}}],"collection":[{"href":"https:\/\/riseandwarm.com\/tr\/wp-json\/wp\/v2\/pages"}],"about":[{"href":"https:\/\/riseandwarm.com\/tr\/wp-json\/wp\/v2\/types\/page"}],"author":[{"embeddable":true,"href":"https:\/\/riseandwarm.com\/tr\/wp-json\/wp\/v2\/users\/1"}],"replies":[{"embeddable":true,"href":"https:\/\/riseandwarm.com\/tr\/wp-json\/wp\/v2\/comments?post=8008"}],"version-history":[{"count":24,"href":"https:\/\/riseandwarm.com\/tr\/wp-json\/wp\/v2\/pages\/8008\/revisions"}],"predecessor-version":[{"id":23752,"href":"https:\/\/riseandwarm.com\/tr\/wp-json\/wp\/v2\/pages\/8008\/revisions\/23752"}],"wp:attachment":[{"href":"https:\/\/riseandwarm.com\/tr\/wp-json\/wp\/v2\/media?parent=8008"}],"curies":[{"name":"wp","href":"https:\/\/api.w.org\/{rel}","templated":true}]}}