{"id":265,"date":"2018-08-28T13:32:55","date_gmt":"2018-08-28T13:32:55","guid":{"rendered":"http:\/\/spab-rice.com\/wordpress\/kona\/demo\/?page_id=265"},"modified":"2025-05-03T18:11:55","modified_gmt":"2025-05-03T18:11:55","slug":"genel-hukumler","status":"publish","type":"page","link":"https:\/\/riseandwarm.com\/tr\/genel-hukumler\/","title":{"rendered":"Genel H\u00fck\u00fcmler"},"content":{"rendered":"\n<h1 class=\"wp-block-heading\"><span style=\"font-family: Helvetica Neue; font-size: medium;\"><b>Genel H\u00fck\u00fcmler ve Kullan\u0131m \u015eartlar\u0131<\/b><\/span><\/h1>\n\n\n\n<p>Bu web sitesi, Amerika Birle\u015fik Devletleri\u2019nde kay\u0131tl\u0131&nbsp;<strong>RISE AND WARM LLC<\/strong>&nbsp;(\u201cRise &amp; Warm\u201d veya \u201cbiz\u201d) taraf\u0131ndan i\u015fletilmektedir. Site genelinde ge\u00e7en \u201cbiz\u201d, \u201cbize\u201d ve \u201cbizim\u201d ifadeleri Rise &amp; Warm\u2019\u0131 temsil eder. Rise &amp; Warm, bu web sitesini, i\u00e7erisindeki t\u00fcm bilgi, ara\u00e7 ve hizmetlerle birlikte; burada belirtilen t\u00fcm ko\u015ful, politika ve bildirimleri kabul etmeniz kayd\u0131yla size (kullan\u0131c\u0131ya) sunmaktad\u0131r.<\/p>\n\n\n\n<p>Sitemizi ziyaret ederek ve\/veya bizden bir \u00fcr\u00fcn sat\u0131n alarak, \u201cHizmet\u201d kapsam\u0131na girer ve a\u015fa\u011f\u0131da belirtilen&nbsp;<strong>Kullan\u0131m Ko\u015fullar\u0131<\/strong>&nbsp;(\u201cHizmet Ko\u015fullar\u0131\u201d veya \u201cKo\u015fullar\u201d) ile ba\u011flant\u0131l\u0131 ek politika ve \u015fartlara ba\u011fl\u0131 oldu\u011funuzu kabul etmi\u015f olursunuz.<\/p>\n\n\n\n<p>Bu Ko\u015fullar; siteyi kullanan t\u00fcm ziyaret\u00e7iler, m\u00fc\u015fteriler, sat\u0131c\u0131lar, i\u015f ortaklar\u0131 ve i\u00e7erik sa\u011flay\u0131c\u0131lar\u0131 i\u00e7in ge\u00e7erlidir.<\/p>\n\n\n\n<p>L\u00fctfen sitemizi kullanmadan \u00f6nce bu Hizmet Ko\u015fullar\u0131\u2019n\u0131 dikkatlice okuyunuz. Sitenin herhangi bir b\u00f6l\u00fcm\u00fcne eri\u015fmeniz veya kullanman\u0131z, bu \u015fartlar\u0131 kabul etti\u011finiz anlam\u0131na gelir. T\u00fcm \u015fartlar\u0131 kabul etmiyorsan\u0131z, siteyi kullanman\u0131z ya da herhangi bir hizmetten faydalanman\u0131z m\u00fcmk\u00fcn de\u011fildir.<\/p>\n\n\n\n<p>Rise &amp; Warm, bu sayfada yapaca\u011f\u0131 g\u00fcncellemeler yoluyla Hizmet Ko\u015fullar\u0131\u2019n\u0131n herhangi bir b\u00f6l\u00fcm\u00fcn\u00fc de\u011fi\u015ftirme hakk\u0131n\u0131 sakl\u0131 tutar. Bu de\u011fi\u015fiklikleri d\u00fczenli olarak takip etmek kullan\u0131c\u0131lar\u0131n sorumlulu\u011fundad\u0131r.<\/p>\n\n\n\n<h3 class=\"wp-block-heading\"><strong>\u00d6deme Sa\u011flay\u0131c\u0131s\u0131:<\/strong><\/h3>\n\n\n\n<p>Web sitemiz \u00fczerinden yap\u0131lan \u00f6demeler,&nbsp;<strong>Stripe Payments<\/strong>&nbsp;altyap\u0131s\u0131 ile g\u00fcvenli bir \u015fekilde i\u015flenmektedir. T\u00fcm \u00f6deme bilgileri SSL \u015fifreleme teknolojisi ile korunmaktad\u0131r.<\/p>\n\n\n\n<h3 class=\"wp-block-heading\"><strong>1. B\u00d6L\u00dcM \u2013 ONLINE MA\u011eAZA KO\u015eULLARI<\/strong><\/h3>\n\n\n\n<p>Bu \u015fartlar\u0131 kabul ederek, bulundu\u011funuz eyalet veya b\u00f6lgede re\u015fit oldu\u011funuzu ya da re\u015fit olmayan bireylerin bu siteyi kullanmalar\u0131na onay verdi\u011finizi beyan etmi\u015f olursunuz.<\/p>\n\n\n\n<p>\u00dcr\u00fcnlerimizi yasal olmayan ama\u00e7larla veya yetkisiz bir \u015fekilde kullanamazs\u0131n\u0131z. Kullan\u0131m s\u0131ras\u0131nda ge\u00e7erli olan yasa ve d\u00fczenlemeleri (\u00f6rne\u011fin telif hakk\u0131 yasalar\u0131) ihlal edemezsiniz.<\/p>\n\n\n\n<h3 class=\"wp-block-heading\"><strong>2. B\u00d6L\u00dcM \u2013 GENEL KO\u015eULLAR<\/strong><\/h3>\n\n\n\n<p>Herhangi bir nedenle, herhangi bir zamanda, herhangi bir ki\u015fiye hizmet sunmay\u0131 reddetme hakk\u0131m\u0131z sakl\u0131d\u0131r.<br>Hizmetin herhangi bir b\u00f6l\u00fcm\u00fcn\u00fc, yaz\u0131l\u0131 onay\u0131m\u0131z olmadan kopyalamamay\u0131, satmamay\u0131 veya suistimal etmemeyi kabul etmi\u015f olursunuz.<\/p>\n\n\n\n<h3 class=\"wp-block-heading\"><strong>3. B\u00d6L\u00dcM \u2013 B\u0130LG\u0130LER\u0130N DO\u011eRULU\u011eU VE G\u00dcNCELL\u0130\u011e\u0130<\/strong><\/h3>\n\n\n\n<p>Sitemizde yer alan bilgilerin do\u011fru, eksiksiz ya da g\u00fcncel olmamas\u0131ndan kaynakl\u0131 sorumluluk kabul etmeyiz.<br>Payla\u015f\u0131lan i\u00e7erikler yaln\u0131zca genel bilgi ama\u00e7l\u0131d\u0131r ve tek karar kayna\u011f\u0131 olarak kullan\u0131lmamal\u0131d\u0131r.<\/p>\n\n\n\n<h3 class=\"wp-block-heading\"><strong>4. B\u00d6L\u00dcM \u2013 H\u0130ZMET VE F\u0130YAT DE\u011e\u0130\u015e\u0130KL\u0130KLER\u0130<\/strong><\/h3>\n\n\n\n<p>\u00dcr\u00fcn fiyatlar\u0131 \u00f6nceden haber verilmeksizin de\u011fi\u015ftirilebilir.<br>Hizmeti ya da herhangi bir i\u00e7eri\u011fi, herhangi bir zamanda de\u011fi\u015ftirme veya sonland\u0131rma hakk\u0131m\u0131z sakl\u0131d\u0131r.<\/p>\n\n\n\n<h3 class=\"wp-block-heading\"><strong>5. B\u00d6L\u00dcM \u2013 \u00dcR\u00dcNLER VE H\u0130ZMETLER<\/strong><\/h3>\n\n\n\n<p>Baz\u0131 \u00fcr\u00fcn veya hizmetler sadece web sitemiz \u00fczerinden \u00e7evrimi\u00e7i olarak sunulabilir.<br>Bu \u00fcr\u00fcnler s\u0131n\u0131rl\u0131 stokla sunulur ve yaln\u0131zca&nbsp;<strong>\u0130ade Politikam\u0131z<\/strong>&nbsp;\u00e7er\u00e7evesinde iade ya da de\u011fi\u015fim hakk\u0131na sahiptir.<\/p>\n\n\n\n<h3 class=\"wp-block-heading\"><strong>6. B\u00d6L\u00dcM \u2013 FATURALAMA VE HESAP B\u0130LG\u0130LER\u0130<\/strong><\/h3>\n\n\n\n<p>Ma\u011fazam\u0131zdan al\u0131\u015fveri\u015f yaparken, do\u011fru ve g\u00fcncel fatura ve hesap bilgilerini payla\u015fmay\u0131 kabul etmi\u015f olursunuz.<\/p>\n\n\n\n<h3 class=\"wp-block-heading\"><strong>7. B\u00d6L\u00dcM \u2013 OPS\u0130YONEL ARA\u00c7LAR<\/strong><\/h3>\n\n\n\n<p>Size, \u00fc\u00e7\u00fcnc\u00fc taraflarca sa\u011flanan ara\u00e7lara eri\u015fim sunabiliriz. Bu ara\u00e7lar \u00fczerinde herhangi bir kontrol\u00fcm\u00fcz veya m\u00fcdahalemiz bulunmamaktad\u0131r.<br>Bu t\u00fcr ara\u00e7lar\u0131 kullan\u0131m\u0131n\u0131z tamamen kendi sorumlulu\u011funuzdad\u0131r.<\/p>\n\n\n\n<h3 class=\"wp-block-heading\"><strong>8. B\u00d6L\u00dcM \u2013 \u00dc\u00c7\u00dcNC\u00dc TARAF BA\u011eLANTILARI<\/strong><\/h3>\n\n\n\n<p>Hizmetimiz kapsam\u0131nda sunulan baz\u0131 i\u00e7erikler, \u00fcr\u00fcnler veya hizmetler \u00fc\u00e7\u00fcnc\u00fc taraflara ait olabilir.<br>Bu i\u00e7eriklerin do\u011frulu\u011fu ve g\u00fcvenilirli\u011fi taraf\u0131m\u0131zdan garanti edilmez; hi\u00e7bir sorumluluk kabul edilmez.<\/p>\n\n\n\n<h3 class=\"wp-block-heading\"><strong>9. B\u00d6L\u00dcM \u2013 KULLANICI YORUMLARI VE GER\u0130 B\u0130LD\u0130R\u0130MLER\u0130<\/strong><\/h3>\n\n\n\n<p>Talebimizle ya da kendi inisiyatifinizle g\u00f6nderdi\u011finiz her t\u00fcrl\u00fc fikir, \u00f6neri, plan, i\u00e7erik ya da yorum \u00fczerinde; d\u00fczenleme, yay\u0131nlama, \u00e7o\u011faltma ve da\u011f\u0131t\u0131m gibi t\u00fcm haklara s\u0131n\u0131rs\u0131z \u015fekilde sahip oldu\u011fumuzu kabul etmi\u015f say\u0131l\u0131rs\u0131n\u0131z.<\/p>\n\n\n\n<h3 class=\"wp-block-heading\"><strong>10. B\u00d6L\u00dcM \u2013 K\u0130\u015e\u0130SEL B\u0130LG\u0130LER<\/strong><\/h3>\n\n\n\n<p>Ma\u011fazam\u0131z \u00fczerinden sundu\u011funuz ki\u015fisel bilgiler,&nbsp;<strong>Gizlilik Politikam\u0131z<\/strong>&nbsp;kapsam\u0131nda i\u015flenir.<\/p>\n\n\n\n<h3 class=\"wp-block-heading\"><strong>11. B\u00d6L\u00dcM \u2013 YASAKLANMI\u015e KULLANIMLAR<\/strong><\/h3>\n\n\n\n<p>Siteyi veya i\u00e7eri\u011fini yasa d\u0131\u015f\u0131 ama\u00e7larla, doland\u0131r\u0131c\u0131l\u0131k giri\u015fimleriyle ya da herhangi bir yerel, ulusal veya uluslararas\u0131 kanunu ihlal edecek \u015fekilde kullanman\u0131z kesinlikle yasakt\u0131r.<\/p>\n\n\n\n<h3 class=\"wp-block-heading\"><strong>12. B\u00d6L\u00dcM \u2013 GARANT\u0130 REDD\u0130 VE SORUMLULUK SINIRI<\/strong><\/h3>\n\n\n\n<p>Hizmetimizin kesintisiz, g\u00fcvenli veya hatas\u0131z olaca\u011f\u0131na dair hi\u00e7bir garanti verilmemektedir.<br>Hizmeti kullan\u0131m\u0131n\u0131z (veya kullanamaman\u0131z), tamamen sizin sorumlulu\u011funuzdad\u0131r.<\/p>\n\n\n\n<h3 class=\"wp-block-heading\"><strong>13. B\u00d6L\u00dcM \u2013 TAZM\u0130NAT<\/strong><\/h3>\n\n\n\n<p>Rise &amp; Warm LLC ve t\u00fcm ba\u011fl\u0131 kurulu\u015flar\u0131n\u0131, \u00e7al\u0131\u015fanlar\u0131n\u0131, y\u00f6neticilerini ve servis sa\u011flay\u0131c\u0131lar\u0131n\u0131; bu \u015fartlara ayk\u0131r\u0131 kullan\u0131m\u0131n\u0131zdan kaynaklanan her t\u00fcrl\u00fc iddia ve talepten muaf tutmay\u0131 kabul etmi\u015f olursunuz.<\/p>\n\n\n\n<h3 class=\"wp-block-heading\"><strong>14. B\u00d6L\u00dcM \u2013 B\u00d6L\u00dcNEB\u0130L\u0130RL\u0130K<\/strong><\/h3>\n\n\n\n<p>Bu Ko\u015fullarda yer alan herhangi bir h\u00fckm\u00fcn yasalara ayk\u0131r\u0131 veya uygulanamaz olmas\u0131, di\u011fer h\u00fck\u00fcmlerin ge\u00e7erlili\u011fini etkilemez.<\/p>\n\n\n\n<h3 class=\"wp-block-heading\"><strong>15. B\u00d6L\u00dcM \u2013 FES\u0130H<\/strong><\/h3>\n\n\n\n<p>S\u00f6zle\u015fme sona erse bile, taraflar\u0131n \u00f6nceden do\u011fan y\u00fck\u00fcml\u00fcl\u00fckleri ge\u00e7erlili\u011fini korur.<br>\u015eartlar\u0131 ihlal etmeniz durumunda, hizmete eri\u015fiminiz taraf\u0131m\u0131zca sonland\u0131r\u0131labilir.<\/p>\n\n\n\n<h3 class=\"wp-block-heading\"><strong>16. B\u00d6L\u00dcM \u2013 TAM ANLA\u015eMA<\/strong><\/h3>\n\n\n\n<p>Bu \u015fartlar ve bizim taraf\u0131m\u0131zdan yay\u0131nlanan di\u011fer politikalar, sizinle aram\u0131zdaki tam ve tek ba\u011flay\u0131c\u0131 s\u00f6zle\u015fmeyi olu\u015fturur.<\/p>\n\n\n\n<h3 class=\"wp-block-heading\"><strong>17. B\u00d6L\u00dcM \u2013 GE\u00c7ERL\u0130 HUKUK<\/strong><\/h3>\n\n\n\n<p>Bu Hizmet Ko\u015fullar\u0131 ve taraflar aras\u0131nda yap\u0131lacak di\u011fer s\u00f6zle\u015fmeler, Amerika Birle\u015fik Devletleri yasalar\u0131na tabidir ve bu yasalar kapsam\u0131nda yorumlanacakt\u0131r.<\/p>\n\n\n\n<h3 class=\"wp-block-heading\"><strong>\u0130LET\u0130\u015e\u0130M B\u0130LG\u0130LER\u0130<\/strong><\/h3>\n\n\n\n<p>Hizmet Ko\u015fullar\u0131 ile ilgili her t\u00fcrl\u00fc soru i\u00e7in bizimle ileti\u015fime ge\u00e7ebilirsiniz:<br>\ud83d\udce7&nbsp;<strong><a><\/a><a href=\"mailto:info@riseandwarm.com\">info@riseandwarm.com<\/a><\/strong><\/p>\n","protected":false},"excerpt":{"rendered":"<p>Genel H\u00fck\u00fcmler ve Kullan\u0131m \u015eartlar\u0131 Bu web sitesi, Amerika Birle\u015fik Devletleri\u2019nde kay\u0131tl\u0131&nbsp;RISE AND WARM LLC&nbsp;(\u201cRise &amp; Warm\u201d veya \u201cbiz\u201d) taraf\u0131ndan<\/p>\n","protected":false},"author":1,"featured_media":0,"parent":0,"menu_order":0,"comment_status":"closed","ping_status":"closed","template":"elementor_header_footer","meta":{"footnotes":""},"class_list":["post-265","page","type-page","status-publish","hentry"],"yoast_head":"<!-- This site is optimized with the Yoast SEO plugin v27.5 - https:\/\/yoast.com\/product\/yoast-seo-wordpress\/ -->\n<title>Genel H\u00fck\u00fcmler - Rise | Warm<\/title>\n<meta name=\"robots\" content=\"index, follow, max-snippet:-1, max-image-preview:large, max-video-preview:-1\" \/>\n<link rel=\"canonical\" href=\"https:\/\/riseandwarm.com\/tr\/genel-hukumler\/\" \/>\n<meta property=\"og:locale\" content=\"tr_TR\" \/>\n<meta property=\"og:type\" content=\"article\" \/>\n<meta property=\"og:title\" content=\"Genel H\u00fck\u00fcmler - Rise | Warm\" \/>\n<meta property=\"og:description\" content=\"Genel H\u00fck\u00fcmler ve Kullan\u0131m \u015eartlar\u0131 Bu web sitesi, Amerika Birle\u015fik Devletleri\u2019nde kay\u0131tl\u0131&nbsp;RISE AND WARM LLC&nbsp;(\u201cRise &amp; Warm\u201d veya \u201cbiz\u201d) taraf\u0131ndan\" \/>\n<meta property=\"og:url\" content=\"https:\/\/riseandwarm.com\/tr\/genel-hukumler\/\" \/>\n<meta property=\"og:site_name\" content=\"Rise | Warm\" \/>\n<meta property=\"article:modified_time\" content=\"2025-05-03T18:11:55+00:00\" \/>\n<meta name=\"twitter:card\" content=\"summary_large_image\" \/>\n<meta name=\"twitter:label1\" content=\"Tahmini okuma s\u00fcresi\" \/>\n\t<meta name=\"twitter:data1\" content=\"3 dakika\" \/>\n<script type=\"application\/ld+json\" class=\"yoast-schema-graph\">{\"@context\":\"https:\\\/\\\/schema.org\",\"@graph\":[{\"@type\":\"WebPage\",\"@id\":\"https:\\\/\\\/riseandwarm.com\\\/tr\\\/genel-hukumler\\\/\",\"url\":\"https:\\\/\\\/riseandwarm.com\\\/tr\\\/genel-hukumler\\\/\",\"name\":\"Genel H\u00fck\u00fcmler - Rise | Warm\",\"isPartOf\":{\"@id\":\"https:\\\/\\\/riseandwarm.com\\\/tr\\\/#website\"},\"datePublished\":\"2018-08-28T13:32:55+00:00\",\"dateModified\":\"2025-05-03T18:11:55+00:00\",\"breadcrumb\":{\"@id\":\"https:\\\/\\\/riseandwarm.com\\\/tr\\\/genel-hukumler\\\/#breadcrumb\"},\"inLanguage\":\"tr\",\"potentialAction\":[{\"@type\":\"ReadAction\",\"target\":[\"https:\\\/\\\/riseandwarm.com\\\/tr\\\/genel-hukumler\\\/\"]}]},{\"@type\":\"BreadcrumbList\",\"@id\":\"https:\\\/\\\/riseandwarm.com\\\/tr\\\/genel-hukumler\\\/#breadcrumb\",\"itemListElement\":[{\"@type\":\"ListItem\",\"position\":1,\"name\":\"Home\",\"item\":\"https:\\\/\\\/riseandwarm.com\\\/tr\\\/\"},{\"@type\":\"ListItem\",\"position\":2,\"name\":\"Genel H\u00fck\u00fcmler\"}]},{\"@type\":\"WebSite\",\"@id\":\"https:\\\/\\\/riseandwarm.com\\\/tr\\\/#website\",\"url\":\"https:\\\/\\\/riseandwarm.com\\\/tr\\\/\",\"name\":\"Rise | Warm\",\"description\":\"Free your self\",\"potentialAction\":[{\"@type\":\"SearchAction\",\"target\":{\"@type\":\"EntryPoint\",\"urlTemplate\":\"https:\\\/\\\/riseandwarm.com\\\/tr\\\/?s={search_term_string}\"},\"query-input\":{\"@type\":\"PropertyValueSpecification\",\"valueRequired\":true,\"valueName\":\"search_term_string\"}}],\"inLanguage\":\"tr\"}]}<\/script>\n<!-- \/ Yoast SEO plugin. -->","yoast_head_json":{"title":"Genel H\u00fck\u00fcmler - Rise | Warm","robots":{"index":"index","follow":"follow","max-snippet":"max-snippet:-1","max-image-preview":"max-image-preview:large","max-video-preview":"max-video-preview:-1"},"canonical":"https:\/\/riseandwarm.com\/tr\/genel-hukumler\/","og_locale":"tr_TR","og_type":"article","og_title":"Genel H\u00fck\u00fcmler - Rise | Warm","og_description":"Genel H\u00fck\u00fcmler ve Kullan\u0131m \u015eartlar\u0131 Bu web sitesi, Amerika Birle\u015fik Devletleri\u2019nde kay\u0131tl\u0131&nbsp;RISE AND WARM LLC&nbsp;(\u201cRise &amp; Warm\u201d veya \u201cbiz\u201d) taraf\u0131ndan","og_url":"https:\/\/riseandwarm.com\/tr\/genel-hukumler\/","og_site_name":"Rise | Warm","article_modified_time":"2025-05-03T18:11:55+00:00","twitter_card":"summary_large_image","twitter_misc":{"Tahmini okuma s\u00fcresi":"3 dakika"},"schema":{"@context":"https:\/\/schema.org","@graph":[{"@type":"WebPage","@id":"https:\/\/riseandwarm.com\/tr\/genel-hukumler\/","url":"https:\/\/riseandwarm.com\/tr\/genel-hukumler\/","name":"Genel H\u00fck\u00fcmler - Rise | Warm","isPartOf":{"@id":"https:\/\/riseandwarm.com\/tr\/#website"},"datePublished":"2018-08-28T13:32:55+00:00","dateModified":"2025-05-03T18:11:55+00:00","breadcrumb":{"@id":"https:\/\/riseandwarm.com\/tr\/genel-hukumler\/#breadcrumb"},"inLanguage":"tr","potentialAction":[{"@type":"ReadAction","target":["https:\/\/riseandwarm.com\/tr\/genel-hukumler\/"]}]},{"@type":"BreadcrumbList","@id":"https:\/\/riseandwarm.com\/tr\/genel-hukumler\/#breadcrumb","itemListElement":[{"@type":"ListItem","position":1,"name":"Home","item":"https:\/\/riseandwarm.com\/tr\/"},{"@type":"ListItem","position":2,"name":"Genel H\u00fck\u00fcmler"}]},{"@type":"WebSite","@id":"https:\/\/riseandwarm.com\/tr\/#website","url":"https:\/\/riseandwarm.com\/tr\/","name":"Rise | Warm","description":"Free your self","potentialAction":[{"@type":"SearchAction","target":{"@type":"EntryPoint","urlTemplate":"https:\/\/riseandwarm.com\/tr\/?s={search_term_string}"},"query-input":{"@type":"PropertyValueSpecification","valueRequired":true,"valueName":"search_term_string"}}],"inLanguage":"tr"}]}},"_links":{"self":[{"href":"https:\/\/riseandwarm.com\/tr\/wp-json\/wp\/v2\/pages\/265","targetHints":{"allow":["GET"]}}],"collection":[{"href":"https:\/\/riseandwarm.com\/tr\/wp-json\/wp\/v2\/pages"}],"about":[{"href":"https:\/\/riseandwarm.com\/tr\/wp-json\/wp\/v2\/types\/page"}],"author":[{"embeddable":true,"href":"https:\/\/riseandwarm.com\/tr\/wp-json\/wp\/v2\/users\/1"}],"replies":[{"embeddable":true,"href":"https:\/\/riseandwarm.com\/tr\/wp-json\/wp\/v2\/comments?post=265"}],"version-history":[{"count":4,"href":"https:\/\/riseandwarm.com\/tr\/wp-json\/wp\/v2\/pages\/265\/revisions"}],"predecessor-version":[{"id":23852,"href":"https:\/\/riseandwarm.com\/tr\/wp-json\/wp\/v2\/pages\/265\/revisions\/23852"}],"wp:attachment":[{"href":"https:\/\/riseandwarm.com\/tr\/wp-json\/wp\/v2\/media?parent=265"}],"curies":[{"name":"wp","href":"https:\/\/api.w.org\/{rel}","templated":true}]}}