{"id":23242,"date":"2024-06-21T23:43:14","date_gmt":"2024-06-21T23:43:14","guid":{"rendered":"https:\/\/riseandwarm.com\/?page_id=23242"},"modified":"2025-05-03T19:44:56","modified_gmt":"2025-05-03T19:44:56","slug":"dunya-capinda-gonderi","status":"publish","type":"page","link":"https:\/\/riseandwarm.com\/tr\/dunya-capinda-gonderi\/","title":{"rendered":"D\u00fcnya \u00c7ap\u0131nda G\u00f6nderi"},"content":{"rendered":"\t\t<div data-elementor-type=\"wp-page\" data-elementor-id=\"23242\" class=\"elementor elementor-23242\">\n\t\t\t\t<div class=\"elementor-element elementor-element-63d9523 e-flex e-con-boxed e-con e-parent\" data-id=\"63d9523\" data-element_type=\"container\" data-e-type=\"container\">\n\t\t\t\t\t<div class=\"e-con-inner\">\n\t\t<div class=\"elementor-element elementor-element-5a1cd99 e-con-full e-flex e-con e-child\" data-id=\"5a1cd99\" data-element_type=\"container\" data-e-type=\"container\">\n\t\t\t\t<\/div>\n\t\t<div class=\"elementor-element elementor-element-f153474 e-con-full e-flex e-con e-child\" data-id=\"f153474\" data-element_type=\"container\" data-e-type=\"container\">\n\t\t\t\t<div class=\"elementor-element elementor-element-42da471 elementor-widget elementor-widget-heading\" data-id=\"42da471\" data-element_type=\"widget\" data-e-type=\"widget\" data-widget_type=\"heading.default\">\n\t\t\t\t<div class=\"elementor-widget-container\">\n\t\t\t\t\t<h2 class=\"elementor-heading-title elementor-size-default\">D\u00fcnya \u00c7ap\u0131nda G\u00f6nderi\n<\/h2>\t\t\t\t<\/div>\n\t\t\t\t<\/div>\n\t\t\t\t<div class=\"elementor-element elementor-element-8fb5328 elementor-widget elementor-widget-wd_text_block\" data-id=\"8fb5328\" data-element_type=\"widget\" data-e-type=\"widget\" data-widget_type=\"wd_text_block.default\">\n\t\t\t\t<div class=\"elementor-widget-container\">\n\t\t\t\t\t\t\t<div class=\"wd-text-block reset-last-child text-left\">\n\t\t\t\n\t\t\t<p data-start=\"168\" data-end=\"387\">Rise &amp; Warm olarak, t\u00fcm sipari\u015flerde\u00a0<strong data-start=\"205\" data-end=\"238\">d\u00fcnya geneline \u00fccretsiz kargo<\/strong> hizmeti sunmaktan gurur duyuyoruz. Nerede olursan\u0131z olun, sipari\u015finiz \u00f6zenle paketlenir ve size hi\u00e7bir ek \u00fccret al\u0131nmaks\u0131z\u0131n, g\u00fcvenle ula\u015ft\u0131r\u0131l\u0131r.<\/p><p data-start=\"389\" data-end=\"499\">Amac\u0131m\u0131z, d\u00fcnyan\u0131n her yerindeki m\u00fc\u015fterilerimiz i\u00e7in kusursuz ve ayr\u0131cal\u0131kl\u0131 bir al\u0131\u015fveri\u015f deneyimi sunmakt\u0131r.<\/p><p data-start=\"501\" data-end=\"604\">Her t\u00fcrl\u00fc soru veya destek talebiniz i\u00e7in m\u00fc\u015fteri hizmetleri ekibimizle ileti\u015fime ge\u00e7mekten \u00e7ekinmeyin.<\/p><blockquote data-start=\"606\" data-end=\"701\"><p data-start=\"608\" data-end=\"701\"><strong data-start=\"608\" data-end=\"616\">Not:<\/strong>\u00a0Bulundu\u011funuz \u00fclkeye ba\u011fl\u0131 olarak, vergi ve g\u00fcmr\u00fck har\u00e7lar\u0131 de\u011fi\u015fkenlik g\u00f6sterebilir.<\/p><\/blockquote>\n\t\t\t\t\t<\/div>\n\t\t\t\t\t\t<\/div>\n\t\t\t\t<\/div>\n\t\t\t\t<\/div>\n\t\t<div class=\"elementor-element elementor-element-e09b211 e-con-full e-flex e-con e-child\" data-id=\"e09b211\" data-element_type=\"container\" data-e-type=\"container\">\n\t\t\t\t<\/div>\n\t\t\t\t\t<\/div>\n\t\t\t\t<\/div>\n\t\t\t\t<\/div>\n\t\t","protected":false},"excerpt":{"rendered":"<p>D\u00fcnya \u00c7ap\u0131nda G\u00f6nderi Rise &amp; Warm olarak, t\u00fcm sipari\u015flerde\u00a0d\u00fcnya geneline \u00fccretsiz kargo hizmeti sunmaktan gurur duyuyoruz. Nerede olursan\u0131z olun, sipari\u015finiz<\/p>\n","protected":false},"author":1,"featured_media":0,"parent":0,"menu_order":0,"comment_status":"closed","ping_status":"closed","template":"","meta":{"footnotes":""},"class_list":["post-23242","page","type-page","status-publish","hentry"],"yoast_head":"<!-- This site is optimized with the Yoast SEO plugin v27.4 - https:\/\/yoast.com\/product\/yoast-seo-wordpress\/ -->\n<title>D\u00fcnya \u00c7ap\u0131nda G\u00f6nderi - Rise | Warm<\/title>\n<meta name=\"robots\" content=\"index, follow, max-snippet:-1, max-image-preview:large, max-video-preview:-1\" \/>\n<link rel=\"canonical\" href=\"https:\/\/riseandwarm.com\/tr\/dunya-capinda-gonderi\/\" \/>\n<meta property=\"og:locale\" content=\"tr_TR\" \/>\n<meta property=\"og:type\" content=\"article\" \/>\n<meta property=\"og:title\" content=\"D\u00fcnya \u00c7ap\u0131nda G\u00f6nderi - Rise | Warm\" \/>\n<meta property=\"og:description\" content=\"D\u00fcnya \u00c7ap\u0131nda G\u00f6nderi Rise &amp; Warm olarak, t\u00fcm sipari\u015flerde\u00a0d\u00fcnya geneline \u00fccretsiz kargo hizmeti sunmaktan gurur duyuyoruz. Nerede olursan\u0131z olun, sipari\u015finiz\" \/>\n<meta property=\"og:url\" content=\"https:\/\/riseandwarm.com\/tr\/dunya-capinda-gonderi\/\" \/>\n<meta property=\"og:site_name\" content=\"Rise | Warm\" \/>\n<meta property=\"article:modified_time\" content=\"2025-05-03T19:44:56+00:00\" \/>\n<meta name=\"twitter:card\" content=\"summary_large_image\" \/>\n<meta name=\"twitter:label1\" content=\"Tahmini okuma s\u00fcresi\" \/>\n\t<meta name=\"twitter:data1\" content=\"1 dakika\" \/>\n<script type=\"application\/ld+json\" class=\"yoast-schema-graph\">{\"@context\":\"https:\\\/\\\/schema.org\",\"@graph\":[{\"@type\":\"WebPage\",\"@id\":\"https:\\\/\\\/riseandwarm.com\\\/tr\\\/dunya-capinda-gonderi\\\/\",\"url\":\"https:\\\/\\\/riseandwarm.com\\\/tr\\\/dunya-capinda-gonderi\\\/\",\"name\":\"D\u00fcnya \u00c7ap\u0131nda G\u00f6nderi - Rise | Warm\",\"isPartOf\":{\"@id\":\"https:\\\/\\\/riseandwarm.com\\\/tr\\\/#website\"},\"datePublished\":\"2024-06-21T23:43:14+00:00\",\"dateModified\":\"2025-05-03T19:44:56+00:00\",\"breadcrumb\":{\"@id\":\"https:\\\/\\\/riseandwarm.com\\\/tr\\\/dunya-capinda-gonderi\\\/#breadcrumb\"},\"inLanguage\":\"tr\",\"potentialAction\":[{\"@type\":\"ReadAction\",\"target\":[\"https:\\\/\\\/riseandwarm.com\\\/tr\\\/dunya-capinda-gonderi\\\/\"]}]},{\"@type\":\"BreadcrumbList\",\"@id\":\"https:\\\/\\\/riseandwarm.com\\\/tr\\\/dunya-capinda-gonderi\\\/#breadcrumb\",\"itemListElement\":[{\"@type\":\"ListItem\",\"position\":1,\"name\":\"Home\",\"item\":\"https:\\\/\\\/riseandwarm.com\\\/tr\\\/\"},{\"@type\":\"ListItem\",\"position\":2,\"name\":\"D\u00fcnya \u00c7ap\u0131nda G\u00f6nderi\"}]},{\"@type\":\"WebSite\",\"@id\":\"https:\\\/\\\/riseandwarm.com\\\/tr\\\/#website\",\"url\":\"https:\\\/\\\/riseandwarm.com\\\/tr\\\/\",\"name\":\"Rise | Warm\",\"description\":\"Free your self\",\"potentialAction\":[{\"@type\":\"SearchAction\",\"target\":{\"@type\":\"EntryPoint\",\"urlTemplate\":\"https:\\\/\\\/riseandwarm.com\\\/tr\\\/?s={search_term_string}\"},\"query-input\":{\"@type\":\"PropertyValueSpecification\",\"valueRequired\":true,\"valueName\":\"search_term_string\"}}],\"inLanguage\":\"tr\"}]}<\/script>\n<!-- \/ Yoast SEO plugin. -->","yoast_head_json":{"title":"D\u00fcnya \u00c7ap\u0131nda G\u00f6nderi - Rise | Warm","robots":{"index":"index","follow":"follow","max-snippet":"max-snippet:-1","max-image-preview":"max-image-preview:large","max-video-preview":"max-video-preview:-1"},"canonical":"https:\/\/riseandwarm.com\/tr\/dunya-capinda-gonderi\/","og_locale":"tr_TR","og_type":"article","og_title":"D\u00fcnya \u00c7ap\u0131nda G\u00f6nderi - Rise | Warm","og_description":"D\u00fcnya \u00c7ap\u0131nda G\u00f6nderi Rise &amp; Warm olarak, t\u00fcm sipari\u015flerde\u00a0d\u00fcnya geneline \u00fccretsiz kargo hizmeti sunmaktan gurur duyuyoruz. Nerede olursan\u0131z olun, sipari\u015finiz","og_url":"https:\/\/riseandwarm.com\/tr\/dunya-capinda-gonderi\/","og_site_name":"Rise | Warm","article_modified_time":"2025-05-03T19:44:56+00:00","twitter_card":"summary_large_image","twitter_misc":{"Tahmini okuma s\u00fcresi":"1 dakika"},"schema":{"@context":"https:\/\/schema.org","@graph":[{"@type":"WebPage","@id":"https:\/\/riseandwarm.com\/tr\/dunya-capinda-gonderi\/","url":"https:\/\/riseandwarm.com\/tr\/dunya-capinda-gonderi\/","name":"D\u00fcnya \u00c7ap\u0131nda G\u00f6nderi - Rise | Warm","isPartOf":{"@id":"https:\/\/riseandwarm.com\/tr\/#website"},"datePublished":"2024-06-21T23:43:14+00:00","dateModified":"2025-05-03T19:44:56+00:00","breadcrumb":{"@id":"https:\/\/riseandwarm.com\/tr\/dunya-capinda-gonderi\/#breadcrumb"},"inLanguage":"tr","potentialAction":[{"@type":"ReadAction","target":["https:\/\/riseandwarm.com\/tr\/dunya-capinda-gonderi\/"]}]},{"@type":"BreadcrumbList","@id":"https:\/\/riseandwarm.com\/tr\/dunya-capinda-gonderi\/#breadcrumb","itemListElement":[{"@type":"ListItem","position":1,"name":"Home","item":"https:\/\/riseandwarm.com\/tr\/"},{"@type":"ListItem","position":2,"name":"D\u00fcnya \u00c7ap\u0131nda G\u00f6nderi"}]},{"@type":"WebSite","@id":"https:\/\/riseandwarm.com\/tr\/#website","url":"https:\/\/riseandwarm.com\/tr\/","name":"Rise | Warm","description":"Free your self","potentialAction":[{"@type":"SearchAction","target":{"@type":"EntryPoint","urlTemplate":"https:\/\/riseandwarm.com\/tr\/?s={search_term_string}"},"query-input":{"@type":"PropertyValueSpecification","valueRequired":true,"valueName":"search_term_string"}}],"inLanguage":"tr"}]}},"_links":{"self":[{"href":"https:\/\/riseandwarm.com\/tr\/wp-json\/wp\/v2\/pages\/23242","targetHints":{"allow":["GET"]}}],"collection":[{"href":"https:\/\/riseandwarm.com\/tr\/wp-json\/wp\/v2\/pages"}],"about":[{"href":"https:\/\/riseandwarm.com\/tr\/wp-json\/wp\/v2\/types\/page"}],"author":[{"embeddable":true,"href":"https:\/\/riseandwarm.com\/tr\/wp-json\/wp\/v2\/users\/1"}],"replies":[{"embeddable":true,"href":"https:\/\/riseandwarm.com\/tr\/wp-json\/wp\/v2\/comments?post=23242"}],"version-history":[{"count":7,"href":"https:\/\/riseandwarm.com\/tr\/wp-json\/wp\/v2\/pages\/23242\/revisions"}],"predecessor-version":[{"id":23859,"href":"https:\/\/riseandwarm.com\/tr\/wp-json\/wp\/v2\/pages\/23242\/revisions\/23859"}],"wp:attachment":[{"href":"https:\/\/riseandwarm.com\/tr\/wp-json\/wp\/v2\/media?parent=23242"}],"curies":[{"name":"wp","href":"https:\/\/api.w.org\/{rel}","templated":true}]}}